{"id":1010,"date":"2022-10-03T15:19:25","date_gmt":"2022-10-03T12:19:25","guid":{"rendered":"http:\/\/ieu.university\/?page_id=1010"},"modified":"2025-01-06T12:38:53","modified_gmt":"2025-01-06T09:38:53","slug":"european-business-school-home","status":"publish","type":"page","link":"http:\/\/ieu.university\/de\/european-business-school-home\/","title":{"rendered":"Europ\u00e4ische Businessschule"},"content":{"rendered":"<h2>Europ\u00e4ische Businessschule<\/h2>\n<p><strong>Die European School of Business der International European University<\/strong> ist das neueste Bildungs- und Wissenschaftsinstitut mit der besten Tradition der Ausbildung hochqualifizierter und wettbewerbsf\u00e4higer Fachkr\u00e4fte mit umfassender Erfahrung in den Bereichen \u00d6konomen, Manager, Betriebswirte, Marketingfachleute, Buchhalter, Finanziers, Gesch\u00e4fts- und B\u00f6rsenorganisatoren, Technologen und Manager in den Bereichen Hotel, Gastronomie und Tourismus. Die Business School der IEU wendet die Methoden f\u00fchrender internationaler und europ\u00e4ischer Hochschulen und Wissenschaftseinrichtungen an und sieht <strong>die praktische Anwendung erworbener F\u00e4higkeiten, Fertigkeiten und Kompetenzen<\/strong> durch branchenf\u00fchrende Unternehmen als Schl\u00fcsselkomponente der Ausbildung an.<\/p>\n<p>Das Studium an der International European University hilft dabei, vorhandenes Wissen und Erfahrung zu <strong>systematisieren und bietet die M\u00f6glichkeit, die neuesten Managementtechnologien<\/strong> zu beherrschen. Der Lehrplan lehrt die Studierenden, innovative Ideen, Mechanismen und Werkzeuge effektiv anzuwenden. Die European Business School legt den Grundstein f\u00fcr eine erfolgreiche Zukunft, indem sie den Studierenden die F\u00e4higkeiten vermittelt, die sie ben\u00f6tigen, um in einem wettbewerbsorientierten Gesch\u00e4ftsumfeld erfolgreich zu sein. Trends und Fortschritten immer einen Schritt voraus zu sein, ist ein entscheidendes Merkmal eines erfolgreichen Gesch\u00e4ftsprofis, und diese Universit\u00e4t stellt sicher, dass ihre Absolventen diese Qualit\u00e4t verk\u00f6rpern.<\/p>\n<p>Die European School of Business an der International European University bietet <strong>jedem Studenten einen individuellen Ansatz<\/strong>. Der Lehrplan umfasst Fremdsprachenunterricht, der von einem starken und wissenschaftlich kompetenten Lehrpersonal erteilt wird. Internationale Studenten<strong> profitieren von M\u00f6glichkeiten f\u00fcr Praktika und Schulungen im Ausland<\/strong> sowie von gegenseitiger Bereicherung durch Interaktionen mit gleichgesinnten Kollegen, Lehrern, Gastdozenten, ausl\u00e4ndischen Experten und Praktikern. Die Schule nutzt interaktive Lehrmethoden und neue Informationstechnologien, um Gesch\u00e4ftsprobleme anhand virtueller Unternehmensbeispiele (Gr\u00fcnderzentren) zu l\u00f6sen. Studenten k\u00f6nnen aus einer breiten Palette von Berufen w\u00e4hlen und haben Zugriff auf eine umfangreiche Datenbank mit Informationsressourcen.<\/p>\n<p>Die European School of Business bietet Studenten zahlreiche M\u00f6glichkeiten zum erfahrungsbasierten Lernen. An der International European University k\u00f6nnen Studenten in <strong>Praktikumsprogrammen, Fallstudien, Gesch\u00e4ftssimulationen und Industrieprojekten theoretisches Wissen \u00fcber reale Situationen<\/strong> anwenden und so wertvolle praktische Erfahrungen sammeln. Die praktischen M\u00f6glichkeiten verbessern das Verst\u00e4ndnis der Studenten f\u00fcr Gesch\u00e4ftskonzepte und entwickeln gleichzeitig ihre F\u00e4higkeiten zur Probleml\u00f6sung, Teamarbeit und Kommunikation. Die International European University ist sich der Bedeutung eines starken beruflichen Netzwerks bewusst und organisiert Networking-Events, Karrieremessen und Gastvortr\u00e4ge mit Branchenf\u00fchrern, damit Studierende Kontakte zu Fachleuten kn\u00fcpfen und Einblicke in die Gesch\u00e4ftswelt gewinnen k\u00f6nnen.<\/p>\n<p>\u00dcber die grundlegenden betriebswirtschaftlichen Grundlagen hinaus konzentriert sich die European School of Business auf die <strong>Entwicklung der F\u00fchrungs- und Kommunikationsf\u00e4higkeiten der Studierenden<\/strong>. Die International European University erkennt an, dass F\u00fchrung f\u00fcr den Gesch\u00e4ftserfolg von entscheidender Bedeutung ist, und bietet Wirtschaftskurse an, die F\u00fchrungsqualit\u00e4ten durch Teamprojekte, Fallstudien und erfahrungsbasiertes Lernen f\u00f6rdern. Die F\u00f6rderung von Innovation und Unternehmertum ist das wichtigste Ziel der European School of Business. Die Universit\u00e4t stattet Studierende mit Werkzeugen und Ressourcen aus, die sie zur Entwicklung <strong>neuer Produkte, Dienstleistungen und Gesch\u00e4ftsmodelle <\/strong>ben\u00f6tigen. Die International European University f\u00f6rdert Risikobereitschaft und kreatives Denken und f\u00f6rdert eine Innovationskultur, die wirtschaftliches Wachstum und sozialen Fortschritt vorantreibt.<\/p>\n<h2><strong>\u00dcber Wirtschaftskurse<\/strong><\/h2>\n<p>Ein Wirtschaftsstudium an der European School of Business bietet Studierenden eine <strong>transformative Bildungserfahrung, die sie auf den Erfolg in der Gesch\u00e4ftswelt<\/strong> vorbereitet. Die International European University ist der Exzellenz verpflichtet und bietet einen branchenrelevanten Lehrplan, erfahrungsbasierte Lernm\u00f6glichkeiten, Unterst\u00fctzung bei der Vernetzung und Karriereentwicklung, internationale Pr\u00e4senz und die F\u00f6rderung einer unternehmerischen Denkweise. Der ganzheitliche Ansatz der Universit\u00e4t bereitet eine neue Generation von Wirtschaftsf\u00fchrern darauf vor, moderne Herausforderungen anzugehen. Die European School of Business an der International European University bietet <strong>internationalen Studierenden Praktikumsm\u00f6glichkeiten in Europa und Sprachpraxis.<\/strong><\/p>\n<p><strong>Hochschulniveau<\/strong> \u2013 Erster (Bachelor) und Zweiter (Master).<\/p>\n<p><strong>Studiendauer<\/strong> \u2013 4 Jahre Vollzeitstudium (Bachelor) und 2 Jahre Vollzeitstudium (Master).<\/p>\n<p><strong>Unterrichtssprache<\/strong> \u2013 Englisch.<\/p>\n<h2>Verf\u00fcgbare Studieng\u00e4nge<\/h2>\n<ul>\n<li><strong>Der Studiengang Buchhaltung <\/strong>bietet den Studierenden eine Einf\u00fchrung in die Grunds\u00e4tze und Praktiken der Buchhaltung;<\/li>\n<li><strong>Der Studiengang Marketing<\/strong> bietet den Studierenden eine Einf\u00fchrung in die Grunds\u00e4tze und Praktiken des Marketings;<\/li>\n<li><strong>Der Studiengang Personalmanagement <\/strong>bietet den Studierenden eine Einf\u00fchrung in die Grunds\u00e4tze und Praktiken des Personalmanagements;<\/li>\n<li><strong>Der Studiengang Betriebsmanagement<\/strong> bietet den Studierenden eine Einf\u00fchrung in die Grunds\u00e4tze und Praktiken des Betriebsmanagements;<\/li>\n<li><strong>Der Studiengang Internationales Gesch\u00e4ft <\/strong>bietet den Studierenden eine Einf\u00fchrung in die Grunds\u00e4tze und Praktiken des internationalen Gesch\u00e4fts;<\/li>\n<li><strong>Der Studiengang Management und Betriebswirtschaft <\/strong>kombiniert die Grunds\u00e4tze des Managements mit den Konzepten der Betriebswirtschaft, um die Studierenden auf F\u00fchrungsrollen in Organisationen vorzubereiten;<\/li>\n<li><strong>Der Studiengang Unternehmensf\u00fchrung<\/strong> bietet den Studierenden ein tiefgreifendes Verst\u00e4ndnis der Grunds\u00e4tze und Praktiken der Unternehmensf\u00fchrung;<\/li>\n<li>strong>Der Studiengang Management<\/strong> der \u00f6ffentlichen Verwaltung bietet den Studierenden ein tiefgreifendes Verst\u00e4ndnis der Grunds\u00e4tze und Praktiken der F\u00fchrung von Organisationen des \u00f6ffentlichen Sektors;<\/li>\n<li><strong>Der Studiengang Mikro\u00f6konomie <\/strong>bietet den Studierenden ein umfassendes Verst\u00e4ndnis der Grunds\u00e4tze der Mikro\u00f6konomie;<\/li>\n<li><strong>Der Studiengang Makro\u00f6konomie<\/strong> bietet den Studierenden ein umfassendes Verst\u00e4ndnis der Grunds\u00e4tze der Makro\u00f6konomie;<\/li>\n<li><strong>Der Studiengang Risikomanagement <\/strong>ist ein multidisziplin\u00e4rer Studiengang, der das Identifizieren, Bewerten und Mindern von Risiken zur Minimierung ihrer potenziellen negativen Auswirkungen beinhaltet;<\/li>\n<li><strong>Der Studiengang Advanced Entrepreneurship <\/strong>geht \u00fcber die Grundlagen der Unternehmensgr\u00fcndung und -f\u00fchrung hinaus.<\/li>\n<li><strong>Der Studiengang Managing Project Risks and Opportunities <\/strong>umfasst das Identifizieren, Bewerten und Ansprechen potenzieller Risiken und Chancen w\u00e4hrend des gesamten Lebenszyklus eines Projekts.<\/li>\n<li><strong>Der Studiengang Team Leadership<\/strong> bezieht sich auf die F\u00e4higkeit der Studierenden, ein Team effektiv zu f\u00fchren, zu motivieren und zu verwalten, um gemeinsame Ziele zu erreichen.<\/li>\n<li><strong>Der Studiengang Fashion Marketing<\/strong> vermittelt den Studierenden die F\u00e4higkeit, Aktivit\u00e4ten und Strategien von Modemarken zu entdecken, um ihre Produkte oder Dienstleistungen an Verbraucher zu bewerben und zu verkaufen.<\/li>\n<li><strong>Der Studiengang Fashion Branding<\/strong> befasst sich mit dem Prozess der Schaffung einer einzigartigen und erkennbaren Markenidentit\u00e4t f\u00fcr ein Modeunternehmen oder -produkt.<\/li>\n<li><strong>Der Studiengang International Relations<\/strong> untersucht die Beziehungen zwischen Nationen und die Dynamik globaler Politik, Wirtschaft und sozialer Fragen.<\/li>\n<li><strong>Der Studiengang Healthcare Finance<\/strong> umfasst das Studium der Verwaltung und Zuweisung finanzieller Ressourcen in der Gesundheitsbranche.<\/li>\n<li><strong>Der Studiengang Budgeting <\/strong>konzentriert sich auf das Studium der Planung und Zuweisung finanzieller Ressourcen zur Erreichung organisatorischer Ziele.<\/li>\n<li><strong>Der Studiengang Human Resource Management<\/strong> zielt darauf ab, einen strategischen Ansatz zur Verwaltung des wertvollsten Verm\u00f6gens einer Organisation zu studieren \u2013 ihrer Mitarbeiter. Im Studiengang <strong>\u201eMitarbeiterrekrutierung\u201c<\/strong> lernen Sie die Prozesse der Anwerbung, Auswahl und Einstellung von Personen zur Besetzung offener Stellen in einem Unternehmen kennen.<\/li>\n<\/ul>\n<h2>Gr\u00fcnderzentrum<\/h2>\n<p>Unternehmertum und Innovation sind die Hauptantriebskr\u00e4fte f\u00fcr Wirtschaftswachstum und gesellschaftlichen Fortschritt im heutigen schnelllebigen und wettbewerbsorientierten Gesch\u00e4ftsumfeld. Vor diesem Hintergrund hat die International European University ein Gr\u00fcnderzentrum eingerichtet, um aufstrebende<strong> Unternehmer bei der Umwandlung innovativer Ideen in erfolgreiche Unternehmen<\/strong> zu unterst\u00fctzen. Das Gr\u00fcnderzentrum bietet eine f\u00f6rdernde Umgebung, die das Wachstum von Management- und Wirtschaftsstudenten in der Anfangsphase beschleunigen soll, und bietet ihnen Zugang zu <strong>Ressourcen, Mentoring, Vernetzungsm\u00f6glichkeiten und der physischen Infrastruktur<\/strong>, die f\u00fcr die Gr\u00fcndung und Skalierung ihrer Unternehmungen erforderlich ist. Gr\u00fcnderzentren helfen dabei, Ideen in tragf\u00e4hige, nachhaltige Unternehmen umzuwandeln, indem sie als Katalysatoren f\u00fcr Innovation und Unternehmertum fungieren.<\/p>\n<p>Ein gro\u00dfer Vorteil des Gr\u00fcnderzentrums der International European University ist der<strong> Zugang zu hochmodernen Einrichtungen und Universit\u00e4tsinfrastruktur.<\/strong> Unternehmer profitieren von gut ausgestatteten B\u00fcror\u00e4umen, Laboren, Prototyping-Einrichtungen und fortschrittlichen Technologien, wodurch die anf\u00e4nglichen Kosten und Hindernisse, mit denen Startups normalerweise konfrontiert sind, erheblich reduziert werden. Es erm\u00f6glicht Unternehmern, ihre Ressourcen auf die Entwicklung von Kernprodukten oder -dienstleistungen zu konzentrieren. Der Business Incubator bietet wertvolle Mentoren und Beratung durch <strong>erfahrene Unternehmer, Branchenexperten und erfahrene Fachleute<\/strong>. Die Mentoren geben pers\u00f6nliche Ratschl\u00e4ge, teilen ihre Erfahrungen und bieten Beratung zu verschiedenen Aspekten der Gesch\u00e4ftsentwicklung, einschlie\u00dflich Marketing, Finanzen und Betrieb.<\/p>\n<p>Die kollaborative Umgebung im Business Incubator der International European University<strong> f\u00f6rdert Verbindungen und Kooperationen zwischen Gleichgesinnten<\/strong>. Die Vernetzungsm\u00f6glichkeiten innerhalb des Inkubators erleichtern den Wissensaustausch, die Projektzusammenarbeit und die Bildung strategischer Partnerschaften. Die vielf\u00e4ltige Gemeinschaft setzt Unternehmer unterschiedlichen Perspektiven, Ideen und Fachkenntnissen aus und f\u00f6rdert so Innovation und die gegenseitige Befruchtung von Wissen. Der Business Incubator bietet eine Reihe <strong>von Dienstleistungen und Schulungsprogrammen zur Gesch\u00e4ftsentwicklung<\/strong>, darunter Unterst\u00fctzung bei der Entwicklung von Gesch\u00e4ftspl\u00e4nen, Marktforschung, Schutz des geistigen Eigentums, rechtliche und buchhalterische Unterst\u00fctzung und Marketingstrategien.<\/p>\n","protected":false},"excerpt":{"rendered":"<p>Europ\u00e4ische Businessschule Die European School of Business der International European University ist das neueste Bildungs- und Wissenschaftsinstitut mit der besten Tradition der Ausbildung hochqualifizierter und wettbewerbsf\u00e4higer Fachkr\u00e4fte mit umfassender Erfahrung in den Bereichen \u00d6konomen, Manager, Betriebswirte, Marketingfachleute, Buchhalter, Finanziers, Gesch\u00e4fts- und B\u00f6rsenorganisatoren, Technologen und Manager in den Bereichen Hotel, Gastronomie und Tourismus. Die Business School [&hellip;]<\/p>\n","protected":false},"author":1,"featured_media":4096,"parent":0,"menu_order":0,"comment_status":"closed","ping_status":"closed","template":"","meta":{"ngg_post_thumbnail":0,"footnotes":""},"class_list":["post-1010","page","type-page","status-publish","has-post-thumbnail","hentry"],"acf":[],"yoast_head":"<!-- This site is optimized with the Yoast SEO plugin v20.8 - https:\/\/yoast.com\/wordpress\/plugins\/seo\/ -->\n<title>STUDY BUSINESS IN UKRAINE | BUSINESS COURSES IN UKRAINE | STUDY MBA IN UKRAINE | EUROPEAN BUSINESS SCHOOL | STUDY BUSINESS IN EUROPE | AFFORDABLE BUSINESS COURSES IN UKRAINE<\/title>\n<meta name=\"robots\" content=\"index, follow, max-snippet:-1, max-image-preview:large, max-video-preview:-1\" \/>\n<link rel=\"canonical\" href=\"https:\/\/ieu.university\/de\/european-business-school-home\/\" \/>\n<meta property=\"og:locale\" content=\"en_US\" \/>\n<meta property=\"og:type\" content=\"article\" \/>\n<meta property=\"og:title\" content=\"STUDY BUSINESS IN UKRAINE | BUSINESS COURSES IN UKRAINE | STUDY MBA IN UKRAINE | EUROPEAN BUSINESS SCHOOL | STUDY BUSINESS IN EUROPE | AFFORDABLE BUSINESS COURSES IN UKRAINE\" \/>\n<meta property=\"og:description\" content=\"Europ\u00e4ische Businessschule Die European School of Business der International European University ist das neueste Bildungs- und Wissenschaftsinstitut mit der besten Tradition der Ausbildung hochqualifizierter und wettbewerbsf\u00e4higer Fachkr\u00e4fte mit umfassender Erfahrung in den Bereichen \u00d6konomen, Manager, Betriebswirte, Marketingfachleute, Buchhalter, Finanziers, Gesch\u00e4fts- und B\u00f6rsenorganisatoren, Technologen und Manager in den Bereichen Hotel, Gastronomie und Tourismus. Die Business School [&hellip;]\" \/>\n<meta property=\"og:url\" content=\"http:\/\/ieu.university\/de\/european-business-school-home\/\" \/>\n<meta property=\"og:site_name\" content=\"INTERNATIONAL EUROPEAN UNIVERSITY, UKRAINE | EUROPE | STUDY IN UKRAINE | STUDY IN EUROPE | MBBS | GENERAL MEDICINE | BUSINESS | ENGINEERING | IT | EUROPE\" \/>\n<meta property=\"article:modified_time\" content=\"2025-01-06T09:38:53+00:00\" \/>\n<meta property=\"og:image\" content=\"https:\/\/ieu.university\/wp-content\/uploads\/2024\/07\/IEU-BUSSINES-SCHOOL.png\" \/>\n\t<meta property=\"og:image:width\" content=\"1272\" \/>\n\t<meta property=\"og:image:height\" content=\"386\" \/>\n\t<meta property=\"og:image:type\" content=\"image\/png\" \/>\n<meta name=\"twitter:card\" content=\"summary_large_image\" \/>\n<meta name=\"twitter:label1\" content=\"Est. reading time\" \/>\n\t<meta name=\"twitter:data1\" content=\"5 minutes\" \/>\n<script type=\"application\/ld+json\" class=\"yoast-schema-graph\">{\"@context\":\"https:\/\/schema.org\",\"@graph\":[{\"@type\":\"WebPage\",\"@id\":\"https:\/\/ieu.university\/de\/european-business-school-home\/\",\"url\":\"https:\/\/ieu.university\/de\/european-business-school-home\/\",\"name\":\"STUDY BUSINESS IN UKRAINE | BUSINESS COURSES IN UKRAINE | STUDY MBA IN UKRAINE | EUROPEAN BUSINESS SCHOOL | STUDY BUSINESS IN EUROPE | AFFORDABLE BUSINESS COURSES IN UKRAINE\",\"isPartOf\":{\"@id\":\"https:\/\/ieu.university\/#website\"},\"datePublished\":\"2022-10-03T12:19:25+00:00\",\"dateModified\":\"2025-01-06T09:38:53+00:00\",\"inLanguage\":\"en-US\",\"potentialAction\":[{\"@type\":\"ReadAction\",\"target\":[\"https:\/\/ieu.university\/de\/european-business-school-home\/\"]}]},{\"@type\":\"WebSite\",\"@id\":\"https:\/\/ieu.university\/#website\",\"url\":\"https:\/\/ieu.university\/\",\"name\":\"INTERNATIONAL EUROPEAN UNIVERSITY, UKRAINE | EUROPE | STUDY IN UKRAINE | STUDY IN EUROPE | MBBS | GENERAL MEDICINE | BUSINESS | ENGINEERING | IT | EUROPE\",\"description\":\"INTERNATIONAL EUROPEAN UNIVERSITY, UKRAINE | EUROPE | STUDY IN UKRAINE | STUDY IN EUROPE | MBBS | GENERAL MEDICINE | BUSINESS | ENGINEERING | IT | EUROPE\",\"potentialAction\":[{\"@type\":\"SearchAction\",\"target\":{\"@type\":\"EntryPoint\",\"urlTemplate\":\"https:\/\/ieu.university\/?s={search_term_string}\"},\"query-input\":\"required name=search_term_string\"}],\"inLanguage\":\"en-US\"}]}<\/script>\n<!-- \/ Yoast SEO plugin. -->","yoast_head_json":{"title":"STUDY BUSINESS IN UKRAINE | BUSINESS COURSES IN UKRAINE | STUDY MBA IN UKRAINE | EUROPEAN BUSINESS SCHOOL | STUDY BUSINESS IN EUROPE | AFFORDABLE BUSINESS COURSES IN UKRAINE","robots":{"index":"index","follow":"follow","max-snippet":"max-snippet:-1","max-image-preview":"max-image-preview:large","max-video-preview":"max-video-preview:-1"},"canonical":"https:\/\/ieu.university\/de\/european-business-school-home\/","og_locale":"en_US","og_type":"article","og_title":"STUDY BUSINESS IN UKRAINE | BUSINESS COURSES IN UKRAINE | STUDY MBA IN UKRAINE | EUROPEAN BUSINESS SCHOOL | STUDY BUSINESS IN EUROPE | AFFORDABLE BUSINESS COURSES IN UKRAINE","og_description":"Europ\u00e4ische Businessschule Die European School of Business der International European University ist das neueste Bildungs- und Wissenschaftsinstitut mit der besten Tradition der Ausbildung hochqualifizierter und wettbewerbsf\u00e4higer Fachkr\u00e4fte mit umfassender Erfahrung in den Bereichen \u00d6konomen, Manager, Betriebswirte, Marketingfachleute, Buchhalter, Finanziers, Gesch\u00e4fts- und B\u00f6rsenorganisatoren, Technologen und Manager in den Bereichen Hotel, Gastronomie und Tourismus. Die Business School [&hellip;]","og_url":"http:\/\/ieu.university\/de\/european-business-school-home\/","og_site_name":"INTERNATIONAL EUROPEAN UNIVERSITY, UKRAINE | EUROPE | STUDY IN UKRAINE | STUDY IN EUROPE | MBBS | GENERAL MEDICINE | BUSINESS | ENGINEERING | IT | EUROPE","article_modified_time":"2025-01-06T09:38:53+00:00","og_image":[{"width":1272,"height":386,"url":"https:\/\/ieu.university\/wp-content\/uploads\/2024\/07\/IEU-BUSSINES-SCHOOL.png","type":"image\/png"}],"twitter_card":"summary_large_image","twitter_misc":{"Est. reading time":"5 minutes"},"schema":{"@context":"https:\/\/schema.org","@graph":[{"@type":"WebPage","@id":"https:\/\/ieu.university\/de\/european-business-school-home\/","url":"https:\/\/ieu.university\/de\/european-business-school-home\/","name":"STUDY BUSINESS IN UKRAINE | BUSINESS COURSES IN UKRAINE | STUDY MBA IN UKRAINE | EUROPEAN BUSINESS SCHOOL | STUDY BUSINESS IN EUROPE | AFFORDABLE BUSINESS COURSES IN UKRAINE","isPartOf":{"@id":"https:\/\/ieu.university\/#website"},"datePublished":"2022-10-03T12:19:25+00:00","dateModified":"2025-01-06T09:38:53+00:00","inLanguage":"en-US","potentialAction":[{"@type":"ReadAction","target":["https:\/\/ieu.university\/de\/european-business-school-home\/"]}]},{"@type":"WebSite","@id":"https:\/\/ieu.university\/#website","url":"https:\/\/ieu.university\/","name":"INTERNATIONAL EUROPEAN UNIVERSITY, UKRAINE | EUROPE | STUDY IN UKRAINE | STUDY IN EUROPE | MBBS | GENERAL MEDICINE | BUSINESS | ENGINEERING | IT | EUROPE","description":"INTERNATIONAL EUROPEAN UNIVERSITY, UKRAINE | EUROPE | STUDY IN UKRAINE | STUDY IN EUROPE | MBBS | GENERAL MEDICINE | BUSINESS | ENGINEERING | IT | EUROPE","potentialAction":[{"@type":"SearchAction","target":{"@type":"EntryPoint","urlTemplate":"https:\/\/ieu.university\/?s={search_term_string}"},"query-input":"required name=search_term_string"}],"inLanguage":"en-US"}]}},"_links":{"self":[{"href":"http:\/\/ieu.university\/de\/wp-json\/wp\/v2\/pages\/1010","targetHints":{"allow":["GET"]}}],"collection":[{"href":"http:\/\/ieu.university\/de\/wp-json\/wp\/v2\/pages"}],"about":[{"href":"http:\/\/ieu.university\/de\/wp-json\/wp\/v2\/types\/page"}],"author":[{"embeddable":true,"href":"http:\/\/ieu.university\/de\/wp-json\/wp\/v2\/users\/1"}],"replies":[{"embeddable":true,"href":"http:\/\/ieu.university\/de\/wp-json\/wp\/v2\/comments?post=1010"}],"version-history":[{"count":32,"href":"http:\/\/ieu.university\/de\/wp-json\/wp\/v2\/pages\/1010\/revisions"}],"predecessor-version":[{"id":4446,"href":"http:\/\/ieu.university\/de\/wp-json\/wp\/v2\/pages\/1010\/revisions\/4446"}],"wp:featuredmedia":[{"embeddable":true,"href":"http:\/\/ieu.university\/de\/wp-json\/wp\/v2\/media\/4096"}],"wp:attachment":[{"href":"http:\/\/ieu.university\/de\/wp-json\/wp\/v2\/media?parent=1010"}],"curies":[{"name":"wp","href":"https:\/\/api.w.org\/{rel}","templated":true}]}}