{"id":103,"date":"2022-09-22T17:27:56","date_gmt":"2022-09-22T14:27:56","guid":{"rendered":"http:\/\/ieu.university\/?page_id=103"},"modified":"2025-01-06T12:37:52","modified_gmt":"2025-01-06T09:37:52","slug":"education-in-ukraine","status":"publish","type":"page","link":"http:\/\/ieu.university\/de\/education-in-ukraine\/","title":{"rendered":"Bildung in der Ukraine"},"content":{"rendered":"<h2>Bildung in der Ukraine<\/h2>\n<p>Wenn Sie eine Hochschulausbildung in Europa anstreben, ist <strong>ein Studium an einer ukrainischen Universit\u00e4t eine hervorragende Gelegenheit<\/strong>. Die Ukraine bietet ein starkes akademisches Umfeld mit hohen Bildungsstandards und internationaler Anerkennung. Als Mitglied des Bologna-Prozesses richtet die Ukraine ihr Hochschulsystem an europ\u00e4ischen Standards aus, um die Mobilit\u00e4t der Studienabschl\u00fcsse zu verbessern und die Anerkennung ihrer Abschl\u00fcsse in den teilnehmenden L\u00e4ndern zu erleichtern. <strong>Der Bologna-Prozess<\/strong> zielt darauf ab, Bildungs Dokumente zu standardisieren und akademische Systeme weltweit zu vereinheitlichen, um sicherzustellen, dass die Qualifikationen der Absolventen weltweit umfassend verstanden und anerkannt werden.<\/p>\n<p>Das Engagement der Ukraine f\u00fcr diesen Prozess wird durch die Ratifizierung des <strong>Lissaboner Anerkennungs\u00fcbereinkommens<\/strong> unterstrichen, das die gegenseitige Anerkennung von Hochschulabschl\u00fcssen und Studienzeiten zwischen den Unterzeichnerl\u00e4ndern, einschlie\u00dflich derjenigen innerhalb der Europ\u00e4ischen Union, vorschreibt. Die Einhaltung des <strong>Haager \u00dcbereinkommens<\/strong> durch die Ukraine vereinfacht den Prozess der Dokumentenvalidierung f\u00fcr internationale Studierende. Eine einzige <strong>Apostille-Beglaubigung<\/strong> stellt die Rechtsg\u00fcltigkeit akademischer Dokumente in den meisten L\u00e4ndern weltweit sicher und vereinfacht die Verwaltungsverfahren f\u00fcr Studierende, die im Ausland studieren.<\/p>\n<p>Ukrainische Universit\u00e4ten, Akademien und Institute, die internationale Studierende ausbilden, halten strenge Standards ein, die vom<strong> ukrainischen Ministerium f\u00fcr Bildung und Wissenschaft<\/strong> aufrechterhalten werden. Ukrainische Universit\u00e4ten verf\u00fcgen nicht nur \u00fcber die erforderlichen Akkreditierungen, sondern auch \u00fcber spezielle Lizenzen, die sie zum Unterrichten ausl\u00e4ndischer Studenten berechtigen. Die Aufsicht des Ministeriums stellt die Qualit\u00e4t der Bildungsdienstleistungen f\u00fcr internationale Studenten in der Ukraine sicher und verbessert so die allgemeine Bildungserfahrung internationaler Studenten.<\/p>\n<p>Internationale Studenten ukrainischer Universit\u00e4ten haben die Flexibilit\u00e4t, ihre akademische Laufbahn mit Vorbereitungsprogrammen zu beginnen, wenn sie beabsichtigen, auf Ukrainisch zu studieren. Die Vorbereitungskurse an ukrainischen Universit\u00e4ten umfassen <strong>intensives Sprachtraining in Ukrainisch<\/strong> sowie grundlegende F\u00e4cher, die f\u00fcr ihr gew\u00e4hltes Studienfach relevant sind. F\u00fcr Studenten, die lieber auf Englisch studieren m\u00f6chten, bieten mehrere Universit\u00e4ten, darunter <strong>die International European University<\/strong>, Programme an, die vollst\u00e4ndig auf Englisch unterrichtet werden und einem vielf\u00e4ltigen Spektrum internationaler Studenten gerecht werden, die eine qualitativ hochwertige Ausbildung in der Ukraine anstreben.<\/p>\n<p><strong>Das Hochschulsystem der Ukraine<\/strong> ist umfangreich und umfasst Universit\u00e4ten, Akademien und Institute, die zusammen eines der gr\u00f6\u00dften Bildungsnetzwerke weltweit bilden. Studenten k\u00f6nnen verschiedene Bildungsstufen anstreben:<\/p>\n<p><strong>Bachelor-Abschluss: <\/strong>Das Programm erstreckt sich \u00fcber vier Jahre und umfasst alle Bereiche mit Ausnahme der Medizin, f\u00fcr die sechs Jahre Studium auf Bachelor-Niveau erforderlich sind.<\/p>\n<p><strong>Master-Abschluss:<\/strong> Ein zweij\u00e4hriges Programm, das nach dem Bachelor-Abschluss angeboten wird und spezialisierte Ausbildung und Weiterbildung in verschiedenen Disziplinen bietet.<\/p>\n<p><strong>Ph.D. (Doktorat): <\/strong>Ein dreij\u00e4hriges Programm nach dem Master-Abschluss, das sich auf Forschung und akademische Spezialisierung in bestimmten Bereichen konzentriert.<\/p>\n<p>Der strukturierte Ansatz der Hochschulbildung in der Ukraine stellt sicher, dass die Studierenden eine umfassende akademische Ausbildung und Vorbereitung auf ihre gew\u00e4hlte Karriere erhalten, sei es in den Naturwissenschaften, Geisteswissenschaften, Medizin, Ingenieurwissenschaften oder anderen Disziplinen. Ein Studium in der Ukraine bietet nicht nur Zugang zu einem gut etablierten Bildungsrahmen, sondern auch eine bereichernde kulturelle Erfahrung in einem Land, das f\u00fcr seine Gastfreundschaft und seine lebendige akademische Gemeinschaft bekannt ist. Mit ihrem Engagement f\u00fcr internationale Standards und ihrem vielf\u00e4ltigen Bildungsangebot bleibt die Ukraine eine attraktive Wahl f\u00fcr Studierende, die eine Hochschulbildung im Ausland anstreben.<\/p>\n","protected":false},"excerpt":{"rendered":"<p>Bildung in der Ukraine Wenn Sie eine Hochschulausbildung in Europa anstreben, ist ein Studium an einer ukrainischen Universit\u00e4t eine hervorragende Gelegenheit. Die Ukraine bietet ein starkes akademisches Umfeld mit hohen Bildungsstandards und internationaler Anerkennung. Als Mitglied des Bologna-Prozesses richtet die Ukraine ihr Hochschulsystem an europ\u00e4ischen Standards aus, um die Mobilit\u00e4t der Studienabschl\u00fcsse zu verbessern und [&hellip;]<\/p>\n","protected":false},"author":1,"featured_media":3615,"parent":0,"menu_order":0,"comment_status":"closed","ping_status":"closed","template":"","meta":{"ngg_post_thumbnail":0,"footnotes":""},"class_list":["post-103","page","type-page","status-publish","has-post-thumbnail","hentry"],"acf":[],"yoast_head":"<!-- This site is optimized with the Yoast SEO plugin v20.8 - https:\/\/yoast.com\/wordpress\/plugins\/seo\/ -->\n<title>EDUCACI\u00d3N EN UCRANIA | EDUCACI\u00d3N SUPERIOR EN EUROPA | LICENCIATURA EN UCRANIA | ESTUDIAR EN EL EXTRANJERO | ESTUDIANTE INTERNACIONAL | C\u00d3MO APLICAR EN LA UNIVERSIDAD DE UCRANIA<\/title>\n<meta name=\"robots\" content=\"index, follow, max-snippet:-1, max-image-preview:large, max-video-preview:-1\" \/>\n<link rel=\"canonical\" href=\"http:\/\/ieu.university\/es\/education-in-ukraine\/\" \/>\n<meta property=\"og:locale\" content=\"en_US\" \/>\n<meta property=\"og:type\" content=\"article\" \/>\n<meta property=\"og:title\" content=\"EDUCACI\u00d3N EN UCRANIA | EDUCACI\u00d3N SUPERIOR EN EUROPA | LICENCIATURA EN UCRANIA | ESTUDIAR EN EL EXTRANJERO | ESTUDIANTE INTERNACIONAL | C\u00d3MO APLICAR EN LA UNIVERSIDAD DE UCRANIA\" \/>\n<meta property=\"og:description\" content=\"Bildung in der Ukraine Wenn Sie eine Hochschulausbildung in Europa anstreben, ist ein Studium an einer ukrainischen Universit\u00e4t eine hervorragende Gelegenheit. Die Ukraine bietet ein starkes akademisches Umfeld mit hohen Bildungsstandards und internationaler Anerkennung. Als Mitglied des Bologna-Prozesses richtet die Ukraine ihr Hochschulsystem an europ\u00e4ischen Standards aus, um die Mobilit\u00e4t der Studienabschl\u00fcsse zu verbessern und [&hellip;]\" \/>\n<meta property=\"og:url\" content=\"http:\/\/ieu.university\/de\/education-in-ukraine\/\" \/>\n<meta property=\"og:site_name\" content=\"INTERNATIONAL EUROPEAN UNIVERSITY, UKRAINE | EUROPE | STUDY IN UKRAINE | STUDY IN EUROPE | MBBS | GENERAL MEDICINE | BUSINESS | ENGINEERING | IT | EUROPE\" \/>\n<meta property=\"article:modified_time\" content=\"2025-01-06T09:37:52+00:00\" \/>\n<meta property=\"og:image\" content=\"http:\/\/ieu.university\/wp-content\/uploads\/2024\/07\/Education-in-Ukraine.png\" \/>\n\t<meta property=\"og:image:width\" content=\"1272\" \/>\n\t<meta property=\"og:image:height\" content=\"386\" \/>\n\t<meta property=\"og:image:type\" content=\"image\/png\" \/>\n<meta name=\"twitter:card\" content=\"summary_large_image\" \/>\n<meta name=\"twitter:label1\" content=\"Est. reading time\" \/>\n\t<meta name=\"twitter:data1\" content=\"2 minutes\" \/>\n<script type=\"application\/ld+json\" class=\"yoast-schema-graph\">{\"@context\":\"https:\/\/schema.org\",\"@graph\":[{\"@type\":\"WebPage\",\"@id\":\"http:\/\/ieu.university\/es\/education-in-ukraine\/\",\"url\":\"http:\/\/ieu.university\/es\/education-in-ukraine\/\",\"name\":\"EDUCACI\u00d3N EN UCRANIA | EDUCACI\u00d3N SUPERIOR EN EUROPA | LICENCIATURA EN UCRANIA | ESTUDIAR EN EL EXTRANJERO | ESTUDIANTE INTERNACIONAL | C\u00d3MO APLICAR EN LA UNIVERSIDAD DE UCRANIA\",\"isPartOf\":{\"@id\":\"https:\/\/ieu.university\/#website\"},\"datePublished\":\"2022-09-22T14:27:56+00:00\",\"dateModified\":\"2025-01-06T09:37:52+00:00\",\"inLanguage\":\"en-US\",\"potentialAction\":[{\"@type\":\"ReadAction\",\"target\":[\"http:\/\/ieu.university\/es\/education-in-ukraine\/\"]}]},{\"@type\":\"WebSite\",\"@id\":\"https:\/\/ieu.university\/#website\",\"url\":\"https:\/\/ieu.university\/\",\"name\":\"INTERNATIONAL EUROPEAN UNIVERSITY, UKRAINE | EUROPE | STUDY IN UKRAINE | STUDY IN EUROPE | MBBS | GENERAL MEDICINE | BUSINESS | ENGINEERING | IT | EUROPE\",\"description\":\"INTERNATIONAL EUROPEAN UNIVERSITY, UKRAINE | EUROPE | STUDY IN UKRAINE | STUDY IN EUROPE | MBBS | GENERAL MEDICINE | BUSINESS | ENGINEERING | IT | EUROPE\",\"potentialAction\":[{\"@type\":\"SearchAction\",\"target\":{\"@type\":\"EntryPoint\",\"urlTemplate\":\"https:\/\/ieu.university\/?s={search_term_string}\"},\"query-input\":\"required name=search_term_string\"}],\"inLanguage\":\"en-US\"}]}<\/script>\n<!-- \/ Yoast SEO plugin. -->","yoast_head_json":{"title":"EDUCACI\u00d3N EN UCRANIA | EDUCACI\u00d3N SUPERIOR EN EUROPA | LICENCIATURA EN UCRANIA | ESTUDIAR EN EL EXTRANJERO | ESTUDIANTE INTERNACIONAL | C\u00d3MO APLICAR EN LA UNIVERSIDAD DE UCRANIA","robots":{"index":"index","follow":"follow","max-snippet":"max-snippet:-1","max-image-preview":"max-image-preview:large","max-video-preview":"max-video-preview:-1"},"canonical":"http:\/\/ieu.university\/es\/education-in-ukraine\/","og_locale":"en_US","og_type":"article","og_title":"EDUCACI\u00d3N EN UCRANIA | EDUCACI\u00d3N SUPERIOR EN EUROPA | LICENCIATURA EN UCRANIA | ESTUDIAR EN EL EXTRANJERO | ESTUDIANTE INTERNACIONAL | C\u00d3MO APLICAR EN LA UNIVERSIDAD DE UCRANIA","og_description":"Bildung in der Ukraine Wenn Sie eine Hochschulausbildung in Europa anstreben, ist ein Studium an einer ukrainischen Universit\u00e4t eine hervorragende Gelegenheit. Die Ukraine bietet ein starkes akademisches Umfeld mit hohen Bildungsstandards und internationaler Anerkennung. Als Mitglied des Bologna-Prozesses richtet die Ukraine ihr Hochschulsystem an europ\u00e4ischen Standards aus, um die Mobilit\u00e4t der Studienabschl\u00fcsse zu verbessern und [&hellip;]","og_url":"http:\/\/ieu.university\/de\/education-in-ukraine\/","og_site_name":"INTERNATIONAL EUROPEAN UNIVERSITY, UKRAINE | EUROPE | STUDY IN UKRAINE | STUDY IN EUROPE | MBBS | GENERAL MEDICINE | BUSINESS | ENGINEERING | IT | EUROPE","article_modified_time":"2025-01-06T09:37:52+00:00","og_image":[{"width":1272,"height":386,"url":"http:\/\/ieu.university\/wp-content\/uploads\/2024\/07\/Education-in-Ukraine.png","type":"image\/png"}],"twitter_card":"summary_large_image","twitter_misc":{"Est. reading time":"2 minutes"},"schema":{"@context":"https:\/\/schema.org","@graph":[{"@type":"WebPage","@id":"http:\/\/ieu.university\/es\/education-in-ukraine\/","url":"http:\/\/ieu.university\/es\/education-in-ukraine\/","name":"EDUCACI\u00d3N EN UCRANIA | EDUCACI\u00d3N SUPERIOR EN EUROPA | LICENCIATURA EN UCRANIA | ESTUDIAR EN EL EXTRANJERO | ESTUDIANTE INTERNACIONAL | C\u00d3MO APLICAR EN LA UNIVERSIDAD DE UCRANIA","isPartOf":{"@id":"https:\/\/ieu.university\/#website"},"datePublished":"2022-09-22T14:27:56+00:00","dateModified":"2025-01-06T09:37:52+00:00","inLanguage":"en-US","potentialAction":[{"@type":"ReadAction","target":["http:\/\/ieu.university\/es\/education-in-ukraine\/"]}]},{"@type":"WebSite","@id":"https:\/\/ieu.university\/#website","url":"https:\/\/ieu.university\/","name":"INTERNATIONAL EUROPEAN UNIVERSITY, UKRAINE | EUROPE | STUDY IN UKRAINE | STUDY IN EUROPE | MBBS | GENERAL MEDICINE | BUSINESS | ENGINEERING | IT | EUROPE","description":"INTERNATIONAL EUROPEAN UNIVERSITY, UKRAINE | EUROPE | STUDY IN UKRAINE | STUDY IN EUROPE | MBBS | GENERAL MEDICINE | BUSINESS | ENGINEERING | IT | EUROPE","potentialAction":[{"@type":"SearchAction","target":{"@type":"EntryPoint","urlTemplate":"https:\/\/ieu.university\/?s={search_term_string}"},"query-input":"required name=search_term_string"}],"inLanguage":"en-US"}]}},"_links":{"self":[{"href":"http:\/\/ieu.university\/de\/wp-json\/wp\/v2\/pages\/103","targetHints":{"allow":["GET"]}}],"collection":[{"href":"http:\/\/ieu.university\/de\/wp-json\/wp\/v2\/pages"}],"about":[{"href":"http:\/\/ieu.university\/de\/wp-json\/wp\/v2\/types\/page"}],"author":[{"embeddable":true,"href":"http:\/\/ieu.university\/de\/wp-json\/wp\/v2\/users\/1"}],"replies":[{"embeddable":true,"href":"http:\/\/ieu.university\/de\/wp-json\/wp\/v2\/comments?post=103"}],"version-history":[{"count":22,"href":"http:\/\/ieu.university\/de\/wp-json\/wp\/v2\/pages\/103\/revisions"}],"predecessor-version":[{"id":4441,"href":"http:\/\/ieu.university\/de\/wp-json\/wp\/v2\/pages\/103\/revisions\/4441"}],"wp:featuredmedia":[{"embeddable":true,"href":"http:\/\/ieu.university\/de\/wp-json\/wp\/v2\/media\/3615"}],"wp:attachment":[{"href":"http:\/\/ieu.university\/de\/wp-json\/wp\/v2\/media?parent=103"}],"curies":[{"name":"wp","href":"https:\/\/api.w.org\/{rel}","templated":true}]}}