{"id":1078,"date":"2022-10-04T09:41:58","date_gmt":"2022-10-04T06:41:58","guid":{"rendered":"http:\/\/ieu.university\/?page_id=1078"},"modified":"2025-01-06T13:56:31","modified_gmt":"2025-01-06T10:56:31","slug":"european-medical-school-home","status":"publish","type":"page","link":"http:\/\/ieu.university\/de\/european-medical-school-home\/","title":{"rendered":"Europ\u00e4ische Medizinische Fakult\u00e4t"},"content":{"rendered":"<h2>Europ\u00e4ische Medizinische Fakult\u00e4t<\/h2>\n<p>Die Europ\u00e4ische Medizinische Fakult\u00e4t ist eine erstklassige Bildungsabteilung der International European University, die sic<strong>h der Ausbildung von medizinischem Fachpersonal f\u00fcr eine qualitativ hochwertige und mitf\u00fchlende Patientenversorgung <\/strong>widmet. Die Universit\u00e4t hat sich der F\u00f6rderung des medizinischen Wissens, der Verbesserung der Patientenergebnisse und der F\u00f6rderung der \u00f6ffentlichen Gesundheit verschrieben. Ihr Ziel ist es, einen umfassenden Lehrplan anzubieten, der die Studierenden auf die Herausforderungen der medizinischen Praxis vorbereitet und ein breites Spektrum an Themen abdeckt, darunter Anatomie, Physiologie, Pharmakologie, Pathologie und Patientenversorgung. Die Universit\u00e4t legt<strong> Wert auf praktisches Lernen durch klinische Rotationen und Forschungsprojekte und bietet praktische Erfahrung,<\/strong> um die notwendigen klinischen F\u00e4higkeiten und Kenntnisse f\u00fcr eine erfolgreiche medizinische Karriere zu entwickeln.<\/p>\n<p>Die Europ\u00e4ische Medizinische Fakult\u00e4t hat sich der F\u00f6rderung des <strong>medizinischen Wissens durch Forschung und Innovation verschrieben<\/strong>, wobei sie sich auf Bereiche wie Genetik, Neurowissenschaften und \u00f6ffentliche Gesundheit konzentriert und diese Erkenntnisse in der klinischen Praxis anwendet, um die Patientenergebnisse zu verbessern. Die Fakult\u00e4t pflegt Partnerschaften mit Branchenf\u00fchrern und akademischen Einrichtungen, um Zusammenarbeit und Innovation in der medizinischen Forschung zu f\u00f6rdern. Es ist ihr ein Herzensanliegen, Studenten \u00fcber die sozialen Determinanten der Gesundheit und die Bedeutung pr\u00e4ventiver Pflege aufzukl\u00e4ren, gesundheitliche Ungleichheiten anzugehen und die Gesundheitsgerechtigkeit in lokalen und globalen Gemeinschaften zu f\u00f6rdern. Community-Engagement und Outreach-Programme haben <strong>Priorit\u00e4t, um die \u00f6ffentliche Gesundheit und das Wohlbefinden<\/strong> zu f\u00f6rdern.<\/p>\n<p>Die European Medical School erfreut sich bei internationalen Studenten, die ein<strong>e qualitativ hochwertige Ausbildung zu erschwinglichen Kosten <\/strong>suchen, zunehmender Beliebtheit. Die International European University hat eine lange Tradition in der medizinischen Ausbildung und ist f\u00fcr ihre anspruchsvollen akademischen Programme und hochmodernen Einrichtungen bekannt. Ein wesentlicher Vorteil eines Medizinstudiums in der Ukraine sind die niedrigeren Studiengeb\u00fchren im Vergleich zu vielen anderen europ\u00e4ischen L\u00e4ndern. Die Programme werden auf Englisch unterrichtet, sodass es f\u00fcr internationale Studenten leicht ist, ihre akademischen Ziele zu verfolgen. Die Schule bietet eine umfassende Ausbildung, die theoretisches Wissen mit praktischer Ausbildung kombiniert und Zugang zu modernen Laboren, Simulationszentren und klinischen Einrichtungen bietet.<\/p>\n<h2>\u00dcber die Medizinische Fakult\u00e4t<\/h2>\n<p>Die European School of Medicine ist bestrebt, h<strong>ochqualifizierte Spezialisten auszubilden<\/strong>, die sich mit Problemen und Forschungsarbeiten in den Bereichen \u00f6ffentliche Gesundheit, Krankheitsvorbeugung, Diagnose und Behandlung auskennen. Internationale Studierende der International European University nutzen f\u00fcr ihre praktische Ausbildung eines der modernsten Simulationszentren des Landes. Die Universit\u00e4t arbeitet mit renommierten medizinischen Einrichtungen sowohl in der Ukraine als auch international zusammen, um unser Wissen und unsere Expertise zu erweitern.<\/p>\n<p><strong>Hochschulniveau <\/strong>\u2013 Erster (Bachelor) und Zweiter (Master);<\/p>\n<p><strong>Studiendauer<\/strong> \u2013 4-6 Jahre Vollzeitstudium (Bachelor), 2-3 Jahre Vollzeitstudium (Master).<\/p>\n<p><strong>Unterrichtssprache <\/strong>\u2013 Englisch.<\/p>\n<h2>Verf\u00fcgbare Studieng\u00e4nge<\/h2>\n<ul>\n<li><strong>Der Abschluss in Allgemeinmedizin (MBBS)<\/strong> zielt darauf ab, hochrangige Spezialisten auszubilden, die in der Lage sind, komplexe medizinische Probleme im Zusammenhang mit \u00f6ffentlicher Gesundheit, Krankheitsvorbeugung, Diagnose und Behandlung zu l\u00f6sen.<\/li>\n<li><strong>Der Abschluss in Zahnmedizin (DDS\/DMD) <\/strong>ist ein Berufsabschluss, der Studierende auf eine Karriere als Zahn\u00e4rzte vorbereitet.<\/li>\n<li><strong>Der Abschluss in Krankenpflege (BSN\/MSN\/DNP)<\/strong> ist ein Berufsabschluss, der Studierende auf eine Karriere als Krankenschwester, Krankenpflegepraktiker oder An\u00e4sthesiepfleger vorbereitet.<\/li>\n<li><strong>Der Abschluss in Pharmazie (PharmD) <\/strong>ist ein Berufsabschluss, der Studierende auf eine Karriere als Apotheker vorbereitet.<\/li>\n<li><strong>Der Abschluss in Physiotherapie (DPT)<\/strong> ist ein Berufsabschluss, der Studierende auf eine Karriere als Physiotherapeuten vorbereitet.<\/li>\n<li><strong>Der Abschluss in Ergotherapie (MSOT\/DOT) <\/strong>ist ein Berufsabschluss, der Studierende auf eine Karriere als Ergotherapeuten vorbereitet.<\/li>\n<li><strong>Abschl\u00fcsse in \u00f6ffentlicher Gesundheit (MPH\/DrPH)<\/strong> bereiten Studierende auf eine Karriere im Bereich der \u00f6ffentlichen Gesundheit vor, einschlie\u00dflich Epidemiologie, Biostatistik, Gesundheitspolitik und Umweltgesundheit.<\/li>\n<li><strong>Abschl\u00fcsse in Biomedizintechnik (BME\/MS\/Ph.D.)<\/strong> bereiten Studierende auf eine Karriere in der Entwicklung von medizinischen Ger\u00e4ten, Ausr\u00fcstungen und Technologien vor.<\/li>\n<li><strong>Abschl\u00fcsse in Gesundheitsinformatik (MS\/Ph.D.)<\/strong> bereiten Studierende auf eine Karriere in der Verwaltung und Analyse von Gesundheitsdaten vor.<\/li>\n<li><strong>Abschl\u00fcsse in der Gesundheitsverwaltung (MHA\/MBA) <\/strong>bereiten Studierende auf Karrieren im Gesundheitsmanagement vor, einschlie\u00dflich Krankenhausverwaltung, Gesundheitspolitik und Gesundheitsfinanzierung.<\/li>\n<li><strong>Der Abschluss in genetischer Beratung (MS) <\/strong>bereitet Studierende auf Karrieren in der genetischen Beratung vor, die die Beratung und Unterst\u00fctzung von Patienten und Familien mit genetischen St\u00f6rungen umfasst.<\/li>\n<li><strong>Abschl\u00fcsse in Ern\u00e4hrung (BS\/MS\/RD) <\/strong>bereiten Studierende auf Karrieren in der Ern\u00e4hrung vor, einschlie\u00dflich der Position als registrierter Di\u00e4tassistent.<\/li>\n<li><strong>Abschl\u00fcsse in Psychologie (BS\/MS)<\/strong> bereiten Studierende auf Karrieren in der klinischen Psychologie oder in der Forschung im Zusammenhang mit psychischer Gesundheit vor.<\/li>\n<li><strong>Abschl\u00fcsse in Gesundheitserziehung (BS\/MS)<\/strong> bereiten Studierende auf Karrieren in der Gesundheitserziehung und -f\u00f6rderung vor, einschlie\u00dflich der Gesundheitsaufkl\u00e4rung in der Gemeinde und der Planung von Gesundheitserziehungsprogrammen.<\/li>\n<li><strong>Der Abschluss in Medizinischer Laborwissenschaft (BS) <\/strong>bereitet Studierende auf Karrieren in der Medizinischen Laborwissenschaft vor, einschlie\u00dflich klinischer Labortechniker und medizinischer Laborwissenschaftler.<\/li>\n<li><strong>Abschl\u00fcsse in Radiologietechnologie (AS\/BS)<\/strong> bereiten Studierende auf Karrieren als Radiologietechniker vor, die medizinische Bildgebungstechnologie zur Diagnose und Behandlung von Patienten verwenden.<\/li>\n<li><strong>Abschl\u00fcsse im Gesundheitsinformationsmanagement (BS\/MS) <\/strong>bereiten Studierende auf eine Karriere im Management von Gesundheitsinformationssystemen vor, einschlie\u00dflich elektronischer Gesundheitsakten und Gesundheitsinformationstechnologie.<\/li>\n<li><strong>Der Abschluss in Sprachpathologie (MS) <\/strong>bereitet Studierende auf eine Karriere als Sprachpathologen vor, die Sprach- und Sprechst\u00f6rungen diagnostizieren und behandeln.<\/li>\n<li><strong>Der Berufsabschluss in Veterin\u00e4rmedizin (DVM)<\/strong> bereitet Studierende auf eine Karriere als Tier\u00e4rzte vor.<\/li>\n<\/ul>\n<h2>Klinische Rotationen<\/h2>\n<p>Klinische Rotationen sind ein wichtiger Teil der medizinischen Ausbildung an der European School of Medicine und bieten den<strong> Studierenden praktische Erfahrungen in verschiedenen medizinischen Umgebungen<\/strong>. An der International European University profitieren internationale Medizinstudenten von einer einzigartigen Gelegenheit, praktische Erfahrungen in einem dynamischen und vielf\u00e4ltigen Gesundheitssystem zu sammeln. Das umfassende medizinische Ausbildungsprogramm der Universit\u00e4t umfasst klinische Rotationen als Kernelement. W\u00e4hrend der Rotationen arbeiten internationale Studenten Seite an Seite mit erfahrenen Gesundheitsfachkr\u00e4ften in Einrichtungen wie Krankenh\u00e4usern, Kliniken und kommunalen Gesundheitszentren.<\/p>\n<p>Einer der herausragenden Vorteile<strong> klinischer Rotationen an der International European University <\/strong>ist die M\u00f6glichkeit, mit einer vielf\u00e4ltigen Patientenpopulation zu interagieren. Die Ukraine zieht Menschen aus der ganzen Welt an und ihr Gesundheitssystem spiegelt diese Vielfalt wider. Es erm\u00f6glicht internationalen Studenten, <strong>wertvolle Einblicke in die Herausforderungen und M\u00f6glichkeiten der Gesundheitsversorgung <\/strong>in einem globalen Kontext zu gewinnen, indem sie mit Patienten aus unterschiedlichen kulturellen Hintergr\u00fcnden arbeiten. Die klinischen Rotationen sind so konzipiert, dass sie ein breites Spektrum an Erfahrungen in verschiedenen medizinischen Fachgebieten bieten, darunter Notfallmedizin, Chirurgie, P\u00e4diatrie, Geburtshilfe und Gyn\u00e4kologie sowie Innere Medizin, um nur einige zu nennen. Die Erfahrungen helfen den Studierenden, ein umfassendes Verst\u00e4ndnis des Gesundheitssystems zu entwickeln und bereiten sie auf verschiedene Karrierewege vor.<\/p>\n<p>Die klinischen Rotationen der Medical School bieten bedeutende M\u00f6glichkeiten zur beruflichen Weiterentwicklung. Die Studierenden arbeiten <strong>mit erfahrenen Gesundheitsfachkr\u00e4ften <\/strong>zusammen, lernen von ihrem <strong>Fachwissen und verfeinern ihre F\u00e4higkeiten<\/strong>. Sie haben die M\u00f6glichkeit, sich mit anderen medizinischen Fachkr\u00e4ften zu vernetzen und Beziehungen aufzubauen, die ihnen w\u00e4hrend ihrer gesamten Karriere von Nutzen sein k\u00f6nnen. Die Rotationen sind so strukturiert, dass<strong> internationale Studierende ausreichend Unterst\u00fctzung und Anleitung erhalten und von erfahrenen Gesundheitsdienstleistern<\/strong> betreut werden, die Feedback und Mentoring bieten.<\/p>\n<p>Studierende der European Medical School haben Zugang zu einer Vielzahl von Ressourcen wie Lehrb\u00fcchern, Zeitschriften und Online-Materialien, die ihr Lernen unterst\u00fctzen. F\u00fcr internationale Medizinstudenten der International European University bieten klinische Rotationen eine einzigartige und bereichernde Erfahrung in einem <strong>vielf\u00e4ltigen und lebendigen Gesundheitsumfeld in Europa<\/strong> und dar\u00fcber hinaus. Mit dem Kontakt zu mehreren Fachgebieten, unterschiedlichen Patientendemografien und zahlreichen M\u00f6glichkeiten zur beruflichen Weiterentwicklung bieten diese Rotationen eine hervorragende Grundlage f\u00fcr eine erfolgreiche Karriere in der Medizin.<\/p>\n","protected":false},"excerpt":{"rendered":"<p>Europ\u00e4ische Medizinische Fakult\u00e4t Die Europ\u00e4ische Medizinische Fakult\u00e4t ist eine erstklassige Bildungsabteilung der International European University, die sich der Ausbildung von medizinischem Fachpersonal f\u00fcr eine qualitativ hochwertige und mitf\u00fchlende Patientenversorgung widmet. Die Universit\u00e4t hat sich der F\u00f6rderung des medizinischen Wissens, der Verbesserung der Patientenergebnisse und der F\u00f6rderung der \u00f6ffentlichen Gesundheit verschrieben. Ihr Ziel ist es, einen [&hellip;]<\/p>\n","protected":false},"author":1,"featured_media":4056,"parent":0,"menu_order":0,"comment_status":"closed","ping_status":"closed","template":"","meta":{"ngg_post_thumbnail":0,"footnotes":""},"class_list":["post-1078","page","type-page","status-publish","has-post-thumbnail","hentry"],"acf":[],"yoast_head":"<!-- This site is optimized with the Yoast SEO plugin v20.8 - https:\/\/yoast.com\/wordpress\/plugins\/seo\/ -->\n<title>EUROPEAN MEDICAL SCHOOL | STUDY MEDICINE IN UKRAINE | MEDICAL UNIVERSITIES IN UKRAINE | EDUCATION IN UKRAINE | MEDICAL EDUCATION IN EUROPE | EUROPEAN MEDICAL EDUCATION | AFFORDABLE MEDICAL DEGREE IN ENGLISH<\/title>\n<meta name=\"robots\" content=\"index, follow, max-snippet:-1, max-image-preview:large, max-video-preview:-1\" \/>\n<link rel=\"canonical\" href=\"http:\/\/ieu.university\/es\/european-medical-school-home\/\" \/>\n<meta property=\"og:locale\" content=\"en_US\" \/>\n<meta property=\"og:type\" content=\"article\" \/>\n<meta property=\"og:title\" content=\"EUROPEAN MEDICAL SCHOOL | STUDY MEDICINE IN UKRAINE | MEDICAL UNIVERSITIES IN UKRAINE | EDUCATION IN UKRAINE | MEDICAL EDUCATION IN EUROPE | EUROPEAN MEDICAL EDUCATION | AFFORDABLE MEDICAL DEGREE IN ENGLISH\" \/>\n<meta property=\"og:description\" content=\"Europ\u00e4ische Medizinische Fakult\u00e4t Die Europ\u00e4ische Medizinische Fakult\u00e4t ist eine erstklassige Bildungsabteilung der International European University, die sich der Ausbildung von medizinischem Fachpersonal f\u00fcr eine qualitativ hochwertige und mitf\u00fchlende Patientenversorgung widmet. Die Universit\u00e4t hat sich der F\u00f6rderung des medizinischen Wissens, der Verbesserung der Patientenergebnisse und der F\u00f6rderung der \u00f6ffentlichen Gesundheit verschrieben. Ihr Ziel ist es, einen [&hellip;]\" \/>\n<meta property=\"og:url\" content=\"http:\/\/ieu.university\/de\/european-medical-school-home\/\" \/>\n<meta property=\"og:site_name\" content=\"INTERNATIONAL EUROPEAN UNIVERSITY, UKRAINE | EUROPE | STUDY IN UKRAINE | STUDY IN EUROPE | MBBS | GENERAL MEDICINE | BUSINESS | ENGINEERING | IT | EUROPE\" \/>\n<meta property=\"article:modified_time\" content=\"2025-01-06T10:56:31+00:00\" \/>\n<meta property=\"og:image\" content=\"http:\/\/ieu.university\/wp-content\/uploads\/2024\/07\/European-Medical-School.png\" \/>\n\t<meta property=\"og:image:width\" content=\"1272\" \/>\n\t<meta property=\"og:image:height\" content=\"386\" \/>\n\t<meta property=\"og:image:type\" content=\"image\/png\" \/>\n<meta name=\"twitter:card\" content=\"summary_large_image\" \/>\n<meta name=\"twitter:label1\" content=\"Est. reading time\" \/>\n\t<meta name=\"twitter:data1\" content=\"7 minutes\" \/>\n<script type=\"application\/ld+json\" class=\"yoast-schema-graph\">{\"@context\":\"https:\/\/schema.org\",\"@graph\":[{\"@type\":\"WebPage\",\"@id\":\"http:\/\/ieu.university\/es\/european-medical-school-home\/\",\"url\":\"http:\/\/ieu.university\/es\/european-medical-school-home\/\",\"name\":\"EUROPEAN MEDICAL SCHOOL | STUDY MEDICINE IN UKRAINE | MEDICAL UNIVERSITIES IN UKRAINE | EDUCATION IN UKRAINE | MEDICAL EDUCATION IN EUROPE | EUROPEAN MEDICAL EDUCATION | AFFORDABLE MEDICAL DEGREE IN ENGLISH\",\"isPartOf\":{\"@id\":\"https:\/\/ieu.university\/#website\"},\"datePublished\":\"2022-10-04T06:41:58+00:00\",\"dateModified\":\"2025-01-06T10:56:31+00:00\",\"inLanguage\":\"en-US\",\"potentialAction\":[{\"@type\":\"ReadAction\",\"target\":[\"http:\/\/ieu.university\/es\/european-medical-school-home\/\"]}]},{\"@type\":\"WebSite\",\"@id\":\"https:\/\/ieu.university\/#website\",\"url\":\"https:\/\/ieu.university\/\",\"name\":\"INTERNATIONAL EUROPEAN UNIVERSITY, UKRAINE | EUROPE | STUDY IN UKRAINE | STUDY IN EUROPE | MBBS | GENERAL MEDICINE | BUSINESS | ENGINEERING | IT | EUROPE\",\"description\":\"INTERNATIONAL EUROPEAN UNIVERSITY, UKRAINE | EUROPE | STUDY IN UKRAINE | STUDY IN EUROPE | MBBS | GENERAL MEDICINE | BUSINESS | ENGINEERING | IT | EUROPE\",\"potentialAction\":[{\"@type\":\"SearchAction\",\"target\":{\"@type\":\"EntryPoint\",\"urlTemplate\":\"https:\/\/ieu.university\/?s={search_term_string}\"},\"query-input\":\"required name=search_term_string\"}],\"inLanguage\":\"en-US\"}]}<\/script>\n<!-- \/ Yoast SEO plugin. -->","yoast_head_json":{"title":"EUROPEAN MEDICAL SCHOOL | STUDY MEDICINE IN UKRAINE | MEDICAL UNIVERSITIES IN UKRAINE | EDUCATION IN UKRAINE | MEDICAL EDUCATION IN EUROPE | EUROPEAN MEDICAL EDUCATION | AFFORDABLE MEDICAL DEGREE IN ENGLISH","robots":{"index":"index","follow":"follow","max-snippet":"max-snippet:-1","max-image-preview":"max-image-preview:large","max-video-preview":"max-video-preview:-1"},"canonical":"http:\/\/ieu.university\/es\/european-medical-school-home\/","og_locale":"en_US","og_type":"article","og_title":"EUROPEAN MEDICAL SCHOOL | STUDY MEDICINE IN UKRAINE | MEDICAL UNIVERSITIES IN UKRAINE | EDUCATION IN UKRAINE | MEDICAL EDUCATION IN EUROPE | EUROPEAN MEDICAL EDUCATION | AFFORDABLE MEDICAL DEGREE IN ENGLISH","og_description":"Europ\u00e4ische Medizinische Fakult\u00e4t Die Europ\u00e4ische Medizinische Fakult\u00e4t ist eine erstklassige Bildungsabteilung der International European University, die sich der Ausbildung von medizinischem Fachpersonal f\u00fcr eine qualitativ hochwertige und mitf\u00fchlende Patientenversorgung widmet. Die Universit\u00e4t hat sich der F\u00f6rderung des medizinischen Wissens, der Verbesserung der Patientenergebnisse und der F\u00f6rderung der \u00f6ffentlichen Gesundheit verschrieben. Ihr Ziel ist es, einen [&hellip;]","og_url":"http:\/\/ieu.university\/de\/european-medical-school-home\/","og_site_name":"INTERNATIONAL EUROPEAN UNIVERSITY, UKRAINE | EUROPE | STUDY IN UKRAINE | STUDY IN EUROPE | MBBS | GENERAL MEDICINE | BUSINESS | ENGINEERING | IT | EUROPE","article_modified_time":"2025-01-06T10:56:31+00:00","og_image":[{"width":1272,"height":386,"url":"http:\/\/ieu.university\/wp-content\/uploads\/2024\/07\/European-Medical-School.png","type":"image\/png"}],"twitter_card":"summary_large_image","twitter_misc":{"Est. reading time":"7 minutes"},"schema":{"@context":"https:\/\/schema.org","@graph":[{"@type":"WebPage","@id":"http:\/\/ieu.university\/es\/european-medical-school-home\/","url":"http:\/\/ieu.university\/es\/european-medical-school-home\/","name":"EUROPEAN MEDICAL SCHOOL | STUDY MEDICINE IN UKRAINE | MEDICAL UNIVERSITIES IN UKRAINE | EDUCATION IN UKRAINE | MEDICAL EDUCATION IN EUROPE | EUROPEAN MEDICAL EDUCATION | AFFORDABLE MEDICAL DEGREE IN ENGLISH","isPartOf":{"@id":"https:\/\/ieu.university\/#website"},"datePublished":"2022-10-04T06:41:58+00:00","dateModified":"2025-01-06T10:56:31+00:00","inLanguage":"en-US","potentialAction":[{"@type":"ReadAction","target":["http:\/\/ieu.university\/es\/european-medical-school-home\/"]}]},{"@type":"WebSite","@id":"https:\/\/ieu.university\/#website","url":"https:\/\/ieu.university\/","name":"INTERNATIONAL EUROPEAN UNIVERSITY, UKRAINE | EUROPE | STUDY IN UKRAINE | STUDY IN EUROPE | MBBS | GENERAL MEDICINE | BUSINESS | ENGINEERING | IT | EUROPE","description":"INTERNATIONAL EUROPEAN UNIVERSITY, UKRAINE | EUROPE | STUDY IN UKRAINE | STUDY IN EUROPE | MBBS | GENERAL MEDICINE | BUSINESS | ENGINEERING | IT | EUROPE","potentialAction":[{"@type":"SearchAction","target":{"@type":"EntryPoint","urlTemplate":"https:\/\/ieu.university\/?s={search_term_string}"},"query-input":"required name=search_term_string"}],"inLanguage":"en-US"}]}},"_links":{"self":[{"href":"http:\/\/ieu.university\/de\/wp-json\/wp\/v2\/pages\/1078","targetHints":{"allow":["GET"]}}],"collection":[{"href":"http:\/\/ieu.university\/de\/wp-json\/wp\/v2\/pages"}],"about":[{"href":"http:\/\/ieu.university\/de\/wp-json\/wp\/v2\/types\/page"}],"author":[{"embeddable":true,"href":"http:\/\/ieu.university\/de\/wp-json\/wp\/v2\/users\/1"}],"replies":[{"embeddable":true,"href":"http:\/\/ieu.university\/de\/wp-json\/wp\/v2\/comments?post=1078"}],"version-history":[{"count":28,"href":"http:\/\/ieu.university\/de\/wp-json\/wp\/v2\/pages\/1078\/revisions"}],"predecessor-version":[{"id":4563,"href":"http:\/\/ieu.university\/de\/wp-json\/wp\/v2\/pages\/1078\/revisions\/4563"}],"wp:featuredmedia":[{"embeddable":true,"href":"http:\/\/ieu.university\/de\/wp-json\/wp\/v2\/media\/4056"}],"wp:attachment":[{"href":"http:\/\/ieu.university\/de\/wp-json\/wp\/v2\/media?parent=1078"}],"curies":[{"name":"wp","href":"https:\/\/api.w.org\/{rel}","templated":true}]}}