{"id":170,"date":"2022-09-23T15:55:58","date_gmt":"2022-09-23T12:55:58","guid":{"rendered":"http:\/\/ieu.university\/?page_id=170"},"modified":"2025-01-06T12:58:44","modified_gmt":"2025-01-06T09:58:44","slug":"why-choose","status":"publish","type":"page","link":"http:\/\/ieu.university\/de\/why-choose\/","title":{"rendered":"Warum Sie sich f\u00fcr uns entscheiden sollten"},"content":{"rendered":"<h2>Gr\u00fcnde, sich f\u00fcr uns zu entscheiden<\/h2>\n<p>Wenn Sie eine qualitativ <strong>hochwertige Ausbildung an einer der besten Universit\u00e4ten Europas absolvieren m\u00f6chten, ist die International European University<\/strong> die richtige Wahl f\u00fcr Sie! Die Zahl der ausl\u00e4ndischen Studenten, die an der International European University ein Hochschulstudium absolvieren m\u00f6chten, steigt j\u00e4hrlich. Unsere Universit\u00e4t bietet hervorragende M\u00f6glichkeiten, akademische Abschl\u00fcsse in der gew\u00fcnschten Fachrichtung zu erlangen. Die Vielfalt der Natur und der Menschen der Ukraine ist auch f\u00fcr internationale Studenten eine Attraktion. Die Ukraine ist eine robuste und standhafte Nation im Herzen Europas. Das Land bietet alles: hoch aufragende Berge, ein warmes Meer, weite Steppen, charmante D\u00f6rfer, gesch\u00e4ftige St\u00e4dte, opulente Pal\u00e4ste, goldene Kathedralen und unz\u00e4hlige Sehensw\u00fcrdigkeiten. Die ukrainische K\u00fcche fesselt Sie vom ersten Bissen an und ihre Gastfreundschaft hinterl\u00e4sst einen bleibenden Eindruck.<\/p>\n<p>Die International European University wurde in der <strong>Qualit\u00e4tssicherungsumfrage (QAS-\u00dcberpr\u00fcfung aller ukrainischen Universit\u00e4ten) mit Bestnoten <\/strong>bewertet. Zahlreiche renommierte Organisationen, darunter die Weltgesundheitsorganisation, die I-MED School, USMLE, der Medical Council of Nepal, PMDC und die European Universities Association, um nur einige zu nennen, erkennen unsere Universit\u00e4t an. Die <strong>Unterrichtssprache ist w\u00e4hrend der gesamten Studiendauer Englisch<\/strong>, und die Zulassung ist einfach, da kein Aufnahmetest erforderlich ist. Sprachpr\u00fcfungen wie IELTS oder TOEFL sind nicht erforderlich.<\/p>\n<p><strong>Die Studierenden der International European University<\/strong> profitieren von kleinen Klassengr\u00f6\u00dfen mit Gruppen von nur 8-10 Personen pro Klasse. Die kleinen Lerngruppen erm\u00f6glichen es den Lehrern, w\u00e4hrend des Unterrichts mit jedem Sch\u00fcler zu kommunizieren. Wir f\u00fchren t\u00e4glich kleine Tests durch. Wenn Sie diese aus triftigen Gr\u00fcnden verpassen, bieten wir kostenlosen Privatunterricht an. Die Universit\u00e4t bietet einen europ\u00e4ischen Lebensstandard zu geringeren Kosten, wodurch Studium und Reisen erschwinglicher werden. Auch die <strong>Bildungs- und Lebenshaltungskosten sind sehr vern\u00fcnftig<\/strong>. Die International European University gew\u00e4hrleistet die pers\u00f6nliche Betreuung jedes Studenten, wobei 100 % Anwesenheit erforderlich ist.<\/p>\n<p>Absolventen der International European University sind bei internationalen Unternehmen sehr gefragt, sie erhalten<strong> in der Regel sehr leicht gute Stellenangebote in verschiedenen L\u00e4ndern.<\/strong> Wir arbeiten mit einem riesigen Netzwerk von Universit\u00e4ten aus der ganzen Welt zusammen. Die International European University bietet eine breite Palette an Graduierten- und Postgraduiertenkursen sowie hervorragende Ressourcen und Unterst\u00fctzungseinrichtungen. Es bietet Studierenden die M\u00f6glichkeit, mit einer vielf\u00e4ltigen Studierendenschaft zu interagieren, da sich jedes Jahr \u00fcber 2.000 internationale Studierende einschreiben. Internationale Studierende werden Teil unserer florierenden akademischen Gemeinschaft, um von Experten zu lernen und alle erforderlichen Qualifikationen zu erwerben, was eine allumfassende Erfahrung gew\u00e4hrleistet, an die sie sich f\u00fcr immer erinnern werden.<\/p>\n<p>Die International European University befindet sich in einer der sch\u00f6nsten und geschichtstr\u00e4chtigsten St\u00e4dte der Welt. Kiew, die Hauptstadt der Ukraine, ist ein wichtiges<strong> internationales Zentrum f\u00fcr Wirtschaft, Kultur und Kommunikation<\/strong>. Unsere Studierenden haben die M\u00f6glichkeit, in modernen, gut ausgestatteten Abteilungen zu arbeiten, die den Erwerb von Wissen auf h\u00f6chstem Niveau erleichtern. Dar\u00fcber hinaus hat die International European University k\u00fcrzlich eine neue Klinik er\u00f6ffnet, die mit den neuesten Diagnose- und Therapieger\u00e4ten ausgestattet ist, und Studierende k\u00f6nnen auch Erfahrungen in anderen f\u00fchrenden Krankenh\u00e4usern und Kliniken in der gesamten Ukraine sammeln. Die International European University arbeitet mit international anerkannten Forschungsinstituten zusammen, um thematisch verwandte akademische Forschung zu betreiben. Mit multidisziplin\u00e4ren Instituten bringen wir verwandte Disziplinen zusammen, um wichtige wissenschaftliche Probleme in einer dynamischen und intellektuell anregenden Umgebung anzugehen.<\/p>\n<p>Bewerben Sie sich also jetzt gleich an der International European University, um eine qualitativ hochwertige Ausbildung in Europa zu erhalten und sich eine erfolgreiche Zukunft aufzubauen!<\/p>\n","protected":false},"excerpt":{"rendered":"<p>Gr\u00fcnde, sich f\u00fcr uns zu entscheiden Wenn Sie eine qualitativ hochwertige Ausbildung an einer der besten Universit\u00e4ten Europas absolvieren m\u00f6chten, ist die International European University die richtige Wahl f\u00fcr Sie! Die Zahl der ausl\u00e4ndischen Studenten, die an der International European University ein Hochschulstudium absolvieren m\u00f6chten, steigt j\u00e4hrlich. Unsere Universit\u00e4t bietet hervorragende M\u00f6glichkeiten, akademische Abschl\u00fcsse in [&hellip;]<\/p>\n","protected":false},"author":1,"featured_media":2202,"parent":0,"menu_order":0,"comment_status":"closed","ping_status":"closed","template":"","meta":{"ngg_post_thumbnail":0,"footnotes":""},"class_list":["post-170","page","type-page","status-publish","has-post-thumbnail","hentry"],"acf":[],"yoast_head":"<!-- This site is optimized with the Yoast SEO plugin v20.8 - https:\/\/yoast.com\/wordpress\/plugins\/seo\/ -->\n<title>WHY CHOOSE US | INTERNATIONAL EUROPEAN UNIVERSITY UKRAINE | WHY CHOOSE INTERNATIONAL EUROPEAN UNIVERSITY | STUDY IN EUROPE | HIGH-QUALITY EDUCATION IN EUROPE | AFFORDABLE EUROPEAN EDUCATION<\/title>\n<meta name=\"robots\" content=\"index, follow, max-snippet:-1, max-image-preview:large, max-video-preview:-1\" \/>\n<link rel=\"canonical\" href=\"http:\/\/ieu.university\/why-choose\/\" \/>\n<meta property=\"og:locale\" content=\"en_US\" \/>\n<meta property=\"og:type\" content=\"article\" \/>\n<meta property=\"og:title\" content=\"WHY CHOOSE US | INTERNATIONAL EUROPEAN UNIVERSITY UKRAINE | WHY CHOOSE INTERNATIONAL EUROPEAN UNIVERSITY | STUDY IN EUROPE | HIGH-QUALITY EDUCATION IN EUROPE | AFFORDABLE EUROPEAN EDUCATION\" \/>\n<meta property=\"og:description\" content=\"Gr\u00fcnde, sich f\u00fcr uns zu entscheiden Wenn Sie eine qualitativ hochwertige Ausbildung an einer der besten Universit\u00e4ten Europas absolvieren m\u00f6chten, ist die International European University die richtige Wahl f\u00fcr Sie! Die Zahl der ausl\u00e4ndischen Studenten, die an der International European University ein Hochschulstudium absolvieren m\u00f6chten, steigt j\u00e4hrlich. Unsere Universit\u00e4t bietet hervorragende M\u00f6glichkeiten, akademische Abschl\u00fcsse in [&hellip;]\" \/>\n<meta property=\"og:url\" content=\"http:\/\/ieu.university\/de\/why-choose\/\" \/>\n<meta property=\"og:site_name\" content=\"INTERNATIONAL EUROPEAN UNIVERSITY, UKRAINE | EUROPE | STUDY IN UKRAINE | STUDY IN EUROPE | MBBS | GENERAL MEDICINE | BUSINESS | ENGINEERING | IT | EUROPE\" \/>\n<meta property=\"article:modified_time\" content=\"2025-01-06T09:58:44+00:00\" \/>\n<meta property=\"og:image\" content=\"http:\/\/ieu.university\/wp-content\/uploads\/2023\/05\/reasons-to-choose-us-desktop.png\" \/>\n\t<meta property=\"og:image:width\" content=\"1272\" \/>\n\t<meta property=\"og:image:height\" content=\"386\" \/>\n\t<meta property=\"og:image:type\" content=\"image\/png\" \/>\n<meta name=\"twitter:card\" content=\"summary_large_image\" \/>\n<meta name=\"twitter:label1\" content=\"Est. reading time\" \/>\n\t<meta name=\"twitter:data1\" content=\"3 minutes\" \/>\n<script type=\"application\/ld+json\" class=\"yoast-schema-graph\">{\"@context\":\"https:\/\/schema.org\",\"@graph\":[{\"@type\":\"WebPage\",\"@id\":\"http:\/\/ieu.university\/why-choose\/\",\"url\":\"http:\/\/ieu.university\/why-choose\/\",\"name\":\"WHY CHOOSE US | INTERNATIONAL EUROPEAN UNIVERSITY UKRAINE | WHY CHOOSE INTERNATIONAL EUROPEAN UNIVERSITY | STUDY IN EUROPE | HIGH-QUALITY EDUCATION IN EUROPE | AFFORDABLE EUROPEAN EDUCATION\",\"isPartOf\":{\"@id\":\"http:\/\/ieu.university\/ru\/#website\"},\"datePublished\":\"2022-09-23T12:55:58+00:00\",\"dateModified\":\"2025-01-06T09:58:44+00:00\",\"inLanguage\":\"en-US\",\"potentialAction\":[{\"@type\":\"ReadAction\",\"target\":[\"http:\/\/ieu.university\/why-choose\/\"]}]},{\"@type\":\"WebSite\",\"@id\":\"http:\/\/ieu.university\/ru\/#website\",\"url\":\"http:\/\/ieu.university\/ru\/\",\"name\":\"INTERNATIONAL EUROPEAN UNIVERSITY, UKRAINE | EUROPE | STUDY IN UKRAINE | STUDY IN EUROPE | MBBS | GENERAL MEDICINE | BUSINESS | ENGINEERING | IT | EUROPE\",\"description\":\"INTERNATIONAL EUROPEAN UNIVERSITY, UKRAINE | EUROPE | STUDY IN UKRAINE | STUDY IN EUROPE | MBBS | GENERAL MEDICINE | BUSINESS | ENGINEERING | IT | EUROPE\",\"potentialAction\":[{\"@type\":\"SearchAction\",\"target\":{\"@type\":\"EntryPoint\",\"urlTemplate\":\"http:\/\/ieu.university\/ru\/?s={search_term_string}\"},\"query-input\":\"required name=search_term_string\"}],\"inLanguage\":\"en-US\"}]}<\/script>\n<!-- \/ Yoast SEO plugin. -->","yoast_head_json":{"title":"WHY CHOOSE US | INTERNATIONAL EUROPEAN UNIVERSITY UKRAINE | WHY CHOOSE INTERNATIONAL EUROPEAN UNIVERSITY | STUDY IN EUROPE | HIGH-QUALITY EDUCATION IN EUROPE | AFFORDABLE EUROPEAN EDUCATION","robots":{"index":"index","follow":"follow","max-snippet":"max-snippet:-1","max-image-preview":"max-image-preview:large","max-video-preview":"max-video-preview:-1"},"canonical":"http:\/\/ieu.university\/why-choose\/","og_locale":"en_US","og_type":"article","og_title":"WHY CHOOSE US | INTERNATIONAL EUROPEAN UNIVERSITY UKRAINE | WHY CHOOSE INTERNATIONAL EUROPEAN UNIVERSITY | STUDY IN EUROPE | HIGH-QUALITY EDUCATION IN EUROPE | AFFORDABLE EUROPEAN EDUCATION","og_description":"Gr\u00fcnde, sich f\u00fcr uns zu entscheiden Wenn Sie eine qualitativ hochwertige Ausbildung an einer der besten Universit\u00e4ten Europas absolvieren m\u00f6chten, ist die International European University die richtige Wahl f\u00fcr Sie! Die Zahl der ausl\u00e4ndischen Studenten, die an der International European University ein Hochschulstudium absolvieren m\u00f6chten, steigt j\u00e4hrlich. Unsere Universit\u00e4t bietet hervorragende M\u00f6glichkeiten, akademische Abschl\u00fcsse in [&hellip;]","og_url":"http:\/\/ieu.university\/de\/why-choose\/","og_site_name":"INTERNATIONAL EUROPEAN UNIVERSITY, UKRAINE | EUROPE | STUDY IN UKRAINE | STUDY IN EUROPE | MBBS | GENERAL MEDICINE | BUSINESS | ENGINEERING | IT | EUROPE","article_modified_time":"2025-01-06T09:58:44+00:00","og_image":[{"width":1272,"height":386,"url":"http:\/\/ieu.university\/wp-content\/uploads\/2023\/05\/reasons-to-choose-us-desktop.png","type":"image\/png"}],"twitter_card":"summary_large_image","twitter_misc":{"Est. reading time":"3 minutes"},"schema":{"@context":"https:\/\/schema.org","@graph":[{"@type":"WebPage","@id":"http:\/\/ieu.university\/why-choose\/","url":"http:\/\/ieu.university\/why-choose\/","name":"WHY CHOOSE US | INTERNATIONAL EUROPEAN UNIVERSITY UKRAINE | WHY CHOOSE INTERNATIONAL EUROPEAN UNIVERSITY | STUDY IN EUROPE | HIGH-QUALITY EDUCATION IN EUROPE | AFFORDABLE EUROPEAN EDUCATION","isPartOf":{"@id":"http:\/\/ieu.university\/ru\/#website"},"datePublished":"2022-09-23T12:55:58+00:00","dateModified":"2025-01-06T09:58:44+00:00","inLanguage":"en-US","potentialAction":[{"@type":"ReadAction","target":["http:\/\/ieu.university\/why-choose\/"]}]},{"@type":"WebSite","@id":"http:\/\/ieu.university\/ru\/#website","url":"http:\/\/ieu.university\/ru\/","name":"INTERNATIONAL EUROPEAN UNIVERSITY, UKRAINE | EUROPE | STUDY IN UKRAINE | STUDY IN EUROPE | MBBS | GENERAL MEDICINE | BUSINESS | ENGINEERING | IT | EUROPE","description":"INTERNATIONAL EUROPEAN UNIVERSITY, UKRAINE | EUROPE | STUDY IN UKRAINE | STUDY IN EUROPE | MBBS | GENERAL MEDICINE | BUSINESS | ENGINEERING | IT | EUROPE","potentialAction":[{"@type":"SearchAction","target":{"@type":"EntryPoint","urlTemplate":"http:\/\/ieu.university\/ru\/?s={search_term_string}"},"query-input":"required name=search_term_string"}],"inLanguage":"en-US"}]}},"_links":{"self":[{"href":"http:\/\/ieu.university\/de\/wp-json\/wp\/v2\/pages\/170","targetHints":{"allow":["GET"]}}],"collection":[{"href":"http:\/\/ieu.university\/de\/wp-json\/wp\/v2\/pages"}],"about":[{"href":"http:\/\/ieu.university\/de\/wp-json\/wp\/v2\/types\/page"}],"author":[{"embeddable":true,"href":"http:\/\/ieu.university\/de\/wp-json\/wp\/v2\/users\/1"}],"replies":[{"embeddable":true,"href":"http:\/\/ieu.university\/de\/wp-json\/wp\/v2\/comments?post=170"}],"version-history":[{"count":20,"href":"http:\/\/ieu.university\/de\/wp-json\/wp\/v2\/pages\/170\/revisions"}],"predecessor-version":[{"id":4550,"href":"http:\/\/ieu.university\/de\/wp-json\/wp\/v2\/pages\/170\/revisions\/4550"}],"wp:featuredmedia":[{"embeddable":true,"href":"http:\/\/ieu.university\/de\/wp-json\/wp\/v2\/media\/2202"}],"wp:attachment":[{"href":"http:\/\/ieu.university\/de\/wp-json\/wp\/v2\/media?parent=170"}],"curies":[{"name":"wp","href":"https:\/\/api.w.org\/{rel}","templated":true}]}}