{"id":172,"date":"2022-09-23T15:57:26","date_gmt":"2022-09-23T12:57:26","guid":{"rendered":"http:\/\/ieu.university\/?page_id=172"},"modified":"2025-01-06T12:33:15","modified_gmt":"2025-01-06T09:33:15","slug":"admission-process","status":"publish","type":"page","link":"http:\/\/ieu.university\/de\/admission-process\/","title":{"rendered":"Zulassungsverfahren"},"content":{"rendered":"<h2>SCHRITT 1: SENDEN DER DOKUMENTE<\/h2>\n<p>Sobald die Studierenden vollst\u00e4ndige Informationen zu Studiengeb\u00fchren und Studieng\u00e4ngen erhalten haben, k\u00f6nnen sie mit dem Zulassungsverfahren beginnen. Studierende k\u00f6nnen <strong>die Dokumente per E-Mail senden<\/strong> <strong>oder ein Online-Bewerbungsformular auf der Website<\/strong> der International European University ausf\u00fcllen.<\/p>\n<p>Die erforderlichen Dokumente:<\/p>\n<ul>\n<li>Kopie des internationalen Reisepasses oder Personalausweises (muss mindestens 2 Jahre g\u00fcltig sein);<\/li>\n<li>Kopie des High-School-Zeugnisses mit einem Zeugnis;<\/li>\n<li>Kopie des Bachelor-Abschlusses mit einem Zeugnis (nur f\u00fcr Master-Bewerber);<\/li>\n<li>Ausgef\u00fclltes Bewerbungsformular.<\/li>\n<\/ul>\n<p>Sobald der Studierende angenommen ist, stellen wir ihm innerhalb eines Werktags eine Zulassungsbest\u00e4tigung aus.<\/p>\n<h2>SCHRITT 2: EINLADUNGSSCHREIBEN ERHALTEN<\/h2>\n<p>Um das Einladungsschreiben der International European University zu erhalten, m\u00fcssen Studierende die <strong>Einladungsgeb\u00fchr <\/strong>bezahlen. Nach Eingang der Einladungsgeb\u00fchr werden die Unterlagen der Studierenden an das <strong>Ministerium f\u00fcr Bildung und Wissenschaft der Ukraine<\/strong> \u00fcbermittelt, um ein Einladungsschreiben auszustellen. Es dauert ungef\u00e4hr 7-10 Werktage, bis das Einladungsschreiben eintrifft. Bitte beachten Sie, dass die Kurierkosten in der <strong>Einladungsgeb\u00fchr<\/strong> enthalten sind. Die Zulassungsabteilung h\u00e4lt die Studierenden \u00fcber den gesamten Prozess auf dem Laufenden und beantwortet w\u00e4hrend der Wartezeit alle Fragen der Studierenden.<\/p>\n<p>Erforderliche Dokumente:<\/p>\n<ul>\n<li>Ausgef\u00fclltes Bewerbungsformular;<\/li>\n<li>Kopie des Reisepasses;<\/li>\n<li>Kopie des Schulzeugnisses;<\/li>\n<li>Best\u00e4tigung der Zahlung des Einladungsschreibens, der Kurierkosten und der gesamten Studiengeb\u00fchr f\u00fcr das erste Studienjahr.<\/li>\n<\/ul>\n<h2>SCHRITT 3: EIN VISUM ERHALTEN<\/h2>\n<p>Nach Erhalt eines Einladungsschreibens von der IEU sollten sich die Studierenden an die n\u00e4chstgelegene ukrainische Botschaft in ihrem Land wenden.<\/p>\n<p>Erw\u00e4hnen Sie, dass das Zulassungsteam der IEU den Visaprozess f\u00fcr Studenten schnell und bequem gestalten wird, sodass sie sich keine Sorgen machen m\u00fcssen, etwas zu verpassen. Wir helfen beim Sammeln aller erforderlichen Dokumente, damit die Studenten ihr Visum so schnell wie m\u00f6glich erhalten!<\/p>\n<h2>SCHRITT 4: ANKUNFT IN DER UKRAINE<\/h2>\n<p>Wir informieren Studenten immer \u00fcber die g\u00fcnstigsten Tickets in der Ukraine, versorgen sie mit Informationen \u00fcber die besten Fl\u00fcge und Fluganbieter und helfen ihnen, den passenden Flug zu buchen.<\/p>\n<p>Studenten sollten unserem Vertreter alle Informationen zu den Ankunftsdetails mitteilen: Flugnummer, Datum, Uhrzeit und Ankunftshafen<strong> mindestens eine Woche vor ihrer Ankunft<\/strong>, sobald sie Tickets kaufen. Der Vertreter der Universit\u00e4t wird den Studenten bei der Ankunft am Flughafen abholen.<\/p>\n<h2>SCHRITT 5: BEGINNEN SIE MIT DEM UNTERRICHT<\/h2>\n<p>Sobald der Student in der Ukraine ankommt, wird das Personal der IEU den Registrierungsprozess innerhalb von 1-3 Werktagen abschlie\u00dfen, damit die Studenten gleich danach mit dem Unterricht beginnen k\u00f6nnen!<\/p>\n<p><strong><i>* Bitte beachten Sie, dass es im Zulassungsverfahren von Land zu Land leichte Unterschiede gibt, die bei der Zulassung jedes Studierenden individuell besprochen werden.<\/i><\/strong><\/p>\n","protected":false},"excerpt":{"rendered":"<p>SCHRITT 1: SENDEN DER DOKUMENTE Sobald die Studierenden vollst\u00e4ndige Informationen zu Studiengeb\u00fchren und Studieng\u00e4ngen erhalten haben, k\u00f6nnen sie mit dem Zulassungsverfahren beginnen. Studierende k\u00f6nnen die Dokumente per E-Mail senden oder ein Online-Bewerbungsformular auf der Website der International European University ausf\u00fcllen. Die erforderlichen Dokumente: Kopie des internationalen Reisepasses oder Personalausweises (muss mindestens 2 Jahre g\u00fcltig sein); [&hellip;]<\/p>\n","protected":false},"author":1,"featured_media":3628,"parent":0,"menu_order":0,"comment_status":"closed","ping_status":"closed","template":"","meta":{"ngg_post_thumbnail":0,"footnotes":""},"class_list":["post-172","page","type-page","status-publish","has-post-thumbnail","hentry"],"acf":[],"yoast_head":"<!-- This site is optimized with the Yoast SEO plugin v20.8 - https:\/\/yoast.com\/wordpress\/plugins\/seo\/ -->\n<title>ADMISSION PROCESS OF INTERNATIONAL EUROPEAN UNIVERSITY | ADMISSION PROCESS IN EUROPE | ADMISSION PROCESS IN UKRAINE | UNIVERSITY IN EUROPE | ADMISSION PROCESS FOR UNIVERSITY IN UKRAINE | EDUCATION IN EUROPE<\/title>\n<meta name=\"robots\" content=\"index, follow, max-snippet:-1, max-image-preview:large, max-video-preview:-1\" \/>\n<link rel=\"canonical\" href=\"https:\/\/ieu.university\/admission-process\/\" \/>\n<meta property=\"og:locale\" content=\"en_US\" \/>\n<meta property=\"og:type\" content=\"article\" \/>\n<meta property=\"og:title\" content=\"ADMISSION PROCESS OF INTERNATIONAL EUROPEAN UNIVERSITY | ADMISSION PROCESS IN EUROPE | ADMISSION PROCESS IN UKRAINE | UNIVERSITY IN EUROPE | ADMISSION PROCESS FOR UNIVERSITY IN UKRAINE | EDUCATION IN EUROPE\" \/>\n<meta property=\"og:description\" content=\"SCHRITT 1: SENDEN DER DOKUMENTE Sobald die Studierenden vollst\u00e4ndige Informationen zu Studiengeb\u00fchren und Studieng\u00e4ngen erhalten haben, k\u00f6nnen sie mit dem Zulassungsverfahren beginnen. Studierende k\u00f6nnen die Dokumente per E-Mail senden oder ein Online-Bewerbungsformular auf der Website der International European University ausf\u00fcllen. Die erforderlichen Dokumente: Kopie des internationalen Reisepasses oder Personalausweises (muss mindestens 2 Jahre g\u00fcltig sein); [&hellip;]\" \/>\n<meta property=\"og:url\" content=\"http:\/\/ieu.university\/de\/admission-process\/\" \/>\n<meta property=\"og:site_name\" content=\"INTERNATIONAL EUROPEAN UNIVERSITY, UKRAINE | EUROPE | STUDY IN UKRAINE | STUDY IN EUROPE | MBBS | GENERAL MEDICINE | BUSINESS | ENGINEERING | IT | EUROPE\" \/>\n<meta property=\"article:modified_time\" content=\"2025-01-06T09:33:15+00:00\" \/>\n<meta property=\"og:image\" content=\"https:\/\/ieu.university\/wp-content\/uploads\/2024\/07\/Admission-Process.png\" \/>\n\t<meta property=\"og:image:width\" content=\"1272\" \/>\n\t<meta property=\"og:image:height\" content=\"386\" \/>\n\t<meta property=\"og:image:type\" content=\"image\/png\" \/>\n<meta name=\"twitter:card\" content=\"summary_large_image\" \/>\n<meta name=\"twitter:label1\" content=\"Est. reading time\" \/>\n\t<meta name=\"twitter:data1\" content=\"2 minutes\" \/>\n<script type=\"application\/ld+json\" class=\"yoast-schema-graph\">{\"@context\":\"https:\/\/schema.org\",\"@graph\":[{\"@type\":\"WebPage\",\"@id\":\"https:\/\/ieu.university\/admission-process\/\",\"url\":\"https:\/\/ieu.university\/admission-process\/\",\"name\":\"ADMISSION PROCESS OF INTERNATIONAL EUROPEAN UNIVERSITY | ADMISSION PROCESS IN EUROPE | ADMISSION PROCESS IN UKRAINE | UNIVERSITY IN EUROPE | ADMISSION PROCESS FOR UNIVERSITY IN UKRAINE | EDUCATION IN EUROPE\",\"isPartOf\":{\"@id\":\"https:\/\/ieu.university\/#website\"},\"datePublished\":\"2022-09-23T12:57:26+00:00\",\"dateModified\":\"2025-01-06T09:33:15+00:00\",\"inLanguage\":\"en-US\",\"potentialAction\":[{\"@type\":\"ReadAction\",\"target\":[\"https:\/\/ieu.university\/admission-process\/\"]}]},{\"@type\":\"WebSite\",\"@id\":\"https:\/\/ieu.university\/#website\",\"url\":\"https:\/\/ieu.university\/\",\"name\":\"INTERNATIONAL EUROPEAN UNIVERSITY, UKRAINE | EUROPE | STUDY IN UKRAINE | STUDY IN EUROPE | MBBS | GENERAL MEDICINE | BUSINESS | ENGINEERING | IT | EUROPE\",\"description\":\"INTERNATIONAL EUROPEAN UNIVERSITY, UKRAINE | EUROPE | STUDY IN UKRAINE | STUDY IN EUROPE | MBBS | GENERAL MEDICINE | BUSINESS | ENGINEERING | IT | EUROPE\",\"potentialAction\":[{\"@type\":\"SearchAction\",\"target\":{\"@type\":\"EntryPoint\",\"urlTemplate\":\"https:\/\/ieu.university\/?s={search_term_string}\"},\"query-input\":\"required name=search_term_string\"}],\"inLanguage\":\"en-US\"}]}<\/script>\n<!-- \/ Yoast SEO plugin. -->","yoast_head_json":{"title":"ADMISSION PROCESS OF INTERNATIONAL EUROPEAN UNIVERSITY | ADMISSION PROCESS IN EUROPE | ADMISSION PROCESS IN UKRAINE | UNIVERSITY IN EUROPE | ADMISSION PROCESS FOR UNIVERSITY IN UKRAINE | EDUCATION IN EUROPE","robots":{"index":"index","follow":"follow","max-snippet":"max-snippet:-1","max-image-preview":"max-image-preview:large","max-video-preview":"max-video-preview:-1"},"canonical":"https:\/\/ieu.university\/admission-process\/","og_locale":"en_US","og_type":"article","og_title":"ADMISSION PROCESS OF INTERNATIONAL EUROPEAN UNIVERSITY | ADMISSION PROCESS IN EUROPE | ADMISSION PROCESS IN UKRAINE | UNIVERSITY IN EUROPE | ADMISSION PROCESS FOR UNIVERSITY IN UKRAINE | EDUCATION IN EUROPE","og_description":"SCHRITT 1: SENDEN DER DOKUMENTE Sobald die Studierenden vollst\u00e4ndige Informationen zu Studiengeb\u00fchren und Studieng\u00e4ngen erhalten haben, k\u00f6nnen sie mit dem Zulassungsverfahren beginnen. Studierende k\u00f6nnen die Dokumente per E-Mail senden oder ein Online-Bewerbungsformular auf der Website der International European University ausf\u00fcllen. Die erforderlichen Dokumente: Kopie des internationalen Reisepasses oder Personalausweises (muss mindestens 2 Jahre g\u00fcltig sein); [&hellip;]","og_url":"http:\/\/ieu.university\/de\/admission-process\/","og_site_name":"INTERNATIONAL EUROPEAN UNIVERSITY, UKRAINE | EUROPE | STUDY IN UKRAINE | STUDY IN EUROPE | MBBS | GENERAL MEDICINE | BUSINESS | ENGINEERING | IT | EUROPE","article_modified_time":"2025-01-06T09:33:15+00:00","og_image":[{"width":1272,"height":386,"url":"https:\/\/ieu.university\/wp-content\/uploads\/2024\/07\/Admission-Process.png","type":"image\/png"}],"twitter_card":"summary_large_image","twitter_misc":{"Est. reading time":"2 minutes"},"schema":{"@context":"https:\/\/schema.org","@graph":[{"@type":"WebPage","@id":"https:\/\/ieu.university\/admission-process\/","url":"https:\/\/ieu.university\/admission-process\/","name":"ADMISSION PROCESS OF INTERNATIONAL EUROPEAN UNIVERSITY | ADMISSION PROCESS IN EUROPE | ADMISSION PROCESS IN UKRAINE | UNIVERSITY IN EUROPE | ADMISSION PROCESS FOR UNIVERSITY IN UKRAINE | EDUCATION IN EUROPE","isPartOf":{"@id":"https:\/\/ieu.university\/#website"},"datePublished":"2022-09-23T12:57:26+00:00","dateModified":"2025-01-06T09:33:15+00:00","inLanguage":"en-US","potentialAction":[{"@type":"ReadAction","target":["https:\/\/ieu.university\/admission-process\/"]}]},{"@type":"WebSite","@id":"https:\/\/ieu.university\/#website","url":"https:\/\/ieu.university\/","name":"INTERNATIONAL EUROPEAN UNIVERSITY, UKRAINE | EUROPE | STUDY IN UKRAINE | STUDY IN EUROPE | MBBS | GENERAL MEDICINE | BUSINESS | ENGINEERING | IT | EUROPE","description":"INTERNATIONAL EUROPEAN UNIVERSITY, UKRAINE | EUROPE | STUDY IN UKRAINE | STUDY IN EUROPE | MBBS | GENERAL MEDICINE | BUSINESS | ENGINEERING | IT | EUROPE","potentialAction":[{"@type":"SearchAction","target":{"@type":"EntryPoint","urlTemplate":"https:\/\/ieu.university\/?s={search_term_string}"},"query-input":"required name=search_term_string"}],"inLanguage":"en-US"}]}},"_links":{"self":[{"href":"http:\/\/ieu.university\/de\/wp-json\/wp\/v2\/pages\/172","targetHints":{"allow":["GET"]}}],"collection":[{"href":"http:\/\/ieu.university\/de\/wp-json\/wp\/v2\/pages"}],"about":[{"href":"http:\/\/ieu.university\/de\/wp-json\/wp\/v2\/types\/page"}],"author":[{"embeddable":true,"href":"http:\/\/ieu.university\/de\/wp-json\/wp\/v2\/users\/1"}],"replies":[{"embeddable":true,"href":"http:\/\/ieu.university\/de\/wp-json\/wp\/v2\/comments?post=172"}],"version-history":[{"count":28,"href":"http:\/\/ieu.university\/de\/wp-json\/wp\/v2\/pages\/172\/revisions"}],"predecessor-version":[{"id":4419,"href":"http:\/\/ieu.university\/de\/wp-json\/wp\/v2\/pages\/172\/revisions\/4419"}],"wp:featuredmedia":[{"embeddable":true,"href":"http:\/\/ieu.university\/de\/wp-json\/wp\/v2\/media\/3628"}],"wp:attachment":[{"href":"http:\/\/ieu.university\/de\/wp-json\/wp\/v2\/media?parent=172"}],"curies":[{"name":"wp","href":"https:\/\/api.w.org\/{rel}","templated":true}]}}