{"id":174,"date":"2022-09-23T15:59:31","date_gmt":"2022-09-23T12:59:31","guid":{"rendered":"http:\/\/ieu.university\/?page_id=174"},"modified":"2025-10-27T13:38:12","modified_gmt":"2025-10-27T10:38:12","slug":"tuition-fees-campus","status":"publish","type":"page","link":"http:\/\/ieu.university\/de\/tuition-fees-campus\/","title":{"rendered":"Studiengeb\u00fchren"},"content":{"rendered":"<div class=\"info-block\">\n<div class=\" new-tuition\">\n<div id=\"medical\" class=\"none\">&nbsp;<\/div>\n<h2 class=\"info-submain-title\">Europ\u00e4ische Medizinische Hochschule<\/h2>\n<h3>Medizinische Studieng\u00e4nge<\/h3>\n<p>*Bitte beachten Sie, dass die Studiengeb\u00fchren pro Jahr angegeben sind<\/p>\n<div class=\"table-and-btn\">\n<table>\n<tbody>\n<tr>\n<th>Kurs<\/th>\n<th>Dauer<\/th>\n<th>Unterrichtssprache<\/th>\n<th>Studiengeb\u00fchr (USD)<\/th>\n<\/tr>\n<tr>\n<td>Allgemeinmedizin<\/td>\n<td>6 Jahre<\/td>\n<td>Englisch<\/td>\n<td>4 300<\/td>\n<\/tr>\n<tr>\n<td>Zahnmedizin<\/td>\n<td>5 Jahre<\/td>\n<td>Englisch<\/td>\n<td>4 300<\/td>\n<\/tr>\n<tr>\n<td>Pharmazie<\/td>\n<td>5 Jahre<\/td>\n<td>Englisch<\/td>\n<td>4 300<\/td>\n<\/tr>\n<tr>\n<td>Pflegewissenschaft<\/td>\n<td>4 Jahre<\/td>\n<td>Englisch&nbsp;<\/td>\n<td>4 300<\/td>\n<\/tr>\n<tr>\n<td>Medizinisch-technische Laborwissenschaft&nbsp;<\/td>\n<td>5 Jahre<\/td>\n<td>Englisch&nbsp;<\/td>\n<td>4 300<\/td>\n<\/tr>\n<tr>\n<td>\u00d6ffentliche Gesundheit<\/td>\n<td>4 Jahre<\/td>\n<td>Englisch&nbsp;<\/td>\n<td>4 300<\/td>\n<\/tr>\n<tr>\n<td>Biomedizin<\/td>\n<td>4 Jahre<\/td>\n<td>Englisch&nbsp;<\/td>\n<td>4 300<\/td>\n<\/tr>\n<tr>\n<td>Physiotherapie<\/td>\n<td>4 Jahre<\/td>\n<td>Englisch&nbsp;<\/td>\n<td>4 300<\/td>\n<\/tr>\n<\/tbody>\n<\/table>\n<\/div>\n<h3>Weitere Ausgaben<\/h3>\n<p>Krankenversicherung: <strong>100 EUR<\/strong>&nbsp;pro Jahr (Einmalzahlung, abh\u00e4ngig von der Studiendauer)<\/p>\n<p>Tempor\u00e4re Aufenthaltserlaubnis und medizinische Untersuchung: <strong>200 EUR<\/strong>&nbsp;(Einmalzahlung);<\/p>\n<p>Unterkunft: <strong>1200 EUR<\/strong>&nbsp;(pro Jahr);<\/p>\n<p>Verwaltungsgeb\u00fchr, Aufnahmegeb\u00fchr, Registrierungsgeb\u00fchr, Flughafentransfer, Einwanderungsgeb\u00fchren, Vermittlungsgeb\u00fchren usw.: <strong>1800 EUR<\/strong>&nbsp;NUR IM ERSTEN JAHR.<\/p>\n<h3>Postgraduale medizinische Studieng\u00e4nge<\/h3>\n<p>*Bitte beachten Sie, dass die Studiengeb\u00fchren pro Jahr angegeben sind<\/p>\n<div class=\"table-and-btn\">\n<table>\n<tbody>\n<tr>\n<th>Kurs<\/th>\n<th>Dauer&nbsp;<\/th>\n<th>Unterrichtssprache<\/th>\n<th>Studiengeb\u00fchr (USD)<\/th>\n<\/tr>\n<tr>\n<td>Postgraduale Medizinische Studieng\u00e4nge (verschiedene Fachrichtungen)<\/td>\n<td>1\u20133 Jahre<\/td>\n<td>Englisch&nbsp;<\/td>\n<td>6 500<\/td>\n<\/tr>\n<tr>\n<td>Master Zahnmedizin<\/td>\n<td>2 Jahre<\/td>\n<td>Englisch&nbsp;<\/td>\n<td>6 500<\/td>\n<\/tr>\n<tr>\n<td>Master Pflegewissenschaft<\/td>\n<td>2 Jahre<\/td>\n<td>Englisch&nbsp;<\/td>\n<td>6 500<\/td>\n<\/tr>\n<tr>\n<td>Master Pharmazie<\/td>\n<td>2 Jahre<\/td>\n<td>Englisch&nbsp;<\/td>\n<td>6 500<\/td>\n<\/tr>\n<tr>\n<td>Master Medizinisch-technische Laborwissenschaft<\/td>\n<td>2 Jahre<\/td>\n<td>Englisch&nbsp;<\/td>\n<td>6 500<\/td>\n<\/tr>\n<tr>\n<td>Master \u00d6ffentliche Gesundheit<\/td>\n<td>2 Jahre<\/td>\n<td>Englisch&nbsp;<\/td>\n<td>6 500<\/td>\n<\/tr>\n<tr>\n<td>Master Physiotherapie<\/td>\n<td>2 Jahre<\/td>\n<td>Englisch<\/td>\n<td>6 500<\/td>\n<\/tr>\n<\/tbody>\n<\/table>\n<\/div>\n<h3>Weitere Ausgaben<\/h3>\n<p>Krankenversicherung: <strong>100 EUR<\/strong> pro Jahr (Einmalzahlung, abh\u00e4ngig von der Studiendauer)<\/p>\n<p>Tempor\u00e4re Aufenthaltserlaubnis und medizinische Untersuchung: <strong>200 EUR<\/strong> (Einmalzahlung);<\/p>\n<p>Unterkunft: <strong>1200 EUR<\/strong> (pro Jahr)<\/p>\n<p>Geb\u00fchr f\u00fcr Anerkennung und Zertifizierung: <strong>1 000 EUR<\/strong> (Einmalzahlung)<\/p>\n<p>Verwaltungsgeb\u00fchr, Aufnahmegeb\u00fchr, Registrierungsgeb\u00fchr, Flughafentransfer, Einwanderungsgeb\u00fchren, Vermittlungsgeb\u00fchren usw.: <strong>1800 EUR<\/strong> NUR IM ERSTEN JAHR<\/p>\n<\/div>\n<div class=\" new-tuition\">\n<div id=\"business\" class=\"none\">&nbsp;<\/div>\n<h2 class=\"info-submain-title solo\">Europ\u00e4ische Wirtschaftshochschule<\/h2>\n<p>*Bitte beachten Sie, dass die Studiengeb\u00fchren pro Jahr angegeben sind<\/p>\n<div class=\"table-and-btn\">\n<table>\n<tbody>\n<tr>\n<th>Bildungsniveau<\/th>\n<th>Dauer<\/th>\n<th>Unterrichtssprache<\/th>\n<th>Studiengeb\u00fchr (USD)<\/th>\n<\/tr>\n<tr>\n<td>Bachelor<\/td>\n<td>4 Jahre<\/td>\n<td>Englisch<\/td>\n<td>2 000<\/td>\n<\/tr>\n<tr>\n<td>Master<\/td>\n<td>2 Jahre<\/td>\n<td>Englisch<\/td>\n<td>2 000<\/td>\n<\/tr>\n<\/tbody>\n<\/table>\n<\/div>\n<h3>Weitere Ausgaben<\/h3>\n<p>Krankenversicherung: <strong>100 EUR<\/strong> pro Jahr (Einmalzahlung, abh\u00e4ngig von der Studiendauer)<\/p>\n<p>Tempor\u00e4re Aufenthaltserlaubnis und medizinische Untersuchung: <strong>200 EUR<\/strong> (Einmalzahlung);<\/p>\n<p>Unterkunft: <strong>1200 EUR<\/strong> (pro Jahr)<\/p>\n<p>Verwaltungsgeb\u00fchr, Aufnahmegeb\u00fchr, Registrierungsgeb\u00fchr, Flughafentransfer, Einwanderungsgeb\u00fchren, Vermittlungsgeb\u00fchren usw.: <strong>1800 EUR<\/strong> NUR IM ERSTEN JAHR.<\/p>\n<p>+ im Falle eines Masterabschlusses Geb\u00fchr f\u00fcr Anerkennung und Zertifizierung: <strong>1 000 EUR<\/strong> (Einmalzahlung)<\/p>\n<\/div>\n<div class=\" new-tuition\">\n<div id=\"architect\" class=\"none\">&nbsp;<\/div>\n<h2 class=\"info-submain-title solo\">Europ\u00e4ische Hochschule f\u00fcr Architektur und Ingenieurwesen<\/h2>\n<p>*Bitte beachten Sie, dass die Studiengeb\u00fchren pro Jahr angegeben sind<\/p>\n<div class=\"table-and-btn\">\n<table>\n<tbody>\n<tr>\n<th>Bildungsniveau<\/th>\n<th>Dauer<\/th>\n<th>Unterrichtssprache<\/th>\n<th>Studiengeb\u00fchr (USD)<\/th>\n<\/tr>\n<tr>\n<td>Bachelor<\/td>\n<td>4 Jahre<\/td>\n<td>Englisch<\/td>\n<td>2 000<\/td>\n<\/tr>\n<tr>\n<td>Master<\/td>\n<td>2 Jahre<\/td>\n<td>Englisch<\/td>\n<td>2 000<\/td>\n<\/tr>\n<\/tbody>\n<\/table>\n<\/div>\n<h3>Weitere Ausgaben<\/h3>\n<p>Krankenversicherung: <strong>100 EUR<\/strong> pro Jahr (Einmalzahlung, abh\u00e4ngig von der Studiendauer)<\/p>\n<p>Tempor\u00e4re Aufenthaltserlaubnis und medizinische Untersuchung: <strong>200 EUR<\/strong> (Einmalzahlung);<\/p>\n<p>Unterkunft: <strong>1200 EUR<\/strong> (pro Jahr)<\/p>\n<p>Verwaltungsgeb\u00fchr, Aufnahmegeb\u00fchr, Registrierungsgeb\u00fchr, Flughafentransfer, Einwanderungsgeb\u00fchren, Vermittlungsgeb\u00fchren usw.: <strong>1800 EUR<\/strong> NUR IM ERSTEN JAHR.<\/p>\n<p>+ im Falle eines Masterabschlusses Geb\u00fchr f\u00fcr Anerkennung und Zertifizierung: <strong>1 000 EUR<\/strong> (Einmalzahlung)<\/p>\n<\/div>\n<div class=\" new-tuition\">\n<div id=\"language\" class=\"none\">&nbsp;<\/div>\n<h2 class=\"info-submain-title solo\">Europ\u00e4ische Sprachschule \/ Vorkurs Medizin \/ Vorkurs Ingenieurwesen<\/h2>\n<p>*Bitte beachten Sie, dass die Studiengeb\u00fchren pro Jahr angegeben sind<\/p>\n<div class=\"table-and-btn\">\n<table>\n<tbody>\n<tr>\n<th>Bildungsniveau<\/th>\n<th>Dauer<\/th>\n<th>Unterrichtssprache<\/th>\n<th>Studiengeb\u00fchr (USD)<\/th>\n<\/tr>\n<tr>\n<td>Vorbereitungskurs<\/td>\n<td>1 Jahr<\/td>\n<td>Englisch<\/td>\n<td>1 500<\/td>\n<\/tr>\n<\/tbody>\n<\/table>\n<\/div>\n<h3>Weitere Ausgaben<\/h3>\n<p>Krankenversicherung: <strong>100 EUR<\/strong> pro Jahr (Einmalzahlung, abh\u00e4ngig von der Studiendauer)<\/p>\n<p>Tempor\u00e4re Aufenthaltserlaubnis und medizinische Untersuchung: <strong>200 EUR<\/strong> (Einmalzahlung);<\/p>\n<p>Unterkunft: <strong>1200 EUR<\/strong> (pro Jahr)<\/p>\n<p>Verwaltungsgeb\u00fchr, Aufnahmegeb\u00fchr, Registrierungsgeb\u00fchr, Flughafentransfer, Einwanderungsgeb\u00fchren, Vermittlungsgeb\u00fchren usw.: <strong>1800 EUR<\/strong> NUR IM ERSTEN JAHR.<\/p>\n<\/div>\n<div class=\" new-tuition\">\n<div id=\"it\" class=\"none\">&nbsp;<\/div>\n<h2 class=\"info-submain-title solo\">Europ\u00e4ische Hochschule f\u00fcr Informationstechnologie<\/h2>\n<p>*Bitte beachten Sie, dass die Studiengeb\u00fchren pro Jahr angegeben sind<\/p>\n<div class=\"table-and-btn\">\n<table>\n<tbody>\n<tr>\n<th>Bildungsniveau<\/th>\n<th>Dauer<\/th>\n<th>Unterrichtssprache<\/th>\n<th>Studiengeb\u00fchr (USD)<\/th>\n<\/tr>\n<tr>\n<td>Bachelor<\/td>\n<td>4 Jahre<\/td>\n<td>Englisch<\/td>\n<td>2 000<\/td>\n<\/tr>\n<tr>\n<td>Master<\/td>\n<td>2 Jahre<\/td>\n<td>Englisch<\/td>\n<td>2 000<\/td>\n<\/tr>\n<tr>\n<\/tbody>\n<\/table>\n<\/div>\n<h3>Weitere Ausgaben<\/h3>\n<p>Krankenversicherung: <strong>100 EUR<\/strong> pro Jahr (Einmalzahlung, abh\u00e4ngig von der Studiendauer)<\/p>\n<p>Tempor\u00e4re Aufenthaltserlaubnis und medizinische Untersuchung: <strong>200 EUR<\/strong> (Einmalzahlung);<\/p>\n<p>Unterkunft: <strong>1200 EUR<\/strong> (pro Jahr)<\/p>\n<p>Verwaltungsgeb\u00fchr, Aufnahmegeb\u00fchr, Registrierungsgeb\u00fchr, Flughafentransfer, Einwanderungsgeb\u00fchren, Vermittlungsgeb\u00fchren usw.: <strong>1800 EUR<\/strong> NUR IM ERSTEN JAHR.<\/p>\n<p>+ im Falle eines Masterabschlusses Geb\u00fchr f\u00fcr Anerkennung und Zertifizierung: <strong>1 000 EUR<\/strong> (Einmalzahlung)<\/p>\n<\/div>\n<div class=\" new-tuition\">\n<div id=\"law\" class=\"none\">&nbsp;<\/div>\n<h2 class=\"info-submain-title solo\">Europ\u00e4ische Hochschule f\u00fcr Rechtswissenschaft<\/h2>\n<p>*Bitte beachten Sie, dass die Studiengeb\u00fchren pro Jahr angegeben sind<\/p>\n<div class=\"table-and-btn\">\n<table>\n<tbody>\n<tr>\n<th>Bildungsniveau<\/th>\n<th>Dauer<\/th>\n<th>Unterrichtssprache<\/th>\n<th>Studiengeb\u00fchr (USD)<\/th>\n<\/tr>\n<tr>\n<td>Bachelor<\/td>\n<td>4 Jahre<\/td>\n<td>Englisch<\/td>\n<td>2 000<\/td>\n<\/tr>\n<tr>\n<td>Master<\/td>\n<td>2 Jahre<\/td>\n<td>Englisch<\/td>\n<td>2 000<\/td>\n<\/tr>\n<\/tbody>\n<\/table>\n<\/div>\n<h3>Weitere Ausgaben<\/h3>\n<p>Krankenversicherung: <strong>100 EUR<\/strong> pro Jahr (Einmalzahlung, abh\u00e4ngig von der Studiendauer)<\/p>\n<p>Tempor\u00e4re Aufenthaltserlaubnis und medizinische Untersuchung: <strong>200 EUR<\/strong> (Einmalzahlung);<\/p>\n<p>Unterkunft:<strong> 1200 EUR<\/strong> (pro Jahr)<\/p>\n<p>Verwaltungsgeb\u00fchr, Aufnahmegeb\u00fchr, Registrierungsgeb\u00fchr, Flughafentransfer, Einwanderungsgeb\u00fchren, Vermittlungsgeb\u00fchren usw.: <strong>1800 EUR<\/strong> NUR IM ERSTEN JAHR.<\/p>\n<p>+ im Falle eines Masterabschlusses Geb\u00fchr f\u00fcr Anerkennung und Zertifizierung: <strong>1 000 EUR<\/strong> (Einmalzahlung)<\/p>\n<\/div>\n<div class=\" new-tuition\">\n<div id=\"humanities\" class=\"none\">&nbsp;<\/div>\n<h2 class=\"info-submain-title solo\">Europ\u00e4ische Hochschule f\u00fcr Geisteswissenschaften<\/h2>\n<p>*Bitte beachten Sie, dass die Studiengeb\u00fchren pro Jahr angegeben sind<\/p>\n<div class=\"table-and-btn\">\n<table>\n<tbody>\n<tr>\n<th>Bildungsniveau<\/th>\n<th>Dauer<\/th>\n<th>Unterrichtssprache<\/th>\n<th>Studiengeb\u00fchr (USD)<\/th>\n<\/tr>\n<tr>\n<td>Bachelor<\/td>\n<td>4 Jahre<\/td>\n<td>Englisch<\/td>\n<td>2 000<\/td>\n<\/tr>\n<tr>\n<td>Master<\/td>\n<td>2 Jahre<\/td>\n<td>Englisch<\/td>\n<td>2 000<\/td>\n<\/tr>\n<\/tbody>\n<\/table>\n<\/div>\n<h3>Weitere Ausgaben<\/h3>\n<p>Krankenversicherung: <strong>100 EUR<\/strong> pro Jahr (Einmalzahlung, abh\u00e4ngig von der Studiendauer)<\/p>\n<p>Tempor\u00e4re Aufenthaltserlaubnis und medizinische Untersuchung: <strong>200 EUR<\/strong> (Einmalzahlung);<\/p>\n<p>Unterkunft: <strong>1200 EUR<\/strong> (pro Jahr)<\/p>\n<p>Verwaltungsgeb\u00fchr, Aufnahmegeb\u00fchr, Registrierungsgeb\u00fchr, Flughafentransfer, Einwanderungsgeb\u00fchren, Vermittlungsgeb\u00fchren usw.: <strong>1800 EUR<\/strong> NUR IM ERSTEN JAHR.<\/p>\n<p>+ im Falle eines Masterabschlusses Geb\u00fchr f\u00fcr Anerkennung und Zertifizierung: <strong>1 000 EUR<\/strong> (Einmalzahlung)<\/p>\n<\/div>\n<div class=\" new-tuition\">\n<h2 class=\"info-submain-title solo\">Europ\u00e4ische Hochschule f\u00fcr Lebenswissenschaften<\/h2>\n<p>*Bitte beachten Sie, dass die Studiengeb\u00fchren pro Jahr angegeben sind<\/p>\n<div class=\"table-and-btn\">\n<table>\n<tbody>\n<tr>\n<th>Bildungsniveau<\/th>\n<th>Dauer<\/th>\n<th>Unterrichtssprache<\/th>\n<th>Studiengeb\u00fchr (USD)<\/th>\n<\/tr>\n<tr>\n<td>Bachelor<\/td>\n<td>4 Jahre<\/td>\n<td>Englisch<\/td>\n<td>2 000<\/td>\n<\/tr>\n<tr>\n<td>Master<\/td>\n<td>2 Jahre<\/td>\n<td>Englisch<\/td>\n<td>2 000<\/td>\n<\/tr>\n<\/tbody>\n<\/table>\n<\/div>\n<h3>Weitere Ausgaben<\/h3>\n<p>Krankenversicherung: <strong>100 EUR<\/strong> pro Jahr (Einmalzahlung, abh\u00e4ngig von der Studiendauer)<\/p>\n<p>Tempor\u00e4re Aufenthaltserlaubnis und medizinische Untersuchung: <strong>200 EUR<\/strong> (Einmalzahlung);<\/p>\n<p>Unterkunft: <strong>1200 EUR<\/strong> (pro Jahr)<\/p>\n<p>Verwaltungsgeb\u00fchr, Aufnahmegeb\u00fchr, Registrierungsgeb\u00fchr, Flughafentransfer, Einwanderungsgeb\u00fchren, Vermittlungsgeb\u00fchren usw.: <strong>1800 EUR<\/strong> NUR IM ERSTEN JAHR.<\/p>\n<p>+ im Falle eines Masterabschlusses Geb\u00fchr f\u00fcr Anerkennung und Zertifizierung: <strong>1 000 EUR<\/strong> (Einmalzahlung)<\/p>\n<\/div>\n<\/div>\n","protected":false},"excerpt":{"rendered":"<p>&nbsp; Europ\u00e4ische Medizinische Hochschule Medizinische Studieng\u00e4nge *Bitte beachten Sie, dass die Studiengeb\u00fchren pro Jahr angegeben sind Kurs Dauer Unterrichtssprache Studiengeb\u00fchr (USD) Allgemeinmedizin 6 Jahre Englisch 4 300 Zahnmedizin 5 Jahre Englisch 4 300 Pharmazie 5 Jahre Englisch 4 300 Pflegewissenschaft 4 Jahre Englisch&nbsp; 4 300 Medizinisch-technische Laborwissenschaft&nbsp; 5 Jahre Englisch&nbsp; 4 300 \u00d6ffentliche Gesundheit 4 [&hellip;]<\/p>\n","protected":false},"author":1,"featured_media":2834,"parent":0,"menu_order":0,"comment_status":"closed","ping_status":"closed","template":"","meta":{"ngg_post_thumbnail":0,"footnotes":""},"class_list":["post-174","page","type-page","status-publish","has-post-thumbnail","hentry"],"acf":[],"yoast_head":"<!-- This site is optimized with the Yoast SEO plugin v20.8 - https:\/\/yoast.com\/wordpress\/plugins\/seo\/ -->\n<title>TUITION FEES IN IEU | TUITION FEES FOR EUROPEAN UNIVERSITY | UKRAINE UNIVERSITY TUITION FEES | INTERNATIONAL EUROPEAN UNIVERSITY TUITION FEES | AFFORDABLE EDUCATION IN EUROPE<\/title>\n<meta name=\"robots\" content=\"index, follow, max-snippet:-1, max-image-preview:large, max-video-preview:-1\" \/>\n<link rel=\"canonical\" href=\"http:\/\/ieu.university\/de\/tuition-fees-campus\/\" \/>\n<meta property=\"og:locale\" content=\"en_US\" \/>\n<meta property=\"og:type\" content=\"article\" \/>\n<meta property=\"og:title\" content=\"TUITION FEES IN IEU | TUITION FEES FOR EUROPEAN UNIVERSITY | UKRAINE UNIVERSITY TUITION FEES | INTERNATIONAL EUROPEAN UNIVERSITY TUITION FEES | AFFORDABLE EDUCATION IN EUROPE\" \/>\n<meta property=\"og:description\" content=\"&nbsp; Europ\u00e4ische Medizinische Hochschule Medizinische Studieng\u00e4nge *Bitte beachten Sie, dass die Studiengeb\u00fchren pro Jahr angegeben sind Kurs Dauer Unterrichtssprache Studiengeb\u00fchr (USD) Allgemeinmedizin 6 Jahre Englisch 4 300 Zahnmedizin 5 Jahre Englisch 4 300 Pharmazie 5 Jahre Englisch 4 300 Pflegewissenschaft 4 Jahre Englisch&nbsp; 4 300 Medizinisch-technische Laborwissenschaft&nbsp; 5 Jahre Englisch&nbsp; 4 300 \u00d6ffentliche Gesundheit 4 [&hellip;]\" \/>\n<meta property=\"og:url\" content=\"http:\/\/ieu.university\/de\/tuition-fees-campus\/\" \/>\n<meta property=\"og:site_name\" content=\"INTERNATIONAL EUROPEAN UNIVERSITY, UKRAINE | EUROPE | STUDY IN UKRAINE | STUDY IN EUROPE | MBBS | GENERAL MEDICINE | BUSINESS | ENGINEERING | IT | EUROPE\" \/>\n<meta property=\"article:modified_time\" content=\"2025-10-27T10:38:12+00:00\" \/>\n<meta property=\"og:image\" content=\"http:\/\/ieu.university\/wp-content\/uploads\/2023\/08\/Tuition-Fees.png\" \/>\n\t<meta property=\"og:image:width\" content=\"2544\" \/>\n\t<meta property=\"og:image:height\" content=\"772\" \/>\n\t<meta property=\"og:image:type\" content=\"image\/png\" \/>\n<meta name=\"twitter:card\" content=\"summary_large_image\" \/>\n<meta name=\"twitter:label1\" content=\"Est. reading time\" \/>\n\t<meta name=\"twitter:data1\" content=\"5 minutes\" \/>\n<script type=\"application\/ld+json\" class=\"yoast-schema-graph\">{\"@context\":\"https:\/\/schema.org\",\"@graph\":[{\"@type\":\"WebPage\",\"@id\":\"http:\/\/ieu.university\/de\/tuition-fees-campus\/\",\"url\":\"http:\/\/ieu.university\/de\/tuition-fees-campus\/\",\"name\":\"TUITION FEES IN IEU | TUITION FEES FOR EUROPEAN UNIVERSITY | UKRAINE UNIVERSITY TUITION FEES | INTERNATIONAL EUROPEAN UNIVERSITY TUITION FEES | AFFORDABLE EDUCATION IN EUROPE\",\"isPartOf\":{\"@id\":\"https:\/\/ieu.university\/#website\"},\"datePublished\":\"2022-09-23T12:59:31+00:00\",\"dateModified\":\"2025-10-27T10:38:12+00:00\",\"inLanguage\":\"en-US\",\"potentialAction\":[{\"@type\":\"ReadAction\",\"target\":[\"http:\/\/ieu.university\/de\/tuition-fees-campus\/\"]}]},{\"@type\":\"WebSite\",\"@id\":\"https:\/\/ieu.university\/#website\",\"url\":\"https:\/\/ieu.university\/\",\"name\":\"INTERNATIONAL EUROPEAN UNIVERSITY, UKRAINE | EUROPE | STUDY IN UKRAINE | STUDY IN EUROPE | MBBS | GENERAL MEDICINE | BUSINESS | ENGINEERING | IT | EUROPE\",\"description\":\"INTERNATIONAL EUROPEAN UNIVERSITY, UKRAINE | EUROPE | STUDY IN UKRAINE | STUDY IN EUROPE | MBBS | GENERAL MEDICINE | BUSINESS | ENGINEERING | IT | EUROPE\",\"potentialAction\":[{\"@type\":\"SearchAction\",\"target\":{\"@type\":\"EntryPoint\",\"urlTemplate\":\"https:\/\/ieu.university\/?s={search_term_string}\"},\"query-input\":\"required name=search_term_string\"}],\"inLanguage\":\"en-US\"}]}<\/script>\n<!-- \/ Yoast SEO plugin. -->","yoast_head_json":{"title":"TUITION FEES IN IEU | TUITION FEES FOR EUROPEAN UNIVERSITY | UKRAINE UNIVERSITY TUITION FEES | INTERNATIONAL EUROPEAN UNIVERSITY TUITION FEES | AFFORDABLE EDUCATION IN EUROPE","robots":{"index":"index","follow":"follow","max-snippet":"max-snippet:-1","max-image-preview":"max-image-preview:large","max-video-preview":"max-video-preview:-1"},"canonical":"http:\/\/ieu.university\/de\/tuition-fees-campus\/","og_locale":"en_US","og_type":"article","og_title":"TUITION FEES IN IEU | TUITION FEES FOR EUROPEAN UNIVERSITY | UKRAINE UNIVERSITY TUITION FEES | INTERNATIONAL EUROPEAN UNIVERSITY TUITION FEES | AFFORDABLE EDUCATION IN EUROPE","og_description":"&nbsp; Europ\u00e4ische Medizinische Hochschule Medizinische Studieng\u00e4nge *Bitte beachten Sie, dass die Studiengeb\u00fchren pro Jahr angegeben sind Kurs Dauer Unterrichtssprache Studiengeb\u00fchr (USD) Allgemeinmedizin 6 Jahre Englisch 4 300 Zahnmedizin 5 Jahre Englisch 4 300 Pharmazie 5 Jahre Englisch 4 300 Pflegewissenschaft 4 Jahre Englisch&nbsp; 4 300 Medizinisch-technische Laborwissenschaft&nbsp; 5 Jahre Englisch&nbsp; 4 300 \u00d6ffentliche Gesundheit 4 [&hellip;]","og_url":"http:\/\/ieu.university\/de\/tuition-fees-campus\/","og_site_name":"INTERNATIONAL EUROPEAN UNIVERSITY, UKRAINE | EUROPE | STUDY IN UKRAINE | STUDY IN EUROPE | MBBS | GENERAL MEDICINE | BUSINESS | ENGINEERING | IT | EUROPE","article_modified_time":"2025-10-27T10:38:12+00:00","og_image":[{"width":2544,"height":772,"url":"http:\/\/ieu.university\/wp-content\/uploads\/2023\/08\/Tuition-Fees.png","type":"image\/png"}],"twitter_card":"summary_large_image","twitter_misc":{"Est. reading time":"5 minutes"},"schema":{"@context":"https:\/\/schema.org","@graph":[{"@type":"WebPage","@id":"http:\/\/ieu.university\/de\/tuition-fees-campus\/","url":"http:\/\/ieu.university\/de\/tuition-fees-campus\/","name":"TUITION FEES IN IEU | TUITION FEES FOR EUROPEAN UNIVERSITY | UKRAINE UNIVERSITY TUITION FEES | INTERNATIONAL EUROPEAN UNIVERSITY TUITION FEES | AFFORDABLE EDUCATION IN EUROPE","isPartOf":{"@id":"https:\/\/ieu.university\/#website"},"datePublished":"2022-09-23T12:59:31+00:00","dateModified":"2025-10-27T10:38:12+00:00","inLanguage":"en-US","potentialAction":[{"@type":"ReadAction","target":["http:\/\/ieu.university\/de\/tuition-fees-campus\/"]}]},{"@type":"WebSite","@id":"https:\/\/ieu.university\/#website","url":"https:\/\/ieu.university\/","name":"INTERNATIONAL EUROPEAN UNIVERSITY, UKRAINE | EUROPE | STUDY IN UKRAINE | STUDY IN EUROPE | MBBS | GENERAL MEDICINE | BUSINESS | ENGINEERING | IT | EUROPE","description":"INTERNATIONAL EUROPEAN UNIVERSITY, UKRAINE | EUROPE | STUDY IN UKRAINE | STUDY IN EUROPE | MBBS | GENERAL MEDICINE | BUSINESS | ENGINEERING | IT | EUROPE","potentialAction":[{"@type":"SearchAction","target":{"@type":"EntryPoint","urlTemplate":"https:\/\/ieu.university\/?s={search_term_string}"},"query-input":"required name=search_term_string"}],"inLanguage":"en-US"}]}},"_links":{"self":[{"href":"http:\/\/ieu.university\/de\/wp-json\/wp\/v2\/pages\/174","targetHints":{"allow":["GET"]}}],"collection":[{"href":"http:\/\/ieu.university\/de\/wp-json\/wp\/v2\/pages"}],"about":[{"href":"http:\/\/ieu.university\/de\/wp-json\/wp\/v2\/types\/page"}],"author":[{"embeddable":true,"href":"http:\/\/ieu.university\/de\/wp-json\/wp\/v2\/users\/1"}],"replies":[{"embeddable":true,"href":"http:\/\/ieu.university\/de\/wp-json\/wp\/v2\/comments?post=174"}],"version-history":[{"count":122,"href":"http:\/\/ieu.university\/de\/wp-json\/wp\/v2\/pages\/174\/revisions"}],"predecessor-version":[{"id":4801,"href":"http:\/\/ieu.university\/de\/wp-json\/wp\/v2\/pages\/174\/revisions\/4801"}],"wp:featuredmedia":[{"embeddable":true,"href":"http:\/\/ieu.university\/de\/wp-json\/wp\/v2\/media\/2834"}],"wp:attachment":[{"href":"http:\/\/ieu.university\/de\/wp-json\/wp\/v2\/media?parent=174"}],"curies":[{"name":"wp","href":"https:\/\/api.w.org\/{rel}","templated":true}]}}