{"id":178,"date":"2022-09-23T16:02:47","date_gmt":"2022-09-23T13:02:47","guid":{"rendered":"http:\/\/ieu.university\/?page_id=178"},"modified":"2025-01-06T12:56:08","modified_gmt":"2025-01-06T09:56:08","slug":"transfer-students","status":"publish","type":"page","link":"http:\/\/ieu.university\/de\/transfer-students\/","title":{"rendered":"Transferstudenten"},"content":{"rendered":"<h2>Transferstudenten<\/h2>\n<p>Die International European University (IEU) hei\u00dft kompetente und geeignete internationale Transferstudenten aus der ganzen Welt willkommen! Zulassungsentscheidungen basieren in erster Linie auf den umfassenden akademischen Leistungen jedes Bewerbers.<\/p>\n<p>Potentielle Transferstudenten, die eine Zulassung an der International European University (IEU) anstreben, m\u00fcssen die folgenden Dokumente einzureichen:<\/p>\n<ul>\n<li>Einen g\u00fcltigen internationalen Reisepass;<\/li>\n<li>Schulzeugnis (z. B. Abitur oder gleichwertig);<\/li>\n<li>Amtliche akademische Zeugnisse aller zuvor besuchten Colleges und Universit\u00e4ten mit Angabe der studierten F\u00e4cher und der entsprechenden Leistungspunkte;<\/li>\n<li>Ein ausgef\u00fclltes Bewerbungsformular.<\/li>\n<\/ul>\n<p>Dokumente sollten elektronisch per E-Mail eingereicht werden. Es ist wichtig zu beachten, dass Bewerber der IEU ein Zeugnis ihrer vorherigen Universit\u00e4t vorlegen m\u00fcssen. Nach einer gr\u00fcndlichen Pr\u00fcfung der eingereichten Dokumente informiert die IEU die Bewerber \u00fcber ihren Zulassungsstatus und gibt das entsprechende Studienjahr an.<\/p>\n<p>Alle Dokumente m\u00fcssen in englischer Sprache verfasst sein. Nach Erhalt werden diese Materialien an das Bildungsministerium der Ukraine zur Bewertung der akademischen Gleichwertigkeit und der Leistungspunkte weitergeleitet. Nach Best\u00e4tigung, dass die Qualifikationen des Bewerbers den ukrainischen Bildungsstandards und Lehrpl\u00e4nen entsprechen, stellt das Ministerium eine Zulassungsbescheinigung aus, die es dem Studenten erm\u00f6glicht, sein Studium im gew\u00fcnschten Studienjahr zu beginnen.<\/p>\n<p>Internationalen Studierenden wird dringend empfohlen, den Bewerbungsprozess umgehend einzuleiten, um eine rechtzeitige Ber\u00fccksichtigung f\u00fcr ihren gew\u00fcnschten Studienbeginn sicherzustellen und die Ausbildungsm\u00f6glichkeiten an der IEU voll auszusch\u00f6pfen.<\/p>\n","protected":false},"excerpt":{"rendered":"<p>Transferstudenten Die International European University (IEU) hei\u00dft kompetente und geeignete internationale Transferstudenten aus der ganzen Welt willkommen! Zulassungsentscheidungen basieren in erster Linie auf den umfassenden akademischen Leistungen jedes Bewerbers. Potentielle Transferstudenten, die eine Zulassung an der International European University (IEU) anstreben, m\u00fcssen die folgenden Dokumente einzureichen: Einen g\u00fcltigen internationalen Reisepass; Schulzeugnis (z. B. Abitur oder [&hellip;]<\/p>\n","protected":false},"author":1,"featured_media":3658,"parent":0,"menu_order":0,"comment_status":"closed","ping_status":"closed","template":"","meta":{"ngg_post_thumbnail":0,"footnotes":""},"class_list":["post-178","page","type-page","status-publish","has-post-thumbnail","hentry"],"acf":[],"yoast_head":"<!-- This site is optimized with the Yoast SEO plugin v20.8 - https:\/\/yoast.com\/wordpress\/plugins\/seo\/ -->\n<title>TRANSFER STUDENTS TO IEU | CREDIT TRANSFER TO UKRAINIAN UNIVERSITY | UKRAINE ACCEPTS STUDENTS TRANSFERS | CREDIT TRANSFER INTERNATIONAL EUROPEAN UNIVERSITY UKRAINE | TRANSFER TO EUROPEAN UNIVERSITY<\/title>\n<meta name=\"robots\" content=\"index, follow, max-snippet:-1, max-image-preview:large, max-video-preview:-1\" \/>\n<link rel=\"canonical\" href=\"http:\/\/ieu.university\/it\/transfer-students\/\" \/>\n<meta property=\"og:locale\" content=\"en_US\" \/>\n<meta property=\"og:type\" content=\"article\" \/>\n<meta property=\"og:title\" content=\"TRANSFER STUDENTS TO IEU | CREDIT TRANSFER TO UKRAINIAN UNIVERSITY | UKRAINE ACCEPTS STUDENTS TRANSFERS | CREDIT TRANSFER INTERNATIONAL EUROPEAN UNIVERSITY UKRAINE | TRANSFER TO EUROPEAN UNIVERSITY\" \/>\n<meta property=\"og:description\" content=\"Transferstudenten Die International European University (IEU) hei\u00dft kompetente und geeignete internationale Transferstudenten aus der ganzen Welt willkommen! Zulassungsentscheidungen basieren in erster Linie auf den umfassenden akademischen Leistungen jedes Bewerbers. Potentielle Transferstudenten, die eine Zulassung an der International European University (IEU) anstreben, m\u00fcssen die folgenden Dokumente einzureichen: Einen g\u00fcltigen internationalen Reisepass; Schulzeugnis (z. B. Abitur oder [&hellip;]\" \/>\n<meta property=\"og:url\" content=\"http:\/\/ieu.university\/de\/transfer-students\/\" \/>\n<meta property=\"og:site_name\" content=\"INTERNATIONAL EUROPEAN UNIVERSITY, UKRAINE | EUROPE | STUDY IN UKRAINE | STUDY IN EUROPE | MBBS | GENERAL MEDICINE | BUSINESS | ENGINEERING | IT | EUROPE\" \/>\n<meta property=\"article:modified_time\" content=\"2025-01-06T09:56:08+00:00\" \/>\n<meta property=\"og:image\" content=\"http:\/\/ieu.university\/wp-content\/uploads\/2024\/07\/Transfer-Students.png\" \/>\n\t<meta property=\"og:image:width\" content=\"1272\" \/>\n\t<meta property=\"og:image:height\" content=\"386\" \/>\n\t<meta property=\"og:image:type\" content=\"image\/png\" \/>\n<meta name=\"twitter:card\" content=\"summary_large_image\" \/>\n<meta name=\"twitter:label1\" content=\"Est. reading time\" \/>\n\t<meta name=\"twitter:data1\" content=\"1 minute\" \/>\n<script type=\"application\/ld+json\" class=\"yoast-schema-graph\">{\"@context\":\"https:\/\/schema.org\",\"@graph\":[{\"@type\":\"WebPage\",\"@id\":\"http:\/\/ieu.university\/it\/transfer-students\/\",\"url\":\"http:\/\/ieu.university\/it\/transfer-students\/\",\"name\":\"TRANSFER STUDENTS TO IEU | CREDIT TRANSFER TO UKRAINIAN UNIVERSITY | UKRAINE ACCEPTS STUDENTS TRANSFERS | CREDIT TRANSFER INTERNATIONAL EUROPEAN UNIVERSITY UKRAINE | TRANSFER TO EUROPEAN UNIVERSITY\",\"isPartOf\":{\"@id\":\"http:\/\/ieu.university\/ru\/#website\"},\"datePublished\":\"2022-09-23T13:02:47+00:00\",\"dateModified\":\"2025-01-06T09:56:08+00:00\",\"inLanguage\":\"en-US\",\"potentialAction\":[{\"@type\":\"ReadAction\",\"target\":[\"http:\/\/ieu.university\/it\/transfer-students\/\"]}]},{\"@type\":\"WebSite\",\"@id\":\"http:\/\/ieu.university\/ru\/#website\",\"url\":\"http:\/\/ieu.university\/ru\/\",\"name\":\"INTERNATIONAL EUROPEAN UNIVERSITY, UKRAINE | EUROPE | STUDY IN UKRAINE | STUDY IN EUROPE | MBBS | GENERAL MEDICINE | BUSINESS | ENGINEERING | IT | EUROPE\",\"description\":\"INTERNATIONAL EUROPEAN UNIVERSITY, UKRAINE | EUROPE | STUDY IN UKRAINE | STUDY IN EUROPE | MBBS | GENERAL MEDICINE | BUSINESS | ENGINEERING | IT | EUROPE\",\"potentialAction\":[{\"@type\":\"SearchAction\",\"target\":{\"@type\":\"EntryPoint\",\"urlTemplate\":\"http:\/\/ieu.university\/ru\/?s={search_term_string}\"},\"query-input\":\"required name=search_term_string\"}],\"inLanguage\":\"en-US\"}]}<\/script>\n<!-- \/ Yoast SEO plugin. -->","yoast_head_json":{"title":"TRANSFER STUDENTS TO IEU | CREDIT TRANSFER TO UKRAINIAN UNIVERSITY | UKRAINE ACCEPTS STUDENTS TRANSFERS | CREDIT TRANSFER INTERNATIONAL EUROPEAN UNIVERSITY UKRAINE | TRANSFER TO EUROPEAN UNIVERSITY","robots":{"index":"index","follow":"follow","max-snippet":"max-snippet:-1","max-image-preview":"max-image-preview:large","max-video-preview":"max-video-preview:-1"},"canonical":"http:\/\/ieu.university\/it\/transfer-students\/","og_locale":"en_US","og_type":"article","og_title":"TRANSFER STUDENTS TO IEU | CREDIT TRANSFER TO UKRAINIAN UNIVERSITY | UKRAINE ACCEPTS STUDENTS TRANSFERS | CREDIT TRANSFER INTERNATIONAL EUROPEAN UNIVERSITY UKRAINE | TRANSFER TO EUROPEAN UNIVERSITY","og_description":"Transferstudenten Die International European University (IEU) hei\u00dft kompetente und geeignete internationale Transferstudenten aus der ganzen Welt willkommen! Zulassungsentscheidungen basieren in erster Linie auf den umfassenden akademischen Leistungen jedes Bewerbers. Potentielle Transferstudenten, die eine Zulassung an der International European University (IEU) anstreben, m\u00fcssen die folgenden Dokumente einzureichen: Einen g\u00fcltigen internationalen Reisepass; Schulzeugnis (z. B. Abitur oder [&hellip;]","og_url":"http:\/\/ieu.university\/de\/transfer-students\/","og_site_name":"INTERNATIONAL EUROPEAN UNIVERSITY, UKRAINE | EUROPE | STUDY IN UKRAINE | STUDY IN EUROPE | MBBS | GENERAL MEDICINE | BUSINESS | ENGINEERING | IT | EUROPE","article_modified_time":"2025-01-06T09:56:08+00:00","og_image":[{"width":1272,"height":386,"url":"http:\/\/ieu.university\/wp-content\/uploads\/2024\/07\/Transfer-Students.png","type":"image\/png"}],"twitter_card":"summary_large_image","twitter_misc":{"Est. reading time":"1 minute"},"schema":{"@context":"https:\/\/schema.org","@graph":[{"@type":"WebPage","@id":"http:\/\/ieu.university\/it\/transfer-students\/","url":"http:\/\/ieu.university\/it\/transfer-students\/","name":"TRANSFER STUDENTS TO IEU | CREDIT TRANSFER TO UKRAINIAN UNIVERSITY | UKRAINE ACCEPTS STUDENTS TRANSFERS | CREDIT TRANSFER INTERNATIONAL EUROPEAN UNIVERSITY UKRAINE | TRANSFER TO EUROPEAN UNIVERSITY","isPartOf":{"@id":"http:\/\/ieu.university\/ru\/#website"},"datePublished":"2022-09-23T13:02:47+00:00","dateModified":"2025-01-06T09:56:08+00:00","inLanguage":"en-US","potentialAction":[{"@type":"ReadAction","target":["http:\/\/ieu.university\/it\/transfer-students\/"]}]},{"@type":"WebSite","@id":"http:\/\/ieu.university\/ru\/#website","url":"http:\/\/ieu.university\/ru\/","name":"INTERNATIONAL EUROPEAN UNIVERSITY, UKRAINE | EUROPE | STUDY IN UKRAINE | STUDY IN EUROPE | MBBS | GENERAL MEDICINE | BUSINESS | ENGINEERING | IT | EUROPE","description":"INTERNATIONAL EUROPEAN UNIVERSITY, UKRAINE | EUROPE | STUDY IN UKRAINE | STUDY IN EUROPE | MBBS | GENERAL MEDICINE | BUSINESS | ENGINEERING | IT | EUROPE","potentialAction":[{"@type":"SearchAction","target":{"@type":"EntryPoint","urlTemplate":"http:\/\/ieu.university\/ru\/?s={search_term_string}"},"query-input":"required name=search_term_string"}],"inLanguage":"en-US"}]}},"_links":{"self":[{"href":"http:\/\/ieu.university\/de\/wp-json\/wp\/v2\/pages\/178","targetHints":{"allow":["GET"]}}],"collection":[{"href":"http:\/\/ieu.university\/de\/wp-json\/wp\/v2\/pages"}],"about":[{"href":"http:\/\/ieu.university\/de\/wp-json\/wp\/v2\/types\/page"}],"author":[{"embeddable":true,"href":"http:\/\/ieu.university\/de\/wp-json\/wp\/v2\/users\/1"}],"replies":[{"embeddable":true,"href":"http:\/\/ieu.university\/de\/wp-json\/wp\/v2\/comments?post=178"}],"version-history":[{"count":20,"href":"http:\/\/ieu.university\/de\/wp-json\/wp\/v2\/pages\/178\/revisions"}],"predecessor-version":[{"id":4535,"href":"http:\/\/ieu.university\/de\/wp-json\/wp\/v2\/pages\/178\/revisions\/4535"}],"wp:featuredmedia":[{"embeddable":true,"href":"http:\/\/ieu.university\/de\/wp-json\/wp\/v2\/media\/3658"}],"wp:attachment":[{"href":"http:\/\/ieu.university\/de\/wp-json\/wp\/v2\/media?parent=178"}],"curies":[{"name":"wp","href":"https:\/\/api.w.org\/{rel}","templated":true}]}}