{"id":180,"date":"2022-09-23T16:05:09","date_gmt":"2022-09-23T13:05:09","guid":{"rendered":"http:\/\/ieu.university\/?page_id=180"},"modified":"2025-01-06T12:58:03","modified_gmt":"2025-01-06T09:58:03","slug":"visa-and-immigration","status":"publish","type":"page","link":"http:\/\/ieu.university\/de\/visa-and-immigration\/","title":{"rendered":"Visum und Einwanderung"},"content":{"rendered":"<h2>Visum und Einwanderung<\/h2>\n<p>Um an der IEU zu studieren, m\u00fcssen internationale Studenten ein Studentenvisum beantragen, um ihren <strong>Aufenthalt in der Ukraine<<\/strong> zu legitimieren. Studenten m\u00fcssen ihren Aufenthalt beim Amt f\u00fcr Migration und ausw\u00e4rtige Angelegenheiten registrieren. Der optimierte Prozess erm\u00f6glicht Studenten aus verschiedenen Regionen der Welt mehr Leichtigkeit und Flexibilit\u00e4t und erm\u00f6glicht ihnen, ihre Ausbildung in der Ukraine fortzusetzen.<\/p>\n<h2>Anforderungen f\u00fcr ein ukrainisches Studentenvisum<\/h2>\n<ul>\n<li>Ausgef\u00fclltes Antragsformular;<\/li>\n<li>Kopie des Reisepasses;<\/li>\n<li>Aktuelles Passfoto im Pass- oder Personalausweisformat (35 x 45 mm);<\/li>\n<li>Kranken-\/Reiseversicherung;<\/li>\n<li>Nachweis ausreichender finanzieller Mittel zur Deckung der Aufenthaltskosten;<\/li>\n<li>Beleg \u00fcber bezahlte Visageb\u00fchr.<\/li>\n<\/ul>\n<h2>So bewerben Sie sich<\/h2>\n<ul>\n<li><strong>F\u00fcllen Sie das Antragsformular online aus;<\/strong><\/li>\n<li><strong>Vereinbaren Sie einen Termin mit der ukrainischen Botschaft;<\/strong><\/li>\n<li><strong>Besorgen Sie die erforderlichen Dokumente. <\/strong>Sammeln Sie alle erforderlichen Dokumente f\u00fcr Ihren Visumsantrag, einschlie\u00dflich eines Zulassungsbescheids der Universit\u00e4t;<\/li>\n<li><strong>Senden Sie den Antrag.<\/strong> Besuchen Sie die ukrainische Botschaft, das Konsulat oder das Visumb\u00fcro in Ihrem Land, um Ihren ausgef\u00fcllten Antrag einzureichen.<\/li>\n<li><strong>Nehmen Sie am Visumsinterview teil<\/strong>. Rechnen Sie damit, an einem kurzen Interview in der Botschaft oder im Visumb\u00fcro teilzunehmen. Das Interview umfasst Fragen zu Ihrem Hintergrund und Ihren Gr\u00fcnden f\u00fcr ein Studium in der Ukraine, um sicherzustellen, dass Sie nach Ihrem Studium in Ihr Heimatland zur\u00fcckkehren m\u00f6chten;<\/li>\n<li><strong>Warten Sie auf eine Antwort.<\/strong>Ihr Antrag wird mehrere Wochen lang bearbeitet, danach erhalten Sie eine Entscheidung \u00fcber Ihr Visum.<\/li>\n<\/ul>\n<h2>Bearbeitungszeit<\/h2>\n<p>Die Bearbeitungszeit f\u00fcr ein ukrainisches Studentenvisum betr\u00e4gt in der Regel<strong> etwa 15 Tage.<<\/strong> Der Zeitrahmen kann sich jedoch aus mehreren Gr\u00fcnden verl\u00e4ngern. Eine gro\u00dfe Anzahl von Antr\u00e4gen oder unvollst\u00e4ndige <strong>Einreichungen k\u00f6nnen zu Verz\u00f6gerungen f\u00fchren. <<\/strong>Wenn die Botschaft au\u00dferdem zus\u00e4tzliche Dokumente ben\u00f6tigt, werden Sie benachrichtigt, was die Bearbeitungszeit m\u00f6glicherweise noch weiter verl\u00e4ngert. Es ist wichtig sicherzustellen, dass alle erforderlichen <strong>Dokumente korrekt eingereicht werden, um Verz\u00f6gerungen zu vermeiden. <<\/strong>Denken Sie daran, dass das Zulassungsb\u00fcro der IEU internationale Studierende bei jedem Schritt ihres Zulassungs- und Visumserteilungsprozesses unterst\u00fctzt, um ihn schnell und einfach zu gestalten!<\/p>\n<h2>Nach der Ankunft<\/h2>\n<p>Nach Ihrer Ankunft in der Ukraine ist es wichtig, Ihre vor\u00fcbergehende Aufenthaltserlaubnis zu erhalten. Ihr erstes Studentenvisum (D-Visum f\u00fcr einen l\u00e4ngeren Aufenthalt) deckt nur die Eingew\u00f6hnungszeit ab, die normalerweise bis zu sechs Monate betr\u00e4gt. Um Ihre Aufenthaltserlaubnis zu erhalten, m\u00fcssen Sie Ihre Adresse beim n\u00e4chstgelegenen Zentrum des staatlichen Migrationsdienstes der Ukraine registrieren. Zu den f\u00fcr das Verfahren erforderlichen Dokumenten geh\u00f6ren Ausweisdokumente, ein Wohnsitznachweis (z. B. ein Mietvertrag oder ein Zulassungsbescheid f\u00fcr ein Wohnheim) und die Zahlung der staatlichen Geb\u00fchr. Dadurch wird sichergestellt, dass Ihr Aufenthalt in der Ukraine vollst\u00e4ndig autorisiert ist und den \u00f6rtlichen Vorschriften entspricht.<\/p>\n<p>Entdecken Sie die Ukraine mit der International European University!<\/p>\n","protected":false},"excerpt":{"rendered":"<p>Visum und Einwanderung Um an der IEU zu studieren, m\u00fcssen internationale Studenten ein Studentenvisum beantragen, um ihren Aufenthalt in der Ukraine<\/p>\n","protected":false},"author":1,"featured_media":3662,"parent":0,"menu_order":0,"comment_status":"closed","ping_status":"closed","template":"","meta":{"ngg_post_thumbnail":0,"footnotes":""},"class_list":["post-180","page","type-page","status-publish","has-post-thumbnail","hentry"],"acf":[],"yoast_head":"<!-- This site is optimized with the Yoast SEO plugin v20.8 - https:\/\/yoast.com\/wordpress\/plugins\/seo\/ -->\n<title>VISA AND IMMIGRATION | UKRAINE VISA SERVICE | HOW TO GET UKRAINE VISA | STUDY VISA IN UKRAINE | UKRAINE STUDY VISA FEES | UKRAINE VISA REQUIREMENTS<\/title>\n<meta name=\"robots\" content=\"index, follow, max-snippet:-1, max-image-preview:large, max-video-preview:-1\" \/>\n<link rel=\"canonical\" href=\"http:\/\/ieu.university\/de\/visa-and-immigration\/\" \/>\n<meta property=\"og:locale\" content=\"en_US\" \/>\n<meta property=\"og:type\" content=\"article\" \/>\n<meta property=\"og:title\" content=\"VISA AND IMMIGRATION | UKRAINE VISA SERVICE | HOW TO GET UKRAINE VISA | STUDY VISA IN UKRAINE | UKRAINE STUDY VISA FEES | UKRAINE VISA REQUIREMENTS\" \/>\n<meta property=\"og:description\" content=\"Visum und Einwanderung Um an der IEU zu studieren, m\u00fcssen internationale Studenten ein Studentenvisum beantragen, um ihren Aufenthalt in der Ukraine\" \/>\n<meta property=\"og:url\" content=\"http:\/\/ieu.university\/de\/visa-and-immigration\/\" \/>\n<meta property=\"og:site_name\" content=\"INTERNATIONAL EUROPEAN UNIVERSITY, UKRAINE | EUROPE | STUDY IN UKRAINE | STUDY IN EUROPE | MBBS | GENERAL MEDICINE | BUSINESS | ENGINEERING | IT | EUROPE\" \/>\n<meta property=\"article:modified_time\" content=\"2025-01-06T09:58:03+00:00\" \/>\n<meta property=\"og:image\" content=\"http:\/\/ieu.university\/wp-content\/uploads\/2024\/07\/Visa-and-Immigration.png\" \/>\n\t<meta property=\"og:image:width\" content=\"1272\" \/>\n\t<meta property=\"og:image:height\" content=\"386\" \/>\n\t<meta property=\"og:image:type\" content=\"image\/png\" \/>\n<meta name=\"twitter:card\" content=\"summary_large_image\" \/>\n<meta name=\"twitter:label1\" content=\"Est. reading time\" \/>\n\t<meta name=\"twitter:data1\" content=\"2 minutes\" \/>\n<script type=\"application\/ld+json\" class=\"yoast-schema-graph\">{\"@context\":\"https:\/\/schema.org\",\"@graph\":[{\"@type\":\"WebPage\",\"@id\":\"http:\/\/ieu.university\/de\/visa-and-immigration\/\",\"url\":\"http:\/\/ieu.university\/de\/visa-and-immigration\/\",\"name\":\"VISA AND IMMIGRATION | UKRAINE VISA SERVICE | HOW TO GET UKRAINE VISA | STUDY VISA IN UKRAINE | UKRAINE STUDY VISA FEES | UKRAINE VISA REQUIREMENTS\",\"isPartOf\":{\"@id\":\"http:\/\/ieu.university\/ru\/#website\"},\"datePublished\":\"2022-09-23T13:05:09+00:00\",\"dateModified\":\"2025-01-06T09:58:03+00:00\",\"inLanguage\":\"en-US\",\"potentialAction\":[{\"@type\":\"ReadAction\",\"target\":[\"http:\/\/ieu.university\/de\/visa-and-immigration\/\"]}]},{\"@type\":\"WebSite\",\"@id\":\"http:\/\/ieu.university\/ru\/#website\",\"url\":\"http:\/\/ieu.university\/ru\/\",\"name\":\"INTERNATIONAL EUROPEAN UNIVERSITY, UKRAINE | EUROPE | STUDY IN UKRAINE | STUDY IN EUROPE | MBBS | GENERAL MEDICINE | BUSINESS | ENGINEERING | IT | EUROPE\",\"description\":\"INTERNATIONAL EUROPEAN UNIVERSITY, UKRAINE | EUROPE | STUDY IN UKRAINE | STUDY IN EUROPE | MBBS | GENERAL MEDICINE | BUSINESS | ENGINEERING | IT | EUROPE\",\"potentialAction\":[{\"@type\":\"SearchAction\",\"target\":{\"@type\":\"EntryPoint\",\"urlTemplate\":\"http:\/\/ieu.university\/ru\/?s={search_term_string}\"},\"query-input\":\"required name=search_term_string\"}],\"inLanguage\":\"en-US\"}]}<\/script>\n<!-- \/ Yoast SEO plugin. -->","yoast_head_json":{"title":"VISA AND IMMIGRATION | UKRAINE VISA SERVICE | HOW TO GET UKRAINE VISA | STUDY VISA IN UKRAINE | UKRAINE STUDY VISA FEES | UKRAINE VISA REQUIREMENTS","robots":{"index":"index","follow":"follow","max-snippet":"max-snippet:-1","max-image-preview":"max-image-preview:large","max-video-preview":"max-video-preview:-1"},"canonical":"http:\/\/ieu.university\/de\/visa-and-immigration\/","og_locale":"en_US","og_type":"article","og_title":"VISA AND IMMIGRATION | UKRAINE VISA SERVICE | HOW TO GET UKRAINE VISA | STUDY VISA IN UKRAINE | UKRAINE STUDY VISA FEES | UKRAINE VISA REQUIREMENTS","og_description":"Visum und Einwanderung Um an der IEU zu studieren, m\u00fcssen internationale Studenten ein Studentenvisum beantragen, um ihren Aufenthalt in der Ukraine","og_url":"http:\/\/ieu.university\/de\/visa-and-immigration\/","og_site_name":"INTERNATIONAL EUROPEAN UNIVERSITY, UKRAINE | EUROPE | STUDY IN UKRAINE | STUDY IN EUROPE | MBBS | GENERAL MEDICINE | BUSINESS | ENGINEERING | IT | EUROPE","article_modified_time":"2025-01-06T09:58:03+00:00","og_image":[{"width":1272,"height":386,"url":"http:\/\/ieu.university\/wp-content\/uploads\/2024\/07\/Visa-and-Immigration.png","type":"image\/png"}],"twitter_card":"summary_large_image","twitter_misc":{"Est. reading time":"2 minutes"},"schema":{"@context":"https:\/\/schema.org","@graph":[{"@type":"WebPage","@id":"http:\/\/ieu.university\/de\/visa-and-immigration\/","url":"http:\/\/ieu.university\/de\/visa-and-immigration\/","name":"VISA AND IMMIGRATION | UKRAINE VISA SERVICE | HOW TO GET UKRAINE VISA | STUDY VISA IN UKRAINE | UKRAINE STUDY VISA FEES | UKRAINE VISA REQUIREMENTS","isPartOf":{"@id":"http:\/\/ieu.university\/ru\/#website"},"datePublished":"2022-09-23T13:05:09+00:00","dateModified":"2025-01-06T09:58:03+00:00","inLanguage":"en-US","potentialAction":[{"@type":"ReadAction","target":["http:\/\/ieu.university\/de\/visa-and-immigration\/"]}]},{"@type":"WebSite","@id":"http:\/\/ieu.university\/ru\/#website","url":"http:\/\/ieu.university\/ru\/","name":"INTERNATIONAL EUROPEAN UNIVERSITY, UKRAINE | EUROPE | STUDY IN UKRAINE | STUDY IN EUROPE | MBBS | GENERAL MEDICINE | BUSINESS | ENGINEERING | IT | EUROPE","description":"INTERNATIONAL EUROPEAN UNIVERSITY, UKRAINE | EUROPE | STUDY IN UKRAINE | STUDY IN EUROPE | MBBS | GENERAL MEDICINE | BUSINESS | ENGINEERING | IT | EUROPE","potentialAction":[{"@type":"SearchAction","target":{"@type":"EntryPoint","urlTemplate":"http:\/\/ieu.university\/ru\/?s={search_term_string}"},"query-input":"required name=search_term_string"}],"inLanguage":"en-US"}]}},"_links":{"self":[{"href":"http:\/\/ieu.university\/de\/wp-json\/wp\/v2\/pages\/180","targetHints":{"allow":["GET"]}}],"collection":[{"href":"http:\/\/ieu.university\/de\/wp-json\/wp\/v2\/pages"}],"about":[{"href":"http:\/\/ieu.university\/de\/wp-json\/wp\/v2\/types\/page"}],"author":[{"embeddable":true,"href":"http:\/\/ieu.university\/de\/wp-json\/wp\/v2\/users\/1"}],"replies":[{"embeddable":true,"href":"http:\/\/ieu.university\/de\/wp-json\/wp\/v2\/comments?post=180"}],"version-history":[{"count":18,"href":"http:\/\/ieu.university\/de\/wp-json\/wp\/v2\/pages\/180\/revisions"}],"predecessor-version":[{"id":4545,"href":"http:\/\/ieu.university\/de\/wp-json\/wp\/v2\/pages\/180\/revisions\/4545"}],"wp:featuredmedia":[{"embeddable":true,"href":"http:\/\/ieu.university\/de\/wp-json\/wp\/v2\/media\/3662"}],"wp:attachment":[{"href":"http:\/\/ieu.university\/de\/wp-json\/wp\/v2\/media?parent=180"}],"curies":[{"name":"wp","href":"https:\/\/api.w.org\/{rel}","templated":true}]}}