{"id":1990,"date":"2023-01-03T13:36:12","date_gmt":"2023-01-03T10:36:12","guid":{"rendered":"https:\/\/ieu.university\/?page_id=1990"},"modified":"2025-01-06T12:34:11","modified_gmt":"2025-01-06T09:34:11","slug":"arrival-and-airport","status":"publish","type":"page","link":"http:\/\/ieu.university\/de\/arrival-and-airport\/","title":{"rendered":"Ankunft und Abholung vom Flughafen"},"content":{"rendered":"<h2>Ankunft und Abholung vom Flughafen<\/h2>\n<p>Internationale Studierende m\u00fcssen ihre Ankunft <strong>eine Woche im Voraus<\/strong> ank\u00fcndigen. Um einen reibungslosen \u00dcbergang zu gew\u00e4hrleisten, wird der IEU-Vertreter die Studierenden am Flughafen abholen und den Transport zu ihrer Unterkunft und Universit\u00e4t organisieren. Bei der Ankunft in der Ukraine verlangen wir von internationalen Studierenden, dass sie vollst\u00e4ndige Unterlagen und einen Zahlungsnachweis f\u00fcr die volle Studiengeb\u00fchr f\u00fcr das erste Jahr vorlegen, wie im Zulassungsbest\u00e4tigungsschreiben angegeben. Die Zulassungsabteilung hilft den Studierenden beim Registrierungsprozess, einschlie\u00dflich der Erf\u00fcllung der Zulassungsvoraussetzungen, der Registrierung f\u00fcr Studentenwohnheime, der Organisation medizinischer Untersuchungen, der Verl\u00e4ngerung von Visa, der Registrierung bei der Einwanderungsbeh\u00f6rde, der Legalisierung von Dokumenten, der Er\u00f6ffnung lokaler Bankkonten und der Beschaffung von SIM-Karten.<\/p>\n<p>\u00dcberqueren Sie die Grenzkontrolle nicht ohne den Vertreter! Die IEU informiert die zust\u00e4ndigen Beh\u00f6rden \u00fcber die Ankunft des Studierenden, um einwanderungsbezogene Probleme zu vermeiden. W\u00e4hrend der Passkontrolle \u00fcberpr\u00fcft der Grenzdienst, ob die Person, die den Studierenden abholt, mit dem im offiziellen Schreiben autorisierten Vertreter \u00fcbereinstimmt. Bei der Ankunft in der Ukraine wird internationalen Studierenden empfohlen, gen\u00fcgend Bargeld in Euro oder USD mitzuf\u00fchren. Es ist unm\u00f6glich oder sehr schwierig, hier in der Ukraine die Landesw\u00e4hrung zu wechseln oder sogar die lokalen Kreditkarten zu verwenden. Ein Vertreter der IEU wird den Studierenden nach ihrer Ankunft dabei helfen,<strong> ein Bankkonto bei einer lokalen Bank zu er\u00f6ffnen<\/strong>. Die Studierenden k\u00f6nnen innerhalb der kurzen Zeit, die nach ihrer Ankunft f\u00fcr den Abschluss des Registrierungsprozesses erforderlich ist, mit dem Unterricht beginnen.<\/p>\n<h2>F\u00dcR ELTERN!<\/h2>\n<p>Bitte INFORMIEREN Sie die Studierenden, ALLE <strong>Ihre Dokumente und ihr Geld auf einem Brett im Handgep\u00e4ck <\/strong>aufbewahren, um einen Verlust w\u00e4hrend der Reise in die Ukraine zu vermeiden. Es ist unbedingt erforderlich, Originaldokumente mitzubringen, die per E-Mail gesendet wurden, darunter Reisep\u00e4sse oder alle verf\u00fcgbaren Ausweisdokumente, Schulzeugnisse, Bachelor-\/Master-Abschluss mit Zeugnissen (f\u00fcr Postgraduierte), ausgef\u00fcllte Bewerbungsformulare, ein Dokument zum Nachweis der Englischkenntnisse (f\u00fcr Studierende aus L\u00e4ndern, in denen Englisch keine Landessprache ist) und einen Zahlungsnachweis f\u00fcr die volle Studiengeb\u00fchr f\u00fcr das erste Jahr.<\/p>\n","protected":false},"excerpt":{"rendered":"<p>Ankunft und Abholung vom Flughafen Internationale Studierende m\u00fcssen ihre Ankunft eine Woche im Voraus ank\u00fcndigen. Um einen reibungslosen \u00dcbergang zu gew\u00e4hrleisten, wird der IEU-Vertreter die Studierenden am Flughafen abholen und den Transport zu ihrer Unterkunft und Universit\u00e4t organisieren. Bei der Ankunft in der Ukraine verlangen wir von internationalen Studierenden, dass sie vollst\u00e4ndige Unterlagen und einen [&hellip;]<\/p>\n","protected":false},"author":1,"featured_media":3634,"parent":0,"menu_order":0,"comment_status":"closed","ping_status":"closed","template":"","meta":{"ngg_post_thumbnail":0,"footnotes":""},"class_list":["post-1990","page","type-page","status-publish","has-post-thumbnail","hentry"],"acf":[],"yoast_head":"<!-- This site is optimized with the Yoast SEO plugin v20.8 - https:\/\/yoast.com\/wordpress\/plugins\/seo\/ -->\n<title>ARRIVAL AND AIRPORT PICKUP AT INTERNATIONAL EUROPEAN UNIVERSITY | STUDENT&#039;S ARRIVAL TO UKRAINE | EDUCATION IN EUROPE | ARRIVAL TO UKRAINE | HOW TO GET TO UKRAINE | STUDY IN EUROPE<\/title>\n<meta name=\"robots\" content=\"index, follow, max-snippet:-1, max-image-preview:large, max-video-preview:-1\" \/>\n<link rel=\"canonical\" href=\"http:\/\/ieu.university\/de\/arrival-and-airport\/\" \/>\n<meta property=\"og:locale\" content=\"en_US\" \/>\n<meta property=\"og:type\" content=\"article\" \/>\n<meta property=\"og:title\" content=\"ARRIVAL AND AIRPORT PICKUP AT INTERNATIONAL EUROPEAN UNIVERSITY | STUDENT&#039;S ARRIVAL TO UKRAINE | EDUCATION IN EUROPE | ARRIVAL TO UKRAINE | HOW TO GET TO UKRAINE | STUDY IN EUROPE\" \/>\n<meta property=\"og:description\" content=\"Ankunft und Abholung vom Flughafen Internationale Studierende m\u00fcssen ihre Ankunft eine Woche im Voraus ank\u00fcndigen. Um einen reibungslosen \u00dcbergang zu gew\u00e4hrleisten, wird der IEU-Vertreter die Studierenden am Flughafen abholen und den Transport zu ihrer Unterkunft und Universit\u00e4t organisieren. Bei der Ankunft in der Ukraine verlangen wir von internationalen Studierenden, dass sie vollst\u00e4ndige Unterlagen und einen [&hellip;]\" \/>\n<meta property=\"og:url\" content=\"http:\/\/ieu.university\/de\/arrival-and-airport\/\" \/>\n<meta property=\"og:site_name\" content=\"INTERNATIONAL EUROPEAN UNIVERSITY, UKRAINE | EUROPE | STUDY IN UKRAINE | STUDY IN EUROPE | MBBS | GENERAL MEDICINE | BUSINESS | ENGINEERING | IT | EUROPE\" \/>\n<meta property=\"article:modified_time\" content=\"2025-01-06T09:34:11+00:00\" \/>\n<meta property=\"og:image\" content=\"http:\/\/ieu.university\/wp-content\/uploads\/2024\/07\/Arrival-and-Airport-Pickup.png\" \/>\n\t<meta property=\"og:image:width\" content=\"1272\" \/>\n\t<meta property=\"og:image:height\" content=\"386\" \/>\n\t<meta property=\"og:image:type\" content=\"image\/png\" \/>\n<meta name=\"twitter:card\" content=\"summary_large_image\" \/>\n<meta name=\"twitter:label1\" content=\"Est. reading time\" \/>\n\t<meta name=\"twitter:data1\" content=\"2 minutes\" \/>\n<script type=\"application\/ld+json\" class=\"yoast-schema-graph\">{\"@context\":\"https:\/\/schema.org\",\"@graph\":[{\"@type\":\"WebPage\",\"@id\":\"http:\/\/ieu.university\/de\/arrival-and-airport\/\",\"url\":\"http:\/\/ieu.university\/de\/arrival-and-airport\/\",\"name\":\"ARRIVAL AND AIRPORT PICKUP AT INTERNATIONAL EUROPEAN UNIVERSITY | STUDENT'S ARRIVAL TO UKRAINE | EDUCATION IN EUROPE | ARRIVAL TO UKRAINE | HOW TO GET TO UKRAINE | STUDY IN EUROPE\",\"isPartOf\":{\"@id\":\"https:\/\/ieu.university\/#website\"},\"datePublished\":\"2023-01-03T10:36:12+00:00\",\"dateModified\":\"2025-01-06T09:34:11+00:00\",\"inLanguage\":\"en-US\",\"potentialAction\":[{\"@type\":\"ReadAction\",\"target\":[\"http:\/\/ieu.university\/de\/arrival-and-airport\/\"]}]},{\"@type\":\"WebSite\",\"@id\":\"https:\/\/ieu.university\/#website\",\"url\":\"https:\/\/ieu.university\/\",\"name\":\"INTERNATIONAL EUROPEAN UNIVERSITY, UKRAINE | EUROPE | STUDY IN UKRAINE | STUDY IN EUROPE | MBBS | GENERAL MEDICINE | BUSINESS | ENGINEERING | IT | EUROPE\",\"description\":\"INTERNATIONAL EUROPEAN UNIVERSITY, UKRAINE | EUROPE | STUDY IN UKRAINE | STUDY IN EUROPE | MBBS | GENERAL MEDICINE | BUSINESS | ENGINEERING | IT | EUROPE\",\"potentialAction\":[{\"@type\":\"SearchAction\",\"target\":{\"@type\":\"EntryPoint\",\"urlTemplate\":\"https:\/\/ieu.university\/?s={search_term_string}\"},\"query-input\":\"required name=search_term_string\"}],\"inLanguage\":\"en-US\"}]}<\/script>\n<!-- \/ Yoast SEO plugin. -->","yoast_head_json":{"title":"ARRIVAL AND AIRPORT PICKUP AT INTERNATIONAL EUROPEAN UNIVERSITY | STUDENT'S ARRIVAL TO UKRAINE | EDUCATION IN EUROPE | ARRIVAL TO UKRAINE | HOW TO GET TO UKRAINE | STUDY IN EUROPE","robots":{"index":"index","follow":"follow","max-snippet":"max-snippet:-1","max-image-preview":"max-image-preview:large","max-video-preview":"max-video-preview:-1"},"canonical":"http:\/\/ieu.university\/de\/arrival-and-airport\/","og_locale":"en_US","og_type":"article","og_title":"ARRIVAL AND AIRPORT PICKUP AT INTERNATIONAL EUROPEAN UNIVERSITY | STUDENT'S ARRIVAL TO UKRAINE | EDUCATION IN EUROPE | ARRIVAL TO UKRAINE | HOW TO GET TO UKRAINE | STUDY IN EUROPE","og_description":"Ankunft und Abholung vom Flughafen Internationale Studierende m\u00fcssen ihre Ankunft eine Woche im Voraus ank\u00fcndigen. Um einen reibungslosen \u00dcbergang zu gew\u00e4hrleisten, wird der IEU-Vertreter die Studierenden am Flughafen abholen und den Transport zu ihrer Unterkunft und Universit\u00e4t organisieren. Bei der Ankunft in der Ukraine verlangen wir von internationalen Studierenden, dass sie vollst\u00e4ndige Unterlagen und einen [&hellip;]","og_url":"http:\/\/ieu.university\/de\/arrival-and-airport\/","og_site_name":"INTERNATIONAL EUROPEAN UNIVERSITY, UKRAINE | EUROPE | STUDY IN UKRAINE | STUDY IN EUROPE | MBBS | GENERAL MEDICINE | BUSINESS | ENGINEERING | IT | EUROPE","article_modified_time":"2025-01-06T09:34:11+00:00","og_image":[{"width":1272,"height":386,"url":"http:\/\/ieu.university\/wp-content\/uploads\/2024\/07\/Arrival-and-Airport-Pickup.png","type":"image\/png"}],"twitter_card":"summary_large_image","twitter_misc":{"Est. reading time":"2 minutes"},"schema":{"@context":"https:\/\/schema.org","@graph":[{"@type":"WebPage","@id":"http:\/\/ieu.university\/de\/arrival-and-airport\/","url":"http:\/\/ieu.university\/de\/arrival-and-airport\/","name":"ARRIVAL AND AIRPORT PICKUP AT INTERNATIONAL EUROPEAN UNIVERSITY | STUDENT'S ARRIVAL TO UKRAINE | EDUCATION IN EUROPE | ARRIVAL TO UKRAINE | HOW TO GET TO UKRAINE | STUDY IN EUROPE","isPartOf":{"@id":"https:\/\/ieu.university\/#website"},"datePublished":"2023-01-03T10:36:12+00:00","dateModified":"2025-01-06T09:34:11+00:00","inLanguage":"en-US","potentialAction":[{"@type":"ReadAction","target":["http:\/\/ieu.university\/de\/arrival-and-airport\/"]}]},{"@type":"WebSite","@id":"https:\/\/ieu.university\/#website","url":"https:\/\/ieu.university\/","name":"INTERNATIONAL EUROPEAN UNIVERSITY, UKRAINE | EUROPE | STUDY IN UKRAINE | STUDY IN EUROPE | MBBS | GENERAL MEDICINE | BUSINESS | ENGINEERING | IT | EUROPE","description":"INTERNATIONAL EUROPEAN UNIVERSITY, UKRAINE | EUROPE | STUDY IN UKRAINE | STUDY IN EUROPE | MBBS | GENERAL MEDICINE | BUSINESS | ENGINEERING | IT | EUROPE","potentialAction":[{"@type":"SearchAction","target":{"@type":"EntryPoint","urlTemplate":"https:\/\/ieu.university\/?s={search_term_string}"},"query-input":"required name=search_term_string"}],"inLanguage":"en-US"}]}},"_links":{"self":[{"href":"http:\/\/ieu.university\/de\/wp-json\/wp\/v2\/pages\/1990","targetHints":{"allow":["GET"]}}],"collection":[{"href":"http:\/\/ieu.university\/de\/wp-json\/wp\/v2\/pages"}],"about":[{"href":"http:\/\/ieu.university\/de\/wp-json\/wp\/v2\/types\/page"}],"author":[{"embeddable":true,"href":"http:\/\/ieu.university\/de\/wp-json\/wp\/v2\/users\/1"}],"replies":[{"embeddable":true,"href":"http:\/\/ieu.university\/de\/wp-json\/wp\/v2\/comments?post=1990"}],"version-history":[{"count":26,"href":"http:\/\/ieu.university\/de\/wp-json\/wp\/v2\/pages\/1990\/revisions"}],"predecessor-version":[{"id":4424,"href":"http:\/\/ieu.university\/de\/wp-json\/wp\/v2\/pages\/1990\/revisions\/4424"}],"wp:featuredmedia":[{"embeddable":true,"href":"http:\/\/ieu.university\/de\/wp-json\/wp\/v2\/media\/3634"}],"wp:attachment":[{"href":"http:\/\/ieu.university\/de\/wp-json\/wp\/v2\/media?parent=1990"}],"curies":[{"name":"wp","href":"https:\/\/api.w.org\/{rel}","templated":true}]}}