{"id":220,"date":"2022-09-23T17:05:34","date_gmt":"2022-09-23T14:05:34","guid":{"rendered":"http:\/\/ieu.university\/?page_id=220"},"modified":"2025-01-06T13:47:13","modified_gmt":"2025-01-06T10:47:13","slug":"sports","status":"publish","type":"page","link":"http:\/\/ieu.university\/de\/sports\/","title":{"rendered":"Sport und Gesundheitskomplex"},"content":{"rendered":"<h2>Sport und Gesundheitskomplex<\/h2>\n<p><span style=\"font-weight: 400;\">Die International European University hat alle notwendigen Voraussetzungen f\u00fcr die Erholung der Studenten und die Verbesserung ihres kulturellen Niveaus geschaffen. Die Universit\u00e4t verf\u00fcgt \u00fcber <\/span><b>2 Versammlungsr\u00e4ume<\/b><span style=\"font-weight: 400;\">, die den Studenten zur Verf\u00fcgung stehen. Alle universit\u00e4ren Bildungsveranstaltungen k\u00f6nnen dort organisiert und durchgef\u00fchrt werden. Die Versammlungsr\u00e4ume befinden sich auf dem Gel\u00e4nde der International European University. Wissenschaftliche Konferenzen und Seminare, kreative Abende, Treffen mit angesehenen Wissenschaftlern und Feierlichkeiten f\u00fcr Studenten der International European University (wie Aufnahmezeremonien, Diplomverleihungen usw.) finden dort statt. Die Versammlungsr\u00e4ume sind mit <\/span><b>modernen Multimedia-, Projektions-, Audio- und Videoger\u00e4ten ausgestattet.<\/b><\/p>\n<p><span style=\"font-weight: 400;\">Die International European University verf\u00fcgt \u00fcber <\/span><b>Sporthallen f\u00fcr Sportunterricht, Physiotherapie, Ergotherapie, Sportabteilungen und Wettk\u00e4mpfe.<\/b><span style=\"font-weight: 400;\"> Zus\u00e4tzlich zu den bestehenden Sporthallen auf dem Hauptgel\u00e4nde der Universit\u00e4t hat die International European University einen Vertrag mit dem \u201eAvangard Sports Complex\u201c unterzeichnet, sodass die International European University nun das Recht hat, zwei Sporthallen (729,1 m\u00b2 und 614,7 m\u00b2) sowie die Stadionfl\u00e4che von 627,3 m\u00b2 zu nutzen. Die Sporthallen der International European University sind vollst\u00e4ndig ausgestattet<\/span><b> f\u00fcr Training und Sportwettk\u00e4mpfe in Basketball, Volleyball, Mini-Fu\u00dfball, Big Tennis, Sportgymnastik, Tischtennis, Kampfsport und mehr.<\/b><\/p>\n<p><span style=\"font-weight: 400;\">Die Hallen sind mit Basketballbrettern, Fu\u00dfballtoren, Volleyballnetzen, Netzen f\u00fcr Tennis und Badminton, Basketball, Fu\u00dfball und Volleyball, Tischtennisplatten, Simulatoren, Arboreten, Fahrradergometern, \u201eRehabilitations- und Gesundheits\u201c-Plattformen, Sportlauffl\u00e4chen (horizontale und vertikale Schubbl\u00f6cke f\u00fcr die R\u00fcckenmuskulatur, Gest\u00e4nge, horizontales Heimtrainer, Oberschenkelmuskeltrainer, Smith-Maschine, Brustmaschine, Zug- und Schubmuskeltrainer, Crossover, Beinpressetrainer, professionelle Hanteln, Scheiben, vielseitige Wand, Armdr\u00fccktisch, Langhantel, Kurzhantel, Schubstangen, B\u00e4lle zum Trainieren der Hand, Massageb\u00e4lle, gef\u00fcllt, Fu\u00dfball usw.) ausgestattet.<\/span><\/p>\n<p><span style=\"font-weight: 400;\">Das Stadion der International European University ist teilweise mit einem <\/span><b>speziellen Gummibelag f\u00fcr Fu\u00dfball und Volleyball, Laufb\u00e4ndern, einer Weitsprunggrube, S\u00e4ulen und einem Volleyballfeld<\/b><span style=\"font-weight: 400;\"> ausgestattet. Studenten der International European University k\u00f6nnen w\u00e4hrend des Unterrichts und nach dem Unterricht alle modernen Ger\u00e4te nutzen, wenn sie einen Termin vereinbaren. Dadurch k\u00f6nnen die Studierenden mehr Zeit im Fitnessstudio verbringen und nicht nur Sport treiben, sondern auch<\/span><b> ihre Gesundheit verbessern<\/b><span style=\"font-weight: 400;\">. Die Studierenden werden st\u00e4ndig von Fachleuten beaufsichtigt. Universit\u00e4ts\u00e4rzte in allen Sporthallen k\u00f6nnen den Studierenden bei Bedarf helfen. Somit erf\u00fcllt die Sportinfrastruktur der International European University die Bed\u00fcrfnisse der Universit\u00e4t im Sportbildungsprozess und die Bed\u00fcrfnisse der Studierenden nach pers\u00f6nlicher Selbstverwirklichung in vollem Umfang.<\/span><\/p>\n","protected":false},"excerpt":{"rendered":"<p>Sport und Gesundheitskomplex Die International European University hat alle notwendigen Voraussetzungen f\u00fcr die Erholung der Studenten und die Verbesserung ihres kulturellen Niveaus geschaffen. Die Universit\u00e4t verf\u00fcgt \u00fcber 2 Versammlungsr\u00e4ume, die den Studenten zur Verf\u00fcgung stehen. Alle universit\u00e4ren Bildungsveranstaltungen k\u00f6nnen dort organisiert und durchgef\u00fchrt werden. Die Versammlungsr\u00e4ume befinden sich auf dem Gel\u00e4nde der International European University. [&hellip;]<\/p>\n","protected":false},"author":1,"featured_media":3654,"parent":0,"menu_order":0,"comment_status":"closed","ping_status":"closed","template":"","meta":{"ngg_post_thumbnail":0,"footnotes":""},"class_list":["post-220","page","type-page","status-publish","has-post-thumbnail","hentry"],"acf":[],"yoast_head":"<!-- This site is optimized with the Yoast SEO plugin v20.8 - https:\/\/yoast.com\/wordpress\/plugins\/seo\/ -->\n<title>DEPORTE Y SALUD | ESTUDIAR EN UCRANIA | ESTUDIAR EN EL EXTRANJERO | ESTUDIAR EN INGL\u00c9S EN UCRANIA | UNIVERSIDAD INTERNACIONAL EUROPEA | DEPORTE EN UCRANIA | GIMNASIO PARA ESTUDIANTES EN UCRANIA<\/title>\n<meta name=\"robots\" content=\"index, follow, max-snippet:-1, max-image-preview:large, max-video-preview:-1\" \/>\n<link rel=\"canonical\" href=\"https:\/\/ieu.university\/es\/sports\/\" \/>\n<meta property=\"og:locale\" content=\"en_US\" \/>\n<meta property=\"og:type\" content=\"article\" \/>\n<meta property=\"og:title\" content=\"DEPORTE Y SALUD | ESTUDIAR EN UCRANIA | ESTUDIAR EN EL EXTRANJERO | ESTUDIAR EN INGL\u00c9S EN UCRANIA | UNIVERSIDAD INTERNACIONAL EUROPEA | DEPORTE EN UCRANIA | GIMNASIO PARA ESTUDIANTES EN UCRANIA\" \/>\n<meta property=\"og:description\" content=\"Sport und Gesundheitskomplex Die International European University hat alle notwendigen Voraussetzungen f\u00fcr die Erholung der Studenten und die Verbesserung ihres kulturellen Niveaus geschaffen. Die Universit\u00e4t verf\u00fcgt \u00fcber 2 Versammlungsr\u00e4ume, die den Studenten zur Verf\u00fcgung stehen. Alle universit\u00e4ren Bildungsveranstaltungen k\u00f6nnen dort organisiert und durchgef\u00fchrt werden. Die Versammlungsr\u00e4ume befinden sich auf dem Gel\u00e4nde der International European University. [&hellip;]\" \/>\n<meta property=\"og:url\" content=\"http:\/\/ieu.university\/de\/sports\/\" \/>\n<meta property=\"og:site_name\" content=\"INTERNATIONAL EUROPEAN UNIVERSITY, UKRAINE | EUROPE | STUDY IN UKRAINE | STUDY IN EUROPE | MBBS | GENERAL MEDICINE | BUSINESS | ENGINEERING | IT | EUROPE\" \/>\n<meta property=\"article:modified_time\" content=\"2025-01-06T10:47:13+00:00\" \/>\n<meta property=\"og:image\" content=\"https:\/\/ieu.university\/wp-content\/uploads\/2024\/07\/Sport-Complex.png\" \/>\n\t<meta property=\"og:image:width\" content=\"1272\" \/>\n\t<meta property=\"og:image:height\" content=\"386\" \/>\n\t<meta property=\"og:image:type\" content=\"image\/png\" \/>\n<meta name=\"twitter:card\" content=\"summary_large_image\" \/>\n<meta name=\"twitter:label1\" content=\"Est. reading time\" \/>\n\t<meta name=\"twitter:data1\" content=\"2 minutes\" \/>\n<script type=\"application\/ld+json\" class=\"yoast-schema-graph\">{\"@context\":\"https:\/\/schema.org\",\"@graph\":[{\"@type\":\"WebPage\",\"@id\":\"https:\/\/ieu.university\/es\/sports\/\",\"url\":\"https:\/\/ieu.university\/es\/sports\/\",\"name\":\"DEPORTE Y SALUD | ESTUDIAR EN UCRANIA | ESTUDIAR EN EL EXTRANJERO | ESTUDIAR EN INGL\u00c9S EN UCRANIA | UNIVERSIDAD INTERNACIONAL EUROPEA | DEPORTE EN UCRANIA | GIMNASIO PARA ESTUDIANTES EN UCRANIA\",\"isPartOf\":{\"@id\":\"https:\/\/ieu.university\/#website\"},\"datePublished\":\"2022-09-23T14:05:34+00:00\",\"dateModified\":\"2025-01-06T10:47:13+00:00\",\"inLanguage\":\"en-US\",\"potentialAction\":[{\"@type\":\"ReadAction\",\"target\":[\"https:\/\/ieu.university\/es\/sports\/\"]}]},{\"@type\":\"WebSite\",\"@id\":\"https:\/\/ieu.university\/#website\",\"url\":\"https:\/\/ieu.university\/\",\"name\":\"INTERNATIONAL EUROPEAN UNIVERSITY, UKRAINE | EUROPE | STUDY IN UKRAINE | STUDY IN EUROPE | MBBS | GENERAL MEDICINE | BUSINESS | ENGINEERING | IT | EUROPE\",\"description\":\"INTERNATIONAL EUROPEAN UNIVERSITY, UKRAINE | EUROPE | STUDY IN UKRAINE | STUDY IN EUROPE | MBBS | GENERAL MEDICINE | BUSINESS | ENGINEERING | IT | EUROPE\",\"potentialAction\":[{\"@type\":\"SearchAction\",\"target\":{\"@type\":\"EntryPoint\",\"urlTemplate\":\"https:\/\/ieu.university\/?s={search_term_string}\"},\"query-input\":\"required name=search_term_string\"}],\"inLanguage\":\"en-US\"}]}<\/script>\n<!-- \/ Yoast SEO plugin. -->","yoast_head_json":{"title":"DEPORTE Y SALUD | ESTUDIAR EN UCRANIA | ESTUDIAR EN EL EXTRANJERO | ESTUDIAR EN INGL\u00c9S EN UCRANIA | UNIVERSIDAD INTERNACIONAL EUROPEA | DEPORTE EN UCRANIA | GIMNASIO PARA ESTUDIANTES EN UCRANIA","robots":{"index":"index","follow":"follow","max-snippet":"max-snippet:-1","max-image-preview":"max-image-preview:large","max-video-preview":"max-video-preview:-1"},"canonical":"https:\/\/ieu.university\/es\/sports\/","og_locale":"en_US","og_type":"article","og_title":"DEPORTE Y SALUD | ESTUDIAR EN UCRANIA | ESTUDIAR EN EL EXTRANJERO | ESTUDIAR EN INGL\u00c9S EN UCRANIA | UNIVERSIDAD INTERNACIONAL EUROPEA | DEPORTE EN UCRANIA | GIMNASIO PARA ESTUDIANTES EN UCRANIA","og_description":"Sport und Gesundheitskomplex Die International European University hat alle notwendigen Voraussetzungen f\u00fcr die Erholung der Studenten und die Verbesserung ihres kulturellen Niveaus geschaffen. Die Universit\u00e4t verf\u00fcgt \u00fcber 2 Versammlungsr\u00e4ume, die den Studenten zur Verf\u00fcgung stehen. Alle universit\u00e4ren Bildungsveranstaltungen k\u00f6nnen dort organisiert und durchgef\u00fchrt werden. Die Versammlungsr\u00e4ume befinden sich auf dem Gel\u00e4nde der International European University. [&hellip;]","og_url":"http:\/\/ieu.university\/de\/sports\/","og_site_name":"INTERNATIONAL EUROPEAN UNIVERSITY, UKRAINE | EUROPE | STUDY IN UKRAINE | STUDY IN EUROPE | MBBS | GENERAL MEDICINE | BUSINESS | ENGINEERING | IT | EUROPE","article_modified_time":"2025-01-06T10:47:13+00:00","og_image":[{"width":1272,"height":386,"url":"https:\/\/ieu.university\/wp-content\/uploads\/2024\/07\/Sport-Complex.png","type":"image\/png"}],"twitter_card":"summary_large_image","twitter_misc":{"Est. reading time":"2 minutes"},"schema":{"@context":"https:\/\/schema.org","@graph":[{"@type":"WebPage","@id":"https:\/\/ieu.university\/es\/sports\/","url":"https:\/\/ieu.university\/es\/sports\/","name":"DEPORTE Y SALUD | ESTUDIAR EN UCRANIA | ESTUDIAR EN EL EXTRANJERO | ESTUDIAR EN INGL\u00c9S EN UCRANIA | UNIVERSIDAD INTERNACIONAL EUROPEA | DEPORTE EN UCRANIA | GIMNASIO PARA ESTUDIANTES EN UCRANIA","isPartOf":{"@id":"https:\/\/ieu.university\/#website"},"datePublished":"2022-09-23T14:05:34+00:00","dateModified":"2025-01-06T10:47:13+00:00","inLanguage":"en-US","potentialAction":[{"@type":"ReadAction","target":["https:\/\/ieu.university\/es\/sports\/"]}]},{"@type":"WebSite","@id":"https:\/\/ieu.university\/#website","url":"https:\/\/ieu.university\/","name":"INTERNATIONAL EUROPEAN UNIVERSITY, UKRAINE | EUROPE | STUDY IN UKRAINE | STUDY IN EUROPE | MBBS | GENERAL MEDICINE | BUSINESS | ENGINEERING | IT | EUROPE","description":"INTERNATIONAL EUROPEAN UNIVERSITY, UKRAINE | EUROPE | STUDY IN UKRAINE | STUDY IN EUROPE | MBBS | GENERAL MEDICINE | BUSINESS | ENGINEERING | IT | EUROPE","potentialAction":[{"@type":"SearchAction","target":{"@type":"EntryPoint","urlTemplate":"https:\/\/ieu.university\/?s={search_term_string}"},"query-input":"required name=search_term_string"}],"inLanguage":"en-US"}]}},"_links":{"self":[{"href":"http:\/\/ieu.university\/de\/wp-json\/wp\/v2\/pages\/220","targetHints":{"allow":["GET"]}}],"collection":[{"href":"http:\/\/ieu.university\/de\/wp-json\/wp\/v2\/pages"}],"about":[{"href":"http:\/\/ieu.university\/de\/wp-json\/wp\/v2\/types\/page"}],"author":[{"embeddable":true,"href":"http:\/\/ieu.university\/de\/wp-json\/wp\/v2\/users\/1"}],"replies":[{"embeddable":true,"href":"http:\/\/ieu.university\/de\/wp-json\/wp\/v2\/comments?post=220"}],"version-history":[{"count":24,"href":"http:\/\/ieu.university\/de\/wp-json\/wp\/v2\/pages\/220\/revisions"}],"predecessor-version":[{"id":4560,"href":"http:\/\/ieu.university\/de\/wp-json\/wp\/v2\/pages\/220\/revisions\/4560"}],"wp:featuredmedia":[{"embeddable":true,"href":"http:\/\/ieu.university\/de\/wp-json\/wp\/v2\/media\/3654"}],"wp:attachment":[{"href":"http:\/\/ieu.university\/de\/wp-json\/wp\/v2\/media?parent=220"}],"curies":[{"name":"wp","href":"https:\/\/api.w.org\/{rel}","templated":true}]}}