{"id":223,"date":"2022-09-23T17:06:49","date_gmt":"2022-09-23T14:06:49","guid":{"rendered":"http:\/\/ieu.university\/?page_id=223"},"modified":"2025-01-06T12:48:29","modified_gmt":"2025-01-06T09:48:29","slug":"abilities","status":"publish","type":"page","link":"http:\/\/ieu.university\/de\/abilities\/","title":{"rendered":"F\u00fcr Menschen mit eingeschr\u00e4nkten F\u00e4higkeiten"},"content":{"rendered":"<h2>F\u00fcr Menschen mit eingeschr\u00e4nkten F\u00e4higkeiten<\/h2>\n<p><strong>\u00dcber die Verf\u00fcgbarkeit der International European University f\u00fcr Menschen mit besonderen Bildungsbed\u00fcrfnissen<\/strong><\/p>\n<p>Die Verwaltung der International European University ist unabl\u00e4ssig darum bem\u00fcht, komfortable Bedingungen f\u00fcr Menschen mit besonderen Bed\u00fcrfnissen bereitzustellen. Deshalb f\u00fchrt die International European University ein begleitendes Bildungssystem ein, das die Verwendung neuer Bildungstechnologien umfasst, um gleiche Bedingungen f\u00fcr den Zugang zur Bildung f\u00fcr Menschen mit besonderen Bed\u00fcrfnissen zu schaffen. Insbesondere werden interaktive Lehrmethoden verwendet: Situations\u00fcbungen, F\u00e4lle, Spieltechnologien, problembasiertes Lernen, individualisiertes programmiertes Lernen usw. Studenten der International European University werden von unterst\u00fctzenden akademischen Mitarbeitern und Kollegen unterrichtet, die bereit sind, ihnen bei allen Fragen zum Bildungs- und Forschungsprozess zu helfen. Die Universit\u00e4t hat Aufgaben entwickelt, die an Studenten mit besonderen Bildungsbed\u00fcrfnissen angepasst sind.<\/p>\n<p><strong>\u00dcber die Zug\u00e4nglichkeit der International European University f\u00fcr Menschen mit eingeschr\u00e4nkter Mobilit\u00e4t<\/strong><\/p>\n<p>An der International European University werden behinderte Menschen und verschiedene Gruppen von Menschen mit Behinderungen nie allein gelassen. Es wurden M\u00f6glichkeiten entwickelt, um Menschen mit besonderen Bed\u00fcrfnissen einen ungehinderten Zugang zum Geb\u00e4ude der International European University zu erm\u00f6glichen. Der Experte f\u00fcr technische Inspektion von Geb\u00e4uden und Bauwerken best\u00e4tigt, dass die International European University uneingeschr\u00e4nkten Zugang zu Studiengeb\u00e4uden, Universit\u00e4tslabors, Kabinetten, einer Bibliothek, Lese- und Versammlungsr\u00e4umen bietet. K\u00f6rperlich behinderte Studenten und Rollstuhlfahrer k\u00f6nnen sich nicht nur problemlos in den Gemeinschaftsbereichen der International European University bewegen, sondern auch bequem ihre t\u00e4glichen Bed\u00fcrfnisse befriedigen und sich ausruhen.<\/p>\n<p>Unter Einhaltung der staatlichen Vorschriften, Regeln und Standards bietet die International European University ungehinderten Zugang zu Geb\u00e4uden, Bildungseinrichtungen, Studienr\u00e4umen f\u00fcr Menschen mit Behinderungen und andere kleine mobile Gruppen. Im Allgemeinen entspricht die materielle Basis der International European University den bestehenden Anforderungen und Normen und erm\u00f6glicht es dem Bildungsprozess, den Standards und Anforderungen des Ministeriums f\u00fcr Bildung und Wissenschaft der Ukraine zu entsprechen.<\/p>\n","protected":false},"excerpt":{"rendered":"<p>F\u00fcr Menschen mit eingeschr\u00e4nkten F\u00e4higkeiten \u00dcber die Verf\u00fcgbarkeit der International European University f\u00fcr Menschen mit besonderen Bildungsbed\u00fcrfnissen Die Verwaltung der International European University ist unabl\u00e4ssig darum bem\u00fcht, komfortable Bedingungen f\u00fcr Menschen mit besonderen Bed\u00fcrfnissen bereitzustellen. Deshalb f\u00fchrt die International European University ein begleitendes Bildungssystem ein, das die Verwendung neuer Bildungstechnologien umfasst, um gleiche Bedingungen f\u00fcr [&hellip;]<\/p>\n","protected":false},"author":1,"featured_media":3642,"parent":0,"menu_order":0,"comment_status":"closed","ping_status":"closed","template":"","meta":{"ngg_post_thumbnail":0,"footnotes":""},"class_list":["post-223","page","type-page","status-publish","has-post-thumbnail","hentry"],"acf":[],"yoast_head":"<!-- This site is optimized with the Yoast SEO plugin v20.8 - https:\/\/yoast.com\/wordpress\/plugins\/seo\/ -->\n<title>STUDENTS WITH LIMITED ABILITIES | INCLUSIVE EDUCATION IN ENGLISH | SPECIAL EDUCATION | STUDY IN UKRAINE IN ENGLISH | UNIVERSITIES IN UKRAINE | STUDY ABROAD IN UKRAINE\u00a0<\/title>\n<meta name=\"robots\" content=\"index, follow, max-snippet:-1, max-image-preview:large, max-video-preview:-1\" \/>\n<link rel=\"canonical\" href=\"https:\/\/ieu.university\/it\/abilities\/\" \/>\n<meta property=\"og:locale\" content=\"en_US\" \/>\n<meta property=\"og:type\" content=\"article\" \/>\n<meta property=\"og:title\" content=\"STUDENTS WITH LIMITED ABILITIES | INCLUSIVE EDUCATION IN ENGLISH | SPECIAL EDUCATION | STUDY IN UKRAINE IN ENGLISH | UNIVERSITIES IN UKRAINE | STUDY ABROAD IN UKRAINE\u00a0\" \/>\n<meta property=\"og:description\" content=\"F\u00fcr Menschen mit eingeschr\u00e4nkten F\u00e4higkeiten \u00dcber die Verf\u00fcgbarkeit der International European University f\u00fcr Menschen mit besonderen Bildungsbed\u00fcrfnissen Die Verwaltung der International European University ist unabl\u00e4ssig darum bem\u00fcht, komfortable Bedingungen f\u00fcr Menschen mit besonderen Bed\u00fcrfnissen bereitzustellen. Deshalb f\u00fchrt die International European University ein begleitendes Bildungssystem ein, das die Verwendung neuer Bildungstechnologien umfasst, um gleiche Bedingungen f\u00fcr [&hellip;]\" \/>\n<meta property=\"og:url\" content=\"http:\/\/ieu.university\/de\/abilities\/\" \/>\n<meta property=\"og:site_name\" content=\"INTERNATIONAL EUROPEAN UNIVERSITY, UKRAINE | EUROPE | STUDY IN UKRAINE | STUDY IN EUROPE | MBBS | GENERAL MEDICINE | BUSINESS | ENGINEERING | IT | EUROPE\" \/>\n<meta property=\"article:modified_time\" content=\"2025-01-06T09:48:29+00:00\" \/>\n<meta property=\"og:image\" content=\"https:\/\/ieu.university\/wp-content\/uploads\/2024\/07\/For-People-With-Limited-Abilities.png\" \/>\n\t<meta property=\"og:image:width\" content=\"1272\" \/>\n\t<meta property=\"og:image:height\" content=\"386\" \/>\n\t<meta property=\"og:image:type\" content=\"image\/png\" \/>\n<meta name=\"twitter:card\" content=\"summary_large_image\" \/>\n<meta name=\"twitter:label1\" content=\"Est. reading time\" \/>\n\t<meta name=\"twitter:data1\" content=\"2 minutes\" \/>\n<script type=\"application\/ld+json\" class=\"yoast-schema-graph\">{\"@context\":\"https:\/\/schema.org\",\"@graph\":[{\"@type\":\"WebPage\",\"@id\":\"https:\/\/ieu.university\/it\/abilities\/\",\"url\":\"https:\/\/ieu.university\/it\/abilities\/\",\"name\":\"STUDENTS WITH LIMITED ABILITIES | INCLUSIVE EDUCATION IN ENGLISH | SPECIAL EDUCATION | STUDY IN UKRAINE IN ENGLISH | UNIVERSITIES IN UKRAINE | STUDY ABROAD IN UKRAINE\u00a0\",\"isPartOf\":{\"@id\":\"https:\/\/ieu.university\/#website\"},\"datePublished\":\"2022-09-23T14:06:49+00:00\",\"dateModified\":\"2025-01-06T09:48:29+00:00\",\"inLanguage\":\"en-US\",\"potentialAction\":[{\"@type\":\"ReadAction\",\"target\":[\"https:\/\/ieu.university\/it\/abilities\/\"]}]},{\"@type\":\"WebSite\",\"@id\":\"https:\/\/ieu.university\/#website\",\"url\":\"https:\/\/ieu.university\/\",\"name\":\"INTERNATIONAL EUROPEAN UNIVERSITY, UKRAINE | EUROPE | STUDY IN UKRAINE | STUDY IN EUROPE | MBBS | GENERAL MEDICINE | BUSINESS | ENGINEERING | IT | EUROPE\",\"description\":\"INTERNATIONAL EUROPEAN UNIVERSITY, UKRAINE | EUROPE | STUDY IN UKRAINE | STUDY IN EUROPE | MBBS | GENERAL MEDICINE | BUSINESS | ENGINEERING | IT | EUROPE\",\"potentialAction\":[{\"@type\":\"SearchAction\",\"target\":{\"@type\":\"EntryPoint\",\"urlTemplate\":\"https:\/\/ieu.university\/?s={search_term_string}\"},\"query-input\":\"required name=search_term_string\"}],\"inLanguage\":\"en-US\"}]}<\/script>\n<!-- \/ Yoast SEO plugin. -->","yoast_head_json":{"title":"STUDENTS WITH LIMITED ABILITIES | INCLUSIVE EDUCATION IN ENGLISH | SPECIAL EDUCATION | STUDY IN UKRAINE IN ENGLISH | UNIVERSITIES IN UKRAINE | STUDY ABROAD IN UKRAINE\u00a0","robots":{"index":"index","follow":"follow","max-snippet":"max-snippet:-1","max-image-preview":"max-image-preview:large","max-video-preview":"max-video-preview:-1"},"canonical":"https:\/\/ieu.university\/it\/abilities\/","og_locale":"en_US","og_type":"article","og_title":"STUDENTS WITH LIMITED ABILITIES | INCLUSIVE EDUCATION IN ENGLISH | SPECIAL EDUCATION | STUDY IN UKRAINE IN ENGLISH | UNIVERSITIES IN UKRAINE | STUDY ABROAD IN UKRAINE\u00a0","og_description":"F\u00fcr Menschen mit eingeschr\u00e4nkten F\u00e4higkeiten \u00dcber die Verf\u00fcgbarkeit der International European University f\u00fcr Menschen mit besonderen Bildungsbed\u00fcrfnissen Die Verwaltung der International European University ist unabl\u00e4ssig darum bem\u00fcht, komfortable Bedingungen f\u00fcr Menschen mit besonderen Bed\u00fcrfnissen bereitzustellen. Deshalb f\u00fchrt die International European University ein begleitendes Bildungssystem ein, das die Verwendung neuer Bildungstechnologien umfasst, um gleiche Bedingungen f\u00fcr [&hellip;]","og_url":"http:\/\/ieu.university\/de\/abilities\/","og_site_name":"INTERNATIONAL EUROPEAN UNIVERSITY, UKRAINE | EUROPE | STUDY IN UKRAINE | STUDY IN EUROPE | MBBS | GENERAL MEDICINE | BUSINESS | ENGINEERING | IT | EUROPE","article_modified_time":"2025-01-06T09:48:29+00:00","og_image":[{"width":1272,"height":386,"url":"https:\/\/ieu.university\/wp-content\/uploads\/2024\/07\/For-People-With-Limited-Abilities.png","type":"image\/png"}],"twitter_card":"summary_large_image","twitter_misc":{"Est. reading time":"2 minutes"},"schema":{"@context":"https:\/\/schema.org","@graph":[{"@type":"WebPage","@id":"https:\/\/ieu.university\/it\/abilities\/","url":"https:\/\/ieu.university\/it\/abilities\/","name":"STUDENTS WITH LIMITED ABILITIES | INCLUSIVE EDUCATION IN ENGLISH | SPECIAL EDUCATION | STUDY IN UKRAINE IN ENGLISH | UNIVERSITIES IN UKRAINE | STUDY ABROAD IN UKRAINE\u00a0","isPartOf":{"@id":"https:\/\/ieu.university\/#website"},"datePublished":"2022-09-23T14:06:49+00:00","dateModified":"2025-01-06T09:48:29+00:00","inLanguage":"en-US","potentialAction":[{"@type":"ReadAction","target":["https:\/\/ieu.university\/it\/abilities\/"]}]},{"@type":"WebSite","@id":"https:\/\/ieu.university\/#website","url":"https:\/\/ieu.university\/","name":"INTERNATIONAL EUROPEAN UNIVERSITY, UKRAINE | EUROPE | STUDY IN UKRAINE | STUDY IN EUROPE | MBBS | GENERAL MEDICINE | BUSINESS | ENGINEERING | IT | EUROPE","description":"INTERNATIONAL EUROPEAN UNIVERSITY, UKRAINE | EUROPE | STUDY IN UKRAINE | STUDY IN EUROPE | MBBS | GENERAL MEDICINE | BUSINESS | ENGINEERING | IT | EUROPE","potentialAction":[{"@type":"SearchAction","target":{"@type":"EntryPoint","urlTemplate":"https:\/\/ieu.university\/?s={search_term_string}"},"query-input":"required name=search_term_string"}],"inLanguage":"en-US"}]}},"_links":{"self":[{"href":"http:\/\/ieu.university\/de\/wp-json\/wp\/v2\/pages\/223","targetHints":{"allow":["GET"]}}],"collection":[{"href":"http:\/\/ieu.university\/de\/wp-json\/wp\/v2\/pages"}],"about":[{"href":"http:\/\/ieu.university\/de\/wp-json\/wp\/v2\/types\/page"}],"author":[{"embeddable":true,"href":"http:\/\/ieu.university\/de\/wp-json\/wp\/v2\/users\/1"}],"replies":[{"embeddable":true,"href":"http:\/\/ieu.university\/de\/wp-json\/wp\/v2\/comments?post=223"}],"version-history":[{"count":22,"href":"http:\/\/ieu.university\/de\/wp-json\/wp\/v2\/pages\/223\/revisions"}],"predecessor-version":[{"id":4491,"href":"http:\/\/ieu.university\/de\/wp-json\/wp\/v2\/pages\/223\/revisions\/4491"}],"wp:featuredmedia":[{"embeddable":true,"href":"http:\/\/ieu.university\/de\/wp-json\/wp\/v2\/media\/3642"}],"wp:attachment":[{"href":"http:\/\/ieu.university\/de\/wp-json\/wp\/v2\/media?parent=223"}],"curies":[{"name":"wp","href":"https:\/\/api.w.org\/{rel}","templated":true}]}}