{"id":234,"date":"2022-09-23T17:21:08","date_gmt":"2022-09-23T14:21:08","guid":{"rendered":"http:\/\/ieu.university\/?page_id=234"},"modified":"2025-01-06T14:40:44","modified_gmt":"2025-01-06T11:40:44","slug":"partners","status":"publish","type":"page","link":"http:\/\/ieu.university\/de\/partners\/","title":{"rendered":"Partner"},"content":{"rendered":"<h2>Partner<\/h2>\n<p>Eine der Priorit\u00e4ten der International European University ist die umfassende Integration in die internationale Bildungs- und Wissenschaftsgemeinschaft. Die International European University arbeitet eng mit ukrainischen Botschaften im Ausland und mit ausl\u00e4ndischen Botschaften und Konsulaten in der Ukraine zusammen, um ausl\u00e4ndische Studierende zu unterst\u00fctzen, den kulturellen Austausch zu f\u00f6rdern und internationale Beziehungen aufzubauen.<\/p>\n<p>So arbeitet die International European University aktiv an gemeinsamen Programmen mit Universit\u00e4ten und Forschungseinrichtungen in den USA, Kanada, Deutschland, Frankreich, Spanien, den Niederlanden, Polen, Bulgarien, Moldawien, Griechenland, der Tschechischen Republik, der Slowakei, Armenien, China, Georgien und anderen.<\/p>\n<p>Dank eines breiten Partnernetzwerks und der Teilnahme an Verb\u00e4nden ist die International European University ein aktiver Teilnehmer an internationalen Bildungs-, Wissenschafts- und soziokulturellen Prozessen. Dies erm\u00f6glicht es den Studierenden und Lehrkr\u00e4ften der Universit\u00e4t, ihr Wissen und Potenzial zu nutzen und ihre Ambitionen in den produktivsten Formen zu verwirklichen.<\/p>\n<h2>Internationale Organisationen und Plattformen<\/h2>\n<p><strong>IEU ist Research For Life beigetreten, das f\u00fcnf internationale Programme vereint:<\/strong><\/p>\n<ul>\n<li>HINARI \u2013 Forschung im Gesundheitsbereich;<\/li>\n<li>AGORA \u2013 Forschung im Agrarbereich;<\/li>\n<li>OARE \u2013 Forschung im Umweltbereich;<\/li>\n<li>ARDI \u2013 Entwicklung und Innovation;<\/li>\n<li>GOALI \u2013 Forschung im Bereich der Rechtswissenschaft.<\/li>\n<\/ul>\n<p>Die International European University hat au\u00dferdem ein Memorandum unterzeichnet, das die Gr\u00fcndung und Entwicklung eines Netzwerks zur Anerkennung ausl\u00e4ndischer Bildungsabschl\u00fcsse vorsieht.<\/p>\n<p><strong>Die Universit\u00e4t arbeitet mit Organisationen wie:<\/strong><\/p>\n<ul>\n<li>Erasmus+;<\/li>\n<li>European Resuscitation Council;<\/li>\n<li>MedEdWorld Association for Medical;<\/li>\n<li>Education in Europe (AMEE) zusammen.<\/li>\n<\/ul>\n<p>Die International European University hat eine Partnervereinbarung mit der Swiss Montreux Business School unterzeichnet. Unsere Studierenden erhalten nach Abschluss der Universit\u00e4t zus\u00e4tzlich zum ukrainischen Abschluss einen zweiten europ\u00e4ischen Abschluss. Die Zusammenarbeit der International European University mit SMBS bietet den Studierenden unbegrenzte Besch\u00e4ftigungs- und Entwicklungsm\u00f6glichkeiten sowohl in der Ukraine als auch in den L\u00e4ndern der Europ\u00e4ischen Union.<\/p>\n","protected":false},"excerpt":{"rendered":"<p>Partner Eine der Priorit\u00e4ten der International European University ist die umfassende Integration in die internationale Bildungs- und Wissenschaftsgemeinschaft. Die International European University arbeitet eng mit ukrainischen Botschaften im Ausland und mit ausl\u00e4ndischen Botschaften und Konsulaten in der Ukraine zusammen, um ausl\u00e4ndische Studierende zu unterst\u00fctzen, den kulturellen Austausch zu f\u00f6rdern und internationale Beziehungen aufzubauen. So arbeitet [&hellip;]<\/p>\n","protected":false},"author":1,"featured_media":3650,"parent":0,"menu_order":0,"comment_status":"closed","ping_status":"closed","template":"","meta":{"ngg_post_thumbnail":0,"footnotes":""},"class_list":["post-234","page","type-page","status-publish","has-post-thumbnail","hentry"],"acf":[],"yoast_head":"<!-- This site is optimized with the Yoast SEO plugin v20.8 - https:\/\/yoast.com\/wordpress\/plugins\/seo\/ -->\n<title>INTERNATIONAL PARTNER COOPERATION OF INTERNATIONAL EUROPEAN UNIVERSITY IN UKRAINE | IEU UKRAINE RECOGNITION | INTERNATIONAL EUROPEAN UNIVERSITY IN UKRAINE ACCREDITATION | INTERNATIONALLY RECOGNIZED HIGHER EDUCATION IN ENGLISH<\/title>\n<meta name=\"robots\" content=\"index, follow, max-snippet:-1, max-image-preview:large, max-video-preview:-1\" \/>\n<link rel=\"canonical\" href=\"http:\/\/ieu.university\/ru\/partners\/\" \/>\n<meta property=\"og:locale\" content=\"en_US\" \/>\n<meta property=\"og:type\" content=\"article\" \/>\n<meta property=\"og:title\" content=\"INTERNATIONAL PARTNER COOPERATION OF INTERNATIONAL EUROPEAN UNIVERSITY IN UKRAINE | IEU UKRAINE RECOGNITION | INTERNATIONAL EUROPEAN UNIVERSITY IN UKRAINE ACCREDITATION | INTERNATIONALLY RECOGNIZED HIGHER EDUCATION IN ENGLISH\" \/>\n<meta property=\"og:description\" content=\"Partner Eine der Priorit\u00e4ten der International European University ist die umfassende Integration in die internationale Bildungs- und Wissenschaftsgemeinschaft. Die International European University arbeitet eng mit ukrainischen Botschaften im Ausland und mit ausl\u00e4ndischen Botschaften und Konsulaten in der Ukraine zusammen, um ausl\u00e4ndische Studierende zu unterst\u00fctzen, den kulturellen Austausch zu f\u00f6rdern und internationale Beziehungen aufzubauen. So arbeitet [&hellip;]\" \/>\n<meta property=\"og:url\" content=\"http:\/\/ieu.university\/de\/partners\/\" \/>\n<meta property=\"og:site_name\" content=\"INTERNATIONAL EUROPEAN UNIVERSITY, UKRAINE | EUROPE | STUDY IN UKRAINE | STUDY IN EUROPE | MBBS | GENERAL MEDICINE | BUSINESS | ENGINEERING | IT | EUROPE\" \/>\n<meta property=\"article:modified_time\" content=\"2025-01-06T11:40:44+00:00\" \/>\n<meta property=\"og:image\" content=\"http:\/\/ieu.university\/wp-content\/uploads\/2024\/07\/Partners.png\" \/>\n\t<meta property=\"og:image:width\" content=\"1272\" \/>\n\t<meta property=\"og:image:height\" content=\"386\" \/>\n\t<meta property=\"og:image:type\" content=\"image\/png\" \/>\n<meta name=\"twitter:card\" content=\"summary_large_image\" \/>\n<meta name=\"twitter:label1\" content=\"Est. reading time\" \/>\n\t<meta name=\"twitter:data1\" content=\"2 minutes\" \/>\n<script type=\"application\/ld+json\" class=\"yoast-schema-graph\">{\"@context\":\"https:\/\/schema.org\",\"@graph\":[{\"@type\":\"WebPage\",\"@id\":\"http:\/\/ieu.university\/ru\/partners\/\",\"url\":\"http:\/\/ieu.university\/ru\/partners\/\",\"name\":\"INTERNATIONAL PARTNER COOPERATION OF INTERNATIONAL EUROPEAN UNIVERSITY IN UKRAINE | IEU UKRAINE RECOGNITION | INTERNATIONAL EUROPEAN UNIVERSITY IN UKRAINE ACCREDITATION | INTERNATIONALLY RECOGNIZED HIGHER EDUCATION IN ENGLISH\",\"isPartOf\":{\"@id\":\"https:\/\/ieu.university\/#website\"},\"datePublished\":\"2022-09-23T14:21:08+00:00\",\"dateModified\":\"2025-01-06T11:40:44+00:00\",\"inLanguage\":\"en-US\",\"potentialAction\":[{\"@type\":\"ReadAction\",\"target\":[\"http:\/\/ieu.university\/ru\/partners\/\"]}]},{\"@type\":\"WebSite\",\"@id\":\"https:\/\/ieu.university\/#website\",\"url\":\"https:\/\/ieu.university\/\",\"name\":\"INTERNATIONAL EUROPEAN UNIVERSITY, UKRAINE | EUROPE | STUDY IN UKRAINE | STUDY IN EUROPE | MBBS | GENERAL MEDICINE | BUSINESS | ENGINEERING | IT | EUROPE\",\"description\":\"INTERNATIONAL EUROPEAN UNIVERSITY, UKRAINE | EUROPE | STUDY IN UKRAINE | STUDY IN EUROPE | MBBS | GENERAL MEDICINE | BUSINESS | ENGINEERING | IT | EUROPE\",\"potentialAction\":[{\"@type\":\"SearchAction\",\"target\":{\"@type\":\"EntryPoint\",\"urlTemplate\":\"https:\/\/ieu.university\/?s={search_term_string}\"},\"query-input\":\"required name=search_term_string\"}],\"inLanguage\":\"en-US\"}]}<\/script>\n<!-- \/ Yoast SEO plugin. -->","yoast_head_json":{"title":"INTERNATIONAL PARTNER COOPERATION OF INTERNATIONAL EUROPEAN UNIVERSITY IN UKRAINE | IEU UKRAINE RECOGNITION | INTERNATIONAL EUROPEAN UNIVERSITY IN UKRAINE ACCREDITATION | INTERNATIONALLY RECOGNIZED HIGHER EDUCATION IN ENGLISH","robots":{"index":"index","follow":"follow","max-snippet":"max-snippet:-1","max-image-preview":"max-image-preview:large","max-video-preview":"max-video-preview:-1"},"canonical":"http:\/\/ieu.university\/ru\/partners\/","og_locale":"en_US","og_type":"article","og_title":"INTERNATIONAL PARTNER COOPERATION OF INTERNATIONAL EUROPEAN UNIVERSITY IN UKRAINE | IEU UKRAINE RECOGNITION | INTERNATIONAL EUROPEAN UNIVERSITY IN UKRAINE ACCREDITATION | INTERNATIONALLY RECOGNIZED HIGHER EDUCATION IN ENGLISH","og_description":"Partner Eine der Priorit\u00e4ten der International European University ist die umfassende Integration in die internationale Bildungs- und Wissenschaftsgemeinschaft. Die International European University arbeitet eng mit ukrainischen Botschaften im Ausland und mit ausl\u00e4ndischen Botschaften und Konsulaten in der Ukraine zusammen, um ausl\u00e4ndische Studierende zu unterst\u00fctzen, den kulturellen Austausch zu f\u00f6rdern und internationale Beziehungen aufzubauen. So arbeitet [&hellip;]","og_url":"http:\/\/ieu.university\/de\/partners\/","og_site_name":"INTERNATIONAL EUROPEAN UNIVERSITY, UKRAINE | EUROPE | STUDY IN UKRAINE | STUDY IN EUROPE | MBBS | GENERAL MEDICINE | BUSINESS | ENGINEERING | IT | EUROPE","article_modified_time":"2025-01-06T11:40:44+00:00","og_image":[{"width":1272,"height":386,"url":"http:\/\/ieu.university\/wp-content\/uploads\/2024\/07\/Partners.png","type":"image\/png"}],"twitter_card":"summary_large_image","twitter_misc":{"Est. reading time":"2 minutes"},"schema":{"@context":"https:\/\/schema.org","@graph":[{"@type":"WebPage","@id":"http:\/\/ieu.university\/ru\/partners\/","url":"http:\/\/ieu.university\/ru\/partners\/","name":"INTERNATIONAL PARTNER COOPERATION OF INTERNATIONAL EUROPEAN UNIVERSITY IN UKRAINE | IEU UKRAINE RECOGNITION | INTERNATIONAL EUROPEAN UNIVERSITY IN UKRAINE ACCREDITATION | INTERNATIONALLY RECOGNIZED HIGHER EDUCATION IN ENGLISH","isPartOf":{"@id":"https:\/\/ieu.university\/#website"},"datePublished":"2022-09-23T14:21:08+00:00","dateModified":"2025-01-06T11:40:44+00:00","inLanguage":"en-US","potentialAction":[{"@type":"ReadAction","target":["http:\/\/ieu.university\/ru\/partners\/"]}]},{"@type":"WebSite","@id":"https:\/\/ieu.university\/#website","url":"https:\/\/ieu.university\/","name":"INTERNATIONAL EUROPEAN UNIVERSITY, UKRAINE | EUROPE | STUDY IN UKRAINE | STUDY IN EUROPE | MBBS | GENERAL MEDICINE | BUSINESS | ENGINEERING | IT | EUROPE","description":"INTERNATIONAL EUROPEAN UNIVERSITY, UKRAINE | EUROPE | STUDY IN UKRAINE | STUDY IN EUROPE | MBBS | GENERAL MEDICINE | BUSINESS | ENGINEERING | IT | EUROPE","potentialAction":[{"@type":"SearchAction","target":{"@type":"EntryPoint","urlTemplate":"https:\/\/ieu.university\/?s={search_term_string}"},"query-input":"required name=search_term_string"}],"inLanguage":"en-US"}]}},"_links":{"self":[{"href":"http:\/\/ieu.university\/de\/wp-json\/wp\/v2\/pages\/234","targetHints":{"allow":["GET"]}}],"collection":[{"href":"http:\/\/ieu.university\/de\/wp-json\/wp\/v2\/pages"}],"about":[{"href":"http:\/\/ieu.university\/de\/wp-json\/wp\/v2\/types\/page"}],"author":[{"embeddable":true,"href":"http:\/\/ieu.university\/de\/wp-json\/wp\/v2\/users\/1"}],"replies":[{"embeddable":true,"href":"http:\/\/ieu.university\/de\/wp-json\/wp\/v2\/comments?post=234"}],"version-history":[{"count":22,"href":"http:\/\/ieu.university\/de\/wp-json\/wp\/v2\/pages\/234\/revisions"}],"predecessor-version":[{"id":4578,"href":"http:\/\/ieu.university\/de\/wp-json\/wp\/v2\/pages\/234\/revisions\/4578"}],"wp:featuredmedia":[{"embeddable":true,"href":"http:\/\/ieu.university\/de\/wp-json\/wp\/v2\/media\/3650"}],"wp:attachment":[{"href":"http:\/\/ieu.university\/de\/wp-json\/wp\/v2\/media?parent=234"}],"curies":[{"name":"wp","href":"https:\/\/api.w.org\/{rel}","templated":true}]}}