{"id":3387,"date":"2024-06-25T11:01:59","date_gmt":"2024-06-25T08:01:59","guid":{"rendered":"https:\/\/ieu.university\/?page_id=3387"},"modified":"2025-01-06T12:32:15","modified_gmt":"2025-01-06T09:32:15","slug":"administration","status":"publish","type":"page","link":"http:\/\/ieu.university\/de\/administration\/","title":{"rendered":"Verwaltung"},"content":{"rendered":"<h2>Verwaltung<\/h2>\n<p>Professor Padalka ist ein bekannter Wissenschaftler im Bereich der Wirtschaftsbildung und p\u00e4dagogischer Technologien. Er ist einer der Gr\u00fcnder der oben genannten wissenschaftlichen Richtungen und Pioniere der Ukraine. Die von Padalka entwickelten und reproduzierten wissenschaftlichen Konzepte gewinnen immer mehr Anerkennung und Relevanz. In den letzten zwei Jahrzehnten hat er in der Ukraine eine wissenschaftliche Schule zu den Grundlagen der Wirtschaftsbildung und der wirtschaftlichen Ausbildung von Studenten und Sch\u00fclern gegr\u00fcndet.<\/p>\n<p>Professor Padalka ist Autor von etwa 210 ver\u00f6ffentlichten Werken, 53 Schulb\u00fcchern, Handb\u00fcchern und 9 Monographien. 28 Doktorarbeiten und 3 Dissertationen wurden unter seiner Aufsicht verteidigt. Er spricht aktiv in der p\u00e4dagogischen Presse, ver\u00f6ffentlicht psychologische und p\u00e4dagogische Materialien und nimmt an zahlreichen wissenschaftlichen Konferenzen in der Ukraine zu psychologischen und p\u00e4dagogischen Themen teil. F\u00fcr seine Verdienste im Bereich Bildung und Wissenschaft wurde er mit dem \u201eVerdienstorden 3. und 2. Grades\u201c sowie der Auszeichnung der Nationalen Akademie der Wissenschaften der Ukraine \u201eF\u00fcr wissenschaftliche Leistungen ausgezeichnet.<\/p>\n<p><strong>Direktorin der Europ\u00e4ischen Medizinischen Schule<\/strong><\/p>\n<p><strong>Litvinova Natalia Yuriyivna<\/strong><\/p>\n<p><strong>Kandidatin der medizinischen Wissenschaften, au\u00dferordentliche Professorin<\/strong><\/p>\n<p>1996 schloss Natalia ihr Studium der medizinischen Angelegenheiten an der Danylo Halytsky Lviv State Medical University mit Auszeichnung ab. Nach ihrem Abschluss von 1996 bis 1999 studierte sie im Masterstudiengang \u201eOnkologie und Onkochirurgie\u201c an der Abteilung f\u00fcr Onkologie der Danylo Halytsky State Medical University Lviv;<\/p>\n<p>1999 wurde N. Yu. Litvinova vom Leiter der Abteilung f\u00fcr Chirurgie Nr. 4 der NMU, benannt nach O. O. Bogomolets, von Professor V. G. Mishalov, als Assistentin der Abteilung eingeladen, seit 2013 arbeitet sie als au\u00dferordentliche Professorin an derselben Abteilung. Sie absolvierte 2003 und 2004 ein Praktikum an der Wiener Universit\u00e4tsklinik mit Schwerpunkt Herz-Kreislauf-Chirurgie und Transplantologie;<\/p>\n<p>Im Jahr 2005 verteidigte sie ihre Dissertation f\u00fcr den Grad eines Kandidaten der medizinischen Wissenschaften in \u201eHerz-Kreislauf-Chirurgie\u201c am Forschungsinstitut f\u00fcr Herz-Kreislauf-Chirurgie, benannt nach M. M. Amosova, zum Thema \u201eChirurgische Behandlung von atherosklerotischen okklusiv-stenotischen L\u00e4sionen der brachiozephalen Arterien bei Patienten mit gleichzeitiger koronarer Herzkrankheit\u201c;<\/p>\n<p>Sie ist \u00c4rztin der h\u00f6chsten Kategorie in der Fachrichtung \u201eChirurgie\u201c;<\/p>\n<p>Sie verf\u00fcgt \u00fcber umfangreiche Erfahrung mit chirurgischen Eingriffen in der Notfall- und geplanten Chirurgie. Verf\u00fcgt \u00fcber moderne Diagnose- und Operationsmethoden und ist in wissenschaftlicher und erfinderischer Arbeit t\u00e4tig;<\/p>\n<p>Sie hat etwa 150 Ver\u00f6ffentlichungen, 10 deklaratorische Patente f\u00fcr Erfindungen in der Diagnose und Behandlung von Gef\u00e4\u00dfpathologie und ist Mitautorin des Lehrbuchs \u201eVorlesungen zur Krankenhauschirurgie\u201c in drei B\u00e4nden, \u201eWorkshop zur Chirurgie \u2013 Modul 1, 2, 4\u201c. Nimmt an wissenschaftlichen Konferenzen zur Gef\u00e4\u00dfchirurgie teil;<\/p>\n<p>Im Jahr 2011 schloss sie ihr Studium an der Juristischen Fakult\u00e4t der Nationalen Taras-Schewtschenko-Universit\u00e4t Kiew mit Auszeichnung ab.<\/p>\n<p>Yu. Litvinova verfasste ihre Doktorarbeit \u00fcber die Probleme der Verwendung von Stammzellen und Zellwachstumsfaktoren bei der Behandlung nicht rekonstruktiver chronischer kritischer Isch\u00e4mien der unteren Extremit\u00e4ten. Sie hielt auf Konferenzen f\u00fcr Gef\u00e4\u00dfchirurgen Vortr\u00e4ge \u00fcber die im Rahmen ihrer Dissertation durchgef\u00fchrten Arbeiten. Sie erhielt ein Diplom des Kiewer Stadtrats der Gewerkschaft der Gesundheitsarbeiter und des Stadtrats der Gewerkschaften von Kiew \u201eF\u00fcr bedeutende pers\u00f6nliche Beitr\u00e4ge zur Entwicklung der Chirurgie und hohe Professionalit\u00e4t\u201c;<\/p>\n<p>Seit 2008 ist sie Sekret\u00e4rin der Zeitschrift \u201eHerz und Gef\u00e4\u00dfe\u201c und seit 2006 Redakteurin f\u00fcr englische Texte in der Zeitschrift \u201eChirurgie der Ukraine\u201c;<\/p>\n<p>2015 erhielt sie den Titel einer au\u00dferordentlichen Professorin f\u00fcr Chirurgie Nr. 4;<\/p>\n<p>Sie erhielt den Orden der Heiligen Gro\u00dfm\u00e4rtyrerin Barbara von der Ukrainischen Orthodoxen Kirche f\u00fcr die Hilfe f\u00fcr die Verwundeten auf dem Maidan im Jahr 2014;<\/p>\n<p>Seit 2015 h\u00e4lt sie Vorlesungen \u00fcber klinische Anatomie auf Englisch f\u00fcr ausl\u00e4ndische Studenten. 2015 bestand sie die Pr\u00fcfung am British Council Center und erhielt das Niveau B2. <\/p>\n<p>Sie besitzt ein Zertifikat als Referentin und \u00dcbersetzerin f\u00fcr medizinische Literatur. 2015 schloss sie erfolgreich eine Schulung zur Verbesserung von Managementsystemen im Hochschulwesen und einen Schulungskurs f\u00fcr interne Auditoren des Qualit\u00e4tsmanagements ab. System;<\/p>\n<p>Seit 2014 &#8211; Stellvertretender Dekan der Medizinischen Fakult\u00e4t Nr. 2 der NMU, benannt nach O.O. Bogomolets;<\/p>\n<p>Seit 2015 &#8211; Dekan der Medizinischen Fakult\u00e4t Nr. 2 der NMU, benannt nach O.O. Bogomolets.<\/p>\n<p><strong>Direktorin der European School of Business<\/strong><\/p>\n<p><strong>Chatchenko Olga Yevgenivna<\/strong><\/p>\n<p><strong>Ph.D., Au\u00dferordentliche Professorin<\/strong><\/p>\n<p>1996 schloss sie ihr Studium an der Staatlichen Akademie f\u00fcr Technologie und Lebensmittelorganisation in Charkow mit Auszeichnung ab und absolvierte einen Abschluss in \u201eManagement im nicht-produktiven Bereich\u201c;<\/p>\n<p>Von 1996 bis 2000 studierte sie an der Graduiertenschule der Staatlichen Universit\u00e4t f\u00fcr Lebensmittel und Handel in Charkiw;<\/p>\n<p>Von 2000 bis 2020 arbeitete sie an der Staatlichen Universit\u00e4t f\u00fcr Lebensmittel und Handel in Charkiw an der Fakult\u00e4t f\u00fcr Management als Assistentin (2002), an der Fakult\u00e4t f\u00fcr Organisationsmanagement als Dozentin (2008) und als au\u00dferordentliche Professorin (2015);<\/p>\n<p>2007 absolvierte sie ihre zweite Hochschulausbildung an der Hochschule f\u00fcr Unternehmertum der Staatlichen Universit\u00e4t f\u00fcr Lebensmittel und Handel in Charkiw mit Schwerpunkt Marketing\u00f6konomik;<\/p>\n<p>2014 verteidigte sie ihre Dissertation zum Thema \u201eAbsch\u00e4tzung der Nachfrage nach Produkten von Restaurantunternehmen\u201c;<\/p>\n<p>2017 nahm sie an einem internationalen Forschungsprojekt im Rahmen des Programms Erasmus+ teil. Schl\u00fcsselaktion 2: Zusammenarbeit f\u00fcr Innovation und Austausch bew\u00e4hrter Verfahren (Zusammenarbeit im Bereich Innovation und Austausch bew\u00e4hrter Verfahren); Aktionsart: Kapazit\u00e4tsaufbau im Bereich Jugend \u2013 \u00d6stliche Partnerschaft (Entwicklung des Jugendpotenzials. L\u00e4nder der \u00d6stlichen Partnerschaft); Projekttyp: Partnerschaft f\u00fcr Unternehmertum; Projekttitel: H\u00f6here Bildungseinrichtungen f\u00fcr Jugendunternehmertum (\u201eH\u00f6here Bildungseinrichtungen f\u00fcr Jugendunternehmertum\u201c); Projektnummer: 589942-EPP-1-2017-1-UA-EPPKA2-CBY-EP-PE;<\/p>\n<p>Von 2018 bis 2020 \u2013 Stellvertretende Dekanin f\u00fcr Bildungsarbeit, Fakult\u00e4t f\u00fcr Management, Staatliche Universit\u00e4t f\u00fcr Ern\u00e4hrung und Handel Charkiw;<\/p>\n<p>2018 hat sie die Pr\u00fcfung erfolgreich abgelegt und ein internationales Zertifikat gem\u00e4\u00df der paneurop\u00e4ischen Empfehlung f\u00fcr Sprachunterricht auf dem Niveau B2 in den Sprachen der Europ\u00e4ischen Union (Englisch) erhalten;<\/p>\n<p>2018 absolvierte sie ein Praktikum an der Hochschule f\u00fcr sozio\u00f6konomische Entwicklung Polens, Przeswork;<\/p>\n<p>2019 absolvierte sie ein Praktikum an der National School of Business \u2013 Louis University;<\/p>\n<p>Autorin von mehr als 49 wissenschaftlichen und wissenschaftlich-methodischen Arbeiten, darunter 1 wissenschaftliche Ver\u00f6ffentlichung in Zeitschriften, die in den szientometrischen Datenbanken Scopus und Web of Science Core Collection enthalten sind, 4 Urheberrechtszertifikate, 1 Monographie, 24 methodische Empfehlungen;<\/p>\n<p>Seit 2020 Mitglied des \u00f6ffentlichen Vereins \u201eUkrainischer Verein der Lehrer und Forscher der europ\u00e4ischen Integration (APREI)\u201c;<\/p>\n<p>Forschungsinteressen: Gestaltung von Gesch\u00e4ftsmodellen des Unternehmens, Fragen des Organisationsmanagements, Personalmanagement, Bewertung und Entwicklung der Professionalit\u00e4t und Kompetenz des Personals.<\/p>\n<p><strong>Direktor des Forschungsinstituts<\/strong><\/p>\n<p><strong>&#8220;Europ\u00e4ische Schule f\u00fcr Architektur und Ingenieurwesen&#8221;<\/strong><\/p>\n<p><strong>Omelyanenko Maxim Viktorovich<\/strong><\/p>\n<p><strong>Doktor der Technischen Wissenschaften,<\/strong><\/p>\n<p><strong>Kandidat der Architektur,<\/strong><\/p>\n<p><strong>Au\u00dferordentlicher Professor<\/strong><\/p>\n<p>1991 schloss er sein Studium der Architektur am Kiewer Institut f\u00fcr Bauingenieurwesen ab;<\/p>\n<p>Von 1991 bis 1995 arbeitete er am Ukrainischen Zonalen Forschungs- und Designinstitut f\u00fcr Bauingenieurwesen (KiewZNDIEP) als Architekt, Architekt der 2. Kategorie der Abteilung f\u00fcr Wohnungsarchitektur. Gleichzeitig studierte er per Fernstudium an der Graduiertenschule desselben Instituts mit Schwerpunkt &#8220;Architektur von Geb\u00e4uden und Strukturen&#8221;;<\/p>\n<p>1995 verteidigte er seine Dissertation zum Thema &#8220;Architektonische und planerische Organisation von Stadtwohnungen, kategorisiert nach Komfortniveau&#8221; im Fachgebiet &#8220;Architektur von Geb\u00e4uden und Strukturen&#8221;;<\/p>\n<p>Von 1995 bis 2002 arbeitete er an der Kiewer Nationalen Universit\u00e4t f\u00fcr Bauwesen und Architektur als Assistent, au\u00dferordentlicher Professor und Leiter der Redaktions- und Verlagsabteilung;<\/p>\n<p>2001 erhielt er den akademischen Titel des Departements f\u00fcr St\u00e4dteplanung;<\/p>\n<p>Von 2002 bis 2008 arbeitete er im Staatsdienst des Staatlichen Komitees der Ukraine f\u00fcr Bauwesen und Architektur, des Ministeriums f\u00fcr Bauwesen, Architektur und Wohnungswesen der Ukraine und des Ministeriums f\u00fcr Regionalentwicklung und Bauwesen der Ukraine als Chefspezialist, stellvertretender Abteilungsleiter \u2013 Abteilungsleiter, B\u00fcroleiter, Abteilungsleiter;<\/p>\n<p>2005 verteidigte er seine Doktorarbeit zum Thema \u201eMethodologische Grundlagen der Standardisierung von Elementen der st\u00e4dtischen Umwelt\u201c im Fachgebiet \u201eSt\u00e4dteplanung und Raumplanung\u201c;<\/p>\n<p>2006 wurde er zum ordentlichen Mitglied der Akademie f\u00fcr Bauingenieurwesen der Ukraine gew\u00e4hlt;<\/p>\n<p>Von 2008 bis 2011 arbeitete er an der Nationalen Luftfahrtuniversit\u00e4t als Leiter des Departements f\u00fcr Architektur;<\/p>\n<p>Von 2011 bis 2013 arbeitete er im Staatsdienst des Ministeriums f\u00fcr Regionalentwicklung, Bauwesen und Wohnungswesen der Ukraine als stellvertretender Abteilungsleiter \u2013 Abteilungsleiter;<\/p>\n<p>Von 2013 bis 2017 arbeitete er als Abteilungsleiter in der separaten Struktureinheit \u201eInstitut f\u00fcr innovative Bildung der Nationalen Universit\u00e4t f\u00fcr Bauwesen und Architektur Kiew\u201c;<\/p>\n<p>Von 2017 bis 2020 arbeitete er an der Internationalen Universit\u00e4t Kiew als Dekan der Fakult\u00e4t f\u00fcr Bauwesen und Architektur, Leiter der Abteilung f\u00fcr Bauwesen und Architektur;<\/p>\n<p>Autor von mehr als 70 wissenschaftlichen und p\u00e4dagogischen Arbeiten, darunter 2 Lehrb\u00fccher;<\/p>\n<p>Forschungsinteressen: Methodik der Bildung normativer Grundlagen im Bauwesen, Architekturtheorie, technische Regulierung im Bauwesen.<\/p>\n<p><strong>Prorektorin f\u00fcr Bildungs- und methodische Arbeit<\/strong><\/p>\n<p><strong>Voloshyna Natalia Oleksiivna<\/strong><\/p>\n<p><strong>Doktorin der Biowissenschaften, <\/strong><\/p>\n<p><strong>Professorin<\/strong><\/p>\n<p>Autorin von \u00fcber 180 wissenschaftlichen Ver\u00f6ffentlichungen und Lehrmitteln f\u00fcr Hochschulen, darunter 25 Patente der Ukraine;<\/p>\n<p>Mitglied des Dissertationsrates zur Verteidigung von Kandidaten- und Doktorarbeiten im Fachgebiet \u00d6kologie am Institut f\u00fcr Agrar\u00f6kologie und Umweltmanagement der Nationalen Akademie der Agrarwissenschaften der Ukraine (NAAS);<\/p>\n<p>Mitglied der Expertenkommissionen des Ministeriums f\u00fcr Bildung und Wissenschaft zur Akkreditierungspr\u00fcfung von Fachgebieten an Hochschulen (2014-2020);<\/p>\n<p>Expertin f\u00fcr die Akkreditierung von Bildungsprogrammen der Nationalen Agentur f\u00fcr Qualit\u00e4tssicherung im Bildungswesen (2019);<\/p>\n<p>B\u00fcrge und Mitglied von Gruppen, die Bildungs- und Berufsprogramme auf den Bildungsstufen Bachelor, Master und Ph.D. anbieten. Beurteilung und Pr\u00fcfung wissenschaftlicher Arbeiten der Kleinen Akademie der Wissenschaften der studentischen Jugend der Region Kiew (2013-2020);<\/p>\n<p>Wissenschaftliche Arbeit mit Studenten, Leitung wissenschaftlicher Umweltprojekte;<\/p>\n<p>Erfahrung als Leiter des wissenschaftlichen und methodischen Rates der Fakult\u00e4t f\u00fcr Naturgeographische Bildung und \u00d6kologie (2014-2020);<\/p>\n<p>Ausgezeichnet mit der Danksagung des Pr\u00e4sidiums der Nationalen Akademie der Wissenschaften der Ukraine (2015).<\/p>\n","protected":false},"excerpt":{"rendered":"<p>Verwaltung Professor Padalka ist ein bekannter Wissenschaftler im Bereich der Wirtschaftsbildung und p\u00e4dagogischer Technologien. Er ist einer der Gr\u00fcnder der oben genannten wissenschaftlichen Richtungen und Pioniere der Ukraine. Die von Padalka entwickelten und reproduzierten wissenschaftlichen Konzepte gewinnen immer mehr Anerkennung und Relevanz. In den letzten zwei Jahrzehnten hat er in der Ukraine eine wissenschaftliche Schule [&hellip;]<\/p>\n","protected":false},"author":3,"featured_media":3699,"parent":0,"menu_order":0,"comment_status":"closed","ping_status":"closed","template":"","meta":{"ngg_post_thumbnail":0,"footnotes":""},"class_list":["post-3387","page","type-page","status-publish","has-post-thumbnail","hentry"],"acf":[],"yoast_head":"<!-- This site is optimized with the Yoast SEO plugin v20.8 - https:\/\/yoast.com\/wordpress\/plugins\/seo\/ -->\n<title>INTERNATIONAL EUROPEAN UNIVERSITY | VERWALTUNG DER INTERNATIONAL EUROPEAN UNIVERSITY | PROFESSOREN DER INTERNATIONAL EUROPEAN UNIVERSITY | STUDIUM IN DER UKRAINE<\/title>\n<meta name=\"robots\" content=\"index, follow, max-snippet:-1, max-image-preview:large, max-video-preview:-1\" \/>\n<link rel=\"canonical\" href=\"http:\/\/ieu.university\/de\/administration\/\" \/>\n<meta property=\"og:locale\" content=\"en_US\" \/>\n<meta property=\"og:type\" content=\"article\" \/>\n<meta property=\"og:title\" content=\"INTERNATIONAL EUROPEAN UNIVERSITY | VERWALTUNG DER INTERNATIONAL EUROPEAN UNIVERSITY | PROFESSOREN DER INTERNATIONAL EUROPEAN UNIVERSITY | STUDIUM IN DER UKRAINE\" \/>\n<meta property=\"og:description\" content=\"Verwaltung Professor Padalka ist ein bekannter Wissenschaftler im Bereich der Wirtschaftsbildung und p\u00e4dagogischer Technologien. Er ist einer der Gr\u00fcnder der oben genannten wissenschaftlichen Richtungen und Pioniere der Ukraine. Die von Padalka entwickelten und reproduzierten wissenschaftlichen Konzepte gewinnen immer mehr Anerkennung und Relevanz. In den letzten zwei Jahrzehnten hat er in der Ukraine eine wissenschaftliche Schule [&hellip;]\" \/>\n<meta property=\"og:url\" content=\"http:\/\/ieu.university\/de\/administration\/\" \/>\n<meta property=\"og:site_name\" content=\"INTERNATIONAL EUROPEAN UNIVERSITY, UKRAINE | EUROPE | STUDY IN UKRAINE | STUDY IN EUROPE | MBBS | GENERAL MEDICINE | BUSINESS | ENGINEERING | IT | EUROPE\" \/>\n<meta property=\"article:modified_time\" content=\"2025-01-06T09:32:15+00:00\" \/>\n<meta property=\"og:image\" content=\"http:\/\/ieu.university\/wp-content\/uploads\/2024\/07\/Administration.png\" \/>\n\t<meta property=\"og:image:width\" content=\"1272\" \/>\n\t<meta property=\"og:image:height\" content=\"386\" \/>\n\t<meta property=\"og:image:type\" content=\"image\/png\" \/>\n<meta name=\"twitter:card\" content=\"summary_large_image\" \/>\n<meta name=\"twitter:label1\" content=\"Est. reading time\" \/>\n\t<meta name=\"twitter:data1\" content=\"6 minutes\" \/>\n<script type=\"application\/ld+json\" class=\"yoast-schema-graph\">{\"@context\":\"https:\/\/schema.org\",\"@graph\":[{\"@type\":\"WebPage\",\"@id\":\"http:\/\/ieu.university\/de\/administration\/\",\"url\":\"http:\/\/ieu.university\/de\/administration\/\",\"name\":\"INTERNATIONAL EUROPEAN UNIVERSITY | VERWALTUNG DER INTERNATIONAL EUROPEAN UNIVERSITY | PROFESSOREN DER INTERNATIONAL EUROPEAN UNIVERSITY | STUDIUM IN DER UKRAINE\",\"isPartOf\":{\"@id\":\"https:\/\/ieu.university\/#website\"},\"datePublished\":\"2024-06-25T08:01:59+00:00\",\"dateModified\":\"2025-01-06T09:32:15+00:00\",\"inLanguage\":\"en-US\",\"potentialAction\":[{\"@type\":\"ReadAction\",\"target\":[\"http:\/\/ieu.university\/de\/administration\/\"]}]},{\"@type\":\"WebSite\",\"@id\":\"https:\/\/ieu.university\/#website\",\"url\":\"https:\/\/ieu.university\/\",\"name\":\"INTERNATIONAL EUROPEAN UNIVERSITY, UKRAINE | EUROPE | STUDY IN UKRAINE | STUDY IN EUROPE | MBBS | GENERAL MEDICINE | BUSINESS | ENGINEERING | IT | EUROPE\",\"description\":\"INTERNATIONAL EUROPEAN UNIVERSITY, UKRAINE | EUROPE | STUDY IN UKRAINE | STUDY IN EUROPE | MBBS | GENERAL MEDICINE | BUSINESS | ENGINEERING | IT | EUROPE\",\"potentialAction\":[{\"@type\":\"SearchAction\",\"target\":{\"@type\":\"EntryPoint\",\"urlTemplate\":\"https:\/\/ieu.university\/?s={search_term_string}\"},\"query-input\":\"required name=search_term_string\"}],\"inLanguage\":\"en-US\"}]}<\/script>\n<!-- \/ Yoast SEO plugin. -->","yoast_head_json":{"title":"INTERNATIONAL EUROPEAN UNIVERSITY | VERWALTUNG DER INTERNATIONAL EUROPEAN UNIVERSITY | PROFESSOREN DER INTERNATIONAL EUROPEAN UNIVERSITY | STUDIUM IN DER UKRAINE","robots":{"index":"index","follow":"follow","max-snippet":"max-snippet:-1","max-image-preview":"max-image-preview:large","max-video-preview":"max-video-preview:-1"},"canonical":"http:\/\/ieu.university\/de\/administration\/","og_locale":"en_US","og_type":"article","og_title":"INTERNATIONAL EUROPEAN UNIVERSITY | VERWALTUNG DER INTERNATIONAL EUROPEAN UNIVERSITY | PROFESSOREN DER INTERNATIONAL EUROPEAN UNIVERSITY | STUDIUM IN DER UKRAINE","og_description":"Verwaltung Professor Padalka ist ein bekannter Wissenschaftler im Bereich der Wirtschaftsbildung und p\u00e4dagogischer Technologien. Er ist einer der Gr\u00fcnder der oben genannten wissenschaftlichen Richtungen und Pioniere der Ukraine. Die von Padalka entwickelten und reproduzierten wissenschaftlichen Konzepte gewinnen immer mehr Anerkennung und Relevanz. In den letzten zwei Jahrzehnten hat er in der Ukraine eine wissenschaftliche Schule [&hellip;]","og_url":"http:\/\/ieu.university\/de\/administration\/","og_site_name":"INTERNATIONAL EUROPEAN UNIVERSITY, UKRAINE | EUROPE | STUDY IN UKRAINE | STUDY IN EUROPE | MBBS | GENERAL MEDICINE | BUSINESS | ENGINEERING | IT | EUROPE","article_modified_time":"2025-01-06T09:32:15+00:00","og_image":[{"width":1272,"height":386,"url":"http:\/\/ieu.university\/wp-content\/uploads\/2024\/07\/Administration.png","type":"image\/png"}],"twitter_card":"summary_large_image","twitter_misc":{"Est. reading time":"6 minutes"},"schema":{"@context":"https:\/\/schema.org","@graph":[{"@type":"WebPage","@id":"http:\/\/ieu.university\/de\/administration\/","url":"http:\/\/ieu.university\/de\/administration\/","name":"INTERNATIONAL EUROPEAN UNIVERSITY | VERWALTUNG DER INTERNATIONAL EUROPEAN UNIVERSITY | PROFESSOREN DER INTERNATIONAL EUROPEAN UNIVERSITY | STUDIUM IN DER UKRAINE","isPartOf":{"@id":"https:\/\/ieu.university\/#website"},"datePublished":"2024-06-25T08:01:59+00:00","dateModified":"2025-01-06T09:32:15+00:00","inLanguage":"en-US","potentialAction":[{"@type":"ReadAction","target":["http:\/\/ieu.university\/de\/administration\/"]}]},{"@type":"WebSite","@id":"https:\/\/ieu.university\/#website","url":"https:\/\/ieu.university\/","name":"INTERNATIONAL EUROPEAN UNIVERSITY, UKRAINE | EUROPE | STUDY IN UKRAINE | STUDY IN EUROPE | MBBS | GENERAL MEDICINE | BUSINESS | ENGINEERING | IT | EUROPE","description":"INTERNATIONAL EUROPEAN UNIVERSITY, UKRAINE | EUROPE | STUDY IN UKRAINE | STUDY IN EUROPE | MBBS | GENERAL MEDICINE | BUSINESS | ENGINEERING | IT | EUROPE","potentialAction":[{"@type":"SearchAction","target":{"@type":"EntryPoint","urlTemplate":"https:\/\/ieu.university\/?s={search_term_string}"},"query-input":"required name=search_term_string"}],"inLanguage":"en-US"}]}},"_links":{"self":[{"href":"http:\/\/ieu.university\/de\/wp-json\/wp\/v2\/pages\/3387","targetHints":{"allow":["GET"]}}],"collection":[{"href":"http:\/\/ieu.university\/de\/wp-json\/wp\/v2\/pages"}],"about":[{"href":"http:\/\/ieu.university\/de\/wp-json\/wp\/v2\/types\/page"}],"author":[{"embeddable":true,"href":"http:\/\/ieu.university\/de\/wp-json\/wp\/v2\/users\/3"}],"replies":[{"embeddable":true,"href":"http:\/\/ieu.university\/de\/wp-json\/wp\/v2\/comments?post=3387"}],"version-history":[{"count":18,"href":"http:\/\/ieu.university\/de\/wp-json\/wp\/v2\/pages\/3387\/revisions"}],"predecessor-version":[{"id":4414,"href":"http:\/\/ieu.university\/de\/wp-json\/wp\/v2\/pages\/3387\/revisions\/4414"}],"wp:featuredmedia":[{"embeddable":true,"href":"http:\/\/ieu.university\/de\/wp-json\/wp\/v2\/media\/3699"}],"wp:attachment":[{"href":"http:\/\/ieu.university\/de\/wp-json\/wp\/v2\/media?parent=3387"}],"curies":[{"name":"wp","href":"https:\/\/api.w.org\/{rel}","templated":true}]}}