{"id":3393,"date":"2024-06-25T11:07:41","date_gmt":"2024-06-25T08:07:41","guid":{"rendered":"https:\/\/ieu.university\/?page_id=3393"},"modified":"2025-01-06T12:36:59","modified_gmt":"2025-01-06T09:36:59","slug":"document-samples","status":"publish","type":"page","link":"http:\/\/ieu.university\/de\/document-samples\/","title":{"rendered":"Beispiele f\u00fcr Bildungsdokumente"},"content":{"rendered":"<h2>Beispiele f\u00fcr Bildungsdokumente<\/h2>\n<p><strong>ZUR GENEHMIGUNG VON FORMULAREN F\u00dcR DOKUMENTE ZUR HOCHSCHULBILDUNG (WISSENSCHAFTLICHE ABSCHL\u00dcSSE) DES STAATLICHEN MUSTERS UND ERG\u00c4NZUNGEN DAZU, DAS MUSTER DES AKADEMISCHEN ZERTIFIKATS<\/strong><\/p>\n<p>Musterdokument zur Ausbildung der IEU<\/p>\n<p><img decoding=\"async\" class=\"alignnone size-full wp-image-3516\" style=\"display: block; margin: 5rem auto 0;\" src=\"http:\/\/ieu.university\/wp-content\/uploads\/2024\/06\/masters-diploma.webp\" alt=\"masters diploma\" width=\"50%\" height=\"auto\" srcset=\"http:\/\/ieu.university\/wp-content\/uploads\/2024\/06\/masters-diploma.webp 1920w, http:\/\/ieu.university\/wp-content\/uploads\/2024\/06\/masters-diploma-300x199.webp 300w, http:\/\/ieu.university\/wp-content\/uploads\/2024\/06\/masters-diploma-1024x678.webp 1024w, http:\/\/ieu.university\/wp-content\/uploads\/2024\/06\/masters-diploma-768x509.webp 768w, http:\/\/ieu.university\/wp-content\/uploads\/2024\/06\/masters-diploma-1536x1018.webp 1536w\" sizes=\"(max-width: 1920px) 100vw, 1920px\" \/><\/p>\n<p><img decoding=\"async\" class=\"alignnone size-full wp-image-3519\" style=\"display: block; margin: 5rem auto 0;\" src=\"http:\/\/ieu.university\/wp-content\/uploads\/2024\/06\/bachelors-diploma.webp\" alt=\"bachelors diploma\" width=\"50%\" height=\"auto\" srcset=\"http:\/\/ieu.university\/wp-content\/uploads\/2024\/06\/bachelors-diploma.webp 1828w, http:\/\/ieu.university\/wp-content\/uploads\/2024\/06\/bachelors-diploma-300x209.webp 300w, http:\/\/ieu.university\/wp-content\/uploads\/2024\/06\/bachelors-diploma-1024x712.webp 1024w, http:\/\/ieu.university\/wp-content\/uploads\/2024\/06\/bachelors-diploma-768x534.webp 768w, http:\/\/ieu.university\/wp-content\/uploads\/2024\/06\/bachelors-diploma-1536x1068.webp 1536w\" sizes=\"(max-width: 1828px) 100vw, 1828px\" \/><\/p>\n","protected":false},"excerpt":{"rendered":"<p>Beispiele f\u00fcr Bildungsdokumente ZUR GENEHMIGUNG VON FORMULAREN F\u00dcR DOKUMENTE ZUR HOCHSCHULBILDUNG (WISSENSCHAFTLICHE ABSCHL\u00dcSSE) DES STAATLICHEN MUSTERS UND ERG\u00c4NZUNGEN DAZU, DAS MUSTER DES AKADEMISCHEN ZERTIFIKATS Musterdokument zur Ausbildung der IEU<\/p>\n","protected":false},"author":3,"featured_media":3689,"parent":0,"menu_order":0,"comment_status":"closed","ping_status":"closed","template":"","meta":{"ngg_post_thumbnail":0,"footnotes":""},"class_list":["post-3393","page","type-page","status-publish","has-post-thumbnail","hentry"],"acf":[],"yoast_head":"<!-- This site is optimized with the Yoast SEO plugin v20.8 - https:\/\/yoast.com\/wordpress\/plugins\/seo\/ -->\n<title>SAMPLES OF INTERNATIONAL EUROPEAN UNIVERSITY DOCUMENTS | EDUCATIONAL DOCUMENTS OF THE INTERNATIONAL EUROPEAN UNIVERSITY | BACHELOR&#039;S DEGREES IN UKRAINE | IEU&#039;S ACADEMIC CERTIFICATE | MEDICAL EDUCATION IN EUROPE<\/title>\n<meta name=\"robots\" content=\"index, follow, max-snippet:-1, max-image-preview:large, max-video-preview:-1\" \/>\n<link rel=\"canonical\" href=\"http:\/\/ieu.university\/ru\/document-samples\/\" \/>\n<meta property=\"og:locale\" content=\"en_US\" \/>\n<meta property=\"og:type\" content=\"article\" \/>\n<meta property=\"og:title\" content=\"SAMPLES OF INTERNATIONAL EUROPEAN UNIVERSITY DOCUMENTS | EDUCATIONAL DOCUMENTS OF THE INTERNATIONAL EUROPEAN UNIVERSITY | BACHELOR&#039;S DEGREES IN UKRAINE | IEU&#039;S ACADEMIC CERTIFICATE | MEDICAL EDUCATION IN EUROPE\" \/>\n<meta property=\"og:description\" content=\"Beispiele f\u00fcr Bildungsdokumente ZUR GENEHMIGUNG VON FORMULAREN F\u00dcR DOKUMENTE ZUR HOCHSCHULBILDUNG (WISSENSCHAFTLICHE ABSCHL\u00dcSSE) DES STAATLICHEN MUSTERS UND ERG\u00c4NZUNGEN DAZU, DAS MUSTER DES AKADEMISCHEN ZERTIFIKATS Musterdokument zur Ausbildung der IEU\" \/>\n<meta property=\"og:url\" content=\"http:\/\/ieu.university\/de\/document-samples\/\" \/>\n<meta property=\"og:site_name\" content=\"INTERNATIONAL EUROPEAN UNIVERSITY, UKRAINE | EUROPE | STUDY IN UKRAINE | STUDY IN EUROPE | MBBS | GENERAL MEDICINE | BUSINESS | ENGINEERING | IT | EUROPE\" \/>\n<meta property=\"article:modified_time\" content=\"2025-01-06T09:36:59+00:00\" \/>\n<meta property=\"og:image\" content=\"http:\/\/ieu.university\/wp-content\/uploads\/2024\/07\/Document-Samples.png\" \/>\n\t<meta property=\"og:image:width\" content=\"1272\" \/>\n\t<meta property=\"og:image:height\" content=\"387\" \/>\n\t<meta property=\"og:image:type\" content=\"image\/png\" \/>\n<meta name=\"twitter:card\" content=\"summary_large_image\" \/>\n<meta name=\"twitter:label1\" content=\"Est. reading time\" \/>\n\t<meta name=\"twitter:data1\" content=\"1 minute\" \/>\n<script type=\"application\/ld+json\" class=\"yoast-schema-graph\">{\"@context\":\"https:\/\/schema.org\",\"@graph\":[{\"@type\":\"WebPage\",\"@id\":\"http:\/\/ieu.university\/ru\/document-samples\/\",\"url\":\"http:\/\/ieu.university\/ru\/document-samples\/\",\"name\":\"SAMPLES OF INTERNATIONAL EUROPEAN UNIVERSITY DOCUMENTS | EDUCATIONAL DOCUMENTS OF THE INTERNATIONAL EUROPEAN UNIVERSITY | BACHELOR'S DEGREES IN UKRAINE | IEU'S ACADEMIC CERTIFICATE | MEDICAL EDUCATION IN EUROPE\",\"isPartOf\":{\"@id\":\"http:\/\/ieu.university\/ru\/#website\"},\"datePublished\":\"2024-06-25T08:07:41+00:00\",\"dateModified\":\"2025-01-06T09:36:59+00:00\",\"inLanguage\":\"en-US\",\"potentialAction\":[{\"@type\":\"ReadAction\",\"target\":[\"http:\/\/ieu.university\/ru\/document-samples\/\"]}]},{\"@type\":\"WebSite\",\"@id\":\"http:\/\/ieu.university\/ru\/#website\",\"url\":\"http:\/\/ieu.university\/ru\/\",\"name\":\"INTERNATIONAL EUROPEAN UNIVERSITY, UKRAINE | EUROPE | STUDY IN UKRAINE | STUDY IN EUROPE | MBBS | GENERAL MEDICINE | BUSINESS | ENGINEERING | IT | EUROPE\",\"description\":\"INTERNATIONAL EUROPEAN UNIVERSITY, UKRAINE | EUROPE | STUDY IN UKRAINE | STUDY IN EUROPE | MBBS | GENERAL MEDICINE | BUSINESS | ENGINEERING | IT | EUROPE\",\"potentialAction\":[{\"@type\":\"SearchAction\",\"target\":{\"@type\":\"EntryPoint\",\"urlTemplate\":\"http:\/\/ieu.university\/ru\/?s={search_term_string}\"},\"query-input\":\"required name=search_term_string\"}],\"inLanguage\":\"en-US\"}]}<\/script>\n<!-- \/ Yoast SEO plugin. -->","yoast_head_json":{"title":"SAMPLES OF INTERNATIONAL EUROPEAN UNIVERSITY DOCUMENTS | EDUCATIONAL DOCUMENTS OF THE INTERNATIONAL EUROPEAN UNIVERSITY | BACHELOR'S DEGREES IN UKRAINE | IEU'S ACADEMIC CERTIFICATE | MEDICAL EDUCATION IN EUROPE","robots":{"index":"index","follow":"follow","max-snippet":"max-snippet:-1","max-image-preview":"max-image-preview:large","max-video-preview":"max-video-preview:-1"},"canonical":"http:\/\/ieu.university\/ru\/document-samples\/","og_locale":"en_US","og_type":"article","og_title":"SAMPLES OF INTERNATIONAL EUROPEAN UNIVERSITY DOCUMENTS | EDUCATIONAL DOCUMENTS OF THE INTERNATIONAL EUROPEAN UNIVERSITY | BACHELOR'S DEGREES IN UKRAINE | IEU'S ACADEMIC CERTIFICATE | MEDICAL EDUCATION IN EUROPE","og_description":"Beispiele f\u00fcr Bildungsdokumente ZUR GENEHMIGUNG VON FORMULAREN F\u00dcR DOKUMENTE ZUR HOCHSCHULBILDUNG (WISSENSCHAFTLICHE ABSCHL\u00dcSSE) DES STAATLICHEN MUSTERS UND ERG\u00c4NZUNGEN DAZU, DAS MUSTER DES AKADEMISCHEN ZERTIFIKATS Musterdokument zur Ausbildung der IEU","og_url":"http:\/\/ieu.university\/de\/document-samples\/","og_site_name":"INTERNATIONAL EUROPEAN UNIVERSITY, UKRAINE | EUROPE | STUDY IN UKRAINE | STUDY IN EUROPE | MBBS | GENERAL MEDICINE | BUSINESS | ENGINEERING | IT | EUROPE","article_modified_time":"2025-01-06T09:36:59+00:00","og_image":[{"width":1272,"height":387,"url":"http:\/\/ieu.university\/wp-content\/uploads\/2024\/07\/Document-Samples.png","type":"image\/png"}],"twitter_card":"summary_large_image","twitter_misc":{"Est. reading time":"1 minute"},"schema":{"@context":"https:\/\/schema.org","@graph":[{"@type":"WebPage","@id":"http:\/\/ieu.university\/ru\/document-samples\/","url":"http:\/\/ieu.university\/ru\/document-samples\/","name":"SAMPLES OF INTERNATIONAL EUROPEAN UNIVERSITY DOCUMENTS | EDUCATIONAL DOCUMENTS OF THE INTERNATIONAL EUROPEAN UNIVERSITY | BACHELOR'S DEGREES IN UKRAINE | IEU'S ACADEMIC CERTIFICATE | MEDICAL EDUCATION IN EUROPE","isPartOf":{"@id":"http:\/\/ieu.university\/ru\/#website"},"datePublished":"2024-06-25T08:07:41+00:00","dateModified":"2025-01-06T09:36:59+00:00","inLanguage":"en-US","potentialAction":[{"@type":"ReadAction","target":["http:\/\/ieu.university\/ru\/document-samples\/"]}]},{"@type":"WebSite","@id":"http:\/\/ieu.university\/ru\/#website","url":"http:\/\/ieu.university\/ru\/","name":"INTERNATIONAL EUROPEAN UNIVERSITY, UKRAINE | EUROPE | STUDY IN UKRAINE | STUDY IN EUROPE | MBBS | GENERAL MEDICINE | BUSINESS | ENGINEERING | IT | EUROPE","description":"INTERNATIONAL EUROPEAN UNIVERSITY, UKRAINE | EUROPE | STUDY IN UKRAINE | STUDY IN EUROPE | MBBS | GENERAL MEDICINE | BUSINESS | ENGINEERING | IT | EUROPE","potentialAction":[{"@type":"SearchAction","target":{"@type":"EntryPoint","urlTemplate":"http:\/\/ieu.university\/ru\/?s={search_term_string}"},"query-input":"required name=search_term_string"}],"inLanguage":"en-US"}]}},"_links":{"self":[{"href":"http:\/\/ieu.university\/de\/wp-json\/wp\/v2\/pages\/3393","targetHints":{"allow":["GET"]}}],"collection":[{"href":"http:\/\/ieu.university\/de\/wp-json\/wp\/v2\/pages"}],"about":[{"href":"http:\/\/ieu.university\/de\/wp-json\/wp\/v2\/types\/page"}],"author":[{"embeddable":true,"href":"http:\/\/ieu.university\/de\/wp-json\/wp\/v2\/users\/3"}],"replies":[{"embeddable":true,"href":"http:\/\/ieu.university\/de\/wp-json\/wp\/v2\/comments?post=3393"}],"version-history":[{"count":23,"href":"http:\/\/ieu.university\/de\/wp-json\/wp\/v2\/pages\/3393\/revisions"}],"predecessor-version":[{"id":4436,"href":"http:\/\/ieu.university\/de\/wp-json\/wp\/v2\/pages\/3393\/revisions\/4436"}],"wp:featuredmedia":[{"embeddable":true,"href":"http:\/\/ieu.university\/de\/wp-json\/wp\/v2\/media\/3689"}],"wp:attachment":[{"href":"http:\/\/ieu.university\/de\/wp-json\/wp\/v2\/media?parent=3393"}],"curies":[{"name":"wp","href":"https:\/\/api.w.org\/{rel}","templated":true}]}}