{"id":3400,"date":"2024-06-25T11:26:21","date_gmt":"2024-06-25T08:26:21","guid":{"rendered":"https:\/\/ieu.university\/?page_id=3400"},"modified":"2025-01-06T12:53:31","modified_gmt":"2025-01-06T09:53:31","slug":"rights-protection","status":"publish","type":"page","link":"http:\/\/ieu.university\/de\/rights-protection\/","title":{"rendered":"Rights Protection"},"content":{"rendered":"<h2>Schutz der Rechte der Community-Mitglieder<\/h2>\n<p>Die International European University ist zutiefst verpflichtet, die Rechte ihrer Community-Mitglieder durch unsere <strong>umfassende Richtlinie zum Schutz der Rechte von Community-Mitgliedern<\/strong> zu wahren und zu sch\u00fctzen. Wir legen gro\u00dfen Wert darauf, f\u00fcr internationale Studierende und Lehrkr\u00e4fte w\u00e4hrend ihrer gesamten Ausbildung eine sichere, einladende und unterst\u00fctzende Umgebung zu schaffen. In einer Zeit, in der der Schutz der Menschenrechte und B\u00fcrgerrechte und -freiheiten in allen Lebensbereichen immer wichtiger wird, ist unsere Universit\u00e4t bestrebt, wirksame Sicherheitsma\u00dfnahmen umzusetzen.<\/p>\n<p>Die Richtlinie der International European University deckt verschiedene Facetten des Universit\u00e4tslebens ab und stellt sicher, dass sich alle Mitglieder sicher und gesch\u00e4tzt f\u00fchlen. Sie umfasst das Angebot von Ressourcen und Unterst\u00fctzungssystemen f\u00fcr Personen, die vor Herausforderungen stehen, sowie die Einrichtung klarer Protokolle zur L\u00f6sung aller Sicherheits- und Rechtsprobleme innerhalb unserer Gemeinschaft. Die Verwaltung der International European University bekennt sich unersch\u00fctterlich zu diesen Grunds\u00e4tzen und garantiert, dass die Rechte von Studierenden, Lehrkr\u00e4ften und Mitarbeitern jederzeit respektiert und gesch\u00fctzt werden. Indem wir eine Umgebung schaffen, in der sich jeder Einzelne sicher f\u00fchlt und seine Rechte gewahrt werden, wollen wir die allgemeine Bildungserfahrung und das Wohlbefinden unserer vielf\u00e4ltigen Gemeinschaft verbessern. Dieses Engagement ist ein Eckpfeiler der Werte und der Mission unserer Universit\u00e4t und spiegelt unser Engagement f\u00fcr Exzellenz und Inklusivit\u00e4t wider.<\/p>\n<h2>Studentenanliegen<\/h2>\n<p>Das Komitee f\u00fcr Studentenanliegen der International European University spielt eine wichtige Rolle bei der<strong> F\u00f6rderung eines unterst\u00fctzenden und reaktionsschnellen akademischen Umfelds.<\/strong> Unser engagiertes Gremium hat die Aufgabe, eine breite Palette von Problemen zu behandeln, mit denen Studenten w\u00e4hrend ihrer Zeit an der Universit\u00e4t konfrontiert werden k\u00f6nnen, und sicherzustellen, dass ihre Stimmen geh\u00f6rt und ihre Bed\u00fcrfnisse erf\u00fcllt werden. Das Komitee besteht aus Fakult\u00e4tsmitgliedern, Verwaltungsmitarbeitern und Studentenvertretern und fungiert als Br\u00fccke zwischen der Studentenschaft und der Universit\u00e4tsverwaltung. Wir h\u00f6ren aktiv auf das Feedback der Studenten, identifizieren gemeinsame Anliegen und arbeiten gemeinsam an der Entwicklung wirksamer L\u00f6sungen.<\/p>\n<p>Eines der Hauptziele des Komitees f\u00fcr Studentenanliegen ist die Schaffung eines <strong>transparenten und integrativen Prozesses zur Behandlung von Studentenanliegen.<\/strong> Das Komitee der International European University organisiert Foren, Workshops und Beratungssitzungen, um Studenten bei der Bew\u00e4ltigung akademischer und pers\u00f6nlicher Herausforderungen zu unterst\u00fctzen. Indem es den Studenten eine strukturierte und unterst\u00fctzende Plattform bietet, auf der sie ihre Anliegen \u00e4u\u00dfern k\u00f6nnen, stellt das Komitee f\u00fcr Studentenanliegen der International European University sicher, dass das Wohlergehen der Studenten oberste Priorit\u00e4t hat. Unser Engagement f\u00fcr das Wohlergehen der Studierenden tr\u00e4gt wesentlich zu einer positiven und bereichernden Bildungserfahrung bei und spiegelt das Engagement der Universit\u00e4t zur F\u00f6rderung einer f\u00f6rdernden und integrativen Gemeinschaft wider.<\/p>\n<h2>Bedenken hinsichtlich Pr\u00fcfungsergebnissen<\/h2>\n<p>Die International European University geht auf <strong>Bedenken der Studierenden hinsichtlich Pr\u00fcfungsergebnissen<\/strong> in einem klaren und strukturierten Verfahren ein. Internationale Studierende k\u00f6nnen eine \u00dcberpr\u00fcfung beantragen, indem sie innerhalb eines bestimmten Zeitraums einen formellen Einspruch beim Pr\u00fcfungs\u00fcberpr\u00fcfungsausschuss einreichen. Unsere Fakult\u00e4tsmitglieder und akademischen Mitarbeiter bewerten die Pr\u00fcfungsunterlagen erneut, um Fairness und Genauigkeit sicherzustellen. Wir bieten den Studierenden die M\u00f6glichkeit, ihre Ergebnisse zur weiteren Kl\u00e4rung mit ihren Dozenten zu besprechen. Das transparente und unterst\u00fctzende System der International European University stellt sicher, dass alle Bedenken ernst genommen werden, f\u00f6rdert Vertrauen und h\u00e4lt hohe akademische Standards aufrecht.<\/p>\n<h2>Informationsmaterialien<\/h2>\n<p>Die International European University engagiert sich f\u00fcr die Unterst\u00fctzung i<strong>nternationaler Studierender, indem sie umfassende Informationsmaterialien bereitstellt, die f\u00fcr einen reibungslosen Zulassungs- und Bildungsprozess <\/strong>unerl\u00e4sslich sind. Zu unseren Ressourcen geh\u00f6ren detaillierte Leitf\u00e4den zu Bewerbungsverfahren, Visabestimmungen und Finanzierungsm\u00f6glichkeiten. Die Universit\u00e4t bietet Orientierungsprogramme, akademische Beratung und Sprachunterst\u00fctzung an, um den Studierenden bei der Anpassung an ihre neue Umgebung zu helfen. Informationen zur Kursanmeldung, zu Campuseinrichtungen und zu verf\u00fcgbaren Studentendiensten sind ebenfalls leicht zug\u00e4nglich. Indem die International European University daf\u00fcr sorgt, dass internationale Studierende alle notwendigen Informationen zur Hand haben, m\u00f6chte sie eine einladende und unterst\u00fctzende Atmosph\u00e4re schaffen, die akademischen Erfolg und pers\u00f6nliches Wachstum f\u00f6rdert.<\/p>\n<h2>Studentendisziplin<\/h2>\n<p>Die International European University <strong>gew\u00e4hrleistet Studentendisziplin durch einen klaren Verhaltenskodex<\/strong>, der w\u00e4hrend der Orientierungsphase kommuniziert wird und in den Ressourcen der Universit\u00e4t verf\u00fcgbar ist. Um die Standards zu st\u00e4rken, werden regelm\u00e4\u00dfig Bildungsprogramme zu akademischer Integrit\u00e4t und ethischem Verhalten abgehalten. Bei Disziplinarangelegenheiten sorgt das Disziplinarkomitee, das aus Fakult\u00e4ts-, Personal- und Studentenvertretern besteht, f\u00fcr ein faires Verfahren. Es untersucht Vorf\u00e4lle, h\u00f6rt sich die beteiligten Parteien an und legt geeignete Ma\u00dfnahmen fest, wie z. B. Verwarnungen, Bew\u00e4hrung oder strengere Ma\u00dfnahmen wie Suspendierung oder Ausschluss.Unser strukturierter Ansatz <strong>f\u00f6rdert eine sichere und respektvolle Lernumgebung,<\/strong><strong> st\u00e4rkt die Verantwortlichkeit und h\u00e4lt die Verhaltensstandards<\/strong> der Universit\u00e4t aufrecht.<\/p>\n<h2>Bildungs-Ombudsmann<\/h2>\n<p>Das Bildungssystem der International European University gew\u00e4hrleistet d<strong>as Recht auf Bildung durch die Einrichtung eines Bildungs-Ombudsmanns<\/strong>, wie in Artikel 73 des ukrainischen Gesetzes \u201e\u00dcber Bildung\u201c dargelegt. Der Ombudsmann ist befugt, Beschwerden von Teilnehmern des Bildungsprozesses zu bearbeiten und die vorgelegten Fakten zu \u00fcberpr\u00fcfen. Er ist befugt, Informationen von Bildungseinrichtungen und Leitungsgremien anzufordern, einschlie\u00dflich eingeschr\u00e4nkter Informationen, falls erforderlich. Der Ombudsmann kann Berater, Gutachter, Experten und Spezialisten hinzuziehen, um bei der \u00dcberpr\u00fcfung von Anfragen zu helfen. Er analysiert die Einhaltung von Vorschriften in Bezug auf Mobbing und kann Empfehlungen an Bildungseinrichtungen und Beh\u00f6rden abgeben, um Verst\u00f6\u00dfe zu beheben und Rechte wiederherzustellen.<\/p>\n<h2>Dem\u00fctigung und sexueller Missbrauch<\/h2>\n<p>Die International European University verhindert <strong>Dem\u00fctigung und sexuellen Missbrauch durch strenge Richtlinien und proaktive Ma\u00dfnahmen<\/strong>. Die Universit\u00e4t kl\u00e4rt ihre Gemeinschaft durch obligatorische Schulungsprogramme und Workshops \u00fcber respektvolles Verhalten und Nulltoleranz gegen\u00fcber Bel\u00e4stigung auf. Klare Meldeverfahren stellen sicher, dass Vorf\u00e4lle umgehend von den zust\u00e4ndigen Beh\u00f6rden bearbeitet werden. Unterst\u00fctzungsdienste, einschlie\u00dflich Beratung und Rechtsberatung, sind f\u00fcr Opfer leicht zug\u00e4nglich. Unsere Universit\u00e4t f\u00f6rdert eine K<strong>ultur des Bewusstseins und des Respekts durch fortlaufenden Dialog und Kampagnen,<\/strong> die gegenseitiges Verst\u00e4ndnis und Respekt zwischen Studenten, Lehrkr\u00e4ften und Mitarbeitern f\u00f6rdern. Unsere Bem\u00fchungen schaffen eine sichere und integrative Umgebung, in der sich alle Mitglieder gesch\u00fctzt und gesch\u00e4tzt f\u00fchlen.<\/p>\n","protected":false},"excerpt":{"rendered":"<p>Schutz der Rechte der Community-Mitglieder Die International European University ist zutiefst verpflichtet, die Rechte ihrer Community-Mitglieder durch unsere umfassende Richtlinie zum Schutz der Rechte von Community-Mitgliedern zu wahren und zu sch\u00fctzen. Wir legen gro\u00dfen Wert darauf, f\u00fcr internationale Studierende und Lehrkr\u00e4fte w\u00e4hrend ihrer gesamten Ausbildung eine sichere, einladende und unterst\u00fctzende Umgebung zu schaffen. In einer [&hellip;]<\/p>\n","protected":false},"author":3,"featured_media":3652,"parent":0,"menu_order":0,"comment_status":"closed","ping_status":"closed","template":"","meta":{"ngg_post_thumbnail":0,"footnotes":""},"class_list":["post-3400","page","type-page","status-publish","has-post-thumbnail","hentry"],"acf":[],"yoast_head":"<!-- This site is optimized with the Yoast SEO plugin v20.8 - https:\/\/yoast.com\/wordpress\/plugins\/seo\/ -->\n<title>RIGHTS PROTECTION | PROTECTION OF COMMUNITY MEMBERS\u2019 RIGHTS | ADDRESSING INTERNATIONAL STUDENTS CONCERNS | INTERNATIONAL EUROPEAN UNIVERSITY IN UKRAINE | AFFORDABLE HIGHER EDUCATION IN ENGLISH IN EUROPE<\/title>\n<meta name=\"robots\" content=\"index, follow, max-snippet:-1, max-image-preview:large, max-video-preview:-1\" \/>\n<link rel=\"canonical\" href=\"http:\/\/ieu.university\/ru\/rights-protection\/\" \/>\n<meta property=\"og:locale\" content=\"en_US\" \/>\n<meta property=\"og:type\" content=\"article\" \/>\n<meta property=\"og:title\" content=\"RIGHTS PROTECTION | PROTECTION OF COMMUNITY MEMBERS\u2019 RIGHTS | ADDRESSING INTERNATIONAL STUDENTS CONCERNS | INTERNATIONAL EUROPEAN UNIVERSITY IN UKRAINE | AFFORDABLE HIGHER EDUCATION IN ENGLISH IN EUROPE\" \/>\n<meta property=\"og:description\" content=\"Schutz der Rechte der Community-Mitglieder Die International European University ist zutiefst verpflichtet, die Rechte ihrer Community-Mitglieder durch unsere umfassende Richtlinie zum Schutz der Rechte von Community-Mitgliedern zu wahren und zu sch\u00fctzen. Wir legen gro\u00dfen Wert darauf, f\u00fcr internationale Studierende und Lehrkr\u00e4fte w\u00e4hrend ihrer gesamten Ausbildung eine sichere, einladende und unterst\u00fctzende Umgebung zu schaffen. In einer [&hellip;]\" \/>\n<meta property=\"og:url\" content=\"http:\/\/ieu.university\/de\/rights-protection\/\" \/>\n<meta property=\"og:site_name\" content=\"INTERNATIONAL EUROPEAN UNIVERSITY, UKRAINE | EUROPE | STUDY IN UKRAINE | STUDY IN EUROPE | MBBS | GENERAL MEDICINE | BUSINESS | ENGINEERING | IT | EUROPE\" \/>\n<meta property=\"article:modified_time\" content=\"2025-01-06T09:53:31+00:00\" \/>\n<meta property=\"og:image\" content=\"http:\/\/ieu.university\/wp-content\/uploads\/2024\/07\/Rights-Protection.png\" \/>\n\t<meta property=\"og:image:width\" content=\"1272\" \/>\n\t<meta property=\"og:image:height\" content=\"386\" \/>\n\t<meta property=\"og:image:type\" content=\"image\/png\" \/>\n<meta name=\"twitter:card\" content=\"summary_large_image\" \/>\n<meta name=\"twitter:label1\" content=\"Est. reading time\" \/>\n\t<meta name=\"twitter:data1\" content=\"4 minutes\" \/>\n<script type=\"application\/ld+json\" class=\"yoast-schema-graph\">{\"@context\":\"https:\/\/schema.org\",\"@graph\":[{\"@type\":\"WebPage\",\"@id\":\"http:\/\/ieu.university\/ru\/rights-protection\/\",\"url\":\"http:\/\/ieu.university\/ru\/rights-protection\/\",\"name\":\"RIGHTS PROTECTION | PROTECTION OF COMMUNITY MEMBERS\u2019 RIGHTS | ADDRESSING INTERNATIONAL STUDENTS CONCERNS | INTERNATIONAL EUROPEAN UNIVERSITY IN UKRAINE | AFFORDABLE HIGHER EDUCATION IN ENGLISH IN EUROPE\",\"isPartOf\":{\"@id\":\"https:\/\/ieu.university\/#website\"},\"datePublished\":\"2024-06-25T08:26:21+00:00\",\"dateModified\":\"2025-01-06T09:53:31+00:00\",\"inLanguage\":\"en-US\",\"potentialAction\":[{\"@type\":\"ReadAction\",\"target\":[\"http:\/\/ieu.university\/ru\/rights-protection\/\"]}]},{\"@type\":\"WebSite\",\"@id\":\"https:\/\/ieu.university\/#website\",\"url\":\"https:\/\/ieu.university\/\",\"name\":\"INTERNATIONAL EUROPEAN UNIVERSITY, UKRAINE | EUROPE | STUDY IN UKRAINE | STUDY IN EUROPE | MBBS | GENERAL MEDICINE | BUSINESS | ENGINEERING | IT | EUROPE\",\"description\":\"INTERNATIONAL EUROPEAN UNIVERSITY, UKRAINE | EUROPE | STUDY IN UKRAINE | STUDY IN EUROPE | MBBS | GENERAL MEDICINE | BUSINESS | ENGINEERING | IT | EUROPE\",\"potentialAction\":[{\"@type\":\"SearchAction\",\"target\":{\"@type\":\"EntryPoint\",\"urlTemplate\":\"https:\/\/ieu.university\/?s={search_term_string}\"},\"query-input\":\"required name=search_term_string\"}],\"inLanguage\":\"en-US\"}]}<\/script>\n<!-- \/ Yoast SEO plugin. -->","yoast_head_json":{"title":"RIGHTS PROTECTION | PROTECTION OF COMMUNITY MEMBERS\u2019 RIGHTS | ADDRESSING INTERNATIONAL STUDENTS CONCERNS | INTERNATIONAL EUROPEAN UNIVERSITY IN UKRAINE | AFFORDABLE HIGHER EDUCATION IN ENGLISH IN EUROPE","robots":{"index":"index","follow":"follow","max-snippet":"max-snippet:-1","max-image-preview":"max-image-preview:large","max-video-preview":"max-video-preview:-1"},"canonical":"http:\/\/ieu.university\/ru\/rights-protection\/","og_locale":"en_US","og_type":"article","og_title":"RIGHTS PROTECTION | PROTECTION OF COMMUNITY MEMBERS\u2019 RIGHTS | ADDRESSING INTERNATIONAL STUDENTS CONCERNS | INTERNATIONAL EUROPEAN UNIVERSITY IN UKRAINE | AFFORDABLE HIGHER EDUCATION IN ENGLISH IN EUROPE","og_description":"Schutz der Rechte der Community-Mitglieder Die International European University ist zutiefst verpflichtet, die Rechte ihrer Community-Mitglieder durch unsere umfassende Richtlinie zum Schutz der Rechte von Community-Mitgliedern zu wahren und zu sch\u00fctzen. Wir legen gro\u00dfen Wert darauf, f\u00fcr internationale Studierende und Lehrkr\u00e4fte w\u00e4hrend ihrer gesamten Ausbildung eine sichere, einladende und unterst\u00fctzende Umgebung zu schaffen. In einer [&hellip;]","og_url":"http:\/\/ieu.university\/de\/rights-protection\/","og_site_name":"INTERNATIONAL EUROPEAN UNIVERSITY, UKRAINE | EUROPE | STUDY IN UKRAINE | STUDY IN EUROPE | MBBS | GENERAL MEDICINE | BUSINESS | ENGINEERING | IT | EUROPE","article_modified_time":"2025-01-06T09:53:31+00:00","og_image":[{"width":1272,"height":386,"url":"http:\/\/ieu.university\/wp-content\/uploads\/2024\/07\/Rights-Protection.png","type":"image\/png"}],"twitter_card":"summary_large_image","twitter_misc":{"Est. reading time":"4 minutes"},"schema":{"@context":"https:\/\/schema.org","@graph":[{"@type":"WebPage","@id":"http:\/\/ieu.university\/ru\/rights-protection\/","url":"http:\/\/ieu.university\/ru\/rights-protection\/","name":"RIGHTS PROTECTION | PROTECTION OF COMMUNITY MEMBERS\u2019 RIGHTS | ADDRESSING INTERNATIONAL STUDENTS CONCERNS | INTERNATIONAL EUROPEAN UNIVERSITY IN UKRAINE | AFFORDABLE HIGHER EDUCATION IN ENGLISH IN EUROPE","isPartOf":{"@id":"https:\/\/ieu.university\/#website"},"datePublished":"2024-06-25T08:26:21+00:00","dateModified":"2025-01-06T09:53:31+00:00","inLanguage":"en-US","potentialAction":[{"@type":"ReadAction","target":["http:\/\/ieu.university\/ru\/rights-protection\/"]}]},{"@type":"WebSite","@id":"https:\/\/ieu.university\/#website","url":"https:\/\/ieu.university\/","name":"INTERNATIONAL EUROPEAN UNIVERSITY, UKRAINE | EUROPE | STUDY IN UKRAINE | STUDY IN EUROPE | MBBS | GENERAL MEDICINE | BUSINESS | ENGINEERING | IT | EUROPE","description":"INTERNATIONAL EUROPEAN UNIVERSITY, UKRAINE | EUROPE | STUDY IN UKRAINE | STUDY IN EUROPE | MBBS | GENERAL MEDICINE | BUSINESS | ENGINEERING | IT | EUROPE","potentialAction":[{"@type":"SearchAction","target":{"@type":"EntryPoint","urlTemplate":"https:\/\/ieu.university\/?s={search_term_string}"},"query-input":"required name=search_term_string"}],"inLanguage":"en-US"}]}},"_links":{"self":[{"href":"http:\/\/ieu.university\/de\/wp-json\/wp\/v2\/pages\/3400","targetHints":{"allow":["GET"]}}],"collection":[{"href":"http:\/\/ieu.university\/de\/wp-json\/wp\/v2\/pages"}],"about":[{"href":"http:\/\/ieu.university\/de\/wp-json\/wp\/v2\/types\/page"}],"author":[{"embeddable":true,"href":"http:\/\/ieu.university\/de\/wp-json\/wp\/v2\/users\/3"}],"replies":[{"embeddable":true,"href":"http:\/\/ieu.university\/de\/wp-json\/wp\/v2\/comments?post=3400"}],"version-history":[{"count":17,"href":"http:\/\/ieu.university\/de\/wp-json\/wp\/v2\/pages\/3400\/revisions"}],"predecessor-version":[{"id":4520,"href":"http:\/\/ieu.university\/de\/wp-json\/wp\/v2\/pages\/3400\/revisions\/4520"}],"wp:featuredmedia":[{"embeddable":true,"href":"http:\/\/ieu.university\/de\/wp-json\/wp\/v2\/media\/3652"}],"wp:attachment":[{"href":"http:\/\/ieu.university\/de\/wp-json\/wp\/v2\/media?parent=3400"}],"curies":[{"name":"wp","href":"https:\/\/api.w.org\/{rel}","templated":true}]}}