{"id":3403,"date":"2024-06-25T11:27:27","date_gmt":"2024-06-25T08:27:27","guid":{"rendered":"https:\/\/ieu.university\/?page_id=3403"},"modified":"2025-01-06T12:46:17","modified_gmt":"2025-01-06T09:46:17","slug":"european-standard-degree","status":"publish","type":"page","link":"http:\/\/ieu.university\/de\/european-standard-degree\/","title":{"rendered":"Abschluss nach europ\u00e4ischem Standard"},"content":{"rendered":"<h2>Abschluss nach europ\u00e4ischem Standard<\/h2>\n<p>Hochschulen erstellen das European Degree Supplement gem\u00e4\u00df den von der Kommission, dem Europarat und der <strong>Organisation der Vereinten Nationen f\u00fcr Erziehung, Wissenschaft und Kultur (UNESCO)<\/strong> vereinbarten Standards.<\/p>\n<p>Die Erlangung eines European Degree Supplement durch einen Studenten ist in der Verordnung des Ministeriums f\u00fcr Bildung und Wissenschaft der Ukraine Nr. 943 vom 16.10.2009 festgelegt.<\/p>\n<p>Das European Degree Supplement ist ein wichtiges Instrument im Europ\u00e4ischen Hochschulraum, das sicherstellt, dass Absolventen ihre Abschl\u00fcsse von Hochschulen, Regierungsbeh\u00f6rden und Arbeitgebern im In- und Ausland anerkannt bekommen.<\/p>\n<p><strong>Das Supplement mit einem Musterzertifikat<\/strong> eines europ\u00e4ischen Abschlusses ist eines der Dokumente, die im Rahmen des Bologna-Prozesses an ukrainischen Universit\u00e4ten eingef\u00fchrt werden.<\/p>\n<p>Absolventen haben Anspruch darauf, das European Degree Supplement automatisch, kostenlos und in allen wichtigen europ\u00e4ischen Sprachen zu erhalten.<\/p>\n<p>Das European Degree Supplement bietet Studenten Abschl\u00fcsse und Studienprogramme, die europaweit leichter vergleichbar sind. Es enth\u00e4lt au\u00dferdem eine detaillierte Beschreibung der durchgef\u00fchrten Forschung und der im Rahmen des Kurses erworbenen F\u00e4higkeiten.<\/p>\n<p>Das Supplement kann Inhabern auch den Zugang zu Arbeitspl\u00e4tzen und neuen Studienm\u00f6glichkeiten im Ausland erleichtern und die Anerkennung akademischer Qualifikationen auf internationaler Ebene sowohl durch Hochschulen als auch durch Arbeitgeber f\u00f6rdern.<\/p>\n<p>Dar\u00fcber hinaus erh\u00f6ht es die Anerkennung akademischer Abschl\u00fcsse, die von Hochschulen angeboten werden, und verbessert die Sichtbarkeit unter ihren Kollegen und Arbeitgebern. Das Supplement tr\u00e4gt auch dazu bei, den Verwaltungsaufwand vieler Hochschulen zu verringern und ihre institutionelle Autonomie zu wahren, indem es einen gemeinsamen Rahmen f\u00fcr die Anerkennung akademischer Abschl\u00fcsse schafft.<\/p>\n","protected":false},"excerpt":{"rendered":"<p>Abschluss nach europ\u00e4ischem Standard Hochschulen erstellen das European Degree Supplement gem\u00e4\u00df den von der Kommission, dem Europarat und der Organisation der Vereinten Nationen f\u00fcr Erziehung, Wissenschaft und Kultur (UNESCO) vereinbarten Standards. Die Erlangung eines European Degree Supplement durch einen Studenten ist in der Verordnung des Ministeriums f\u00fcr Bildung und Wissenschaft der Ukraine Nr. 943 vom [&hellip;]<\/p>\n","protected":false},"author":3,"featured_media":3721,"parent":0,"menu_order":0,"comment_status":"closed","ping_status":"closed","template":"","meta":{"ngg_post_thumbnail":0,"footnotes":""},"class_list":["post-3403","page","type-page","status-publish","has-post-thumbnail","hentry"],"acf":[],"yoast_head":"<!-- This site is optimized with the Yoast SEO plugin v20.8 - https:\/\/yoast.com\/wordpress\/plugins\/seo\/ -->\n<title>EUROPEAN STANDARD DEGREE | ACCREDITED HIGHER EDUCATION IN ENGLISH | INTERNATIONALLY RECOGNIZED DEGREE IN EUROPE | HIGH-QUALITY MEDICAL DEGREE IN EUROPE<\/title>\n<meta name=\"robots\" content=\"index, follow, max-snippet:-1, max-image-preview:large, max-video-preview:-1\" \/>\n<link rel=\"canonical\" href=\"https:\/\/ieu.university\/it\/european-standard-degree\/\" \/>\n<meta property=\"og:locale\" content=\"en_US\" \/>\n<meta property=\"og:type\" content=\"article\" \/>\n<meta property=\"og:title\" content=\"EUROPEAN STANDARD DEGREE | ACCREDITED HIGHER EDUCATION IN ENGLISH | INTERNATIONALLY RECOGNIZED DEGREE IN EUROPE | HIGH-QUALITY MEDICAL DEGREE IN EUROPE\" \/>\n<meta property=\"og:description\" content=\"Abschluss nach europ\u00e4ischem Standard Hochschulen erstellen das European Degree Supplement gem\u00e4\u00df den von der Kommission, dem Europarat und der Organisation der Vereinten Nationen f\u00fcr Erziehung, Wissenschaft und Kultur (UNESCO) vereinbarten Standards. Die Erlangung eines European Degree Supplement durch einen Studenten ist in der Verordnung des Ministeriums f\u00fcr Bildung und Wissenschaft der Ukraine Nr. 943 vom [&hellip;]\" \/>\n<meta property=\"og:url\" content=\"http:\/\/ieu.university\/de\/european-standard-degree\/\" \/>\n<meta property=\"og:site_name\" content=\"INTERNATIONAL EUROPEAN UNIVERSITY, UKRAINE | EUROPE | STUDY IN UKRAINE | STUDY IN EUROPE | MBBS | GENERAL MEDICINE | BUSINESS | ENGINEERING | IT | EUROPE\" \/>\n<meta property=\"article:modified_time\" content=\"2025-01-06T09:46:17+00:00\" \/>\n<meta property=\"og:image\" content=\"https:\/\/ieu.university\/wp-content\/uploads\/2024\/07\/European-Standard-Degree-d.png\" \/>\n\t<meta property=\"og:image:width\" content=\"1272\" \/>\n\t<meta property=\"og:image:height\" content=\"386\" \/>\n\t<meta property=\"og:image:type\" content=\"image\/png\" \/>\n<meta name=\"twitter:card\" content=\"summary_large_image\" \/>\n<meta name=\"twitter:label1\" content=\"Est. reading time\" \/>\n\t<meta name=\"twitter:data1\" content=\"1 minute\" \/>\n<script type=\"application\/ld+json\" class=\"yoast-schema-graph\">{\"@context\":\"https:\/\/schema.org\",\"@graph\":[{\"@type\":\"WebPage\",\"@id\":\"https:\/\/ieu.university\/it\/european-standard-degree\/\",\"url\":\"https:\/\/ieu.university\/it\/european-standard-degree\/\",\"name\":\"EUROPEAN STANDARD DEGREE | ACCREDITED HIGHER EDUCATION IN ENGLISH | INTERNATIONALLY RECOGNIZED DEGREE IN EUROPE | HIGH-QUALITY MEDICAL DEGREE IN EUROPE\",\"isPartOf\":{\"@id\":\"https:\/\/ieu.university\/#website\"},\"datePublished\":\"2024-06-25T08:27:27+00:00\",\"dateModified\":\"2025-01-06T09:46:17+00:00\",\"inLanguage\":\"en-US\",\"potentialAction\":[{\"@type\":\"ReadAction\",\"target\":[\"https:\/\/ieu.university\/it\/european-standard-degree\/\"]}]},{\"@type\":\"WebSite\",\"@id\":\"https:\/\/ieu.university\/#website\",\"url\":\"https:\/\/ieu.university\/\",\"name\":\"INTERNATIONAL EUROPEAN UNIVERSITY, UKRAINE | EUROPE | STUDY IN UKRAINE | STUDY IN EUROPE | MBBS | GENERAL MEDICINE | BUSINESS | ENGINEERING | IT | EUROPE\",\"description\":\"INTERNATIONAL EUROPEAN UNIVERSITY, UKRAINE | EUROPE | STUDY IN UKRAINE | STUDY IN EUROPE | MBBS | GENERAL MEDICINE | BUSINESS | ENGINEERING | IT | EUROPE\",\"potentialAction\":[{\"@type\":\"SearchAction\",\"target\":{\"@type\":\"EntryPoint\",\"urlTemplate\":\"https:\/\/ieu.university\/?s={search_term_string}\"},\"query-input\":\"required name=search_term_string\"}],\"inLanguage\":\"en-US\"}]}<\/script>\n<!-- \/ Yoast SEO plugin. -->","yoast_head_json":{"title":"EUROPEAN STANDARD DEGREE | ACCREDITED HIGHER EDUCATION IN ENGLISH | INTERNATIONALLY RECOGNIZED DEGREE IN EUROPE | HIGH-QUALITY MEDICAL DEGREE IN EUROPE","robots":{"index":"index","follow":"follow","max-snippet":"max-snippet:-1","max-image-preview":"max-image-preview:large","max-video-preview":"max-video-preview:-1"},"canonical":"https:\/\/ieu.university\/it\/european-standard-degree\/","og_locale":"en_US","og_type":"article","og_title":"EUROPEAN STANDARD DEGREE | ACCREDITED HIGHER EDUCATION IN ENGLISH | INTERNATIONALLY RECOGNIZED DEGREE IN EUROPE | HIGH-QUALITY MEDICAL DEGREE IN EUROPE","og_description":"Abschluss nach europ\u00e4ischem Standard Hochschulen erstellen das European Degree Supplement gem\u00e4\u00df den von der Kommission, dem Europarat und der Organisation der Vereinten Nationen f\u00fcr Erziehung, Wissenschaft und Kultur (UNESCO) vereinbarten Standards. Die Erlangung eines European Degree Supplement durch einen Studenten ist in der Verordnung des Ministeriums f\u00fcr Bildung und Wissenschaft der Ukraine Nr. 943 vom [&hellip;]","og_url":"http:\/\/ieu.university\/de\/european-standard-degree\/","og_site_name":"INTERNATIONAL EUROPEAN UNIVERSITY, UKRAINE | EUROPE | STUDY IN UKRAINE | STUDY IN EUROPE | MBBS | GENERAL MEDICINE | BUSINESS | ENGINEERING | IT | EUROPE","article_modified_time":"2025-01-06T09:46:17+00:00","og_image":[{"width":1272,"height":386,"url":"https:\/\/ieu.university\/wp-content\/uploads\/2024\/07\/European-Standard-Degree-d.png","type":"image\/png"}],"twitter_card":"summary_large_image","twitter_misc":{"Est. reading time":"1 minute"},"schema":{"@context":"https:\/\/schema.org","@graph":[{"@type":"WebPage","@id":"https:\/\/ieu.university\/it\/european-standard-degree\/","url":"https:\/\/ieu.university\/it\/european-standard-degree\/","name":"EUROPEAN STANDARD DEGREE | ACCREDITED HIGHER EDUCATION IN ENGLISH | INTERNATIONALLY RECOGNIZED DEGREE IN EUROPE | HIGH-QUALITY MEDICAL DEGREE IN EUROPE","isPartOf":{"@id":"https:\/\/ieu.university\/#website"},"datePublished":"2024-06-25T08:27:27+00:00","dateModified":"2025-01-06T09:46:17+00:00","inLanguage":"en-US","potentialAction":[{"@type":"ReadAction","target":["https:\/\/ieu.university\/it\/european-standard-degree\/"]}]},{"@type":"WebSite","@id":"https:\/\/ieu.university\/#website","url":"https:\/\/ieu.university\/","name":"INTERNATIONAL EUROPEAN UNIVERSITY, UKRAINE | EUROPE | STUDY IN UKRAINE | STUDY IN EUROPE | MBBS | GENERAL MEDICINE | BUSINESS | ENGINEERING | IT | EUROPE","description":"INTERNATIONAL EUROPEAN UNIVERSITY, UKRAINE | EUROPE | STUDY IN UKRAINE | STUDY IN EUROPE | MBBS | GENERAL MEDICINE | BUSINESS | ENGINEERING | IT | EUROPE","potentialAction":[{"@type":"SearchAction","target":{"@type":"EntryPoint","urlTemplate":"https:\/\/ieu.university\/?s={search_term_string}"},"query-input":"required name=search_term_string"}],"inLanguage":"en-US"}]}},"_links":{"self":[{"href":"http:\/\/ieu.university\/de\/wp-json\/wp\/v2\/pages\/3403","targetHints":{"allow":["GET"]}}],"collection":[{"href":"http:\/\/ieu.university\/de\/wp-json\/wp\/v2\/pages"}],"about":[{"href":"http:\/\/ieu.university\/de\/wp-json\/wp\/v2\/types\/page"}],"author":[{"embeddable":true,"href":"http:\/\/ieu.university\/de\/wp-json\/wp\/v2\/users\/3"}],"replies":[{"embeddable":true,"href":"http:\/\/ieu.university\/de\/wp-json\/wp\/v2\/comments?post=3403"}],"version-history":[{"count":20,"href":"http:\/\/ieu.university\/de\/wp-json\/wp\/v2\/pages\/3403\/revisions"}],"predecessor-version":[{"id":4486,"href":"http:\/\/ieu.university\/de\/wp-json\/wp\/v2\/pages\/3403\/revisions\/4486"}],"wp:featuredmedia":[{"embeddable":true,"href":"http:\/\/ieu.university\/de\/wp-json\/wp\/v2\/media\/3721"}],"wp:attachment":[{"href":"http:\/\/ieu.university\/de\/wp-json\/wp\/v2\/media?parent=3403"}],"curies":[{"name":"wp","href":"https:\/\/api.w.org\/{rel}","templated":true}]}}