{"id":807,"date":"2022-09-29T17:53:30","date_gmt":"2022-09-29T14:53:30","guid":{"rendered":"http:\/\/ieu.university\/?page_id=807"},"modified":"2025-01-07T17:09:55","modified_gmt":"2025-01-07T14:09:55","slug":"about-ukraine","status":"publish","type":"page","link":"http:\/\/ieu.university\/de\/about-ukraine\/","title":{"rendered":"\u00dcber die Ukraine"},"content":{"rendered":"<h2>Allgemeine Informationen<\/h2>\n<p><strong>Die Ukraine<\/strong> in Osteuropa ist mit einer Fl\u00e4che von etwa 603.500 Quadratkilometern das gr\u00f6\u00dfte Land, das vollst\u00e4ndig in Europa liegt. Sie grenzt im Osten und Nordosten an <strong>Russland,<\/strong> im Nordwesten an Wei\u00dfrussland, im Westen an <strong>Polen, die Slowakei und Ungarn, <\/strong>im S\u00fcdwesten an Rum\u00e4nien und Moldawien und im S\u00fcden an<strong> das Schwarze Meer und das Asowsche Meer.<\/strong> Die geografische Vielfalt der Ukraine umfasst fruchtbare Ebenen, Steppen, Hochebenen und die Karpaten im Westen. Die Ukraine ist in <strong>24 Verwaltungsregionen <\/strong>unterteilt, darunter der Hauptstadtbezirk und d<strong>ie Autonome Republik Krim<\/strong>. Die Hauptstadt Kiew ist die wichtigste und gr\u00f6\u00dfte Stadt des Landes.<\/p>\n<p>Nach den neuesten Sch\u00e4tzungen hat die Ukraine eine Bev\u00f6lkerung von etwa 41 Millionen. Die Hauptstadt und gr\u00f6\u00dfte Stadt ist Kiew, ein wichtiges kulturelles, wirtschaftliches und politisches Zentrum. Kiew ist die Hauptstadt und gr\u00f6\u00dfte Stadt der Ukraine mit einer Bev\u00f6lkerung von etwa <strong>2.967.000 Einwohnern und 3.650.000 Einwohnern in seinem Ballungsraum. <\/strong>Kiew ist ein wichtiges Industrie-, Wissenschafts-, Bildungs- und Kulturzentrum Osteuropas. Hier sind viele Hightech-Unternehmen und Bildungseinrichtungen ans\u00e4ssig, aber auch bedeutende historische Denkm\u00e4ler. Die Stadt verf\u00fcgt \u00fcber eine umfangreiche Infrastruktur und ein \u00f6ffentliches Verkehrssystem, darunter die Kiewer Metro.<\/p>\n<h2>Klima<\/h2>\n<p><strong>Das Klima der Ukraine<\/strong> ist vielf\u00e4ltig und reicht von den K\u00fcstenbenen des Schwarzen Meeres bis zu den Karpaten im Westen. Die Sommer in der Ukraine sind warm bis hei\u00df, insbesondere in den s\u00fcdlichen und zentralen Regionen. Die Durchschnittstemperaturen liegen<strong> zwischen 20 \u00b0C und 25 \u00b0C<\/strong>, k\u00f6nnen aber w\u00e4hrend der <strong>Hitzewellen 30 \u00b0C <\/strong>(86 \u00b0F) \u00fcberschreiten. Die Winter in der Ukraine sind kalt, wobei die Temperaturen zwischen den Regionen erheblich schwanken. In den n\u00f6rdlichen und zentralen Teilen liegen die Durchschnittstemperaturen bei <strong>etwa -5 \u00b0C bis -10 \u00b0C <\/strong>(23 \u00b0F bis 14 \u00b0F), w\u00e4hrend die Winter in den s\u00fcdlichen <strong>Regionen mit Durchschnittstemperaturen von etwa 0 \u00b0C bis -5 \u00b0C<\/strong> (32 \u00b0F bis 23 \u00b0F) milder sind. Die westlichen Teile, einschlie\u00dflich der Karpaten, erhalten aufgrund orografischer Effekte mehr Niederschlag mit j\u00e4hrlichen Durchschnittswerten zwischen 800 und 1200 mm. Im Gegensatz dazu sind die \u00f6stlichen und s\u00fcdlichen Regionen, insbesondere die Steppengebiete, mit j\u00e4hrlichen Niederschlagsmengen von 400 bis 600 mm trockener.<\/p>\n<h2>Natur<\/h2>\n<p>Die Ukraine verf\u00fcgt \u00fcber eine vielf\u00e4ltige und malerische <strong>Naturlandschaft mit einer Vielzahl geographischer Merkmale<\/strong>, von ausgedehnten Ebenen bis hin zu Gebirgsketten, Fl\u00fcssen, W\u00e4ldern und K\u00fcstengebieten. Der Gro\u00dfteil der Ukraine besteht aus ausgedehnten Ebenen und Steppen, insbesondere in den zentralen und \u00f6stlichen Regionen. Die ukrainischen Steppen zeichnen sich durch fruchtbare schwarze Erde aus, die als Tschernozem bekannt ist und sich hervorragend f\u00fcr die Landwirtschaft eignet. Tiere wie Steppenadler, F\u00fcchse, Saiga-Antilopen (in den s\u00fcdlichen Steppen) und zahlreiche Vogelarten bewohnen diese ausgedehnten Ebenen.<\/p>\n<p>In der Westukraine erstrecken sich <strong>die Karpaten <\/strong>\u00fcber die Grenze zu Polen, der Slowakei und Rum\u00e4nien. Die ukrainischen Karpaten zeichnen sich durch bewaldete H\u00e4nge, kristallklare Gebirgsb\u00e4che und malerische Wiesen aus. Der h\u00f6chste Gipfel der Ukraine, <strong>Howerla<\/strong>, liegt <strong>2.061 Meter \u00fcber dem Meeresspiegel<\/strong>. Die Karpaten sind f\u00fcr ihre reiche Artenvielfalt bekannt und werden durch mehrere Nationalparks und Naturschutzgebiete gesch\u00fctzt, wie das Karpaten-Biosph\u00e4renreservat und den Huzulschtschyna-Nationalpark.<\/p>\n<p>Im S\u00fcden hat die Ukraine eine K\u00fcstenlinie entlang des Schwarzen Meeres und des Asowschen Meeres.<strong> Die Schwarzmeerk\u00fcste erstreckt sich \u00fcber 2.782 Kilometer<\/strong> (1.729 Meilen) und ist gepr\u00e4gt von Sandstr\u00e4nden, felsigen Klippen und Ferienorten wie Odessa und Jalta. Die K\u00fcstenregion genie\u00dft ein gem\u00e4\u00dfigtes Meeresklima mit milden Wintern und warmen Sommern. Das Schwarze Meer beherbergt ein reiches Meeres\u00f6kosystem mit verschiedenen Fischarten, Delfinen und Seev\u00f6geln. Das Asowsche Meer, das \u00fcber die Stra\u00dfe von Kertsch mit dem Schwarzen Meer verbunden ist, wird durch S\u00fc\u00dfwasserzufl\u00fcsse aus Fl\u00fcssen wie dem Don und dem Kuban beeinflusst.<\/p>\n<h2>Tourismus<\/h2>\n<p><strong>Der Tourismus in der Ukraine <\/strong>bietet eine Mischung aus kulturellen Attraktionen, historischen Wahrzeichen, Natursch\u00f6nheiten und vielf\u00e4ltigen Erlebnissen in seinem weitl\u00e4ufigen Gebiet. Touristen aus aller Welt kommen nicht nur hierher, um die <strong>atemberaubende Natur der Ukraine zu genie\u00dfen<\/strong>, sondern auch, um das reiche kulturelle Erbe des Landes kennenzulernen, kreative internationale Veranstaltungen zu besuchen und ber\u00fchmte ukrainische K\u00fcche zu probieren. Die Ukraine mit ihrer abwechslungsreichen Natur ist ein wirklich einzigartiges Reiseziel. Es gibt hier Gebirgsz\u00fcge \u2013 die Karpaten eignen sich zum Skifahren, Wandern, Angeln und Jagen.<strong> Die Schwarzmeerk\u00fcste ist ein beliebtes Sommerurlaubsziel.<\/strong><\/p>\n<p><strong>Im Zentrum des ukrainischen Tourismus liegt Kiew,<\/strong> die alte Hauptstadt voller architektonischer Wunder und historischer Wahrzeichen. <strong>Die Sophienkathedrale, ein UNESCO-Weltkulturerbe<\/strong>, ist ein Zeugnis<strong> byzantinischer Architektur<\/strong> und mit komplizierten Mosaiken und Fresken geschm\u00fcckt, die \u00fcber ein Jahrtausend alt sind. Die Karpaten in der Westukraine bieten eine Oase nat\u00fcrlicher Sch\u00f6nheit und Abenteuer im Freien. Hohe Gipfel, \u00fcppige W\u00e4lder und Almen locken Wanderer und Skifahrer gleicherma\u00dfen an. In diesen Hochl\u00e4ndern bl\u00fcht die traditionelle Huzulenkultur, und Besucher k\u00f6nnen in Folklore, Kunsthandwerk und herzhafte Bergk\u00fcche eintauchen.<\/p>\n<p>Das ganze Jahr \u00fcber finden in der Ukraine zahlreiche k<strong>ulturelle Veranstaltungen und Festivals<\/strong> statt. Die Feierlichkeiten zum Kiewer Tag und zum Unabh\u00e4ngigkeitstag erleuchten die Hauptstadt mi<strong>t Konzerten, Paraden und Feuerwerken und feiern Nationalstolz<\/strong> <strong>und Einheit<\/strong>. Das Internationale Jazzfestival in Lviv zieht Musikliebhaber aus aller Welt an, w\u00e4hrend das Internationale Filmfestival in Odessa internationales Kino vor der Kulisse des Schwarzen Meeres pr\u00e4sentiert. Von historischen Sehensw\u00fcrdigkeiten und Naturwundern bis hin zu kulturellen Festivals und kulinarischen Gen\u00fcssen l\u00e4dt die Ukraine Reisende ein, ihren zeitlosen Charme und ihren lebendigen Geist zu entdecken und verspricht unvergessliche Abenteuer im Herzen Westeuropas.<\/p>\n<h2>K\u00fcche<\/h2>\n<p><strong>Die ukrainische K\u00fcche <\/strong>ist voll von h<strong>erzhaften, wohltuenden Speisen<\/strong>, die Ihren Bauch f\u00fcllen und Ihre Seele w\u00e4rmen. Sie ist eng mit den landwirtschaftlichen Traditionen des Landes und den Zutaten verbunden, die in seinem<strong> fruchtbaren Boden<\/strong> gedeihen. Sie backen k\u00f6stliche Brote, wie dunkles Roggenbrot, die einen gro\u00dfen Teil der Mahlzeiten ausmachen. <strong>Kartoffeln<\/strong> spielen auch eine gro\u00dfe Rolle \u2013 sie werden f\u00fcr alles verwendet, von Kn\u00f6deln bis hin zu Pfannkuchen. <strong>Schweinefleisch und Gefl\u00fcgel <\/strong>sind die h\u00e4ufigsten <strong>Fleischsorten, aber auch Rind- und Lammfleisch<\/strong> werden gerne verwendet. Die Ukrainer verwenden Fleisch in Eint\u00f6pfen, W\u00fcrsten und sogar in herzhaften Gelees, die Cholodets genannt werden.<\/p>\n<p>Die Ukrainer lieben ihre <strong>Kn\u00f6del, die Varenyky<\/strong> genannt werden und mit Kartoffeln, K\u00e4se, Pilzen oder Obst gef\u00fcllt werden k\u00f6nnen. Sie werden normalerweise mit saurer Sahne und R\u00f6stzwiebeln serviert. Kartoffelpuffer, Deruny genannt, sind ein weiterer Favorit \u2013 sie sind knusprig und k\u00f6stlich, besonders mit saurer Sahne. <strong>Ukrainische Desserts enthalten Honig, N\u00fcsse und Fr\u00fcchte<\/strong>. Es gibt ein besonderes Gericht namens Kutia, einen s\u00fc\u00dfen Pudding aus Weizenk\u00f6rnern, Honig, N\u00fcssen und Trockenfr\u00fcchten. Er wird oft zu Weihnachten serviert.<\/p>\n<h2>Sicherheit<\/h2>\n<p>Jeder Einwohner der Ukraine oder Tourist, der diesen Ort besucht hat, wird Ihnen voller \u00dcberzeugung sagen, dass dies ein <strong>sehr sicheres und zuverl\u00e4ssiges Land<\/strong> ist. Wenn Sie in einem Hostel \u00fcbernachten, durch die Stra\u00dfen gehen oder durch das Land reisen, m\u00fcssen Sie sich keine Sorgen machen, dass Ihnen etwas Schlimmes passiert. Wenn Sie Probleme haben und jemandes Hilfe brauchen, werden Sie Leute finden, die ihr Bestes tun, um Ihnen zu helfen oder Ihnen Anweisungen zu geben. Dar\u00fcber hinaus funktioniert <strong>das Polizeisystem in der Ukraine gut<\/strong>. Auf dem Campus, in den Wohnheimen und an den Universit\u00e4ten sind Kameras und Alarmsysteme installiert. Sicherheitsfirmen der Universit\u00e4ten sorgen rund um die Uhr f\u00fcr Sicherheit auf dem Campus und in den Wohnheimen. Die Kameras funktionieren auf dem Campus, sogar in einigen gro\u00dfen Wohngebieten.<\/p>\n","protected":false},"excerpt":{"rendered":"<p>Allgemeine Informationen Die Ukraine in Osteuropa ist mit einer Fl\u00e4che von etwa 603.500 Quadratkilometern das gr\u00f6\u00dfte Land, das vollst\u00e4ndig in Europa liegt. Sie grenzt im Osten und Nordosten an Russland, im Nordwesten an Wei\u00dfrussland, im Westen an Polen, die Slowakei und Ungarn, im S\u00fcdwesten an Rum\u00e4nien und Moldawien und im S\u00fcden an das Schwarze Meer [&hellip;]<\/p>\n","protected":false},"author":1,"featured_media":3616,"parent":0,"menu_order":0,"comment_status":"closed","ping_status":"closed","template":"","meta":{"ngg_post_thumbnail":0,"footnotes":""},"class_list":["post-807","page","type-page","status-publish","has-post-thumbnail","hentry"],"acf":[],"yoast_head":"<!-- This site is optimized with the Yoast SEO plugin v20.8 - https:\/\/yoast.com\/wordpress\/plugins\/seo\/ -->\n<title>ACERCA DE UCRANIA | ESTUDIAR EN UCRANIA | EDUCACI\u00d3N SUPERIOR EN UCRANIA | QU\u00c9 TIEMPO HACE EN UCRANIA | QU\u00c9 HACER EN UCRANIA | TURISMO EN UCRANIA | COMIDA EN UCRANIA | D\u00d3NDE EN UCRANIA<\/title>\n<meta name=\"robots\" content=\"index, follow, max-snippet:-1, max-image-preview:large, max-video-preview:-1\" \/>\n<link rel=\"canonical\" href=\"http:\/\/ieu.university\/es\/about-ukraine\/\" \/>\n<meta property=\"og:locale\" content=\"en_US\" \/>\n<meta property=\"og:type\" content=\"article\" \/>\n<meta property=\"og:title\" content=\"ACERCA DE UCRANIA | ESTUDIAR EN UCRANIA | EDUCACI\u00d3N SUPERIOR EN UCRANIA | QU\u00c9 TIEMPO HACE EN UCRANIA | QU\u00c9 HACER EN UCRANIA | TURISMO EN UCRANIA | COMIDA EN UCRANIA | D\u00d3NDE EN UCRANIA\" \/>\n<meta property=\"og:description\" content=\"Allgemeine Informationen Die Ukraine in Osteuropa ist mit einer Fl\u00e4che von etwa 603.500 Quadratkilometern das gr\u00f6\u00dfte Land, das vollst\u00e4ndig in Europa liegt. Sie grenzt im Osten und Nordosten an Russland, im Nordwesten an Wei\u00dfrussland, im Westen an Polen, die Slowakei und Ungarn, im S\u00fcdwesten an Rum\u00e4nien und Moldawien und im S\u00fcden an das Schwarze Meer [&hellip;]\" \/>\n<meta property=\"og:url\" content=\"http:\/\/ieu.university\/de\/about-ukraine\/\" \/>\n<meta property=\"og:site_name\" content=\"INTERNATIONAL EUROPEAN UNIVERSITY, UKRAINE | EUROPE | STUDY IN UKRAINE | STUDY IN EUROPE | MBBS | GENERAL MEDICINE | BUSINESS | ENGINEERING | IT | EUROPE\" \/>\n<meta property=\"article:modified_time\" content=\"2025-01-07T14:09:55+00:00\" \/>\n<meta property=\"og:image\" content=\"http:\/\/ieu.university\/wp-content\/uploads\/2024\/07\/About-Ukraine.png\" \/>\n\t<meta property=\"og:image:width\" content=\"1272\" \/>\n\t<meta property=\"og:image:height\" content=\"386\" \/>\n\t<meta property=\"og:image:type\" content=\"image\/png\" \/>\n<meta name=\"twitter:card\" content=\"summary_large_image\" \/>\n<meta name=\"twitter:label1\" content=\"Est. reading time\" \/>\n\t<meta name=\"twitter:data1\" content=\"6 minutes\" \/>\n<script type=\"application\/ld+json\" class=\"yoast-schema-graph\">{\"@context\":\"https:\/\/schema.org\",\"@graph\":[{\"@type\":\"WebPage\",\"@id\":\"http:\/\/ieu.university\/es\/about-ukraine\/\",\"url\":\"http:\/\/ieu.university\/es\/about-ukraine\/\",\"name\":\"ACERCA DE UCRANIA | ESTUDIAR EN UCRANIA | EDUCACI\u00d3N SUPERIOR EN UCRANIA | QU\u00c9 TIEMPO HACE EN UCRANIA | QU\u00c9 HACER EN UCRANIA | TURISMO EN UCRANIA | COMIDA EN UCRANIA | D\u00d3NDE EN UCRANIA\",\"isPartOf\":{\"@id\":\"http:\/\/ieu.university\/ru\/#website\"},\"datePublished\":\"2022-09-29T14:53:30+00:00\",\"dateModified\":\"2025-01-07T14:09:55+00:00\",\"inLanguage\":\"en-US\",\"potentialAction\":[{\"@type\":\"ReadAction\",\"target\":[\"http:\/\/ieu.university\/es\/about-ukraine\/\"]}]},{\"@type\":\"WebSite\",\"@id\":\"http:\/\/ieu.university\/ru\/#website\",\"url\":\"http:\/\/ieu.university\/ru\/\",\"name\":\"INTERNATIONAL EUROPEAN UNIVERSITY, UKRAINE | EUROPE | STUDY IN UKRAINE | STUDY IN EUROPE | MBBS | GENERAL MEDICINE | BUSINESS | ENGINEERING | IT | EUROPE\",\"description\":\"INTERNATIONAL EUROPEAN UNIVERSITY, UKRAINE | EUROPE | STUDY IN UKRAINE | STUDY IN EUROPE | MBBS | GENERAL MEDICINE | BUSINESS | ENGINEERING | IT | EUROPE\",\"potentialAction\":[{\"@type\":\"SearchAction\",\"target\":{\"@type\":\"EntryPoint\",\"urlTemplate\":\"http:\/\/ieu.university\/ru\/?s={search_term_string}\"},\"query-input\":\"required name=search_term_string\"}],\"inLanguage\":\"en-US\"}]}<\/script>\n<!-- \/ Yoast SEO plugin. -->","yoast_head_json":{"title":"ACERCA DE UCRANIA | ESTUDIAR EN UCRANIA | EDUCACI\u00d3N SUPERIOR EN UCRANIA | QU\u00c9 TIEMPO HACE EN UCRANIA | QU\u00c9 HACER EN UCRANIA | TURISMO EN UCRANIA | COMIDA EN UCRANIA | D\u00d3NDE EN UCRANIA","robots":{"index":"index","follow":"follow","max-snippet":"max-snippet:-1","max-image-preview":"max-image-preview:large","max-video-preview":"max-video-preview:-1"},"canonical":"http:\/\/ieu.university\/es\/about-ukraine\/","og_locale":"en_US","og_type":"article","og_title":"ACERCA DE UCRANIA | ESTUDIAR EN UCRANIA | EDUCACI\u00d3N SUPERIOR EN UCRANIA | QU\u00c9 TIEMPO HACE EN UCRANIA | QU\u00c9 HACER EN UCRANIA | TURISMO EN UCRANIA | COMIDA EN UCRANIA | D\u00d3NDE EN UCRANIA","og_description":"Allgemeine Informationen Die Ukraine in Osteuropa ist mit einer Fl\u00e4che von etwa 603.500 Quadratkilometern das gr\u00f6\u00dfte Land, das vollst\u00e4ndig in Europa liegt. Sie grenzt im Osten und Nordosten an Russland, im Nordwesten an Wei\u00dfrussland, im Westen an Polen, die Slowakei und Ungarn, im S\u00fcdwesten an Rum\u00e4nien und Moldawien und im S\u00fcden an das Schwarze Meer [&hellip;]","og_url":"http:\/\/ieu.university\/de\/about-ukraine\/","og_site_name":"INTERNATIONAL EUROPEAN UNIVERSITY, UKRAINE | EUROPE | STUDY IN UKRAINE | STUDY IN EUROPE | MBBS | GENERAL MEDICINE | BUSINESS | ENGINEERING | IT | EUROPE","article_modified_time":"2025-01-07T14:09:55+00:00","og_image":[{"width":1272,"height":386,"url":"http:\/\/ieu.university\/wp-content\/uploads\/2024\/07\/About-Ukraine.png","type":"image\/png"}],"twitter_card":"summary_large_image","twitter_misc":{"Est. reading time":"6 minutes"},"schema":{"@context":"https:\/\/schema.org","@graph":[{"@type":"WebPage","@id":"http:\/\/ieu.university\/es\/about-ukraine\/","url":"http:\/\/ieu.university\/es\/about-ukraine\/","name":"ACERCA DE UCRANIA | ESTUDIAR EN UCRANIA | EDUCACI\u00d3N SUPERIOR EN UCRANIA | QU\u00c9 TIEMPO HACE EN UCRANIA | QU\u00c9 HACER EN UCRANIA | TURISMO EN UCRANIA | COMIDA EN UCRANIA | D\u00d3NDE EN UCRANIA","isPartOf":{"@id":"http:\/\/ieu.university\/ru\/#website"},"datePublished":"2022-09-29T14:53:30+00:00","dateModified":"2025-01-07T14:09:55+00:00","inLanguage":"en-US","potentialAction":[{"@type":"ReadAction","target":["http:\/\/ieu.university\/es\/about-ukraine\/"]}]},{"@type":"WebSite","@id":"http:\/\/ieu.university\/ru\/#website","url":"http:\/\/ieu.university\/ru\/","name":"INTERNATIONAL EUROPEAN UNIVERSITY, UKRAINE | EUROPE | STUDY IN UKRAINE | STUDY IN EUROPE | MBBS | GENERAL MEDICINE | BUSINESS | ENGINEERING | IT | EUROPE","description":"INTERNATIONAL EUROPEAN UNIVERSITY, UKRAINE | EUROPE | STUDY IN UKRAINE | STUDY IN EUROPE | MBBS | GENERAL MEDICINE | BUSINESS | ENGINEERING | IT | EUROPE","potentialAction":[{"@type":"SearchAction","target":{"@type":"EntryPoint","urlTemplate":"http:\/\/ieu.university\/ru\/?s={search_term_string}"},"query-input":"required name=search_term_string"}],"inLanguage":"en-US"}]}},"_links":{"self":[{"href":"http:\/\/ieu.university\/de\/wp-json\/wp\/v2\/pages\/807","targetHints":{"allow":["GET"]}}],"collection":[{"href":"http:\/\/ieu.university\/de\/wp-json\/wp\/v2\/pages"}],"about":[{"href":"http:\/\/ieu.university\/de\/wp-json\/wp\/v2\/types\/page"}],"author":[{"embeddable":true,"href":"http:\/\/ieu.university\/de\/wp-json\/wp\/v2\/users\/1"}],"replies":[{"embeddable":true,"href":"http:\/\/ieu.university\/de\/wp-json\/wp\/v2\/comments?post=807"}],"version-history":[{"count":27,"href":"http:\/\/ieu.university\/de\/wp-json\/wp\/v2\/pages\/807\/revisions"}],"predecessor-version":[{"id":4580,"href":"http:\/\/ieu.university\/de\/wp-json\/wp\/v2\/pages\/807\/revisions\/4580"}],"wp:featuredmedia":[{"embeddable":true,"href":"http:\/\/ieu.university\/de\/wp-json\/wp\/v2\/media\/3616"}],"wp:attachment":[{"href":"http:\/\/ieu.university\/de\/wp-json\/wp\/v2\/media?parent=807"}],"curies":[{"name":"wp","href":"https:\/\/api.w.org\/{rel}","templated":true}]}}