{"id":82,"date":"2022-09-22T13:54:15","date_gmt":"2022-09-22T10:54:15","guid":{"rendered":"http:\/\/ieu.university\/?page_id=82"},"modified":"2025-01-06T12:51:11","modified_gmt":"2025-01-06T09:51:11","slug":"online-classes","status":"publish","type":"page","link":"http:\/\/ieu.university\/de\/online-classes\/","title":{"rendered":"Online-Kurse"},"content":{"rendered":"<h2>Online-Kurse<\/h2>\n<p>Die International European University ist bestrebt, <strong>jedem Studierenden unabh\u00e4ngig von seinem Standort eine zug\u00e4ngliche Hochschulbildung in Europa <\/strong>zu erm\u00f6glichen. Die virtuelle Lernumgebung der Universit\u00e4t erm\u00f6glicht es Studierenden, von jedem Ort der Welt aus online Bachelor- und Masterabschl\u00fcsse zu erwerben. Die Online-Bildungsplattform wurde entwickelt, um Studierenden eine erstklassige Ausbildung in Englisch zu bieten. Mit erschwinglichen Studiengeb\u00fchren haben Tausend<strong>e internationaler Studierender die M\u00f6glichkeit, ihre akademischen Tr\u00e4ume ohne finanzielle Belastung<\/strong> zu verfolgen.<\/p>\n<p>Das Lehrpersonal der International European University ist begeistert davon, <strong>moderne Technologien, Online-Klassenzimmer, interaktive Webplattformen und digitale Ressourcen <\/strong>zu nutzen, um ein dynamisches und ansprechendes Lernerlebnis zu schaffen. Die innovativen Tools der Universit\u00e4t erm\u00f6glichen es Studierenden, problemlos mit Professoren zu kommunizieren, Aufgaben zu erledigen und Pr\u00fcfungen zu bestehen, ohne physisch im Klassenzimmer anwesend zu sein. Die International European University hat <strong>eine Online-Bildungsplattform f\u00fcr Studierende eingerichtet,<\/strong> die Online-Kurse in den Bereichen Wirtschaft, Medizin, IT, Recht, Architektur und Ingenieurwesen, Geisteswissenschaften oder Biowissenschaften beginnen. Die Universit\u00e4t hat einzigartige Fernstudienprogramme entwickelt, die von professionellen Dozenten, Wissenschaftlern und \u00c4rzten geleitet werden und auf die Zeitpl\u00e4ne unserer Offline-Programme abgestimmt sind.<\/p>\n<p>Nach der Registrierung auf der Bildungsplattform der International European University k\u00f6nnen internationale Studierende sofort mit ihren Kursen beginnen. Die Plattform erm\u00f6glicht es den Studierenden, <strong>ihre Stundenpl\u00e4ne zu planen, Lernziele zu \u00fcberpr\u00fcfen, auf Vorlesungsmaterialien zuzugreifen und an Diskussionsrunden mit Dozenten<\/strong> und Kommilitonen teilzunehmen, die in Europa einen Online-Abschluss anstreben. Die International European University bietet internationalen Studierenden die M\u00f6glichkeit, von \u00fcberall aus einen weltbekannten Online-Abschluss in Englisch zu erwerben. Die Online-Programme sind vom Bildungsministerium der Ukraine genehmigt. Abschl\u00fcsse in ausgew\u00e4hlten Bereichen werden von renommierten Organisationen wie der Weltgesundheitsorganisation (WHO), dem Medical Education Directory (IMED), der Education Commission for Foreign Medical Graduates (ECFMG) und dem Medical Council of Canada (MCC) anerkannt.<\/p>\n<h2>Wie funktioniert es?<\/h2>\n<p>Die International European University hat eine Online-Lernplattform entwickelt, die auf ihre internationale Studentenschaft zugeschnitten ist. Der benutzerfreundliche Hub dient als zentrale Ressource f\u00fcr Studenten, die an Online- und Fernstudieng\u00e4ngen teilnehmen. Die <strong>Plattform bietet eine F\u00fclle digitaler Ressourcen, <\/strong>darunter eine umfassende Bibliothek, Kursmaterialien und verschiedene Studentenbetreuungsdienste, die rund um die Uhr zug\u00e4nglich sind. Jeder Student erh\u00e4lt ein pers\u00f6nliches Konto, das ihm die Flexibilit\u00e4t bietet, in seinem eigenen Tempo und nach Belieben zu lernen und sowohl Nachteulen als auch Fr\u00fchaufstehern gerecht wird.<\/p>\n<p>Die International European University verfolgt einen ganzheitlichen <strong>Ansatz f\u00fcr die Online-Bildung und bietet eine vielf\u00e4ltige Palette an Ressourcen, um das Wissen und die F\u00e4higkeiten<\/strong> der Studenten in ihren jeweiligen Bereichen zu erweitern. Dazu geh\u00f6ren Videovorlesungen, PowerPoint-Pr\u00e4sentationen, empfohlene Lekt\u00fcre und kurze Bewertungen zur Beurteilung des Verst\u00e4ndnisses. Um ein tieferes Verst\u00e4ndnis zu f\u00f6rdern, vergibt die Universit\u00e4t anspruchsvolle Projekte und Aufgaben und f\u00f6rdert kritisches Denken und unabh\u00e4ngiges Lernen. Live-Online-Kurse sind ein wesentlicher Bestandteil des Online-Bildungsrahmens der Universit\u00e4t und erleichtern den weltweiten Austausch der Studenten mit angesehenen Dozenten durch Vorlesungen und Diskussionen in Echtzeit. Bei der Einschreibung erhalten Studierende<strong> Anmeldedaten f\u00fcr ihre pers\u00f6nlichen Konten, die ihnen Zugang<\/strong> zu geplanten Videokonferenzen, interaktiven Sitzungen, Aufgaben und Pr\u00fcfungen gew\u00e4hren.<\/p>\n<p>Die International European University Educational<strong> Platform erm\u00f6glicht es Studierenden, Kurse und Vorlesungen nach Belieben zu besuchen, und legt dabei Wert auf Flexibilit\u00e4t beim Lerne<\/strong>n. Die Universit\u00e4t legt Wert auf solide Studentenbetreuungsdienste und bietet direkte Kommunikationskan\u00e4le f\u00fcr Beratung und Unterst\u00fctzung in Echtzeit. Studierende erhalten bei der Einschreibung einzigartige Anmeldedaten, die ihnen Zugang zu ihren pers\u00f6nlichen Studentenkonten gew\u00e4hren, wo sie Stundenpl\u00e4ne, Aufgaben, Tests und andere relevante Materialien einsehen k\u00f6nnen. Live-Vorlesungen werden \u00fcber die Plattform oder externe Anwendungen wie Skype oder Zoom abgehalten, sodass sie von \u00fcberall aus zug\u00e4nglich sind. Unter Wahrung der Privatsph\u00e4re und Sicherheit der Studenteninformationen nutzt die Universit\u00e4t moderne Technologien und innovative Lehrmethoden, um ein umfassendes Online-Lernerlebnis zu bieten und die Studierenden auf eine erfolgreiche Karriere vorzubereiten.<\/p>\n<h2>Die Vorteile der Online-Bildung<\/h2>\n<p><strong>Flexibilit\u00e4t ist ein wesentlicher Aspekt der Online-Bildung<\/strong> an der International European University, die es den Studierenden erm\u00f6glicht, eine qualitativ hochwertige Ausbildung in Europa zu absolvieren und gleichzeitig ihre Zeitpl\u00e4ne effektiv zu verwalten. \u00dcber die rund um die Uhr zug\u00e4ngliche Online-Bildungsplattform der Universit\u00e4t k\u00f6nnen die Studierenden nach Belieben auf Kursmaterialien, Vorlesungen und Seminare zugreifen. Alle Ressourcen werden in pers\u00f6nlichen Konten gespeichert, sodass die Studierenden bei Bedarf darauf zugreifen und in ihrem eigenen Tempo lernen k\u00f6nnen.<\/p>\n<p><strong>Die Zug\u00e4nglichkeit von Online- und Fernstudieng\u00e4ngen<\/strong> an der International European University stellt sicher, dass Studierende weltweit auf <strong>qualitativ hochwertige Bildung zugreifen<\/strong> k\u00f6nnen. Die Online-Bildungsplattform ist von jedem Ger\u00e4t mit Internetverbindung aus leicht zug\u00e4nglich, und alle Sitzungen werden aufgezeichnet und zur \u00dcberpr\u00fcfung archiviert, was das Lernerlebnis verbessert. Online-Studieng\u00e4nge an der Universit\u00e4t bieten <strong>erschwingliche Bildungsoptionen<\/strong>, die den Bedarf an Ressourcen minimieren und die Kosten f\u00fcr Transport und Unterkunft senken. <strong>Die Verf\u00fcgbarkeit von Studienmaterialien<\/strong> rund um die Uhr und der Zugriff auf live aufgezeichnete Vorlesungen tragen zur Kosteneffizienz und Bequemlichkeit des Online-Lernens bei.<\/p>\n<p>Bei der Online-Bildung an der International European University wird <strong>die Personalisierung betont, wobei durch adaptive Lerntechnologien und individuelle Lernpfade<\/strong> auf individuelle Lernpr\u00e4ferenzen eingegangen wird. Es f\u00f6rdert aktive Teilnahme und Engagement und kommt Lernenden zugute, die mit traditionellen Lehrmethoden Schwierigkeiten haben k\u00f6nnten. Fachkundige Anleitung durch Fachleute aus verschiedenen Bereichen verbessert die Qualit\u00e4t der Online-Bildung.<strong> Professoren und Hilfspersonal<\/strong> bieten den Studierenden w\u00e4hrend ihrer gesamten akademischen Laufbahn pers\u00f6nliche Unterst\u00fctzung und Anleitung und sorgen so f\u00fcr ein qualitativ hochwertiges Lernerlebnis.<\/p>\n<p>Das Engagement der International European University <strong>f\u00fcr Inklusivit\u00e4t stellt sicher, dass die Online-Bildung Studierenden mit unterschiedlichen Lernbed\u00fcrfnissen<\/strong> gerecht wird. Es werden Anpassungen vorgenommen, um Studierende mit Behinderungen zu unterst\u00fctzen und allen einen gleichberechtigten Zugang zur Bildung zu gew\u00e4hrleisten. Online-Bildung stattet Studierende mit modernen technischen F\u00e4higkeiten aus, die auf dem Arbeitsmarkt hoch gesch\u00e4tzt werden und ihre Besch\u00e4ftigungsf\u00e4higkeit und Karriereaussichten verbessern. Durch verschiedene Online-Tools und -Plattformen entwickeln internationale Studierende F\u00e4higkeiten in den Bereichen Recherche, Textverarbeitung, Videokonferenzen und mehr und bereiten sie auf zuk\u00fcnftige berufliche Unternehmungen vor.<\/p>\n","protected":false},"excerpt":{"rendered":"<p>Online-Kurse Die International European University ist bestrebt, jedem Studierenden unabh\u00e4ngig von seinem Standort eine zug\u00e4ngliche Hochschulbildung in Europa zu erm\u00f6glichen. Die virtuelle Lernumgebung der Universit\u00e4t erm\u00f6glicht es Studierenden, von jedem Ort der Welt aus online Bachelor- und Masterabschl\u00fcsse zu erwerben. Die Online-Bildungsplattform wurde entwickelt, um Studierenden eine erstklassige Ausbildung in Englisch zu bieten. Mit erschwinglichen [&hellip;]<\/p>\n","protected":false},"author":1,"featured_media":3646,"parent":0,"menu_order":0,"comment_status":"closed","ping_status":"closed","template":"","meta":{"ngg_post_thumbnail":0,"footnotes":""},"class_list":["post-82","page","type-page","status-publish","has-post-thumbnail","hentry"],"acf":[],"yoast_head":"<!-- This site is optimized with the Yoast SEO plugin v20.8 - https:\/\/yoast.com\/wordpress\/plugins\/seo\/ -->\n<title>ONLINE CLASSES IN UKRAINE | ONLINE EDUCATION IN EUROPE | STUDY MEDICINE ONLINE IN EUROPE | AFFORDABLE ONLINE EDUCATION IN ENGLISH | DISTANCE MODE OF EDUCATION IN ENGLISH<\/title>\n<meta name=\"robots\" content=\"index, follow, max-snippet:-1, max-image-preview:large, max-video-preview:-1\" \/>\n<link rel=\"canonical\" href=\"https:\/\/ieu.university\/online-classes\/\" \/>\n<meta property=\"og:locale\" content=\"en_US\" \/>\n<meta property=\"og:type\" content=\"article\" \/>\n<meta property=\"og:title\" content=\"ONLINE CLASSES IN UKRAINE | ONLINE EDUCATION IN EUROPE | STUDY MEDICINE ONLINE IN EUROPE | AFFORDABLE ONLINE EDUCATION IN ENGLISH | DISTANCE MODE OF EDUCATION IN ENGLISH\" \/>\n<meta property=\"og:description\" content=\"Online-Kurse Die International European University ist bestrebt, jedem Studierenden unabh\u00e4ngig von seinem Standort eine zug\u00e4ngliche Hochschulbildung in Europa zu erm\u00f6glichen. Die virtuelle Lernumgebung der Universit\u00e4t erm\u00f6glicht es Studierenden, von jedem Ort der Welt aus online Bachelor- und Masterabschl\u00fcsse zu erwerben. Die Online-Bildungsplattform wurde entwickelt, um Studierenden eine erstklassige Ausbildung in Englisch zu bieten. Mit erschwinglichen [&hellip;]\" \/>\n<meta property=\"og:url\" content=\"http:\/\/ieu.university\/de\/online-classes\/\" \/>\n<meta property=\"og:site_name\" content=\"INTERNATIONAL EUROPEAN UNIVERSITY, UKRAINE | EUROPE | STUDY IN UKRAINE | STUDY IN EUROPE | MBBS | GENERAL MEDICINE | BUSINESS | ENGINEERING | IT | EUROPE\" \/>\n<meta property=\"article:modified_time\" content=\"2025-01-06T09:51:11+00:00\" \/>\n<meta property=\"og:image\" content=\"https:\/\/ieu.university\/wp-content\/uploads\/2024\/07\/Online-Classes.png\" \/>\n\t<meta property=\"og:image:width\" content=\"1272\" \/>\n\t<meta property=\"og:image:height\" content=\"386\" \/>\n\t<meta property=\"og:image:type\" content=\"image\/png\" \/>\n<meta name=\"twitter:card\" content=\"summary_large_image\" \/>\n<meta name=\"twitter:label1\" content=\"Est. reading time\" \/>\n\t<meta name=\"twitter:data1\" content=\"4 minutes\" \/>\n<script type=\"application\/ld+json\" class=\"yoast-schema-graph\">{\"@context\":\"https:\/\/schema.org\",\"@graph\":[{\"@type\":\"WebPage\",\"@id\":\"https:\/\/ieu.university\/online-classes\/\",\"url\":\"https:\/\/ieu.university\/online-classes\/\",\"name\":\"ONLINE CLASSES IN UKRAINE | ONLINE EDUCATION IN EUROPE | STUDY MEDICINE ONLINE IN EUROPE | AFFORDABLE ONLINE EDUCATION IN ENGLISH | DISTANCE MODE OF EDUCATION IN ENGLISH\",\"isPartOf\":{\"@id\":\"https:\/\/ieu.university\/#website\"},\"datePublished\":\"2022-09-22T10:54:15+00:00\",\"dateModified\":\"2025-01-06T09:51:11+00:00\",\"inLanguage\":\"en-US\",\"potentialAction\":[{\"@type\":\"ReadAction\",\"target\":[\"https:\/\/ieu.university\/online-classes\/\"]}]},{\"@type\":\"WebSite\",\"@id\":\"https:\/\/ieu.university\/#website\",\"url\":\"https:\/\/ieu.university\/\",\"name\":\"INTERNATIONAL EUROPEAN UNIVERSITY, UKRAINE | EUROPE | STUDY IN UKRAINE | STUDY IN EUROPE | MBBS | GENERAL MEDICINE | BUSINESS | ENGINEERING | IT | EUROPE\",\"description\":\"INTERNATIONAL EUROPEAN UNIVERSITY, UKRAINE | EUROPE | STUDY IN UKRAINE | STUDY IN EUROPE | MBBS | GENERAL MEDICINE | BUSINESS | ENGINEERING | IT | EUROPE\",\"potentialAction\":[{\"@type\":\"SearchAction\",\"target\":{\"@type\":\"EntryPoint\",\"urlTemplate\":\"https:\/\/ieu.university\/?s={search_term_string}\"},\"query-input\":\"required name=search_term_string\"}],\"inLanguage\":\"en-US\"}]}<\/script>\n<!-- \/ Yoast SEO plugin. -->","yoast_head_json":{"title":"ONLINE CLASSES IN UKRAINE | ONLINE EDUCATION IN EUROPE | STUDY MEDICINE ONLINE IN EUROPE | AFFORDABLE ONLINE EDUCATION IN ENGLISH | DISTANCE MODE OF EDUCATION IN ENGLISH","robots":{"index":"index","follow":"follow","max-snippet":"max-snippet:-1","max-image-preview":"max-image-preview:large","max-video-preview":"max-video-preview:-1"},"canonical":"https:\/\/ieu.university\/online-classes\/","og_locale":"en_US","og_type":"article","og_title":"ONLINE CLASSES IN UKRAINE | ONLINE EDUCATION IN EUROPE | STUDY MEDICINE ONLINE IN EUROPE | AFFORDABLE ONLINE EDUCATION IN ENGLISH | DISTANCE MODE OF EDUCATION IN ENGLISH","og_description":"Online-Kurse Die International European University ist bestrebt, jedem Studierenden unabh\u00e4ngig von seinem Standort eine zug\u00e4ngliche Hochschulbildung in Europa zu erm\u00f6glichen. Die virtuelle Lernumgebung der Universit\u00e4t erm\u00f6glicht es Studierenden, von jedem Ort der Welt aus online Bachelor- und Masterabschl\u00fcsse zu erwerben. Die Online-Bildungsplattform wurde entwickelt, um Studierenden eine erstklassige Ausbildung in Englisch zu bieten. Mit erschwinglichen [&hellip;]","og_url":"http:\/\/ieu.university\/de\/online-classes\/","og_site_name":"INTERNATIONAL EUROPEAN UNIVERSITY, UKRAINE | EUROPE | STUDY IN UKRAINE | STUDY IN EUROPE | MBBS | GENERAL MEDICINE | BUSINESS | ENGINEERING | IT | EUROPE","article_modified_time":"2025-01-06T09:51:11+00:00","og_image":[{"width":1272,"height":386,"url":"https:\/\/ieu.university\/wp-content\/uploads\/2024\/07\/Online-Classes.png","type":"image\/png"}],"twitter_card":"summary_large_image","twitter_misc":{"Est. reading time":"4 minutes"},"schema":{"@context":"https:\/\/schema.org","@graph":[{"@type":"WebPage","@id":"https:\/\/ieu.university\/online-classes\/","url":"https:\/\/ieu.university\/online-classes\/","name":"ONLINE CLASSES IN UKRAINE | ONLINE EDUCATION IN EUROPE | STUDY MEDICINE ONLINE IN EUROPE | AFFORDABLE ONLINE EDUCATION IN ENGLISH | DISTANCE MODE OF EDUCATION IN ENGLISH","isPartOf":{"@id":"https:\/\/ieu.university\/#website"},"datePublished":"2022-09-22T10:54:15+00:00","dateModified":"2025-01-06T09:51:11+00:00","inLanguage":"en-US","potentialAction":[{"@type":"ReadAction","target":["https:\/\/ieu.university\/online-classes\/"]}]},{"@type":"WebSite","@id":"https:\/\/ieu.university\/#website","url":"https:\/\/ieu.university\/","name":"INTERNATIONAL EUROPEAN UNIVERSITY, UKRAINE | EUROPE | STUDY IN UKRAINE | STUDY IN EUROPE | MBBS | GENERAL MEDICINE | BUSINESS | ENGINEERING | IT | EUROPE","description":"INTERNATIONAL EUROPEAN UNIVERSITY, UKRAINE | EUROPE | STUDY IN UKRAINE | STUDY IN EUROPE | MBBS | GENERAL MEDICINE | BUSINESS | ENGINEERING | IT | EUROPE","potentialAction":[{"@type":"SearchAction","target":{"@type":"EntryPoint","urlTemplate":"https:\/\/ieu.university\/?s={search_term_string}"},"query-input":"required name=search_term_string"}],"inLanguage":"en-US"}]}},"_links":{"self":[{"href":"http:\/\/ieu.university\/de\/wp-json\/wp\/v2\/pages\/82","targetHints":{"allow":["GET"]}}],"collection":[{"href":"http:\/\/ieu.university\/de\/wp-json\/wp\/v2\/pages"}],"about":[{"href":"http:\/\/ieu.university\/de\/wp-json\/wp\/v2\/types\/page"}],"author":[{"embeddable":true,"href":"http:\/\/ieu.university\/de\/wp-json\/wp\/v2\/users\/1"}],"replies":[{"embeddable":true,"href":"http:\/\/ieu.university\/de\/wp-json\/wp\/v2\/comments?post=82"}],"version-history":[{"count":24,"href":"http:\/\/ieu.university\/de\/wp-json\/wp\/v2\/pages\/82\/revisions"}],"predecessor-version":[{"id":4506,"href":"http:\/\/ieu.university\/de\/wp-json\/wp\/v2\/pages\/82\/revisions\/4506"}],"wp:featuredmedia":[{"embeddable":true,"href":"http:\/\/ieu.university\/de\/wp-json\/wp\/v2\/media\/3646"}],"wp:attachment":[{"href":"http:\/\/ieu.university\/de\/wp-json\/wp\/v2\/media?parent=82"}],"curies":[{"name":"wp","href":"https:\/\/api.w.org\/{rel}","templated":true}]}}