{"id":897,"date":"2022-10-03T10:54:22","date_gmt":"2022-10-03T07:54:22","guid":{"rendered":"http:\/\/ieu.university\/?page_id=897"},"modified":"2025-01-06T12:43:35","modified_gmt":"2025-01-06T09:43:35","slug":"european-school-of-it-home","status":"publish","type":"page","link":"http:\/\/ieu.university\/de\/european-school-of-it-home\/","title":{"rendered":"Europ\u00e4ische Schule f\u00fcr IT"},"content":{"rendered":"<h2>\u00dcber die European School of IT<\/h2>\n<p><strong>Die European School of IT an der International European University<\/strong> ist bekannt f\u00fcr ihren starken Schwerpunkt auf<strong> MINT-F\u00e4chern <\/strong>(Mathematik, Informatik, Naturwissenschaft und Technik), einschlie\u00dflich IT. Die Universit\u00e4t bietet Computertechnologien, Ressourcen, modernste Informationstechnologien und Infrastruktur, die Lehren und Lernen erm\u00f6glichen. Die IT-Studieng\u00e4nge an der International European University zielen darauf ab, eine Kultur innovativer Technologien, kritischen Denkens, technischer Expertise und die Entwicklung einer multikulturellen Lernumgebung zu f\u00f6rdern.<\/p>\n<p>Durch da<strong>s Angebot einer vielf\u00e4ltigen Palette an IT-Kursen und Studieng\u00e4ngen ist die European IT <\/strong>School bestrebt, die Bed\u00fcrfnisse sowohl aufstrebender Fachkr\u00e4fte zu erf\u00fcllen, die in die IT-Branche einsteigen m\u00f6chten, als auch bestehender Fachkr\u00e4fte, die ihre F\u00e4higkeiten und Kenntnisse verbessern m\u00f6chten. Die International European University ist bestrebt, den Studierenden die<strong> praktischen F\u00e4higkeiten, theoretischen Grundlagen und branchenrelevanten Kompetenzen zu vermitteln<\/strong>, die f\u00fcr den Erfolg in ihrer gew\u00e4hlten IT-Karriere erforderlich sind. Der Bildungsprozess an der European School of IT wird auf Englisch durchgef\u00fchrt, was f\u00fcr internationale Studierende von Vorteil ist, die eine Ausbildung in einer in der globalen Technologiebranche weit verbreiteten Sprache anstreben.<\/p>\n<p><strong>Die European School of IT<\/strong> erfreut sich bei internationalen Studierenden, die eine erschwingliche und<strong> qualitativ hochwertige IT-Ausbildung in Europa <\/strong>suchen, eine deutliche Zunahme ihrer Beliebtheit. Die International European University ist f\u00fcr ihre hervorragenden akademischen Programme und modernen Einrichtungen bekannt und hat einen hervorragenden Ruf f\u00fcr die Bereitstellung umfassender Ausbildung in Informationstechnologie. Einer der wesentlichen Vorteile der International European University sind die erschwinglichen Studiengeb\u00fchren und Lebenshaltungskosten. Mit einer breiten Palette an <strong>IT-Programmen in englischer Sprache und verschiedenen Studienformen<\/strong> k\u00f6nnen internationale Studierende ihre akademischen Ziele bequem an der <strong>European School of IT<\/strong> verfolgen.<\/p>\n<h2>\u00dcber Kurse<\/h2>\n<p><strong>Die European School of IT <\/strong>an der International European University bietet viele IT-Kurse und Studieng\u00e4nge an. Der Lehrplan umfasst Themen aus den Bereichen Software Engineering, Cybersicherheit, Datenwissenschaft, k\u00fcnstliche Intelligenz, Computernetzwerke und -kommunikation, Webentwicklung, mobile Entwicklung, Datenbankverwaltung, Cloud Computing, Mensch-Computer-Interaktion, Informationssystemsicherheit, Computer Vision, Verarbeitung nat\u00fcrlicher Sprache, Spieleentwicklung und Computergrafik. Durch die Wahl der European School of IT profitieren internationale Studierende von einer umfassenden Ausbildung, die sicherstellt, dass sie f\u00fcr die Anforderungen der modernen IT-Branche gut ger\u00fcstet sind.<\/p>\n<p>Der Lehrplan der IT-Studieng\u00e4nge an der European School of IT vermittelt den Studierenden ein Verst\u00e4ndnis der grundlegenden Prinzipien der IT, fortgeschrittene Programmierkenntnisse und Fachwissen in verschiedenen IT-Bereichen. Er gleicht theoretisches Wissen mit praktischer Erfahrung aus und bereitet Absolventen der IEU darauf vor, komplexe Aufgaben zu bew\u00e4ltigen und Karrieren in verschiedenen Branchen zu verfolgen, in denen IT-Expertise von entscheidender Bedeutung ist. Die International European University verfolgt einen umfassenden IT-Ausbildungsansatz, der theoretisches Lernen mit praktischer Ausbildung kombiniert. Moderne Computerlabore und Simulationszentren stehen den Studierenden und akademischen Mitarbeitern der IEU jederzeit zur Verf\u00fcgung und bieten ihnen wertvolle praktische Erfahrung in ihrem gew\u00e4hlten IT-Bereich.<\/p>\n<p><strong>Hochschulniveau<\/strong> \u2013 Erster (Bachelor) und Zweiter (Master).<\/p>\n<p><strong>Studiendauer<\/strong> \u2013 4 Jahre Vollzeitstudium (Bachelor), 2 Jahre Vollzeitstudium (Master).<\/p>\n<p><strong>Unterrichtssprache<\/strong> \u2013 Englisch.<\/p>\n<h2>Verf\u00fcgbare Studieng\u00e4nge<\/h2>\n<ul>\n<li><strong>Software Engineering. <\/strong>Der Kurs konzentriert sich auf die Prinzipien, Methoden und Werkzeuge, die bei der Entwicklung hochwertiger Software verwendet werden. Themen sind Softwaredesign, Codierung, Tests, Projektmanagement und Softwarewartung.<\/li>\n<li><strong>Cybersicherheit.<\/strong> Der Kurs befasst sich mit den Techniken und Strategien zum Schutz von Computersystemen, Netzwerken und Daten vor unbefugtem Zugriff oder b\u00f6swilligen Angriffen. Die Studierenden lernen etwas \u00fcber Verschl\u00fcsselung, Netzwerksicherheit, Schwachstellenbewertung, Reaktion auf Vorf\u00e4lle und ethisches Hacken.<\/li>\n<li><strong>Datenwissenschaft.<\/strong> Der Kurs untersucht den Prozess der Gewinnung aussagekr\u00e4ftiger Erkenntnisse und Kenntnisse aus gro\u00dfen und komplexen Datens\u00e4tzen. Die Studierenden lernen Techniken der statistischen Analyse, des maschinellen Lernens, der Datenvisualisierung und des Data-Mining, um Muster aufzudecken, Vorhersagen zu treffen und fundierte Entscheidungen zu treffen.<\/li>\n<li><strong>K\u00fcnstliche Intelligenz.<\/strong> Der Kurs untersucht den Prozess der Gewinnung aussagekr\u00e4ftiger Erkenntnisse und Kenntnisse aus gro\u00dfen und komplexen Datens\u00e4tzen. Die Studierenden lernen Techniken der statistischen Analyse, des maschinellen Lernens, der Datenvisualisierung und des Data-Mining, um Muster aufzudecken, Vorhersagen zu treffen und fundierte Entscheidungen zu treffen.<\/li>\n<li><strong>Computernetzwerk und -kommunikation.<\/strong> Der Kurs behandelt die Grundlagen von Computernetzwerken, Netzwerkprotokollen, Routing, Switching und Netzwerksicherheit. Die Studierenden lernen, Computernetzwerke zu entwerfen, zu implementieren und zu verwalten und so eine effiziente und sichere Kommunikation zwischen Ger\u00e4ten sicherzustellen.<\/li>\n<li><strong>Webentwicklung. <\/strong>Der Kurs konzentriert sich auf die Entwicklung von Websites und Webanwendungen. Die Studierenden lernen Programmiersprachen (HTML, CSS und JavaScript) sowie Frameworks und Tools f\u00fcr Frontend- und Backend-Entwicklung, Datenbankintegration und Websicherheit.<\/li>\n<li><strong>Mobile Entwicklung.<\/strong> Der Kurs konzentriert sich auf die Erstellung mobiler Anwendungen f\u00fcr Smartphones und Tablets. Die Studierenden lernen mobile Programmiersprachen (Java oder Swift) und erkunden die Entwicklung benutzerfreundlicher und reaktionsschneller mobiler Schnittstellen, die Integration mit Backend-Diensten und die Bereitstellung in App Stores.<\/li>\n<li><strong>Datenbankverwaltung. <\/strong>Der Kurs behandelt die Prinzipien und Praktiken des Entwerfens, Implementierens und Verwaltens von Datenbanken. Die Studierenden lernen Datenmodellierung, Datenbankabfragen mit SQL, Normalisierung, Indizierung und Datenbankverwaltung kennen und gew\u00e4hrleisten eine effiziente und sichere Speicherung und Abfrage von Daten.<\/li>\n<li><strong>Cloud Computing.<\/strong> Der Kurs untersucht die Konzepte und Technologien im Zusammenhang mit Cloud Computing, einschlie\u00dflich Virtualisierung, Infrastruktur als Service (IaaS), Plattform als Service (PaaS) und Software als Service (SaaS). Die Studierenden lernen, Anwendungen auf Cloud-Plattformen bereitzustellen und zu verwalten und dabei Skalierbarkeit, Zuverl\u00e4ssigkeit und Sicherheit sicherzustellen.<\/li>\n<li>Mensch-Computer-Interaktion. Der Kurs konzentriert sich auf das Design und die Bewertung von Benutzeroberfl\u00e4chen, um intuitive und benutzerfreundliche Interaktionen zwischen Menschen und Computersystemen zu schaffen. Die Studierenden lernen benutzerzentriertes Design, Usability-Tests, Prinzipien des Interaktionsdesigns und Forschungsmethoden zur Benutzererfahrung (UX).<\/li>\n<li><strong>Sicherheit von Informationssystemen.<\/strong> Der Kurs behandelt fortgeschrittene Themen der Informationssicherheit, darunter sicheres Systemdesign, Zugriffskontrolle, Kryptographie, Netzwerksicherheit und Reaktion auf Vorf\u00e4lle. Die Studierenden erwerben das Wissen und die F\u00e4higkeiten, um Informationssysteme vor Bedrohungen und Schwachstellen zu sch\u00fctzen.<\/li>\n<li><strong>Computer Vision<\/strong>. Der Kurs untersucht die Theorie und Techniken, mit denen Computer ein umfassendes Verst\u00e4ndnis visueller Daten erlangen k\u00f6nnen. Die Studierenden lernen Bildverarbeitung, Mustererkennung, Objekterkennung und -verfolgung sowie Anwendungen von Computer Vision in Bereichen wie Robotik, \u00dcberwachung und Bildanalyse kennen.<\/li>\n<li><strong>Verarbeitung nat\u00fcrlicher Sprache<\/strong>. Der Kurs konzentriert sich auf die Verarbeitung und Analyse der menschlichen Sprache durch Computer. Die Studierenden lernen Techniken zum Sprachverst\u00e4ndnis, zur Stimmungsanalyse, zur maschinellen \u00dcbersetzung und zur Chatbot-Entwicklung kennen, mit denen Maschinen die nat\u00fcrliche Sprache interpretieren und generieren k\u00f6nnen.<\/li>\n<li><strong>Spieleentwicklung.<\/strong> Der Kurs behandelt den Prozess des Entwerfens, Entwickelns und Programmierens interaktiver Spiele. Die Studierenden lernen Spieldesignprinzipien, Programmiersprachen wie C++ oder Unity, Spielphysik, Grafik, k\u00fcnstliche Intelligenz f\u00fcr Spielfiguren und Multiplayer-Netzwerke.<\/li>\n<li><strong>Computergrafik<\/strong>. Der Kurs untersucht die Erstellung und Bearbeitung visueller Inhalte mit hilfe von Computeralgorithmen. Die Studierenden lernen 2D- und 3D-Grafik-Rendering, Modellierung, Animation und visuelle Effekte kennen. Der Kurs behandelt Themen wie virtuelle Realit\u00e4t, erweiterte Realit\u00e4t und computergest\u00fctztes Design.<\/li>\n<\/ul>\n<h2><strong>Praktische Ausbildung<\/strong><\/h2>\n<p><strong>Praktische Ausbildung <\/strong>ist ein grundlegender Aspekt der Bildungs- und Forschungst\u00e4tigkeit der Studierenden an der International European University. Die European School of IT betont die Bedeutung der Anwendung <strong>theoretischen Wissens in realen Umgebungen<\/strong>. Studierende haben die M\u00f6glichkeit, an branchenrelevanten Projekten teilzunehmen, praktische Szenarien zu simulieren, theoretische Konzepte anzuwenden und praktische Erfahrung bei der Bew\u00e4ltigung von Herausforderungen im modernen Sektor zu sammeln.<\/p>\n<p><strong>Praktika und Arbeitspraktika <\/strong>sind integrale Bestandteile des Lehrplans der European School of IT und sollen die L\u00fccke zwischen Theorie und Praxis schlie\u00dfen und die Besch\u00e4ftigungsf\u00e4higkeit der Studierenden erh\u00f6hen. Solche M\u00f6glichkeiten erm\u00f6glichen es internationalen Studierenden, professionelle Umgebungen innerhalb der IT-Branche kennenzulernen und aus erster Hand Einblick in den t\u00e4glichen Betrieb, die Herausforderungen und Chancen der Branche zu erhalten. Die International European University <strong>arbeitet eng mit f\u00fchrenden IT-Unternehmen<\/strong>, internationalen Konzernen und Regierungsbeh\u00f6rden zusammen, um Studierenden wertvolle Praktikumspl\u00e4tze und Networking-M\u00f6glichkeiten in der Ukraine und im Ausland zu bieten.<\/p>\n<p>Die International European University veranstaltet <strong>Laborsitzungen und Workshops, um IT-Studierenden praktische Erfahrung im Umgang<\/strong> mit fortschrittlichen Technologien, Softwaretools und Hardwareausr\u00fcstung zu vermitteln. Praktische Sitzungen sind so konzipiert, dass die Studierenden experimentieren, Fehler beheben und sich mit branchen\u00fcblichen Praktiken und Tools vertraut machen k\u00f6nnen. W\u00e4hrend der Laborsitzungen werden die Studierenden der European School of IT von erfahrenen Dozenten angeleitet, um das Lernen durch praktische Demonstrationen und \u00dcbungen zu erleichtern. Internationale Studierende haben die M\u00f6glichkeit, ein tiefes Verst\u00e4ndnis f\u00fcr die Werkzeuge und Technologien zu entwickeln, mit denen sie in ihrer beruflichen Laufbahn in Ber\u00fchrung kommen.<\/p>\n","protected":false},"excerpt":{"rendered":"<p>\u00dcber die European School of IT Die European School of IT an der International European University ist bekannt f\u00fcr ihren starken Schwerpunkt auf MINT-F\u00e4chern (Mathematik, Informatik, Naturwissenschaft und Technik), einschlie\u00dflich IT. Die Universit\u00e4t bietet Computertechnologien, Ressourcen, modernste Informationstechnologien und Infrastruktur, die Lehren und Lernen erm\u00f6glichen. Die IT-Studieng\u00e4nge an der International European University zielen darauf ab, [&hellip;]<\/p>\n","protected":false},"author":1,"featured_media":4062,"parent":0,"menu_order":0,"comment_status":"closed","ping_status":"closed","template":"","meta":{"ngg_post_thumbnail":0,"footnotes":""},"class_list":["post-897","page","type-page","status-publish","has-post-thumbnail","hentry"],"acf":[],"yoast_head":"<!-- This site is optimized with the Yoast SEO plugin v20.8 - https:\/\/yoast.com\/wordpress\/plugins\/seo\/ -->\n<title>EUROPEAN SCHOOL OF IT | STUDY IT IN ENGLISH IN EUROPE | AFFORDABLE IT PROGRAM IN ENGLISH | INTERNATIONAL EUROPEAN UNIVERSITY UKRAINE | INTERNATIONALLY RECOGNIZED IT DEGREE IN EUROPE<\/title>\n<meta name=\"robots\" content=\"index, follow, max-snippet:-1, max-image-preview:large, max-video-preview:-1\" \/>\n<link rel=\"canonical\" href=\"http:\/\/ieu.university\/es\/european-school-of-it-home\/\" \/>\n<meta property=\"og:locale\" content=\"en_US\" \/>\n<meta property=\"og:type\" content=\"article\" \/>\n<meta property=\"og:title\" content=\"EUROPEAN SCHOOL OF IT | STUDY IT IN ENGLISH IN EUROPE | AFFORDABLE IT PROGRAM IN ENGLISH | INTERNATIONAL EUROPEAN UNIVERSITY UKRAINE | INTERNATIONALLY RECOGNIZED IT DEGREE IN EUROPE\" \/>\n<meta property=\"og:description\" content=\"\u00dcber die European School of IT Die European School of IT an der International European University ist bekannt f\u00fcr ihren starken Schwerpunkt auf MINT-F\u00e4chern (Mathematik, Informatik, Naturwissenschaft und Technik), einschlie\u00dflich IT. Die Universit\u00e4t bietet Computertechnologien, Ressourcen, modernste Informationstechnologien und Infrastruktur, die Lehren und Lernen erm\u00f6glichen. Die IT-Studieng\u00e4nge an der International European University zielen darauf ab, [&hellip;]\" \/>\n<meta property=\"og:url\" content=\"http:\/\/ieu.university\/de\/european-school-of-it-home\/\" \/>\n<meta property=\"og:site_name\" content=\"INTERNATIONAL EUROPEAN UNIVERSITY, UKRAINE | EUROPE | STUDY IN UKRAINE | STUDY IN EUROPE | MBBS | GENERAL MEDICINE | BUSINESS | ENGINEERING | IT | EUROPE\" \/>\n<meta property=\"article:modified_time\" content=\"2025-01-06T09:43:35+00:00\" \/>\n<meta property=\"og:image\" content=\"http:\/\/ieu.university\/wp-content\/uploads\/2024\/07\/European-School-of-IT.png\" \/>\n\t<meta property=\"og:image:width\" content=\"1272\" \/>\n\t<meta property=\"og:image:height\" content=\"386\" \/>\n\t<meta property=\"og:image:type\" content=\"image\/png\" \/>\n<meta name=\"twitter:card\" content=\"summary_large_image\" \/>\n<meta name=\"twitter:label1\" content=\"Est. reading time\" \/>\n\t<meta name=\"twitter:data1\" content=\"6 minutes\" \/>\n<script type=\"application\/ld+json\" class=\"yoast-schema-graph\">{\"@context\":\"https:\/\/schema.org\",\"@graph\":[{\"@type\":\"WebPage\",\"@id\":\"http:\/\/ieu.university\/es\/european-school-of-it-home\/\",\"url\":\"http:\/\/ieu.university\/es\/european-school-of-it-home\/\",\"name\":\"EUROPEAN SCHOOL OF IT | STUDY IT IN ENGLISH IN EUROPE | AFFORDABLE IT PROGRAM IN ENGLISH | INTERNATIONAL EUROPEAN UNIVERSITY UKRAINE | INTERNATIONALLY RECOGNIZED IT DEGREE IN EUROPE\",\"isPartOf\":{\"@id\":\"https:\/\/ieu.university\/#website\"},\"datePublished\":\"2022-10-03T07:54:22+00:00\",\"dateModified\":\"2025-01-06T09:43:35+00:00\",\"inLanguage\":\"en-US\",\"potentialAction\":[{\"@type\":\"ReadAction\",\"target\":[\"http:\/\/ieu.university\/es\/european-school-of-it-home\/\"]}]},{\"@type\":\"WebSite\",\"@id\":\"https:\/\/ieu.university\/#website\",\"url\":\"https:\/\/ieu.university\/\",\"name\":\"INTERNATIONAL EUROPEAN UNIVERSITY, UKRAINE | EUROPE | STUDY IN UKRAINE | STUDY IN EUROPE | MBBS | GENERAL MEDICINE | BUSINESS | ENGINEERING | IT | EUROPE\",\"description\":\"INTERNATIONAL EUROPEAN UNIVERSITY, UKRAINE | EUROPE | STUDY IN UKRAINE | STUDY IN EUROPE | MBBS | GENERAL MEDICINE | BUSINESS | ENGINEERING | IT | EUROPE\",\"potentialAction\":[{\"@type\":\"SearchAction\",\"target\":{\"@type\":\"EntryPoint\",\"urlTemplate\":\"https:\/\/ieu.university\/?s={search_term_string}\"},\"query-input\":\"required name=search_term_string\"}],\"inLanguage\":\"en-US\"}]}<\/script>\n<!-- \/ Yoast SEO plugin. -->","yoast_head_json":{"title":"EUROPEAN SCHOOL OF IT | STUDY IT IN ENGLISH IN EUROPE | AFFORDABLE IT PROGRAM IN ENGLISH | INTERNATIONAL EUROPEAN UNIVERSITY UKRAINE | INTERNATIONALLY RECOGNIZED IT DEGREE IN EUROPE","robots":{"index":"index","follow":"follow","max-snippet":"max-snippet:-1","max-image-preview":"max-image-preview:large","max-video-preview":"max-video-preview:-1"},"canonical":"http:\/\/ieu.university\/es\/european-school-of-it-home\/","og_locale":"en_US","og_type":"article","og_title":"EUROPEAN SCHOOL OF IT | STUDY IT IN ENGLISH IN EUROPE | AFFORDABLE IT PROGRAM IN ENGLISH | INTERNATIONAL EUROPEAN UNIVERSITY UKRAINE | INTERNATIONALLY RECOGNIZED IT DEGREE IN EUROPE","og_description":"\u00dcber die European School of IT Die European School of IT an der International European University ist bekannt f\u00fcr ihren starken Schwerpunkt auf MINT-F\u00e4chern (Mathematik, Informatik, Naturwissenschaft und Technik), einschlie\u00dflich IT. Die Universit\u00e4t bietet Computertechnologien, Ressourcen, modernste Informationstechnologien und Infrastruktur, die Lehren und Lernen erm\u00f6glichen. Die IT-Studieng\u00e4nge an der International European University zielen darauf ab, [&hellip;]","og_url":"http:\/\/ieu.university\/de\/european-school-of-it-home\/","og_site_name":"INTERNATIONAL EUROPEAN UNIVERSITY, UKRAINE | EUROPE | STUDY IN UKRAINE | STUDY IN EUROPE | MBBS | GENERAL MEDICINE | BUSINESS | ENGINEERING | IT | EUROPE","article_modified_time":"2025-01-06T09:43:35+00:00","og_image":[{"width":1272,"height":386,"url":"http:\/\/ieu.university\/wp-content\/uploads\/2024\/07\/European-School-of-IT.png","type":"image\/png"}],"twitter_card":"summary_large_image","twitter_misc":{"Est. reading time":"6 minutes"},"schema":{"@context":"https:\/\/schema.org","@graph":[{"@type":"WebPage","@id":"http:\/\/ieu.university\/es\/european-school-of-it-home\/","url":"http:\/\/ieu.university\/es\/european-school-of-it-home\/","name":"EUROPEAN SCHOOL OF IT | STUDY IT IN ENGLISH IN EUROPE | AFFORDABLE IT PROGRAM IN ENGLISH | INTERNATIONAL EUROPEAN UNIVERSITY UKRAINE | INTERNATIONALLY RECOGNIZED IT DEGREE IN EUROPE","isPartOf":{"@id":"https:\/\/ieu.university\/#website"},"datePublished":"2022-10-03T07:54:22+00:00","dateModified":"2025-01-06T09:43:35+00:00","inLanguage":"en-US","potentialAction":[{"@type":"ReadAction","target":["http:\/\/ieu.university\/es\/european-school-of-it-home\/"]}]},{"@type":"WebSite","@id":"https:\/\/ieu.university\/#website","url":"https:\/\/ieu.university\/","name":"INTERNATIONAL EUROPEAN UNIVERSITY, UKRAINE | EUROPE | STUDY IN UKRAINE | STUDY IN EUROPE | MBBS | GENERAL MEDICINE | BUSINESS | ENGINEERING | IT | EUROPE","description":"INTERNATIONAL EUROPEAN UNIVERSITY, UKRAINE | EUROPE | STUDY IN UKRAINE | STUDY IN EUROPE | MBBS | GENERAL MEDICINE | BUSINESS | ENGINEERING | IT | EUROPE","potentialAction":[{"@type":"SearchAction","target":{"@type":"EntryPoint","urlTemplate":"https:\/\/ieu.university\/?s={search_term_string}"},"query-input":"required name=search_term_string"}],"inLanguage":"en-US"}]}},"_links":{"self":[{"href":"http:\/\/ieu.university\/de\/wp-json\/wp\/v2\/pages\/897","targetHints":{"allow":["GET"]}}],"collection":[{"href":"http:\/\/ieu.university\/de\/wp-json\/wp\/v2\/pages"}],"about":[{"href":"http:\/\/ieu.university\/de\/wp-json\/wp\/v2\/types\/page"}],"author":[{"embeddable":true,"href":"http:\/\/ieu.university\/de\/wp-json\/wp\/v2\/users\/1"}],"replies":[{"embeddable":true,"href":"http:\/\/ieu.university\/de\/wp-json\/wp\/v2\/comments?post=897"}],"version-history":[{"count":39,"href":"http:\/\/ieu.university\/de\/wp-json\/wp\/v2\/pages\/897\/revisions"}],"predecessor-version":[{"id":4471,"href":"http:\/\/ieu.university\/de\/wp-json\/wp\/v2\/pages\/897\/revisions\/4471"}],"wp:featuredmedia":[{"embeddable":true,"href":"http:\/\/ieu.university\/de\/wp-json\/wp\/v2\/media\/4062"}],"wp:attachment":[{"href":"http:\/\/ieu.university\/de\/wp-json\/wp\/v2\/media?parent=897"}],"curies":[{"name":"wp","href":"https:\/\/api.w.org\/{rel}","templated":true}]}}