{"id":91,"date":"2022-09-22T14:51:47","date_gmt":"2022-09-22T11:51:47","guid":{"rendered":"http:\/\/ieu.university\/?page_id=91"},"modified":"2025-10-24T16:51:15","modified_gmt":"2025-10-24T13:51:15","slug":"accreditation-and-license","status":"publish","type":"page","link":"http:\/\/ieu.university\/de\/accreditation-and-license\/","title":{"rendered":"Lizenzierung und Akkreditierung"},"content":{"rendered":"<h2>Lizenzierung und Akkreditierung<\/h2>\n<p>Die Lizenzierung ist ein Verfahren zur Anerkennung der F\u00e4higkeit einer Hochschule eines bestimmten Typs, Hochschul- und qualifikationsbezogene Bildungsaktivit\u00e4ten gem\u00e4\u00df den Anforderungen der Hochschulstandards sowie den staatlichen Anforderungen an personelle, wissenschaftliche, methodische und logistische Unterst\u00fctzung aufzunehmen. Die International European University ist vom Ministerium f\u00fcr Bildung und Wissenschaft der Ukraine und dem Gesundheitsministerium der Ukraine anerkannt, und alle Bildungsprogramme der Universit\u00e4t werden von ihnen geregelt und genehmigt. Die Abschl\u00fcsse der International European University sind vom Gesundheitsministerium der Ukraine und dem Au\u00dfenministerium der Ukraine legalisiert; die Abschl\u00fcsse werden auch weltweit anerkannt.<\/p>\n<p>Die Studenten der International European University kommen zum Studium aus D\u00e4nemark, Schweden, Malaysia, Mauritius, Indien, Pakistan, den Malediven, Kenia, Angola, Nigeria, Kamerun, Kanada, \u00c4gypten, den USA, Saudi-Arabien, Australien, Gro\u00dfbritannien, Singapur, S\u00fcdafrika, dem Libanon, Neuseeland, dem Iran, dem Irak, Sri Lanka, Ghana, den Malediven, Nepal, Pal\u00e4stina, Tunesien, Uganda, Venezuela, Peru, Jemen, Tansania, dem Libanon, Marokko, Lesotho, den Vereinigten Arabischen Emiraten, Bangladesch, S\u00fcdafrika, Bulgarien, Israel, China, Norwegen, Kuwait, Simbabwe, Jordanien, Vietnam, Sierra Leone usw.<\/p>\n<p><a href=\"https:\/\/iaar.agency\/registry\/program\/4187\/en\">Die International European University ist in der IAAR (Independent Agency for Accreditation and Rating) gelistet.<\/a><\/p>\n<p>Die International European University unterh\u00e4lt gemeinsame Forschungs- und Partnerschaftsbeziehungen mit vielen wissenschaftlichen Institutionen der ehemaligen UdSSR und der ganzen Welt, wie der Polnischen Medizinischen Akademie, der Universit\u00e4t Cambridge, der Universit\u00e4t Virden und Kliniken f\u00fcr Notfallmedizin in Deutschland, Belgien, \u00d6sterreich und Israel. Medical Center of Cardiff (England), Medical Center in Sent-Etien (Frankreich), New York Medical Center und Ukrainian Medical Society in Kanada und \u00d6sterreich. In den letzten Jahren hatten unsere Mitarbeiter die M\u00f6glichkeit, im Ausland als Spezialisten und Lehrer an Universit\u00e4ten in den USA, im Jemen, in Deutschland, Gro\u00dfbritannien usw. zu arbeiten. Die International European University ist stolz darauf, dass ihre Mitarbeiter Wissenschaftler waren, deren Beitrag zur Welt der Medizinwissenschaften allgemein anerkannt wurde.<\/p>\n<p><a href=\"http:\/\/ieu.university\/wp-content\/uploads\/2024\/08\/Extract-from-the-license-ZVO_29.11.2023_1_ENG.pdf\" rel=\"noopener\" target=\"_blank\">License for the right to conduct educational activities in the field of higher education.<\/a><\/p>\n<p><a href=\"http:\/\/ieu.university\/wp-content\/uploads\/2024\/08\/Extract-from-the-license-ZVO_29.11.2023_ENG.pdf\" rel=\"noopener\" target=\"_blank\">License for the right to conduct educational activities in the field of postgraduate education.<\/a><\/p>\n<div class=\"default-images-container\">\n<img decoding=\"async\" src=\"http:\/\/ieu.university\/wp-content\/uploads\/2025\/10\/14719.jpg\" \/><br \/>\n<img decoding=\"async\" src=\"http:\/\/ieu.university\/wp-content\/uploads\/2025\/10\/14718.jpg\" \/><br \/>\n<img decoding=\"async\" src=\"http:\/\/ieu.university\/wp-content\/uploads\/2025\/10\/11069.jpg\" \/><br \/>\n<img decoding=\"async\" src=\"http:\/\/ieu.university\/wp-content\/uploads\/2025\/10\/17714_page-0001.jpg\" \/><br \/>\n<img decoding=\"async\" src=\"http:\/\/ieu.university\/wp-content\/uploads\/2025\/10\/17715_page-0001.jpg\" \/><br \/>\n<img decoding=\"async\" src=\"http:\/\/ieu.university\/wp-content\/uploads\/2025\/10\/5990.jpg\"\/><br \/>\n<img decoding=\"async\" src=\"http:\/\/ieu.university\/wp-content\/uploads\/2025\/10\/cert-073-bachelor.jpg\"\/>\n<\/div>\n<p><\/br><\/p>\n<div class=\"default-images-container\">\n<img decoding=\"async\" src=\"http:\/\/ieu.university\/wp-content\/uploads\/2025\/10\/medcert.jpg\" \/><br \/>\n<img decoding=\"async\" src=\"http:\/\/ieu.university\/wp-content\/uploads\/2025\/10\/medicine2031.jpeg\" \/>\n<\/div>\n<p><\/br><\/p>\n<p><a href=\"http:\/\/ieu.university\/wp-content\/uploads\/2025\/10\/Prot_NA_Med_YEDEBO.pdf\">\u041f\u0440\u043e\u0442\u043e\u043a\u043e\u043b \u0437\u0430\u0441\u0456\u0434\u0430\u043d\u043d\u044f \u041d\u0430\u0446\u0456\u043e\u043d\u0430\u043b\u044c\u043d\u043e\u0433\u043e \u0430\u0433\u0435\u043d\u0442\u0441\u0442\u0432\u0430 \u0449\u043e\u0434\u043e \u0432\u043d\u0435\u0441\u0435\u043d\u043d\u044f \u0456\u043d\u0444\u043e\u0440\u043c\u0430\u0446\u0456\u0457 \u043f\u0440\u043e \u0421\u0435\u0440\u0442\u0438\u0444\u0456\u043a\u0430\u0442 \u0430\u043a\u0440\u0435\u0434\u0438\u0442\u0430\u0446\u0456\u0457 \u043e\u0441\u0432\u0456\u0442\u043d\u044c\u043e\u0457 \u043f\u0440\u043e\u0433\u0440\u0430\u043c\u0438 \u00ab\u041c\u0435\u0434\u0438\u0446\u0438\u043d\u0430\u00bb \u0434\u043e \u0404\u0414\u0415\u0411\u041e<\/a><\/p>\n","protected":false},"excerpt":{"rendered":"<p>Lizenzierung und Akkreditierung Die Lizenzierung ist ein Verfahren zur Anerkennung der F\u00e4higkeit einer Hochschule eines bestimmten Typs, Hochschul- und qualifikationsbezogene Bildungsaktivit\u00e4ten gem\u00e4\u00df den Anforderungen der Hochschulstandards sowie den staatlichen Anforderungen an personelle, wissenschaftliche, methodische und logistische Unterst\u00fctzung aufzunehmen. Die International European University ist vom Ministerium f\u00fcr Bildung und Wissenschaft der Ukraine und dem Gesundheitsministerium der [&hellip;]<\/p>\n","protected":false},"author":1,"featured_media":4068,"parent":0,"menu_order":0,"comment_status":"closed","ping_status":"closed","template":"","meta":{"ngg_post_thumbnail":0,"footnotes":""},"class_list":["post-91","page","type-page","status-publish","has-post-thumbnail","hentry"],"acf":[],"yoast_head":"<!-- This site is optimized with the Yoast SEO plugin v20.8 - https:\/\/yoast.com\/wordpress\/plugins\/seo\/ -->\n<title>UNIVERSIT\u00c9 INTERNATIONALE EUROP\u00c9ENNE | LICENCES ET ACCR\u00c9DITATION DE L&#039;UNIVERSIT\u00c9 INTERNATIONALE EUROP\u00c9ENNE | DIPL\u00d4ME RECONNU \u00c0 L&#039;INTERNATIONAL | \u00c9TUDIER EN UKRAINE | \u00c9TUDIER EN ANGLAIS EN EUROPE<\/title>\n<meta name=\"robots\" content=\"index, follow, max-snippet:-1, max-image-preview:large, max-video-preview:-1\" \/>\n<link rel=\"canonical\" href=\"https:\/\/ieu.university\/fr\/accreditation-and-license\/\" \/>\n<meta property=\"og:locale\" content=\"en_US\" \/>\n<meta property=\"og:type\" content=\"article\" \/>\n<meta property=\"og:title\" content=\"UNIVERSIT\u00c9 INTERNATIONALE EUROP\u00c9ENNE | LICENCES ET ACCR\u00c9DITATION DE L&#039;UNIVERSIT\u00c9 INTERNATIONALE EUROP\u00c9ENNE | DIPL\u00d4ME RECONNU \u00c0 L&#039;INTERNATIONAL | \u00c9TUDIER EN UKRAINE | \u00c9TUDIER EN ANGLAIS EN EUROPE\" \/>\n<meta property=\"og:description\" content=\"Lizenzierung und Akkreditierung Die Lizenzierung ist ein Verfahren zur Anerkennung der F\u00e4higkeit einer Hochschule eines bestimmten Typs, Hochschul- und qualifikationsbezogene Bildungsaktivit\u00e4ten gem\u00e4\u00df den Anforderungen der Hochschulstandards sowie den staatlichen Anforderungen an personelle, wissenschaftliche, methodische und logistische Unterst\u00fctzung aufzunehmen. Die International European University ist vom Ministerium f\u00fcr Bildung und Wissenschaft der Ukraine und dem Gesundheitsministerium der [&hellip;]\" \/>\n<meta property=\"og:url\" content=\"http:\/\/ieu.university\/de\/accreditation-and-license\/\" \/>\n<meta property=\"og:site_name\" content=\"INTERNATIONAL EUROPEAN UNIVERSITY, UKRAINE | EUROPE | STUDY IN UKRAINE | STUDY IN EUROPE | MBBS | GENERAL MEDICINE | BUSINESS | ENGINEERING | IT | EUROPE\" \/>\n<meta property=\"article:modified_time\" content=\"2025-10-24T13:51:15+00:00\" \/>\n<meta property=\"og:image\" content=\"https:\/\/ieu.university\/wp-content\/uploads\/2024\/07\/Licensing-and-Accreditation.png\" \/>\n\t<meta property=\"og:image:width\" content=\"1272\" \/>\n\t<meta property=\"og:image:height\" content=\"386\" \/>\n\t<meta property=\"og:image:type\" content=\"image\/png\" \/>\n<meta name=\"twitter:card\" content=\"summary_large_image\" \/>\n<meta name=\"twitter:label1\" content=\"Est. reading time\" \/>\n\t<meta name=\"twitter:data1\" content=\"4 minutes\" \/>\n<script type=\"application\/ld+json\" class=\"yoast-schema-graph\">{\"@context\":\"https:\/\/schema.org\",\"@graph\":[{\"@type\":\"WebPage\",\"@id\":\"https:\/\/ieu.university\/fr\/accreditation-and-license\/\",\"url\":\"https:\/\/ieu.university\/fr\/accreditation-and-license\/\",\"name\":\"UNIVERSIT\u00c9 INTERNATIONALE EUROP\u00c9ENNE | LICENCES ET ACCR\u00c9DITATION DE L'UNIVERSIT\u00c9 INTERNATIONALE EUROP\u00c9ENNE | DIPL\u00d4ME RECONNU \u00c0 L'INTERNATIONAL | \u00c9TUDIER EN UKRAINE | \u00c9TUDIER EN ANGLAIS EN EUROPE\",\"isPartOf\":{\"@id\":\"http:\/\/ieu.university\/ru\/#website\"},\"datePublished\":\"2022-09-22T11:51:47+00:00\",\"dateModified\":\"2025-10-24T13:51:15+00:00\",\"inLanguage\":\"en-US\",\"potentialAction\":[{\"@type\":\"ReadAction\",\"target\":[\"https:\/\/ieu.university\/fr\/accreditation-and-license\/\"]}]},{\"@type\":\"WebSite\",\"@id\":\"http:\/\/ieu.university\/ru\/#website\",\"url\":\"http:\/\/ieu.university\/ru\/\",\"name\":\"INTERNATIONAL EUROPEAN UNIVERSITY, UKRAINE | EUROPE | STUDY IN UKRAINE | STUDY IN EUROPE | MBBS | GENERAL MEDICINE | BUSINESS | ENGINEERING | IT | EUROPE\",\"description\":\"INTERNATIONAL EUROPEAN UNIVERSITY, UKRAINE | EUROPE | STUDY IN UKRAINE | STUDY IN EUROPE | MBBS | GENERAL MEDICINE | BUSINESS | ENGINEERING | IT | EUROPE\",\"potentialAction\":[{\"@type\":\"SearchAction\",\"target\":{\"@type\":\"EntryPoint\",\"urlTemplate\":\"http:\/\/ieu.university\/ru\/?s={search_term_string}\"},\"query-input\":\"required name=search_term_string\"}],\"inLanguage\":\"en-US\"}]}<\/script>\n<!-- \/ Yoast SEO plugin. -->","yoast_head_json":{"title":"UNIVERSIT\u00c9 INTERNATIONALE EUROP\u00c9ENNE | LICENCES ET ACCR\u00c9DITATION DE L'UNIVERSIT\u00c9 INTERNATIONALE EUROP\u00c9ENNE | DIPL\u00d4ME RECONNU \u00c0 L'INTERNATIONAL | \u00c9TUDIER EN UKRAINE | \u00c9TUDIER EN ANGLAIS EN EUROPE","robots":{"index":"index","follow":"follow","max-snippet":"max-snippet:-1","max-image-preview":"max-image-preview:large","max-video-preview":"max-video-preview:-1"},"canonical":"https:\/\/ieu.university\/fr\/accreditation-and-license\/","og_locale":"en_US","og_type":"article","og_title":"UNIVERSIT\u00c9 INTERNATIONALE EUROP\u00c9ENNE | LICENCES ET ACCR\u00c9DITATION DE L'UNIVERSIT\u00c9 INTERNATIONALE EUROP\u00c9ENNE | DIPL\u00d4ME RECONNU \u00c0 L'INTERNATIONAL | \u00c9TUDIER EN UKRAINE | \u00c9TUDIER EN ANGLAIS EN EUROPE","og_description":"Lizenzierung und Akkreditierung Die Lizenzierung ist ein Verfahren zur Anerkennung der F\u00e4higkeit einer Hochschule eines bestimmten Typs, Hochschul- und qualifikationsbezogene Bildungsaktivit\u00e4ten gem\u00e4\u00df den Anforderungen der Hochschulstandards sowie den staatlichen Anforderungen an personelle, wissenschaftliche, methodische und logistische Unterst\u00fctzung aufzunehmen. Die International European University ist vom Ministerium f\u00fcr Bildung und Wissenschaft der Ukraine und dem Gesundheitsministerium der [&hellip;]","og_url":"http:\/\/ieu.university\/de\/accreditation-and-license\/","og_site_name":"INTERNATIONAL EUROPEAN UNIVERSITY, UKRAINE | EUROPE | STUDY IN UKRAINE | STUDY IN EUROPE | MBBS | GENERAL MEDICINE | BUSINESS | ENGINEERING | IT | EUROPE","article_modified_time":"2025-10-24T13:51:15+00:00","og_image":[{"width":1272,"height":386,"url":"https:\/\/ieu.university\/wp-content\/uploads\/2024\/07\/Licensing-and-Accreditation.png","type":"image\/png"}],"twitter_card":"summary_large_image","twitter_misc":{"Est. reading time":"4 minutes"},"schema":{"@context":"https:\/\/schema.org","@graph":[{"@type":"WebPage","@id":"https:\/\/ieu.university\/fr\/accreditation-and-license\/","url":"https:\/\/ieu.university\/fr\/accreditation-and-license\/","name":"UNIVERSIT\u00c9 INTERNATIONALE EUROP\u00c9ENNE | LICENCES ET ACCR\u00c9DITATION DE L'UNIVERSIT\u00c9 INTERNATIONALE EUROP\u00c9ENNE | DIPL\u00d4ME RECONNU \u00c0 L'INTERNATIONAL | \u00c9TUDIER EN UKRAINE | \u00c9TUDIER EN ANGLAIS EN EUROPE","isPartOf":{"@id":"http:\/\/ieu.university\/ru\/#website"},"datePublished":"2022-09-22T11:51:47+00:00","dateModified":"2025-10-24T13:51:15+00:00","inLanguage":"en-US","potentialAction":[{"@type":"ReadAction","target":["https:\/\/ieu.university\/fr\/accreditation-and-license\/"]}]},{"@type":"WebSite","@id":"http:\/\/ieu.university\/ru\/#website","url":"http:\/\/ieu.university\/ru\/","name":"INTERNATIONAL EUROPEAN UNIVERSITY, UKRAINE | EUROPE | STUDY IN UKRAINE | STUDY IN EUROPE | MBBS | GENERAL MEDICINE | BUSINESS | ENGINEERING | IT | EUROPE","description":"INTERNATIONAL EUROPEAN UNIVERSITY, UKRAINE | EUROPE | STUDY IN UKRAINE | STUDY IN EUROPE | MBBS | GENERAL MEDICINE | BUSINESS | ENGINEERING | IT | EUROPE","potentialAction":[{"@type":"SearchAction","target":{"@type":"EntryPoint","urlTemplate":"http:\/\/ieu.university\/ru\/?s={search_term_string}"},"query-input":"required name=search_term_string"}],"inLanguage":"en-US"}]}},"_links":{"self":[{"href":"http:\/\/ieu.university\/de\/wp-json\/wp\/v2\/pages\/91","targetHints":{"allow":["GET"]}}],"collection":[{"href":"http:\/\/ieu.university\/de\/wp-json\/wp\/v2\/pages"}],"about":[{"href":"http:\/\/ieu.university\/de\/wp-json\/wp\/v2\/types\/page"}],"author":[{"embeddable":true,"href":"http:\/\/ieu.university\/de\/wp-json\/wp\/v2\/users\/1"}],"replies":[{"embeddable":true,"href":"http:\/\/ieu.university\/de\/wp-json\/wp\/v2\/comments?post=91"}],"version-history":[{"count":69,"href":"http:\/\/ieu.university\/de\/wp-json\/wp\/v2\/pages\/91\/revisions"}],"predecessor-version":[{"id":4783,"href":"http:\/\/ieu.university\/de\/wp-json\/wp\/v2\/pages\/91\/revisions\/4783"}],"wp:featuredmedia":[{"embeddable":true,"href":"http:\/\/ieu.university\/de\/wp-json\/wp\/v2\/media\/4068"}],"wp:attachment":[{"href":"http:\/\/ieu.university\/de\/wp-json\/wp\/v2\/media?parent=91"}],"curies":[{"name":"wp","href":"https:\/\/api.w.org\/{rel}","templated":true}]}}