{"id":935,"date":"2022-10-03T11:39:32","date_gmt":"2022-10-03T08:39:32","guid":{"rendered":"http:\/\/ieu.university\/?page_id=935"},"modified":"2025-01-06T12:42:36","modified_gmt":"2025-01-06T09:42:36","slug":"european-school-of-humanities","status":"publish","type":"page","link":"http:\/\/ieu.university\/de\/european-school-of-humanities\/","title":{"rendered":"Europ\u00e4ische Schule der Geisteswissenschaften"},"content":{"rendered":"<h2>\u00dcber die Europ\u00e4ische Schule der Geisteswissenschaften<\/h2>\n<p><strong>Die European School of Humanities<\/strong> vermittelt den Studierenden der International European School eine solide akademische Grundlage in den Geisteswissenschaften und f\u00f6rdert gleichzeitig das intellektuelle Interesse, die Kreativit\u00e4t und die analytischen F\u00e4higkeiten der Studierenden. Die geisteswissenschaftliche Ausbildung an der International European University dient als Tor zur Erforschung der reichen Vielfalt der menschlichen Existenz und enth\u00fcllt die Komplexit\u00e4t von <strong>Geschichte, Literatur, Philosophie und Sozialwissenschaften.<\/strong> Indem sie sich an der International European University in die Geisteswissenschaften vertiefen, entwickeln die Studierenden eine tiefe Wertsch\u00e4tzung f\u00fcr die menschliche Erfahrung und gewinnen im Gegenzug Einblicke in ihren Platz darin.<\/p>\n<p>Die geisteswissenschaftliche Ausbildung an der IEU legt gro\u00dfen Wert auf <strong>effektive Kommunikation in schriftlicher und m\u00fcndlicher Form<\/strong>. Die Studierenden haben die M\u00f6glichkeit, ihre Schreibf\u00e4higkeiten zu entwickeln und die F\u00e4higkeit zu verfeinern, komplexe Ideen klar und \u00fcberzeugend zu artikulieren. Durch Diskussionen, Debatten und Pr\u00e4sentationen entwickeln die Studierenden der European School of Humanities die Kunst der effektiven m\u00fcndlichen Kommunikation, beherrschen die Kunst, ihre Gedanken auszudr\u00fccken und einen sinnvollen Dialog mit anderen zu f\u00fchren. Sie entwickeln die F\u00e4higkeit, unabh\u00e4ngig zu denken, Beweise zu bewerten und begr\u00fcndete Argumente zu konstruieren, was sie dazu bef\u00e4higt, fundierte Entscheidungen in ihrem Privat- und Berufsleben zu treffen.<\/p>\n<p><strong>Die European School of Humanities<\/strong> ist ein Leuchtturm des intellektuellen und pers\u00f6nlichen Wachstums und erzieht Studierende zu kritischen Denkern, kulturellen Botschaftern und mitf\u00fchlenden Menschen. Durch das Studium der Geisteswissenschaften an der International European University begeben sich Studierende auf eine transformative Reise, die ihren Horizont erweitert, Empathie f\u00f6rdert und sie mit den F\u00e4higkeiten ausstattet, die sie brauchen, um sich in den Komplexit\u00e4ten unserer globalisierten Gesellschaft zurechtzufinden. Das Ziel des Studiums der Geisteswissenschaften an der International European University und die Vorteile, die es bietet, sind unsch\u00e4tzbare Verm\u00f6genswerte, die es Einzelpersonen erm\u00f6glichen, sinnvolle Beitr\u00e4ge f\u00fcr die Welt zu leisten.<\/p>\n<h2>\u00dcber Kurse<\/h2>\n<p><strong>Die Lehrg\u00e4nge der European School of Humanities <\/strong>konzentrieren sich auf das interdisziplin\u00e4re Studium der menschlichen Kultur, Philosophie, Geschichte und K\u00fcnste. Ihre Mission ist es, ein tiefes Verst\u00e4ndnis des menschlichen Denkens und der menschlichen Kultur in verschiedenen Epochen und Regionen zu f\u00f6rdern. Die Geisteswissenschaften-Kurse verfolgen das Studium der menschlichen Erfahrung in Vergangenheit und Gegenwart und umfassen das Studium von Geschichte und Kunstgeschichte, Sprachen und Literatur, Philosophie, Religion sowie bildender und darstellender Kunst. Die Studierenden der International European University erwerben F\u00e4higkeiten in <strong>kritischer Analyse, Interpretation und Argumentation, analytischem Schreiben und m\u00fcndlicher Pr\u00e4sentation<\/strong> in individuellen und kollaborativen Unternehmungen. Sie entdecken, wie Gesellschaften, Kulturen, menschliche Werte und Alltagserfahrungen im Laufe der Zeit ver\u00e4ndert, dargestellt und erinnert wurden.<\/p>\n<p>Geisteswissenschaften-Kurse an der International European University werden sowohl auf <strong>Bachelor- als auch auf Master-Niveau in englischer Unterrichtssprache<\/strong> angeboten. Die European School of Humanities bietet flexible Studienformen, um den Bed\u00fcrfnissen verschiedener Studierender gerecht zu werden. Die Lehrg\u00e4nge werden auf dem Campus, online oder \u00fcber Fernstudienprogramme angeboten, wodurch die Geisteswissenschaften f\u00fcr Studierende zug\u00e4nglicher werden, die keine traditionellen Kurse im Klassenzimmer besuchen k\u00f6nnen. F\u00fcr Online- und Fernstudierende bietet IEU umfassende technische Unterst\u00fctzung, um einen reibungslosen Zugang zu digitalen Plattformen und Ressourcen zu gew\u00e4hrleisten.<\/p>\n<p><strong>Hochschulniveau<\/strong> \u2013 Erster (Bachelor) und Zweiter (Master) Grad.<\/p>\n<p><strong>Studiendauer<\/strong> \u2013 4 Jahre Vollzeitstudium (Bachelor) und 2-3 Jahre Vollzeitstudium (Master).<\/p>\n<p><strong>Unterrichtssprache<\/strong> \u2013 Englisch.<\/p>\n<h2>Verf\u00fcgbare Studieng\u00e4nge<\/h2>\n<ul>\n<li><strong>Der Philosophiekurs<\/strong> untersucht grundlegende Fragen zu Wissen, Existenz, Ethik, Argumentation und der Natur der Realit\u00e4t;<\/li>\n<li><strong>Der Geschichtskurs<\/strong> untersucht vergangene Ereignisse, Gesellschaften und Zivilisationen, um ihre Bedeutung und Auswirkungen auf die Gegenwart zu verstehen;<\/li>\n<li><strong>Der Sozialarbeitskurs<\/strong> bereitet Studierende auf Karrieren vor, in denen sie Einzelpersonen, Familien und Gemeinschaften dabei helfen, soziale Herausforderungen zu \u00fcberwinden und ihr Wohlbefinden zu verbessern;<\/li>\n<li><strong>Der Sozialwissenschaftskurs <\/strong>untersucht verschiedene Disziplinen, die die menschliche Gesellschaft und soziale Beziehungen untersuchen;<\/li>\n<li><strong>Der Journalismuskurs<\/strong> konzentriert sich auf die Prinzipien und Praktiken der Berichterstattung, des Geschichtenerz\u00e4hlens und der Medienkommunikation;<\/li>\n<li><strong>Der Linguistikkurs<\/strong> untersucht das wissenschaftliche Studium der Sprache und ihrer Struktur, einschlie\u00dflich ihrer Laute, Grammatik, Bedeutung und sozialen Aspekte;<\/li>\n<li><strong>Der Politikwissenschaftskurs<\/strong> konzentriert sich auf das Studium von Politik, Regierungssystemen und der Aus\u00fcbung von Macht innerhalb von Gesellschaften;<\/li>\n<li><strong>Der Psychologiekurs<\/strong> konzentriert sich auf das Studium des menschlichen Geistes und Verhaltens;<\/li>\n<li><strong>Der Informations-, Bibliotheks- und Archivierungskurs <\/strong>umfasst das Studium des Informationsmanagements, der Organisation und der Erhaltung;<\/li>\n<li><strong>Der Kurs Bildende Kunst, Kunstgewerbe und Restaurierung<\/strong> umfasst das Studium und die Praxis des k\u00fcnstlerischen Ausdrucks, des Handwerks und der Erhaltung kultureller Artefakte;<\/li>\n<li><strong>Der Theologiekurs<\/strong> konzentriert sich auf das Studium religi\u00f6ser \u00dcberzeugungen, Praktiken und Traditionen;<\/li>\n<li><strong>Der Designkurs <\/strong>umfasst die Erstellung, Planung und Umsetzung visueller und funktionaler L\u00f6sungen f\u00fcr verschiedene Zwecke;<\/li>\n<li><strong>Der Kurs Bekleidungsdesign <\/strong>konzentriert sich auf die Erstellung und Produktion von Kleidungsst\u00fccken und Bekleidung;<\/li>\n<li><strong>Der Kurs Restaurierung und Untersuchung von Kunstwerken<\/strong> umfasst die Erhaltung, Konservierung und Analyse von Kunstwerken und kulturellen Artefakten;<\/li>\n<li><strong>Der Kurs Event Management<\/strong> konzentriert sich auf die Planung, Organisation und Durchf\u00fchrung von Veranstaltungen, von Konferenzen und Firmenmeetings bis hin zu Hochzeiten, Festivals und Sportveranstaltungen;<\/li>\n<li><strong>Der Kurs Management soziokultureller Aktivit\u00e4ten<\/strong> konzentriert sich auf die Planung, Organisation und Verwaltung von Veranstaltungen und Initiativen im Kultursektor;<\/li>\n<li><strong>Der Kurs Architektur und Landschaftsgestaltung <\/strong>konzentriert sich auf die Gestaltung, Planung und Konstruktion von Geb\u00e4uden und Au\u00dfenbereichen.<\/li>\n<\/ul>\n<h2>Praktische Ausbildung<\/h2>\n<p><strong>Die praktische Ausbildung an der European School of Humanities<\/strong> soll das theoretische Lernen erg\u00e4nzen und den IEU-Studierenden die praktischen F\u00e4higkeiten vermitteln, die sie f\u00fcr eine erfolgreiche berufliche Zukunft ben\u00f6tigen. Die European School of Humanities bietet eine Vielzahl praktischer Ausbildungsm\u00f6glichkeiten, die jeweils mit unterschiedlichen Aspekten der Geisteswissenschaften verbunden sind. Dazu geh\u00f6ren Praktika, Feldstudien, Workshops, interaktive Sitzungen, Forschungsprojekte, die Erhaltung des kulturellen Erbes und Initiativen zur Einbindung der Gemeinschaft.<\/p>\n<p><strong>Eine Reihe von Workshops und interaktiven Sitzungen<\/strong> bieten den Studierenden praktische Erfahrungen in verschiedenen kulturellen Praktiken. Von Kalligraphie- und Malworkshops bis hin zu Kochvorf\u00fchrungen und Sprachimmersionssitzungen erm\u00f6glichen solche interaktiven Veranstaltungen den Studierenden des International European University Campus, sich direkt mit kulturellen Traditionen auseinanderzusetzen, neue F\u00e4higkeiten zu entwickeln und eine tiefere Wertsch\u00e4tzung f\u00fcr die Vielfalt des menschlichen Ausdrucks zu erlangen.<\/p>\n<p>Praktika sind ein i<strong>ntegraler Bestandteil des Bildungsprozesses,<\/strong> bei dem die IEU-Studierenden mit Organisationen, Institutionen oder Unternehmen zusammenarbeiten, die mit ihrem Studienfach in Zusammenhang stehen. Die Praktika k\u00f6nnen lokal, national oder international sein und den Studierenden eine Reihe von Berufserfahrungen in verschiedenen Studienbereichen bieten. Zu den Aufgaben der Studierenden geh\u00f6ren Forschungsunterst\u00fctzung, Projektmanagement, Inhaltserstellung, kuratorische Arbeit, \u00d6ffentlichkeitsarbeit und administrative Unterst\u00fctzung.<\/p>\n<p><strong>Feldstudien <\/strong>umfassen Ausfl\u00fcge und Aktivit\u00e4ten au\u00dferhalb des Klassenzimmers, oft an historischen, kulturellen oder arch\u00e4ologischen St\u00e4tten. Die Feldstudien sind Teil von Geisteswissenschaften wie Geschichte, Arch\u00e4ologie, Kunstgeschichte und Kulturwissenschaften. Die Studierenden nehmen an Besuchen historischer Sehensw\u00fcrdigkeiten, Museen, Galerien und Kultureinrichtungen sowie an praktischen Aktivit\u00e4ten wie arch\u00e4ologischen Ausgrabungen, Artefaktanalysen und Konservierungsarbeiten teil.<\/p>\n<p><strong>Forschungsprojekte<\/strong> erm\u00f6glichen es den Studierenden der IEU, eingehende Studien zu bestimmten Themen durchzuf\u00fchren. Sie k\u00f6nnen individuell oder gemeinschaftlich durchgef\u00fchrt werden und beinhalten Prim\u00e4rforschung. Die Studierenden lernen, wie man Forschungsfragen und Hypothesen formuliert, Literaturrecherchen durchgef\u00fchrt, Archivrecherchen durchf\u00fchrt und Daten sammelt und ihre Ergebnisse in Dissertationen, Forschungsarbeiten oder auf akademischen Konferenzen pr\u00e4sentiert.<\/p>\n","protected":false},"excerpt":{"rendered":"<p>\u00dcber die Europ\u00e4ische Schule der Geisteswissenschaften Die European School of Humanities vermittelt den Studierenden der International European School eine solide akademische Grundlage in den Geisteswissenschaften und f\u00f6rdert gleichzeitig das intellektuelle Interesse, die Kreativit\u00e4t und die analytischen F\u00e4higkeiten der Studierenden. Die geisteswissenschaftliche Ausbildung an der International European University dient als Tor zur Erforschung der reichen Vielfalt [&hellip;]<\/p>\n","protected":false},"author":1,"featured_media":4060,"parent":0,"menu_order":0,"comment_status":"closed","ping_status":"closed","template":"","meta":{"ngg_post_thumbnail":0,"footnotes":""},"class_list":["post-935","page","type-page","status-publish","has-post-thumbnail","hentry"],"acf":[],"yoast_head":"<!-- This site is optimized with the Yoast SEO plugin v20.8 - https:\/\/yoast.com\/wordpress\/plugins\/seo\/ -->\n<title>EUROPEAN SCHOOL OF HUMANITIES | AFFORDABLE STUDIES IN EUROPE | HUMANITIES PROGRAMS IN UKRAINE | INTERNATIONAL EUROPEAN UNIVERSITY | HIGH-QUALITY HUMANITIES EDUCATION IN ENGLISH<\/title>\n<meta name=\"robots\" content=\"index, follow, max-snippet:-1, max-image-preview:large, max-video-preview:-1\" \/>\n<link rel=\"canonical\" href=\"http:\/\/ieu.university\/ru\/european-school-of-humanities\/\" \/>\n<meta property=\"og:locale\" content=\"en_US\" \/>\n<meta property=\"og:type\" content=\"article\" \/>\n<meta property=\"og:title\" content=\"EUROPEAN SCHOOL OF HUMANITIES | AFFORDABLE STUDIES IN EUROPE | HUMANITIES PROGRAMS IN UKRAINE | INTERNATIONAL EUROPEAN UNIVERSITY | HIGH-QUALITY HUMANITIES EDUCATION IN ENGLISH\" \/>\n<meta property=\"og:description\" content=\"\u00dcber die Europ\u00e4ische Schule der Geisteswissenschaften Die European School of Humanities vermittelt den Studierenden der International European School eine solide akademische Grundlage in den Geisteswissenschaften und f\u00f6rdert gleichzeitig das intellektuelle Interesse, die Kreativit\u00e4t und die analytischen F\u00e4higkeiten der Studierenden. Die geisteswissenschaftliche Ausbildung an der International European University dient als Tor zur Erforschung der reichen Vielfalt [&hellip;]\" \/>\n<meta property=\"og:url\" content=\"http:\/\/ieu.university\/de\/european-school-of-humanities\/\" \/>\n<meta property=\"og:site_name\" content=\"INTERNATIONAL EUROPEAN UNIVERSITY, UKRAINE | EUROPE | STUDY IN UKRAINE | STUDY IN EUROPE | MBBS | GENERAL MEDICINE | BUSINESS | ENGINEERING | IT | EUROPE\" \/>\n<meta property=\"article:modified_time\" content=\"2025-01-06T09:42:36+00:00\" \/>\n<meta property=\"og:image\" content=\"http:\/\/ieu.university\/wp-content\/uploads\/2024\/07\/European-School-of-Humanities.png\" \/>\n\t<meta property=\"og:image:width\" content=\"1272\" \/>\n\t<meta property=\"og:image:height\" content=\"386\" \/>\n\t<meta property=\"og:image:type\" content=\"image\/png\" \/>\n<meta name=\"twitter:card\" content=\"summary_large_image\" \/>\n<meta name=\"twitter:label1\" content=\"Est. reading time\" \/>\n\t<meta name=\"twitter:data1\" content=\"5 minutes\" \/>\n<script type=\"application\/ld+json\" class=\"yoast-schema-graph\">{\"@context\":\"https:\/\/schema.org\",\"@graph\":[{\"@type\":\"WebPage\",\"@id\":\"http:\/\/ieu.university\/ru\/european-school-of-humanities\/\",\"url\":\"http:\/\/ieu.university\/ru\/european-school-of-humanities\/\",\"name\":\"EUROPEAN SCHOOL OF HUMANITIES | AFFORDABLE STUDIES IN EUROPE | HUMANITIES PROGRAMS IN UKRAINE | INTERNATIONAL EUROPEAN UNIVERSITY | HIGH-QUALITY HUMANITIES EDUCATION IN ENGLISH\",\"isPartOf\":{\"@id\":\"http:\/\/ieu.university\/ru\/#website\"},\"datePublished\":\"2022-10-03T08:39:32+00:00\",\"dateModified\":\"2025-01-06T09:42:36+00:00\",\"inLanguage\":\"en-US\",\"potentialAction\":[{\"@type\":\"ReadAction\",\"target\":[\"http:\/\/ieu.university\/ru\/european-school-of-humanities\/\"]}]},{\"@type\":\"WebSite\",\"@id\":\"http:\/\/ieu.university\/ru\/#website\",\"url\":\"http:\/\/ieu.university\/ru\/\",\"name\":\"INTERNATIONAL EUROPEAN UNIVERSITY, UKRAINE | EUROPE | STUDY IN UKRAINE | STUDY IN EUROPE | MBBS | GENERAL MEDICINE | BUSINESS | ENGINEERING | IT | EUROPE\",\"description\":\"INTERNATIONAL EUROPEAN UNIVERSITY, UKRAINE | EUROPE | STUDY IN UKRAINE | STUDY IN EUROPE | MBBS | GENERAL MEDICINE | BUSINESS | ENGINEERING | IT | EUROPE\",\"potentialAction\":[{\"@type\":\"SearchAction\",\"target\":{\"@type\":\"EntryPoint\",\"urlTemplate\":\"http:\/\/ieu.university\/ru\/?s={search_term_string}\"},\"query-input\":\"required name=search_term_string\"}],\"inLanguage\":\"en-US\"}]}<\/script>\n<!-- \/ Yoast SEO plugin. -->","yoast_head_json":{"title":"EUROPEAN SCHOOL OF HUMANITIES | AFFORDABLE STUDIES IN EUROPE | HUMANITIES PROGRAMS IN UKRAINE | INTERNATIONAL EUROPEAN UNIVERSITY | HIGH-QUALITY HUMANITIES EDUCATION IN ENGLISH","robots":{"index":"index","follow":"follow","max-snippet":"max-snippet:-1","max-image-preview":"max-image-preview:large","max-video-preview":"max-video-preview:-1"},"canonical":"http:\/\/ieu.university\/ru\/european-school-of-humanities\/","og_locale":"en_US","og_type":"article","og_title":"EUROPEAN SCHOOL OF HUMANITIES | AFFORDABLE STUDIES IN EUROPE | HUMANITIES PROGRAMS IN UKRAINE | INTERNATIONAL EUROPEAN UNIVERSITY | HIGH-QUALITY HUMANITIES EDUCATION IN ENGLISH","og_description":"\u00dcber die Europ\u00e4ische Schule der Geisteswissenschaften Die European School of Humanities vermittelt den Studierenden der International European School eine solide akademische Grundlage in den Geisteswissenschaften und f\u00f6rdert gleichzeitig das intellektuelle Interesse, die Kreativit\u00e4t und die analytischen F\u00e4higkeiten der Studierenden. Die geisteswissenschaftliche Ausbildung an der International European University dient als Tor zur Erforschung der reichen Vielfalt [&hellip;]","og_url":"http:\/\/ieu.university\/de\/european-school-of-humanities\/","og_site_name":"INTERNATIONAL EUROPEAN UNIVERSITY, UKRAINE | EUROPE | STUDY IN UKRAINE | STUDY IN EUROPE | MBBS | GENERAL MEDICINE | BUSINESS | ENGINEERING | IT | EUROPE","article_modified_time":"2025-01-06T09:42:36+00:00","og_image":[{"width":1272,"height":386,"url":"http:\/\/ieu.university\/wp-content\/uploads\/2024\/07\/European-School-of-Humanities.png","type":"image\/png"}],"twitter_card":"summary_large_image","twitter_misc":{"Est. reading time":"5 minutes"},"schema":{"@context":"https:\/\/schema.org","@graph":[{"@type":"WebPage","@id":"http:\/\/ieu.university\/ru\/european-school-of-humanities\/","url":"http:\/\/ieu.university\/ru\/european-school-of-humanities\/","name":"EUROPEAN SCHOOL OF HUMANITIES | AFFORDABLE STUDIES IN EUROPE | HUMANITIES PROGRAMS IN UKRAINE | INTERNATIONAL EUROPEAN UNIVERSITY | HIGH-QUALITY HUMANITIES EDUCATION IN ENGLISH","isPartOf":{"@id":"http:\/\/ieu.university\/ru\/#website"},"datePublished":"2022-10-03T08:39:32+00:00","dateModified":"2025-01-06T09:42:36+00:00","inLanguage":"en-US","potentialAction":[{"@type":"ReadAction","target":["http:\/\/ieu.university\/ru\/european-school-of-humanities\/"]}]},{"@type":"WebSite","@id":"http:\/\/ieu.university\/ru\/#website","url":"http:\/\/ieu.university\/ru\/","name":"INTERNATIONAL EUROPEAN UNIVERSITY, UKRAINE | EUROPE | STUDY IN UKRAINE | STUDY IN EUROPE | MBBS | GENERAL MEDICINE | BUSINESS | ENGINEERING | IT | EUROPE","description":"INTERNATIONAL EUROPEAN UNIVERSITY, UKRAINE | EUROPE | STUDY IN UKRAINE | STUDY IN EUROPE | MBBS | GENERAL MEDICINE | BUSINESS | ENGINEERING | IT | EUROPE","potentialAction":[{"@type":"SearchAction","target":{"@type":"EntryPoint","urlTemplate":"http:\/\/ieu.university\/ru\/?s={search_term_string}"},"query-input":"required name=search_term_string"}],"inLanguage":"en-US"}]}},"_links":{"self":[{"href":"http:\/\/ieu.university\/de\/wp-json\/wp\/v2\/pages\/935","targetHints":{"allow":["GET"]}}],"collection":[{"href":"http:\/\/ieu.university\/de\/wp-json\/wp\/v2\/pages"}],"about":[{"href":"http:\/\/ieu.university\/de\/wp-json\/wp\/v2\/types\/page"}],"author":[{"embeddable":true,"href":"http:\/\/ieu.university\/de\/wp-json\/wp\/v2\/users\/1"}],"replies":[{"embeddable":true,"href":"http:\/\/ieu.university\/de\/wp-json\/wp\/v2\/comments?post=935"}],"version-history":[{"count":26,"href":"http:\/\/ieu.university\/de\/wp-json\/wp\/v2\/pages\/935\/revisions"}],"predecessor-version":[{"id":4466,"href":"http:\/\/ieu.university\/de\/wp-json\/wp\/v2\/pages\/935\/revisions\/4466"}],"wp:featuredmedia":[{"embeddable":true,"href":"http:\/\/ieu.university\/de\/wp-json\/wp\/v2\/media\/4060"}],"wp:attachment":[{"href":"http:\/\/ieu.university\/de\/wp-json\/wp\/v2\/media?parent=935"}],"curies":[{"name":"wp","href":"https:\/\/api.w.org\/{rel}","templated":true}]}}