{"id":103,"date":"2022-09-22T17:27:56","date_gmt":"2022-09-22T14:27:56","guid":{"rendered":"http:\/\/ieu.university\/?page_id=103"},"modified":"2025-01-06T12:37:52","modified_gmt":"2025-01-06T09:37:52","slug":"education-in-ukraine","status":"publish","type":"page","link":"http:\/\/ieu.university\/es\/education-in-ukraine\/","title":{"rendered":"Educaci\u00f3n en Ucrania"},"content":{"rendered":"<h2>Educaci\u00f3n en Ucrania<\/h2>\n<p>Si est\u00e1 considerando seguir una educaci\u00f3n superior en Europa, estudiar en <strong>universidades en Ucrania presenta una excelente oportunidad.<\/strong> Ucrania cuenta con un entorno acad\u00e9mico s\u00f3lido con altos est\u00e1ndares educativos y reconocimiento internacional. Como miembro del Proceso de Bolonia, Ucrania alinea su sistema de educaci\u00f3n superior con las normas europeas para mejorar la movilidad de los t\u00edtulos y facilitar el reconocimiento de sus t\u00edtulos educativos en todos los pa\u00edses participantes. El <strong>Proceso de Bolonia<\/strong> tiene como objetivo estandarizar los documentos educativos y unificar los sistemas acad\u00e9micos a nivel mundial, asegurando que las calificaciones de los graduados se entiendan y respeten de manera integral en todo el mundo.<\/p>\n<p>El compromiso de Ucrania con este proceso se ve enfatizado por su ratificaci\u00f3n del <strong>Convenio de Reconocimiento de Lisboa<\/strong>, que exige el reconocimiento mutuo de los t\u00edtulos universitarios y los per\u00edodos de estudio entre los pa\u00edses signatarios, incluidos los de la Uni\u00f3n Europea. La adhesi\u00f3n de Ucrania a la <strong>Convenci\u00f3n de<\/strong> La<strong> Haya<\/strong> simplifica el proceso de validaci\u00f3n de documentos para los estudiantes internacionales. Una <strong>certificaci\u00f3n de Apostilla<\/strong> \u00fanica garantiza la validez legal de los documentos acad\u00e9micos en la mayor\u00eda de los pa\u00edses del mundo, agilizando los procedimientos administrativos para los estudiantes que cursan educaci\u00f3n en el extranjero.<\/p>\n<p>Las universidades, academias e institutos ucranianos que ofrecen educaci\u00f3n a estudiantes internacionales mantienen est\u00e1ndares rigurosos mantenidos por el <strong>Ministerio de Educaci\u00f3n y Ciencia de Ucrania.<\/strong> Las universidades ucranianas no solo tienen las acreditaciones necesarias, sino que tambi\u00e9n poseen licencias espec\u00edficas que las autorizan a ense\u00f1ar a estudiantes extranjeros. La supervisi\u00f3n del Ministerio garantiza la calidad de los servicios educativos prestados a los estudiantes internacionales en Ucrania, mejorando la experiencia educativa general de los estudiantes internacionales.<\/p>\n<p>Los estudiantes internacionales de las universidades ucranianas tienen la flexibilidad de comenzar su viaje acad\u00e9mico a trav\u00e9s de programas preparatorios si tienen la<strong> intenci\u00f3n de estudiar en ucraniano<\/strong>. Los cursos preparatorios en las universidades ucranianas incluyen una formaci\u00f3n intensiva de idiomas en ucraniano, junto con materias fundamentales relevantes para el campo de estudio elegido. Para los estudiantes que prefieren estudiar en ingl\u00e9s, varias universidades, incluida la <strong>Universidad Internacional Europea,<\/strong> ofrecen programas que se ense\u00f1an completamente en ingl\u00e9s, con capacidad para una amplia gama de estudiantes internacionales que buscan una educaci\u00f3n de calidad en Ucrania.<\/p>\n<p><strong>El sistema de educaci\u00f3n superior de Ucrania <\/strong>es expansivo, y comprende universidades, academias e institutos que colectivamente forman una de las redes educativas m\u00e1s grandes del mundo. Los estudiantes pueden seguir varios niveles de educaci\u00f3n:<\/p>\n<ul>\n<li><strong>Licenciatura:<\/strong> El programa abarca cuatro a\u00f1os en todos los campos, excepto en medicina, que requiere seis a\u00f1os de estudio a nivel de pregrado.<\/li>\n<li><strong>Maestr\u00eda: <\/strong>Un programa de dos a\u00f1os disponible despu\u00e9s de completar una licenciatura, que ofrece educaci\u00f3n especializada y formaci\u00f3n avanzada en varias disciplinas.<\/li>\n<li><strong>Doctorado <\/strong>(Doctorado): Un programa de tres a\u00f1os despu\u00e9s de la maestr\u00eda, centrado en la investigaci\u00f3n y la especializaci\u00f3n acad\u00e9mica en campos espec\u00edficos.<\/li>\n<\/ul>\n<p>El enfoque estructurado de la educaci\u00f3n superior en Ucrania garantiza que los estudiantes reciban una formaci\u00f3n acad\u00e9mica integral y preparaci\u00f3n para las carreras que elijan, ya sea en ciencias, humanidades, medicina, ingenier\u00eda u otras disciplinas. Estudiar en Ucrania no solo ofrece acceso a un marco educativo bien establecido, sino que tambi\u00e9n proporciona una experiencia cultural enriquecedora en un pa\u00eds conocido por su hospitalidad y su vibrante comunidad acad\u00e9mica. Con su compromiso con los est\u00e1ndares internacionales y las diversas ofertas educativas, Ucrania sigue siendo una opci\u00f3n convincente para los estudiantes que aspiran a cursar una educaci\u00f3n superior en el extranjero.<\/p>\n","protected":false},"excerpt":{"rendered":"<p>Educaci\u00f3n en Ucrania Si est\u00e1 considerando seguir una educaci\u00f3n superior en Europa, estudiar en universidades en Ucrania presenta una excelente oportunidad. Ucrania cuenta con un entorno acad\u00e9mico s\u00f3lido con altos est\u00e1ndares educativos y reconocimiento internacional. Como miembro del Proceso de Bolonia, Ucrania alinea su sistema de educaci\u00f3n superior con las normas europeas para mejorar la [&hellip;]<\/p>\n","protected":false},"author":1,"featured_media":3615,"parent":0,"menu_order":0,"comment_status":"closed","ping_status":"closed","template":"","meta":{"ngg_post_thumbnail":0,"footnotes":""},"class_list":["post-103","page","type-page","status-publish","has-post-thumbnail","hentry"],"acf":[],"yoast_head":"<!-- This site is optimized with the Yoast SEO plugin v20.8 - https:\/\/yoast.com\/wordpress\/plugins\/seo\/ -->\n<title>EDUCACI\u00d3N EN UCRANIA | EDUCACI\u00d3N SUPERIOR EN EUROPA | LICENCIATURA EN UCRANIA | ESTUDIAR EN EL EXTRANJERO | ESTUDIANTE INTERNACIONAL | C\u00d3MO APLICAR EN LA UNIVERSIDAD DE UCRANIA<\/title>\n<meta name=\"robots\" content=\"index, follow, max-snippet:-1, max-image-preview:large, max-video-preview:-1\" \/>\n<link rel=\"canonical\" href=\"http:\/\/ieu.university\/es\/education-in-ukraine\/\" \/>\n<meta property=\"og:locale\" content=\"es_ES\" \/>\n<meta property=\"og:type\" content=\"article\" \/>\n<meta property=\"og:title\" content=\"EDUCACI\u00d3N EN UCRANIA | EDUCACI\u00d3N SUPERIOR EN EUROPA | LICENCIATURA EN UCRANIA | ESTUDIAR EN EL EXTRANJERO | ESTUDIANTE INTERNACIONAL | C\u00d3MO APLICAR EN LA UNIVERSIDAD DE UCRANIA\" \/>\n<meta property=\"og:description\" content=\"Educaci\u00f3n en Ucrania Si est\u00e1 considerando seguir una educaci\u00f3n superior en Europa, estudiar en universidades en Ucrania presenta una excelente oportunidad. Ucrania cuenta con un entorno acad\u00e9mico s\u00f3lido con altos est\u00e1ndares educativos y reconocimiento internacional. Como miembro del Proceso de Bolonia, Ucrania alinea su sistema de educaci\u00f3n superior con las normas europeas para mejorar la [&hellip;]\" \/>\n<meta property=\"og:url\" content=\"http:\/\/ieu.university\/es\/education-in-ukraine\/\" \/>\n<meta property=\"og:site_name\" content=\"INTERNATIONAL EUROPEAN UNIVERSITY, UKRAINE | EUROPE | STUDY IN UKRAINE | STUDY IN EUROPE | MBBS | GENERAL MEDICINE | BUSINESS | ENGINEERING | IT | EUROPE\" \/>\n<meta property=\"article:modified_time\" content=\"2025-01-06T09:37:52+00:00\" \/>\n<meta property=\"og:image\" content=\"http:\/\/ieu.university\/wp-content\/uploads\/2024\/07\/Education-in-Ukraine.png\" \/>\n\t<meta property=\"og:image:width\" content=\"1272\" \/>\n\t<meta property=\"og:image:height\" content=\"386\" \/>\n\t<meta property=\"og:image:type\" content=\"image\/png\" \/>\n<meta name=\"twitter:card\" content=\"summary_large_image\" \/>\n<meta name=\"twitter:label1\" content=\"Tiempo de lectura\" \/>\n\t<meta name=\"twitter:data1\" content=\"2 minutos\" \/>\n<script type=\"application\/ld+json\" class=\"yoast-schema-graph\">{\"@context\":\"https:\/\/schema.org\",\"@graph\":[{\"@type\":\"WebPage\",\"@id\":\"http:\/\/ieu.university\/es\/education-in-ukraine\/\",\"url\":\"http:\/\/ieu.university\/es\/education-in-ukraine\/\",\"name\":\"EDUCACI\u00d3N EN UCRANIA | EDUCACI\u00d3N SUPERIOR EN EUROPA | LICENCIATURA EN UCRANIA | ESTUDIAR EN EL EXTRANJERO | ESTUDIANTE INTERNACIONAL | C\u00d3MO APLICAR EN LA UNIVERSIDAD DE UCRANIA\",\"isPartOf\":{\"@id\":\"https:\/\/ieu.university\/#website\"},\"datePublished\":\"2022-09-22T14:27:56+00:00\",\"dateModified\":\"2025-01-06T09:37:52+00:00\",\"inLanguage\":\"es-ES\",\"potentialAction\":[{\"@type\":\"ReadAction\",\"target\":[\"http:\/\/ieu.university\/es\/education-in-ukraine\/\"]}]},{\"@type\":\"WebSite\",\"@id\":\"https:\/\/ieu.university\/#website\",\"url\":\"https:\/\/ieu.university\/\",\"name\":\"INTERNATIONAL EUROPEAN UNIVERSITY, UKRAINE | EUROPE | STUDY IN UKRAINE | STUDY IN EUROPE | MBBS | GENERAL MEDICINE | BUSINESS | ENGINEERING | IT | EUROPE\",\"description\":\"INTERNATIONAL EUROPEAN UNIVERSITY, UKRAINE | EUROPE | STUDY IN UKRAINE | STUDY IN EUROPE | MBBS | GENERAL MEDICINE | BUSINESS | ENGINEERING | IT | EUROPE\",\"potentialAction\":[{\"@type\":\"SearchAction\",\"target\":{\"@type\":\"EntryPoint\",\"urlTemplate\":\"https:\/\/ieu.university\/?s={search_term_string}\"},\"query-input\":\"required name=search_term_string\"}],\"inLanguage\":\"es-ES\"}]}<\/script>\n<!-- \/ Yoast SEO plugin. -->","yoast_head_json":{"title":"EDUCACI\u00d3N EN UCRANIA | EDUCACI\u00d3N SUPERIOR EN EUROPA | LICENCIATURA EN UCRANIA | ESTUDIAR EN EL EXTRANJERO | ESTUDIANTE INTERNACIONAL | C\u00d3MO APLICAR EN LA UNIVERSIDAD DE UCRANIA","robots":{"index":"index","follow":"follow","max-snippet":"max-snippet:-1","max-image-preview":"max-image-preview:large","max-video-preview":"max-video-preview:-1"},"canonical":"http:\/\/ieu.university\/es\/education-in-ukraine\/","og_locale":"es_ES","og_type":"article","og_title":"EDUCACI\u00d3N EN UCRANIA | EDUCACI\u00d3N SUPERIOR EN EUROPA | LICENCIATURA EN UCRANIA | ESTUDIAR EN EL EXTRANJERO | ESTUDIANTE INTERNACIONAL | C\u00d3MO APLICAR EN LA UNIVERSIDAD DE UCRANIA","og_description":"Educaci\u00f3n en Ucrania Si est\u00e1 considerando seguir una educaci\u00f3n superior en Europa, estudiar en universidades en Ucrania presenta una excelente oportunidad. Ucrania cuenta con un entorno acad\u00e9mico s\u00f3lido con altos est\u00e1ndares educativos y reconocimiento internacional. Como miembro del Proceso de Bolonia, Ucrania alinea su sistema de educaci\u00f3n superior con las normas europeas para mejorar la [&hellip;]","og_url":"http:\/\/ieu.university\/es\/education-in-ukraine\/","og_site_name":"INTERNATIONAL EUROPEAN UNIVERSITY, UKRAINE | EUROPE | STUDY IN UKRAINE | STUDY IN EUROPE | MBBS | GENERAL MEDICINE | BUSINESS | ENGINEERING | IT | EUROPE","article_modified_time":"2025-01-06T09:37:52+00:00","og_image":[{"width":1272,"height":386,"url":"http:\/\/ieu.university\/wp-content\/uploads\/2024\/07\/Education-in-Ukraine.png","type":"image\/png"}],"twitter_card":"summary_large_image","twitter_misc":{"Tiempo de lectura":"2 minutos"},"schema":{"@context":"https:\/\/schema.org","@graph":[{"@type":"WebPage","@id":"http:\/\/ieu.university\/es\/education-in-ukraine\/","url":"http:\/\/ieu.university\/es\/education-in-ukraine\/","name":"EDUCACI\u00d3N EN UCRANIA | EDUCACI\u00d3N SUPERIOR EN EUROPA | LICENCIATURA EN UCRANIA | ESTUDIAR EN EL EXTRANJERO | ESTUDIANTE INTERNACIONAL | C\u00d3MO APLICAR EN LA UNIVERSIDAD DE UCRANIA","isPartOf":{"@id":"https:\/\/ieu.university\/#website"},"datePublished":"2022-09-22T14:27:56+00:00","dateModified":"2025-01-06T09:37:52+00:00","inLanguage":"es-ES","potentialAction":[{"@type":"ReadAction","target":["http:\/\/ieu.university\/es\/education-in-ukraine\/"]}]},{"@type":"WebSite","@id":"https:\/\/ieu.university\/#website","url":"https:\/\/ieu.university\/","name":"INTERNATIONAL EUROPEAN UNIVERSITY, UKRAINE | EUROPE | STUDY IN UKRAINE | STUDY IN EUROPE | MBBS | GENERAL MEDICINE | BUSINESS | ENGINEERING | IT | EUROPE","description":"INTERNATIONAL EUROPEAN UNIVERSITY, UKRAINE | EUROPE | STUDY IN UKRAINE | STUDY IN EUROPE | MBBS | GENERAL MEDICINE | BUSINESS | ENGINEERING | IT | EUROPE","potentialAction":[{"@type":"SearchAction","target":{"@type":"EntryPoint","urlTemplate":"https:\/\/ieu.university\/?s={search_term_string}"},"query-input":"required name=search_term_string"}],"inLanguage":"es-ES"}]}},"_links":{"self":[{"href":"http:\/\/ieu.university\/es\/wp-json\/wp\/v2\/pages\/103","targetHints":{"allow":["GET"]}}],"collection":[{"href":"http:\/\/ieu.university\/es\/wp-json\/wp\/v2\/pages"}],"about":[{"href":"http:\/\/ieu.university\/es\/wp-json\/wp\/v2\/types\/page"}],"author":[{"embeddable":true,"href":"http:\/\/ieu.university\/es\/wp-json\/wp\/v2\/users\/1"}],"replies":[{"embeddable":true,"href":"http:\/\/ieu.university\/es\/wp-json\/wp\/v2\/comments?post=103"}],"version-history":[{"count":22,"href":"http:\/\/ieu.university\/es\/wp-json\/wp\/v2\/pages\/103\/revisions"}],"predecessor-version":[{"id":4441,"href":"http:\/\/ieu.university\/es\/wp-json\/wp\/v2\/pages\/103\/revisions\/4441"}],"wp:featuredmedia":[{"embeddable":true,"href":"http:\/\/ieu.university\/es\/wp-json\/wp\/v2\/media\/3615"}],"wp:attachment":[{"href":"http:\/\/ieu.university\/es\/wp-json\/wp\/v2\/media?parent=103"}],"curies":[{"name":"wp","href":"https:\/\/api.w.org\/{rel}","templated":true}]}}