{"id":113,"date":"2022-09-22T21:24:14","date_gmt":"2022-09-22T18:24:14","guid":{"rendered":"http:\/\/ieu.university\/?page_id=113"},"modified":"2025-09-24T14:08:58","modified_gmt":"2025-09-24T11:08:58","slug":"bologna-process","status":"publish","type":"page","link":"http:\/\/ieu.university\/es\/bologna-process\/","title":{"rendered":"Proceso de Bolonia"},"content":{"rendered":"<h2>Qu\u00e9 es el proceso de Bolonia?<\/h2>\n<p>El Proceso de Bolonia se cre\u00f3 para aportar m\u00e1s coherencia a los sistemas de educaci\u00f3n superior en toda Europa. Estableci\u00f3 el Espacio Europeo de Educaci\u00f3n Superior, que tiene como objetivo hacer que la educaci\u00f3n superior sea m\u00e1s inclusiva y accesible y aumentar su atractivo y competitividad en todo el mundo. Este proceso implica la armonizaci\u00f3n de los est\u00e1ndares de t\u00edtulo acad\u00e9mico y los est\u00e1ndares de garant\u00eda de calidad para cada facultad y su desarrollo en toda Europa. El nombre \u00abProceso de Bolonia\u00bb proviene de la Declaraci\u00f3n de Bolonia, que fue firmada en 1999 por ministros de educaci\u00f3n de 48 pa\u00edses europeos en la ciudad italiana de Bolonia.<\/p>\n<p>El Proceso de Bolonia ha tenido un impacto significativo en la educaci\u00f3n superior en Europa. Ha ayudado a crear un sistema de educaci\u00f3n superior m\u00e1s cohesivo, facilitando que los estudiantes y el personal estudien y trabajen a trav\u00e9s de las fronteras. El proceso tambi\u00e9n ha contribuido al reconocimiento de las cualificaciones en toda Europa, facilitando a los estudiantes la transferencia de cr\u00e9ditos y la obtenci\u00f3n de estudios adicionales en diferentes pa\u00edses. Adem\u00e1s de armonizar los est\u00e1ndares de grado y la garant\u00eda de calidad, el Proceso de Bolonia tambi\u00e9n ha fomentado la innovaci\u00f3n y la modernizaci\u00f3n en la educaci\u00f3n superior. Ha alentado a las universidades a adoptar nuevos m\u00e9todos de ense\u00f1anza y a centrarse en el desarrollo de habilidades pr\u00e1cticas, haciendo que los graduados sean m\u00e1s empleables. El Proceso de Bolonia tambi\u00e9n ha llevado a una mayor colaboraci\u00f3n entre universidades de toda Europa. Los programas de grado conjuntos y las asociaciones de investigaci\u00f3n se han vuelto m\u00e1s comunes, lo que permite a los estudiantes y al personal beneficiarse de una gama m\u00e1s amplia de experiencia y recursos.<\/p>\n<p>En general, el Proceso de Bolonia ha tenido \u00e9xito en el logro de sus objetivos de crear un sistema de educaci\u00f3n superior m\u00e1s inclusivo, accesible y competitivo en Europa. Contin\u00faa evolucionando y adapt\u00e1ndose para satisfacer las necesidades cambiantes de los estudiantes, universidades y empleadores.<\/p>\n<p><strong>Como parte del Espacio Europeo de Educaci\u00f3n Superior, todos los pa\u00edses participantes acordaron:<\/strong><\/p>\n<ul>\n<li>introducir un sistema de educaci\u00f3n superior de tres ciclos que consiste en estudios de licenciatura, maestr\u00eda y doctorado;<\/li>\n<li>garantizar el reconocimiento mutuo de las cualificaciones y los per\u00edodos de aprendizaje en el extranjero, o completados en otras universidades;<\/li>\n<li>implementar un sistema de garant\u00eda de calidad, para fortalecer la calidad y la relevancia del aprendizaje y la ense\u00f1anza.<\/li>\n<\/ul>\n<h2>Por qu\u00e9 es importante el proceso de Bolonia?<\/h2>\n<p>En el marco del Proceso de Bolonia, los gobiernos europeos participan en debates sobre las reformas de la pol\u00edtica de educaci\u00f3n superior y se esfuerzan por superar los obst\u00e1culos en la creaci\u00f3n de un Espacio Europeo de Educaci\u00f3n Superior. La reforma de Bolonia es clave para construir la confianza necesaria para el intercambio de aprendizaje exitoso, la cooperaci\u00f3n acad\u00e9mica transfronteriza y el reconocimiento mutuo de los per\u00edodos de estudio y las calificaciones obtenidas en el extranjero. Mejorar la calidad y la relevancia del aprendizaje y la ense\u00f1anza es tambi\u00e9n una misi\u00f3n central del Proceso de Bolonia. Sin embargo, la implementaci\u00f3n de estas reformas es desigual en los 48 pa\u00edses participantes.<\/p>\n<p>El Proceso de Bolonia tambi\u00e9n proporciona un foro para el di\u00e1logo con los pa\u00edses vecinos con respecto a las reformas de la educaci\u00f3n superior y las cuestiones relacionadas con los principios acad\u00e9micos compartidos, como la independencia de las universidades y la participaci\u00f3n de los estudiantes en las actividades de la sociedad civil. Se ha convertido en un espacio importante para la diplomacia suave con los pa\u00edses vecinos de los Balcanes Occidentales (excepto Kosovo), los pa\u00edses de la Asociaci\u00f3n Oriental y muchos otros pa\u00edses.<\/p>\n<h2>Qu\u00e9 es un sistema de cr\u00e9dito?<\/h2>\n<p>El sistema de cr\u00e9dito es una forma sistem\u00e1tica de describir un programa educativo mediante la asignaci\u00f3n de pr\u00e9stamos a cada uno de sus componentes.La identificaci\u00f3n de los pr\u00e9stamos en el sistema de educaci\u00f3n superior puede basarse en varios par\u00e1metros, como la carga del estudiante, los resultados de aprendizaje y la cantidad de carga en el aula. El Sistema de Cr\u00e9dito en las universidades es una unidad de medida que determina la duraci\u00f3n, la profundidad y el nivel de dificultad de un curso. Cada t\u00edtulo tiene ciertos requisitos de cr\u00e9dito adjuntos, y los estudiantes se inscriben en diferentes cursos para cumplir con los requisitos de cr\u00e9dito de los t\u00edtulos de los estudiantes. Cada uno de los cursos del campus de la UEI, Ucrania y tambi\u00e9n tiene ciertos cr\u00e9ditos asignados.<\/p>\n<h2>Qu\u00e9 es el ECTS?<\/h2>\n<p>El Sistema Europeo de Transferencia y Acumulaci\u00f3n de Cr\u00e9ditos (ECTS) es un sistema desarrollado para el beneficio de los estudiantes y se basa en la determinaci\u00f3n de la carga de estudiantes que se necesita para lograr los objetivos del programa. Es necesario refinar estos objetivos, a saber, los resultados del aprendizaje y las habilidades adquiridas. El Sistema Europeo de Transferencia y Acumulaci\u00f3n de Cr\u00e9ditos (ECTS) es una herramienta dise\u00f1ada por el Espacio Europeo de Educaci\u00f3n Superior para hacer que los estudios y los cursos sean m\u00e1s transparentes, ayudar a los estudiantes a moverse entre pa\u00edses y que se reconozcan sus calificaciones acad\u00e9micas y per\u00edodos de estudio en el extranjero.<\/p>\n<h2>Por qu\u00e9 los estudiantes necesitan ECTS<\/h2>\n<p>ECTS simplifica la comprensi\u00f3n y comparaci\u00f3n de los planes de estudio para todos los estudiantes (nacionales y extranjeros). El ECTS estimula el intercambio y el reconocimiento acad\u00e9mico. Ayuda a las universidades a organizar y revisar sus planes de estudio. El ECTS se puede utilizar para diferentes planes de estudio y formas de estudio. Este sistema hace que obtener educaci\u00f3n superior en Europa sea m\u00e1s atractivo para los estudiantes de otros continentes. Una de las principales razones para obtener cr\u00e9ditos ECTS es ayudar a los estudiantes a transferirse entre universidades. El sistema ECTS tambi\u00e9n est\u00e1 dise\u00f1ado para ayudar a los estudiantes a estudiar en el extranjero (por ejemplo, un semestre de intercambio en una universidad diferente) y solicitar m\u00e1s estudios (como una maestr\u00eda). Este sistema es especialmente \u00fatil para los estudiantes internacionales que quieren estudiar en Europa y necesitan transferir cr\u00e9ditos de una universidad a otra. El sistema ECTS proporciona una medida est\u00e1ndar del rendimiento de los estudiantes en las instituciones europeas de educaci\u00f3n superior y facilita la movilidad, lo que permite a los estudiantes estudiar en diferentes pa\u00edses e instituciones.<\/p>\n<h2>Cu\u00e1les son las principales caracter\u00edsticas del ECTS?<\/h2>\n<ul>\n<li>ECTS se basa en un acuerdo de que 60 cr\u00e9ditos representan la carga del estudiante a tiempo completo durante el a\u00f1o acad\u00e9mico. En la mayor\u00eda de los casos, la carga de lo estudiante a tiempo completo en Europa es de 36\/40 semanas al a\u00f1o, y en esos casos, una carga es igual a 24-30 horas de trabajo. La carga se refiere al tiempo aproximado que requiere el estudiante promedio para lograr los resultados de aprendizaje requeridos.<\/li>\n<li>El cr\u00e9dito tambi\u00e9n es una forma de transferir los resultados del aprendizaje de forma cuantitativa. El \u00faltimo es el conjunto de habilidades que deben conocer, entender y ser capaces de completar, independientemente de la duraci\u00f3n del ciclo del programa de entrenamiento. Los cr\u00e9ditos ECTS solo se pueden obtener despu\u00e9s de la finalizaci\u00f3n del trabajo requerido y la evaluaci\u00f3n correspondiente de los resultados del aprendizaje.<\/li>\n<li>La distribuci\u00f3n de los cr\u00e9ditos ECTS se basa en la duraci\u00f3n oficial del ciclo del programa de formaci\u00f3n. La carga total requerida para una licenciatura, que requiere 3-4 a\u00f1os de estudio, es igual a 180-240 cr\u00e9ditos.<\/li>\n<li>La carga de los estudiantes en ECTS incluye el tiempo dedicado a escuchar conferencias, seminarios, autoaprendizaje, preparaci\u00f3n, ex\u00e1menes, etc.<\/li>\n<\/ul>\n<p>Los cr\u00e9ditos se distribuyen en todos los componentes educativos del programa de capacitaci\u00f3n (m\u00f3dulos, disciplinas, pasant\u00edas, tesis, etc.) y reflejan la cantidad de trabajo requerido para lograr cada componente debido al n\u00famero total de trabajo requerido para completar el a\u00f1o completo de estudio en este programa. El \u00e9xito de los estudiantes se caracteriza por las evaluaciones locales\/nacionales. Las evaluaciones adicionales de ECTS son deseables, especialmente si desea transferir sus pr\u00e9stamos. El ECTS punt\u00faa a los estudiantes sobre una base estad\u00edstica. La distribuci\u00f3n de las evaluaciones entre los estudiantes que recibieron una evaluaci\u00f3n por encima del curso insatisfactorio es la siguiente:<\/p>\n<p>A &#8211; el mejor 10 %;<\/p>\n<p>B &#8211; el siguiente 25 %;<\/p>\n<p>C &#8211; el siguiente 30 %;<\/p>\n<p>D &#8211; el siguiente 25 %;<\/p>\n<p>E &#8211; el siguiente 10 %.<\/p>\n<p>Para los estudiantes que no tienen \u00e9xito, hay estimaciones de FX y F. Entre ellos, hay una diferencia que FX significa: \u00abno realiz\u00f3 ninguna parte del trabajo necesario para obtener una evaluaci\u00f3n m\u00e1s arriba insatisfactoria\u00bb, y F: \u00abno hizo todo el trabajo necesario\u00bb. La inclusi\u00f3n de estimaciones de FX y F en las evaluaciones de decodificaci\u00f3n es opcional.<\/p>\n<p>El sistema de clasificaci\u00f3n del Sistema Europeo de Transferencia y Acumulaci\u00f3n de Cr\u00e9ditos (ECTS) es importante por varias razones. En primer lugar, el sistema de calificaci\u00f3n ECTS proporciona una forma com\u00fan, transparente y reconocida internacionalmente de evaluar y comparar los logros acad\u00e9micos de los estudiantes en diferentes pa\u00edses y universidades. Esto es particularmente importante en Europa, donde hay muchos sistemas educativos y escalas de calificaci\u00f3n diferentes. El sistema de calificaci\u00f3n ECTS permite un f\u00e1cil reconocimiento y comparaci\u00f3n de los logros acad\u00e9micos, lo que es esencial para la movilidad de los estudiantes, la cooperaci\u00f3n internacional y el reconocimiento de las calificaciones.<\/p>\n<p>En segundo lugar, el sistema de calificaci\u00f3n ECTS fomenta la movilidad de los estudiantes y facilita a los estudiantes la transferencia de los cr\u00e9ditos obtenidos en una universidad a otra. El sistema garantiza que los cr\u00e9ditos obtenidos en una instituci\u00f3n sean reconocidos y valorados en otra instituci\u00f3n, lo que facilita que los estudiantes contin\u00faen sus estudios en diferentes pa\u00edses y que las universidades acepten estudiantes de otras instituciones. En tercer lugar, el sistema de calificaci\u00f3n ECTS proporciona a las universidades una herramienta para garantizar y mejorar la calidad. Mediante el uso de un sistema de calificaci\u00f3n com\u00fan, las universidades pueden comparar sus est\u00e1ndares acad\u00e9micos y su rendimiento con otras instituciones e identificar \u00e1reas de mejora.<\/p>\n","protected":false},"excerpt":{"rendered":"<p>Qu\u00e9 es el proceso de Bolonia? El Proceso de Bolonia se cre\u00f3 para aportar m\u00e1s coherencia a los sistemas de educaci\u00f3n superior en toda Europa. Estableci\u00f3 el Espacio Europeo de Educaci\u00f3n Superior, que tiene como objetivo hacer que la educaci\u00f3n superior sea m\u00e1s inclusiva y accesible y aumentar su atractivo y competitividad en todo el [&hellip;]<\/p>\n","protected":false},"author":1,"featured_media":3636,"parent":0,"menu_order":0,"comment_status":"closed","ping_status":"closed","template":"","meta":{"ngg_post_thumbnail":0,"footnotes":""},"class_list":["post-113","page","type-page","status-publish","has-post-thumbnail","hentry"],"acf":[],"yoast_head":"<!-- This site is optimized with the Yoast SEO plugin v20.8 - https:\/\/yoast.com\/wordpress\/plugins\/seo\/ -->\n<title>UKRAINE BOLOGNA PROCESS | INTERNATIONAL ACCREDITATION OF UKRAINIAN UNIVERSITIES | CREDIT TRANSFER UKRAINIAN UNIVERSITY | ACCREDITED UNIVERSITIES IN UKRAINE | BOLOGNA CREDIT TRANSFER UKRAINE<\/title>\n<meta name=\"robots\" content=\"index, follow, max-snippet:-1, max-image-preview:large, max-video-preview:-1\" \/>\n<link rel=\"canonical\" href=\"http:\/\/ieu.university\/es\/bologna-process\/\" \/>\n<meta property=\"og:locale\" content=\"es_ES\" \/>\n<meta property=\"og:type\" content=\"article\" \/>\n<meta property=\"og:title\" content=\"UKRAINE BOLOGNA PROCESS | INTERNATIONAL ACCREDITATION OF UKRAINIAN UNIVERSITIES | CREDIT TRANSFER UKRAINIAN UNIVERSITY | ACCREDITED UNIVERSITIES IN UKRAINE | BOLOGNA CREDIT TRANSFER UKRAINE\" \/>\n<meta property=\"og:description\" content=\"Qu\u00e9 es el proceso de Bolonia? El Proceso de Bolonia se cre\u00f3 para aportar m\u00e1s coherencia a los sistemas de educaci\u00f3n superior en toda Europa. Estableci\u00f3 el Espacio Europeo de Educaci\u00f3n Superior, que tiene como objetivo hacer que la educaci\u00f3n superior sea m\u00e1s inclusiva y accesible y aumentar su atractivo y competitividad en todo el [&hellip;]\" \/>\n<meta property=\"og:url\" content=\"http:\/\/ieu.university\/es\/bologna-process\/\" \/>\n<meta property=\"og:site_name\" content=\"INTERNATIONAL EUROPEAN UNIVERSITY, UKRAINE | EUROPE | STUDY IN UKRAINE | STUDY IN EUROPE | MBBS | GENERAL MEDICINE | BUSINESS | ENGINEERING | IT | EUROPE\" \/>\n<meta property=\"article:modified_time\" content=\"2025-09-24T11:08:58+00:00\" \/>\n<meta property=\"og:image\" content=\"http:\/\/ieu.university\/wp-content\/uploads\/2024\/07\/Bologna-Process.png\" \/>\n\t<meta property=\"og:image:width\" content=\"1272\" \/>\n\t<meta property=\"og:image:height\" content=\"386\" \/>\n\t<meta property=\"og:image:type\" content=\"image\/png\" \/>\n<meta name=\"twitter:card\" content=\"summary_large_image\" \/>\n<meta name=\"twitter:label1\" content=\"Tiempo de lectura\" \/>\n\t<meta name=\"twitter:data1\" content=\"6 minutos\" \/>\n<script type=\"application\/ld+json\" class=\"yoast-schema-graph\">{\"@context\":\"https:\/\/schema.org\",\"@graph\":[{\"@type\":\"WebPage\",\"@id\":\"http:\/\/ieu.university\/es\/bologna-process\/\",\"url\":\"http:\/\/ieu.university\/es\/bologna-process\/\",\"name\":\"UKRAINE BOLOGNA PROCESS | INTERNATIONAL ACCREDITATION OF UKRAINIAN UNIVERSITIES | CREDIT TRANSFER UKRAINIAN UNIVERSITY | ACCREDITED UNIVERSITIES IN UKRAINE | BOLOGNA CREDIT TRANSFER UKRAINE\",\"isPartOf\":{\"@id\":\"https:\/\/ieu.university\/#website\"},\"datePublished\":\"2022-09-22T18:24:14+00:00\",\"dateModified\":\"2025-09-24T11:08:58+00:00\",\"inLanguage\":\"es-ES\",\"potentialAction\":[{\"@type\":\"ReadAction\",\"target\":[\"http:\/\/ieu.university\/es\/bologna-process\/\"]}]},{\"@type\":\"WebSite\",\"@id\":\"https:\/\/ieu.university\/#website\",\"url\":\"https:\/\/ieu.university\/\",\"name\":\"INTERNATIONAL EUROPEAN UNIVERSITY, UKRAINE | EUROPE | STUDY IN UKRAINE | STUDY IN EUROPE | MBBS | GENERAL MEDICINE | BUSINESS | ENGINEERING | IT | EUROPE\",\"description\":\"INTERNATIONAL EUROPEAN UNIVERSITY, UKRAINE | EUROPE | STUDY IN UKRAINE | STUDY IN EUROPE | MBBS | GENERAL MEDICINE | BUSINESS | ENGINEERING | IT | EUROPE\",\"potentialAction\":[{\"@type\":\"SearchAction\",\"target\":{\"@type\":\"EntryPoint\",\"urlTemplate\":\"https:\/\/ieu.university\/?s={search_term_string}\"},\"query-input\":\"required name=search_term_string\"}],\"inLanguage\":\"es-ES\"}]}<\/script>\n<!-- \/ Yoast SEO plugin. -->","yoast_head_json":{"title":"UKRAINE BOLOGNA PROCESS | INTERNATIONAL ACCREDITATION OF UKRAINIAN UNIVERSITIES | CREDIT TRANSFER UKRAINIAN UNIVERSITY | ACCREDITED UNIVERSITIES IN UKRAINE | BOLOGNA CREDIT TRANSFER UKRAINE","robots":{"index":"index","follow":"follow","max-snippet":"max-snippet:-1","max-image-preview":"max-image-preview:large","max-video-preview":"max-video-preview:-1"},"canonical":"http:\/\/ieu.university\/es\/bologna-process\/","og_locale":"es_ES","og_type":"article","og_title":"UKRAINE BOLOGNA PROCESS | INTERNATIONAL ACCREDITATION OF UKRAINIAN UNIVERSITIES | CREDIT TRANSFER UKRAINIAN UNIVERSITY | ACCREDITED UNIVERSITIES IN UKRAINE | BOLOGNA CREDIT TRANSFER UKRAINE","og_description":"Qu\u00e9 es el proceso de Bolonia? El Proceso de Bolonia se cre\u00f3 para aportar m\u00e1s coherencia a los sistemas de educaci\u00f3n superior en toda Europa. Estableci\u00f3 el Espacio Europeo de Educaci\u00f3n Superior, que tiene como objetivo hacer que la educaci\u00f3n superior sea m\u00e1s inclusiva y accesible y aumentar su atractivo y competitividad en todo el [&hellip;]","og_url":"http:\/\/ieu.university\/es\/bologna-process\/","og_site_name":"INTERNATIONAL EUROPEAN UNIVERSITY, UKRAINE | EUROPE | STUDY IN UKRAINE | STUDY IN EUROPE | MBBS | GENERAL MEDICINE | BUSINESS | ENGINEERING | IT | EUROPE","article_modified_time":"2025-09-24T11:08:58+00:00","og_image":[{"width":1272,"height":386,"url":"http:\/\/ieu.university\/wp-content\/uploads\/2024\/07\/Bologna-Process.png","type":"image\/png"}],"twitter_card":"summary_large_image","twitter_misc":{"Tiempo de lectura":"6 minutos"},"schema":{"@context":"https:\/\/schema.org","@graph":[{"@type":"WebPage","@id":"http:\/\/ieu.university\/es\/bologna-process\/","url":"http:\/\/ieu.university\/es\/bologna-process\/","name":"UKRAINE BOLOGNA PROCESS | INTERNATIONAL ACCREDITATION OF UKRAINIAN UNIVERSITIES | CREDIT TRANSFER UKRAINIAN UNIVERSITY | ACCREDITED UNIVERSITIES IN UKRAINE | BOLOGNA CREDIT TRANSFER UKRAINE","isPartOf":{"@id":"https:\/\/ieu.university\/#website"},"datePublished":"2022-09-22T18:24:14+00:00","dateModified":"2025-09-24T11:08:58+00:00","inLanguage":"es-ES","potentialAction":[{"@type":"ReadAction","target":["http:\/\/ieu.university\/es\/bologna-process\/"]}]},{"@type":"WebSite","@id":"https:\/\/ieu.university\/#website","url":"https:\/\/ieu.university\/","name":"INTERNATIONAL EUROPEAN UNIVERSITY, UKRAINE | EUROPE | STUDY IN UKRAINE | STUDY IN EUROPE | MBBS | GENERAL MEDICINE | BUSINESS | ENGINEERING | IT | EUROPE","description":"INTERNATIONAL EUROPEAN UNIVERSITY, UKRAINE | EUROPE | STUDY IN UKRAINE | STUDY IN EUROPE | MBBS | GENERAL MEDICINE | BUSINESS | ENGINEERING | IT | EUROPE","potentialAction":[{"@type":"SearchAction","target":{"@type":"EntryPoint","urlTemplate":"https:\/\/ieu.university\/?s={search_term_string}"},"query-input":"required name=search_term_string"}],"inLanguage":"es-ES"}]}},"_links":{"self":[{"href":"http:\/\/ieu.university\/es\/wp-json\/wp\/v2\/pages\/113","targetHints":{"allow":["GET"]}}],"collection":[{"href":"http:\/\/ieu.university\/es\/wp-json\/wp\/v2\/pages"}],"about":[{"href":"http:\/\/ieu.university\/es\/wp-json\/wp\/v2\/types\/page"}],"author":[{"embeddable":true,"href":"http:\/\/ieu.university\/es\/wp-json\/wp\/v2\/users\/1"}],"replies":[{"embeddable":true,"href":"http:\/\/ieu.university\/es\/wp-json\/wp\/v2\/comments?post=113"}],"version-history":[{"count":40,"href":"http:\/\/ieu.university\/es\/wp-json\/wp\/v2\/pages\/113\/revisions"}],"predecessor-version":[{"id":4753,"href":"http:\/\/ieu.university\/es\/wp-json\/wp\/v2\/pages\/113\/revisions\/4753"}],"wp:featuredmedia":[{"embeddable":true,"href":"http:\/\/ieu.university\/es\/wp-json\/wp\/v2\/media\/3636"}],"wp:attachment":[{"href":"http:\/\/ieu.university\/es\/wp-json\/wp\/v2\/media?parent=113"}],"curies":[{"name":"wp","href":"https:\/\/api.w.org\/{rel}","templated":true}]}}