{"id":123,"date":"2022-09-23T10:28:55","date_gmt":"2022-09-23T07:28:55","guid":{"rendered":"http:\/\/ieu.university\/?page_id=123"},"modified":"2025-01-06T12:55:10","modified_gmt":"2025-01-06T09:55:10","slug":"campus","status":"publish","type":"page","link":"http:\/\/ieu.university\/es\/campus\/","title":{"rendered":"Campus de estudiantes"},"content":{"rendered":"<h2>Campus de estudiantes<\/h2>\n<p>El campus de la Universidad Europea Internacional en Kiev, Ucrania, tiene una ubicaci\u00f3n c\u00e9ntrica y <strong>contribuye significativamente a la din\u00e1mica cultural y empresarial de la ciudad.<\/strong> Ofrece un entorno educativo diverso donde los estudiantes de todo el mundo pueden prosperar. Vivir y estudiar en Kiev presenta excelentes oportunidades para que los estudiantes lancen sus viajes acad\u00e9micos y construyan redes valiosas en sus respectivos campos. Reconocida por sus programas en Medicina, TI, Ingenier\u00eda, Negocios y Finanzas, la Universidad Europea Internacional cuenta con un complejo arquitect\u00f3nico moderno que fomenta un ambiente de aprendizaje acogedor y estimulante. El alojamiento para estudiantes a poca distancia a pie garantiza un c\u00f3modo acceso al campus a pie o en transporte p\u00fablico.<\/p>\n<h2>Proceso educativo<\/h2>\n<p>El proceso educativo de la Universidad Europea Internacional est\u00e1 meticulosamente dise\u00f1ado para proporcionar a los estudiantes una <strong>educaci\u00f3n completa y de alta calidad en Europa.<\/strong> La universidad ofrece t\u00edtulos de licenciatura y maestr\u00eda, lo que permite a los estudiantes seguir diversas carreras en medicina, marketing, ingenier\u00eda, contabilidad y derecho. Los estudiantes internacionales tienen la oportunidad de elegir una especialidad en consonancia con sus intereses y aspiraciones profesionales. El plan de estudios est\u00e1 dise\u00f1ado para garantizar que los estudiantes reciban una educaci\u00f3n completa, prepar\u00e1ndolos para carreras exitosas en los campos elegidos y fomentando la empleabilidad global.<\/p>\n<p><strong>Las universidades ucranianas participan activamente en el Proceso de Bolonia,<\/strong> alineando sus programas educativos con los principios y directrices del Espacio Europeo de Educaci\u00f3n Superior. Al implementar el sistema de cr\u00e9ditos ECTS y promover la movilidad de los estudiantes, la Universidad Europea Internacional apoya el objetivo de crear un sistema europeo de educaci\u00f3n superior armonizado e interconectado. Los<strong> programas educativos de la IEU se ense\u00f1an completamente en ingl\u00e9s<\/strong>, lo que permite a los estudiantes sumergirse en un entorno acad\u00e9mico de habla inglesa y mejorar sus habilidades ling\u00fc\u00edsticas. Todos los programas educativos de la Universidad Europea Internacional de Ucrania se adhieren a los m\u00e1s altos est\u00e1ndares internacionales. Los programas m\u00e9dicos de la IEU, Ucrania, son reconocidos por la Organizaci\u00f3n Mundial de la Salud (OMS), el Directorio de Educaci\u00f3n M\u00e9dica (IMED), la Comisi\u00f3n de Educaci\u00f3n para Graduados M\u00e9dicos Extranjeros (ECFMG) y el Consejo M\u00e9dico de Canad\u00e1 (MCC).<\/p>\n<p>El proceso educativo en la Universidad Internacional Europea equipa a los estudiantes internacionales con los<strong> conocimientos y habilidades necesarios para sobresalir en los campos de estudio que elijan<\/strong>. La universidad pone un fuerte \u00e9nfasis en la experiencia pr\u00e1ctica y la exposici\u00f3n a la industria. Los programas de licenciatura y maestr\u00eda incorporan estudios de casos, proyectos grupales y oportunidades de pasant\u00edas, lo que permite a los estudiantes adquirir experiencia pr\u00e1ctica, desarrollar habilidades pr\u00e1cticas y construir una red de conexiones profesionales en los campos que elijan. Los graduados de la Universidad Internacional Europea<strong> est\u00e1n bien preparados para carreras exitosas y son muy valorados por los empleadores<\/strong> tanto dentro de Ucrania como a nivel internacional.<\/p>\n<h2>Instalaciones de estudio modernas<\/h2>\n<p>La Universidad Internacional Europea atrae a estudiantes de intercambio nacionales y extranjeros para que estudien en Ucrania, asegurando <strong>instalaciones y servicios de primera categor\u00eda para la vivienda de los estudiantes<\/strong>, incluyendo alojamiento, comedores, servicios m\u00e9dicos y sociales, centros deportivos, centros acad\u00e9micos, auditorios, centros culturales y conectividad a Internet, entre otros. Todas las aulas est\u00e1n equipadas con las herramientas multimedia necesarias para estudiar. Dependiendo de su especialidad, los estudiantes internacionales tienen<strong> acceso a todo el equipo t\u00e9cnico necesario para la formaci\u00f3n pr\u00e1ctica durante las clases.<\/strong><\/p>\n<p>Los estudiantes de la Universidad Europea Internacional de Ucrania <strong>obtienen t\u00edtulos reconocidos internacionalmente<\/strong> en campos como Medicina, Negocios, TI, Derecho, Arquitectura e Ingenier\u00eda, Humanidades y Ciencias de la Vida. Cada facultad est\u00e1 bien equipada con el apoyo t\u00e9cnico necesario para los estudios especializados. La integraci\u00f3n de las tecnolog\u00edas modernas en el proceso educativo garantiza que los graduados se conviertan en profesionales y expertos en sus campos, lo que facilita la comprensi\u00f3n correcta y f\u00e1cil de la informaci\u00f3n. La introducci\u00f3n de tecnolog\u00edas innovadoras es crucial para<strong> dar forma a las cualidades profesionales y la capacidad de utilizar nuevos equipos t\u00e9cnicos en sus carreras.<\/strong><\/p>\n<p>En el campus, los estudiantes internacionales tienen acceso a la <strong>Biblioteca<\/strong> de la Universidad Europea Internacional <strong>con una vasta colecci\u00f3n de libros, revistas y publicaciones cient\u00edficas <\/strong>de libre acceso para todos los estudiantes y el personal. La biblioteca incluye 18 estaciones de trabajo inform\u00e1ticas, una estaci\u00f3n de registro\/salida computarizada, salas de estudio para grupos, un \u00e1rea de descanso, mostradores individuales de carrel, una sala de reuniones de gesti\u00f3n y una extensa colecci\u00f3n de libros. Los estudiantes tienen la oportunidad de acceder a libros electr\u00f3nicos, art\u00edculos, registros monogr\u00e1ficos, peri\u00f3dicos en l\u00ednea, revistas, documentos de conferencias y cap\u00edtulos de libros individuales a trav\u00e9s de bases de datos en l\u00ednea. La biblioteca digital, las salas de lectura, los recursos electr\u00f3nicos, las herramientas de b\u00fasqueda, los museos, las salas de estudio y los diccionarios siempre est\u00e1n disponibles para los estudiantes internacionales.<\/p>\n<h2>Instalaciones para estudios m\u00e9dicos<\/h2>\n<p>La Universidad Internacional Europea se enorgullece de<strong> ofrecer a los estudiantes de medicina instalaciones educativas excepcionales<\/strong>. La universidad cuenta con laboratorios de biolog\u00eda y qu\u00edmica bien equipados, que ofrecen un entorno propicio para experimentos pr\u00e1cticos e investigaciones pr\u00e1cticas. Los laboratorios de \u00faltima generaci\u00f3n est\u00e1n equipados con instrumentos y equipos modernos, lo que garantiza que los estudiantes tengan acceso a la \u00faltima tecnolog\u00eda y recursos para mejorar sus conocimientos y habilidades cient\u00edficas. El Centro M\u00e9dico de Simulaci\u00f3n proporciona un entorno de atenci\u00f3n m\u00e9dica simulado para que los estudiantes de medicina <strong>adquieran experiencia pr\u00e1ctica y desarrollen habilidades cl\u00ednicas esenciales.<\/strong> A trav\u00e9s de escenarios simulados e interacciones con los pacientes, los estudiantes internacionales aplican el conocimiento te\u00f3rico a situaciones m\u00e9dicas de la vida real, refinando sus habilidades de toma de decisiones y habilidades de pensamiento cr\u00edtico.<\/p>\n<p>El aprendizaje digital desempe\u00f1a un<strong> papel crucial en el plan de estudios m\u00e9dico de la Universidad Europea Internacional<\/strong>, con el objetivo de ampliar el conocimiento de los estudiantes sobre los m\u00e9todos de tratamiento, la prevenci\u00f3n de enfermedades, la recuperaci\u00f3n y la promoci\u00f3n de la salud. La universidad emplea las mejores tecnolog\u00edas disponibles para hacer que el proceso de aprendizaje sea atractivo, interactivo y efectivo.Los estudiantes de medicina est\u00e1n expuestos a una gama de tecnolog\u00edas m\u00e9dicas avanzadas, que incluyen telemedicina, nanomedicina, dispositivos habilitados para 5G, asistentes digitales de atenci\u00f3n m\u00e9dica, marcapasos inteligentes, inmunoterapia contra el c\u00e1ncer, cirug\u00eda rob\u00f3tica e inhaladores inteligentes. Al incorporar tecnolog\u00edas de vanguardia en el plan de estudios,<strong> los estudiantes obtienen informaci\u00f3n valiosa sobre el futuro de la medicina y desarrollan las habilidades<\/strong> necesarias para adaptarse a un panorama de la atenci\u00f3n m\u00e9dica en r\u00e1pida evoluci\u00f3n.<\/p>\n<h2>Alojamiento para estudiantes<\/h2>\n<p>El albergue estudiantil de la Universidad Internacional Europea en Ucrania est\u00e1 <strong>dise\u00f1ado para dar cabida a estudiantes internacionales a lo largo de sus estudios. <\/strong>Situado cerca de la universidad, en una zona de parque pintoresca, el albergue ofrece f\u00e1cil acceso a las clases y un ambiente relajante para el tiempo de inactividad. El distrito est\u00e1 bien equipado, con una tienda de comestibles cerca para satisfacer las necesidades diarias de los estudiantes. El albergue se adhiere a las normas sanitarias actuales, ofreciendo instalaciones sanitarias, de servicios p\u00fablicos y dom\u00e9sticas para un entorno de vida c\u00f3modo. Cada planta tiene una cocina equipada con estufas de gas.<\/p>\n<p>El dormitorio cuenta con un dise\u00f1o de bloques, con cada bloque que contiene un inodoro y un ba\u00f1o para un acceso conveniente. Las habitaciones est\u00e1n amuebladas con camas, armarios, mesas y sillas, y cada cama incluye una almohada, una manta y ropa de cama que se cambian dos veces al mes. Con capacidad para dos o tres estudiantes por habitaci\u00f3n, el albergue<strong> ofrece privacidad y oportunidades para la interacci\u00f3n social<\/strong>. Los estudiantes tienen acceso a una sala de lectura y a una sala de estar para relajarse. El albergue ofrece comodidades como lavadoras e internet de alta velocidad. La seguridad est\u00e1 garantizada con seguridad las 24 horas del d\u00eda, los 7 d\u00edas de la semana, un sistema de pases y videovigilancia. El campus universitario y las rutas principales son patrullados por agentes de seguridad.<\/p>\n<h2>Para Personas Con Habilidades Limitadas<\/h2>\n<p>La administraci\u00f3n de la Universidad Internacional Europea se dedica a proporcionar <strong>condiciones c\u00f3modas para las personas con necesidades especiales<\/strong>. Para garantizar la igualdad de acceso a la educaci\u00f3n, la universidad ha implementado un sistema educativo inclusivo que aprovecha las nuevas tecnolog\u00edas. Se hace especial hincapi\u00e9 en los m\u00e9todos de ense\u00f1anza interactivos, como los ejercicios situacionales, los estudios de casos, las tecnolog\u00edas de juego, el aprendizaje basado en problemas y el aprendizaje programado individualizado. Los estudiantes internacionales reciben el apoyo de profesores y compa\u00f1eros, y <strong>las tareas se adaptan para satisfacer las necesidades de los estudiantes con requisitos educativos especiales.<\/strong><\/p>\n<p>La Universidad Europea Internacional se esfuerza por <strong>garantizar<\/strong> que<strong> las personas con discapacidades reciban un buen apoyo<\/strong>. Se han tomado medidas para crear un acceso sin barreras en todos los edificios de la universidad. Un experto en inspecci\u00f3n t\u00e9cnica ha confirmado que el acceso a los laboratorios, bibliotecas, salas de lectura y salas de reuniones no tiene obst\u00e1culos. Los estudiantes con discapacidades f\u00edsicas y los usuarios de sillas de ruedas<strong> navegan f\u00e1cilmente por las \u00e1reas comunes y satisfacen sus necesidades diarias de forma c\u00f3moda.<\/strong> De acuerdo con los c\u00f3digos de construcci\u00f3n, reglas y est\u00e1ndares estatales, la Universidad Europea Internacional proporciona acceso sin restricciones a todas las instalaciones educativas y salas de estudio para personas con discapacidades y otros grupos con movilidad reducida.<\/p>\n","protected":false},"excerpt":{"rendered":"<p>Campus de estudiantes El campus de la Universidad Europea Internacional en Kiev, Ucrania, tiene una ubicaci\u00f3n c\u00e9ntrica y contribuye significativamente a la din\u00e1mica cultural y empresarial de la ciudad. Ofrece un entorno educativo diverso donde los estudiantes de todo el mundo pueden prosperar. Vivir y estudiar en Kiev presenta excelentes oportunidades para que los estudiantes [&hellip;]<\/p>\n","protected":false},"author":1,"featured_media":3656,"parent":0,"menu_order":0,"comment_status":"closed","ping_status":"closed","template":"","meta":{"ngg_post_thumbnail":0,"footnotes":""},"class_list":["post-123","page","type-page","status-publish","has-post-thumbnail","hentry"],"acf":[],"yoast_head":"<!-- This site is optimized with the Yoast SEO plugin v20.8 - https:\/\/yoast.com\/wordpress\/plugins\/seo\/ -->\n<title>STUDENT CAMPUS AT THE INTERNATIONAL EUROPEAN UNIVERSITY | STUDENT ACCOMMODATION IN EUROPE | HIGH-QUALITY EUROPEAN EDUCATION | STUDY ON CAMPUS IN EUROPE | AFFORDABLE EDUCATION IN EUROPE | BEST UNIVERSITY CAMPUSES IN EUROPE<\/title>\n<meta name=\"robots\" content=\"index, follow, max-snippet:-1, max-image-preview:large, max-video-preview:-1\" \/>\n<link rel=\"canonical\" href=\"http:\/\/ieu.university\/es\/campus\/\" \/>\n<meta property=\"og:locale\" content=\"es_ES\" \/>\n<meta property=\"og:type\" content=\"article\" \/>\n<meta property=\"og:title\" content=\"STUDENT CAMPUS AT THE INTERNATIONAL EUROPEAN UNIVERSITY | STUDENT ACCOMMODATION IN EUROPE | HIGH-QUALITY EUROPEAN EDUCATION | STUDY ON CAMPUS IN EUROPE | AFFORDABLE EDUCATION IN EUROPE | BEST UNIVERSITY CAMPUSES IN EUROPE\" \/>\n<meta property=\"og:description\" content=\"Campus de estudiantes El campus de la Universidad Europea Internacional en Kiev, Ucrania, tiene una ubicaci\u00f3n c\u00e9ntrica y contribuye significativamente a la din\u00e1mica cultural y empresarial de la ciudad. Ofrece un entorno educativo diverso donde los estudiantes de todo el mundo pueden prosperar. Vivir y estudiar en Kiev presenta excelentes oportunidades para que los estudiantes [&hellip;]\" \/>\n<meta property=\"og:url\" content=\"http:\/\/ieu.university\/es\/campus\/\" \/>\n<meta property=\"og:site_name\" content=\"INTERNATIONAL EUROPEAN UNIVERSITY, UKRAINE | EUROPE | STUDY IN UKRAINE | STUDY IN EUROPE | MBBS | GENERAL MEDICINE | BUSINESS | ENGINEERING | IT | EUROPE\" \/>\n<meta property=\"article:modified_time\" content=\"2025-01-06T09:55:10+00:00\" \/>\n<meta property=\"og:image\" content=\"http:\/\/ieu.university\/wp-content\/uploads\/2024\/07\/student-campus.png\" \/>\n\t<meta property=\"og:image:width\" content=\"1272\" \/>\n\t<meta property=\"og:image:height\" content=\"386\" \/>\n\t<meta property=\"og:image:type\" content=\"image\/png\" \/>\n<meta name=\"twitter:card\" content=\"summary_large_image\" \/>\n<meta name=\"twitter:label1\" content=\"Tiempo de lectura\" \/>\n\t<meta name=\"twitter:data1\" content=\"5 minutos\" \/>\n<script type=\"application\/ld+json\" class=\"yoast-schema-graph\">{\"@context\":\"https:\/\/schema.org\",\"@graph\":[{\"@type\":\"WebPage\",\"@id\":\"http:\/\/ieu.university\/es\/campus\/\",\"url\":\"http:\/\/ieu.university\/es\/campus\/\",\"name\":\"STUDENT CAMPUS AT THE INTERNATIONAL EUROPEAN UNIVERSITY | STUDENT ACCOMMODATION IN EUROPE | HIGH-QUALITY EUROPEAN EDUCATION | STUDY ON CAMPUS IN EUROPE | AFFORDABLE EDUCATION IN EUROPE | BEST UNIVERSITY CAMPUSES IN EUROPE\",\"isPartOf\":{\"@id\":\"https:\/\/ieu.university\/#website\"},\"datePublished\":\"2022-09-23T07:28:55+00:00\",\"dateModified\":\"2025-01-06T09:55:10+00:00\",\"inLanguage\":\"es-ES\",\"potentialAction\":[{\"@type\":\"ReadAction\",\"target\":[\"http:\/\/ieu.university\/es\/campus\/\"]}]},{\"@type\":\"WebSite\",\"@id\":\"https:\/\/ieu.university\/#website\",\"url\":\"https:\/\/ieu.university\/\",\"name\":\"INTERNATIONAL EUROPEAN UNIVERSITY, UKRAINE | EUROPE | STUDY IN UKRAINE | STUDY IN EUROPE | MBBS | GENERAL MEDICINE | BUSINESS | ENGINEERING | IT | EUROPE\",\"description\":\"INTERNATIONAL EUROPEAN UNIVERSITY, UKRAINE | EUROPE | STUDY IN UKRAINE | STUDY IN EUROPE | MBBS | GENERAL MEDICINE | BUSINESS | ENGINEERING | IT | EUROPE\",\"potentialAction\":[{\"@type\":\"SearchAction\",\"target\":{\"@type\":\"EntryPoint\",\"urlTemplate\":\"https:\/\/ieu.university\/?s={search_term_string}\"},\"query-input\":\"required name=search_term_string\"}],\"inLanguage\":\"es-ES\"}]}<\/script>\n<!-- \/ Yoast SEO plugin. -->","yoast_head_json":{"title":"STUDENT CAMPUS AT THE INTERNATIONAL EUROPEAN UNIVERSITY | STUDENT ACCOMMODATION IN EUROPE | HIGH-QUALITY EUROPEAN EDUCATION | STUDY ON CAMPUS IN EUROPE | AFFORDABLE EDUCATION IN EUROPE | BEST UNIVERSITY CAMPUSES IN EUROPE","robots":{"index":"index","follow":"follow","max-snippet":"max-snippet:-1","max-image-preview":"max-image-preview:large","max-video-preview":"max-video-preview:-1"},"canonical":"http:\/\/ieu.university\/es\/campus\/","og_locale":"es_ES","og_type":"article","og_title":"STUDENT CAMPUS AT THE INTERNATIONAL EUROPEAN UNIVERSITY | STUDENT ACCOMMODATION IN EUROPE | HIGH-QUALITY EUROPEAN EDUCATION | STUDY ON CAMPUS IN EUROPE | AFFORDABLE EDUCATION IN EUROPE | BEST UNIVERSITY CAMPUSES IN EUROPE","og_description":"Campus de estudiantes El campus de la Universidad Europea Internacional en Kiev, Ucrania, tiene una ubicaci\u00f3n c\u00e9ntrica y contribuye significativamente a la din\u00e1mica cultural y empresarial de la ciudad. Ofrece un entorno educativo diverso donde los estudiantes de todo el mundo pueden prosperar. Vivir y estudiar en Kiev presenta excelentes oportunidades para que los estudiantes [&hellip;]","og_url":"http:\/\/ieu.university\/es\/campus\/","og_site_name":"INTERNATIONAL EUROPEAN UNIVERSITY, UKRAINE | EUROPE | STUDY IN UKRAINE | STUDY IN EUROPE | MBBS | GENERAL MEDICINE | BUSINESS | ENGINEERING | IT | EUROPE","article_modified_time":"2025-01-06T09:55:10+00:00","og_image":[{"width":1272,"height":386,"url":"http:\/\/ieu.university\/wp-content\/uploads\/2024\/07\/student-campus.png","type":"image\/png"}],"twitter_card":"summary_large_image","twitter_misc":{"Tiempo de lectura":"5 minutos"},"schema":{"@context":"https:\/\/schema.org","@graph":[{"@type":"WebPage","@id":"http:\/\/ieu.university\/es\/campus\/","url":"http:\/\/ieu.university\/es\/campus\/","name":"STUDENT CAMPUS AT THE INTERNATIONAL EUROPEAN UNIVERSITY | STUDENT ACCOMMODATION IN EUROPE | HIGH-QUALITY EUROPEAN EDUCATION | STUDY ON CAMPUS IN EUROPE | AFFORDABLE EDUCATION IN EUROPE | BEST UNIVERSITY CAMPUSES IN EUROPE","isPartOf":{"@id":"https:\/\/ieu.university\/#website"},"datePublished":"2022-09-23T07:28:55+00:00","dateModified":"2025-01-06T09:55:10+00:00","inLanguage":"es-ES","potentialAction":[{"@type":"ReadAction","target":["http:\/\/ieu.university\/es\/campus\/"]}]},{"@type":"WebSite","@id":"https:\/\/ieu.university\/#website","url":"https:\/\/ieu.university\/","name":"INTERNATIONAL EUROPEAN UNIVERSITY, UKRAINE | EUROPE | STUDY IN UKRAINE | STUDY IN EUROPE | MBBS | GENERAL MEDICINE | BUSINESS | ENGINEERING | IT | EUROPE","description":"INTERNATIONAL EUROPEAN UNIVERSITY, UKRAINE | EUROPE | STUDY IN UKRAINE | STUDY IN EUROPE | MBBS | GENERAL MEDICINE | BUSINESS | ENGINEERING | IT | EUROPE","potentialAction":[{"@type":"SearchAction","target":{"@type":"EntryPoint","urlTemplate":"https:\/\/ieu.university\/?s={search_term_string}"},"query-input":"required name=search_term_string"}],"inLanguage":"es-ES"}]}},"_links":{"self":[{"href":"http:\/\/ieu.university\/es\/wp-json\/wp\/v2\/pages\/123","targetHints":{"allow":["GET"]}}],"collection":[{"href":"http:\/\/ieu.university\/es\/wp-json\/wp\/v2\/pages"}],"about":[{"href":"http:\/\/ieu.university\/es\/wp-json\/wp\/v2\/types\/page"}],"author":[{"embeddable":true,"href":"http:\/\/ieu.university\/es\/wp-json\/wp\/v2\/users\/1"}],"replies":[{"embeddable":true,"href":"http:\/\/ieu.university\/es\/wp-json\/wp\/v2\/comments?post=123"}],"version-history":[{"count":31,"href":"http:\/\/ieu.university\/es\/wp-json\/wp\/v2\/pages\/123\/revisions"}],"predecessor-version":[{"id":4530,"href":"http:\/\/ieu.university\/es\/wp-json\/wp\/v2\/pages\/123\/revisions\/4530"}],"wp:featuredmedia":[{"embeddable":true,"href":"http:\/\/ieu.university\/es\/wp-json\/wp\/v2\/media\/3656"}],"wp:attachment":[{"href":"http:\/\/ieu.university\/es\/wp-json\/wp\/v2\/media?parent=123"}],"curies":[{"name":"wp","href":"https:\/\/api.w.org\/{rel}","templated":true}]}}