{"id":170,"date":"2022-09-23T15:55:58","date_gmt":"2022-09-23T12:55:58","guid":{"rendered":"http:\/\/ieu.university\/?page_id=170"},"modified":"2025-01-06T12:58:44","modified_gmt":"2025-01-06T09:58:44","slug":"why-choose","status":"publish","type":"page","link":"http:\/\/ieu.university\/es\/why-choose\/","title":{"rendered":"Por qu\u00e9 elegirnos"},"content":{"rendered":"<h2>Razones para elegirnos<\/h2>\n<p>Si quieres obtener una<strong> educaci\u00f3n de alta calidad en una de las mejores universidades de Europa<\/strong>, \u00a1la Universidad Europea Internacional es la opci\u00f3n adecuada para ti! El n\u00famero de estudiantes extranjeros que desean cursar estudios superiores en la Universidad Europea Internacional est\u00e1 aumentando cada a\u00f1o. Nuestra universidad ofrece excelentes oportunidades para recibir t\u00edtulos acad\u00e9micos en la especialidad deseada. La diversidad de la naturaleza y la gente de Ucrania tambi\u00e9n se destaca como una atracci\u00f3n para los estudiantes internacionales. Ucrania es una naci\u00f3n resistente y firme enclavada en el coraz\u00f3n de Europa. El pa\u00eds se jacta de todo: imponentes monta\u00f1as, un mar c\u00e1lido, vastas estepas, pueblos encantadores, ciudades bulliciosas, palacios opulentos, catedrales doradas e innumerables puntos de referencia. La cocina ucraniana te cautiva desde el primer bocado, y su hospitalidad deja una impresi\u00f3n duradera.<\/p>\n<p>La Universidad Internacional Europea fue<strong> calificada como excelente por la Encuesta de Garant\u00eda de Calidad<\/strong> (revisi\u00f3n de QAS de todas las universidades ucranianas), recibiendo la m\u00e1xima puntuaci\u00f3n. Numerosas organizaciones de buena reputaci\u00f3n, incluyendo la Organizaci\u00f3n Mundial de la Salud, la Escuela I-MED, USMLE, el Consejo M\u00e9dico de Nepal, la PMDC y la Asociaci\u00f3n Europea de Universidades, entre muchas otras, reconocen nuestra universidad. El <strong>medio de instrucci\u00f3n es el ingl\u00e9s durante toda la duraci\u00f3n del estudio<\/strong>, y la admisi\u00f3n es f\u00e1cil sin necesidad de un examen de ingreso. Los ex\u00e1menes de idiomas como IELTS o TOEFL no son necesarios.<\/p>\n<p><strong>Los estudiantes de la Universidad Europea Internacional<\/strong> se benefician de clases peque\u00f1as, con grupos de solo 8-10 personas por clase. Los peque\u00f1os grupos de estudio permiten a los profesores comunicarse con cada estudiante durante los per\u00edodos de clase. Realizamos peque\u00f1as pruebas diarias. Si te los pierdes por razones v\u00e1lidas, te proporcionaremos clases personales de forma gratuita. La universidad ofrece un <strong>nivel de vida europeo a un costo m\u00e1s bajo<\/strong>, lo que hace que estudiar y viajar sean m\u00e1s asequibles. La educaci\u00f3n y los costos de vida tambi\u00e9n son muy razonables. La Universidad Internacional Europea garantiza la atenci\u00f3n personal de cada estudiante, con una asistencia del 100 % requerida.<\/p>\n<p><strong>Los titulares de t\u00edtulos<\/strong> de la Universidad Europea Internacional<strong> tienen una gran demanda por parte de las empresas internacionales<\/strong>, por lo general obtienen buenas ofertas de trabajo en diferentes pa\u00edses con mucha facilidad. Cooperamos con una vasta red de universidades de todo el mundo. La Universidad Europea Internacional ofrece una amplia gama de cursos de posgrado y posgrado, junto con excelentes recursos e instalaciones de apoyo. Proporciona una oportunidad para que los estudiantes interact\u00faen con un cuerpo estudiantil diverso, ya que m\u00e1s de 2000 estudiantes internacionales se inscriben cada a\u00f1o. Los estudiantes internacionales se convierten en parte de nuestra pr\u00f3spera comunidad acad\u00e9mica para aprender de expertos y adquirir todas las calificaciones necesarias, asegurando una experiencia que lo abra lo todo recordar\u00e1n para siempre.<\/p>\n<p>La Universidad Internacional Europea se encuentra en una de las ciudades m\u00e1s bellas e hist\u00f3ricas del mundo. La capital de Ucrania, Kiev, es un<strong> importante centro internacional de negocios, cultura y comunicaci\u00f3n.<\/strong> Nuestros estudiantes tienen la oportunidad de trabajar en departamentos modernos y bien equipados que facilitan la adquisici\u00f3n de conocimientos de primer nivel. Adem\u00e1s, la Universidad Europea Internacional abri\u00f3 recientemente una nueva cl\u00ednica equipada con los \u00faltimos equipos de diagn\u00f3stico y terap\u00e9uticos, y los estudiantes tambi\u00e9n pueden adquirir experiencia en otros hospitales y cl\u00ednicas l\u00edderes en toda Ucrania. La Universidad Internacional Europea <strong>colabora con institutos de investigaci\u00f3n de renombre internacional<\/strong> para llevar a cabo investigaciones acad\u00e9micas tem\u00e1ticas. Con institutos multidisciplinarios, reunimos disciplinas relacionadas para abordar los principales problemas cient\u00edficos en un entorno din\u00e1mico e intelectualmente estimulante.<\/p>\n<p>\u00a1As\u00ed que aplica a la Universidad Europea Internacional ahora mismo para obtener una educaci\u00f3n de alta calidad en Europa y construir un futuro brillante!<\/p>\n","protected":false},"excerpt":{"rendered":"<p>Razones para elegirnos Si quieres obtener una educaci\u00f3n de alta calidad en una de las mejores universidades de Europa, \u00a1la Universidad Europea Internacional es la opci\u00f3n adecuada para ti! El n\u00famero de estudiantes extranjeros que desean cursar estudios superiores en la Universidad Europea Internacional est\u00e1 aumentando cada a\u00f1o. Nuestra universidad ofrece excelentes oportunidades para recibir [&hellip;]<\/p>\n","protected":false},"author":1,"featured_media":2202,"parent":0,"menu_order":0,"comment_status":"closed","ping_status":"closed","template":"","meta":{"ngg_post_thumbnail":0,"footnotes":""},"class_list":["post-170","page","type-page","status-publish","has-post-thumbnail","hentry"],"acf":[],"yoast_head":"<!-- This site is optimized with the Yoast SEO plugin v20.8 - https:\/\/yoast.com\/wordpress\/plugins\/seo\/ -->\n<title>WHY CHOOSE US | INTERNATIONAL EUROPEAN UNIVERSITY UKRAINE | WHY CHOOSE INTERNATIONAL EUROPEAN UNIVERSITY | STUDY IN EUROPE | HIGH-QUALITY EDUCATION IN EUROPE | AFFORDABLE EUROPEAN EDUCATION<\/title>\n<meta name=\"robots\" content=\"index, follow, max-snippet:-1, max-image-preview:large, max-video-preview:-1\" \/>\n<link rel=\"canonical\" href=\"http:\/\/ieu.university\/it\/why-choose\/\" \/>\n<meta property=\"og:locale\" content=\"es_ES\" \/>\n<meta property=\"og:type\" content=\"article\" \/>\n<meta property=\"og:title\" content=\"WHY CHOOSE US | INTERNATIONAL EUROPEAN UNIVERSITY UKRAINE | WHY CHOOSE INTERNATIONAL EUROPEAN UNIVERSITY | STUDY IN EUROPE | HIGH-QUALITY EDUCATION IN EUROPE | AFFORDABLE EUROPEAN EDUCATION\" \/>\n<meta property=\"og:description\" content=\"Razones para elegirnos Si quieres obtener una educaci\u00f3n de alta calidad en una de las mejores universidades de Europa, \u00a1la Universidad Europea Internacional es la opci\u00f3n adecuada para ti! El n\u00famero de estudiantes extranjeros que desean cursar estudios superiores en la Universidad Europea Internacional est\u00e1 aumentando cada a\u00f1o. Nuestra universidad ofrece excelentes oportunidades para recibir [&hellip;]\" \/>\n<meta property=\"og:url\" content=\"http:\/\/ieu.university\/es\/why-choose\/\" \/>\n<meta property=\"og:site_name\" content=\"INTERNATIONAL EUROPEAN UNIVERSITY, UKRAINE | EUROPE | STUDY IN UKRAINE | STUDY IN EUROPE | MBBS | GENERAL MEDICINE | BUSINESS | ENGINEERING | IT | EUROPE\" \/>\n<meta property=\"article:modified_time\" content=\"2025-01-06T09:58:44+00:00\" \/>\n<meta property=\"og:image\" content=\"http:\/\/ieu.university\/wp-content\/uploads\/2023\/05\/reasons-to-choose-us-desktop.png\" \/>\n\t<meta property=\"og:image:width\" content=\"1272\" \/>\n\t<meta property=\"og:image:height\" content=\"386\" \/>\n\t<meta property=\"og:image:type\" content=\"image\/png\" \/>\n<meta name=\"twitter:card\" content=\"summary_large_image\" \/>\n<meta name=\"twitter:label1\" content=\"Tiempo de lectura\" \/>\n\t<meta name=\"twitter:data1\" content=\"3 minutos\" \/>\n<script type=\"application\/ld+json\" class=\"yoast-schema-graph\">{\"@context\":\"https:\/\/schema.org\",\"@graph\":[{\"@type\":\"WebPage\",\"@id\":\"http:\/\/ieu.university\/it\/why-choose\/\",\"url\":\"http:\/\/ieu.university\/it\/why-choose\/\",\"name\":\"WHY CHOOSE US | INTERNATIONAL EUROPEAN UNIVERSITY UKRAINE | WHY CHOOSE INTERNATIONAL EUROPEAN UNIVERSITY | STUDY IN EUROPE | HIGH-QUALITY EDUCATION IN EUROPE | AFFORDABLE EUROPEAN EDUCATION\",\"isPartOf\":{\"@id\":\"https:\/\/ieu.university\/#website\"},\"datePublished\":\"2022-09-23T12:55:58+00:00\",\"dateModified\":\"2025-01-06T09:58:44+00:00\",\"inLanguage\":\"es-ES\",\"potentialAction\":[{\"@type\":\"ReadAction\",\"target\":[\"http:\/\/ieu.university\/it\/why-choose\/\"]}]},{\"@type\":\"WebSite\",\"@id\":\"https:\/\/ieu.university\/#website\",\"url\":\"https:\/\/ieu.university\/\",\"name\":\"INTERNATIONAL EUROPEAN UNIVERSITY, UKRAINE | EUROPE | STUDY IN UKRAINE | STUDY IN EUROPE | MBBS | GENERAL MEDICINE | BUSINESS | ENGINEERING | IT | EUROPE\",\"description\":\"INTERNATIONAL EUROPEAN UNIVERSITY, UKRAINE | EUROPE | STUDY IN UKRAINE | STUDY IN EUROPE | MBBS | GENERAL MEDICINE | BUSINESS | ENGINEERING | IT | EUROPE\",\"potentialAction\":[{\"@type\":\"SearchAction\",\"target\":{\"@type\":\"EntryPoint\",\"urlTemplate\":\"https:\/\/ieu.university\/?s={search_term_string}\"},\"query-input\":\"required name=search_term_string\"}],\"inLanguage\":\"es-ES\"}]}<\/script>\n<!-- \/ Yoast SEO plugin. -->","yoast_head_json":{"title":"WHY CHOOSE US | INTERNATIONAL EUROPEAN UNIVERSITY UKRAINE | WHY CHOOSE INTERNATIONAL EUROPEAN UNIVERSITY | STUDY IN EUROPE | HIGH-QUALITY EDUCATION IN EUROPE | AFFORDABLE EUROPEAN EDUCATION","robots":{"index":"index","follow":"follow","max-snippet":"max-snippet:-1","max-image-preview":"max-image-preview:large","max-video-preview":"max-video-preview:-1"},"canonical":"http:\/\/ieu.university\/it\/why-choose\/","og_locale":"es_ES","og_type":"article","og_title":"WHY CHOOSE US | INTERNATIONAL EUROPEAN UNIVERSITY UKRAINE | WHY CHOOSE INTERNATIONAL EUROPEAN UNIVERSITY | STUDY IN EUROPE | HIGH-QUALITY EDUCATION IN EUROPE | AFFORDABLE EUROPEAN EDUCATION","og_description":"Razones para elegirnos Si quieres obtener una educaci\u00f3n de alta calidad en una de las mejores universidades de Europa, \u00a1la Universidad Europea Internacional es la opci\u00f3n adecuada para ti! El n\u00famero de estudiantes extranjeros que desean cursar estudios superiores en la Universidad Europea Internacional est\u00e1 aumentando cada a\u00f1o. Nuestra universidad ofrece excelentes oportunidades para recibir [&hellip;]","og_url":"http:\/\/ieu.university\/es\/why-choose\/","og_site_name":"INTERNATIONAL EUROPEAN UNIVERSITY, UKRAINE | EUROPE | STUDY IN UKRAINE | STUDY IN EUROPE | MBBS | GENERAL MEDICINE | BUSINESS | ENGINEERING | IT | EUROPE","article_modified_time":"2025-01-06T09:58:44+00:00","og_image":[{"width":1272,"height":386,"url":"http:\/\/ieu.university\/wp-content\/uploads\/2023\/05\/reasons-to-choose-us-desktop.png","type":"image\/png"}],"twitter_card":"summary_large_image","twitter_misc":{"Tiempo de lectura":"3 minutos"},"schema":{"@context":"https:\/\/schema.org","@graph":[{"@type":"WebPage","@id":"http:\/\/ieu.university\/it\/why-choose\/","url":"http:\/\/ieu.university\/it\/why-choose\/","name":"WHY CHOOSE US | INTERNATIONAL EUROPEAN UNIVERSITY UKRAINE | WHY CHOOSE INTERNATIONAL EUROPEAN UNIVERSITY | STUDY IN EUROPE | HIGH-QUALITY EDUCATION IN EUROPE | AFFORDABLE EUROPEAN EDUCATION","isPartOf":{"@id":"https:\/\/ieu.university\/#website"},"datePublished":"2022-09-23T12:55:58+00:00","dateModified":"2025-01-06T09:58:44+00:00","inLanguage":"es-ES","potentialAction":[{"@type":"ReadAction","target":["http:\/\/ieu.university\/it\/why-choose\/"]}]},{"@type":"WebSite","@id":"https:\/\/ieu.university\/#website","url":"https:\/\/ieu.university\/","name":"INTERNATIONAL EUROPEAN UNIVERSITY, UKRAINE | EUROPE | STUDY IN UKRAINE | STUDY IN EUROPE | MBBS | GENERAL MEDICINE | BUSINESS | ENGINEERING | IT | EUROPE","description":"INTERNATIONAL EUROPEAN UNIVERSITY, UKRAINE | EUROPE | STUDY IN UKRAINE | STUDY IN EUROPE | MBBS | GENERAL MEDICINE | BUSINESS | ENGINEERING | IT | EUROPE","potentialAction":[{"@type":"SearchAction","target":{"@type":"EntryPoint","urlTemplate":"https:\/\/ieu.university\/?s={search_term_string}"},"query-input":"required name=search_term_string"}],"inLanguage":"es-ES"}]}},"_links":{"self":[{"href":"http:\/\/ieu.university\/es\/wp-json\/wp\/v2\/pages\/170","targetHints":{"allow":["GET"]}}],"collection":[{"href":"http:\/\/ieu.university\/es\/wp-json\/wp\/v2\/pages"}],"about":[{"href":"http:\/\/ieu.university\/es\/wp-json\/wp\/v2\/types\/page"}],"author":[{"embeddable":true,"href":"http:\/\/ieu.university\/es\/wp-json\/wp\/v2\/users\/1"}],"replies":[{"embeddable":true,"href":"http:\/\/ieu.university\/es\/wp-json\/wp\/v2\/comments?post=170"}],"version-history":[{"count":20,"href":"http:\/\/ieu.university\/es\/wp-json\/wp\/v2\/pages\/170\/revisions"}],"predecessor-version":[{"id":4550,"href":"http:\/\/ieu.university\/es\/wp-json\/wp\/v2\/pages\/170\/revisions\/4550"}],"wp:featuredmedia":[{"embeddable":true,"href":"http:\/\/ieu.university\/es\/wp-json\/wp\/v2\/media\/2202"}],"wp:attachment":[{"href":"http:\/\/ieu.university\/es\/wp-json\/wp\/v2\/media?parent=170"}],"curies":[{"name":"wp","href":"https:\/\/api.w.org\/{rel}","templated":true}]}}