{"id":172,"date":"2022-09-23T15:57:26","date_gmt":"2022-09-23T12:57:26","guid":{"rendered":"http:\/\/ieu.university\/?page_id=172"},"modified":"2025-01-06T12:33:15","modified_gmt":"2025-01-06T09:33:15","slug":"admission-process","status":"publish","type":"page","link":"http:\/\/ieu.university\/es\/admission-process\/","title":{"rendered":"Proceso de admisi\u00f3n"},"content":{"rendered":"<h2>PASO 1: ENVIAR LOS DOCUMENTOS<\/h2>\n<p>Tan pronto como los estudiantes reciban informaci\u00f3n completa sobre las tasas de matr\u00edcula y los cursos de estudio, son libres de comenzar su proceso de admisi\u00f3n. Los estudiantes pueden enviar los documentos<strong> por correo electr\u00f3nico o rellenar un formulario de solicitud en l\u00ednea<\/strong> en el sitio web de la Universidad Internacional Europea.<\/p>\n<p>Los documentos requeridos:<\/p>\n<ul>\n<li>Copia del pasaporte internacional o tarjeta de identificaci\u00f3n (debe ser v\u00e1lida durante al menos 2 a\u00f1os);<\/li>\n<li>Copia del certificado de escuela secundaria con una transcripci\u00f3n;<\/li>\n<li>Copia de la licenciatura con una transcripci\u00f3n (solo para solicitantes de maestr\u00eda);<\/li>\n<li>Formulario de solicitud rellenado.<\/li>\n<\/ul>\n<p>Tan pronto como el estudiante sea aceptado, le emitiremos una carta de confirmaci\u00f3n de admisi\u00f3n en un d\u00eda h\u00e1bil.<\/p>\n<h2>PASO 2: OBTENER UNA CARTA DE INVITACI\u00d3N<\/h2>\n<p>Para obtener la<strong> carta de invitaci\u00f3n <\/strong>de la Universidad Europea Internacional, los estudiantes deben cubrir la tarifa de la carta de invitaci\u00f3n. Despu\u00e9s de recibir la tarifa de la carta de invitaci\u00f3n, los documentos de los estudiantes se enviar\u00e1n al <strong>Ministerio de Educaci\u00f3n y Ciencia de Ucrania<\/strong> para emitir una carta de invitaci\u00f3n. Se tarda aproximadamente de 7 a 10 d\u00edas h\u00e1biles en recibir la carta de invitaci\u00f3n. Tenga en cuenta que los cargos de mensajer\u00eda est\u00e1n incluidos en la tarifa de la carta de invitaci\u00f3n. El Departamento de Admisi\u00f3n mantendr\u00e1 a los estudiantes actualizados sobre todo el proceso y responder\u00e1 a cualquiera de las preguntas de los estudiantes durante el tiempo de espera.<\/p>\n<p>Los documentos requeridos:<\/p>\n<ul>\n<li>Formulario de solicitud rellenado;<\/li>\n<li>Copia del pasaporte internacional;<\/li>\n<li>Copia del certificado escolar;<\/li>\n<li>Cheque del pago de la carta de invitaci\u00f3n, los cargos de mensajer\u00eda y la tarifa de matr\u00edcula completa del primer a\u00f1o.<\/li>\n<\/ul>\n<h2>PASO 3: OBTENER UN VISADO<\/h2>\n<p>Despu\u00e9s de recibir una carta de invitaci\u00f3n de IEU, los estudiantes deben ponerse en contacto con la Embajada de Ucrania m\u00e1s cercana en su pa\u00eds.<\/p>\n<p>Mencione que el equipo de admisi\u00f3n de IEU har\u00e1 que el proceso de visado sea r\u00e1pido y c\u00f3modo para los estudiantes para que no tengan que preocuparse por perderse nada. \u00a1Ayudaremos a recoger todos los documentos necesarios para que los estudiantes puedan obtener sus visas lo antes posible!<\/p>\n<h2>PASO 4: LLEGAR A UCRANIA<\/h2>\n<p>Siempre informamos a los estudiantes sobre los billetes m\u00e1s asequibles a Ucrania, les proporcionamos informaci\u00f3n sobre los mejores vuelos y proveedores de vuelos, y les ayudamos a reservar el vuelo apropiado.<\/p>\n<p>Los estudiantes deben proporcionar a nuestro representante toda la informaci\u00f3n sobre los detalles de la llegada: el n\u00famero de vuelo, la fecha, la hora y el puerto de llegada al menos una semana antes de su llegada, tan pronto como compren los boletos.El representante de la universidad se reunir\u00e1 con el estudiante en el aeropuerto a su llegada.<\/p>\n<h2>PASO 5: INICIAR LAS CLASES<\/h2>\n<p>Tan pronto como el estudiante llegue a Ucrania, el personal de IEU completar\u00e1 el proceso de registro en 1-3 d\u00edas h\u00e1biles para que los estudiantes comiencen las clases justo despu\u00e9s.<\/p>\n<p><strong><i>* Tenga en cuenta que hay ligeras diferencias en el proceso de admisi\u00f3n para cada pa\u00eds, que se discutir\u00e1n individualmente en la admisi\u00f3n de cada estudiante.<\/i><\/strong><\/p>\n","protected":false},"excerpt":{"rendered":"<p>PASO 1: ENVIAR LOS DOCUMENTOS Tan pronto como los estudiantes reciban informaci\u00f3n completa sobre las tasas de matr\u00edcula y los cursos de estudio, son libres de comenzar su proceso de admisi\u00f3n. Los estudiantes pueden enviar los documentos por correo electr\u00f3nico o rellenar un formulario de solicitud en l\u00ednea en el sitio web de la Universidad [&hellip;]<\/p>\n","protected":false},"author":1,"featured_media":3628,"parent":0,"menu_order":0,"comment_status":"closed","ping_status":"closed","template":"","meta":{"ngg_post_thumbnail":0,"footnotes":""},"class_list":["post-172","page","type-page","status-publish","has-post-thumbnail","hentry"],"acf":[],"yoast_head":"<!-- This site is optimized with the Yoast SEO plugin v20.8 - https:\/\/yoast.com\/wordpress\/plugins\/seo\/ -->\n<title>ADMISSION PROCESS OF INTERNATIONAL EUROPEAN UNIVERSITY | ADMISSION PROCESS IN EUROPE | ADMISSION PROCESS IN UKRAINE | UNIVERSITY IN EUROPE | ADMISSION PROCESS FOR UNIVERSITY IN UKRAINE | EDUCATION IN EUROPE<\/title>\n<meta name=\"robots\" content=\"index, follow, max-snippet:-1, max-image-preview:large, max-video-preview:-1\" \/>\n<link rel=\"canonical\" href=\"http:\/\/ieu.university\/admission-process\/\" \/>\n<meta property=\"og:locale\" content=\"es_ES\" \/>\n<meta property=\"og:type\" content=\"article\" \/>\n<meta property=\"og:title\" content=\"ADMISSION PROCESS OF INTERNATIONAL EUROPEAN UNIVERSITY | ADMISSION PROCESS IN EUROPE | ADMISSION PROCESS IN UKRAINE | UNIVERSITY IN EUROPE | ADMISSION PROCESS FOR UNIVERSITY IN UKRAINE | EDUCATION IN EUROPE\" \/>\n<meta property=\"og:description\" content=\"PASO 1: ENVIAR LOS DOCUMENTOS Tan pronto como los estudiantes reciban informaci\u00f3n completa sobre las tasas de matr\u00edcula y los cursos de estudio, son libres de comenzar su proceso de admisi\u00f3n. Los estudiantes pueden enviar los documentos por correo electr\u00f3nico o rellenar un formulario de solicitud en l\u00ednea en el sitio web de la Universidad [&hellip;]\" \/>\n<meta property=\"og:url\" content=\"http:\/\/ieu.university\/es\/admission-process\/\" \/>\n<meta property=\"og:site_name\" content=\"INTERNATIONAL EUROPEAN UNIVERSITY, UKRAINE | EUROPE | STUDY IN UKRAINE | STUDY IN EUROPE | MBBS | GENERAL MEDICINE | BUSINESS | ENGINEERING | IT | EUROPE\" \/>\n<meta property=\"article:modified_time\" content=\"2025-01-06T09:33:15+00:00\" \/>\n<meta property=\"og:image\" content=\"http:\/\/ieu.university\/wp-content\/uploads\/2024\/07\/Admission-Process.png\" \/>\n\t<meta property=\"og:image:width\" content=\"1272\" \/>\n\t<meta property=\"og:image:height\" content=\"386\" \/>\n\t<meta property=\"og:image:type\" content=\"image\/png\" \/>\n<meta name=\"twitter:card\" content=\"summary_large_image\" \/>\n<meta name=\"twitter:label1\" content=\"Tiempo de lectura\" \/>\n\t<meta name=\"twitter:data1\" content=\"2 minutos\" \/>\n<script type=\"application\/ld+json\" class=\"yoast-schema-graph\">{\"@context\":\"https:\/\/schema.org\",\"@graph\":[{\"@type\":\"WebPage\",\"@id\":\"http:\/\/ieu.university\/admission-process\/\",\"url\":\"http:\/\/ieu.university\/admission-process\/\",\"name\":\"ADMISSION PROCESS OF INTERNATIONAL EUROPEAN UNIVERSITY | ADMISSION PROCESS IN EUROPE | ADMISSION PROCESS IN UKRAINE | UNIVERSITY IN EUROPE | ADMISSION PROCESS FOR UNIVERSITY IN UKRAINE | EDUCATION IN EUROPE\",\"isPartOf\":{\"@id\":\"http:\/\/ieu.university\/ru\/#website\"},\"datePublished\":\"2022-09-23T12:57:26+00:00\",\"dateModified\":\"2025-01-06T09:33:15+00:00\",\"inLanguage\":\"es-ES\",\"potentialAction\":[{\"@type\":\"ReadAction\",\"target\":[\"http:\/\/ieu.university\/admission-process\/\"]}]},{\"@type\":\"WebSite\",\"@id\":\"http:\/\/ieu.university\/ru\/#website\",\"url\":\"http:\/\/ieu.university\/ru\/\",\"name\":\"INTERNATIONAL EUROPEAN UNIVERSITY, UKRAINE | EUROPE | STUDY IN UKRAINE | STUDY IN EUROPE | MBBS | GENERAL MEDICINE | BUSINESS | ENGINEERING | IT | EUROPE\",\"description\":\"INTERNATIONAL EUROPEAN UNIVERSITY, UKRAINE | EUROPE | STUDY IN UKRAINE | STUDY IN EUROPE | MBBS | GENERAL MEDICINE | BUSINESS | ENGINEERING | IT | EUROPE\",\"potentialAction\":[{\"@type\":\"SearchAction\",\"target\":{\"@type\":\"EntryPoint\",\"urlTemplate\":\"http:\/\/ieu.university\/ru\/?s={search_term_string}\"},\"query-input\":\"required name=search_term_string\"}],\"inLanguage\":\"es-ES\"}]}<\/script>\n<!-- \/ Yoast SEO plugin. -->","yoast_head_json":{"title":"ADMISSION PROCESS OF INTERNATIONAL EUROPEAN UNIVERSITY | ADMISSION PROCESS IN EUROPE | ADMISSION PROCESS IN UKRAINE | UNIVERSITY IN EUROPE | ADMISSION PROCESS FOR UNIVERSITY IN UKRAINE | EDUCATION IN EUROPE","robots":{"index":"index","follow":"follow","max-snippet":"max-snippet:-1","max-image-preview":"max-image-preview:large","max-video-preview":"max-video-preview:-1"},"canonical":"http:\/\/ieu.university\/admission-process\/","og_locale":"es_ES","og_type":"article","og_title":"ADMISSION PROCESS OF INTERNATIONAL EUROPEAN UNIVERSITY | ADMISSION PROCESS IN EUROPE | ADMISSION PROCESS IN UKRAINE | UNIVERSITY IN EUROPE | ADMISSION PROCESS FOR UNIVERSITY IN UKRAINE | EDUCATION IN EUROPE","og_description":"PASO 1: ENVIAR LOS DOCUMENTOS Tan pronto como los estudiantes reciban informaci\u00f3n completa sobre las tasas de matr\u00edcula y los cursos de estudio, son libres de comenzar su proceso de admisi\u00f3n. Los estudiantes pueden enviar los documentos por correo electr\u00f3nico o rellenar un formulario de solicitud en l\u00ednea en el sitio web de la Universidad [&hellip;]","og_url":"http:\/\/ieu.university\/es\/admission-process\/","og_site_name":"INTERNATIONAL EUROPEAN UNIVERSITY, UKRAINE | EUROPE | STUDY IN UKRAINE | STUDY IN EUROPE | MBBS | GENERAL MEDICINE | BUSINESS | ENGINEERING | IT | EUROPE","article_modified_time":"2025-01-06T09:33:15+00:00","og_image":[{"width":1272,"height":386,"url":"http:\/\/ieu.university\/wp-content\/uploads\/2024\/07\/Admission-Process.png","type":"image\/png"}],"twitter_card":"summary_large_image","twitter_misc":{"Tiempo de lectura":"2 minutos"},"schema":{"@context":"https:\/\/schema.org","@graph":[{"@type":"WebPage","@id":"http:\/\/ieu.university\/admission-process\/","url":"http:\/\/ieu.university\/admission-process\/","name":"ADMISSION PROCESS OF INTERNATIONAL EUROPEAN UNIVERSITY | ADMISSION PROCESS IN EUROPE | ADMISSION PROCESS IN UKRAINE | UNIVERSITY IN EUROPE | ADMISSION PROCESS FOR UNIVERSITY IN UKRAINE | EDUCATION IN EUROPE","isPartOf":{"@id":"http:\/\/ieu.university\/ru\/#website"},"datePublished":"2022-09-23T12:57:26+00:00","dateModified":"2025-01-06T09:33:15+00:00","inLanguage":"es-ES","potentialAction":[{"@type":"ReadAction","target":["http:\/\/ieu.university\/admission-process\/"]}]},{"@type":"WebSite","@id":"http:\/\/ieu.university\/ru\/#website","url":"http:\/\/ieu.university\/ru\/","name":"INTERNATIONAL EUROPEAN UNIVERSITY, UKRAINE | EUROPE | STUDY IN UKRAINE | STUDY IN EUROPE | MBBS | GENERAL MEDICINE | BUSINESS | ENGINEERING | IT | EUROPE","description":"INTERNATIONAL EUROPEAN UNIVERSITY, UKRAINE | EUROPE | STUDY IN UKRAINE | STUDY IN EUROPE | MBBS | GENERAL MEDICINE | BUSINESS | ENGINEERING | IT | EUROPE","potentialAction":[{"@type":"SearchAction","target":{"@type":"EntryPoint","urlTemplate":"http:\/\/ieu.university\/ru\/?s={search_term_string}"},"query-input":"required name=search_term_string"}],"inLanguage":"es-ES"}]}},"_links":{"self":[{"href":"http:\/\/ieu.university\/es\/wp-json\/wp\/v2\/pages\/172","targetHints":{"allow":["GET"]}}],"collection":[{"href":"http:\/\/ieu.university\/es\/wp-json\/wp\/v2\/pages"}],"about":[{"href":"http:\/\/ieu.university\/es\/wp-json\/wp\/v2\/types\/page"}],"author":[{"embeddable":true,"href":"http:\/\/ieu.university\/es\/wp-json\/wp\/v2\/users\/1"}],"replies":[{"embeddable":true,"href":"http:\/\/ieu.university\/es\/wp-json\/wp\/v2\/comments?post=172"}],"version-history":[{"count":28,"href":"http:\/\/ieu.university\/es\/wp-json\/wp\/v2\/pages\/172\/revisions"}],"predecessor-version":[{"id":4419,"href":"http:\/\/ieu.university\/es\/wp-json\/wp\/v2\/pages\/172\/revisions\/4419"}],"wp:featuredmedia":[{"embeddable":true,"href":"http:\/\/ieu.university\/es\/wp-json\/wp\/v2\/media\/3628"}],"wp:attachment":[{"href":"http:\/\/ieu.university\/es\/wp-json\/wp\/v2\/media?parent=172"}],"curies":[{"name":"wp","href":"https:\/\/api.w.org\/{rel}","templated":true}]}}