{"id":178,"date":"2022-09-23T16:02:47","date_gmt":"2022-09-23T13:02:47","guid":{"rendered":"http:\/\/ieu.university\/?page_id=178"},"modified":"2025-01-06T12:56:08","modified_gmt":"2025-01-06T09:56:08","slug":"transfer-students","status":"publish","type":"page","link":"http:\/\/ieu.university\/es\/transfer-students\/","title":{"rendered":"Transferir estudiantes"},"content":{"rendered":"<h2>Transferir estudiantes<\/h2>\n<p>\u00a1La Universidad Internacional Europea (IEU) da la bienvenida a estudiantes de transferencia internacional competentes y elegibles de todo el mundo! Las decisiones de admisi\u00f3n se basan principalmente en el historial acad\u00e9mico completo de cada solicitante.<\/p>\n<p>Los posibles estudiantes de transferencia que buscan admisi\u00f3n a la Universidad Europea Internacional (IEU) deben presentar los siguientes documentos:<\/p>\n<ul>\n<li>Un pasaporte internacional v\u00e1lido;<\/li>\n<li>Certificado escolar (como un diploma de escuela secundaria o equivalente);<\/li>\n<li>Transcripciones acad\u00e9micas oficiales de todos los colegios y universidades a los que asistieron anteriormente, detallando los temas estudiados y las horas de cr\u00e9dito correspondientes;<\/li>\n<li>Un formulario de solicitud completo.<\/li>\n<\/ul>\n<p>Los documentos deben enviarse electr\u00f3nicamente por correo electr\u00f3nico. Es importante tener en cuenta que los solicitantes deben proporcionar a IEU una hoja de calificaciones de su universidad anterior. Despu\u00e9s de una evaluaci\u00f3n exhaustiva de los documentos presentados, la IEI informar\u00e1 a los solicitantes de su estado de aceptaci\u00f3n y especificar\u00e1 el a\u00f1o de estudio apropiado.<\/p>\n<p>Todos los documentos deben estar en ingl\u00e9s. Una vez recibidos, estos materiales se env\u00edan al Ministerio de Educaci\u00f3n de Ucrania para la evaluaci\u00f3n de la equivalencia acad\u00e9mica y las horas de cr\u00e9dito. Tras la confirmaci\u00f3n de que las calificaciones del solicitante se alinean con los est\u00e1ndares educativos y planes de estudio ucranianos, el Ministerio emite un certificado de aprobaci\u00f3n, que permite al estudiante comenzar sus estudios en el a\u00f1o acad\u00e9mico deseado.<\/p>\n<p>Se recomienda encarecidamente a los estudiantes internacionales que inicien el proceso de solicitud con prontitud para garantizar la consideraci\u00f3n oportuna de su per\u00edodo de admisi\u00f3n deseado y para aprovechar al m\u00e1ximo las oportunidades educativas en IEU.<\/p>\n","protected":false},"excerpt":{"rendered":"<p>Transferir estudiantes \u00a1La Universidad Internacional Europea (IEU) da la bienvenida a estudiantes de transferencia internacional competentes y elegibles de todo el mundo! Las decisiones de admisi\u00f3n se basan principalmente en el historial acad\u00e9mico completo de cada solicitante. Los posibles estudiantes de transferencia que buscan admisi\u00f3n a la Universidad Europea Internacional (IEU) deben presentar los siguientes [&hellip;]<\/p>\n","protected":false},"author":1,"featured_media":3658,"parent":0,"menu_order":0,"comment_status":"closed","ping_status":"closed","template":"","meta":{"ngg_post_thumbnail":0,"footnotes":""},"class_list":["post-178","page","type-page","status-publish","has-post-thumbnail","hentry"],"acf":[],"yoast_head":"<!-- This site is optimized with the Yoast SEO plugin v20.8 - https:\/\/yoast.com\/wordpress\/plugins\/seo\/ -->\n<title>TRANSFER STUDENTS TO IEU | CREDIT TRANSFER TO UKRAINIAN UNIVERSITY | UKRAINE ACCEPTS STUDENTS TRANSFERS | CREDIT TRANSFER INTERNATIONAL EUROPEAN UNIVERSITY UKRAINE | TRANSFER TO EUROPEAN UNIVERSITY<\/title>\n<meta name=\"robots\" content=\"index, follow, max-snippet:-1, max-image-preview:large, max-video-preview:-1\" \/>\n<link rel=\"canonical\" href=\"https:\/\/ieu.university\/it\/transfer-students\/\" \/>\n<meta property=\"og:locale\" content=\"es_ES\" \/>\n<meta property=\"og:type\" content=\"article\" \/>\n<meta property=\"og:title\" content=\"TRANSFER STUDENTS TO IEU | CREDIT TRANSFER TO UKRAINIAN UNIVERSITY | UKRAINE ACCEPTS STUDENTS TRANSFERS | CREDIT TRANSFER INTERNATIONAL EUROPEAN UNIVERSITY UKRAINE | TRANSFER TO EUROPEAN UNIVERSITY\" \/>\n<meta property=\"og:description\" content=\"Transferir estudiantes \u00a1La Universidad Internacional Europea (IEU) da la bienvenida a estudiantes de transferencia internacional competentes y elegibles de todo el mundo! Las decisiones de admisi\u00f3n se basan principalmente en el historial acad\u00e9mico completo de cada solicitante. Los posibles estudiantes de transferencia que buscan admisi\u00f3n a la Universidad Europea Internacional (IEU) deben presentar los siguientes [&hellip;]\" \/>\n<meta property=\"og:url\" content=\"http:\/\/ieu.university\/es\/transfer-students\/\" \/>\n<meta property=\"og:site_name\" content=\"INTERNATIONAL EUROPEAN UNIVERSITY, UKRAINE | EUROPE | STUDY IN UKRAINE | STUDY IN EUROPE | MBBS | GENERAL MEDICINE | BUSINESS | ENGINEERING | IT | EUROPE\" \/>\n<meta property=\"article:modified_time\" content=\"2025-01-06T09:56:08+00:00\" \/>\n<meta property=\"og:image\" content=\"https:\/\/ieu.university\/wp-content\/uploads\/2024\/07\/Transfer-Students.png\" \/>\n\t<meta property=\"og:image:width\" content=\"1272\" \/>\n\t<meta property=\"og:image:height\" content=\"386\" \/>\n\t<meta property=\"og:image:type\" content=\"image\/png\" \/>\n<meta name=\"twitter:card\" content=\"summary_large_image\" \/>\n<meta name=\"twitter:label1\" content=\"Tiempo de lectura\" \/>\n\t<meta name=\"twitter:data1\" content=\"1 minuto\" \/>\n<script type=\"application\/ld+json\" class=\"yoast-schema-graph\">{\"@context\":\"https:\/\/schema.org\",\"@graph\":[{\"@type\":\"WebPage\",\"@id\":\"https:\/\/ieu.university\/it\/transfer-students\/\",\"url\":\"https:\/\/ieu.university\/it\/transfer-students\/\",\"name\":\"TRANSFER STUDENTS TO IEU | CREDIT TRANSFER TO UKRAINIAN UNIVERSITY | UKRAINE ACCEPTS STUDENTS TRANSFERS | CREDIT TRANSFER INTERNATIONAL EUROPEAN UNIVERSITY UKRAINE | TRANSFER TO EUROPEAN UNIVERSITY\",\"isPartOf\":{\"@id\":\"https:\/\/ieu.university\/#website\"},\"datePublished\":\"2022-09-23T13:02:47+00:00\",\"dateModified\":\"2025-01-06T09:56:08+00:00\",\"inLanguage\":\"es-ES\",\"potentialAction\":[{\"@type\":\"ReadAction\",\"target\":[\"https:\/\/ieu.university\/it\/transfer-students\/\"]}]},{\"@type\":\"WebSite\",\"@id\":\"https:\/\/ieu.university\/#website\",\"url\":\"https:\/\/ieu.university\/\",\"name\":\"INTERNATIONAL EUROPEAN UNIVERSITY, UKRAINE | EUROPE | STUDY IN UKRAINE | STUDY IN EUROPE | MBBS | GENERAL MEDICINE | BUSINESS | ENGINEERING | IT | EUROPE\",\"description\":\"INTERNATIONAL EUROPEAN UNIVERSITY, UKRAINE | EUROPE | STUDY IN UKRAINE | STUDY IN EUROPE | MBBS | GENERAL MEDICINE | BUSINESS | ENGINEERING | IT | EUROPE\",\"potentialAction\":[{\"@type\":\"SearchAction\",\"target\":{\"@type\":\"EntryPoint\",\"urlTemplate\":\"https:\/\/ieu.university\/?s={search_term_string}\"},\"query-input\":\"required name=search_term_string\"}],\"inLanguage\":\"es-ES\"}]}<\/script>\n<!-- \/ Yoast SEO plugin. -->","yoast_head_json":{"title":"TRANSFER STUDENTS TO IEU | CREDIT TRANSFER TO UKRAINIAN UNIVERSITY | UKRAINE ACCEPTS STUDENTS TRANSFERS | CREDIT TRANSFER INTERNATIONAL EUROPEAN UNIVERSITY UKRAINE | TRANSFER TO EUROPEAN UNIVERSITY","robots":{"index":"index","follow":"follow","max-snippet":"max-snippet:-1","max-image-preview":"max-image-preview:large","max-video-preview":"max-video-preview:-1"},"canonical":"https:\/\/ieu.university\/it\/transfer-students\/","og_locale":"es_ES","og_type":"article","og_title":"TRANSFER STUDENTS TO IEU | CREDIT TRANSFER TO UKRAINIAN UNIVERSITY | UKRAINE ACCEPTS STUDENTS TRANSFERS | CREDIT TRANSFER INTERNATIONAL EUROPEAN UNIVERSITY UKRAINE | TRANSFER TO EUROPEAN UNIVERSITY","og_description":"Transferir estudiantes \u00a1La Universidad Internacional Europea (IEU) da la bienvenida a estudiantes de transferencia internacional competentes y elegibles de todo el mundo! Las decisiones de admisi\u00f3n se basan principalmente en el historial acad\u00e9mico completo de cada solicitante. Los posibles estudiantes de transferencia que buscan admisi\u00f3n a la Universidad Europea Internacional (IEU) deben presentar los siguientes [&hellip;]","og_url":"http:\/\/ieu.university\/es\/transfer-students\/","og_site_name":"INTERNATIONAL EUROPEAN UNIVERSITY, UKRAINE | EUROPE | STUDY IN UKRAINE | STUDY IN EUROPE | MBBS | GENERAL MEDICINE | BUSINESS | ENGINEERING | IT | EUROPE","article_modified_time":"2025-01-06T09:56:08+00:00","og_image":[{"width":1272,"height":386,"url":"https:\/\/ieu.university\/wp-content\/uploads\/2024\/07\/Transfer-Students.png","type":"image\/png"}],"twitter_card":"summary_large_image","twitter_misc":{"Tiempo de lectura":"1 minuto"},"schema":{"@context":"https:\/\/schema.org","@graph":[{"@type":"WebPage","@id":"https:\/\/ieu.university\/it\/transfer-students\/","url":"https:\/\/ieu.university\/it\/transfer-students\/","name":"TRANSFER STUDENTS TO IEU | CREDIT TRANSFER TO UKRAINIAN UNIVERSITY | UKRAINE ACCEPTS STUDENTS TRANSFERS | CREDIT TRANSFER INTERNATIONAL EUROPEAN UNIVERSITY UKRAINE | TRANSFER TO EUROPEAN UNIVERSITY","isPartOf":{"@id":"https:\/\/ieu.university\/#website"},"datePublished":"2022-09-23T13:02:47+00:00","dateModified":"2025-01-06T09:56:08+00:00","inLanguage":"es-ES","potentialAction":[{"@type":"ReadAction","target":["https:\/\/ieu.university\/it\/transfer-students\/"]}]},{"@type":"WebSite","@id":"https:\/\/ieu.university\/#website","url":"https:\/\/ieu.university\/","name":"INTERNATIONAL EUROPEAN UNIVERSITY, UKRAINE | EUROPE | STUDY IN UKRAINE | STUDY IN EUROPE | MBBS | GENERAL MEDICINE | BUSINESS | ENGINEERING | IT | EUROPE","description":"INTERNATIONAL EUROPEAN UNIVERSITY, UKRAINE | EUROPE | STUDY IN UKRAINE | STUDY IN EUROPE | MBBS | GENERAL MEDICINE | BUSINESS | ENGINEERING | IT | EUROPE","potentialAction":[{"@type":"SearchAction","target":{"@type":"EntryPoint","urlTemplate":"https:\/\/ieu.university\/?s={search_term_string}"},"query-input":"required name=search_term_string"}],"inLanguage":"es-ES"}]}},"_links":{"self":[{"href":"http:\/\/ieu.university\/es\/wp-json\/wp\/v2\/pages\/178","targetHints":{"allow":["GET"]}}],"collection":[{"href":"http:\/\/ieu.university\/es\/wp-json\/wp\/v2\/pages"}],"about":[{"href":"http:\/\/ieu.university\/es\/wp-json\/wp\/v2\/types\/page"}],"author":[{"embeddable":true,"href":"http:\/\/ieu.university\/es\/wp-json\/wp\/v2\/users\/1"}],"replies":[{"embeddable":true,"href":"http:\/\/ieu.university\/es\/wp-json\/wp\/v2\/comments?post=178"}],"version-history":[{"count":20,"href":"http:\/\/ieu.university\/es\/wp-json\/wp\/v2\/pages\/178\/revisions"}],"predecessor-version":[{"id":4535,"href":"http:\/\/ieu.university\/es\/wp-json\/wp\/v2\/pages\/178\/revisions\/4535"}],"wp:featuredmedia":[{"embeddable":true,"href":"http:\/\/ieu.university\/es\/wp-json\/wp\/v2\/media\/3658"}],"wp:attachment":[{"href":"http:\/\/ieu.university\/es\/wp-json\/wp\/v2\/media?parent=178"}],"curies":[{"name":"wp","href":"https:\/\/api.w.org\/{rel}","templated":true}]}}