{"id":2142,"date":"2023-04-07T15:15:06","date_gmt":"2023-04-07T12:15:06","guid":{"rendered":"https:\/\/ieu.university\/?page_id=2142"},"modified":"2025-10-27T13:41:55","modified_gmt":"2025-10-27T10:41:55","slug":"tuition-fees-online","status":"publish","type":"page","link":"http:\/\/ieu.university\/es\/tuition-fees-online\/","title":{"rendered":"Tasas de matr\u00edcula (en l\u00ednea)"},"content":{"rendered":"<div class=\"info-block\">\n<div class=\"info-block-other new-tuition\">\n<div id=\"medical\" class=\"none\">&nbsp;<\/div>\n<h2 class=\"info-submain-title\">Escuela Europea de Medicina<\/h2>\n<h3>*Por favor, tenga en cuenta que las tasas de matr\u00edcula se indican por a\u00f1o<\/h3>\n<table>\n<tbody>\n<tr>\n<th class=\"first-cell\">Curso<\/th>\n<th class=\"first-second\">Duraci\u00f3n<\/th>\n<th class=\"first-third\">Idioma<\/th>\n<th class=\"first-fourth\">Matr\u00edcula (USD)<\/th>\n<\/tr>\n<tr>\n<td>Medicina General<\/td>\n<td>6 a\u00f1os<\/td>\n<td>Ingl\u00e9s<\/td>\n<td>4 300<\/td>\n<\/tr>\n<tr>\n<td>Odontolog\u00eda<\/td>\n<td>5 a\u00f1os<\/td>\n<td>Ingl\u00e9s<\/td>\n<td>4 300<\/td>\n<\/tr>\n<tr>\n<td>Farmacia<\/td>\n<td>5 a\u00f1os<\/td>\n<td>Ingl\u00e9s<\/td>\n<td>4 300<\/td>\n<\/tr>\n<tr>\n<td>Enfermer\u00eda<\/td>\n<td>4 a\u00f1os<\/td>\n<td>Ingl\u00e9s<\/td>\n<td>4 300<\/td>\n<\/tr>\n<tr>\n<td>Ciencias de Laboratorio M\u00e9dico<\/td>\n<td>5 a\u00f1os<\/td>\n<td>Ingl\u00e9s<\/td>\n<td>4 300<\/td>\n<\/tr>\n<tr>\n<td>Salud P\u00fablica<\/td>\n<td>4 a\u00f1os<\/td>\n<td>Ingl\u00e9s<\/td>\n<td>4 300<\/td>\n<\/tr>\n<tr>\n<td>Biomedicina<\/td>\n<td>4 a\u00f1os<\/td>\n<td>Ingl\u00e9s<\/td>\n<td>4 300<\/td>\n<\/tr>\n<tr>\n<td>Fisioterapia<\/td>\n<td>4 a\u00f1os<\/td>\n<td>Ingl\u00e9s<\/td>\n<td>4 300<\/td>\n<\/tr>\n<\/tbody>\n<\/table>\n<h3>Otros gastos:<\/h3>\n<div class=\"expensess-info\">\n      Cuota administrativa, cuota de admisi\u00f3n, cuota de inscripci\u00f3n, etc.: <strong>1 400 EUR<\/strong> (solo primer a\u00f1o)\n    <\/div>\n<\/p><\/div>\n<div class=\"info-block-other new-tuition\">\n<div id=\"business\" class=\"none\">&nbsp;<\/div>\n<h2 class=\"info-submain-title\">Escuela Europea de Negocios<\/h2>\n<h3>*Por favor, tenga en cuenta que las tasas de matr\u00edcula se indican por a\u00f1o<\/h3>\n<table>\n<tbody>\n<tr>\n<th class=\"first-cell\">Nivel de Educaci\u00f3n<\/th>\n<th class=\"first-second\">Duraci\u00f3n<\/th>\n<th class=\"first-third\">Idioma<\/th>\n<th class=\"first-fourth\">Matr\u00edcula (USD)<\/th>\n<\/tr>\n<tr>\n<td>Licenciatura<\/td>\n<td>4 a\u00f1os<\/td>\n<td>Ingl\u00e9s<\/td>\n<td>2 000<\/td>\n<\/tr>\n<tr>\n<td>Maestr\u00eda<\/td>\n<td>2 a\u00f1os<\/td>\n<td>Ingl\u00e9s<\/td>\n<td>2 000<\/td>\n<\/tr>\n<\/tbody>\n<\/table>\n<h3>Otros gastos:<\/h3>\n<div class=\"expensess-info\">\n      Cuota administrativa, cuota de admisi\u00f3n, cuota de inscripci\u00f3n, etc.: <strong>1 400 EUR<\/strong> (solo primer a\u00f1o)<br \/>\n      + En caso de Maestr\u00eda: Cuota de certificaci\u00f3n y homologaci\u00f3n: <strong>1 000 EUR<\/strong> (pago \u00fanico)\n    <\/div>\n<\/p><\/div>\n<div class=\"info-block-other new-tuition\">\n<div id=\"architect\" class=\"none\">&nbsp;<\/div>\n<h2 class=\"info-submain-title\">Escuela Europea de Arquitectura e Ingenier\u00eda<\/h2>\n<h3>*Por favor, tenga en cuenta que las tasas de matr\u00edcula se indican por a\u00f1o<\/h3>\n<table>\n<tbody>\n<tr>\n<th class=\"first-cell\">Nivel de Educaci\u00f3n<\/th>\n<th class=\"first-second\">Duraci\u00f3n<\/th>\n<th class=\"first-third\">Idioma<\/th>\n<th class=\"first-fourth\">Matr\u00edcula (USD)<\/th>\n<\/tr>\n<tr>\n<td>Licenciatura<\/td>\n<td>4 a\u00f1os<\/td>\n<td>Ingl\u00e9s<\/td>\n<td>2 000<\/td>\n<\/tr>\n<tr>\n<td>Maestr\u00eda<\/td>\n<td>2 a\u00f1os<\/td>\n<td>Ingl\u00e9s<\/td>\n<td>2 000<\/td>\n<\/tr>\n<\/tbody>\n<\/table>\n<h3>Otros gastos:<\/h3>\n<div class=\"expensess-info\">\n    Cuota administrativa, cuota de admisi\u00f3n, cuota de inscripci\u00f3n, etc.: <strong>1 400 EUR<\/strong> (solo primer a\u00f1o)<br \/>\n    + En caso de Maestr\u00eda: Cuota de certificaci\u00f3n y homologaci\u00f3n: <strong>1 000 EUR<\/strong> (pago \u00fanico)\n  <\/div>\n<\/div>\n<div class=\"info-block-other new-tuition\">\n<div id=\"language\" class=\"none\">&nbsp;<\/div>\n<h2 class=\"info-submain-title\">Escuela Europea de Idiomas \/ Departamentos preparatorios de Pre-medicina \/ Pre-ingenier\u00eda<\/h2>\n<h3>*Por favor, tenga en cuenta que las tasas de matr\u00edcula se indican por a\u00f1o<\/h3>\n<table>\n<tbody>\n<tr>\n<th class=\"first-cell\">Nivel de Educaci\u00f3n<\/th>\n<th class=\"first-second\">Duraci\u00f3n<\/th>\n<th class=\"first-third\">Idioma<\/th>\n<th class=\"first-fourth\">Matr\u00edcula (USD)<\/th>\n<\/tr>\n<tr>\n<td>Curso preparatorio<\/td>\n<td>1 a\u00f1o<\/td>\n<td>Ingl\u00e9s<\/td>\n<td>1 500<\/td>\n<\/tr>\n<\/tbody>\n<\/table>\n<h3>Otros gastos:<\/h3>\n<div class=\"expensess-info\">\n    Cuota administrativa, cuota de admisi\u00f3n, cuota de inscripci\u00f3n, etc.: <strong>1 400 EUR<\/strong> (solo primer a\u00f1o)\n  <\/div>\n<\/div>\n<div class=\"info-block-other new-tuition\">\n<div id=\"it\" class=\"none\">&nbsp;<\/div>\n<h2 class=\"info-submain-title\">Escuela Europea de Inform\u00e1tica<\/h2>\n<h3>*Por favor, tenga en cuenta que las tasas de matr\u00edcula se indican por a\u00f1o<\/h3>\n<table>\n<tbody>\n<tr>\n<th class=\"first-cell\">Nivel de Educaci\u00f3n<\/th>\n<th class=\"first-second\">Duraci\u00f3n<\/th>\n<th class=\"first-third\">Idioma<\/th>\n<th class=\"first-fourth\">Matr\u00edcula (USD)<\/th>\n<\/tr>\n<tr>\n<td>Licenciatura<\/td>\n<td>4 a\u00f1os<\/td>\n<td>Ingl\u00e9s<\/td>\n<td>2 000<\/td>\n<\/tr>\n<tr>\n<td>Maestr\u00eda<\/td>\n<td>2 a\u00f1os<\/td>\n<td>Ingl\u00e9s<\/td>\n<td>2 000<\/td>\n<\/tr>\n<\/tbody>\n<\/table>\n<h3>Otros gastos:<\/h3>\n<div class=\"expensess-info\">\n    Cuota administrativa, cuota de admisi\u00f3n, cuota de inscripci\u00f3n, etc.: <strong>1 400 EUR<\/strong> (solo primer a\u00f1o)<br \/>\n    + En caso de Maestr\u00eda: Cuota de certificaci\u00f3n y homologaci\u00f3n: <strong>1 000 EUR<\/strong> (pago \u00fanico)\n  <\/div>\n<\/div>\n<div class=\"info-block-other new-tuition\">\n<div id=\"law\" class=\"none\">&nbsp;<\/div>\n<h2 class=\"info-submain-title\">Escuela Europea de Derecho<\/h2>\n<h3>*Por favor, tenga en cuenta que las tasas de matr\u00edcula se indican por a\u00f1o<\/h3>\n<table>\n<tbody>\n<tr>\n<th class=\"first-cell\">Nivel de Educaci\u00f3n<\/th>\n<th class=\"first-second\">Duraci\u00f3n<\/th>\n<th class=\"first-third\">Idioma<\/th>\n<th class=\"first-fourth\">Matr\u00edcula (USD)<\/th>\n<\/tr>\n<tr>\n<td>Licenciatura<\/td>\n<td>4 a\u00f1os<\/td>\n<td>Ingl\u00e9s<\/td>\n<td>2 000<\/td>\n<\/tr>\n<tr>\n<td>Maestr\u00eda<\/td>\n<td>2 a\u00f1os<\/td>\n<td>Ingl\u00e9s<\/td>\n<td>2 000<\/td>\n<\/tr>\n<\/tbody>\n<\/table>\n<h3>Otros gastos:<\/h3>\n<div class=\"expensess-info\">\n    Cuota administrativa, cuota de admisi\u00f3n, cuota de inscripci\u00f3n, etc.: <strong>1 400 EUR<\/strong> (solo primer a\u00f1o)<br \/>\n    + En caso de Maestr\u00eda: Cuota de certificaci\u00f3n y homologaci\u00f3n: <strong>1 000 EUR<\/strong> (pago \u00fanico)\n  <\/div>\n<\/div>\n<div class=\"info-block-other new-tuition\">\n<div id=\"humanities\" class=\"none\">&nbsp;<\/div>\n<h2 class=\"info-submain-title\">Escuela Europea de Humanidades<\/h2>\n<h3>*Por favor, tenga en cuenta que las tasas de matr\u00edcula se indican por a\u00f1o<\/h3>\n<table>\n<tbody>\n<tr>\n<th class=\"first-cell\">Nivel de Educaci\u00f3n<\/th>\n<th class=\"first-second\">Duraci\u00f3n<\/th>\n<th class=\"first-third\">Idioma<\/th>\n<th class=\"first-fourth\">Matr\u00edcula (USD)<\/th>\n<\/tr>\n<tr>\n<td>Licenciatura<\/td>\n<td>4 a\u00f1os<\/td>\n<td>Ingl\u00e9s<\/td>\n<td>2 000<\/td>\n<\/tr>\n<tr>\n<td>Maestr\u00eda<\/td>\n<td>2 a\u00f1os<\/td>\n<td>Ingl\u00e9s<\/td>\n<td>2 000<\/td>\n<\/tr>\n<\/tbody>\n<\/table>\n<h3>Otros gastos:<\/h3>\n<div class=\"expensess-info\">\n    Cuota administrativa, cuota de admisi\u00f3n, cuota de inscripci\u00f3n, etc.: <strong>1 400 EUR<\/strong> (solo primer a\u00f1o)<br \/>\n    + En caso de Maestr\u00eda: Cuota de certificaci\u00f3n y homologaci\u00f3n: <strong>1 000 EUR<\/strong> (pago \u00fanico)\n  <\/div>\n<\/div>\n<div class=\"info-block-other new-tuition\">\n<div id=\"science\" class=\"none\">&nbsp;<\/div>\n<h2 class=\"info-submain-title\">Escuela Europea de Ciencias de la Vida<\/h2>\n<h3>*Por favor, tenga en cuenta que las tasas de matr\u00edcula se indican por a\u00f1o<\/h3>\n<table>\n<tbody>\n<tr>\n<th class=\"first-cell\">Nivel de Educaci\u00f3n<\/th>\n<th class=\"first-second\">Duraci\u00f3n<\/th>\n<th class=\"first-third\">Idioma<\/th>\n<th class=\"first-fourth\">Matr\u00edcula (USD)<\/th>\n<\/tr>\n<tr>\n<td>Licenciatura<\/td>\n<td>4 a\u00f1os<\/td>\n<td>Ingl\u00e9s<\/td>\n<td>2 000<\/td>\n<\/tr>\n<tr>\n<td>Maestr\u00eda<\/td>\n<td>2 a\u00f1os<\/td>\n<td>Ingl\u00e9s<\/td>\n<td>2 000<\/td>\n<\/tr>\n<\/tbody>\n<\/table>\n<h3>Otros gastos:<\/h3>\n<div class=\"expensess-info\">\n    Cuota administrativa, cuota de admisi\u00f3n, cuota de inscripci\u00f3n, etc.: <strong>1 400 EUR<\/strong> (solo primer a\u00f1o)<br \/>\n    + En caso de Maestr\u00eda: Cuota de certificaci\u00f3n y homologaci\u00f3n: <strong>1 000 EUR<\/strong> (pago \u00fanico)\n  <\/div>\n<\/div>\n<\/div>\n","protected":false},"excerpt":{"rendered":"<p>&nbsp; Escuela Europea de Medicina *Por favor, tenga en cuenta que las tasas de matr\u00edcula se indican por a\u00f1o Curso Duraci\u00f3n Idioma Matr\u00edcula (USD) Medicina General 6 a\u00f1os Ingl\u00e9s 4 300 Odontolog\u00eda 5 a\u00f1os Ingl\u00e9s 4 300 Farmacia 5 a\u00f1os Ingl\u00e9s 4 300 Enfermer\u00eda 4 a\u00f1os Ingl\u00e9s 4 300 Ciencias de Laboratorio M\u00e9dico 5 a\u00f1os [&hellip;]<\/p>\n","protected":false},"author":1,"featured_media":2834,"parent":0,"menu_order":0,"comment_status":"closed","ping_status":"closed","template":"","meta":{"ngg_post_thumbnail":0,"footnotes":""},"class_list":["post-2142","page","type-page","status-publish","has-post-thumbnail","hentry"],"acf":[],"yoast_head":"<!-- This site is optimized with the Yoast SEO plugin v20.8 - https:\/\/yoast.com\/wordpress\/plugins\/seo\/ -->\n<title>ONLINE TUITION FEES IN IEU | INTERNATIONAL EUROPEAN UNIVERSITY TUITION FEES | EUROPEAN UNIVERSITIES&#039; TUITION FEES | TUITION FEES FOR EUROPEAN UNIVERSITY | AFFORDABLE EDUCATION IN EUROPE | HIGH-QUALITY AFFORDABLE EDUCATION<\/title>\n<meta name=\"robots\" content=\"index, follow, max-snippet:-1, max-image-preview:large, max-video-preview:-1\" \/>\n<link rel=\"canonical\" href=\"http:\/\/ieu.university\/it\/tuition-fees-online\/\" \/>\n<meta property=\"og:locale\" content=\"es_ES\" \/>\n<meta property=\"og:type\" content=\"article\" \/>\n<meta property=\"og:title\" content=\"ONLINE TUITION FEES IN IEU | INTERNATIONAL EUROPEAN UNIVERSITY TUITION FEES | EUROPEAN UNIVERSITIES&#039; TUITION FEES | TUITION FEES FOR EUROPEAN UNIVERSITY | AFFORDABLE EDUCATION IN EUROPE | HIGH-QUALITY AFFORDABLE EDUCATION\" \/>\n<meta property=\"og:description\" content=\"&nbsp; Escuela Europea de Medicina *Por favor, tenga en cuenta que las tasas de matr\u00edcula se indican por a\u00f1o Curso Duraci\u00f3n Idioma Matr\u00edcula (USD) Medicina General 6 a\u00f1os Ingl\u00e9s 4 300 Odontolog\u00eda 5 a\u00f1os Ingl\u00e9s 4 300 Farmacia 5 a\u00f1os Ingl\u00e9s 4 300 Enfermer\u00eda 4 a\u00f1os Ingl\u00e9s 4 300 Ciencias de Laboratorio M\u00e9dico 5 a\u00f1os [&hellip;]\" \/>\n<meta property=\"og:url\" content=\"http:\/\/ieu.university\/es\/tuition-fees-online\/\" \/>\n<meta property=\"og:site_name\" content=\"INTERNATIONAL EUROPEAN UNIVERSITY, UKRAINE | EUROPE | STUDY IN UKRAINE | STUDY IN EUROPE | MBBS | GENERAL MEDICINE | BUSINESS | ENGINEERING | IT | EUROPE\" \/>\n<meta property=\"article:modified_time\" content=\"2025-10-27T10:41:55+00:00\" \/>\n<meta property=\"og:image\" content=\"http:\/\/ieu.university\/wp-content\/uploads\/2023\/08\/Tuition-Fees.png\" \/>\n\t<meta property=\"og:image:width\" content=\"2544\" \/>\n\t<meta property=\"og:image:height\" content=\"772\" \/>\n\t<meta property=\"og:image:type\" content=\"image\/png\" \/>\n<meta name=\"twitter:card\" content=\"summary_large_image\" \/>\n<meta name=\"twitter:label1\" content=\"Tiempo de lectura\" \/>\n\t<meta name=\"twitter:data1\" content=\"3 minutos\" \/>\n<script type=\"application\/ld+json\" class=\"yoast-schema-graph\">{\"@context\":\"https:\/\/schema.org\",\"@graph\":[{\"@type\":\"WebPage\",\"@id\":\"http:\/\/ieu.university\/it\/tuition-fees-online\/\",\"url\":\"http:\/\/ieu.university\/it\/tuition-fees-online\/\",\"name\":\"ONLINE TUITION FEES IN IEU | INTERNATIONAL EUROPEAN UNIVERSITY TUITION FEES | EUROPEAN UNIVERSITIES' TUITION FEES | TUITION FEES FOR EUROPEAN UNIVERSITY | AFFORDABLE EDUCATION IN EUROPE | HIGH-QUALITY AFFORDABLE EDUCATION\",\"isPartOf\":{\"@id\":\"https:\/\/ieu.university\/#website\"},\"datePublished\":\"2023-04-07T12:15:06+00:00\",\"dateModified\":\"2025-10-27T10:41:55+00:00\",\"inLanguage\":\"es-ES\",\"potentialAction\":[{\"@type\":\"ReadAction\",\"target\":[\"http:\/\/ieu.university\/it\/tuition-fees-online\/\"]}]},{\"@type\":\"WebSite\",\"@id\":\"https:\/\/ieu.university\/#website\",\"url\":\"https:\/\/ieu.university\/\",\"name\":\"INTERNATIONAL EUROPEAN UNIVERSITY, UKRAINE | EUROPE | STUDY IN UKRAINE | STUDY IN EUROPE | MBBS | GENERAL MEDICINE | BUSINESS | ENGINEERING | IT | EUROPE\",\"description\":\"INTERNATIONAL EUROPEAN UNIVERSITY, UKRAINE | EUROPE | STUDY IN UKRAINE | STUDY IN EUROPE | MBBS | GENERAL MEDICINE | BUSINESS | ENGINEERING | IT | EUROPE\",\"potentialAction\":[{\"@type\":\"SearchAction\",\"target\":{\"@type\":\"EntryPoint\",\"urlTemplate\":\"https:\/\/ieu.university\/?s={search_term_string}\"},\"query-input\":\"required name=search_term_string\"}],\"inLanguage\":\"es-ES\"}]}<\/script>\n<!-- \/ Yoast SEO plugin. -->","yoast_head_json":{"title":"ONLINE TUITION FEES IN IEU | INTERNATIONAL EUROPEAN UNIVERSITY TUITION FEES | EUROPEAN UNIVERSITIES' TUITION FEES | TUITION FEES FOR EUROPEAN UNIVERSITY | AFFORDABLE EDUCATION IN EUROPE | HIGH-QUALITY AFFORDABLE EDUCATION","robots":{"index":"index","follow":"follow","max-snippet":"max-snippet:-1","max-image-preview":"max-image-preview:large","max-video-preview":"max-video-preview:-1"},"canonical":"http:\/\/ieu.university\/it\/tuition-fees-online\/","og_locale":"es_ES","og_type":"article","og_title":"ONLINE TUITION FEES IN IEU | INTERNATIONAL EUROPEAN UNIVERSITY TUITION FEES | EUROPEAN UNIVERSITIES' TUITION FEES | TUITION FEES FOR EUROPEAN UNIVERSITY | AFFORDABLE EDUCATION IN EUROPE | HIGH-QUALITY AFFORDABLE EDUCATION","og_description":"&nbsp; Escuela Europea de Medicina *Por favor, tenga en cuenta que las tasas de matr\u00edcula se indican por a\u00f1o Curso Duraci\u00f3n Idioma Matr\u00edcula (USD) Medicina General 6 a\u00f1os Ingl\u00e9s 4 300 Odontolog\u00eda 5 a\u00f1os Ingl\u00e9s 4 300 Farmacia 5 a\u00f1os Ingl\u00e9s 4 300 Enfermer\u00eda 4 a\u00f1os Ingl\u00e9s 4 300 Ciencias de Laboratorio M\u00e9dico 5 a\u00f1os [&hellip;]","og_url":"http:\/\/ieu.university\/es\/tuition-fees-online\/","og_site_name":"INTERNATIONAL EUROPEAN UNIVERSITY, UKRAINE | EUROPE | STUDY IN UKRAINE | STUDY IN EUROPE | MBBS | GENERAL MEDICINE | BUSINESS | ENGINEERING | IT | EUROPE","article_modified_time":"2025-10-27T10:41:55+00:00","og_image":[{"width":2544,"height":772,"url":"http:\/\/ieu.university\/wp-content\/uploads\/2023\/08\/Tuition-Fees.png","type":"image\/png"}],"twitter_card":"summary_large_image","twitter_misc":{"Tiempo de lectura":"3 minutos"},"schema":{"@context":"https:\/\/schema.org","@graph":[{"@type":"WebPage","@id":"http:\/\/ieu.university\/it\/tuition-fees-online\/","url":"http:\/\/ieu.university\/it\/tuition-fees-online\/","name":"ONLINE TUITION FEES IN IEU | INTERNATIONAL EUROPEAN UNIVERSITY TUITION FEES | EUROPEAN UNIVERSITIES' TUITION FEES | TUITION FEES FOR EUROPEAN UNIVERSITY | AFFORDABLE EDUCATION IN EUROPE | HIGH-QUALITY AFFORDABLE EDUCATION","isPartOf":{"@id":"https:\/\/ieu.university\/#website"},"datePublished":"2023-04-07T12:15:06+00:00","dateModified":"2025-10-27T10:41:55+00:00","inLanguage":"es-ES","potentialAction":[{"@type":"ReadAction","target":["http:\/\/ieu.university\/it\/tuition-fees-online\/"]}]},{"@type":"WebSite","@id":"https:\/\/ieu.university\/#website","url":"https:\/\/ieu.university\/","name":"INTERNATIONAL EUROPEAN UNIVERSITY, UKRAINE | EUROPE | STUDY IN UKRAINE | STUDY IN EUROPE | MBBS | GENERAL MEDICINE | BUSINESS | ENGINEERING | IT | EUROPE","description":"INTERNATIONAL EUROPEAN UNIVERSITY, UKRAINE | EUROPE | STUDY IN UKRAINE | STUDY IN EUROPE | MBBS | GENERAL MEDICINE | BUSINESS | ENGINEERING | IT | EUROPE","potentialAction":[{"@type":"SearchAction","target":{"@type":"EntryPoint","urlTemplate":"https:\/\/ieu.university\/?s={search_term_string}"},"query-input":"required name=search_term_string"}],"inLanguage":"es-ES"}]}},"_links":{"self":[{"href":"http:\/\/ieu.university\/es\/wp-json\/wp\/v2\/pages\/2142","targetHints":{"allow":["GET"]}}],"collection":[{"href":"http:\/\/ieu.university\/es\/wp-json\/wp\/v2\/pages"}],"about":[{"href":"http:\/\/ieu.university\/es\/wp-json\/wp\/v2\/types\/page"}],"author":[{"embeddable":true,"href":"http:\/\/ieu.university\/es\/wp-json\/wp\/v2\/users\/1"}],"replies":[{"embeddable":true,"href":"http:\/\/ieu.university\/es\/wp-json\/wp\/v2\/comments?post=2142"}],"version-history":[{"count":138,"href":"http:\/\/ieu.university\/es\/wp-json\/wp\/v2\/pages\/2142\/revisions"}],"predecessor-version":[{"id":4807,"href":"http:\/\/ieu.university\/es\/wp-json\/wp\/v2\/pages\/2142\/revisions\/4807"}],"wp:featuredmedia":[{"embeddable":true,"href":"http:\/\/ieu.university\/es\/wp-json\/wp\/v2\/media\/2834"}],"wp:attachment":[{"href":"http:\/\/ieu.university\/es\/wp-json\/wp\/v2\/media?parent=2142"}],"curies":[{"name":"wp","href":"https:\/\/api.w.org\/{rel}","templated":true}]}}