{"id":217,"date":"2022-09-23T17:02:10","date_gmt":"2022-09-23T14:02:10","guid":{"rendered":"http:\/\/ieu.university\/?page_id=217"},"modified":"2025-05-26T13:02:36","modified_gmt":"2025-05-26T10:02:36","slug":"hostel-and-accommodation","status":"publish","type":"page","link":"http:\/\/ieu.university\/es\/hostel-and-accommodation\/","title":{"rendered":"Alojamiento y albergue"},"content":{"rendered":"<h2>Albergue para estudiantes<\/h2>\n<p>El <strong>albergue estudiantil de la Universidad Europea Internacional<\/strong> est\u00e1 destinado a acomodar a los estudiantes durante el per\u00edodo de estudio. El albergue est\u00e1 situado cerca de la Universidad Internacional Europea, en una hermosa zona de parque, por lo que puede llegar a sus clases sin ning\u00fan problema. Es un buen lugar para relajar la mente y tomar un soplo de aire fresco en tu tiempo libre. La infraestructura del distrito est\u00e1 desarrollada, y justo al lado del albergue de la Universidad Internacional Europea, hay una<strong> tienda de comestibles con todo lo que puede satisfacer las necesidades diarias de los estudiantes.<\/strong><\/p>\n<p>El estado del albergue corresponde a las <strong>normas sanitarias actuales: <\/strong>se proporcionan locales sanitarios, de servicios p\u00fablicos y dom\u00e9sticos para el correcto funcionamiento del albergue. Tambi\u00e9n hay una cocina equipada con estufas de gas en cada planta. El tipo de planificaci\u00f3n del dormitorio es de bloques: cada bloque tiene un inodoro y un ba\u00f1o. As\u00ed que el acceso a los procedimientos de higiene es gratuito incluso por la ma\u00f1ana. Cada habitaci\u00f3n tiene<strong> camas, armarios, mesas y sillas;<\/strong> cada cama est\u00e1 provista de una<strong> almohada, una manta y un juego de ropa de cama <\/strong>(cambiada dos veces al mes).<\/p>\n<p>Los dormitorios del albergue de la Universidad Internacional Europea est\u00e1n completamente renovados y pueden acomodar a 2-3 estudiantes en una habitaci\u00f3n. Cada persona tiene suficiente privacidad y comunicaci\u00f3n sincera. Los estudiantes pueden utilizar una <strong>amplia sala de lectura<\/strong>. Si quieres relajarte en una compa\u00f1\u00eda divertida, bienvenido a la zona de descanso. Puedes usar lavadoras e Internet ilimitado de alta velocidad en el albergue de la Universidad Internacional Europea. En el territorio del albergue, puedes sentirte seguro: el <strong>Campus Universitario tiene un sistema de seguridad 24\/7<\/strong>, un sistema de pases (torniquete) y videovigilancia. El territorio de la Universidad y las principales rutas de los estudiantes desde los albergues hasta los edificios educativos est\u00e1n protegidos y patrullados por oficiales del servicio de guardia.<\/p>\n<p><strong>Los edificios y las habitaciones del campus <\/strong>de la Universidad Europea Internacional <strong>est\u00e1n totalmente disponibles para los estudiantes.<\/strong> Todas las habitaciones del albergue est\u00e1n totalmente amuebladas y var\u00edan en tama\u00f1o y n\u00famero de comodidades. Todas las habitaciones est\u00e1n equipadas con camas, colchones, almohadas, mantas, escritorios, sillas, calentadores, calentadores de agua e iluminaci\u00f3n adecuada tanto para el estudio como para la relajaci\u00f3n. Hay \u00e1reas comunes donde los estudiantes pueden jugar y mezclarse. A la llegada de los estudiantes al Campus de la Universidad Europea Internacional, se asignan alojamientos espec\u00edficos a cada estudiante y todos se alojar\u00e1n en la habitaci\u00f3n que se le ha asignado.<\/p>\n<p>Se pueden obtener <strong>viviendas fuera del campus<\/strong> en apartamentos cercanos. Los apartamentos y casas disponibles est\u00e1n amueblados y var\u00edan en tama\u00f1o, costo y n\u00famero de comodidades. En el albergue de la Universidad Internacional Europea, cada habitaci\u00f3n est\u00e1 unida a la cocina, que se proporciona para que los estudiantes cocinen la comida a su gusto.Los estudiantes pueden elegir entre<strong> comida casera, comida preparada en la tienda de comestibles o platos de restaurante<\/strong>. Tienen la oportunidad de comprar comidas en varios puntos de venta de comida en Kiev. Todas las habitaciones est\u00e1n equipadas con calentadores. Nuestros albergues cuentan con acceso las 24 horas a los servicios de seguridad y emergencia, lo que facilita la obtenci\u00f3n de asistencia cuando la necesite. Como residente del campus, tambi\u00e9n tiene acceso a todos los servicios de apoyo de la Universidad Internacional Europea, como los Servicios de Seguridad del campus, los Servicios de Asesoramiento y los Servicios de Salud.<\/p>\n<h2>Aplanamiento<\/h2>\n<p><strong>Vivir en apartamentos o pisos en ciudades como Kiev <\/strong>puede ser m\u00e1s caro en comparaci\u00f3n con el Albergue Estudiantil de la Universidad Europea Internacional, pero tambi\u00e9n ofrece una mayor independencia y responsabilidad. Kiev ofrece una amplia gama de alojamientos, desde modernos edificios de varias unidades hasta casas hist\u00f3ricas, que satisfacen<strong> diferentes preferencias y presupuestos<\/strong>. Al optar por vivir en un piso, los estudiantes tienen varias v\u00edas para encontrar un alojamiento adecuado. Los peri\u00f3dicos locales, los tablones de anuncios y las agencias de alquiler anuncian con frecuencia pisos vacantes. Ofrece a los estudiantes opciones que van desde apartamentos tipo estudio hasta unidades m\u00e1s grandes adecuadas para compartir entre amigos o compa\u00f1eros de cuarto.<\/p>\n<p>El presupuesto se vuelve crucial cuando se considera un piso, ya que los estudiantes necesitan<strong> gestionar gastos como el alquiler, los servicios p\u00fablicos, los comestibles y el transporte.<\/strong> Una planificaci\u00f3n cuidadosa garantiza que los recursos financieros se asignen de manera efectiva para cubrir todos los gastos de manutenci\u00f3n. Elegir residir en un piso ofrece claras ventajas, como<strong> la privacidad<\/strong>, la oportunidad de <strong>crear un espacio de vida personalizado y la flexibilidad de alojar a los hu\u00e9spedes o estudiar sin las limitaciones de un dormitorio.<\/strong> Sin embargo, tambi\u00e9n requiere que los estudiantes se encarguen de responsabilidades como mantener la propiedad, pagar las facturas a tiempo y cumplir con las regulaciones locales.<\/p>\n<h2>\u0421ost de la vida<\/h2>\n<p><strong>Una vida c\u00f3moda en Kiev<\/strong> requiere un presupuesto de aproximadamente<strong> 300 $ al mes <\/strong>para los gastos de subsistencia, m\u00e1s all\u00e1 de los costos de matr\u00edcula. El costo de vida en Kiev es <strong>generalmente m\u00e1s bajo en comparaci\u00f3n con muchas otras ciudades europeas<\/strong>, aunque la cantidad de dinero puede variar en funci\u00f3n del estilo de vida individual de los estudiantes. Todos los estudiantes de la Universidad Internacional Europea pueden recibir asesoramiento de asesores financieros sobre la mejor manera de manejar su dinero. Es importante tener en cuenta que debe tener algo de dinero en efectivo para los costos inmediatos (por ejemplo, los costos del aeropuerto o el transporte). Los estudiantes internacionales pueden encontrar oficinas de intercambio en todas partes de Ucrania.<\/p>\n<p>Por razones de seguridad, es recomendable<strong> no llevar grandes sumas de dinero en efectivo ni dejar dinero desatendido en su alojamiento<\/strong>. Todos los estudiantes deben abrir una cuenta bancaria poco despu\u00e9s de su llegada. Hay 4 bancos con sucursales cerca del campus de la Universidad Europea Internacional, y los cajeros autom\u00e1ticos est\u00e1n disponibles las 24 horas del d\u00eda, los 7 d\u00edas de la semana, para retiros de efectivo. Para transferir cantidades significativas de dinero, las transferencias electr\u00f3nicas son el m\u00e9todo m\u00e1s eficiente. Opciones como <strong>Western Union y MoneyGram <\/strong>tambi\u00e9n facilitan los pagos internacionales. Sin embargo, los cheques en el extranjero encuentran retrasos en la compensaci\u00f3n y generalmente no se recomiendan para las transacciones financieras en Ucrania.<\/p>\n","protected":false},"excerpt":{"rendered":"<p>Albergue para estudiantes El albergue estudiantil de la Universidad Europea Internacional est\u00e1 destinado a acomodar a los estudiantes durante el per\u00edodo de estudio. El albergue est\u00e1 situado cerca de la Universidad Internacional Europea, en una hermosa zona de parque, por lo que puede llegar a sus clases sin ning\u00fan problema. Es un buen lugar para [&hellip;]<\/p>\n","protected":false},"author":1,"featured_media":494,"parent":0,"menu_order":0,"comment_status":"closed","ping_status":"closed","template":"","meta":{"ngg_post_thumbnail":0,"footnotes":""},"class_list":["post-217","page","type-page","status-publish","has-post-thumbnail","hentry"],"acf":[],"yoast_head":"<!-- This site is optimized with the Yoast SEO plugin v20.8 - https:\/\/yoast.com\/wordpress\/plugins\/seo\/ -->\n<title>STUDENT HOSTEL IN UKRAINE | STUDENT DORMITORY IN UKRAINE | STUDY IN UKRAINE | HIGHER EDUCATION | HOSTEL IN UKRAINE | DORMITORY IN UKRAINE | STUDY IN UKRAINE | WHERE TO LIVE IN UKRAINE | ACCOMMODATION FOR STUDENTS | INTERNATIONAL STUDENTS IN UKRAINE<\/title>\n<meta name=\"robots\" content=\"index, follow, max-snippet:-1, max-image-preview:large, max-video-preview:-1\" \/>\n<link rel=\"canonical\" href=\"http:\/\/ieu.university\/es\/hostel-and-accommodation\/\" \/>\n<meta property=\"og:locale\" content=\"es_ES\" \/>\n<meta property=\"og:type\" content=\"article\" \/>\n<meta property=\"og:title\" content=\"STUDENT HOSTEL IN UKRAINE | STUDENT DORMITORY IN UKRAINE | STUDY IN UKRAINE | HIGHER EDUCATION | HOSTEL IN UKRAINE | DORMITORY IN UKRAINE | STUDY IN UKRAINE | WHERE TO LIVE IN UKRAINE | ACCOMMODATION FOR STUDENTS | INTERNATIONAL STUDENTS IN UKRAINE\" \/>\n<meta property=\"og:description\" content=\"Albergue para estudiantes El albergue estudiantil de la Universidad Europea Internacional est\u00e1 destinado a acomodar a los estudiantes durante el per\u00edodo de estudio. El albergue est\u00e1 situado cerca de la Universidad Internacional Europea, en una hermosa zona de parque, por lo que puede llegar a sus clases sin ning\u00fan problema. Es un buen lugar para [&hellip;]\" \/>\n<meta property=\"og:url\" content=\"http:\/\/ieu.university\/es\/hostel-and-accommodation\/\" \/>\n<meta property=\"og:site_name\" content=\"INTERNATIONAL EUROPEAN UNIVERSITY, UKRAINE | EUROPE | STUDY IN UKRAINE | STUDY IN EUROPE | MBBS | GENERAL MEDICINE | BUSINESS | ENGINEERING | IT | EUROPE\" \/>\n<meta property=\"article:modified_time\" content=\"2025-05-26T10:02:36+00:00\" \/>\n<meta property=\"og:image\" content=\"http:\/\/ieu.university\/wp-content\/uploads\/2022\/09\/Accommodation-Hostel-1.png\" \/>\n\t<meta property=\"og:image:width\" content=\"1272\" \/>\n\t<meta property=\"og:image:height\" content=\"386\" \/>\n\t<meta property=\"og:image:type\" content=\"image\/png\" \/>\n<meta name=\"twitter:card\" content=\"summary_large_image\" \/>\n<meta name=\"twitter:label1\" content=\"Tiempo de lectura\" \/>\n\t<meta name=\"twitter:data1\" content=\"5 minutos\" \/>\n<script type=\"application\/ld+json\" class=\"yoast-schema-graph\">{\"@context\":\"https:\/\/schema.org\",\"@graph\":[{\"@type\":\"WebPage\",\"@id\":\"http:\/\/ieu.university\/es\/hostel-and-accommodation\/\",\"url\":\"http:\/\/ieu.university\/es\/hostel-and-accommodation\/\",\"name\":\"STUDENT HOSTEL IN UKRAINE | STUDENT DORMITORY IN UKRAINE | STUDY IN UKRAINE | HIGHER EDUCATION | HOSTEL IN UKRAINE | DORMITORY IN UKRAINE | STUDY IN UKRAINE | WHERE TO LIVE IN UKRAINE | ACCOMMODATION FOR STUDENTS | INTERNATIONAL STUDENTS IN UKRAINE\",\"isPartOf\":{\"@id\":\"https:\/\/ieu.university\/#website\"},\"datePublished\":\"2022-09-23T14:02:10+00:00\",\"dateModified\":\"2025-05-26T10:02:36+00:00\",\"inLanguage\":\"es-ES\",\"potentialAction\":[{\"@type\":\"ReadAction\",\"target\":[\"http:\/\/ieu.university\/es\/hostel-and-accommodation\/\"]}]},{\"@type\":\"WebSite\",\"@id\":\"https:\/\/ieu.university\/#website\",\"url\":\"https:\/\/ieu.university\/\",\"name\":\"INTERNATIONAL EUROPEAN UNIVERSITY, UKRAINE | EUROPE | STUDY IN UKRAINE | STUDY IN EUROPE | MBBS | GENERAL MEDICINE | BUSINESS | ENGINEERING | IT | EUROPE\",\"description\":\"INTERNATIONAL EUROPEAN UNIVERSITY, UKRAINE | EUROPE | STUDY IN UKRAINE | STUDY IN EUROPE | MBBS | GENERAL MEDICINE | BUSINESS | ENGINEERING | IT | EUROPE\",\"potentialAction\":[{\"@type\":\"SearchAction\",\"target\":{\"@type\":\"EntryPoint\",\"urlTemplate\":\"https:\/\/ieu.university\/?s={search_term_string}\"},\"query-input\":\"required name=search_term_string\"}],\"inLanguage\":\"es-ES\"}]}<\/script>\n<!-- \/ Yoast SEO plugin. -->","yoast_head_json":{"title":"STUDENT HOSTEL IN UKRAINE | STUDENT DORMITORY IN UKRAINE | STUDY IN UKRAINE | HIGHER EDUCATION | HOSTEL IN UKRAINE | DORMITORY IN UKRAINE | STUDY IN UKRAINE | WHERE TO LIVE IN UKRAINE | ACCOMMODATION FOR STUDENTS | INTERNATIONAL STUDENTS IN UKRAINE","robots":{"index":"index","follow":"follow","max-snippet":"max-snippet:-1","max-image-preview":"max-image-preview:large","max-video-preview":"max-video-preview:-1"},"canonical":"http:\/\/ieu.university\/es\/hostel-and-accommodation\/","og_locale":"es_ES","og_type":"article","og_title":"STUDENT HOSTEL IN UKRAINE | STUDENT DORMITORY IN UKRAINE | STUDY IN UKRAINE | HIGHER EDUCATION | HOSTEL IN UKRAINE | DORMITORY IN UKRAINE | STUDY IN UKRAINE | WHERE TO LIVE IN UKRAINE | ACCOMMODATION FOR STUDENTS | INTERNATIONAL STUDENTS IN UKRAINE","og_description":"Albergue para estudiantes El albergue estudiantil de la Universidad Europea Internacional est\u00e1 destinado a acomodar a los estudiantes durante el per\u00edodo de estudio. El albergue est\u00e1 situado cerca de la Universidad Internacional Europea, en una hermosa zona de parque, por lo que puede llegar a sus clases sin ning\u00fan problema. Es un buen lugar para [&hellip;]","og_url":"http:\/\/ieu.university\/es\/hostel-and-accommodation\/","og_site_name":"INTERNATIONAL EUROPEAN UNIVERSITY, UKRAINE | EUROPE | STUDY IN UKRAINE | STUDY IN EUROPE | MBBS | GENERAL MEDICINE | BUSINESS | ENGINEERING | IT | EUROPE","article_modified_time":"2025-05-26T10:02:36+00:00","og_image":[{"width":1272,"height":386,"url":"http:\/\/ieu.university\/wp-content\/uploads\/2022\/09\/Accommodation-Hostel-1.png","type":"image\/png"}],"twitter_card":"summary_large_image","twitter_misc":{"Tiempo de lectura":"5 minutos"},"schema":{"@context":"https:\/\/schema.org","@graph":[{"@type":"WebPage","@id":"http:\/\/ieu.university\/es\/hostel-and-accommodation\/","url":"http:\/\/ieu.university\/es\/hostel-and-accommodation\/","name":"STUDENT HOSTEL IN UKRAINE | STUDENT DORMITORY IN UKRAINE | STUDY IN UKRAINE | HIGHER EDUCATION | HOSTEL IN UKRAINE | DORMITORY IN UKRAINE | STUDY IN UKRAINE | WHERE TO LIVE IN UKRAINE | ACCOMMODATION FOR STUDENTS | INTERNATIONAL STUDENTS IN UKRAINE","isPartOf":{"@id":"https:\/\/ieu.university\/#website"},"datePublished":"2022-09-23T14:02:10+00:00","dateModified":"2025-05-26T10:02:36+00:00","inLanguage":"es-ES","potentialAction":[{"@type":"ReadAction","target":["http:\/\/ieu.university\/es\/hostel-and-accommodation\/"]}]},{"@type":"WebSite","@id":"https:\/\/ieu.university\/#website","url":"https:\/\/ieu.university\/","name":"INTERNATIONAL EUROPEAN UNIVERSITY, UKRAINE | EUROPE | STUDY IN UKRAINE | STUDY IN EUROPE | MBBS | GENERAL MEDICINE | BUSINESS | ENGINEERING | IT | EUROPE","description":"INTERNATIONAL EUROPEAN UNIVERSITY, UKRAINE | EUROPE | STUDY IN UKRAINE | STUDY IN EUROPE | MBBS | GENERAL MEDICINE | BUSINESS | ENGINEERING | IT | EUROPE","potentialAction":[{"@type":"SearchAction","target":{"@type":"EntryPoint","urlTemplate":"https:\/\/ieu.university\/?s={search_term_string}"},"query-input":"required name=search_term_string"}],"inLanguage":"es-ES"}]}},"_links":{"self":[{"href":"http:\/\/ieu.university\/es\/wp-json\/wp\/v2\/pages\/217","targetHints":{"allow":["GET"]}}],"collection":[{"href":"http:\/\/ieu.university\/es\/wp-json\/wp\/v2\/pages"}],"about":[{"href":"http:\/\/ieu.university\/es\/wp-json\/wp\/v2\/types\/page"}],"author":[{"embeddable":true,"href":"http:\/\/ieu.university\/es\/wp-json\/wp\/v2\/users\/1"}],"replies":[{"embeddable":true,"href":"http:\/\/ieu.university\/es\/wp-json\/wp\/v2\/comments?post=217"}],"version-history":[{"count":23,"href":"http:\/\/ieu.university\/es\/wp-json\/wp\/v2\/pages\/217\/revisions"}],"predecessor-version":[{"id":4693,"href":"http:\/\/ieu.university\/es\/wp-json\/wp\/v2\/pages\/217\/revisions\/4693"}],"wp:featuredmedia":[{"embeddable":true,"href":"http:\/\/ieu.university\/es\/wp-json\/wp\/v2\/media\/494"}],"wp:attachment":[{"href":"http:\/\/ieu.university\/es\/wp-json\/wp\/v2\/media?parent=217"}],"curies":[{"name":"wp","href":"https:\/\/api.w.org\/{rel}","templated":true}]}}