{"id":220,"date":"2022-09-23T17:05:34","date_gmt":"2022-09-23T14:05:34","guid":{"rendered":"http:\/\/ieu.university\/?page_id=220"},"modified":"2025-01-06T13:47:13","modified_gmt":"2025-01-06T10:47:13","slug":"sports","status":"publish","type":"page","link":"http:\/\/ieu.university\/es\/sports\/","title":{"rendered":"Complejo de Deportes y Salud"},"content":{"rendered":"<h2>Complejo de Deportes y Salud<\/h2>\n<p>La Universidad Europea Internacional cre\u00f3 todas las condiciones necesarias para el descanso de los estudiantes y la mejora de su nivel cultural. La universidad tiene<strong> 2 salas de reuniones<\/strong> que est\u00e1n disponibles para los servicios de los estudiantes. Todos los eventos educativos universitarios tambi\u00e9n se pueden organizar y llevar a cabo all\u00ed. Las salas de reuniones se encuentran dentro de las instalaciones de la Universidad Europea Internacional. All\u00ed se celebran conferencias y seminarios cient\u00edficos, veladas creativas, reuniones con cient\u00edficos distinguidos y celebraciones para estudiantes de la Universidad Europea Internacional (como ceremonias de iniciaci\u00f3n estudiantil, concesi\u00f3n de diplomas, etc.).Las salas de montaje est\u00e1n equipadas con <strong>equipos modernos de audio, proyecci\u00f3n y v\u00eddeo.<\/strong><\/p>\n<p>La Universidad Europea Internacional tiene<strong> pearrones deportivos para educaci\u00f3n f\u00edsica, fisioterapia, ergoterapia, secciones deportivas y competiciones.<\/strong> Adem\u00e1s de los pabellones deportivos existentes en las instalaciones principales de la Universidad, la Universidad Europea Internacional ha firmado el Contrato con \u00abAvangard Sports Complex\u00bb, por lo que ahora la Universidad Europea Internacional tiene derecho a utilizar 2 pabellones deportivos (729,1 metros cuadrados y 614,7 metros cuadrados), as\u00ed como el \u00e1rea del estadio de 627,3 metros cuadrados. Los pabellones deportivos de la Universidad Europea Internacional est\u00e1n totalmente equipados para<strong> entrenamiento y competiciones deportivas en baloncesto, voleibol, minif\u00fatbol, tenis grande, gimnasia atl\u00e9tica, tenis de mesa, artes marciales y m\u00e1s.<\/strong><\/p>\n<p>Las salas est\u00e1n provistas de tablas de baloncesto, puertas de f\u00fatbol, redes de voleibol, redes para tenis y b\u00e1dminton, baloncesto, f\u00fatbol y voleibol, mesas para tenis de mesa, simuladores, arboretos, erg\u00f3metros para bicicletas, plataformas de \u00abrehabilitaci\u00f3n y salud\u00bb, pisadas deportivas (bloques de empuje horizontales y verticales para los m\u00fasculos de la espalda, enlace, bicicleta de ejercicio horizontal, entrenador de m\u00fasculos del muslo, m\u00e1quina Smith, m\u00e1quina de pecho, entrenador muscular de accionamiento y tracci\u00f3n, crossover, entrenador de prensa de piernas, mancuernas profesionales, discos, pared vers\u00e1til, mesa de lucha de brazos, barra, mancuerna, unidades a la barra, pelotas para desarrollar la mano, bolas de masaje, relleno, f\u00fatbol, etc.).<\/p>\n<p>El estadio de la Universidad Europea Internacional est\u00e1 parcialmente equipado con una <strong>cubierta de goma especial para el f\u00fatbol y el voleibol,<\/strong> cintas de correr, un hoyo de salto de longitud, pilares y una cancha de voleibol. Los estudiantes de la Universidad Europea Internacional pueden usar todo su equipo moderno durante las clases y despu\u00e9s de las clases si hacen una cita. Permite a los estudiantes pasar m\u00e1s tiempo en el gimnasio, no solo haciendo deporte, sino tambi\u00e9n <strong>mejorando su salud<\/strong>. Los estudiantes son supervisados constantemente por profesionales. Los especialistas m\u00e9dicos universitarios en todos los pabellones deportivos pueden ayudar si los estudiantes lo necesitan. Por lo tanto, la infraestructura deportiva de la Universidad Internacional Europea satisface plenamente las necesidades de la Universidad en el proceso educativo deportivo y las necesidades de los estudiantes en la autorrealizaci\u00f3n personal.<\/p>\n","protected":false},"excerpt":{"rendered":"<p>Complejo de Deportes y Salud La Universidad Europea Internacional cre\u00f3 todas las condiciones necesarias para el descanso de los estudiantes y la mejora de su nivel cultural. La universidad tiene 2 salas de reuniones que est\u00e1n disponibles para los servicios de los estudiantes. Todos los eventos educativos universitarios tambi\u00e9n se pueden organizar y llevar a [&hellip;]<\/p>\n","protected":false},"author":1,"featured_media":3654,"parent":0,"menu_order":0,"comment_status":"closed","ping_status":"closed","template":"","meta":{"ngg_post_thumbnail":0,"footnotes":""},"class_list":["post-220","page","type-page","status-publish","has-post-thumbnail","hentry"],"acf":[],"yoast_head":"<!-- This site is optimized with the Yoast SEO plugin v20.8 - https:\/\/yoast.com\/wordpress\/plugins\/seo\/ -->\n<title>DEPORTE Y SALUD | ESTUDIAR EN UCRANIA | ESTUDIAR EN EL EXTRANJERO | ESTUDIAR EN INGL\u00c9S EN UCRANIA | UNIVERSIDAD INTERNACIONAL EUROPEA | DEPORTE EN UCRANIA | GIMNASIO PARA ESTUDIANTES EN UCRANIA<\/title>\n<meta name=\"robots\" content=\"index, follow, max-snippet:-1, max-image-preview:large, max-video-preview:-1\" \/>\n<link rel=\"canonical\" href=\"https:\/\/ieu.university\/es\/sports\/\" \/>\n<meta property=\"og:locale\" content=\"es_ES\" \/>\n<meta property=\"og:type\" content=\"article\" \/>\n<meta property=\"og:title\" content=\"DEPORTE Y SALUD | ESTUDIAR EN UCRANIA | ESTUDIAR EN EL EXTRANJERO | ESTUDIAR EN INGL\u00c9S EN UCRANIA | UNIVERSIDAD INTERNACIONAL EUROPEA | DEPORTE EN UCRANIA | GIMNASIO PARA ESTUDIANTES EN UCRANIA\" \/>\n<meta property=\"og:description\" content=\"Complejo de Deportes y Salud La Universidad Europea Internacional cre\u00f3 todas las condiciones necesarias para el descanso de los estudiantes y la mejora de su nivel cultural. La universidad tiene 2 salas de reuniones que est\u00e1n disponibles para los servicios de los estudiantes. Todos los eventos educativos universitarios tambi\u00e9n se pueden organizar y llevar a [&hellip;]\" \/>\n<meta property=\"og:url\" content=\"http:\/\/ieu.university\/es\/sports\/\" \/>\n<meta property=\"og:site_name\" content=\"INTERNATIONAL EUROPEAN UNIVERSITY, UKRAINE | EUROPE | STUDY IN UKRAINE | STUDY IN EUROPE | MBBS | GENERAL MEDICINE | BUSINESS | ENGINEERING | IT | EUROPE\" \/>\n<meta property=\"article:modified_time\" content=\"2025-01-06T10:47:13+00:00\" \/>\n<meta property=\"og:image\" content=\"https:\/\/ieu.university\/wp-content\/uploads\/2024\/07\/Sport-Complex.png\" \/>\n\t<meta property=\"og:image:width\" content=\"1272\" \/>\n\t<meta property=\"og:image:height\" content=\"386\" \/>\n\t<meta property=\"og:image:type\" content=\"image\/png\" \/>\n<meta name=\"twitter:card\" content=\"summary_large_image\" \/>\n<meta name=\"twitter:label1\" content=\"Tiempo de lectura\" \/>\n\t<meta name=\"twitter:data1\" content=\"2 minutos\" \/>\n<script type=\"application\/ld+json\" class=\"yoast-schema-graph\">{\"@context\":\"https:\/\/schema.org\",\"@graph\":[{\"@type\":\"WebPage\",\"@id\":\"https:\/\/ieu.university\/es\/sports\/\",\"url\":\"https:\/\/ieu.university\/es\/sports\/\",\"name\":\"DEPORTE Y SALUD | ESTUDIAR EN UCRANIA | ESTUDIAR EN EL EXTRANJERO | ESTUDIAR EN INGL\u00c9S EN UCRANIA | UNIVERSIDAD INTERNACIONAL EUROPEA | DEPORTE EN UCRANIA | GIMNASIO PARA ESTUDIANTES EN UCRANIA\",\"isPartOf\":{\"@id\":\"https:\/\/ieu.university\/#website\"},\"datePublished\":\"2022-09-23T14:05:34+00:00\",\"dateModified\":\"2025-01-06T10:47:13+00:00\",\"inLanguage\":\"es-ES\",\"potentialAction\":[{\"@type\":\"ReadAction\",\"target\":[\"https:\/\/ieu.university\/es\/sports\/\"]}]},{\"@type\":\"WebSite\",\"@id\":\"https:\/\/ieu.university\/#website\",\"url\":\"https:\/\/ieu.university\/\",\"name\":\"INTERNATIONAL EUROPEAN UNIVERSITY, UKRAINE | EUROPE | STUDY IN UKRAINE | STUDY IN EUROPE | MBBS | GENERAL MEDICINE | BUSINESS | ENGINEERING | IT | EUROPE\",\"description\":\"INTERNATIONAL EUROPEAN UNIVERSITY, UKRAINE | EUROPE | STUDY IN UKRAINE | STUDY IN EUROPE | MBBS | GENERAL MEDICINE | BUSINESS | ENGINEERING | IT | EUROPE\",\"potentialAction\":[{\"@type\":\"SearchAction\",\"target\":{\"@type\":\"EntryPoint\",\"urlTemplate\":\"https:\/\/ieu.university\/?s={search_term_string}\"},\"query-input\":\"required name=search_term_string\"}],\"inLanguage\":\"es-ES\"}]}<\/script>\n<!-- \/ Yoast SEO plugin. -->","yoast_head_json":{"title":"DEPORTE Y SALUD | ESTUDIAR EN UCRANIA | ESTUDIAR EN EL EXTRANJERO | ESTUDIAR EN INGL\u00c9S EN UCRANIA | UNIVERSIDAD INTERNACIONAL EUROPEA | DEPORTE EN UCRANIA | GIMNASIO PARA ESTUDIANTES EN UCRANIA","robots":{"index":"index","follow":"follow","max-snippet":"max-snippet:-1","max-image-preview":"max-image-preview:large","max-video-preview":"max-video-preview:-1"},"canonical":"https:\/\/ieu.university\/es\/sports\/","og_locale":"es_ES","og_type":"article","og_title":"DEPORTE Y SALUD | ESTUDIAR EN UCRANIA | ESTUDIAR EN EL EXTRANJERO | ESTUDIAR EN INGL\u00c9S EN UCRANIA | UNIVERSIDAD INTERNACIONAL EUROPEA | DEPORTE EN UCRANIA | GIMNASIO PARA ESTUDIANTES EN UCRANIA","og_description":"Complejo de Deportes y Salud La Universidad Europea Internacional cre\u00f3 todas las condiciones necesarias para el descanso de los estudiantes y la mejora de su nivel cultural. La universidad tiene 2 salas de reuniones que est\u00e1n disponibles para los servicios de los estudiantes. Todos los eventos educativos universitarios tambi\u00e9n se pueden organizar y llevar a [&hellip;]","og_url":"http:\/\/ieu.university\/es\/sports\/","og_site_name":"INTERNATIONAL EUROPEAN UNIVERSITY, UKRAINE | EUROPE | STUDY IN UKRAINE | STUDY IN EUROPE | MBBS | GENERAL MEDICINE | BUSINESS | ENGINEERING | IT | EUROPE","article_modified_time":"2025-01-06T10:47:13+00:00","og_image":[{"width":1272,"height":386,"url":"https:\/\/ieu.university\/wp-content\/uploads\/2024\/07\/Sport-Complex.png","type":"image\/png"}],"twitter_card":"summary_large_image","twitter_misc":{"Tiempo de lectura":"2 minutos"},"schema":{"@context":"https:\/\/schema.org","@graph":[{"@type":"WebPage","@id":"https:\/\/ieu.university\/es\/sports\/","url":"https:\/\/ieu.university\/es\/sports\/","name":"DEPORTE Y SALUD | ESTUDIAR EN UCRANIA | ESTUDIAR EN EL EXTRANJERO | ESTUDIAR EN INGL\u00c9S EN UCRANIA | UNIVERSIDAD INTERNACIONAL EUROPEA | DEPORTE EN UCRANIA | GIMNASIO PARA ESTUDIANTES EN UCRANIA","isPartOf":{"@id":"https:\/\/ieu.university\/#website"},"datePublished":"2022-09-23T14:05:34+00:00","dateModified":"2025-01-06T10:47:13+00:00","inLanguage":"es-ES","potentialAction":[{"@type":"ReadAction","target":["https:\/\/ieu.university\/es\/sports\/"]}]},{"@type":"WebSite","@id":"https:\/\/ieu.university\/#website","url":"https:\/\/ieu.university\/","name":"INTERNATIONAL EUROPEAN UNIVERSITY, UKRAINE | EUROPE | STUDY IN UKRAINE | STUDY IN EUROPE | MBBS | GENERAL MEDICINE | BUSINESS | ENGINEERING | IT | EUROPE","description":"INTERNATIONAL EUROPEAN UNIVERSITY, UKRAINE | EUROPE | STUDY IN UKRAINE | STUDY IN EUROPE | MBBS | GENERAL MEDICINE | BUSINESS | ENGINEERING | IT | EUROPE","potentialAction":[{"@type":"SearchAction","target":{"@type":"EntryPoint","urlTemplate":"https:\/\/ieu.university\/?s={search_term_string}"},"query-input":"required name=search_term_string"}],"inLanguage":"es-ES"}]}},"_links":{"self":[{"href":"http:\/\/ieu.university\/es\/wp-json\/wp\/v2\/pages\/220","targetHints":{"allow":["GET"]}}],"collection":[{"href":"http:\/\/ieu.university\/es\/wp-json\/wp\/v2\/pages"}],"about":[{"href":"http:\/\/ieu.university\/es\/wp-json\/wp\/v2\/types\/page"}],"author":[{"embeddable":true,"href":"http:\/\/ieu.university\/es\/wp-json\/wp\/v2\/users\/1"}],"replies":[{"embeddable":true,"href":"http:\/\/ieu.university\/es\/wp-json\/wp\/v2\/comments?post=220"}],"version-history":[{"count":24,"href":"http:\/\/ieu.university\/es\/wp-json\/wp\/v2\/pages\/220\/revisions"}],"predecessor-version":[{"id":4560,"href":"http:\/\/ieu.university\/es\/wp-json\/wp\/v2\/pages\/220\/revisions\/4560"}],"wp:featuredmedia":[{"embeddable":true,"href":"http:\/\/ieu.university\/es\/wp-json\/wp\/v2\/media\/3654"}],"wp:attachment":[{"href":"http:\/\/ieu.university\/es\/wp-json\/wp\/v2\/media?parent=220"}],"curies":[{"name":"wp","href":"https:\/\/api.w.org\/{rel}","templated":true}]}}