{"id":234,"date":"2022-09-23T17:21:08","date_gmt":"2022-09-23T14:21:08","guid":{"rendered":"http:\/\/ieu.university\/?page_id=234"},"modified":"2025-01-06T14:40:44","modified_gmt":"2025-01-06T11:40:44","slug":"partners","status":"publish","type":"page","link":"http:\/\/ieu.university\/es\/partners\/","title":{"rendered":"Socios"},"content":{"rendered":"<h2>Socios<\/h2>\n<p>Una de las prioridades de la Universidad Europea Internacional es la integraci\u00f3n integral en la comunidad educativa y cient\u00edfica internacional. La Universidad Europea Internacional trabaja en estrecha colaboraci\u00f3n con las embajadas ucranianas en el extranjero y con embajadas y consulados extranjeros en Ucrania para apoyar a los estudiantes extranjeros, promover el intercambio cultural y establecer relaciones internacionales.<\/p>\n<p>Por lo tanto, la Universidad Internacional Europea est\u00e1 trabajando activamente en programas conjuntos con universidades e instituciones de investigaci\u00f3n en los EE. UU., Canad\u00e1, Alemania, Francia, Espa\u00f1a, los Pa\u00edses Bajos, Polonia, Bulgaria, Moldavia, Grecia, la Rep\u00fablica Checa, Eslovaquia, Armenia, China, Georgia y otros.<\/p>\n<p>Gracias a una amplia red de socios y a la participaci\u00f3n en asociaciones, la Universidad Europea Internacional es un participante activo en los procesos educativos, cient\u00edficos y socioculturales internacionales. Esto permite a los estudiantes y profesores de la universidad utilizar su conocimiento y potencial y hacer realidad sus ambiciones de las formas m\u00e1s productivas.<\/p>\n<h2>Organizaciones y plataformas internacionales<\/h2>\n<p>IEU se ha unido a Research For Life, que tiene cinco programas internacionales:<\/p>\n<p>HINARI &#8211; investigaci\u00f3n en el campo de la salud;<\/p>\n<p>AGORA &#8211; investigaci\u00f3n en el campo de la agricultura;<\/p>\n<p>OARE &#8211; investigaci\u00f3n en el campo del medio ambiente;<\/p>\n<p>ARDI &#8211; desarrollo e innovaci\u00f3n;<\/p>\n<p>GOALI &#8211; investigaci\u00f3n en el campo de la jurisprudencia.<\/p>\n<p>La Universidad Internacional Europea tambi\u00e9n ha firmado un memorando que establece el establecimiento y desarrollo de una red para el reconocimiento de las cualificaciones educativas extranjeras. <\/p>\n<p><strong>La universidad coopera con organizaciones como:<\/strong><\/p>\n<p>Erasmus+;<\/p>\n<p>Consejo Europeo de Reanimaci\u00f3n;<\/p>\n<p>Asociaci\u00f3n M\u00e9dica de MedEdWorld;<\/p>\n<p>Educaci\u00f3n en Europa (AMEE).<\/p>\n<p>La Universidad Internacional Europea ha firmado un acuerdo de afiliado con la Escuela Suiza de Negocios de Montreux. Nuestros estudiantes recibir\u00e1n un segundo t\u00edtulo europeo adem\u00e1s del t\u00edtulo ucraniano, despu\u00e9s de graduarse de la universidad. La cooperaci\u00f3n de la Universidad Europea Internacional con SMBS ofrece a los estudiantes oportunidades ilimitadas de empleo y desarrollo tanto en Ucrania como en los pa\u00edses de la Uni\u00f3n Europea.<\/p>\n","protected":false},"excerpt":{"rendered":"<p>Socios Una de las prioridades de la Universidad Europea Internacional es la integraci\u00f3n integral en la comunidad educativa y cient\u00edfica internacional. La Universidad Europea Internacional trabaja en estrecha colaboraci\u00f3n con las embajadas ucranianas en el extranjero y con embajadas y consulados extranjeros en Ucrania para apoyar a los estudiantes extranjeros, promover el intercambio cultural y [&hellip;]<\/p>\n","protected":false},"author":1,"featured_media":3650,"parent":0,"menu_order":0,"comment_status":"closed","ping_status":"closed","template":"","meta":{"ngg_post_thumbnail":0,"footnotes":""},"class_list":["post-234","page","type-page","status-publish","has-post-thumbnail","hentry"],"acf":[],"yoast_head":"<!-- This site is optimized with the Yoast SEO plugin v20.8 - https:\/\/yoast.com\/wordpress\/plugins\/seo\/ -->\n<title>INTERNATIONAL PARTNER COOPERATION OF INTERNATIONAL EUROPEAN UNIVERSITY IN UKRAINE | IEU UKRAINE RECOGNITION | INTERNATIONAL EUROPEAN UNIVERSITY IN UKRAINE ACCREDITATION | INTERNATIONALLY RECOGNIZED HIGHER EDUCATION IN ENGLISH<\/title>\n<meta name=\"robots\" content=\"index, follow, max-snippet:-1, max-image-preview:large, max-video-preview:-1\" \/>\n<link rel=\"canonical\" href=\"http:\/\/ieu.university\/ru\/partners\/\" \/>\n<meta property=\"og:locale\" content=\"es_ES\" \/>\n<meta property=\"og:type\" content=\"article\" \/>\n<meta property=\"og:title\" content=\"INTERNATIONAL PARTNER COOPERATION OF INTERNATIONAL EUROPEAN UNIVERSITY IN UKRAINE | IEU UKRAINE RECOGNITION | INTERNATIONAL EUROPEAN UNIVERSITY IN UKRAINE ACCREDITATION | INTERNATIONALLY RECOGNIZED HIGHER EDUCATION IN ENGLISH\" \/>\n<meta property=\"og:description\" content=\"Socios Una de las prioridades de la Universidad Europea Internacional es la integraci\u00f3n integral en la comunidad educativa y cient\u00edfica internacional. La Universidad Europea Internacional trabaja en estrecha colaboraci\u00f3n con las embajadas ucranianas en el extranjero y con embajadas y consulados extranjeros en Ucrania para apoyar a los estudiantes extranjeros, promover el intercambio cultural y [&hellip;]\" \/>\n<meta property=\"og:url\" content=\"http:\/\/ieu.university\/es\/partners\/\" \/>\n<meta property=\"og:site_name\" content=\"INTERNATIONAL EUROPEAN UNIVERSITY, UKRAINE | EUROPE | STUDY IN UKRAINE | STUDY IN EUROPE | MBBS | GENERAL MEDICINE | BUSINESS | ENGINEERING | IT | EUROPE\" \/>\n<meta property=\"article:modified_time\" content=\"2025-01-06T11:40:44+00:00\" \/>\n<meta property=\"og:image\" content=\"http:\/\/ieu.university\/wp-content\/uploads\/2024\/07\/Partners.png\" \/>\n\t<meta property=\"og:image:width\" content=\"1272\" \/>\n\t<meta property=\"og:image:height\" content=\"386\" \/>\n\t<meta property=\"og:image:type\" content=\"image\/png\" \/>\n<meta name=\"twitter:card\" content=\"summary_large_image\" \/>\n<meta name=\"twitter:label1\" content=\"Tiempo de lectura\" \/>\n\t<meta name=\"twitter:data1\" content=\"2 minutos\" \/>\n<script type=\"application\/ld+json\" class=\"yoast-schema-graph\">{\"@context\":\"https:\/\/schema.org\",\"@graph\":[{\"@type\":\"WebPage\",\"@id\":\"http:\/\/ieu.university\/ru\/partners\/\",\"url\":\"http:\/\/ieu.university\/ru\/partners\/\",\"name\":\"INTERNATIONAL PARTNER COOPERATION OF INTERNATIONAL EUROPEAN UNIVERSITY IN UKRAINE | IEU UKRAINE RECOGNITION | INTERNATIONAL EUROPEAN UNIVERSITY IN UKRAINE ACCREDITATION | INTERNATIONALLY RECOGNIZED HIGHER EDUCATION IN ENGLISH\",\"isPartOf\":{\"@id\":\"https:\/\/ieu.university\/#website\"},\"datePublished\":\"2022-09-23T14:21:08+00:00\",\"dateModified\":\"2025-01-06T11:40:44+00:00\",\"inLanguage\":\"es-ES\",\"potentialAction\":[{\"@type\":\"ReadAction\",\"target\":[\"http:\/\/ieu.university\/ru\/partners\/\"]}]},{\"@type\":\"WebSite\",\"@id\":\"https:\/\/ieu.university\/#website\",\"url\":\"https:\/\/ieu.university\/\",\"name\":\"INTERNATIONAL EUROPEAN UNIVERSITY, UKRAINE | EUROPE | STUDY IN UKRAINE | STUDY IN EUROPE | MBBS | GENERAL MEDICINE | BUSINESS | ENGINEERING | IT | EUROPE\",\"description\":\"INTERNATIONAL EUROPEAN UNIVERSITY, UKRAINE | EUROPE | STUDY IN UKRAINE | STUDY IN EUROPE | MBBS | GENERAL MEDICINE | BUSINESS | ENGINEERING | IT | EUROPE\",\"potentialAction\":[{\"@type\":\"SearchAction\",\"target\":{\"@type\":\"EntryPoint\",\"urlTemplate\":\"https:\/\/ieu.university\/?s={search_term_string}\"},\"query-input\":\"required name=search_term_string\"}],\"inLanguage\":\"es-ES\"}]}<\/script>\n<!-- \/ Yoast SEO plugin. -->","yoast_head_json":{"title":"INTERNATIONAL PARTNER COOPERATION OF INTERNATIONAL EUROPEAN UNIVERSITY IN UKRAINE | IEU UKRAINE RECOGNITION | INTERNATIONAL EUROPEAN UNIVERSITY IN UKRAINE ACCREDITATION | INTERNATIONALLY RECOGNIZED HIGHER EDUCATION IN ENGLISH","robots":{"index":"index","follow":"follow","max-snippet":"max-snippet:-1","max-image-preview":"max-image-preview:large","max-video-preview":"max-video-preview:-1"},"canonical":"http:\/\/ieu.university\/ru\/partners\/","og_locale":"es_ES","og_type":"article","og_title":"INTERNATIONAL PARTNER COOPERATION OF INTERNATIONAL EUROPEAN UNIVERSITY IN UKRAINE | IEU UKRAINE RECOGNITION | INTERNATIONAL EUROPEAN UNIVERSITY IN UKRAINE ACCREDITATION | INTERNATIONALLY RECOGNIZED HIGHER EDUCATION IN ENGLISH","og_description":"Socios Una de las prioridades de la Universidad Europea Internacional es la integraci\u00f3n integral en la comunidad educativa y cient\u00edfica internacional. La Universidad Europea Internacional trabaja en estrecha colaboraci\u00f3n con las embajadas ucranianas en el extranjero y con embajadas y consulados extranjeros en Ucrania para apoyar a los estudiantes extranjeros, promover el intercambio cultural y [&hellip;]","og_url":"http:\/\/ieu.university\/es\/partners\/","og_site_name":"INTERNATIONAL EUROPEAN UNIVERSITY, UKRAINE | EUROPE | STUDY IN UKRAINE | STUDY IN EUROPE | MBBS | GENERAL MEDICINE | BUSINESS | ENGINEERING | IT | EUROPE","article_modified_time":"2025-01-06T11:40:44+00:00","og_image":[{"width":1272,"height":386,"url":"http:\/\/ieu.university\/wp-content\/uploads\/2024\/07\/Partners.png","type":"image\/png"}],"twitter_card":"summary_large_image","twitter_misc":{"Tiempo de lectura":"2 minutos"},"schema":{"@context":"https:\/\/schema.org","@graph":[{"@type":"WebPage","@id":"http:\/\/ieu.university\/ru\/partners\/","url":"http:\/\/ieu.university\/ru\/partners\/","name":"INTERNATIONAL PARTNER COOPERATION OF INTERNATIONAL EUROPEAN UNIVERSITY IN UKRAINE | IEU UKRAINE RECOGNITION | INTERNATIONAL EUROPEAN UNIVERSITY IN UKRAINE ACCREDITATION | INTERNATIONALLY RECOGNIZED HIGHER EDUCATION IN ENGLISH","isPartOf":{"@id":"https:\/\/ieu.university\/#website"},"datePublished":"2022-09-23T14:21:08+00:00","dateModified":"2025-01-06T11:40:44+00:00","inLanguage":"es-ES","potentialAction":[{"@type":"ReadAction","target":["http:\/\/ieu.university\/ru\/partners\/"]}]},{"@type":"WebSite","@id":"https:\/\/ieu.university\/#website","url":"https:\/\/ieu.university\/","name":"INTERNATIONAL EUROPEAN UNIVERSITY, UKRAINE | EUROPE | STUDY IN UKRAINE | STUDY IN EUROPE | MBBS | GENERAL MEDICINE | BUSINESS | ENGINEERING | IT | EUROPE","description":"INTERNATIONAL EUROPEAN UNIVERSITY, UKRAINE | EUROPE | STUDY IN UKRAINE | STUDY IN EUROPE | MBBS | GENERAL MEDICINE | BUSINESS | ENGINEERING | IT | EUROPE","potentialAction":[{"@type":"SearchAction","target":{"@type":"EntryPoint","urlTemplate":"https:\/\/ieu.university\/?s={search_term_string}"},"query-input":"required name=search_term_string"}],"inLanguage":"es-ES"}]}},"_links":{"self":[{"href":"http:\/\/ieu.university\/es\/wp-json\/wp\/v2\/pages\/234","targetHints":{"allow":["GET"]}}],"collection":[{"href":"http:\/\/ieu.university\/es\/wp-json\/wp\/v2\/pages"}],"about":[{"href":"http:\/\/ieu.university\/es\/wp-json\/wp\/v2\/types\/page"}],"author":[{"embeddable":true,"href":"http:\/\/ieu.university\/es\/wp-json\/wp\/v2\/users\/1"}],"replies":[{"embeddable":true,"href":"http:\/\/ieu.university\/es\/wp-json\/wp\/v2\/comments?post=234"}],"version-history":[{"count":22,"href":"http:\/\/ieu.university\/es\/wp-json\/wp\/v2\/pages\/234\/revisions"}],"predecessor-version":[{"id":4578,"href":"http:\/\/ieu.university\/es\/wp-json\/wp\/v2\/pages\/234\/revisions\/4578"}],"wp:featuredmedia":[{"embeddable":true,"href":"http:\/\/ieu.university\/es\/wp-json\/wp\/v2\/media\/3650"}],"wp:attachment":[{"href":"http:\/\/ieu.university\/es\/wp-json\/wp\/v2\/media?parent=234"}],"curies":[{"name":"wp","href":"https:\/\/api.w.org\/{rel}","templated":true}]}}