{"id":3049,"date":"2023-11-10T15:52:56","date_gmt":"2023-11-10T12:52:56","guid":{"rendered":"https:\/\/ieu.university\/?page_id=3049"},"modified":"2025-01-06T13:09:14","modified_gmt":"2025-01-06T10:09:14","slug":"academic-record-policy","status":"publish","type":"page","link":"http:\/\/ieu.university\/es\/academic-record-policy\/","title":{"rendered":"Pol\u00edtica de registro acad\u00e9mico"},"content":{"rendered":"<h2>Pol\u00edtica de registro acad\u00e9mico<\/h2>\n<p>De acuerdo con la <strong>Pol\u00edtica de Registro Acad\u00e9mico<\/strong> de la Universidad Europea Internacional, cada estudiante debe recibir un registro acad\u00e9mico, tambi\u00e9n conocido como Informe de <strong>Progreso Acad\u00e9mico<\/strong>, al final de cada semestre. El Informe de <strong>Progreso Acad\u00e9mico <\/strong>incluye las calificaciones obtenidas por el estudiante en cada asignatura, sin incluir la informaci\u00f3n de cr\u00e9dito. El Informe de<strong> Progreso Acad\u00e9mico<\/strong> sirve como una representaci\u00f3n completa del rendimiento del estudiante a lo largo del semestre. Es un documento oficial que eval\u00faa claramente los logros del estudiante, destacando sus fortalezas y \u00e1reas de mejora. Sirve como un medio para evaluar el progreso acad\u00e9mico y como una referencia importante para los futuros esfuerzos acad\u00e9micos del estudiante.<\/p>\n<p><strong>La Universidad Europea Internacional <\/strong>hace mucho hincapi\u00e9 en la precisi\u00f3n y puntualidad de los informes acad\u00e9micos. Cualquier error o discrepancia descubierta se rectifica de inmediato, asegurando que los Informes de Progreso Acad\u00e9mico proporcionados a los estudiantes<strong> reflejen <\/strong>con precisi\u00f3n sus logros acad\u00e9micos. \u00a1La universidad se compromete a proporcionar a los estudiantes una representaci\u00f3n de alta calidad, precisa y completa de su rendimiento acad\u00e9mico, promoviendo la transparencia y apoyando su viaje educativo!<strong> Los informes de progreso<\/strong> acad\u00e9mico son accesibles para todos los estudiantes al final de cada semestre. Los estudiantes pueden obtener sus informes de progreso accediendo al siguiente enlace:<\/p>\n<p><a href=\"https:\/\/docs.google.com\/forms\/d\/e\/1FAIpQLSdAFnpIF07kpYf4d3OJKpJrF_uFljh6pvksRVyMtivHBpOj_A\/viewform\">enlace<\/a><\/p>\n<p>Tenga en cuenta que el enlace solo ser\u00e1 accesible despu\u00e9s de la<strong> conclusi\u00f3n de la semana del examen final al final de cada semestre.<\/strong> Por lo tanto, le pedimos amablemente que espere hasta el final de la semana de examen para acceder a su informe de progreso.<\/p>\n<p>Tenga en cuenta que, de acuerdo con la<strong> Pol\u00edtica de Registro Acad\u00e9mico<\/strong> de la Universidad Europea Internacional, los estudiantes pueden obtener un expediente acad\u00e9mico de la universidad solo si se est\u00e1n retirando oficialmente de sus estudios. La pol\u00edtica se adhiere a las leyes y regulaciones vigentes para<strong> proteger la privacidad y los registros acad\u00e9micos de los estudiantes.<\/strong> La universidad reconoce que las transcripciones contienen informaci\u00f3n confidencial sobre el rendimiento acad\u00e9mico y los registros de un estudiante. Con el fin de salvaguardar los datos confidenciales de los estudiantes, la pol\u00edtica establece que las transcripciones solo se proporcionar\u00e1n a los estudiantes que hayan<strong> completado oficialmente el proceso de exclusi\u00f3n.<\/strong> Esto significa que las transcripciones se proporcionar\u00e1n exclusivamente a los estudiantes que est\u00e9n oficialmente excluidos de la Universidad Europea Internacional. La medida se toma para garantizar que la informaci\u00f3n confidencial est\u00e9 protegida y siga siendo accesible solo para aquellos que est\u00e1n autorizados a recibirla.<\/p>\n<p>La pol\u00edtica garantiza que la universidad mantenga<strong> un estricto control<\/strong> sobre la difusi\u00f3n de los registros acad\u00e9micos, de conformidad con<strong> los requisitos legales de Ucrania<\/strong>. Al permitir el acceso a las transcripciones exclusivamente para los estudiantes que se est\u00e1n retirando, la universidad defiende los derechos de privacidad de todos sus estudiantes. Los estudiantes deben entender que la pol\u00edtica est\u00e1 en vigor para<strong> proteger su informaci\u00f3n acad\u00e9mica<\/strong> y defender los principios de privacidad de los datos. Solo un estudiante que decida retirarse de sus estudios puede solicitar una transcripci\u00f3n de la universidad como parte de su documentaci\u00f3n oficial. \u00a1Tenga en cuenta que la Universidad Europea Internacional opera en el marco de la ley para garantizar la privacidad y la seguridad de la informaci\u00f3n acad\u00e9mica!<\/p>\n<h2>C\u00f3mo obtener una transcripci\u00f3n oficial<\/h2>\n<p>Obtener su<strong> Transcripci\u00f3n de Registros <\/strong>(TOR) de la Universidad Internacional Europea es un paso necesario al retirarse de su programa. En esta gu\u00eda completa, describiremos los procedimientos oficiales para obtener su transcripci\u00f3n de la Universidad Europea Internacional.Tenga en cuenta que estos pasos solo son aplicables a los estudiantes que se retiran de la universidad. \u00a1Sigue estas pautas para garantizar un resultado exitoso!<\/p>\n<p><strong>Paso 1: Descargue y complete el formulario oficial de solicitud de exclusi\u00f3n<\/strong><\/p>\n<p>Para comenzar el proceso de retirada de la Universidad Europea Internacional, un estudiante debe descargar y completar el formulario de solicitud oficial de exclusi\u00f3n. Hemos proporcionado convenientemente una muestra del formulario en esta p\u00e1gina, al que puede acceder f\u00e1cilmente y utilizar como referencia. Aseg\u00farese de completar cuidadosamente el formulario con informaci\u00f3n precisa y completa para evitar cualquier retraso en el procesamiento. Una vez que haya completado el formulario, tiene que enviarlo para iniciar el proceso de exclusi\u00f3n.<\/p>\n<p><strong>Paso 2: Completar los pagos de matr\u00edcula<\/strong><\/p>\n<p>Antes de comenzar el proceso de exclusi\u00f3n, es importante que los estudiantes se aseguren de que sus tasas de matr\u00edcula est\u00e9n completamente cubiertas. Los estudiantes que tengan saldos de matr\u00edcula pendientes no ser\u00e1n elegibles para iniciar el proceso de exclusi\u00f3n hasta que sus tarifas de matr\u00edcula se resuelvan por completo. Al garantizar el pago completo de las tasas de matr\u00edcula y cualquier otra tasa requerida por la universidad, los estudiantes pueden proceder con los pasos necesarios para el proceso de exclusi\u00f3n sin ninguna barrera financiera.<\/p>\n<p><strong>Paso 3: Someterse al procedimiento de exclusi\u00f3n oficial<\/strong><\/p>\n<p>Para proceder con la solicitud de expediente acad\u00e9mico sin problemas, todos los estudiantes deben someterse al proceso oficial de exclusi\u00f3n de la Universidad Internacional Europea. Los detalles y los pasos relacionados con el procedimiento de exclusi\u00f3n se proporcionar\u00e1n exclusivamente a cada estudiante. Esto garantiza que conozca los requisitos y directrices espec\u00edficos para completar el proceso con \u00e9xito. Aseg\u00farese de seguir las instrucciones proporcionadas y completar todos los pasos necesarios para finalizar su exclusi\u00f3n de la Universidad Internacional Europea.<\/p>\n<p><strong>Paso 4: Proporcionar una nota de solicitud de transcripci\u00f3n oficial<\/strong><\/p>\n<p>Despu\u00e9s de completar el proceso oficial de exclusi\u00f3n de la Universidad Europea Internacional, el siguiente paso es proporcionar a la universidad una nota oficial solicitando su expediente acad\u00e9mico. La nota debe indicar claramente su solicitud de la transcripci\u00f3n y proporcionar cualquier detalle necesario, como su identificaci\u00f3n de estudiante y la direcci\u00f3n a la que se debe enviar la transcripci\u00f3n. Para ayudarle a crear la nota, hemos proporcionado una muestra en esta p\u00e1gina que puede descargar. La muestra servir\u00e1 como una gu\u00eda \u00fatil para asegurarse de que su nota de solicitud incluya toda la informaci\u00f3n esencial. T\u00f3mese el tiempo para personalizar la nota de acuerdo con sus circunstancias y requisitos espec\u00edficos antes de enviarla.<\/p>\n<p><strong>Paso 5: Cubre la tarifa de transcripci\u00f3n<\/strong><\/p>\n<p>Despu\u00e9s de solicitar su transcripci\u00f3n, debe cubrir la tarifa asociada. La tarifa para obtener una transcripci\u00f3n es de 200 euros. Familiar\u00edcese con los m\u00e9todos de pago aceptados y haga los arreglos necesarios para obtener la cantidad requerida.<\/p>\n<p><strong>Paso 6: Presentar los documentos y la tarifa requeridos<\/strong><\/p>\n<p>Env\u00ede el paquete completo de los siguientes documentos para obtener la transcripci\u00f3n oficial de la Universidad Europea Internacional:<\/p>\n<ul>\n<li>Nota oficial de solicitud de exclusi\u00f3n;<\/li>\n<li>Certificado de liquidaci\u00f3n de la matr\u00edcula;<\/li>\n<li>La Nota Oficial De Solicitud De Transcripci\u00f3n;<\/li>\n<li>El Recibo De La Tarifa De La Transcripci\u00f3n.<\/li>\n<\/ul>\n<p>Mantenga copias de toda la documentaci\u00f3n para sus registros personales. Tenga en cuenta que los tiempos de procesamiento pueden variar, \u00a1pero la Universidad Europea Internacional generalmente tiene como objetivo proporcionar transcripciones en el plazo de una semana!<\/p>\n<p>Una vez que su transcripci\u00f3n est\u00e9 lista para su recogida, recibir\u00e1 una notificaci\u00f3n de la Universidad Internacional Europea. Si tiene alguna pregunta o necesita ayuda con su solicitud de transcripci\u00f3n o pago, no dude en ponerse en contacto con nosotros. \u00a1Estamos aqu\u00ed para ayudarte con todo lo que necesitas!<\/p>\n","protected":false},"excerpt":{"rendered":"<p>Pol\u00edtica de registro acad\u00e9mico De acuerdo con la Pol\u00edtica de Registro Acad\u00e9mico de la Universidad Europea Internacional, cada estudiante debe recibir un registro acad\u00e9mico, tambi\u00e9n conocido como Informe de Progreso Acad\u00e9mico, al final de cada semestre. El Informe de Progreso Acad\u00e9mico incluye las calificaciones obtenidas por el estudiante en cada asignatura, sin incluir la informaci\u00f3n [&hellip;]<\/p>\n","protected":false},"author":1,"featured_media":3624,"parent":0,"menu_order":0,"comment_status":"closed","ping_status":"closed","template":"","meta":{"ngg_post_thumbnail":0,"footnotes":""},"class_list":["post-3049","page","type-page","status-publish","has-post-thumbnail","hentry"],"acf":[],"yoast_head":"<!-- This site is optimized with the Yoast SEO plugin v20.8 - https:\/\/yoast.com\/wordpress\/plugins\/seo\/ -->\n<title>ACADEMIC RECORD POLICY AT THE INTERNATIONAL EUROPEAN UNIVERSITY | ACADEMIC PROGRESS REPORTS AT IEU | HIGH-QUALITY EDUCATION IN EUROPE | STUDY IN UKRAINE | ACADEMIC PROGRAMS IN ENGLISH<\/title>\n<meta name=\"robots\" content=\"index, follow, max-snippet:-1, max-image-preview:large, max-video-preview:-1\" \/>\n<link rel=\"canonical\" href=\"https:\/\/ieu.university\/es\/academic-record-policy\/\" \/>\n<meta property=\"og:locale\" content=\"es_ES\" \/>\n<meta property=\"og:type\" content=\"article\" \/>\n<meta property=\"og:title\" content=\"ACADEMIC RECORD POLICY AT THE INTERNATIONAL EUROPEAN UNIVERSITY | ACADEMIC PROGRESS REPORTS AT IEU | HIGH-QUALITY EDUCATION IN EUROPE | STUDY IN UKRAINE | ACADEMIC PROGRAMS IN ENGLISH\" \/>\n<meta property=\"og:description\" content=\"Pol\u00edtica de registro acad\u00e9mico De acuerdo con la Pol\u00edtica de Registro Acad\u00e9mico de la Universidad Europea Internacional, cada estudiante debe recibir un registro acad\u00e9mico, tambi\u00e9n conocido como Informe de Progreso Acad\u00e9mico, al final de cada semestre. El Informe de Progreso Acad\u00e9mico incluye las calificaciones obtenidas por el estudiante en cada asignatura, sin incluir la informaci\u00f3n [&hellip;]\" \/>\n<meta property=\"og:url\" content=\"http:\/\/ieu.university\/es\/academic-record-policy\/\" \/>\n<meta property=\"og:site_name\" content=\"INTERNATIONAL EUROPEAN UNIVERSITY, UKRAINE | EUROPE | STUDY IN UKRAINE | STUDY IN EUROPE | MBBS | GENERAL MEDICINE | BUSINESS | ENGINEERING | IT | EUROPE\" \/>\n<meta property=\"article:modified_time\" content=\"2025-01-06T10:09:14+00:00\" \/>\n<meta property=\"og:image\" content=\"https:\/\/ieu.university\/wp-content\/uploads\/2024\/07\/Academic-Record-Policy.png\" \/>\n\t<meta property=\"og:image:width\" content=\"1272\" \/>\n\t<meta property=\"og:image:height\" content=\"386\" \/>\n\t<meta property=\"og:image:type\" content=\"image\/png\" \/>\n<meta name=\"twitter:card\" content=\"summary_large_image\" \/>\n<meta name=\"twitter:label1\" content=\"Tiempo de lectura\" \/>\n\t<meta name=\"twitter:data1\" content=\"4 minutos\" \/>\n<script type=\"application\/ld+json\" class=\"yoast-schema-graph\">{\"@context\":\"https:\/\/schema.org\",\"@graph\":[{\"@type\":\"WebPage\",\"@id\":\"https:\/\/ieu.university\/es\/academic-record-policy\/\",\"url\":\"https:\/\/ieu.university\/es\/academic-record-policy\/\",\"name\":\"ACADEMIC RECORD POLICY AT THE INTERNATIONAL EUROPEAN UNIVERSITY | ACADEMIC PROGRESS REPORTS AT IEU | HIGH-QUALITY EDUCATION IN EUROPE | STUDY IN UKRAINE | ACADEMIC PROGRAMS IN ENGLISH\",\"isPartOf\":{\"@id\":\"https:\/\/ieu.university\/#website\"},\"datePublished\":\"2023-11-10T12:52:56+00:00\",\"dateModified\":\"2025-01-06T10:09:14+00:00\",\"inLanguage\":\"es-ES\",\"potentialAction\":[{\"@type\":\"ReadAction\",\"target\":[\"https:\/\/ieu.university\/es\/academic-record-policy\/\"]}]},{\"@type\":\"WebSite\",\"@id\":\"https:\/\/ieu.university\/#website\",\"url\":\"https:\/\/ieu.university\/\",\"name\":\"INTERNATIONAL EUROPEAN UNIVERSITY, UKRAINE | EUROPE | STUDY IN UKRAINE | STUDY IN EUROPE | MBBS | GENERAL MEDICINE | BUSINESS | ENGINEERING | IT | EUROPE\",\"description\":\"INTERNATIONAL EUROPEAN UNIVERSITY, UKRAINE | EUROPE | STUDY IN UKRAINE | STUDY IN EUROPE | MBBS | GENERAL MEDICINE | BUSINESS | ENGINEERING | IT | EUROPE\",\"potentialAction\":[{\"@type\":\"SearchAction\",\"target\":{\"@type\":\"EntryPoint\",\"urlTemplate\":\"https:\/\/ieu.university\/?s={search_term_string}\"},\"query-input\":\"required name=search_term_string\"}],\"inLanguage\":\"es-ES\"}]}<\/script>\n<!-- \/ Yoast SEO plugin. -->","yoast_head_json":{"title":"ACADEMIC RECORD POLICY AT THE INTERNATIONAL EUROPEAN UNIVERSITY | ACADEMIC PROGRESS REPORTS AT IEU | HIGH-QUALITY EDUCATION IN EUROPE | STUDY IN UKRAINE | ACADEMIC PROGRAMS IN ENGLISH","robots":{"index":"index","follow":"follow","max-snippet":"max-snippet:-1","max-image-preview":"max-image-preview:large","max-video-preview":"max-video-preview:-1"},"canonical":"https:\/\/ieu.university\/es\/academic-record-policy\/","og_locale":"es_ES","og_type":"article","og_title":"ACADEMIC RECORD POLICY AT THE INTERNATIONAL EUROPEAN UNIVERSITY | ACADEMIC PROGRESS REPORTS AT IEU | HIGH-QUALITY EDUCATION IN EUROPE | STUDY IN UKRAINE | ACADEMIC PROGRAMS IN ENGLISH","og_description":"Pol\u00edtica de registro acad\u00e9mico De acuerdo con la Pol\u00edtica de Registro Acad\u00e9mico de la Universidad Europea Internacional, cada estudiante debe recibir un registro acad\u00e9mico, tambi\u00e9n conocido como Informe de Progreso Acad\u00e9mico, al final de cada semestre. El Informe de Progreso Acad\u00e9mico incluye las calificaciones obtenidas por el estudiante en cada asignatura, sin incluir la informaci\u00f3n [&hellip;]","og_url":"http:\/\/ieu.university\/es\/academic-record-policy\/","og_site_name":"INTERNATIONAL EUROPEAN UNIVERSITY, UKRAINE | EUROPE | STUDY IN UKRAINE | STUDY IN EUROPE | MBBS | GENERAL MEDICINE | BUSINESS | ENGINEERING | IT | EUROPE","article_modified_time":"2025-01-06T10:09:14+00:00","og_image":[{"width":1272,"height":386,"url":"https:\/\/ieu.university\/wp-content\/uploads\/2024\/07\/Academic-Record-Policy.png","type":"image\/png"}],"twitter_card":"summary_large_image","twitter_misc":{"Tiempo de lectura":"4 minutos"},"schema":{"@context":"https:\/\/schema.org","@graph":[{"@type":"WebPage","@id":"https:\/\/ieu.university\/es\/academic-record-policy\/","url":"https:\/\/ieu.university\/es\/academic-record-policy\/","name":"ACADEMIC RECORD POLICY AT THE INTERNATIONAL EUROPEAN UNIVERSITY | ACADEMIC PROGRESS REPORTS AT IEU | HIGH-QUALITY EDUCATION IN EUROPE | STUDY IN UKRAINE | ACADEMIC PROGRAMS IN ENGLISH","isPartOf":{"@id":"https:\/\/ieu.university\/#website"},"datePublished":"2023-11-10T12:52:56+00:00","dateModified":"2025-01-06T10:09:14+00:00","inLanguage":"es-ES","potentialAction":[{"@type":"ReadAction","target":["https:\/\/ieu.university\/es\/academic-record-policy\/"]}]},{"@type":"WebSite","@id":"https:\/\/ieu.university\/#website","url":"https:\/\/ieu.university\/","name":"INTERNATIONAL EUROPEAN UNIVERSITY, UKRAINE | EUROPE | STUDY IN UKRAINE | STUDY IN EUROPE | MBBS | GENERAL MEDICINE | BUSINESS | ENGINEERING | IT | EUROPE","description":"INTERNATIONAL EUROPEAN UNIVERSITY, UKRAINE | EUROPE | STUDY IN UKRAINE | STUDY IN EUROPE | MBBS | GENERAL MEDICINE | BUSINESS | ENGINEERING | IT | EUROPE","potentialAction":[{"@type":"SearchAction","target":{"@type":"EntryPoint","urlTemplate":"https:\/\/ieu.university\/?s={search_term_string}"},"query-input":"required name=search_term_string"}],"inLanguage":"es-ES"}]}},"_links":{"self":[{"href":"http:\/\/ieu.university\/es\/wp-json\/wp\/v2\/pages\/3049","targetHints":{"allow":["GET"]}}],"collection":[{"href":"http:\/\/ieu.university\/es\/wp-json\/wp\/v2\/pages"}],"about":[{"href":"http:\/\/ieu.university\/es\/wp-json\/wp\/v2\/types\/page"}],"author":[{"embeddable":true,"href":"http:\/\/ieu.university\/es\/wp-json\/wp\/v2\/users\/1"}],"replies":[{"embeddable":true,"href":"http:\/\/ieu.university\/es\/wp-json\/wp\/v2\/comments?post=3049"}],"version-history":[{"count":38,"href":"http:\/\/ieu.university\/es\/wp-json\/wp\/v2\/pages\/3049\/revisions"}],"predecessor-version":[{"id":4551,"href":"http:\/\/ieu.university\/es\/wp-json\/wp\/v2\/pages\/3049\/revisions\/4551"}],"wp:featuredmedia":[{"embeddable":true,"href":"http:\/\/ieu.university\/es\/wp-json\/wp\/v2\/media\/3624"}],"wp:attachment":[{"href":"http:\/\/ieu.university\/es\/wp-json\/wp\/v2\/media?parent=3049"}],"curies":[{"name":"wp","href":"https:\/\/api.w.org\/{rel}","templated":true}]}}