{"id":3376,"date":"2024-06-25T10:57:31","date_gmt":"2024-06-25T07:57:31","guid":{"rendered":"https:\/\/ieu.university\/?page_id=3376"},"modified":"2025-01-06T12:26:47","modified_gmt":"2025-01-06T09:26:47","slug":"about-ieu","status":"publish","type":"page","link":"http:\/\/ieu.university\/es\/about-ieu\/","title":{"rendered":"Acerca de la universidad"},"content":{"rendered":"<h2>Acerca de la universidad<\/h2>\n<p><strong>Bienvenido al sitio web de la Universidad Europea Internacional!<\/strong><\/p>\n<p>La Universidad Europea Internacional tiene un enfoque completamente nuevo para la educaci\u00f3n de los estudiantes. El proceso educativo est\u00e1 estructurado de acuerdo con los est\u00e1ndares curriculares europeos. La Universidad Internacional Europea ha reunido una gran colecci\u00f3n de materiales impresos, ha construido una s\u00f3lida biblioteca electr\u00f3nica y ha proporcionado acceso a varias de las principales bibliotecas del mundo. La misi\u00f3n de la Universidad Europea Internacional es llevar la educaci\u00f3n, la ciencia y la cultura ucranianas a un nuevo nivel de calidad con el fin de integrarlas en el espacio europeo y mundial.<\/p>\n<p>El personal docente de la Universidad Europea Internacional est\u00e1 formado por profesores experimentados que perciben la educaci\u00f3n superior de una manera nueva y est\u00e1n<strong> listos para ense\u00f1ar y preparar a una generaci\u00f3n completamente nueva de profesionales <\/strong>para que sean expertos en m\u00e9todos y herramientas modernas de pr\u00e1ctica. El personal cient\u00edfico y pedag\u00f3gico de la Universidad Internacional Europea tiene una amplia experiencia profesional en la formaci\u00f3n de especialistas altamente cualificados. <strong>Combinando la experiencia de la educaci\u00f3n superior ucraniana con los est\u00e1ndares europeos y mundiales<\/strong> en varios campos, la Universidad Internacional Europea proporciona competitividad internacional y perspectivas brillantes de posgrado. Los estudiantes de la Universidad Europea Internacional participan en conferencias internacionales, tienen muchas <strong>oportunidades de pasant\u00edas tanto en Ucrania como en el extranjero,<\/strong> y se someten a pasant\u00edas de verano no solo en entornos (empresas) de Ucrania, sino tambi\u00e9n en el extranjero, en particular en Israel, Italia, Eslovaquia, Polonia y otros.<\/p>\n<p><strong>La Universidad Europea Internacional ofrece modernas instalaciones y recursos.<\/strong> Todos los auditorios de la Universidad Europea Internacional est\u00e1n equipados con medios para que los profesores utilicen los \u00faltimos m\u00e9todos de ense\u00f1anza y tecnolog\u00edas innovadoras. Los departamentos cl\u00ednicos de la UIE est\u00e1n ubicados en las principales instituciones m\u00e9dicas de Kiev, equipadas con literatura educativa y met\u00f3dica, equipos inform\u00e1ticos y de oficina, equipos multimedia y muebles modernos. El proceso de formaci\u00f3n, las instalaciones y los recursos de la Universidad Europea Internacional alcanzan los est\u00e1ndares y requisitos del Ministerio de Educaci\u00f3n y Ciencia de Ucrania y el Ministerio de Salud de Ucrania.<\/p>\n<p>La Universidad Europea Internacional proporciona<strong> a los estudiantes con discapacidad y grupos de baja movilidad acceso sin obst\u00e1culos a edificios<\/strong>, laboratorios y oficinas de formaci\u00f3n, una sala de lectura, una biblioteca y una sala de reuniones. Los usuarios de sillas de ruedas pueden moverse libremente a lugares p\u00fablicos y satisfacer c\u00f3modamente las necesidades diarias y descansar. La Universidad Europea Internacional <strong>hace un \u00e9nfasis significativo en el trabajo de investigaci\u00f3n.<\/strong> La universidad ofrece una variedad de clases opcionales atractivas y beneficiosas. Invitamos regularmente a reconocidos profesionales de la salud, altos directivos, representantes empresariales exitosos, profesores internacionales y tutores a participar. La Universidad Europea Internacional aplica<strong> los principios del aprendizaje centrado en el estudiante en acci\u00f3n.<\/strong> El personal docente involucra a los estudiantes en la participaci\u00f3n activa en la creaci\u00f3n del proceso de aprendizaje. Cualquier decisi\u00f3n de la direcci\u00f3n en la organizaci\u00f3n del proceso educativo se toma por acuerdo, incluyendo a los estudiantes como parte de ello que se hace.<\/p>\n<p>La Universidad Europea Internacional ofrece a los estudiantes no residentes y extranjeros<strong> lugares en los dormitorios de la universidad<\/strong>, ubicados en el coraz\u00f3n de Kiev. Todas las habitaciones han sido renovadas recientemente y est\u00e1n equipadas con muebles nuevos. Las convenientes conexiones de transporte est\u00e1n a 20 minutos de acceso en metro al edificio de la escuela, que se encuentra en una acogedora zona verde. La Universidad Europea Internacional <strong>ofrece oportunidades excepcionales para los estudiantes m\u00e1s talentosos que buscan una educaci\u00f3n moderna y de alta calidad. <\/strong>Al obtener un diploma internacional de la IEU, los estudiantes abren perspectivas de futuro en Ucrania, Europa y m\u00e1s all\u00e1. Los planes de estudio de la universidad est\u00e1n alineados con los est\u00e1ndares de educaci\u00f3n superior de la Uni\u00f3n Europea, lo que garantiza una educaci\u00f3n integral y reconocida a nivel mundial.<\/p>\n","protected":false},"excerpt":{"rendered":"<p>Acerca de la universidad Bienvenido al sitio web de la Universidad Europea Internacional! La Universidad Europea Internacional tiene un enfoque completamente nuevo para la educaci\u00f3n de los estudiantes. El proceso educativo est\u00e1 estructurado de acuerdo con los est\u00e1ndares curriculares europeos. La Universidad Internacional Europea ha reunido una gran colecci\u00f3n de materiales impresos, ha construido una [&hellip;]<\/p>\n","protected":false},"author":3,"featured_media":3695,"parent":0,"menu_order":0,"comment_status":"closed","ping_status":"closed","template":"","meta":{"ngg_post_thumbnail":0,"footnotes":""},"class_list":["post-3376","page","type-page","status-publish","has-post-thumbnail","hentry"],"acf":[],"yoast_head":"<!-- This site is optimized with the Yoast SEO plugin v20.8 - https:\/\/yoast.com\/wordpress\/plugins\/seo\/ -->\n<title>STUDIARE IN UCRAINA | ISTRUZIONE SUPERIORE IN INGLESE IN UCRAINA | ISTRUZIONE DI ALTA QUALIT\u00c0 IN EUROPA | UNIVERSIT\u00c0 ACCREDITATA IN EUROPA | UNIVERSIT\u00c0 EUROPEA INTERNAZIONALE | INFORMAZIONI SULL&#039;UNIVERSIT\u00c0 EUROPEA INTERNAZIONALE<\/title>\n<meta name=\"robots\" content=\"index, follow, max-snippet:-1, max-image-preview:large, max-video-preview:-1\" \/>\n<link rel=\"canonical\" href=\"http:\/\/ieu.university\/it\/about-ieu\/\" \/>\n<meta property=\"og:locale\" content=\"es_ES\" \/>\n<meta property=\"og:type\" content=\"article\" \/>\n<meta property=\"og:title\" content=\"STUDIARE IN UCRAINA | ISTRUZIONE SUPERIORE IN INGLESE IN UCRAINA | ISTRUZIONE DI ALTA QUALIT\u00c0 IN EUROPA | UNIVERSIT\u00c0 ACCREDITATA IN EUROPA | UNIVERSIT\u00c0 EUROPEA INTERNAZIONALE | INFORMAZIONI SULL&#039;UNIVERSIT\u00c0 EUROPEA INTERNAZIONALE\" \/>\n<meta property=\"og:description\" content=\"Acerca de la universidad Bienvenido al sitio web de la Universidad Europea Internacional! La Universidad Europea Internacional tiene un enfoque completamente nuevo para la educaci\u00f3n de los estudiantes. El proceso educativo est\u00e1 estructurado de acuerdo con los est\u00e1ndares curriculares europeos. La Universidad Internacional Europea ha reunido una gran colecci\u00f3n de materiales impresos, ha construido una [&hellip;]\" \/>\n<meta property=\"og:url\" content=\"http:\/\/ieu.university\/es\/about-ieu\/\" \/>\n<meta property=\"og:site_name\" content=\"INTERNATIONAL EUROPEAN UNIVERSITY, UKRAINE | EUROPE | STUDY IN UKRAINE | STUDY IN EUROPE | MBBS | GENERAL MEDICINE | BUSINESS | ENGINEERING | IT | EUROPE\" \/>\n<meta property=\"article:modified_time\" content=\"2025-01-06T09:26:47+00:00\" \/>\n<meta property=\"og:image\" content=\"http:\/\/ieu.university\/wp-content\/uploads\/2024\/07\/About-IEU.png\" \/>\n\t<meta property=\"og:image:width\" content=\"1272\" \/>\n\t<meta property=\"og:image:height\" content=\"386\" \/>\n\t<meta property=\"og:image:type\" content=\"image\/png\" \/>\n<meta name=\"twitter:card\" content=\"summary_large_image\" \/>\n<meta name=\"twitter:label1\" content=\"Tiempo de lectura\" \/>\n\t<meta name=\"twitter:data1\" content=\"2 minutos\" \/>\n<script type=\"application\/ld+json\" class=\"yoast-schema-graph\">{\"@context\":\"https:\/\/schema.org\",\"@graph\":[{\"@type\":\"WebPage\",\"@id\":\"http:\/\/ieu.university\/it\/about-ieu\/\",\"url\":\"http:\/\/ieu.university\/it\/about-ieu\/\",\"name\":\"STUDIARE IN UCRAINA | ISTRUZIONE SUPERIORE IN INGLESE IN UCRAINA | ISTRUZIONE DI ALTA QUALIT\u00c0 IN EUROPA | UNIVERSIT\u00c0 ACCREDITATA IN EUROPA | UNIVERSIT\u00c0 EUROPEA INTERNAZIONALE | INFORMAZIONI SULL'UNIVERSIT\u00c0 EUROPEA INTERNAZIONALE\",\"isPartOf\":{\"@id\":\"http:\/\/ieu.university\/ru\/#website\"},\"datePublished\":\"2024-06-25T07:57:31+00:00\",\"dateModified\":\"2025-01-06T09:26:47+00:00\",\"inLanguage\":\"es-ES\",\"potentialAction\":[{\"@type\":\"ReadAction\",\"target\":[\"http:\/\/ieu.university\/it\/about-ieu\/\"]}]},{\"@type\":\"WebSite\",\"@id\":\"http:\/\/ieu.university\/ru\/#website\",\"url\":\"http:\/\/ieu.university\/ru\/\",\"name\":\"INTERNATIONAL EUROPEAN UNIVERSITY, UKRAINE | EUROPE | STUDY IN UKRAINE | STUDY IN EUROPE | MBBS | GENERAL MEDICINE | BUSINESS | ENGINEERING | IT | EUROPE\",\"description\":\"INTERNATIONAL EUROPEAN UNIVERSITY, UKRAINE | EUROPE | STUDY IN UKRAINE | STUDY IN EUROPE | MBBS | GENERAL MEDICINE | BUSINESS | ENGINEERING | IT | EUROPE\",\"potentialAction\":[{\"@type\":\"SearchAction\",\"target\":{\"@type\":\"EntryPoint\",\"urlTemplate\":\"http:\/\/ieu.university\/ru\/?s={search_term_string}\"},\"query-input\":\"required name=search_term_string\"}],\"inLanguage\":\"es-ES\"}]}<\/script>\n<!-- \/ Yoast SEO plugin. -->","yoast_head_json":{"title":"STUDIARE IN UCRAINA | ISTRUZIONE SUPERIORE IN INGLESE IN UCRAINA | ISTRUZIONE DI ALTA QUALIT\u00c0 IN EUROPA | UNIVERSIT\u00c0 ACCREDITATA IN EUROPA | UNIVERSIT\u00c0 EUROPEA INTERNAZIONALE | INFORMAZIONI SULL'UNIVERSIT\u00c0 EUROPEA INTERNAZIONALE","robots":{"index":"index","follow":"follow","max-snippet":"max-snippet:-1","max-image-preview":"max-image-preview:large","max-video-preview":"max-video-preview:-1"},"canonical":"http:\/\/ieu.university\/it\/about-ieu\/","og_locale":"es_ES","og_type":"article","og_title":"STUDIARE IN UCRAINA | ISTRUZIONE SUPERIORE IN INGLESE IN UCRAINA | ISTRUZIONE DI ALTA QUALIT\u00c0 IN EUROPA | UNIVERSIT\u00c0 ACCREDITATA IN EUROPA | UNIVERSIT\u00c0 EUROPEA INTERNAZIONALE | INFORMAZIONI SULL'UNIVERSIT\u00c0 EUROPEA INTERNAZIONALE","og_description":"Acerca de la universidad Bienvenido al sitio web de la Universidad Europea Internacional! La Universidad Europea Internacional tiene un enfoque completamente nuevo para la educaci\u00f3n de los estudiantes. El proceso educativo est\u00e1 estructurado de acuerdo con los est\u00e1ndares curriculares europeos. La Universidad Internacional Europea ha reunido una gran colecci\u00f3n de materiales impresos, ha construido una [&hellip;]","og_url":"http:\/\/ieu.university\/es\/about-ieu\/","og_site_name":"INTERNATIONAL EUROPEAN UNIVERSITY, UKRAINE | EUROPE | STUDY IN UKRAINE | STUDY IN EUROPE | MBBS | GENERAL MEDICINE | BUSINESS | ENGINEERING | IT | EUROPE","article_modified_time":"2025-01-06T09:26:47+00:00","og_image":[{"width":1272,"height":386,"url":"http:\/\/ieu.university\/wp-content\/uploads\/2024\/07\/About-IEU.png","type":"image\/png"}],"twitter_card":"summary_large_image","twitter_misc":{"Tiempo de lectura":"2 minutos"},"schema":{"@context":"https:\/\/schema.org","@graph":[{"@type":"WebPage","@id":"http:\/\/ieu.university\/it\/about-ieu\/","url":"http:\/\/ieu.university\/it\/about-ieu\/","name":"STUDIARE IN UCRAINA | ISTRUZIONE SUPERIORE IN INGLESE IN UCRAINA | ISTRUZIONE DI ALTA QUALIT\u00c0 IN EUROPA | UNIVERSIT\u00c0 ACCREDITATA IN EUROPA | UNIVERSIT\u00c0 EUROPEA INTERNAZIONALE | INFORMAZIONI SULL'UNIVERSIT\u00c0 EUROPEA INTERNAZIONALE","isPartOf":{"@id":"http:\/\/ieu.university\/ru\/#website"},"datePublished":"2024-06-25T07:57:31+00:00","dateModified":"2025-01-06T09:26:47+00:00","inLanguage":"es-ES","potentialAction":[{"@type":"ReadAction","target":["http:\/\/ieu.university\/it\/about-ieu\/"]}]},{"@type":"WebSite","@id":"http:\/\/ieu.university\/ru\/#website","url":"http:\/\/ieu.university\/ru\/","name":"INTERNATIONAL EUROPEAN UNIVERSITY, UKRAINE | EUROPE | STUDY IN UKRAINE | STUDY IN EUROPE | MBBS | GENERAL MEDICINE | BUSINESS | ENGINEERING | IT | EUROPE","description":"INTERNATIONAL EUROPEAN UNIVERSITY, UKRAINE | EUROPE | STUDY IN UKRAINE | STUDY IN EUROPE | MBBS | GENERAL MEDICINE | BUSINESS | ENGINEERING | IT | EUROPE","potentialAction":[{"@type":"SearchAction","target":{"@type":"EntryPoint","urlTemplate":"http:\/\/ieu.university\/ru\/?s={search_term_string}"},"query-input":"required name=search_term_string"}],"inLanguage":"es-ES"}]}},"_links":{"self":[{"href":"http:\/\/ieu.university\/es\/wp-json\/wp\/v2\/pages\/3376","targetHints":{"allow":["GET"]}}],"collection":[{"href":"http:\/\/ieu.university\/es\/wp-json\/wp\/v2\/pages"}],"about":[{"href":"http:\/\/ieu.university\/es\/wp-json\/wp\/v2\/types\/page"}],"author":[{"embeddable":true,"href":"http:\/\/ieu.university\/es\/wp-json\/wp\/v2\/users\/3"}],"replies":[{"embeddable":true,"href":"http:\/\/ieu.university\/es\/wp-json\/wp\/v2\/comments?post=3376"}],"version-history":[{"count":24,"href":"http:\/\/ieu.university\/es\/wp-json\/wp\/v2\/pages\/3376\/revisions"}],"predecessor-version":[{"id":4395,"href":"http:\/\/ieu.university\/es\/wp-json\/wp\/v2\/pages\/3376\/revisions\/4395"}],"wp:featuredmedia":[{"embeddable":true,"href":"http:\/\/ieu.university\/es\/wp-json\/wp\/v2\/media\/3695"}],"wp:attachment":[{"href":"http:\/\/ieu.university\/es\/wp-json\/wp\/v2\/media?parent=3376"}],"curies":[{"name":"wp","href":"https:\/\/api.w.org\/{rel}","templated":true}]}}