{"id":3385,"date":"2024-06-25T11:00:15","date_gmt":"2024-06-25T08:00:15","guid":{"rendered":"https:\/\/ieu.university\/?page_id=3385"},"modified":"2025-01-06T12:52:44","modified_gmt":"2025-01-06T09:52:44","slug":"rectors-word","status":"publish","type":"page","link":"http:\/\/ieu.university\/es\/rectors-word\/","title":{"rendered":"Palabra del Rector"},"content":{"rendered":"<h2>Palabra del Rector<\/h2>\n<p><strong>QUERIDOS AMIGOS!<\/strong><\/p>\n<p>Nuestra universidad fue creada para ayudar a todos los aspirantes a solicitantes a convertirse en aspirantes a profesionales. Abrimos amplias oportunidades para todos los que est\u00e9n ansiosos por progresar y desarrollarse, por lo que les damos la oportunidad de utilizar plataformas de aprendizaje din\u00e1micas, modernas y virtuales para lograr sus deseos. Los auditorios de la Universidad Internacional Europea est\u00e1n equipados con medios de comunicaci\u00f3n, los profesores utilizan los \u00faltimos m\u00e9todos de ense\u00f1anza y los estudiantes aprenden utilizando tecnolog\u00edas innovadoras. Combinamos el conocimiento y las tradiciones antiguas con las formas modernas y los \u00faltimos avances en ciencia y educaci\u00f3n. Nuestra universidad utiliza el mejor equipo para ayudar a los estudiantes a aprender m\u00e1s, hacer m\u00e1s y convertirse en m\u00e1s. Proporcionamos a nuestros estudiantes diferentes formas de desarrollo profesional y personal. Entrenamos a especialistas en demanda, empleados altamente cualificados y profesionales en su campo. Tambi\u00e9n animamos a nuestros estudiantes a ser creativos, honestos, proactivos, educados e independientes. \u00a1Espero que una vez que elijas la Universidad Europea Internacional, puedas llegar al m\u00e1ximo entre profesores altamente profesionales y compa\u00f1eros brillantes!<\/p>\n<p>Saludos cordiales,<\/p>\n<p>Rector de la Universidad Europea Internacional<\/p>\n","protected":false},"excerpt":{"rendered":"<p>Palabra del Rector QUERIDOS AMIGOS! Nuestra universidad fue creada para ayudar a todos los aspirantes a solicitantes a convertirse en aspirantes a profesionales. Abrimos amplias oportunidades para todos los que est\u00e9n ansiosos por progresar y desarrollarse, por lo que les damos la oportunidad de utilizar plataformas de aprendizaje din\u00e1micas, modernas y virtuales para lograr sus [&hellip;]<\/p>\n","protected":false},"author":3,"featured_media":3693,"parent":0,"menu_order":0,"comment_status":"closed","ping_status":"closed","template":"","meta":{"ngg_post_thumbnail":0,"footnotes":""},"class_list":["post-3385","page","type-page","status-publish","has-post-thumbnail","hentry"],"acf":[],"yoast_head":"<!-- This site is optimized with the Yoast SEO plugin v20.8 - https:\/\/yoast.com\/wordpress\/plugins\/seo\/ -->\n<title>INTERNATIONAL EUROPEAN UNIVERSITY | RECTOR\u2019S WORD | RECTOR OF INTERNATIONAL EUROPEAN UNIVERSITY | AFFORDABLE STUDIES IN UKRAINE | INTERNATIONALLY RECOGNIZED PROGRAMS IN ENGLISH IN EUROPE | HIGH-QUALITY EDUCATION IN ENGLISH<\/title>\n<meta name=\"robots\" content=\"index, follow, max-snippet:-1, max-image-preview:large, max-video-preview:-1\" \/>\n<link rel=\"canonical\" href=\"http:\/\/ieu.university\/rectors-word\/\" \/>\n<meta property=\"og:locale\" content=\"es_ES\" \/>\n<meta property=\"og:type\" content=\"article\" \/>\n<meta property=\"og:title\" content=\"INTERNATIONAL EUROPEAN UNIVERSITY | RECTOR\u2019S WORD | RECTOR OF INTERNATIONAL EUROPEAN UNIVERSITY | AFFORDABLE STUDIES IN UKRAINE | INTERNATIONALLY RECOGNIZED PROGRAMS IN ENGLISH IN EUROPE | HIGH-QUALITY EDUCATION IN ENGLISH\" \/>\n<meta property=\"og:description\" content=\"Palabra del Rector QUERIDOS AMIGOS! Nuestra universidad fue creada para ayudar a todos los aspirantes a solicitantes a convertirse en aspirantes a profesionales. Abrimos amplias oportunidades para todos los que est\u00e9n ansiosos por progresar y desarrollarse, por lo que les damos la oportunidad de utilizar plataformas de aprendizaje din\u00e1micas, modernas y virtuales para lograr sus [&hellip;]\" \/>\n<meta property=\"og:url\" content=\"http:\/\/ieu.university\/es\/rectors-word\/\" \/>\n<meta property=\"og:site_name\" content=\"INTERNATIONAL EUROPEAN UNIVERSITY, UKRAINE | EUROPE | STUDY IN UKRAINE | STUDY IN EUROPE | MBBS | GENERAL MEDICINE | BUSINESS | ENGINEERING | IT | EUROPE\" \/>\n<meta property=\"article:modified_time\" content=\"2025-01-06T09:52:44+00:00\" \/>\n<meta property=\"og:image\" content=\"http:\/\/ieu.university\/wp-content\/uploads\/2024\/07\/Rectors-Word.png\" \/>\n\t<meta property=\"og:image:width\" content=\"1272\" \/>\n\t<meta property=\"og:image:height\" content=\"386\" \/>\n\t<meta property=\"og:image:type\" content=\"image\/png\" \/>\n<meta name=\"twitter:card\" content=\"summary_large_image\" \/>\n<meta name=\"twitter:label1\" content=\"Tiempo de lectura\" \/>\n\t<meta name=\"twitter:data1\" content=\"1 minuto\" \/>\n<script type=\"application\/ld+json\" class=\"yoast-schema-graph\">{\"@context\":\"https:\/\/schema.org\",\"@graph\":[{\"@type\":\"WebPage\",\"@id\":\"http:\/\/ieu.university\/rectors-word\/\",\"url\":\"http:\/\/ieu.university\/rectors-word\/\",\"name\":\"INTERNATIONAL EUROPEAN UNIVERSITY | RECTOR\u2019S WORD | RECTOR OF INTERNATIONAL EUROPEAN UNIVERSITY | AFFORDABLE STUDIES IN UKRAINE | INTERNATIONALLY RECOGNIZED PROGRAMS IN ENGLISH IN EUROPE | HIGH-QUALITY EDUCATION IN ENGLISH\",\"isPartOf\":{\"@id\":\"https:\/\/ieu.university\/#website\"},\"datePublished\":\"2024-06-25T08:00:15+00:00\",\"dateModified\":\"2025-01-06T09:52:44+00:00\",\"inLanguage\":\"es-ES\",\"potentialAction\":[{\"@type\":\"ReadAction\",\"target\":[\"http:\/\/ieu.university\/rectors-word\/\"]}]},{\"@type\":\"WebSite\",\"@id\":\"https:\/\/ieu.university\/#website\",\"url\":\"https:\/\/ieu.university\/\",\"name\":\"INTERNATIONAL EUROPEAN UNIVERSITY, UKRAINE | EUROPE | STUDY IN UKRAINE | STUDY IN EUROPE | MBBS | GENERAL MEDICINE | BUSINESS | ENGINEERING | IT | EUROPE\",\"description\":\"INTERNATIONAL EUROPEAN UNIVERSITY, UKRAINE | EUROPE | STUDY IN UKRAINE | STUDY IN EUROPE | MBBS | GENERAL MEDICINE | BUSINESS | ENGINEERING | IT | EUROPE\",\"potentialAction\":[{\"@type\":\"SearchAction\",\"target\":{\"@type\":\"EntryPoint\",\"urlTemplate\":\"https:\/\/ieu.university\/?s={search_term_string}\"},\"query-input\":\"required name=search_term_string\"}],\"inLanguage\":\"es-ES\"}]}<\/script>\n<!-- \/ Yoast SEO plugin. -->","yoast_head_json":{"title":"INTERNATIONAL EUROPEAN UNIVERSITY | RECTOR\u2019S WORD | RECTOR OF INTERNATIONAL EUROPEAN UNIVERSITY | AFFORDABLE STUDIES IN UKRAINE | INTERNATIONALLY RECOGNIZED PROGRAMS IN ENGLISH IN EUROPE | HIGH-QUALITY EDUCATION IN ENGLISH","robots":{"index":"index","follow":"follow","max-snippet":"max-snippet:-1","max-image-preview":"max-image-preview:large","max-video-preview":"max-video-preview:-1"},"canonical":"http:\/\/ieu.university\/rectors-word\/","og_locale":"es_ES","og_type":"article","og_title":"INTERNATIONAL EUROPEAN UNIVERSITY | RECTOR\u2019S WORD | RECTOR OF INTERNATIONAL EUROPEAN UNIVERSITY | AFFORDABLE STUDIES IN UKRAINE | INTERNATIONALLY RECOGNIZED PROGRAMS IN ENGLISH IN EUROPE | HIGH-QUALITY EDUCATION IN ENGLISH","og_description":"Palabra del Rector QUERIDOS AMIGOS! Nuestra universidad fue creada para ayudar a todos los aspirantes a solicitantes a convertirse en aspirantes a profesionales. Abrimos amplias oportunidades para todos los que est\u00e9n ansiosos por progresar y desarrollarse, por lo que les damos la oportunidad de utilizar plataformas de aprendizaje din\u00e1micas, modernas y virtuales para lograr sus [&hellip;]","og_url":"http:\/\/ieu.university\/es\/rectors-word\/","og_site_name":"INTERNATIONAL EUROPEAN UNIVERSITY, UKRAINE | EUROPE | STUDY IN UKRAINE | STUDY IN EUROPE | MBBS | GENERAL MEDICINE | BUSINESS | ENGINEERING | IT | EUROPE","article_modified_time":"2025-01-06T09:52:44+00:00","og_image":[{"width":1272,"height":386,"url":"http:\/\/ieu.university\/wp-content\/uploads\/2024\/07\/Rectors-Word.png","type":"image\/png"}],"twitter_card":"summary_large_image","twitter_misc":{"Tiempo de lectura":"1 minuto"},"schema":{"@context":"https:\/\/schema.org","@graph":[{"@type":"WebPage","@id":"http:\/\/ieu.university\/rectors-word\/","url":"http:\/\/ieu.university\/rectors-word\/","name":"INTERNATIONAL EUROPEAN UNIVERSITY | RECTOR\u2019S WORD | RECTOR OF INTERNATIONAL EUROPEAN UNIVERSITY | AFFORDABLE STUDIES IN UKRAINE | INTERNATIONALLY RECOGNIZED PROGRAMS IN ENGLISH IN EUROPE | HIGH-QUALITY EDUCATION IN ENGLISH","isPartOf":{"@id":"https:\/\/ieu.university\/#website"},"datePublished":"2024-06-25T08:00:15+00:00","dateModified":"2025-01-06T09:52:44+00:00","inLanguage":"es-ES","potentialAction":[{"@type":"ReadAction","target":["http:\/\/ieu.university\/rectors-word\/"]}]},{"@type":"WebSite","@id":"https:\/\/ieu.university\/#website","url":"https:\/\/ieu.university\/","name":"INTERNATIONAL EUROPEAN UNIVERSITY, UKRAINE | EUROPE | STUDY IN UKRAINE | STUDY IN EUROPE | MBBS | GENERAL MEDICINE | BUSINESS | ENGINEERING | IT | EUROPE","description":"INTERNATIONAL EUROPEAN UNIVERSITY, UKRAINE | EUROPE | STUDY IN UKRAINE | STUDY IN EUROPE | MBBS | GENERAL MEDICINE | BUSINESS | ENGINEERING | IT | EUROPE","potentialAction":[{"@type":"SearchAction","target":{"@type":"EntryPoint","urlTemplate":"https:\/\/ieu.university\/?s={search_term_string}"},"query-input":"required name=search_term_string"}],"inLanguage":"es-ES"}]}},"_links":{"self":[{"href":"http:\/\/ieu.university\/es\/wp-json\/wp\/v2\/pages\/3385","targetHints":{"allow":["GET"]}}],"collection":[{"href":"http:\/\/ieu.university\/es\/wp-json\/wp\/v2\/pages"}],"about":[{"href":"http:\/\/ieu.university\/es\/wp-json\/wp\/v2\/types\/page"}],"author":[{"embeddable":true,"href":"http:\/\/ieu.university\/es\/wp-json\/wp\/v2\/users\/3"}],"replies":[{"embeddable":true,"href":"http:\/\/ieu.university\/es\/wp-json\/wp\/v2\/comments?post=3385"}],"version-history":[{"count":25,"href":"http:\/\/ieu.university\/es\/wp-json\/wp\/v2\/pages\/3385\/revisions"}],"predecessor-version":[{"id":4516,"href":"http:\/\/ieu.university\/es\/wp-json\/wp\/v2\/pages\/3385\/revisions\/4516"}],"wp:featuredmedia":[{"embeddable":true,"href":"http:\/\/ieu.university\/es\/wp-json\/wp\/v2\/media\/3693"}],"wp:attachment":[{"href":"http:\/\/ieu.university\/es\/wp-json\/wp\/v2\/media?parent=3385"}],"curies":[{"name":"wp","href":"https:\/\/api.w.org\/{rel}","templated":true}]}}