{"id":3403,"date":"2024-06-25T11:27:27","date_gmt":"2024-06-25T08:27:27","guid":{"rendered":"https:\/\/ieu.university\/?page_id=3403"},"modified":"2025-01-06T12:46:17","modified_gmt":"2025-01-06T09:46:17","slug":"european-standard-degree","status":"publish","type":"page","link":"http:\/\/ieu.university\/es\/european-standard-degree\/","title":{"rendered":"T\u00edtulo est\u00e1ndar europeo"},"content":{"rendered":"<h2>T\u00edtulo est\u00e1ndar europeo<\/h2>\n<p>Las instituciones de educaci\u00f3n superior crean el Suplemento Europeo de Grado de acuerdo con las normas acordadas por la Comisi\u00f3n, el Consejo de Europa y la Organizaci\u00f3n de las Naciones Unidas para la Educaci\u00f3n, la Ciencia y la Cultura (UNESCO).<\/p>\n<p>La obtenci\u00f3n de una muestra europea por parte de un estudiante est\u00e1 estipulada por la orden del Ministerio de Educaci\u00f3n y Ciencia de Ucrania No. 943 de fecha 16.10.2009.<\/p>\n<p>El Suplemento Europeo es una herramienta importante en el Espacio Europeo de Educaci\u00f3n Superior, que garantiza que los graduados sean reconocidos por sus t\u00edtulos por las instituciones de educaci\u00f3n superior, las autoridades gubernamentales y los empleadores tanto en el pa\u00eds como en el extranjero.<\/p>\n<p>El suplemento con un certificado de muestra de un t\u00edtulo europeo es uno de los documentos que se introducen en las universidades ucranianas como parte del proceso de Bolonia.<\/p>\n<p>Los graduados tienen derecho a recibir el Suplemento de Grado Europeo de forma autom\u00e1tica, de forma gratuita y en cualquiera de los principales idiomas europeos.<\/p>\n<p>El Suplemento Europeo de Grado ofrece a los estudiantes t\u00edtulos y programas de estudio que son m\u00e1s f\u00e1ciles de comparar en toda Europa. Tambi\u00e9n proporciona una descripci\u00f3n detallada de la investigaci\u00f3n realizada y las habilidades adquiridas para el curso.<\/p>\n<p>El Suplemento tambi\u00e9n puede facilitar a los titulares el acceso a puestos de trabajo y nuevas oportunidades de estudio en el extranjero, promoviendo el reconocimiento de las cualificaciones acad\u00e9micas a nivel internacional tanto por parte de las instituciones de educaci\u00f3n superior como de los empleadores.<\/p>\n<p>Adem\u00e1s, aumenta el reconocimiento de los t\u00edtulos acad\u00e9micos ofrecidos por las instituciones de educaci\u00f3n superior y mejora la visibilidad entre sus colegas y empleadores. El Suplemento tambi\u00e9n ayuda a reducir la carga administrativa de muchas instituciones de educaci\u00f3n superior y ayuda a salvaguardar su autonom\u00eda institucional mediante la creaci\u00f3n de un marco com\u00fan para el reconocimiento de t\u00edtulos acad\u00e9micos.<\/p>\n","protected":false},"excerpt":{"rendered":"<p>T\u00edtulo est\u00e1ndar europeo Las instituciones de educaci\u00f3n superior crean el Suplemento Europeo de Grado de acuerdo con las normas acordadas por la Comisi\u00f3n, el Consejo de Europa y la Organizaci\u00f3n de las Naciones Unidas para la Educaci\u00f3n, la Ciencia y la Cultura (UNESCO). La obtenci\u00f3n de una muestra europea por parte de un estudiante est\u00e1 [&hellip;]<\/p>\n","protected":false},"author":3,"featured_media":3721,"parent":0,"menu_order":0,"comment_status":"closed","ping_status":"closed","template":"","meta":{"ngg_post_thumbnail":0,"footnotes":""},"class_list":["post-3403","page","type-page","status-publish","has-post-thumbnail","hentry"],"acf":[],"yoast_head":"<!-- This site is optimized with the Yoast SEO plugin v20.8 - https:\/\/yoast.com\/wordpress\/plugins\/seo\/ -->\n<title>EUROPEAN STANDARD DEGREE | ACCREDITED HIGHER EDUCATION IN ENGLISH | INTERNATIONALLY RECOGNIZED DEGREE IN EUROPE | HIGH-QUALITY MEDICAL DEGREE IN EUROPE<\/title>\n<meta name=\"robots\" content=\"index, follow, max-snippet:-1, max-image-preview:large, max-video-preview:-1\" \/>\n<link rel=\"canonical\" href=\"https:\/\/ieu.university\/it\/european-standard-degree\/\" \/>\n<meta property=\"og:locale\" content=\"es_ES\" \/>\n<meta property=\"og:type\" content=\"article\" \/>\n<meta property=\"og:title\" content=\"EUROPEAN STANDARD DEGREE | ACCREDITED HIGHER EDUCATION IN ENGLISH | INTERNATIONALLY RECOGNIZED DEGREE IN EUROPE | HIGH-QUALITY MEDICAL DEGREE IN EUROPE\" \/>\n<meta property=\"og:description\" content=\"T\u00edtulo est\u00e1ndar europeo Las instituciones de educaci\u00f3n superior crean el Suplemento Europeo de Grado de acuerdo con las normas acordadas por la Comisi\u00f3n, el Consejo de Europa y la Organizaci\u00f3n de las Naciones Unidas para la Educaci\u00f3n, la Ciencia y la Cultura (UNESCO). La obtenci\u00f3n de una muestra europea por parte de un estudiante est\u00e1 [&hellip;]\" \/>\n<meta property=\"og:url\" content=\"http:\/\/ieu.university\/es\/european-standard-degree\/\" \/>\n<meta property=\"og:site_name\" content=\"INTERNATIONAL EUROPEAN UNIVERSITY, UKRAINE | EUROPE | STUDY IN UKRAINE | STUDY IN EUROPE | MBBS | GENERAL MEDICINE | BUSINESS | ENGINEERING | IT | EUROPE\" \/>\n<meta property=\"article:modified_time\" content=\"2025-01-06T09:46:17+00:00\" \/>\n<meta property=\"og:image\" content=\"https:\/\/ieu.university\/wp-content\/uploads\/2024\/07\/European-Standard-Degree-d.png\" \/>\n\t<meta property=\"og:image:width\" content=\"1272\" \/>\n\t<meta property=\"og:image:height\" content=\"386\" \/>\n\t<meta property=\"og:image:type\" content=\"image\/png\" \/>\n<meta name=\"twitter:card\" content=\"summary_large_image\" \/>\n<meta name=\"twitter:label1\" content=\"Tiempo de lectura\" \/>\n\t<meta name=\"twitter:data1\" content=\"1 minuto\" \/>\n<script type=\"application\/ld+json\" class=\"yoast-schema-graph\">{\"@context\":\"https:\/\/schema.org\",\"@graph\":[{\"@type\":\"WebPage\",\"@id\":\"https:\/\/ieu.university\/it\/european-standard-degree\/\",\"url\":\"https:\/\/ieu.university\/it\/european-standard-degree\/\",\"name\":\"EUROPEAN STANDARD DEGREE | ACCREDITED HIGHER EDUCATION IN ENGLISH | INTERNATIONALLY RECOGNIZED DEGREE IN EUROPE | HIGH-QUALITY MEDICAL DEGREE IN EUROPE\",\"isPartOf\":{\"@id\":\"https:\/\/ieu.university\/#website\"},\"datePublished\":\"2024-06-25T08:27:27+00:00\",\"dateModified\":\"2025-01-06T09:46:17+00:00\",\"inLanguage\":\"es-ES\",\"potentialAction\":[{\"@type\":\"ReadAction\",\"target\":[\"https:\/\/ieu.university\/it\/european-standard-degree\/\"]}]},{\"@type\":\"WebSite\",\"@id\":\"https:\/\/ieu.university\/#website\",\"url\":\"https:\/\/ieu.university\/\",\"name\":\"INTERNATIONAL EUROPEAN UNIVERSITY, UKRAINE | EUROPE | STUDY IN UKRAINE | STUDY IN EUROPE | MBBS | GENERAL MEDICINE | BUSINESS | ENGINEERING | IT | EUROPE\",\"description\":\"INTERNATIONAL EUROPEAN UNIVERSITY, UKRAINE | EUROPE | STUDY IN UKRAINE | STUDY IN EUROPE | MBBS | GENERAL MEDICINE | BUSINESS | ENGINEERING | IT | EUROPE\",\"potentialAction\":[{\"@type\":\"SearchAction\",\"target\":{\"@type\":\"EntryPoint\",\"urlTemplate\":\"https:\/\/ieu.university\/?s={search_term_string}\"},\"query-input\":\"required name=search_term_string\"}],\"inLanguage\":\"es-ES\"}]}<\/script>\n<!-- \/ Yoast SEO plugin. -->","yoast_head_json":{"title":"EUROPEAN STANDARD DEGREE | ACCREDITED HIGHER EDUCATION IN ENGLISH | INTERNATIONALLY RECOGNIZED DEGREE IN EUROPE | HIGH-QUALITY MEDICAL DEGREE IN EUROPE","robots":{"index":"index","follow":"follow","max-snippet":"max-snippet:-1","max-image-preview":"max-image-preview:large","max-video-preview":"max-video-preview:-1"},"canonical":"https:\/\/ieu.university\/it\/european-standard-degree\/","og_locale":"es_ES","og_type":"article","og_title":"EUROPEAN STANDARD DEGREE | ACCREDITED HIGHER EDUCATION IN ENGLISH | INTERNATIONALLY RECOGNIZED DEGREE IN EUROPE | HIGH-QUALITY MEDICAL DEGREE IN EUROPE","og_description":"T\u00edtulo est\u00e1ndar europeo Las instituciones de educaci\u00f3n superior crean el Suplemento Europeo de Grado de acuerdo con las normas acordadas por la Comisi\u00f3n, el Consejo de Europa y la Organizaci\u00f3n de las Naciones Unidas para la Educaci\u00f3n, la Ciencia y la Cultura (UNESCO). La obtenci\u00f3n de una muestra europea por parte de un estudiante est\u00e1 [&hellip;]","og_url":"http:\/\/ieu.university\/es\/european-standard-degree\/","og_site_name":"INTERNATIONAL EUROPEAN UNIVERSITY, UKRAINE | EUROPE | STUDY IN UKRAINE | STUDY IN EUROPE | MBBS | GENERAL MEDICINE | BUSINESS | ENGINEERING | IT | EUROPE","article_modified_time":"2025-01-06T09:46:17+00:00","og_image":[{"width":1272,"height":386,"url":"https:\/\/ieu.university\/wp-content\/uploads\/2024\/07\/European-Standard-Degree-d.png","type":"image\/png"}],"twitter_card":"summary_large_image","twitter_misc":{"Tiempo de lectura":"1 minuto"},"schema":{"@context":"https:\/\/schema.org","@graph":[{"@type":"WebPage","@id":"https:\/\/ieu.university\/it\/european-standard-degree\/","url":"https:\/\/ieu.university\/it\/european-standard-degree\/","name":"EUROPEAN STANDARD DEGREE | ACCREDITED HIGHER EDUCATION IN ENGLISH | INTERNATIONALLY RECOGNIZED DEGREE IN EUROPE | HIGH-QUALITY MEDICAL DEGREE IN EUROPE","isPartOf":{"@id":"https:\/\/ieu.university\/#website"},"datePublished":"2024-06-25T08:27:27+00:00","dateModified":"2025-01-06T09:46:17+00:00","inLanguage":"es-ES","potentialAction":[{"@type":"ReadAction","target":["https:\/\/ieu.university\/it\/european-standard-degree\/"]}]},{"@type":"WebSite","@id":"https:\/\/ieu.university\/#website","url":"https:\/\/ieu.university\/","name":"INTERNATIONAL EUROPEAN UNIVERSITY, UKRAINE | EUROPE | STUDY IN UKRAINE | STUDY IN EUROPE | MBBS | GENERAL MEDICINE | BUSINESS | ENGINEERING | IT | EUROPE","description":"INTERNATIONAL EUROPEAN UNIVERSITY, UKRAINE | EUROPE | STUDY IN UKRAINE | STUDY IN EUROPE | MBBS | GENERAL MEDICINE | BUSINESS | ENGINEERING | IT | EUROPE","potentialAction":[{"@type":"SearchAction","target":{"@type":"EntryPoint","urlTemplate":"https:\/\/ieu.university\/?s={search_term_string}"},"query-input":"required name=search_term_string"}],"inLanguage":"es-ES"}]}},"_links":{"self":[{"href":"http:\/\/ieu.university\/es\/wp-json\/wp\/v2\/pages\/3403","targetHints":{"allow":["GET"]}}],"collection":[{"href":"http:\/\/ieu.university\/es\/wp-json\/wp\/v2\/pages"}],"about":[{"href":"http:\/\/ieu.university\/es\/wp-json\/wp\/v2\/types\/page"}],"author":[{"embeddable":true,"href":"http:\/\/ieu.university\/es\/wp-json\/wp\/v2\/users\/3"}],"replies":[{"embeddable":true,"href":"http:\/\/ieu.university\/es\/wp-json\/wp\/v2\/comments?post=3403"}],"version-history":[{"count":20,"href":"http:\/\/ieu.university\/es\/wp-json\/wp\/v2\/pages\/3403\/revisions"}],"predecessor-version":[{"id":4486,"href":"http:\/\/ieu.university\/es\/wp-json\/wp\/v2\/pages\/3403\/revisions\/4486"}],"wp:featuredmedia":[{"embeddable":true,"href":"http:\/\/ieu.university\/es\/wp-json\/wp\/v2\/media\/3721"}],"wp:attachment":[{"href":"http:\/\/ieu.university\/es\/wp-json\/wp\/v2\/media?parent=3403"}],"curies":[{"name":"wp","href":"https:\/\/api.w.org\/{rel}","templated":true}]}}