{"id":82,"date":"2022-09-22T13:54:15","date_gmt":"2022-09-22T10:54:15","guid":{"rendered":"http:\/\/ieu.university\/?page_id=82"},"modified":"2025-01-06T12:51:11","modified_gmt":"2025-01-06T09:51:11","slug":"online-classes","status":"publish","type":"page","link":"http:\/\/ieu.university\/es\/online-classes\/","title":{"rendered":"Clases en l\u00ednea"},"content":{"rendered":"<h2>Clases en l\u00ednea<\/h2>\n<p>La Universidad Internacional Europea se esfuerza por<strong> garantizar<\/strong> una <strong>educaci\u00f3n superior accesible en Europa para todos los estudiantes<\/strong>, independientemente de su ubicaci\u00f3n. El entorno de aprendizaje virtual de la universidad permite a los estudiantes obtener t\u00edtulos de licenciatura y maestr\u00eda en l\u00ednea desde cualquier rinc\u00f3n del mundo. La plataforma de educaci\u00f3n en l\u00ednea est\u00e1 dise\u00f1ada para proporcionar a los estudiantes una educaci\u00f3n de clase mundial en ingl\u00e9s. Con tasas de matr\u00edcula asequibles, miles de estudiantes internacionales tienen la oportunidad de<strong> perseguir sus sue\u00f1os acad\u00e9micos sin presi\u00f3n financiera.<\/strong><\/p>\n<p>Al personal docente de la Universidad Europea Internacional le apasiona aprovechar <strong>las tecnolog\u00edas modernas, las aulas en l\u00ednea, las plataformas web interactivas y los recursos digitales<\/strong> para crear una experiencia de aprendizaje din\u00e1mica y atractiva. Las innovadoras herramientas de la universidad permiten a los estudiantes comunicarse f\u00e1cilmente con los profesores, completar tareas y aprobar ex\u00e1menes sin estar f\u00edsicamente presentes en el aula. La Universidad Internacional Europea ha <strong>establecido una Plataforma Educativa en L\u00ednea para estudiantes que comienzan cursos en l\u00ednea<\/strong> en Negocios, Medicina, TI, Derecho, Arquitectura e Ingenier\u00eda, Humanidades o Ciencias de la Vida. La universidad ha desarrollado programas \u00fanicos de aprendizaje a distancia guiados por profesores profesionales, cient\u00edficos y m\u00e9dicos, aline\u00e1ndose con los horarios de nuestros programas fuera de l\u00ednea.<\/p>\n<p>Despu\u00e9s de registrarse en la Plataforma Educativa Universitaria Internacional Europea, los estudiantes internacionales pueden comenzar sus clases de inmediato. La plataforma permite a los estudiantes <strong>planificar sus horarios, revisar los objetivos de aprendizaje, acceder a los materiales de la conferencia<\/strong> y participar en foros de discusi\u00f3n con profesores y compa\u00f1eros que buscan t\u00edtulos en l\u00ednea en Europa. La Universidad Europea Internacional ofrece a los estudiantes internacionales la oportunidad de obtener un t\u00edtulo en l\u00ednea de renombre mundial en ingl\u00e9s desde cualquier lugar. Los programas en l\u00ednea est\u00e1n aprobados por el Ministerio de Educaci\u00f3n de Ucrania. Los t\u00edtulos obtenidos en campos elegidos son reconocidos por organizaciones prestigiosas como la Organizaci\u00f3n Mundial de la Salud (OMS), el Directorio de Educaci\u00f3n M\u00e9dica (IMED), la Comisi\u00f3n de Educaci\u00f3n para Graduados M\u00e9dicos Extranjeros (ECFMG) y el Consejo M\u00e9dico de Canad\u00e1 (MCC).<\/p>\n<h2>C\u00f3mo Funciona?<\/h2>\n<p>La Universidad Europea Internacional ha desarrollado una plataforma de aprendizaje en l\u00ednea adaptada a su cuerpo estudiantil internacional. El centro f\u00e1cil de usar sirve como el recurso central para los estudiantes inscritos en programas de grado en l\u00ednea y a distancia. La<strong> plataforma ofrece una gran cantidad de recursos digitales,<\/strong> que incluyen una biblioteca completa, materiales para el curso y varios servicios de apoyo a los estudiantes, accesibles las 24 horas del d\u00eda, los 7 d\u00edas de la semana. A cada estudiante se le proporciona una cuenta personal, lo que les brinda la flexibilidad de aprender a su propio ritmo y conveniencia, atendiendo tanto a los noct\u00e1mbulos como a los madrugadores.<\/p>\n<p>La Universidad Internacional Europea emplea un<strong> enfoque hol\u00edstico de la educaci\u00f3n en l\u00ednea<\/strong>, ofreciendo una amplia gama de recursos para enriquecer los conocimientos y habilidades de los estudiantes en sus respectivos campos. Abarca conferencias en v\u00eddeo, presentaciones de PowerPoint, lecturas recomendadas y evaluaciones breves para medir la comprensi\u00f3n. Para fomentar una comprensi\u00f3n m\u00e1s profunda, la universidad asigna proyectos y tareas desafiantes, promoviendo el pensamiento cr\u00edtico y el aprendizaje independiente. Las clases en l\u00ednea en vivo son parte integral del marco de educaci\u00f3n en l\u00ednea de la universidad, facilitando la participaci\u00f3n global de los estudiantes con los estimados instructores a trav\u00e9s de conferencias y debates en tiempo real. Al inscribirse, los estudiantes reciben credenciales de inicio de sesi\u00f3n para sus cuentas personales, lo que les otorga acceso a videoconferencias programadas, sesiones interactivas, tareas y ex\u00e1menes.<\/p>\n<p>La Plataforma Educativa Universitaria Europea Internacional permite a los estudiantes <strong>revisar clases y conferencias a su conveniencia, haciendo hincapi\u00e9 en la flexibilidad en el aprendizaje.<\/strong> La universidad da prioridad a los s\u00f3lidos servicios de apoyo a los estudiantes, ofreciendo canales de comunicaci\u00f3n directa para consultas y asistencia en tiempo real. Los estudiantes reciben credenciales de inicio de sesi\u00f3n \u00fanicas al inscribirse, otorg\u00e1ndoles acceso a sus cuentas personales de estudiantes, donde pueden ver horarios, tareas, pruebas y otros materiales relevantes. Las conferencias en vivo se llevan a cabo a trav\u00e9s de la plataforma o aplicaciones externas como Skype o Zoom, lo que garantiza la accesibilidad desde cualquier lugar. Al mantener la privacidad y la seguridad de la informaci\u00f3n de los estudiantes, la universidad aprovecha las tecnolog\u00edas modernas y los m\u00e9todos de ense\u00f1anza innovadores para ofrecer una experiencia de aprendizaje en l\u00ednea inmersiva, preparando a los estudiantes para el \u00e9xito en sus carreras.<\/p>\n<h2>Las ventajas de la educaci\u00f3n en l\u00ednea<\/h2>\n<p><strong>La flexibilidad es un aspecto clave de la educaci\u00f3n <\/strong>en l\u00ednea en la Universidad Internacional Europea, que permite a los estudiantes seguir una educaci\u00f3n de alta calidad en Europa mientras gestionan sus horarios de manera efectiva. A trav\u00e9s de la plataforma de educaci\u00f3n en l\u00ednea de la universidad, accesible las 24 horas del d\u00eda, los 7 d\u00edas de la semana, los estudiantes pueden acceder a materiales del curso, conferencias y seminarios a su conveniencia. Todos los recursos se almacenan en cuentas personales, lo que permite a los estudiantes referirse a ellos seg\u00fan sea necesario, y lo que les permite aprender a su propio ritmo.<\/p>\n<p><strong>La accesibilidad de los programas en l\u00ednea y a distancia<\/strong> en la Universidad Europea Internacional garantiza que los estudiantes de todo el mundo puedan acceder a una educaci\u00f3n de calidad. La plataforma de educaci\u00f3n en l\u00ednea es f\u00e1cilmente accesible desde cualquier dispositivo con conectividad a Internet, y todas las sesiones se graban y archivan para su revisi\u00f3n, lo que mejora la experiencia de aprendizaje. Los programas de grado en l\u00ednea en la universidad<strong> ofrecen opciones de educaci\u00f3n asequibles<\/strong>, minimizando la necesidad de recursos y reduciendo los gastos relacionados con el transporte y el alojamiento.La<strong> disponibilidad de materiales de estudio las 24 horas del d\u00eda<\/strong> y el acceso a conferencias grabadas en vivo contribuyen a la rentabilidad y la comodidad del aprendizaje en l\u00ednea.<\/p>\n<p><strong>La personalizaci\u00f3n se hace hincapi\u00e9 en la educaci\u00f3n en l\u00ednea<\/strong> en la Universidad Europea Internacional, atendiendo a las preferencias de aprendizaje individuales a trav\u00e9s de tecnolog\u00edas de aprendizaje adaptativas y rutas de aprendizaje personalizadas. Fomenta la participaci\u00f3n y el compromiso activos, beneficiando a los estudiantes que pueden tener dificultades con los m\u00e9todos de ense\u00f1anza tradicionales. <strong>La orientaci\u00f3n de expertos de profesionales en varios campos <\/strong>mejora la calidad de la educaci\u00f3n en l\u00ednea. Los profesores y el personal de apoyo proporcionan asistencia y orientaci\u00f3n personalizadas a lo largo de los viajes acad\u00e9micos de los estudiantes, lo que garantiza una experiencia de aprendizaje de alta calidad.<\/p>\n<p><strong>El compromiso de la Universidad Europea Internacional con la inclusi\u00f3n <\/strong>garantiza que la educaci\u00f3n en l\u00ednea se adapte a estudiantes con diversas necesidades de aprendizaje. Se hacen adaptaciones para apoyar a los estudiantes con discapacidades, garantizando un acceso equitativo a la educaci\u00f3n para todos. La educaci\u00f3n en l\u00ednea equipa a los estudiantes con habilidades t\u00e9cnicas modernas que son muy valoradas en el mercado laboral, mejorando su empleabilidad y sus perspectivas de carrera. A trav\u00e9s de varias herramientas y plataformas en l\u00ednea, los estudiantes internacionales desarrollan habilidades en investigaci\u00f3n, procesamiento de textos, videoconferencia y m\u00e1s, prepar\u00e1ndolos para futuros esfuerzos profesionales.<\/p>\n","protected":false},"excerpt":{"rendered":"<p>Clases en l\u00ednea La Universidad Internacional Europea se esfuerza por garantizar una educaci\u00f3n superior accesible en Europa para todos los estudiantes, independientemente de su ubicaci\u00f3n. El entorno de aprendizaje virtual de la universidad permite a los estudiantes obtener t\u00edtulos de licenciatura y maestr\u00eda en l\u00ednea desde cualquier rinc\u00f3n del mundo. La plataforma de educaci\u00f3n en [&hellip;]<\/p>\n","protected":false},"author":1,"featured_media":3646,"parent":0,"menu_order":0,"comment_status":"closed","ping_status":"closed","template":"","meta":{"ngg_post_thumbnail":0,"footnotes":""},"class_list":["post-82","page","type-page","status-publish","has-post-thumbnail","hentry"],"acf":[],"yoast_head":"<!-- This site is optimized with the Yoast SEO plugin v20.8 - https:\/\/yoast.com\/wordpress\/plugins\/seo\/ -->\n<title>ONLINE CLASSES IN UKRAINE | ONLINE EDUCATION IN EUROPE | STUDY MEDICINE ONLINE IN EUROPE | AFFORDABLE ONLINE EDUCATION IN ENGLISH | DISTANCE MODE OF EDUCATION IN ENGLISH<\/title>\n<meta name=\"robots\" content=\"index, follow, max-snippet:-1, max-image-preview:large, max-video-preview:-1\" \/>\n<link rel=\"canonical\" href=\"http:\/\/ieu.university\/es\/online-classes\/\" \/>\n<meta property=\"og:locale\" content=\"es_ES\" \/>\n<meta property=\"og:type\" content=\"article\" \/>\n<meta property=\"og:title\" content=\"ONLINE CLASSES IN UKRAINE | ONLINE EDUCATION IN EUROPE | STUDY MEDICINE ONLINE IN EUROPE | AFFORDABLE ONLINE EDUCATION IN ENGLISH | DISTANCE MODE OF EDUCATION IN ENGLISH\" \/>\n<meta property=\"og:description\" content=\"Clases en l\u00ednea La Universidad Internacional Europea se esfuerza por garantizar una educaci\u00f3n superior accesible en Europa para todos los estudiantes, independientemente de su ubicaci\u00f3n. El entorno de aprendizaje virtual de la universidad permite a los estudiantes obtener t\u00edtulos de licenciatura y maestr\u00eda en l\u00ednea desde cualquier rinc\u00f3n del mundo. La plataforma de educaci\u00f3n en [&hellip;]\" \/>\n<meta property=\"og:url\" content=\"http:\/\/ieu.university\/es\/online-classes\/\" \/>\n<meta property=\"og:site_name\" content=\"INTERNATIONAL EUROPEAN UNIVERSITY, UKRAINE | EUROPE | STUDY IN UKRAINE | STUDY IN EUROPE | MBBS | GENERAL MEDICINE | BUSINESS | ENGINEERING | IT | EUROPE\" \/>\n<meta property=\"article:modified_time\" content=\"2025-01-06T09:51:11+00:00\" \/>\n<meta property=\"og:image\" content=\"http:\/\/ieu.university\/wp-content\/uploads\/2024\/07\/Online-Classes.png\" \/>\n\t<meta property=\"og:image:width\" content=\"1272\" \/>\n\t<meta property=\"og:image:height\" content=\"386\" \/>\n\t<meta property=\"og:image:type\" content=\"image\/png\" \/>\n<meta name=\"twitter:card\" content=\"summary_large_image\" \/>\n<meta name=\"twitter:label1\" content=\"Tiempo de lectura\" \/>\n\t<meta name=\"twitter:data1\" content=\"4 minutos\" \/>\n<script type=\"application\/ld+json\" class=\"yoast-schema-graph\">{\"@context\":\"https:\/\/schema.org\",\"@graph\":[{\"@type\":\"WebPage\",\"@id\":\"http:\/\/ieu.university\/es\/online-classes\/\",\"url\":\"http:\/\/ieu.university\/es\/online-classes\/\",\"name\":\"ONLINE CLASSES IN UKRAINE | ONLINE EDUCATION IN EUROPE | STUDY MEDICINE ONLINE IN EUROPE | AFFORDABLE ONLINE EDUCATION IN ENGLISH | DISTANCE MODE OF EDUCATION IN ENGLISH\",\"isPartOf\":{\"@id\":\"https:\/\/ieu.university\/#website\"},\"datePublished\":\"2022-09-22T10:54:15+00:00\",\"dateModified\":\"2025-01-06T09:51:11+00:00\",\"inLanguage\":\"es-ES\",\"potentialAction\":[{\"@type\":\"ReadAction\",\"target\":[\"http:\/\/ieu.university\/es\/online-classes\/\"]}]},{\"@type\":\"WebSite\",\"@id\":\"https:\/\/ieu.university\/#website\",\"url\":\"https:\/\/ieu.university\/\",\"name\":\"INTERNATIONAL EUROPEAN UNIVERSITY, UKRAINE | EUROPE | STUDY IN UKRAINE | STUDY IN EUROPE | MBBS | GENERAL MEDICINE | BUSINESS | ENGINEERING | IT | EUROPE\",\"description\":\"INTERNATIONAL EUROPEAN UNIVERSITY, UKRAINE | EUROPE | STUDY IN UKRAINE | STUDY IN EUROPE | MBBS | GENERAL MEDICINE | BUSINESS | ENGINEERING | IT | EUROPE\",\"potentialAction\":[{\"@type\":\"SearchAction\",\"target\":{\"@type\":\"EntryPoint\",\"urlTemplate\":\"https:\/\/ieu.university\/?s={search_term_string}\"},\"query-input\":\"required name=search_term_string\"}],\"inLanguage\":\"es-ES\"}]}<\/script>\n<!-- \/ Yoast SEO plugin. -->","yoast_head_json":{"title":"ONLINE CLASSES IN UKRAINE | ONLINE EDUCATION IN EUROPE | STUDY MEDICINE ONLINE IN EUROPE | AFFORDABLE ONLINE EDUCATION IN ENGLISH | DISTANCE MODE OF EDUCATION IN ENGLISH","robots":{"index":"index","follow":"follow","max-snippet":"max-snippet:-1","max-image-preview":"max-image-preview:large","max-video-preview":"max-video-preview:-1"},"canonical":"http:\/\/ieu.university\/es\/online-classes\/","og_locale":"es_ES","og_type":"article","og_title":"ONLINE CLASSES IN UKRAINE | ONLINE EDUCATION IN EUROPE | STUDY MEDICINE ONLINE IN EUROPE | AFFORDABLE ONLINE EDUCATION IN ENGLISH | DISTANCE MODE OF EDUCATION IN ENGLISH","og_description":"Clases en l\u00ednea La Universidad Internacional Europea se esfuerza por garantizar una educaci\u00f3n superior accesible en Europa para todos los estudiantes, independientemente de su ubicaci\u00f3n. El entorno de aprendizaje virtual de la universidad permite a los estudiantes obtener t\u00edtulos de licenciatura y maestr\u00eda en l\u00ednea desde cualquier rinc\u00f3n del mundo. La plataforma de educaci\u00f3n en [&hellip;]","og_url":"http:\/\/ieu.university\/es\/online-classes\/","og_site_name":"INTERNATIONAL EUROPEAN UNIVERSITY, UKRAINE | EUROPE | STUDY IN UKRAINE | STUDY IN EUROPE | MBBS | GENERAL MEDICINE | BUSINESS | ENGINEERING | IT | EUROPE","article_modified_time":"2025-01-06T09:51:11+00:00","og_image":[{"width":1272,"height":386,"url":"http:\/\/ieu.university\/wp-content\/uploads\/2024\/07\/Online-Classes.png","type":"image\/png"}],"twitter_card":"summary_large_image","twitter_misc":{"Tiempo de lectura":"4 minutos"},"schema":{"@context":"https:\/\/schema.org","@graph":[{"@type":"WebPage","@id":"http:\/\/ieu.university\/es\/online-classes\/","url":"http:\/\/ieu.university\/es\/online-classes\/","name":"ONLINE CLASSES IN UKRAINE | ONLINE EDUCATION IN EUROPE | STUDY MEDICINE ONLINE IN EUROPE | AFFORDABLE ONLINE EDUCATION IN ENGLISH | DISTANCE MODE OF EDUCATION IN ENGLISH","isPartOf":{"@id":"https:\/\/ieu.university\/#website"},"datePublished":"2022-09-22T10:54:15+00:00","dateModified":"2025-01-06T09:51:11+00:00","inLanguage":"es-ES","potentialAction":[{"@type":"ReadAction","target":["http:\/\/ieu.university\/es\/online-classes\/"]}]},{"@type":"WebSite","@id":"https:\/\/ieu.university\/#website","url":"https:\/\/ieu.university\/","name":"INTERNATIONAL EUROPEAN UNIVERSITY, UKRAINE | EUROPE | STUDY IN UKRAINE | STUDY IN EUROPE | MBBS | GENERAL MEDICINE | BUSINESS | ENGINEERING | IT | EUROPE","description":"INTERNATIONAL EUROPEAN UNIVERSITY, UKRAINE | EUROPE | STUDY IN UKRAINE | STUDY IN EUROPE | MBBS | GENERAL MEDICINE | BUSINESS | ENGINEERING | IT | EUROPE","potentialAction":[{"@type":"SearchAction","target":{"@type":"EntryPoint","urlTemplate":"https:\/\/ieu.university\/?s={search_term_string}"},"query-input":"required name=search_term_string"}],"inLanguage":"es-ES"}]}},"_links":{"self":[{"href":"http:\/\/ieu.university\/es\/wp-json\/wp\/v2\/pages\/82","targetHints":{"allow":["GET"]}}],"collection":[{"href":"http:\/\/ieu.university\/es\/wp-json\/wp\/v2\/pages"}],"about":[{"href":"http:\/\/ieu.university\/es\/wp-json\/wp\/v2\/types\/page"}],"author":[{"embeddable":true,"href":"http:\/\/ieu.university\/es\/wp-json\/wp\/v2\/users\/1"}],"replies":[{"embeddable":true,"href":"http:\/\/ieu.university\/es\/wp-json\/wp\/v2\/comments?post=82"}],"version-history":[{"count":24,"href":"http:\/\/ieu.university\/es\/wp-json\/wp\/v2\/pages\/82\/revisions"}],"predecessor-version":[{"id":4506,"href":"http:\/\/ieu.university\/es\/wp-json\/wp\/v2\/pages\/82\/revisions\/4506"}],"wp:featuredmedia":[{"embeddable":true,"href":"http:\/\/ieu.university\/es\/wp-json\/wp\/v2\/media\/3646"}],"wp:attachment":[{"href":"http:\/\/ieu.university\/es\/wp-json\/wp\/v2\/media?parent=82"}],"curies":[{"name":"wp","href":"https:\/\/api.w.org\/{rel}","templated":true}]}}