{"id":897,"date":"2022-10-03T10:54:22","date_gmt":"2022-10-03T07:54:22","guid":{"rendered":"http:\/\/ieu.university\/?page_id=897"},"modified":"2025-01-06T12:43:35","modified_gmt":"2025-01-06T09:43:35","slug":"european-school-of-it-home","status":"publish","type":"page","link":"http:\/\/ieu.university\/es\/european-school-of-it-home\/","title":{"rendered":"Escuela Europea de TI"},"content":{"rendered":"<h2>Acerca de la Escuela Europea de TI<\/h2>\n<p>La <strong>Escuela Europea de TI de la Universidad Europea Internacional es conocida por su fuerte \u00e9nfasis en los campos STEM <\/strong>(Ciencia, Tecnolog\u00eda, Ingenier\u00eda y Matem\u00e1ticas), incluidas las TI. La universidad proporciona tecnolog\u00edas inform\u00e1ticas, recursos, tecnolog\u00edas de la informaci\u00f3n de vanguardia e infraestructura que potencian la ense\u00f1anza y el aprendizaje. Los cursos de grado de TI en la Universidad Internacional Europea tienen como objetivo promover una cultura de tecnolog\u00edas innovadoras, pensamiento cr\u00edtico, experiencia t\u00e9cnica y el desarrollo de un entorno de aprendizaje multicultural.<\/p>\n<p>Al<strong> ofrecer una amplia gama de cursos de TI y programas de grado<\/strong>, la Escuela Europea de TI se esfuerza por satisfacer las necesidades tanto de los aspirantes a profesionales que buscan entrar en la industria de la TI como de los profesionales actuales que buscan mejorar sus habilidades y conocimientos. La Universidad Internacional Europea se compromete a<strong> equipar a los estudiantes con las habilidades pr\u00e1cticas, la base te\u00f3rica y las competencias relevantes para la industria<\/strong> necesarias para tener \u00e9xito en sus carreras de TI elegidas. El proceso educativo en la Escuela Europea de TI se lleva a cabo en ingl\u00e9s, lo que es ventajoso para los estudiantes internacionales que buscan educaci\u00f3n en un idioma ampliamente utilizado en la industria tecnol\u00f3gica global.<\/p>\n<p><strong>La Escuela Europea de TI <\/strong>ha experimentado un aumento significativo en la popularidad entre los estudiantes internacionales que buscan <strong>una educaci\u00f3n inform\u00e1tica asequible y de alta calidad en Europa<\/strong>. Reconocida por sus excelentes programas acad\u00e9micos e instalaciones modernas, la Universidad Europea Internacional tiene una s\u00f3lida reputaci\u00f3n de proporcionar instrucci\u00f3n integral en tecnolog\u00eda de la informaci\u00f3n. Uno de los beneficios significativos de seleccionar la<strong> Universidad Europea Internacional son sus tasas de matr\u00edcula asequibles y su costo de vida general.<\/strong> Con una amplia gama de <strong>programas de TI que se ofrecen en ingl\u00e9s medio y diferentes modos de estudio,<\/strong> a los estudiantes internacionales les resulta conveniente perseguir sus objetivos acad\u00e9micos en la<strong> Escuela Europea de TI.<\/strong><\/p>\n<h2>Acerca de los cursos<\/h2>\n<p>La<strong> Escuela Europea de TI<\/strong> de la Universidad Internacional Europea ofrece muchos cursos y programas de grado de TI. El plan de estudios cubre temas de ingenier\u00eda de software, ciberseguridad, ciencia de datos, inteligencia artificial, redes y comunicaci\u00f3n inform\u00e1tica, desarrollo web, desarrollo m\u00f3vil, gesti\u00f3n de bases de datos, computaci\u00f3n en la nube, interacci\u00f3n humano-computadora, seguridad de los sistemas de informaci\u00f3n, visi\u00f3n por ordenador, procesamiento del lenguaje natural, desarrollo de juegos y gr\u00e1ficos por ordenador. Al elegir la Escuela Europea de TI, los estudiantes internacionales se benefician de una educaci\u00f3n integral, asegurando que est\u00e1n bien equipados para las demandas de la industria moderna de la TI.<\/p>\n<p>El plan de estudios de los cursos de grado de TI en la Escuela Europea de TI equipa a los estudiantes con una comprensi\u00f3n de los principios fundamentales de la TI, habilidades avanzadas de programaci\u00f3n y conocimientos especializados en varios dominios de TI. Equilibra el conocimiento te\u00f3rico con la experiencia pr\u00e1ctica, preparando a los graduados de IEU para abordar tareas complejas y seguir carreras en diversas industrias donde la experiencia en TI es crucial. La Universidad Internacional Europea adopt\u00f3 un enfoque integral de educaci\u00f3n en TI, combinando el aprendizaje te\u00f3rico con la formaci\u00f3n pr\u00e1ctica. Los laboratorios de computaci\u00f3n modernos y los centros de simulaci\u00f3n siempre est\u00e1n disponibles para los estudiantes de IEU y el personal acad\u00e9mico, lo que les proporciona una valiosa experiencia pr\u00e1ctica en el campo de TI elegido.<\/p>\n<p><strong>Nivel de educaci\u00f3n superior:<\/strong> primer nivel (licenciatura) y segundo (m\u00e1ster).<\/p>\n<p><strong>La duraci\u00f3n del estudio:<\/strong> 4 a\u00f1os de estudio a tiempo completo (Licenciatura), 2 a\u00f1os de estudio a tiempo completo (Maestr\u00eda).<\/p>\n<p><strong>Medio de instrucci\u00f3n<\/strong> &#8211; Ingl\u00e9s.<\/p>\n<h2>Cursos de grado disponibles<\/h2>\n<ul>\n<li><strong>Ingenier\u00eda de software.<\/strong> El curso se centra en los principios, metodolog\u00edas y herramientas utilizadas en el desarrollo de software de alta calidad. Los temas incluyen dise\u00f1o de software, codificaci\u00f3n, pruebas, gesti\u00f3n de proyectos y mantenimiento de software.<\/li>\n<li><strong>Ciberseguridad<\/strong>. El curso profundiza en las t\u00e9cnicas y estrategias para proteger los sistemas inform\u00e1ticos, las redes y los datos contra el acceso no autorizado o los ataques maliciosos. Los estudiantes aprenden sobre cifrado, seguridad de red, evaluaci\u00f3n de vulnerabilidades, respuesta a incidentes y pirater\u00eda \u00e9tica.<\/li>\n<li><strong>Ciencia de datos.<\/strong> El curso explora el proceso de extraer ideas y conocimientos significativos de conjuntos de datos grandes y complejos. Los estudiantes aprenden an\u00e1lisis estad\u00edstico, aprendizaje autom\u00e1tico, visualizaci\u00f3n de datos y t\u00e9cnicas de miner\u00eda de datos para descubrir patrones, hacer predicciones e impulsar la toma de decisiones informadas.<\/li>\n<li><strong>Artificial Intelligence<\/strong>. The course explores the process of extracting meaningful insights and knowledge from large and complex datasets. Students learn statistical analysis, machine learning, data visualization, and data mining techniques to uncover patterns, make predictions, and drive informed decision-making.<\/li>\n<li><strong>Red inform\u00e1tica y comunicaci\u00f3n. <\/strong>El curso cubre los fundamentos de las redes inform\u00e1ticas, los protocolos de red, el enrutamiento, la conmutaci\u00f3n y la seguridad de la red. Los estudiantes aprenden a dise\u00f1ar, implementar y administrar redes inform\u00e1ticas, asegurando una comunicaci\u00f3n eficiente y segura entre dispositivos.<\/li>\n<li><strong>Desarrollo web.<\/strong> El curso se centra en el desarrollo de sitios web y aplicaciones web. Los estudiantes aprenden lenguajes de programaci\u00f3n (HTML, CSS y JavaScript) junto con marcos y herramientas para el desarrollo front-end y back-end, integraci\u00f3n de bases de datos y seguridad web.<\/li>\n<li><strong>Mobile Development<\/strong>. The course concentrates on the creation of mobile applications for smartphones and tablets. Students learn mobile programming languages (Java or Swift) and explore the development of user-friendly and responsive mobile interfaces, integration with backend services, and deployment to app stores.<\/li>\n<li><strong>Gesti\u00f3n de bases de datos.<\/strong> El curso cubre los principios y pr\u00e1cticas de dise\u00f1o, implementaci\u00f3n y gesti\u00f3n de bases de datos. Los estudiantes aprenden sobre el modelado de datos, la consulta de bases de datos utilizando SQL, la normalizaci\u00f3n, la indexaci\u00f3n y la administraci\u00f3n de bases de datos, asegurando el almacenamiento y la recuperaci\u00f3n eficientes y seguros de datos.<\/li>\n<li><strong>Computaci\u00f3n en la nube.<\/strong> El curso explora los conceptos y tecnolog\u00edas relacionados con la computaci\u00f3n en la nube, incluida la virtualizaci\u00f3n, la infraestructura como servicio (IaaS), la plataforma como servicio (PaaS) y el software como servicio (SaaS). Los estudiantes aprenden a implementar y administrar aplicaciones en plataformas en la nube, lo que garantiza la escalabilidad, la fiabilidad y la seguridad.<\/li>\n<li><strong>Human-Computer Interaction<\/strong>. The course focuses on the design and evaluation of user interfaces to create intuitive and user-friendly interactions between humans and computer systems. Students learn about user-centered design, usability testing, interaction design principles, and user experience (UX) research methods.<\/li>\n<li><strong>Seguridad de los sistemas de informaci\u00f3n. <\/strong>El curso aborda temas avanzados en seguridad de la informaci\u00f3n, como el dise\u00f1o de sistemas seguros, el control de acceso, la criptograf\u00eda, la seguridad de la red y la respuesta a incidentes. Los estudiantes adquieren los conocimientos y las habilidades para proteger los sistemas de informaci\u00f3n de amenazas y vulnerabilidades.<\/li>\n<li><strong>Visi\u00f3n por ordenador.<\/strong> El curso explora la teor\u00eda y las t\u00e9cnicas para permitir que los ordenadores obtengan una comprensi\u00f3n de alto nivel de los datos visuales.Los estudiantes aprenden sobre el procesamiento de im\u00e1genes, el reconocimiento de patrones, la detecci\u00f3n y el seguimiento de objetos, y las aplicaciones de la visi\u00f3n por ordenador en \u00e1reas como la rob\u00f3tica, la vigilancia y el an\u00e1lisis de im\u00e1genes.<\/li>\n<li><strong>Procesamiento del lenguaje natural.<\/strong> El curso se centra en el procesamiento y an\u00e1lisis del lenguaje humano por parte de los ordenadores. Los estudiantes aprenden sobre t\u00e9cnicas para la comprensi\u00f3n del lenguaje, el an\u00e1lisis de sentimientos, la traducci\u00f3n autom\u00e1tica y el desarrollo de chatbots, lo que permite a las m\u00e1quinas interpretar y generar lenguaje natural.<\/li>\n<li><strong>Desarrollo de juegos.<\/strong> El curso cubre el proceso de dise\u00f1o, desarrollo y programaci\u00f3n de juegos interactivos. Los estudiantes aprenden principios de dise\u00f1o de juegos, lenguajes de programaci\u00f3n como C++ o Unity, f\u00edsica de juegos, gr\u00e1ficos, inteligencia artificial para personajes de juegos y redes multijugador.<\/li>\n<li><strong>Gr\u00e1ficos por ordenador.<\/strong> El curso explora la creaci\u00f3n y manipulaci\u00f3n de contenido visual utilizando algoritmos inform\u00e1ticos. Los estudiantes aprenden sobre el renderizado de gr\u00e1ficos 2D y 3D, el modelado, la animaci\u00f3n y los efectos visuales. El curso cubre temas como la realidad virtual, la realidad aumentada y el dise\u00f1o asistido por ordenador.<\/li>\n<\/ul>\n<h2>Formaci\u00f3n pr\u00e1ctica<\/h2>\n<p>La<strong> formaci\u00f3n pr\u00e1ctica <\/strong>es un aspecto fundamental de la actividad educativa y de investigaci\u00f3n de los estudiantes en la Universidad Europea Internacional. La Escuela Europea de TI mejora la importancia de <strong>aplicar el conocimiento te\u00f3rico en entornos del mundo real. <\/strong>Los estudiantes tienen la oportunidad de participar en proyectos relevantes para la industria, simular escenarios pr\u00e1cticos, aplicar conceptos te\u00f3ricos y adquirir experiencia pr\u00e1ctica para abordar los desaf\u00edos que se encuentran en el sector moderno.<\/p>\n<p><strong>Las pasant\u00edas y las pr\u00e1cticas laborales<\/strong> son componentes integrales del plan de estudios de la Escuela Europea de TI, con el objetivo de cerrar la brecha entre la teor\u00eda y la pr\u00e1ctica y aumentar la empleabilidad de los estudiantes. Tales oportunidades permiten a los estudiantes internacionales<strong> familiarizarse con los entornos profesionales dentro de la industria de la TI<\/strong>, proporcionando una exposici\u00f3n de primera mano a las operaciones diarias, los desaf\u00edos de la industria y las oportunidades. La Universidad Europea Internacional colabora estrechamente con las principales empresas de TI, corporaciones internacionales y departamentos gubernamentales para ofrecer a los estudiantes valiosas pasant\u00edas y perspectivas de creaci\u00f3n de redes en Ucrania y en el extranjero.<\/p>\n<p>La Universidad Europea Internacional celebr\u00f3<strong> sesiones de laboratorio y talleres<\/strong> para proporcionar a los estudiantes de TI experiencia pr\u00e1ctica trabajando con tecnolog\u00edas avanzadas, herramientas de software y equipos de hardware. Las sesiones pr\u00e1cticas est\u00e1n dise\u00f1adas para permitir a los estudiantes experimentar, solucionar problemas y familiarizarse con las pr\u00e1cticas y herramientas est\u00e1ndar de la industria. Durante las sesiones de laboratorio, los estudiantes de la Escuela Europea de TI reciben orientaci\u00f3n de instructores experimentados para facilitar el aprendizaje a trav\u00e9s de demostraciones y ejercicios pr\u00e1cticos. Los estudiantes internacionales tienen la oportunidad de desarrollar una comprensi\u00f3n profunda de las herramientas y tecnolog\u00edas que encuentran en sus carreras profesionales.<\/p>\n","protected":false},"excerpt":{"rendered":"<p>Acerca de la Escuela Europea de TI La Escuela Europea de TI de la Universidad Europea Internacional es conocida por su fuerte \u00e9nfasis en los campos STEM (Ciencia, Tecnolog\u00eda, Ingenier\u00eda y Matem\u00e1ticas), incluidas las TI. La universidad proporciona tecnolog\u00edas inform\u00e1ticas, recursos, tecnolog\u00edas de la informaci\u00f3n de vanguardia e infraestructura que potencian la ense\u00f1anza y el [&hellip;]<\/p>\n","protected":false},"author":1,"featured_media":4062,"parent":0,"menu_order":0,"comment_status":"closed","ping_status":"closed","template":"","meta":{"ngg_post_thumbnail":0,"footnotes":""},"class_list":["post-897","page","type-page","status-publish","has-post-thumbnail","hentry"],"acf":[],"yoast_head":"<!-- This site is optimized with the Yoast SEO plugin v20.8 - https:\/\/yoast.com\/wordpress\/plugins\/seo\/ -->\n<title>EUROPEAN SCHOOL OF IT | STUDY IT IN ENGLISH IN EUROPE | AFFORDABLE IT PROGRAM IN ENGLISH | INTERNATIONAL EUROPEAN UNIVERSITY UKRAINE | INTERNATIONALLY RECOGNIZED IT DEGREE IN EUROPE<\/title>\n<meta name=\"robots\" content=\"index, follow, max-snippet:-1, max-image-preview:large, max-video-preview:-1\" \/>\n<link rel=\"canonical\" href=\"https:\/\/ieu.university\/european-school-of-it-home\/\" \/>\n<meta property=\"og:locale\" content=\"es_ES\" \/>\n<meta property=\"og:type\" content=\"article\" \/>\n<meta property=\"og:title\" content=\"EUROPEAN SCHOOL OF IT | STUDY IT IN ENGLISH IN EUROPE | AFFORDABLE IT PROGRAM IN ENGLISH | INTERNATIONAL EUROPEAN UNIVERSITY UKRAINE | INTERNATIONALLY RECOGNIZED IT DEGREE IN EUROPE\" \/>\n<meta property=\"og:description\" content=\"Acerca de la Escuela Europea de TI La Escuela Europea de TI de la Universidad Europea Internacional es conocida por su fuerte \u00e9nfasis en los campos STEM (Ciencia, Tecnolog\u00eda, Ingenier\u00eda y Matem\u00e1ticas), incluidas las TI. La universidad proporciona tecnolog\u00edas inform\u00e1ticas, recursos, tecnolog\u00edas de la informaci\u00f3n de vanguardia e infraestructura que potencian la ense\u00f1anza y el [&hellip;]\" \/>\n<meta property=\"og:url\" content=\"http:\/\/ieu.university\/es\/european-school-of-it-home\/\" \/>\n<meta property=\"og:site_name\" content=\"INTERNATIONAL EUROPEAN UNIVERSITY, UKRAINE | EUROPE | STUDY IN UKRAINE | STUDY IN EUROPE | MBBS | GENERAL MEDICINE | BUSINESS | ENGINEERING | IT | EUROPE\" \/>\n<meta property=\"article:modified_time\" content=\"2025-01-06T09:43:35+00:00\" \/>\n<meta property=\"og:image\" content=\"https:\/\/ieu.university\/wp-content\/uploads\/2024\/07\/European-School-of-IT.png\" \/>\n\t<meta property=\"og:image:width\" content=\"1272\" \/>\n\t<meta property=\"og:image:height\" content=\"386\" \/>\n\t<meta property=\"og:image:type\" content=\"image\/png\" \/>\n<meta name=\"twitter:card\" content=\"summary_large_image\" \/>\n<meta name=\"twitter:label1\" content=\"Tiempo de lectura\" \/>\n\t<meta name=\"twitter:data1\" content=\"6 minutos\" \/>\n<script type=\"application\/ld+json\" class=\"yoast-schema-graph\">{\"@context\":\"https:\/\/schema.org\",\"@graph\":[{\"@type\":\"WebPage\",\"@id\":\"https:\/\/ieu.university\/european-school-of-it-home\/\",\"url\":\"https:\/\/ieu.university\/european-school-of-it-home\/\",\"name\":\"EUROPEAN SCHOOL OF IT | STUDY IT IN ENGLISH IN EUROPE | AFFORDABLE IT PROGRAM IN ENGLISH | INTERNATIONAL EUROPEAN UNIVERSITY UKRAINE | INTERNATIONALLY RECOGNIZED IT DEGREE IN EUROPE\",\"isPartOf\":{\"@id\":\"https:\/\/ieu.university\/#website\"},\"datePublished\":\"2022-10-03T07:54:22+00:00\",\"dateModified\":\"2025-01-06T09:43:35+00:00\",\"inLanguage\":\"es-ES\",\"potentialAction\":[{\"@type\":\"ReadAction\",\"target\":[\"https:\/\/ieu.university\/european-school-of-it-home\/\"]}]},{\"@type\":\"WebSite\",\"@id\":\"https:\/\/ieu.university\/#website\",\"url\":\"https:\/\/ieu.university\/\",\"name\":\"INTERNATIONAL EUROPEAN UNIVERSITY, UKRAINE | EUROPE | STUDY IN UKRAINE | STUDY IN EUROPE | MBBS | GENERAL MEDICINE | BUSINESS | ENGINEERING | IT | EUROPE\",\"description\":\"INTERNATIONAL EUROPEAN UNIVERSITY, UKRAINE | EUROPE | STUDY IN UKRAINE | STUDY IN EUROPE | MBBS | GENERAL MEDICINE | BUSINESS | ENGINEERING | IT | EUROPE\",\"potentialAction\":[{\"@type\":\"SearchAction\",\"target\":{\"@type\":\"EntryPoint\",\"urlTemplate\":\"https:\/\/ieu.university\/?s={search_term_string}\"},\"query-input\":\"required name=search_term_string\"}],\"inLanguage\":\"es-ES\"}]}<\/script>\n<!-- \/ Yoast SEO plugin. -->","yoast_head_json":{"title":"EUROPEAN SCHOOL OF IT | STUDY IT IN ENGLISH IN EUROPE | AFFORDABLE IT PROGRAM IN ENGLISH | INTERNATIONAL EUROPEAN UNIVERSITY UKRAINE | INTERNATIONALLY RECOGNIZED IT DEGREE IN EUROPE","robots":{"index":"index","follow":"follow","max-snippet":"max-snippet:-1","max-image-preview":"max-image-preview:large","max-video-preview":"max-video-preview:-1"},"canonical":"https:\/\/ieu.university\/european-school-of-it-home\/","og_locale":"es_ES","og_type":"article","og_title":"EUROPEAN SCHOOL OF IT | STUDY IT IN ENGLISH IN EUROPE | AFFORDABLE IT PROGRAM IN ENGLISH | INTERNATIONAL EUROPEAN UNIVERSITY UKRAINE | INTERNATIONALLY RECOGNIZED IT DEGREE IN EUROPE","og_description":"Acerca de la Escuela Europea de TI La Escuela Europea de TI de la Universidad Europea Internacional es conocida por su fuerte \u00e9nfasis en los campos STEM (Ciencia, Tecnolog\u00eda, Ingenier\u00eda y Matem\u00e1ticas), incluidas las TI. La universidad proporciona tecnolog\u00edas inform\u00e1ticas, recursos, tecnolog\u00edas de la informaci\u00f3n de vanguardia e infraestructura que potencian la ense\u00f1anza y el [&hellip;]","og_url":"http:\/\/ieu.university\/es\/european-school-of-it-home\/","og_site_name":"INTERNATIONAL EUROPEAN UNIVERSITY, UKRAINE | EUROPE | STUDY IN UKRAINE | STUDY IN EUROPE | MBBS | GENERAL MEDICINE | BUSINESS | ENGINEERING | IT | EUROPE","article_modified_time":"2025-01-06T09:43:35+00:00","og_image":[{"width":1272,"height":386,"url":"https:\/\/ieu.university\/wp-content\/uploads\/2024\/07\/European-School-of-IT.png","type":"image\/png"}],"twitter_card":"summary_large_image","twitter_misc":{"Tiempo de lectura":"6 minutos"},"schema":{"@context":"https:\/\/schema.org","@graph":[{"@type":"WebPage","@id":"https:\/\/ieu.university\/european-school-of-it-home\/","url":"https:\/\/ieu.university\/european-school-of-it-home\/","name":"EUROPEAN SCHOOL OF IT | STUDY IT IN ENGLISH IN EUROPE | AFFORDABLE IT PROGRAM IN ENGLISH | INTERNATIONAL EUROPEAN UNIVERSITY UKRAINE | INTERNATIONALLY RECOGNIZED IT DEGREE IN EUROPE","isPartOf":{"@id":"https:\/\/ieu.university\/#website"},"datePublished":"2022-10-03T07:54:22+00:00","dateModified":"2025-01-06T09:43:35+00:00","inLanguage":"es-ES","potentialAction":[{"@type":"ReadAction","target":["https:\/\/ieu.university\/european-school-of-it-home\/"]}]},{"@type":"WebSite","@id":"https:\/\/ieu.university\/#website","url":"https:\/\/ieu.university\/","name":"INTERNATIONAL EUROPEAN UNIVERSITY, UKRAINE | EUROPE | STUDY IN UKRAINE | STUDY IN EUROPE | MBBS | GENERAL MEDICINE | BUSINESS | ENGINEERING | IT | EUROPE","description":"INTERNATIONAL EUROPEAN UNIVERSITY, UKRAINE | EUROPE | STUDY IN UKRAINE | STUDY IN EUROPE | MBBS | GENERAL MEDICINE | BUSINESS | ENGINEERING | IT | EUROPE","potentialAction":[{"@type":"SearchAction","target":{"@type":"EntryPoint","urlTemplate":"https:\/\/ieu.university\/?s={search_term_string}"},"query-input":"required name=search_term_string"}],"inLanguage":"es-ES"}]}},"_links":{"self":[{"href":"http:\/\/ieu.university\/es\/wp-json\/wp\/v2\/pages\/897","targetHints":{"allow":["GET"]}}],"collection":[{"href":"http:\/\/ieu.university\/es\/wp-json\/wp\/v2\/pages"}],"about":[{"href":"http:\/\/ieu.university\/es\/wp-json\/wp\/v2\/types\/page"}],"author":[{"embeddable":true,"href":"http:\/\/ieu.university\/es\/wp-json\/wp\/v2\/users\/1"}],"replies":[{"embeddable":true,"href":"http:\/\/ieu.university\/es\/wp-json\/wp\/v2\/comments?post=897"}],"version-history":[{"count":39,"href":"http:\/\/ieu.university\/es\/wp-json\/wp\/v2\/pages\/897\/revisions"}],"predecessor-version":[{"id":4471,"href":"http:\/\/ieu.university\/es\/wp-json\/wp\/v2\/pages\/897\/revisions\/4471"}],"wp:featuredmedia":[{"embeddable":true,"href":"http:\/\/ieu.university\/es\/wp-json\/wp\/v2\/media\/4062"}],"wp:attachment":[{"href":"http:\/\/ieu.university\/es\/wp-json\/wp\/v2\/media?parent=897"}],"curies":[{"name":"wp","href":"https:\/\/api.w.org\/{rel}","templated":true}]}}