{"id":91,"date":"2022-09-22T14:51:47","date_gmt":"2022-09-22T11:51:47","guid":{"rendered":"http:\/\/ieu.university\/?page_id=91"},"modified":"2025-10-24T16:51:15","modified_gmt":"2025-10-24T13:51:15","slug":"accreditation-and-license","status":"publish","type":"page","link":"http:\/\/ieu.university\/es\/accreditation-and-license\/","title":{"rendered":"Licencias y acreditaci\u00f3n"},"content":{"rendered":"<h2>Licencias y acreditaci\u00f3n<\/h2>\n<p>La concesi\u00f3n de licencias es un procedimiento para reconocer la capacidad de una instituci\u00f3n de educaci\u00f3n superior de cierto tipo para comenzar la educaci\u00f3n superior y las actividades educativas relacionadas con la calificaci\u00f3n de acuerdo con los requisitos de los est\u00e1ndares de educaci\u00f3n superior, as\u00ed como los requisitos estatales para el apoyo de personal, cient\u00edfico, metodol\u00f3gico y log\u00edstico. La Universidad Europea Internacional est\u00e1 reconocida por el Ministerio de Educaci\u00f3n y Ciencia de Ucrania y el Ministerio de Salud de Ucrania, y todos los programas educativos de la universidad est\u00e1n regulados y aprobados por ella. Los t\u00edtulos de la Universidad Europea Internacional est\u00e1n legalizados por el Ministerio de Salud de Ucrania y el Ministerio de Asuntos Exteriores de Ucrania; los t\u00edtulos tambi\u00e9n son reconocidos en todo el mundo.<\/p>\n<p>Los estudiantes de la Universidad Internacional Europea vienen a estudiar de Dinamarca, Suecia, Malasia, Mauricio, India, Pakist\u00e1n, Maldivas, Kenia, Angola, Nigeria, Camer\u00fan, Canad\u00e1, Egipto, EE. UU., Arabia Saudita, Australia, Reino Unido, Singapur, Sud\u00e1frica, Liban\u00e9s, Nueva Zelanda, Ir\u00e1n, Iraq, Sri Lanka, Ghana, Maldivas, Nepal, Palestina, T\u00fanez, Uganda, Venezuela, Per\u00fa, Yemen, Tanzania, L\u00edbano, Marruecos, Lesoto, Emiratos \u00c1rabes Unidos, Bangladesh, Sud\u00e1frica, Bulgaria, Israel, China, Noruega, Kuwait, Zimbabwe, Jordania, Vietnam, Sierra Leona, etc.<\/p>\n<p><a href=\"https:\/\/iaar.agency\/registry\/program\/4187\/en\">La Universidad Europea Internacional est\u00e1 incluida en la Agencia Independiente de Acreditaci\u00f3n y Calificaci\u00f3n de la IAAR<\/a><\/p>\n<p>La Universidad Internacional Europea tiene relaciones conjuntas de investigaci\u00f3n y asociaci\u00f3n con muchas instituciones cient\u00edficas de la antigua URSS y de todo el mundo, como la Academia M\u00e9dica de Polonia, la Universidad de Cambridge, la Universidad de Virden y las Cl\u00ednicas de Medicina Urgente en Alemania, B\u00e9lgica, Austria e Israel. Centro M\u00e9dico de Cardiff (Inglaterra), Centro M\u00e9dico en Sent-Etien (Francia), Centro M\u00e9dico de Nueva York y Sociedad M\u00e9dica Ucraniana en Canad\u00e1 y Austria. Durante los \u00faltimos a\u00f1os, nuestros trabajadores han tenido la oportunidad de trabajar en el extranjero como especialistas y profesores en universidades de los EE. UU., Yemen, Alemania, el Reino Unido, etc. La Universidad Internacional Europea se enorgullece del hecho de que sus trabajadores fueron los cient\u00edficos cuya contribuci\u00f3n al mundo de las Ciencias M\u00e9dicas ha sido com\u00fanmente reconocida.<\/p>\n<p><a href=\"http:\/\/ieu.university\/wp-content\/uploads\/2024\/08\/Extract-from-the-license-ZVO_29.11.2023_1_ENG.pdf\" rel=\"noopener\" target=\"_blank\">License for the right to conduct educational activities in the field of higher education.<\/a><\/p>\n<p><a href=\"http:\/\/ieu.university\/wp-content\/uploads\/2024\/08\/Extract-from-the-license-ZVO_29.11.2023_ENG.pdf\" rel=\"noopener\" target=\"_blank\">License for the right to conduct educational activities in the field of postgraduate education.<\/a><\/p>\n<div class=\"default-images-container\">\n<img decoding=\"async\" src=\"http:\/\/ieu.university\/wp-content\/uploads\/2025\/10\/14719.jpg\" \/><br \/>\n<img decoding=\"async\" src=\"http:\/\/ieu.university\/wp-content\/uploads\/2025\/10\/14718.jpg\" \/><br \/>\n<img decoding=\"async\" src=\"http:\/\/ieu.university\/wp-content\/uploads\/2025\/10\/11069.jpg\" \/><br \/>\n<img decoding=\"async\" src=\"http:\/\/ieu.university\/wp-content\/uploads\/2025\/10\/17714_page-0001.jpg\" \/><br \/>\n<img decoding=\"async\" src=\"http:\/\/ieu.university\/wp-content\/uploads\/2025\/10\/17715_page-0001.jpg\" \/><br \/>\n<img decoding=\"async\" src=\"http:\/\/ieu.university\/wp-content\/uploads\/2025\/10\/5990.jpg\"\/><br \/>\n<img decoding=\"async\" src=\"http:\/\/ieu.university\/wp-content\/uploads\/2025\/10\/cert-073-bachelor.jpg\"\/>\n<\/div>\n<p><\/br><\/p>\n<div class=\"default-images-container\">\n<img decoding=\"async\" src=\"http:\/\/ieu.university\/wp-content\/uploads\/2025\/10\/medcert.jpg\" \/><br \/>\n<img decoding=\"async\" src=\"http:\/\/ieu.university\/wp-content\/uploads\/2025\/10\/medicine2031.jpeg\" \/>\n<\/div>\n<p><\/br><\/p>\n<p><a href=\"http:\/\/ieu.university\/wp-content\/uploads\/2025\/10\/Prot_NA_Med_YEDEBO.pdf\">\u041f\u0440\u043e\u0442\u043e\u043a\u043e\u043b \u0437\u0430\u0441\u0456\u0434\u0430\u043d\u043d\u044f \u041d\u0430\u0446\u0456\u043e\u043d\u0430\u043b\u044c\u043d\u043e\u0433\u043e \u0430\u0433\u0435\u043d\u0442\u0441\u0442\u0432\u0430 \u0449\u043e\u0434\u043e \u0432\u043d\u0435\u0441\u0435\u043d\u043d\u044f \u0456\u043d\u0444\u043e\u0440\u043c\u0430\u0446\u0456\u0457 \u043f\u0440\u043e \u0421\u0435\u0440\u0442\u0438\u0444\u0456\u043a\u0430\u0442 \u0430\u043a\u0440\u0435\u0434\u0438\u0442\u0430\u0446\u0456\u0457 \u043e\u0441\u0432\u0456\u0442\u043d\u044c\u043e\u0457 \u043f\u0440\u043e\u0433\u0440\u0430\u043c\u0438 \u00ab\u041c\u0435\u0434\u0438\u0446\u0438\u043d\u0430\u00bb \u0434\u043e \u0404\u0414\u0415\u0411\u041e<\/a><\/p>\n","protected":false},"excerpt":{"rendered":"<p>Licencias y acreditaci\u00f3n La concesi\u00f3n de licencias es un procedimiento para reconocer la capacidad de una instituci\u00f3n de educaci\u00f3n superior de cierto tipo para comenzar la educaci\u00f3n superior y las actividades educativas relacionadas con la calificaci\u00f3n de acuerdo con los requisitos de los est\u00e1ndares de educaci\u00f3n superior, as\u00ed como los requisitos estatales para el apoyo [&hellip;]<\/p>\n","protected":false},"author":1,"featured_media":4068,"parent":0,"menu_order":0,"comment_status":"closed","ping_status":"closed","template":"","meta":{"ngg_post_thumbnail":0,"footnotes":""},"class_list":["post-91","page","type-page","status-publish","has-post-thumbnail","hentry"],"acf":[],"yoast_head":"<!-- This site is optimized with the Yoast SEO plugin v20.8 - https:\/\/yoast.com\/wordpress\/plugins\/seo\/ -->\n<title>UNIVERSIT\u00c9 INTERNATIONALE EUROP\u00c9ENNE | LICENCES ET ACCR\u00c9DITATION DE L&#039;UNIVERSIT\u00c9 INTERNATIONALE EUROP\u00c9ENNE | DIPL\u00d4ME RECONNU \u00c0 L&#039;INTERNATIONAL | \u00c9TUDIER EN UKRAINE | \u00c9TUDIER EN ANGLAIS EN EUROPE<\/title>\n<meta name=\"robots\" content=\"index, follow, max-snippet:-1, max-image-preview:large, max-video-preview:-1\" \/>\n<link rel=\"canonical\" href=\"https:\/\/ieu.university\/fr\/accreditation-and-license\/\" \/>\n<meta property=\"og:locale\" content=\"es_ES\" \/>\n<meta property=\"og:type\" content=\"article\" \/>\n<meta property=\"og:title\" content=\"UNIVERSIT\u00c9 INTERNATIONALE EUROP\u00c9ENNE | LICENCES ET ACCR\u00c9DITATION DE L&#039;UNIVERSIT\u00c9 INTERNATIONALE EUROP\u00c9ENNE | DIPL\u00d4ME RECONNU \u00c0 L&#039;INTERNATIONAL | \u00c9TUDIER EN UKRAINE | \u00c9TUDIER EN ANGLAIS EN EUROPE\" \/>\n<meta property=\"og:description\" content=\"Licencias y acreditaci\u00f3n La concesi\u00f3n de licencias es un procedimiento para reconocer la capacidad de una instituci\u00f3n de educaci\u00f3n superior de cierto tipo para comenzar la educaci\u00f3n superior y las actividades educativas relacionadas con la calificaci\u00f3n de acuerdo con los requisitos de los est\u00e1ndares de educaci\u00f3n superior, as\u00ed como los requisitos estatales para el apoyo [&hellip;]\" \/>\n<meta property=\"og:url\" content=\"http:\/\/ieu.university\/es\/accreditation-and-license\/\" \/>\n<meta property=\"og:site_name\" content=\"INTERNATIONAL EUROPEAN UNIVERSITY, UKRAINE | EUROPE | STUDY IN UKRAINE | STUDY IN EUROPE | MBBS | GENERAL MEDICINE | BUSINESS | ENGINEERING | IT | EUROPE\" \/>\n<meta property=\"article:modified_time\" content=\"2025-10-24T13:51:15+00:00\" \/>\n<meta property=\"og:image\" content=\"https:\/\/ieu.university\/wp-content\/uploads\/2024\/07\/Licensing-and-Accreditation.png\" \/>\n\t<meta property=\"og:image:width\" content=\"1272\" \/>\n\t<meta property=\"og:image:height\" content=\"386\" \/>\n\t<meta property=\"og:image:type\" content=\"image\/png\" \/>\n<meta name=\"twitter:card\" content=\"summary_large_image\" \/>\n<meta name=\"twitter:label1\" content=\"Tiempo de lectura\" \/>\n\t<meta name=\"twitter:data1\" content=\"4 minutos\" \/>\n<script type=\"application\/ld+json\" class=\"yoast-schema-graph\">{\"@context\":\"https:\/\/schema.org\",\"@graph\":[{\"@type\":\"WebPage\",\"@id\":\"https:\/\/ieu.university\/fr\/accreditation-and-license\/\",\"url\":\"https:\/\/ieu.university\/fr\/accreditation-and-license\/\",\"name\":\"UNIVERSIT\u00c9 INTERNATIONALE EUROP\u00c9ENNE | LICENCES ET ACCR\u00c9DITATION DE L'UNIVERSIT\u00c9 INTERNATIONALE EUROP\u00c9ENNE | DIPL\u00d4ME RECONNU \u00c0 L'INTERNATIONAL | \u00c9TUDIER EN UKRAINE | \u00c9TUDIER EN ANGLAIS EN EUROPE\",\"isPartOf\":{\"@id\":\"http:\/\/ieu.university\/ru\/#website\"},\"datePublished\":\"2022-09-22T11:51:47+00:00\",\"dateModified\":\"2025-10-24T13:51:15+00:00\",\"inLanguage\":\"es-ES\",\"potentialAction\":[{\"@type\":\"ReadAction\",\"target\":[\"https:\/\/ieu.university\/fr\/accreditation-and-license\/\"]}]},{\"@type\":\"WebSite\",\"@id\":\"http:\/\/ieu.university\/ru\/#website\",\"url\":\"http:\/\/ieu.university\/ru\/\",\"name\":\"INTERNATIONAL EUROPEAN UNIVERSITY, UKRAINE | EUROPE | STUDY IN UKRAINE | STUDY IN EUROPE | MBBS | GENERAL MEDICINE | BUSINESS | ENGINEERING | IT | EUROPE\",\"description\":\"INTERNATIONAL EUROPEAN UNIVERSITY, UKRAINE | EUROPE | STUDY IN UKRAINE | STUDY IN EUROPE | MBBS | GENERAL MEDICINE | BUSINESS | ENGINEERING | IT | EUROPE\",\"potentialAction\":[{\"@type\":\"SearchAction\",\"target\":{\"@type\":\"EntryPoint\",\"urlTemplate\":\"http:\/\/ieu.university\/ru\/?s={search_term_string}\"},\"query-input\":\"required name=search_term_string\"}],\"inLanguage\":\"es-ES\"}]}<\/script>\n<!-- \/ Yoast SEO plugin. -->","yoast_head_json":{"title":"UNIVERSIT\u00c9 INTERNATIONALE EUROP\u00c9ENNE | LICENCES ET ACCR\u00c9DITATION DE L'UNIVERSIT\u00c9 INTERNATIONALE EUROP\u00c9ENNE | DIPL\u00d4ME RECONNU \u00c0 L'INTERNATIONAL | \u00c9TUDIER EN UKRAINE | \u00c9TUDIER EN ANGLAIS EN EUROPE","robots":{"index":"index","follow":"follow","max-snippet":"max-snippet:-1","max-image-preview":"max-image-preview:large","max-video-preview":"max-video-preview:-1"},"canonical":"https:\/\/ieu.university\/fr\/accreditation-and-license\/","og_locale":"es_ES","og_type":"article","og_title":"UNIVERSIT\u00c9 INTERNATIONALE EUROP\u00c9ENNE | LICENCES ET ACCR\u00c9DITATION DE L'UNIVERSIT\u00c9 INTERNATIONALE EUROP\u00c9ENNE | DIPL\u00d4ME RECONNU \u00c0 L'INTERNATIONAL | \u00c9TUDIER EN UKRAINE | \u00c9TUDIER EN ANGLAIS EN EUROPE","og_description":"Licencias y acreditaci\u00f3n La concesi\u00f3n de licencias es un procedimiento para reconocer la capacidad de una instituci\u00f3n de educaci\u00f3n superior de cierto tipo para comenzar la educaci\u00f3n superior y las actividades educativas relacionadas con la calificaci\u00f3n de acuerdo con los requisitos de los est\u00e1ndares de educaci\u00f3n superior, as\u00ed como los requisitos estatales para el apoyo [&hellip;]","og_url":"http:\/\/ieu.university\/es\/accreditation-and-license\/","og_site_name":"INTERNATIONAL EUROPEAN UNIVERSITY, UKRAINE | EUROPE | STUDY IN UKRAINE | STUDY IN EUROPE | MBBS | GENERAL MEDICINE | BUSINESS | ENGINEERING | IT | EUROPE","article_modified_time":"2025-10-24T13:51:15+00:00","og_image":[{"width":1272,"height":386,"url":"https:\/\/ieu.university\/wp-content\/uploads\/2024\/07\/Licensing-and-Accreditation.png","type":"image\/png"}],"twitter_card":"summary_large_image","twitter_misc":{"Tiempo de lectura":"4 minutos"},"schema":{"@context":"https:\/\/schema.org","@graph":[{"@type":"WebPage","@id":"https:\/\/ieu.university\/fr\/accreditation-and-license\/","url":"https:\/\/ieu.university\/fr\/accreditation-and-license\/","name":"UNIVERSIT\u00c9 INTERNATIONALE EUROP\u00c9ENNE | LICENCES ET ACCR\u00c9DITATION DE L'UNIVERSIT\u00c9 INTERNATIONALE EUROP\u00c9ENNE | DIPL\u00d4ME RECONNU \u00c0 L'INTERNATIONAL | \u00c9TUDIER EN UKRAINE | \u00c9TUDIER EN ANGLAIS EN EUROPE","isPartOf":{"@id":"http:\/\/ieu.university\/ru\/#website"},"datePublished":"2022-09-22T11:51:47+00:00","dateModified":"2025-10-24T13:51:15+00:00","inLanguage":"es-ES","potentialAction":[{"@type":"ReadAction","target":["https:\/\/ieu.university\/fr\/accreditation-and-license\/"]}]},{"@type":"WebSite","@id":"http:\/\/ieu.university\/ru\/#website","url":"http:\/\/ieu.university\/ru\/","name":"INTERNATIONAL EUROPEAN UNIVERSITY, UKRAINE | EUROPE | STUDY IN UKRAINE | STUDY IN EUROPE | MBBS | GENERAL MEDICINE | BUSINESS | ENGINEERING | IT | EUROPE","description":"INTERNATIONAL EUROPEAN UNIVERSITY, UKRAINE | EUROPE | STUDY IN UKRAINE | STUDY IN EUROPE | MBBS | GENERAL MEDICINE | BUSINESS | ENGINEERING | IT | EUROPE","potentialAction":[{"@type":"SearchAction","target":{"@type":"EntryPoint","urlTemplate":"http:\/\/ieu.university\/ru\/?s={search_term_string}"},"query-input":"required name=search_term_string"}],"inLanguage":"es-ES"}]}},"_links":{"self":[{"href":"http:\/\/ieu.university\/es\/wp-json\/wp\/v2\/pages\/91","targetHints":{"allow":["GET"]}}],"collection":[{"href":"http:\/\/ieu.university\/es\/wp-json\/wp\/v2\/pages"}],"about":[{"href":"http:\/\/ieu.university\/es\/wp-json\/wp\/v2\/types\/page"}],"author":[{"embeddable":true,"href":"http:\/\/ieu.university\/es\/wp-json\/wp\/v2\/users\/1"}],"replies":[{"embeddable":true,"href":"http:\/\/ieu.university\/es\/wp-json\/wp\/v2\/comments?post=91"}],"version-history":[{"count":69,"href":"http:\/\/ieu.university\/es\/wp-json\/wp\/v2\/pages\/91\/revisions"}],"predecessor-version":[{"id":4783,"href":"http:\/\/ieu.university\/es\/wp-json\/wp\/v2\/pages\/91\/revisions\/4783"}],"wp:featuredmedia":[{"embeddable":true,"href":"http:\/\/ieu.university\/es\/wp-json\/wp\/v2\/media\/4068"}],"wp:attachment":[{"href":"http:\/\/ieu.university\/es\/wp-json\/wp\/v2\/media?parent=91"}],"curies":[{"name":"wp","href":"https:\/\/api.w.org\/{rel}","templated":true}]}}