{"id":935,"date":"2022-10-03T11:39:32","date_gmt":"2022-10-03T08:39:32","guid":{"rendered":"http:\/\/ieu.university\/?page_id=935"},"modified":"2025-01-06T12:42:36","modified_gmt":"2025-01-06T09:42:36","slug":"european-school-of-humanities","status":"publish","type":"page","link":"http:\/\/ieu.university\/es\/european-school-of-humanities\/","title":{"rendered":"Escuela Europea de Humanidades"},"content":{"rendered":"<h2>Acerca de la Escuela Europea de Humanidades<\/h2>\n<p>La<strong> Escuela Europea de Humanidades<\/strong> proporciona a los estudiantes de la Escuela Europea Internacional una s\u00f3lida base acad\u00e9mica en las disciplinas de humanidades, al tiempo que fomenta el inter\u00e9s intelectual, la creatividad y las habilidades anal\u00edticas de los estudiantes. La educaci\u00f3n en humanidades en la Universidad Europea Internacional sirve como puerta de entrada para explorar el rico tapiz de la existencia humana, revelando las complejidades de <strong>la historia, la literatura, la filosof\u00eda y las ciencias sociales. <\/strong>Al sumergirse en el campo de las humanidades en la Universidad Europea Internacional, los estudiantes desarrollan una profunda apreciaci\u00f3n de la experiencia humana y, a su vez, obtienen informaci\u00f3n sobre su lugar dentro de ella.<\/p>\n<p>La educaci\u00f3n en humanidades en el IEU pone un<strong> fuerte \u00e9nfasis en la comunicaci\u00f3n efectiva en forma escrita y oral<\/strong>. Los estudiantes tienen la oportunidad de desarrollar sus habilidades de escritura, perfeccionando la capacidad de articular ideas complejas de manera clara y persuasiva. A trav\u00e9s de discusiones, debates y presentaciones, los estudiantes de la Escuela Europea de Humanidades desarrollan el arte de la comunicaci\u00f3n oral efectiva, dominando el arte de expresar sus pensamientos y participar en un di\u00e1logo significativo con los dem\u00e1s. Desarrollan la capacidad de pensar de forma independiente, evaluar la evidencia y construir argumentos razonados, equip\u00e1ndolos para tomar decisiones informadas en su vida personal y profesional.<\/p>\n<p>La <strong>Escuela Europea de Humanidades<\/strong> se erige como un faro de crecimiento intelectual y personal, que nutre a los estudiantes para que se conviertan en pensadores cr\u00edticos, embajadores culturales e individuos compasivos. Al estudiar humanidades en la Universidad Europea Internacional, los estudiantes se embarcan en un viaje transformador que ampl\u00eda sus horizontes, fomenta la empat\u00eda y los equipa con las habilidades necesarias para navegar por las complejidades de nuestra sociedad globalizada. El objetivo de estudiar humanidades en la Universidad Europea Internacional y las ventajas que ofrece son activos invaluables que empoderan a las personas para hacer contribuciones significativas al mundo.<\/p>\n<h2>Acerca de los cursos<\/h2>\n<p>Los<strong> cursos educativos de la Escuela Europea de Humanidades <\/strong>se centran en el estudio interdisciplinario de la cultura humana, la filosof\u00eda, la historia y las artes. Su misi\u00f3n es fomentar una comprensi\u00f3n profunda del pensamiento y la cultura humanos en diferentes per\u00edodos y regiones. Los Cursos de Humanidades persiguen el<strong> estudio de la experiencia humana, pasada y presente<\/strong>, abarcando el estudio de la historia y la historia del arte, los idiomas y la literatura, la filosof\u00eda, la religi\u00f3n y las artes visuales y dram\u00e1ticas. Los estudiantes de la Universidad Europea Internacional adquieren habilidades en an\u00e1lisis cr\u00edtico, interpretaci\u00f3n y argumentaci\u00f3n, escritura anal\u00edtica y presentaci\u00f3n oral en empresas individuales y colaborativas. Descubren c\u00f3mo las sociedades, las culturas, los valores humanos y las experiencias cotidianas se han transformado, representado y recordado a lo largo del tiempo.<\/p>\n<p>Los cursos de humanidades en la Universidad Internacional Europea se ofrecen tanto a nivel de pregrado como de posgrado en el medio de instrucci\u00f3n en ingl\u00e9s. <strong>La Escuela Europea de Humanidades ofrece modos de estudio flexibles para satisfacer las necesidades de los diferentes estudiantes. <\/strong>Los cursos educativos se ofrecen en el campus, en l\u00ednea o a trav\u00e9s de programas de aprendizaje a distancia, lo que hace que la educaci\u00f3n de la humanidad sea m\u00e1s accesible para los estudiantes que no pueden asistir a los cursos tradicionales en el aula. Para los estudiantes en l\u00ednea y a distancia, IEU ofrece un soporte t\u00e9cnico integral para garantizar un acceso sin problemas a las plataformas y recursos digitales.<\/p>\n<p><strong>Nivel de educaci\u00f3n superior <\/strong>&#8211; Primer nivel (Licenciatura) y Segundo (Maestr\u00eda).<\/p>\n<p><strong>La duraci\u00f3n del estudio:<\/strong> 4 a\u00f1os de estudio a tiempo completo (Licenciatura) y 2-3 a\u00f1os de estudio a tiempo completo (Maestr\u00eda).<\/p>\n<p><strong>Medio de instrucci\u00f3n<\/strong> &#8211; Ingl\u00e9s.<\/p>\n<h2>Cursos de grado disponibles<\/h2>\n<ul>\n<li><strong>El curso de filosof\u00eda<\/strong> explora cuestiones fundamentales sobre el conocimiento, la existencia, la \u00e9tica, el razonamiento y la naturaleza de la realidad;<\/li>\n<li><strong>El curso de historia<\/strong> examina los eventos pasados, las sociedades y las civilizaciones para comprender su importancia y su impacto en el presente;<\/li>\n<li><strong>El curso de trabajo<\/strong> social prepara a los estudiantes para las carreras que ayudan a las personas, las familias y las comunidades a superar los desaf\u00edos sociales y mejorar su bienestar;<\/li>\n<li><strong>El curso de Ciencias Sociales<\/strong> explora varias disciplinas que estudian la sociedad humana y las relaciones sociales;<\/li>\n<li><strong>El curso de periodismo<\/strong> se centra en los principios y pr\u00e1cticas de los informes de noticias, la narraci\u00f3n de historias y la comunicaci\u00f3n con los medios de comunicaci\u00f3n;<\/li>\n<li><strong>El curso de ling\u00fc\u00edstica<\/strong> explora el estudio cient\u00edfico del lenguaje y su estructura, incluidos sus sonidos, gram\u00e1tica, significado y aspectos sociales;<\/li>\n<li><strong>El curso de Ciencias Pol\u00edticas <\/strong>se centra en el estudio de la pol\u00edtica, los sistemas gubernamentales y el ejercicio del poder dentro de las sociedades;<\/li>\n<li><strong>El curso de psicolog\u00eda<\/strong> se centra en el estudio de la mente y el comportamiento humanos;<\/li>\n<li><strong>El curso de informaci\u00f3n<\/strong>, biblioteca y archivo abarco el estudio de la gesti\u00f3n, organizaci\u00f3n y preservaci\u00f3n de la informaci\u00f3n;<\/li>\n<li><strong>El curso de Bellas Artes, Artes Decorativas y Restauraci\u00f3n <\/strong>implica el estudio y la pr\u00e1ctica de la expresi\u00f3n art\u00edstica, la artesan\u00eda y la preservaci\u00f3n de artefactos culturales;<\/li>\n<li><strong>Curso de teolog\u00eda<\/strong> centrado en el estudio de las creencias, pr\u00e1cticas y tradiciones religiosas;<\/li>\n<li><strong>El curso de dise\u00f1o<\/strong> abarca la creaci\u00f3n, planificaci\u00f3n y ejecuci\u00f3n de soluciones visuales y funcionales para diversos fines;<\/li>\n<li><strong>El curso de dise\u00f1o<\/strong> de ropa se centra en la creaci\u00f3n y producci\u00f3n de prendas de vestir y prendas de vestir;<\/li>\n<li><strong>El curso de restauraci\u00f3n<\/strong> y examen de obras de arte implica la preservaci\u00f3n, conservaci\u00f3n y an\u00e1lisis de obras de arte y artefactos culturales;<\/li>\n<li><strong>El curso de gesti\u00f3n <\/strong>de eventos se centra en la planificaci\u00f3n, organizaci\u00f3n y ejecuci\u00f3n de eventos, que van desde conferencias y reuniones corporativas hasta bodas, festivales y eventos deportivos;<\/li>\n<li><strong>El curso de Gesti\u00f3n de Actividades Socioculturales<\/strong> se centra en la planificaci\u00f3n, organizaci\u00f3n y administraci\u00f3n de eventos e iniciativas en el sector cultural;<\/li>\n<li><strong>El curso de Arquitectura y Entorno Paisaj\u00edstico<\/strong> se centra en el dise\u00f1o, la planificaci\u00f3n y la construcci\u00f3n de edificios y espacios al aire libre.<\/li>\n<\/ul>\n<h2>Formaci\u00f3n pr\u00e1ctica<\/h2>\n<p><strong>La formaci\u00f3n pr\u00e1ctica en la Escuela Europea de Humanidades<\/strong> est\u00e1 dise\u00f1ada para complementar el aprendizaje te\u00f3rico y proporcionar a los estudiantes de IEU las habilidades pr\u00e1cticas necesarias para tener \u00e9xito en sus futuras carreras. La Escuela Europea de Humanidades ofrece una variedad de oportunidades de formaci\u00f3n pr\u00e1ctica, cada una asociada con diferentes aspectos de las humanidades. Incluye pasant\u00edas, estudios de campo, talleres, sesiones interactivas, proyectos de investigaci\u00f3n, preservaci\u00f3n del patrimonio cultural e iniciativas de participaci\u00f3n comunitaria.<\/p>\n<ul>\n<li><strong>Una variedad de talleres y sesiones interactivas <\/strong>proporcionan a los estudiantes experiencias pr\u00e1cticas en diferentes pr\u00e1cticas culturales. Desde talleres de caligraf\u00eda y pintura hasta demostraciones culinarias y sesiones de inmersi\u00f3n ling\u00fc\u00edstica, estos eventos interactivos permiten a los estudiantes del Campus Universitario Europeo Internacional participar directamente con las tradiciones culturales, desarrollar nuevas habilidades y obtener una apreciaci\u00f3n m\u00e1s profunda de la diversidad de la expresi\u00f3n humana.<\/li>\n<li><strong>Las pasant\u00edas<\/strong> son una parte integral del proceso educativo en el que los estudiantes de IEU trabajan con organizaciones, instituciones o empresas relacionadas con su campo de estudio. Las pasant\u00edas pueden ser locales, nacionales o internacionales, proporcionando a los estudiantes una variedad de experiencias profesionales en diferentes campos de estudio.Las tareas de los estudiantes incluyen asistencia a la investigaci\u00f3n, gesti\u00f3n de proyectos, creaci\u00f3n de contenido, trabajo curatorial, relaciones p\u00fablicas y apoyo administrativo.<\/li>\n<li><strong>Los estudios de campo<\/strong> incluyen viajes y actividades realizadas fuera del aula, a menudo en sitios hist\u00f3ricos, culturales o arqueol\u00f3gicos. Los estudios de campo forman parte de los cursos de humanidad como historia, arqueolog\u00eda, historia del arte y estudios culturales. Los estudiantes participan en visitas a monumentos hist\u00f3ricos, museos, galer\u00edas e instituciones culturales, y en actividades pr\u00e1cticas como excavaciones arqueol\u00f3gicas, an\u00e1lisis de artefactos y trabajos de conservaci\u00f3n.<\/li>\n<li><strong>Los proyectos de investigaci\u00f3n<\/strong> permiten a los estudiantes de la IEU realizar estudios en profundidad sobre temas espec\u00edficos. Puede ser individual o colaborativo e implica investigaci\u00f3n primaria. Los estudiantes estudian c\u00f3mo formular preguntas e hip\u00f3tesis de investigaci\u00f3n, realizar revisiones de literatura, investigaci\u00f3n de archivos y recopilaci\u00f3n de datos, y presentar sus hallazgos a trav\u00e9s de disertaciones, documentos de investigaci\u00f3n o conferencias acad\u00e9micas.<\/li>\n<\/ul>\n","protected":false},"excerpt":{"rendered":"<p>Acerca de la Escuela Europea de Humanidades La Escuela Europea de Humanidades proporciona a los estudiantes de la Escuela Europea Internacional una s\u00f3lida base acad\u00e9mica en las disciplinas de humanidades, al tiempo que fomenta el inter\u00e9s intelectual, la creatividad y las habilidades anal\u00edticas de los estudiantes. La educaci\u00f3n en humanidades en la Universidad Europea Internacional [&hellip;]<\/p>\n","protected":false},"author":1,"featured_media":4060,"parent":0,"menu_order":0,"comment_status":"closed","ping_status":"closed","template":"","meta":{"ngg_post_thumbnail":0,"footnotes":""},"class_list":["post-935","page","type-page","status-publish","has-post-thumbnail","hentry"],"acf":[],"yoast_head":"<!-- This site is optimized with the Yoast SEO plugin v20.8 - https:\/\/yoast.com\/wordpress\/plugins\/seo\/ -->\n<title>EUROPEAN SCHOOL OF HUMANITIES | AFFORDABLE STUDIES IN EUROPE | HUMANITIES PROGRAMS IN UKRAINE | INTERNATIONAL EUROPEAN UNIVERSITY | HIGH-QUALITY HUMANITIES EDUCATION IN ENGLISH<\/title>\n<meta name=\"robots\" content=\"index, follow, max-snippet:-1, max-image-preview:large, max-video-preview:-1\" \/>\n<link rel=\"canonical\" href=\"http:\/\/ieu.university\/ru\/european-school-of-humanities\/\" \/>\n<meta property=\"og:locale\" content=\"es_ES\" \/>\n<meta property=\"og:type\" content=\"article\" \/>\n<meta property=\"og:title\" content=\"EUROPEAN SCHOOL OF HUMANITIES | AFFORDABLE STUDIES IN EUROPE | HUMANITIES PROGRAMS IN UKRAINE | INTERNATIONAL EUROPEAN UNIVERSITY | HIGH-QUALITY HUMANITIES EDUCATION IN ENGLISH\" \/>\n<meta property=\"og:description\" content=\"Acerca de la Escuela Europea de Humanidades La Escuela Europea de Humanidades proporciona a los estudiantes de la Escuela Europea Internacional una s\u00f3lida base acad\u00e9mica en las disciplinas de humanidades, al tiempo que fomenta el inter\u00e9s intelectual, la creatividad y las habilidades anal\u00edticas de los estudiantes. La educaci\u00f3n en humanidades en la Universidad Europea Internacional [&hellip;]\" \/>\n<meta property=\"og:url\" content=\"http:\/\/ieu.university\/es\/european-school-of-humanities\/\" \/>\n<meta property=\"og:site_name\" content=\"INTERNATIONAL EUROPEAN UNIVERSITY, UKRAINE | EUROPE | STUDY IN UKRAINE | STUDY IN EUROPE | MBBS | GENERAL MEDICINE | BUSINESS | ENGINEERING | IT | EUROPE\" \/>\n<meta property=\"article:modified_time\" content=\"2025-01-06T09:42:36+00:00\" \/>\n<meta property=\"og:image\" content=\"http:\/\/ieu.university\/wp-content\/uploads\/2024\/07\/European-School-of-Humanities.png\" \/>\n\t<meta property=\"og:image:width\" content=\"1272\" \/>\n\t<meta property=\"og:image:height\" content=\"386\" \/>\n\t<meta property=\"og:image:type\" content=\"image\/png\" \/>\n<meta name=\"twitter:card\" content=\"summary_large_image\" \/>\n<meta name=\"twitter:label1\" content=\"Tiempo de lectura\" \/>\n\t<meta name=\"twitter:data1\" content=\"5 minutos\" \/>\n<script type=\"application\/ld+json\" class=\"yoast-schema-graph\">{\"@context\":\"https:\/\/schema.org\",\"@graph\":[{\"@type\":\"WebPage\",\"@id\":\"http:\/\/ieu.university\/ru\/european-school-of-humanities\/\",\"url\":\"http:\/\/ieu.university\/ru\/european-school-of-humanities\/\",\"name\":\"EUROPEAN SCHOOL OF HUMANITIES | AFFORDABLE STUDIES IN EUROPE | HUMANITIES PROGRAMS IN UKRAINE | INTERNATIONAL EUROPEAN UNIVERSITY | HIGH-QUALITY HUMANITIES EDUCATION IN ENGLISH\",\"isPartOf\":{\"@id\":\"https:\/\/ieu.university\/#website\"},\"datePublished\":\"2022-10-03T08:39:32+00:00\",\"dateModified\":\"2025-01-06T09:42:36+00:00\",\"inLanguage\":\"es-ES\",\"potentialAction\":[{\"@type\":\"ReadAction\",\"target\":[\"http:\/\/ieu.university\/ru\/european-school-of-humanities\/\"]}]},{\"@type\":\"WebSite\",\"@id\":\"https:\/\/ieu.university\/#website\",\"url\":\"https:\/\/ieu.university\/\",\"name\":\"INTERNATIONAL EUROPEAN UNIVERSITY, UKRAINE | EUROPE | STUDY IN UKRAINE | STUDY IN EUROPE | MBBS | GENERAL MEDICINE | BUSINESS | ENGINEERING | IT | EUROPE\",\"description\":\"INTERNATIONAL EUROPEAN UNIVERSITY, UKRAINE | EUROPE | STUDY IN UKRAINE | STUDY IN EUROPE | MBBS | GENERAL MEDICINE | BUSINESS | ENGINEERING | IT | EUROPE\",\"potentialAction\":[{\"@type\":\"SearchAction\",\"target\":{\"@type\":\"EntryPoint\",\"urlTemplate\":\"https:\/\/ieu.university\/?s={search_term_string}\"},\"query-input\":\"required name=search_term_string\"}],\"inLanguage\":\"es-ES\"}]}<\/script>\n<!-- \/ Yoast SEO plugin. -->","yoast_head_json":{"title":"EUROPEAN SCHOOL OF HUMANITIES | AFFORDABLE STUDIES IN EUROPE | HUMANITIES PROGRAMS IN UKRAINE | INTERNATIONAL EUROPEAN UNIVERSITY | HIGH-QUALITY HUMANITIES EDUCATION IN ENGLISH","robots":{"index":"index","follow":"follow","max-snippet":"max-snippet:-1","max-image-preview":"max-image-preview:large","max-video-preview":"max-video-preview:-1"},"canonical":"http:\/\/ieu.university\/ru\/european-school-of-humanities\/","og_locale":"es_ES","og_type":"article","og_title":"EUROPEAN SCHOOL OF HUMANITIES | AFFORDABLE STUDIES IN EUROPE | HUMANITIES PROGRAMS IN UKRAINE | INTERNATIONAL EUROPEAN UNIVERSITY | HIGH-QUALITY HUMANITIES EDUCATION IN ENGLISH","og_description":"Acerca de la Escuela Europea de Humanidades La Escuela Europea de Humanidades proporciona a los estudiantes de la Escuela Europea Internacional una s\u00f3lida base acad\u00e9mica en las disciplinas de humanidades, al tiempo que fomenta el inter\u00e9s intelectual, la creatividad y las habilidades anal\u00edticas de los estudiantes. La educaci\u00f3n en humanidades en la Universidad Europea Internacional [&hellip;]","og_url":"http:\/\/ieu.university\/es\/european-school-of-humanities\/","og_site_name":"INTERNATIONAL EUROPEAN UNIVERSITY, UKRAINE | EUROPE | STUDY IN UKRAINE | STUDY IN EUROPE | MBBS | GENERAL MEDICINE | BUSINESS | ENGINEERING | IT | EUROPE","article_modified_time":"2025-01-06T09:42:36+00:00","og_image":[{"width":1272,"height":386,"url":"http:\/\/ieu.university\/wp-content\/uploads\/2024\/07\/European-School-of-Humanities.png","type":"image\/png"}],"twitter_card":"summary_large_image","twitter_misc":{"Tiempo de lectura":"5 minutos"},"schema":{"@context":"https:\/\/schema.org","@graph":[{"@type":"WebPage","@id":"http:\/\/ieu.university\/ru\/european-school-of-humanities\/","url":"http:\/\/ieu.university\/ru\/european-school-of-humanities\/","name":"EUROPEAN SCHOOL OF HUMANITIES | AFFORDABLE STUDIES IN EUROPE | HUMANITIES PROGRAMS IN UKRAINE | INTERNATIONAL EUROPEAN UNIVERSITY | HIGH-QUALITY HUMANITIES EDUCATION IN ENGLISH","isPartOf":{"@id":"https:\/\/ieu.university\/#website"},"datePublished":"2022-10-03T08:39:32+00:00","dateModified":"2025-01-06T09:42:36+00:00","inLanguage":"es-ES","potentialAction":[{"@type":"ReadAction","target":["http:\/\/ieu.university\/ru\/european-school-of-humanities\/"]}]},{"@type":"WebSite","@id":"https:\/\/ieu.university\/#website","url":"https:\/\/ieu.university\/","name":"INTERNATIONAL EUROPEAN UNIVERSITY, UKRAINE | EUROPE | STUDY IN UKRAINE | STUDY IN EUROPE | MBBS | GENERAL MEDICINE | BUSINESS | ENGINEERING | IT | EUROPE","description":"INTERNATIONAL EUROPEAN UNIVERSITY, UKRAINE | EUROPE | STUDY IN UKRAINE | STUDY IN EUROPE | MBBS | GENERAL MEDICINE | BUSINESS | ENGINEERING | IT | EUROPE","potentialAction":[{"@type":"SearchAction","target":{"@type":"EntryPoint","urlTemplate":"https:\/\/ieu.university\/?s={search_term_string}"},"query-input":"required name=search_term_string"}],"inLanguage":"es-ES"}]}},"_links":{"self":[{"href":"http:\/\/ieu.university\/es\/wp-json\/wp\/v2\/pages\/935","targetHints":{"allow":["GET"]}}],"collection":[{"href":"http:\/\/ieu.university\/es\/wp-json\/wp\/v2\/pages"}],"about":[{"href":"http:\/\/ieu.university\/es\/wp-json\/wp\/v2\/types\/page"}],"author":[{"embeddable":true,"href":"http:\/\/ieu.university\/es\/wp-json\/wp\/v2\/users\/1"}],"replies":[{"embeddable":true,"href":"http:\/\/ieu.university\/es\/wp-json\/wp\/v2\/comments?post=935"}],"version-history":[{"count":26,"href":"http:\/\/ieu.university\/es\/wp-json\/wp\/v2\/pages\/935\/revisions"}],"predecessor-version":[{"id":4466,"href":"http:\/\/ieu.university\/es\/wp-json\/wp\/v2\/pages\/935\/revisions\/4466"}],"wp:featuredmedia":[{"embeddable":true,"href":"http:\/\/ieu.university\/es\/wp-json\/wp\/v2\/media\/4060"}],"wp:attachment":[{"href":"http:\/\/ieu.university\/es\/wp-json\/wp\/v2\/media?parent=935"}],"curies":[{"name":"wp","href":"https:\/\/api.w.org\/{rel}","templated":true}]}}