{"id":1010,"date":"2022-10-03T15:19:25","date_gmt":"2022-10-03T12:19:25","guid":{"rendered":"http:\/\/ieu.university\/?page_id=1010"},"modified":"2025-01-06T12:38:53","modified_gmt":"2025-01-06T09:38:53","slug":"european-business-school-home","status":"publish","type":"page","link":"http:\/\/ieu.university\/fr\/european-business-school-home\/","title":{"rendered":"\u00c9cole Europ\u00e9enne de Commerce"},"content":{"rendered":"<h2>\u00c9cole Europ\u00e9enne de Commerce<\/h2>\n<p><strong>L&#8217;\u00c9cole europ\u00e9enne de commerce de l&#8217;Universit\u00e9 Internationale Europ\u00e9enne <\/strong>est le plus r\u00e9cent institut \u00e9ducatif et scientifique avec les meilleures traditions de formation de professionnels hautement qualifi\u00e9s et comp\u00e9titifs poss\u00e9dant une vaste exp\u00e9rience en mati\u00e8re d&#8217;\u00e9conomistes, de gestionnaires, d&#8217;administrateurs d&#8217;entreprise, de sp\u00e9cialistes du marketing, de comptables, de financiers, d&#8217;organisateurs d&#8217;entreprises et de bourses. , technologues et gestionnaires des secteurs de l&#8217;h\u00f4tellerie, de la restauration et du tourisme. En appliquant les m\u00e9thodologies des principales institutions d&#8217;enseignement sup\u00e9rieur et scientifiques internationales et europ\u00e9ennes, l&#8217;\u00e9cole de commerce de l&#8217;IEU identifie <strong>l&#8217;application pratique des aptitudes, aptitudes et comp\u00e9tences acquises <\/strong>par le biais d&#8217;entreprises leaders du secteur comme un \u00e9l\u00e9ment cl\u00e9 de la formation.<\/p>\n<p>\u00c9tudier \u00e0 l&#8217;Universit\u00e9 Internationale Europ\u00e9enne permet de <strong>syst\u00e9matiser les connaissances et l&#8217;exp\u00e9rience existantes<\/strong>, offrant la possibilit\u00e9 de ma\u00eetriser les derni\u00e8res technologies de gestion. Le programme apprend aux \u00e9tudiants \u00e0 appliquer efficacement des id\u00e9es, des m\u00e9canismes et des outils innovants. l&#8217;\u00c9cole europ\u00e9enne de commerce jette les bases d&#8217;un avenir prosp\u00e8re en dotant les \u00e9tudiants des comp\u00e9tences n\u00e9cessaires pour exceller dans un environnement commercial comp\u00e9titif. Garder une longueur d&#8217;avance sur les tendances et les progr\u00e8s est une caract\u00e9ristique cruciale d&#8217;un professionnel des affaires qui r\u00e9ussit, et cette universit\u00e9 veille \u00e0 ce que ses dipl\u00f4m\u00e9s incarnent cette qualit\u00e9.<\/p>\n<p>l&#8217;\u00c9cole europ\u00e9enne de commerce de l&#8217;Universit\u00e9 Internationale Europ\u00e9enne propose une <strong>approche personnalis\u00e9e \u00e0 chaque \u00e9tudiant<\/strong>. Le programme comprend l&#8217;enseignement des langues \u00e9trang\u00e8res, dispens\u00e9 par un personnel enseignant solide et scientifiquement comp\u00e9tent. Les \u00e9tudiants internationaux b\u00e9n\u00e9ficient <strong>d&#8217;opportunit\u00e9s de stages et de formations \u00e0 l&#8217;\u00e9tranger<\/strong>, ainsi que d&#8217;un enrichissement mutuel gr\u00e2ce \u00e0 des interactions avec des pairs, des enseignants, des conf\u00e9renciers invit\u00e9s, des experts \u00e9trangers et des praticiens partageant les m\u00eames id\u00e9es. L&#8217;\u00e9cole utilise des m\u00e9thodes p\u00e9dagogiques interactives et les nouvelles technologies de l&#8217;information pour r\u00e9soudre des probl\u00e8mes d&#8217;entreprise \u00e0 l&#8217;aide d&#8217;exemples d&#8217;entreprises virtuelles (incubateurs d&#8217;entreprises). Les \u00e9tudiants peuvent choisir parmi un large \u00e9ventail de professions et avoir acc\u00e8s \u00e0 une vaste base de donn\u00e9es de ressources d&#8217;information.<\/p>\n<p>L&#8217;\u00c9cole europ\u00e9enne de commerce offre aux \u00e9tudiants de nombreuses opportunit\u00e9s d&#8217;apprentissage exp\u00e9rientiel. <strong>Aux programmes de stages <\/strong>de l&#8217;Universit\u00e9 Internationale Europ\u00e9enne, <strong>des \u00e9tudes de cas, des simulations commerciales et des projets industriels <\/strong>permettent aux \u00e9tudiants d&#8217;appliquer leurs connaissances th\u00e9oriques \u00e0 des situations r\u00e9elles, acqu\u00e9rant ainsi une exp\u00e9rience pratique inestimable. Les opportunit\u00e9s pratiques am\u00e9liorent la compr\u00e9hension des \u00e9tudiants des concepts commerciaux tout en d\u00e9veloppant leurs comp\u00e9tences en r\u00e9solution de probl\u00e8mes, en travail d&#8217;\u00e9quipe et en communication. Reconnaissant l&#8217;importance d&#8217;un r\u00e9seau professionnel solide, l&#8217;Universit\u00e9 Internationale Europ\u00e9enne organise des \u00e9v\u00e9nements de r\u00e9seautage, des salons de l&#8217;emploi et des conf\u00e9rences avec des leaders de l&#8217;industrie, permettant aux \u00e9tudiants de se connecter avec des professionnels et d&#8217;acqu\u00e9rir des connaissances commerciales.<\/p>\n<p>Au-del\u00e0 des fondamentaux du m\u00e9tier, l&#8217;\u00c9cole europ\u00e9enne de commerce se concentre sur le <strong>d\u00e9veloppement des comp\u00e9tences de leadership et de communication des \u00e9tudiants. <\/strong>Reconnaissant le leadership comme essentiel \u00e0 la r\u00e9ussite des entreprises, l&#8217;Universit\u00e9 Internationale Europ\u00e9enne propose des cours de commerce qui favorisent les comp\u00e9tences en leadership \u00e0 travers des projets d&#8217;\u00e9quipe, des \u00e9tudes de cas et un apprentissage exp\u00e9rientiel. La promotion de l\u2019innovation et de l\u2019entrepreneuriat est l\u2019objectif le plus important de l\u2019\u00c9cole europ\u00e9enne de commerce. L&#8217;universit\u00e9 fournit aux \u00e9tudiants les outils et les ressources n\u00e9cessaires pour cr\u00e9er de nouveaux produits, services et mod\u00e8les commerciaux. L&#8217;Universit\u00e9 europ\u00e9enne internationale encourage la prise de risque et la pens\u00e9e cr\u00e9ative, favorisant une culture de l&#8217;innovation qui stimule la croissance \u00e9conomique et le progr\u00e8s social.<\/p>\n<h2>\u00c0 propos des cours de commerce<\/h2>\n<p>\u00c9tudier le commerce \u00e0 l&#8217;\u00c9cole europ\u00e9enne de commerce offre aux \u00e9tudiants <strong>une exp\u00e9rience \u00e9ducative transformatrice qui les pr\u00e9pare \u00e0 r\u00e9ussir dans le monde des affaires.<\/strong> L&#8217;Universit\u00e9 Internationale Europ\u00e9enne se consacre \u00e0 l&#8217;excellence, en proposant un programme d&#8217;\u00e9tudes adapt\u00e9 \u00e0 l&#8217;industrie, des opportunit\u00e9s d&#8217;apprentissage exp\u00e9rientiel, un soutien au r\u00e9seautage et au d\u00e9veloppement de carri\u00e8re, une exposition internationale et en favorisant un \u00e9tat d&#8217;esprit entrepreneurial. L\u2019approche holistique de l\u2019universit\u00e9 pr\u00e9pare une nouvelle g\u00e9n\u00e9ration de dirigeants d\u2019entreprise \u00e0 relever les d\u00e9fis modernes. L&#8217;\u00c9cole europ\u00e9enne de commerce de l&#8217;Universit\u00e9 Internationale Europ\u00e9enne offre aux \u00e9tudiants internationaux des <strong>opportunit\u00e9s de stages en Europe et de pratique des langues.<\/strong><\/p>\n<p><strong>Niveau d\u2019enseignement sup\u00e9rieur <\/strong>\u2013 Premier (Licence) et deuxi\u00e8me (Master).<\/p>\n<p><strong>La dur\u00e9e des \u00e9tudes<\/strong> \u2013 4 ann\u00e9es d\u2019\u00e9tudes \u00e0 temps plein (Licence) et 2 ann\u00e9es d\u2019\u00e9tudes \u00e0 temps plein (Master).<\/p>\n<p><strong>Langue d\u2019enseignement <\/strong>\u2013 \u200b\u200banglais.<\/p>\n<h2>Cours de degr\u00e9s disponibles<\/h2>\n<ul>\n<li><strong>Le cours de comptabilit\u00e9 <\/strong>offre aux \u00e9tudiants une introduction aux principes et pratiques de la comptabilit\u00e9 ;<\/li>\n<li><strong>Le cursus de marketing <\/strong>offre aux \u00e9tudiants une introduction aux principes et pratiques du marketing ;<\/li>\n<li><strong>Le cursus en gestion des ressources humaines<\/strong> offre aux \u00e9tudiants une introduction aux principes et pratiques de la gestion des ressources humaines ;<\/li>\n<li><strong>Le cursus en gestion des op\u00e9rations <\/strong>offre aux \u00e9tudiants une introduction aux principes et pratiques de la gestion des op\u00e9rations ;<\/li>\n<li><strong>Le cursus de commerce international <\/strong>offre aux \u00e9tudiants une introduction aux principes et aux pratiques du commerce international ;<\/li>\n<li><strong>Le cursus de gestion et d&#8217;administration des affaires<\/strong> combine les principes de gestion avec les concepts d&#8217;administration des affaires pour pr\u00e9parer les \u00e9tudiants \u00e0 des r\u00f4les de leadership dans les organisations ;<\/li>\n<li><strong>Le cursus gestion des entreprises<\/strong> offre aux \u00e9tudiants une compr\u00e9hension approfondie des principes et des pratiques de gestion des entreprises ;<\/li>\n<li><strong>Le cursus en gestion de l&#8217;administration publique <\/strong>offre aux \u00e9tudiants une compr\u00e9hension approfondie des principes et des pratiques de gestion des organisations du secteur public ;<\/li>\n<li><strong>Le cursus de micro\u00e9conomie <\/strong>offre aux \u00e9tudiants une compr\u00e9hension globale des principes de la micro\u00e9conomie ;<\/li>\n<li><strong>Le cursus de macro\u00e9conomie <\/strong>offre aux \u00e9tudiants une compr\u00e9hension globale des principes de la macro\u00e9conomie ;<\/li>\n<li><strong>Le cursus en gestion des risques<\/strong> est un cours multidisciplinaire impliquant l&#8217;\u00e9tude de l&#8217;identification, de l&#8217;\u00e9valuation et de l&#8217;att\u00e9nuation des risques afin de minimiser leur impact n\u00e9gatif potentiel ;<\/li>\n<li><strong>Le cursus avanc\u00e9 en entrepreneuriat <\/strong>va au-del\u00e0 des bases du d\u00e9marrage et de la gestion d\u2019une entreprise ;<\/li>\n<li><strong>Le cursus en gestion des risques et des opportunit\u00e9s d&#8217;un projet <\/strong>implique d&#8217;identifier, d&#8217;\u00e9valuer et de traiter les risques et opportunit\u00e9s potentiels tout au long du cycle de vie d&#8217;un projet ;<\/li>\n<li><strong>Le cursus en leadership d&#8217;\u00e9quipe <\/strong>fait r\u00e9f\u00e9rence \u00e0 la capacit\u00e9 des \u00e9tudiants \u00e0 guider, motiver et g\u00e9rer efficacement une \u00e9quipe pour atteindre des objectifs communs ;<\/li>\n<li><strong>Le cursus de marketing de la mode<\/strong> donne aux \u00e9tudiants la possibilit\u00e9 de d\u00e9couvrir les activit\u00e9s et les strat\u00e9gies entreprises par les marques de mode pour promouvoir et vendre leurs produits ou services aux consommateurs ;<\/li>\n<li><strong>Le cursus d\u2019image de marque de mode <\/strong>implique l&#8217;\u00e9tude du processus de cr\u00e9ation d&#8217;une identit\u00e9 de marque unique et reconnaissable pour une entreprise ou un produit de mode ;<\/li>\n<li><strong>Le cursus en relations internationales <\/strong>examine les relations entre les nations et la dynamique de la politique mondiale, de l&#8217;\u00e9conomie et des questions sociales ;<\/li>\n<li><strong>Le cursus en finance de la sant\u00e9<\/strong> implique l&#8217;\u00e9tude de la gestion et de l&#8217;allocation des ressources financi\u00e8res dans le secteur de la sant\u00e9 ;<\/li>\n<li><strong>Le cursus de budg\u00e9tisation<\/strong> ax\u00e9 sur l&#8217;\u00e9tude de la planification et de l&#8217;allocation des ressources financi\u00e8res pour atteindre les objectifs organisationnels ;<\/li>\n<li><strong>Le cursus en gestion des ressources humaines<\/strong> vise \u00e0 \u00e9tudier une approche strat\u00e9gique de la gestion de l\u2019atout le plus pr\u00e9cieux d\u2019une organisation : ses collaborateurs ;<\/li>\n<li><strong>Le cursus en recrutement d&#8217;employ\u00e9s <\/strong>consiste \u00e0 d\u00e9couvrir les processus d&#8217;attraction, de s\u00e9lection et d&#8217;embauche d&#8217;individus pour pourvoir des postes au sein d&#8217;une organisation.<\/li>\n<\/ul>\n<h2>Incubateur d&#8217;entreprises<\/h2>\n<p>L\u2019entrepreneuriat et l\u2019innovation sont des moteurs cl\u00e9s de la croissance \u00e9conomique et du progr\u00e8s soci\u00e9tal dans l\u2019environnement commercial comp\u00e9titif et en \u00e9volution rapide d\u2019aujourd\u2019hui. Consciente de cela, l&#8217;Universit\u00e9 Internationale Europ\u00e9enne a cr\u00e9\u00e9 un incubateur d&#8217;entreprises pour <strong>aider les aspirants entrepreneurs \u00e0 transformer des id\u00e9es innovantes en entreprises prosp\u00e8res<\/strong>. L&#8217;incubateur offre un environnement stimulant con\u00e7u pour acc\u00e9l\u00e9rer la croissance des \u00e9tudiants en gestion et en commerce en d\u00e9but de carri\u00e8re, en leur donnant acc\u00e8s \u00e0 des ressources, au mentorat, \u00e0 des opportunit\u00e9s de r\u00e9seautage et \u00e0 l&#8217;infrastructure physique n\u00e9cessaire pour lancer et d\u00e9velopper leur entreprise. Les incubateurs d&#8217;entreprises aident \u00e0 transformer les id\u00e9es en entreprises viables et durables en agissant comme catalyseurs de l&#8217;innovation et de l&#8217;entrepreneuriat.<\/p>\n<p>L\u2019un des avantages majeurs de l\u2019incubateur d\u2019entreprises de l\u2019Universit\u00e9 Internationale Europ\u00e9enne est <strong>l\u2019acc\u00e8s qu\u2019il offre \u00e0 des installations et \u00e0 des infrastructures universitaires de pointe. <\/strong>Les entrepreneurs b\u00e9n\u00e9ficient d&#8217;espaces de bureaux bien \u00e9quip\u00e9s, de laboratoires, d&#8217;installations de prototypage et de technologies de pointe, r\u00e9duisant consid\u00e9rablement les co\u00fbts initiaux et les obstacles g\u00e9n\u00e9ralement rencontr\u00e9s par les startups. Cela permet aux entrepreneurs de concentrer leurs ressources sur le d\u00e9veloppement de produits ou de services de base. L&#8217;incubateur d&#8217;entreprises offre <strong>un mentorat et des conseils inestimables de la part d&#8217;entrepreneurs exp\u00e9riment\u00e9s,<\/strong> d&#8217;experts du secteur et de professionnels chevronn\u00e9s. Les mentors fournissent des conseils personnalis\u00e9s, partagent leurs exp\u00e9riences et offrent des conseils sur divers aspects du d\u00e9veloppement commercial, notamment le marketing, la finance et les op\u00e9rations.<\/p>\n<p>L\u2019environnement collaboratif de l\u2019incubateur d\u2019entreprises de l\u2019Universit\u00e9 Internationale Europ\u00e9enne <strong>favorise les connexions et les collaborations entre personnes partageant les m\u00eames id\u00e9es.<\/strong> Les opportunit\u00e9s de r\u00e9seautage au sein de l&#8217;incubateur facilitent le partage des connaissances, les collaborations de projets et la formation de partenariats strat\u00e9giques. La communaut\u00e9 diversifi\u00e9e expose les entrepreneurs \u00e0 diff\u00e9rentes perspectives, id\u00e9es et expertises, favorisant l\u2019innovation et la pollinisation crois\u00e9e des connaissances. L&#8217;incubateur d&#8217;entreprises propose <strong>une gamme de services de d\u00e9veloppement commercial et de programmes de formation,<\/strong> notamment une assistance \u00e0 l&#8217;\u00e9laboration de plans d&#8217;affaires, des \u00e9tudes de march\u00e9, la protection de la propri\u00e9t\u00e9 intellectuelle, un soutien juridique et comptable et des strat\u00e9gies de marketing.<\/p>\n","protected":false},"excerpt":{"rendered":"<p>\u00c9cole Europ\u00e9enne de Commerce L&#8217;\u00c9cole europ\u00e9enne de commerce de l&#8217;Universit\u00e9 Internationale Europ\u00e9enne est le plus r\u00e9cent institut \u00e9ducatif et scientifique avec les meilleures traditions de formation de professionnels hautement qualifi\u00e9s et comp\u00e9titifs poss\u00e9dant une vaste exp\u00e9rience en mati\u00e8re d&#8217;\u00e9conomistes, de gestionnaires, d&#8217;administrateurs d&#8217;entreprise, de sp\u00e9cialistes du marketing, de comptables, de financiers, d&#8217;organisateurs d&#8217;entreprises et de [&hellip;]<\/p>\n","protected":false},"author":1,"featured_media":4096,"parent":0,"menu_order":0,"comment_status":"closed","ping_status":"closed","template":"","meta":{"ngg_post_thumbnail":0,"footnotes":""},"class_list":["post-1010","page","type-page","status-publish","has-post-thumbnail","hentry"],"acf":[],"yoast_head":"<!-- This site is optimized with the Yoast SEO plugin v20.8 - https:\/\/yoast.com\/wordpress\/plugins\/seo\/ -->\n<title>STUDY BUSINESS IN UKRAINE | BUSINESS COURSES IN UKRAINE | STUDY MBA IN UKRAINE | EUROPEAN BUSINESS SCHOOL | STUDY BUSINESS IN EUROPE | AFFORDABLE BUSINESS COURSES IN UKRAINE<\/title>\n<meta name=\"robots\" content=\"index, follow, max-snippet:-1, max-image-preview:large, max-video-preview:-1\" \/>\n<link rel=\"canonical\" href=\"http:\/\/ieu.university\/european-business-school-home\/\" \/>\n<meta property=\"og:locale\" content=\"en_US\" \/>\n<meta property=\"og:type\" content=\"article\" \/>\n<meta property=\"og:title\" content=\"STUDY BUSINESS IN UKRAINE | BUSINESS COURSES IN UKRAINE | STUDY MBA IN UKRAINE | EUROPEAN BUSINESS SCHOOL | STUDY BUSINESS IN EUROPE | AFFORDABLE BUSINESS COURSES IN UKRAINE\" \/>\n<meta property=\"og:description\" content=\"\u00c9cole Europ\u00e9enne de Commerce L&#8217;\u00c9cole europ\u00e9enne de commerce de l&#8217;Universit\u00e9 Internationale Europ\u00e9enne est le plus r\u00e9cent institut \u00e9ducatif et scientifique avec les meilleures traditions de formation de professionnels hautement qualifi\u00e9s et comp\u00e9titifs poss\u00e9dant une vaste exp\u00e9rience en mati\u00e8re d&#8217;\u00e9conomistes, de gestionnaires, d&#8217;administrateurs d&#8217;entreprise, de sp\u00e9cialistes du marketing, de comptables, de financiers, d&#8217;organisateurs d&#8217;entreprises et de [&hellip;]\" \/>\n<meta property=\"og:url\" content=\"http:\/\/ieu.university\/fr\/european-business-school-home\/\" \/>\n<meta property=\"og:site_name\" content=\"INTERNATIONAL EUROPEAN UNIVERSITY, UKRAINE | EUROPE | STUDY IN UKRAINE | STUDY IN EUROPE | MBBS | GENERAL MEDICINE | BUSINESS | ENGINEERING | IT | EUROPE\" \/>\n<meta property=\"article:modified_time\" content=\"2025-01-06T09:38:53+00:00\" \/>\n<meta property=\"og:image\" content=\"http:\/\/ieu.university\/wp-content\/uploads\/2024\/07\/IEU-BUSSINES-SCHOOL.png\" \/>\n\t<meta property=\"og:image:width\" content=\"1272\" \/>\n\t<meta property=\"og:image:height\" content=\"386\" \/>\n\t<meta property=\"og:image:type\" content=\"image\/png\" \/>\n<meta name=\"twitter:card\" content=\"summary_large_image\" \/>\n<meta name=\"twitter:label1\" content=\"Est. reading time\" \/>\n\t<meta name=\"twitter:data1\" content=\"5 minutes\" \/>\n<script type=\"application\/ld+json\" class=\"yoast-schema-graph\">{\"@context\":\"https:\/\/schema.org\",\"@graph\":[{\"@type\":\"WebPage\",\"@id\":\"http:\/\/ieu.university\/european-business-school-home\/\",\"url\":\"http:\/\/ieu.university\/european-business-school-home\/\",\"name\":\"STUDY BUSINESS IN UKRAINE | BUSINESS COURSES IN UKRAINE | STUDY MBA IN UKRAINE | EUROPEAN BUSINESS SCHOOL | STUDY BUSINESS IN EUROPE | AFFORDABLE BUSINESS COURSES IN UKRAINE\",\"isPartOf\":{\"@id\":\"http:\/\/ieu.university\/ru\/#website\"},\"datePublished\":\"2022-10-03T12:19:25+00:00\",\"dateModified\":\"2025-01-06T09:38:53+00:00\",\"inLanguage\":\"en-US\",\"potentialAction\":[{\"@type\":\"ReadAction\",\"target\":[\"http:\/\/ieu.university\/european-business-school-home\/\"]}]},{\"@type\":\"WebSite\",\"@id\":\"http:\/\/ieu.university\/ru\/#website\",\"url\":\"http:\/\/ieu.university\/ru\/\",\"name\":\"INTERNATIONAL EUROPEAN UNIVERSITY, UKRAINE | EUROPE | STUDY IN UKRAINE | STUDY IN EUROPE | MBBS | GENERAL MEDICINE | BUSINESS | ENGINEERING | IT | EUROPE\",\"description\":\"INTERNATIONAL EUROPEAN UNIVERSITY, UKRAINE | EUROPE | STUDY IN UKRAINE | STUDY IN EUROPE | MBBS | GENERAL MEDICINE | BUSINESS | ENGINEERING | IT | EUROPE\",\"potentialAction\":[{\"@type\":\"SearchAction\",\"target\":{\"@type\":\"EntryPoint\",\"urlTemplate\":\"http:\/\/ieu.university\/ru\/?s={search_term_string}\"},\"query-input\":\"required name=search_term_string\"}],\"inLanguage\":\"en-US\"}]}<\/script>\n<!-- \/ Yoast SEO plugin. -->","yoast_head_json":{"title":"STUDY BUSINESS IN UKRAINE | BUSINESS COURSES IN UKRAINE | STUDY MBA IN UKRAINE | EUROPEAN BUSINESS SCHOOL | STUDY BUSINESS IN EUROPE | AFFORDABLE BUSINESS COURSES IN UKRAINE","robots":{"index":"index","follow":"follow","max-snippet":"max-snippet:-1","max-image-preview":"max-image-preview:large","max-video-preview":"max-video-preview:-1"},"canonical":"http:\/\/ieu.university\/european-business-school-home\/","og_locale":"en_US","og_type":"article","og_title":"STUDY BUSINESS IN UKRAINE | BUSINESS COURSES IN UKRAINE | STUDY MBA IN UKRAINE | EUROPEAN BUSINESS SCHOOL | STUDY BUSINESS IN EUROPE | AFFORDABLE BUSINESS COURSES IN UKRAINE","og_description":"\u00c9cole Europ\u00e9enne de Commerce L&#8217;\u00c9cole europ\u00e9enne de commerce de l&#8217;Universit\u00e9 Internationale Europ\u00e9enne est le plus r\u00e9cent institut \u00e9ducatif et scientifique avec les meilleures traditions de formation de professionnels hautement qualifi\u00e9s et comp\u00e9titifs poss\u00e9dant une vaste exp\u00e9rience en mati\u00e8re d&#8217;\u00e9conomistes, de gestionnaires, d&#8217;administrateurs d&#8217;entreprise, de sp\u00e9cialistes du marketing, de comptables, de financiers, d&#8217;organisateurs d&#8217;entreprises et de [&hellip;]","og_url":"http:\/\/ieu.university\/fr\/european-business-school-home\/","og_site_name":"INTERNATIONAL EUROPEAN UNIVERSITY, UKRAINE | EUROPE | STUDY IN UKRAINE | STUDY IN EUROPE | MBBS | GENERAL MEDICINE | BUSINESS | ENGINEERING | IT | EUROPE","article_modified_time":"2025-01-06T09:38:53+00:00","og_image":[{"width":1272,"height":386,"url":"http:\/\/ieu.university\/wp-content\/uploads\/2024\/07\/IEU-BUSSINES-SCHOOL.png","type":"image\/png"}],"twitter_card":"summary_large_image","twitter_misc":{"Est. reading time":"5 minutes"},"schema":{"@context":"https:\/\/schema.org","@graph":[{"@type":"WebPage","@id":"http:\/\/ieu.university\/european-business-school-home\/","url":"http:\/\/ieu.university\/european-business-school-home\/","name":"STUDY BUSINESS IN UKRAINE | BUSINESS COURSES IN UKRAINE | STUDY MBA IN UKRAINE | EUROPEAN BUSINESS SCHOOL | STUDY BUSINESS IN EUROPE | AFFORDABLE BUSINESS COURSES IN UKRAINE","isPartOf":{"@id":"http:\/\/ieu.university\/ru\/#website"},"datePublished":"2022-10-03T12:19:25+00:00","dateModified":"2025-01-06T09:38:53+00:00","inLanguage":"en-US","potentialAction":[{"@type":"ReadAction","target":["http:\/\/ieu.university\/european-business-school-home\/"]}]},{"@type":"WebSite","@id":"http:\/\/ieu.university\/ru\/#website","url":"http:\/\/ieu.university\/ru\/","name":"INTERNATIONAL EUROPEAN UNIVERSITY, UKRAINE | EUROPE | STUDY IN UKRAINE | STUDY IN EUROPE | MBBS | GENERAL MEDICINE | BUSINESS | ENGINEERING | IT | EUROPE","description":"INTERNATIONAL EUROPEAN UNIVERSITY, UKRAINE | EUROPE | STUDY IN UKRAINE | STUDY IN EUROPE | MBBS | GENERAL MEDICINE | BUSINESS | ENGINEERING | IT | EUROPE","potentialAction":[{"@type":"SearchAction","target":{"@type":"EntryPoint","urlTemplate":"http:\/\/ieu.university\/ru\/?s={search_term_string}"},"query-input":"required name=search_term_string"}],"inLanguage":"en-US"}]}},"_links":{"self":[{"href":"http:\/\/ieu.university\/fr\/wp-json\/wp\/v2\/pages\/1010","targetHints":{"allow":["GET"]}}],"collection":[{"href":"http:\/\/ieu.university\/fr\/wp-json\/wp\/v2\/pages"}],"about":[{"href":"http:\/\/ieu.university\/fr\/wp-json\/wp\/v2\/types\/page"}],"author":[{"embeddable":true,"href":"http:\/\/ieu.university\/fr\/wp-json\/wp\/v2\/users\/1"}],"replies":[{"embeddable":true,"href":"http:\/\/ieu.university\/fr\/wp-json\/wp\/v2\/comments?post=1010"}],"version-history":[{"count":32,"href":"http:\/\/ieu.university\/fr\/wp-json\/wp\/v2\/pages\/1010\/revisions"}],"predecessor-version":[{"id":4446,"href":"http:\/\/ieu.university\/fr\/wp-json\/wp\/v2\/pages\/1010\/revisions\/4446"}],"wp:featuredmedia":[{"embeddable":true,"href":"http:\/\/ieu.university\/fr\/wp-json\/wp\/v2\/media\/4096"}],"wp:attachment":[{"href":"http:\/\/ieu.university\/fr\/wp-json\/wp\/v2\/media?parent=1010"}],"curies":[{"name":"wp","href":"https:\/\/api.w.org\/{rel}","templated":true}]}}