{"id":103,"date":"2022-09-22T17:27:56","date_gmt":"2022-09-22T14:27:56","guid":{"rendered":"http:\/\/ieu.university\/?page_id=103"},"modified":"2025-01-06T12:37:52","modified_gmt":"2025-01-06T09:37:52","slug":"education-in-ukraine","status":"publish","type":"page","link":"http:\/\/ieu.university\/fr\/education-in-ukraine\/","title":{"rendered":"\u00c9ducation en Ukraine"},"content":{"rendered":"<h2>\u00c9ducation en Ukraine<\/h2>\n<p>Si vous envisagez de poursuivre des \u00e9tudes sup\u00e9rieures en Europe, \u00e9tudier dans des <strong>universit\u00e9s ukrainiennes constitue une excellente opportunit\u00e9<\/strong>. L&#8217;Ukraine b\u00e9n\u00e9ficie d&#8217;un environnement universitaire solide, dot\u00e9 de normes \u00e9ducatives \u00e9lev\u00e9es et d&#8217;une reconnaissance internationale. En tant que membre du processus de Bologne, l&#8217;Ukraine aligne son syst\u00e8me d&#8217;enseignement sup\u00e9rieur sur les normes europ\u00e9ennes pour am\u00e9liorer la mobilit\u00e9 des dipl\u00f4m\u00e9s et faciliter la reconnaissance de ses dipl\u00f4mes dans les pays participants.<strong> Le processus de Bologne<\/strong> vise \u00e0 normaliser les documents \u00e9ducatifs et \u00e0 unifier les syst\u00e8mes acad\u00e9miques \u00e0 l&#8217;\u00e9chelle mondiale, garantissant que les qualifications des dipl\u00f4m\u00e9s sont pleinement comprises et respect\u00e9es dans le monde entier.<\/p>\n<p>L&#8217;engagement de l&#8217;Ukraine dans ce processus est soulign\u00e9 par sa ratification de l<strong>a Convention de reconnaissance de Lisbonne<\/strong>, qui impose la reconnaissance mutuelle des dipl\u00f4mes universitaires et des p\u00e9riodes d&#8217;\u00e9tudes entre les pays signataires, y compris ceux de l&#8217;Union europ\u00e9enne. L&#8217;adh\u00e9sion de l&#8217;Ukraine \u00e0 <strong>la Convention de la Haye <\/strong>simplifie le processus de validation des documents pour les \u00e9tudiants internationaux. Une seule <strong>certification Apostille<\/strong> garantit la validit\u00e9 juridique des documents acad\u00e9miques dans la plupart des pays du monde, rationalisant ainsi les proc\u00e9dures administratives pour les \u00e9tudiants poursuivant des \u00e9tudes \u00e0 l&#8217;\u00e9tranger.<\/p>\n<p>Les universit\u00e9s, acad\u00e9mies et instituts ukrainiens proposant un enseignement aux \u00e9tudiants internationaux maintiennent des normes rigoureuses d\u00e9fendues par l<strong>e minist\u00e8re de l&#8217;\u00c9ducation et des Sciences de l&#8217;Ukraine<\/strong>. Les universit\u00e9s ukrainiennes d\u00e9tiennent non seulement les accr\u00e9ditations n\u00e9cessaires, mais poss\u00e8dent \u00e9galement des licences sp\u00e9cifiques les autorisant \u00e0 enseigner aux \u00e9tudiants \u00e9trangers. La surveillance du minist\u00e8re garantit la qualit\u00e9 des services \u00e9ducatifs fournis aux \u00e9tudiants internationaux en Ukraine, am\u00e9liorant ainsi l&#8217;exp\u00e9rience \u00e9ducative globale des \u00e9tudiants internationaux.<\/p>\n<p>Les \u00e9tudiants internationaux des universit\u00e9s ukrainiennes ont la possibilit\u00e9 de commencer leur parcours acad\u00e9mique par le biais de programmes pr\u00e9paratoires s&#8217;ils ont l&#8217;intention d&#8217;\u00e9tudier en ukrainien. Les cours pr\u00e9paratoires dans les universit\u00e9s ukrainiennes comprennent une <strong>formation linguistique intensive en ukrainien<\/strong>, ainsi que des mati\u00e8res fondamentales pertinentes pour le domaine d&#8217;\u00e9tudes choisi. Pour les \u00e9tudiants pr\u00e9f\u00e9rant \u00e9tudier en anglais, plusieurs universit\u00e9s, dont<strong> l&#8217;Universit\u00e9 Internationale Europ\u00e9enne<\/strong>, proposent des programmes enti\u00e8rement enseign\u00e9s en anglais, accueillant un large \u00e9ventail d&#8217;\u00e9tudiants internationaux \u00e0 la recherche d&#8217;une \u00e9ducation de qualit\u00e9 en Ukraine.<\/p>\n<p><strong>Le syst\u00e8me d&#8217;enseignement sup\u00e9rieur ukrainien<\/strong> est vaste et comprend des universit\u00e9s, des acad\u00e9mies et des instituts qui forment collectivement l&#8217;un des plus grands r\u00e9seaux \u00e9ducatifs au monde. Les \u00e9tudiants peuvent poursuivre diff\u00e9rents niveaux d\u2019\u00e9tudes:<\/p>\n<ul>\n<li><strong>Licence<\/strong> : Le programme s&#8217;\u00e9tend sur quatre ans dans tous les domaines, \u00e0 l&#8217;exception de la m\u00e9decine, qui n\u00e9cessite six ann\u00e9es d&#8217;\u00e9tudes au premier cycle.<\/li>\n<li><strong>Master <\/strong>: Un programme de deux ans disponible apr\u00e8s l&#8217;obtention d&#8217;un baccalaur\u00e9at, offrant un enseignement sp\u00e9cialis\u00e9 et une formation avanc\u00e9e dans diverses disciplines.<\/li>\n<li><strong>Ph.D. (Doctorat) <\/strong>: Un programme de trois ans apr\u00e8s le Master, ax\u00e9 sur la recherche et la sp\u00e9cialisation acad\u00e9mique dans des domaines sp\u00e9cifiques.<\/li>\n<\/ul>\n<p>L&#8217;approche structur\u00e9e de l&#8217;enseignement sup\u00e9rieur en Ukraine garantit que les \u00e9tudiants re\u00e7oivent une formation acad\u00e9mique compl\u00e8te et une pr\u00e9paration \u00e0 la carri\u00e8re qu&#8217;ils ont choisie, que ce soit dans les sciences, les sciences humaines, la m\u00e9decine, l&#8217;ing\u00e9nierie ou d&#8217;autres disciplines. \u00c9tudier en Ukraine offre non seulement l&#8217;acc\u00e8s \u00e0 un cadre \u00e9ducatif bien \u00e9tabli, mais offre \u00e9galement une exp\u00e9rience culturelle enrichissante dans un pays connu pour son hospitalit\u00e9 et sa communaut\u00e9 universitaire dynamique. Gr\u00e2ce \u00e0 son engagement envers les normes internationales et \u00e0 ses offres \u00e9ducatives diversifi\u00e9es, l\u2019Ukraine reste un choix incontournable pour les \u00e9tudiants qui aspirent \u00e0 poursuivre des \u00e9tudes sup\u00e9rieures \u00e0 l\u2019\u00e9tranger.<\/p>\n","protected":false},"excerpt":{"rendered":"<p>\u00c9ducation en Ukraine Si vous envisagez de poursuivre des \u00e9tudes sup\u00e9rieures en Europe, \u00e9tudier dans des universit\u00e9s ukrainiennes constitue une excellente opportunit\u00e9. L&#8217;Ukraine b\u00e9n\u00e9ficie d&#8217;un environnement universitaire solide, dot\u00e9 de normes \u00e9ducatives \u00e9lev\u00e9es et d&#8217;une reconnaissance internationale. En tant que membre du processus de Bologne, l&#8217;Ukraine aligne son syst\u00e8me d&#8217;enseignement sup\u00e9rieur sur les normes europ\u00e9ennes [&hellip;]<\/p>\n","protected":false},"author":1,"featured_media":3615,"parent":0,"menu_order":0,"comment_status":"closed","ping_status":"closed","template":"","meta":{"ngg_post_thumbnail":0,"footnotes":""},"class_list":["post-103","page","type-page","status-publish","has-post-thumbnail","hentry"],"acf":[],"yoast_head":"<!-- This site is optimized with the Yoast SEO plugin v20.8 - https:\/\/yoast.com\/wordpress\/plugins\/seo\/ -->\n<title>\u00c9DUCATION EN UKRAINE | ENSEIGNEMENT SUP\u00c9RIEUR EN EUROPE | DEGR\u00c9 DE LICENCE EN UKRAINE | \u00c9TUDIER \u00c0 L&#039;\u00c9TRANGER | \u00c9TUDIANT INTERNATIONAL | COMMENT POSTULER \u00c0 L&#039;UNIVERSIT\u00c9 UKRAINIENNE\u00a0<\/title>\n<meta name=\"robots\" content=\"index, follow, max-snippet:-1, max-image-preview:large, max-video-preview:-1\" \/>\n<link rel=\"canonical\" href=\"http:\/\/ieu.university\/fr\/education-in-ukraine\/\" \/>\n<meta property=\"og:locale\" content=\"en_US\" \/>\n<meta property=\"og:type\" content=\"article\" \/>\n<meta property=\"og:title\" content=\"\u00c9DUCATION EN UKRAINE | ENSEIGNEMENT SUP\u00c9RIEUR EN EUROPE | DEGR\u00c9 DE LICENCE EN UKRAINE | \u00c9TUDIER \u00c0 L&#039;\u00c9TRANGER | \u00c9TUDIANT INTERNATIONAL | COMMENT POSTULER \u00c0 L&#039;UNIVERSIT\u00c9 UKRAINIENNE\u00a0\" \/>\n<meta property=\"og:description\" content=\"\u00c9ducation en Ukraine Si vous envisagez de poursuivre des \u00e9tudes sup\u00e9rieures en Europe, \u00e9tudier dans des universit\u00e9s ukrainiennes constitue une excellente opportunit\u00e9. L&#8217;Ukraine b\u00e9n\u00e9ficie d&#8217;un environnement universitaire solide, dot\u00e9 de normes \u00e9ducatives \u00e9lev\u00e9es et d&#8217;une reconnaissance internationale. En tant que membre du processus de Bologne, l&#8217;Ukraine aligne son syst\u00e8me d&#8217;enseignement sup\u00e9rieur sur les normes europ\u00e9ennes [&hellip;]\" \/>\n<meta property=\"og:url\" content=\"http:\/\/ieu.university\/fr\/education-in-ukraine\/\" \/>\n<meta property=\"og:site_name\" content=\"INTERNATIONAL EUROPEAN UNIVERSITY, UKRAINE | EUROPE | STUDY IN UKRAINE | STUDY IN EUROPE | MBBS | GENERAL MEDICINE | BUSINESS | ENGINEERING | IT | EUROPE\" \/>\n<meta property=\"article:modified_time\" content=\"2025-01-06T09:37:52+00:00\" \/>\n<meta property=\"og:image\" content=\"http:\/\/ieu.university\/wp-content\/uploads\/2024\/07\/Education-in-Ukraine.png\" \/>\n\t<meta property=\"og:image:width\" content=\"1272\" \/>\n\t<meta property=\"og:image:height\" content=\"386\" \/>\n\t<meta property=\"og:image:type\" content=\"image\/png\" \/>\n<meta name=\"twitter:card\" content=\"summary_large_image\" \/>\n<meta name=\"twitter:label1\" content=\"Est. reading time\" \/>\n\t<meta name=\"twitter:data1\" content=\"2 minutes\" \/>\n<script type=\"application\/ld+json\" class=\"yoast-schema-graph\">{\"@context\":\"https:\/\/schema.org\",\"@graph\":[{\"@type\":\"WebPage\",\"@id\":\"http:\/\/ieu.university\/fr\/education-in-ukraine\/\",\"url\":\"http:\/\/ieu.university\/fr\/education-in-ukraine\/\",\"name\":\"\u00c9DUCATION EN UKRAINE | ENSEIGNEMENT SUP\u00c9RIEUR EN EUROPE | DEGR\u00c9 DE LICENCE EN UKRAINE | \u00c9TUDIER \u00c0 L'\u00c9TRANGER | \u00c9TUDIANT INTERNATIONAL | COMMENT POSTULER \u00c0 L'UNIVERSIT\u00c9 UKRAINIENNE\u00a0\",\"isPartOf\":{\"@id\":\"https:\/\/ieu.university\/#website\"},\"datePublished\":\"2022-09-22T14:27:56+00:00\",\"dateModified\":\"2025-01-06T09:37:52+00:00\",\"inLanguage\":\"en-US\",\"potentialAction\":[{\"@type\":\"ReadAction\",\"target\":[\"http:\/\/ieu.university\/fr\/education-in-ukraine\/\"]}]},{\"@type\":\"WebSite\",\"@id\":\"https:\/\/ieu.university\/#website\",\"url\":\"https:\/\/ieu.university\/\",\"name\":\"INTERNATIONAL EUROPEAN UNIVERSITY, UKRAINE | EUROPE | STUDY IN UKRAINE | STUDY IN EUROPE | MBBS | GENERAL MEDICINE | BUSINESS | ENGINEERING | IT | EUROPE\",\"description\":\"INTERNATIONAL EUROPEAN UNIVERSITY, UKRAINE | EUROPE | STUDY IN UKRAINE | STUDY IN EUROPE | MBBS | GENERAL MEDICINE | BUSINESS | ENGINEERING | IT | EUROPE\",\"potentialAction\":[{\"@type\":\"SearchAction\",\"target\":{\"@type\":\"EntryPoint\",\"urlTemplate\":\"https:\/\/ieu.university\/?s={search_term_string}\"},\"query-input\":\"required name=search_term_string\"}],\"inLanguage\":\"en-US\"}]}<\/script>\n<!-- \/ Yoast SEO plugin. -->","yoast_head_json":{"title":"\u00c9DUCATION EN UKRAINE | ENSEIGNEMENT SUP\u00c9RIEUR EN EUROPE | DEGR\u00c9 DE LICENCE EN UKRAINE | \u00c9TUDIER \u00c0 L'\u00c9TRANGER | \u00c9TUDIANT INTERNATIONAL | COMMENT POSTULER \u00c0 L'UNIVERSIT\u00c9 UKRAINIENNE\u00a0","robots":{"index":"index","follow":"follow","max-snippet":"max-snippet:-1","max-image-preview":"max-image-preview:large","max-video-preview":"max-video-preview:-1"},"canonical":"http:\/\/ieu.university\/fr\/education-in-ukraine\/","og_locale":"en_US","og_type":"article","og_title":"\u00c9DUCATION EN UKRAINE | ENSEIGNEMENT SUP\u00c9RIEUR EN EUROPE | DEGR\u00c9 DE LICENCE EN UKRAINE | \u00c9TUDIER \u00c0 L'\u00c9TRANGER | \u00c9TUDIANT INTERNATIONAL | COMMENT POSTULER \u00c0 L'UNIVERSIT\u00c9 UKRAINIENNE\u00a0","og_description":"\u00c9ducation en Ukraine Si vous envisagez de poursuivre des \u00e9tudes sup\u00e9rieures en Europe, \u00e9tudier dans des universit\u00e9s ukrainiennes constitue une excellente opportunit\u00e9. L&#8217;Ukraine b\u00e9n\u00e9ficie d&#8217;un environnement universitaire solide, dot\u00e9 de normes \u00e9ducatives \u00e9lev\u00e9es et d&#8217;une reconnaissance internationale. En tant que membre du processus de Bologne, l&#8217;Ukraine aligne son syst\u00e8me d&#8217;enseignement sup\u00e9rieur sur les normes europ\u00e9ennes [&hellip;]","og_url":"http:\/\/ieu.university\/fr\/education-in-ukraine\/","og_site_name":"INTERNATIONAL EUROPEAN UNIVERSITY, UKRAINE | EUROPE | STUDY IN UKRAINE | STUDY IN EUROPE | MBBS | GENERAL MEDICINE | BUSINESS | ENGINEERING | IT | EUROPE","article_modified_time":"2025-01-06T09:37:52+00:00","og_image":[{"width":1272,"height":386,"url":"http:\/\/ieu.university\/wp-content\/uploads\/2024\/07\/Education-in-Ukraine.png","type":"image\/png"}],"twitter_card":"summary_large_image","twitter_misc":{"Est. reading time":"2 minutes"},"schema":{"@context":"https:\/\/schema.org","@graph":[{"@type":"WebPage","@id":"http:\/\/ieu.university\/fr\/education-in-ukraine\/","url":"http:\/\/ieu.university\/fr\/education-in-ukraine\/","name":"\u00c9DUCATION EN UKRAINE | ENSEIGNEMENT SUP\u00c9RIEUR EN EUROPE | DEGR\u00c9 DE LICENCE EN UKRAINE | \u00c9TUDIER \u00c0 L'\u00c9TRANGER | \u00c9TUDIANT INTERNATIONAL | COMMENT POSTULER \u00c0 L'UNIVERSIT\u00c9 UKRAINIENNE\u00a0","isPartOf":{"@id":"https:\/\/ieu.university\/#website"},"datePublished":"2022-09-22T14:27:56+00:00","dateModified":"2025-01-06T09:37:52+00:00","inLanguage":"en-US","potentialAction":[{"@type":"ReadAction","target":["http:\/\/ieu.university\/fr\/education-in-ukraine\/"]}]},{"@type":"WebSite","@id":"https:\/\/ieu.university\/#website","url":"https:\/\/ieu.university\/","name":"INTERNATIONAL EUROPEAN UNIVERSITY, UKRAINE | EUROPE | STUDY IN UKRAINE | STUDY IN EUROPE | MBBS | GENERAL MEDICINE | BUSINESS | ENGINEERING | IT | EUROPE","description":"INTERNATIONAL EUROPEAN UNIVERSITY, UKRAINE | EUROPE | STUDY IN UKRAINE | STUDY IN EUROPE | MBBS | GENERAL MEDICINE | BUSINESS | ENGINEERING | IT | EUROPE","potentialAction":[{"@type":"SearchAction","target":{"@type":"EntryPoint","urlTemplate":"https:\/\/ieu.university\/?s={search_term_string}"},"query-input":"required name=search_term_string"}],"inLanguage":"en-US"}]}},"_links":{"self":[{"href":"http:\/\/ieu.university\/fr\/wp-json\/wp\/v2\/pages\/103","targetHints":{"allow":["GET"]}}],"collection":[{"href":"http:\/\/ieu.university\/fr\/wp-json\/wp\/v2\/pages"}],"about":[{"href":"http:\/\/ieu.university\/fr\/wp-json\/wp\/v2\/types\/page"}],"author":[{"embeddable":true,"href":"http:\/\/ieu.university\/fr\/wp-json\/wp\/v2\/users\/1"}],"replies":[{"embeddable":true,"href":"http:\/\/ieu.university\/fr\/wp-json\/wp\/v2\/comments?post=103"}],"version-history":[{"count":22,"href":"http:\/\/ieu.university\/fr\/wp-json\/wp\/v2\/pages\/103\/revisions"}],"predecessor-version":[{"id":4441,"href":"http:\/\/ieu.university\/fr\/wp-json\/wp\/v2\/pages\/103\/revisions\/4441"}],"wp:featuredmedia":[{"embeddable":true,"href":"http:\/\/ieu.university\/fr\/wp-json\/wp\/v2\/media\/3615"}],"wp:attachment":[{"href":"http:\/\/ieu.university\/fr\/wp-json\/wp\/v2\/media?parent=103"}],"curies":[{"name":"wp","href":"https:\/\/api.w.org\/{rel}","templated":true}]}}