{"id":1078,"date":"2022-10-04T09:41:58","date_gmt":"2022-10-04T06:41:58","guid":{"rendered":"http:\/\/ieu.university\/?page_id=1078"},"modified":"2025-01-06T13:56:31","modified_gmt":"2025-01-06T10:56:31","slug":"european-medical-school-home","status":"publish","type":"page","link":"http:\/\/ieu.university\/fr\/european-medical-school-home\/","title":{"rendered":"\u00c9cole Europ\u00e9enne de M\u00e9decine"},"content":{"rendered":"<h2>\u00c9cole Europ\u00e9enne de M\u00e9decine<\/h2>\n<p>L&#8217;\u00c9cole europ\u00e9enne de m\u00e9decine est un d\u00e9partement \u00e9ducatif de haut niveau de l&#8217;Universit\u00e9 Internationale Europ\u00e9enne d\u00e9di\u00e9 \u00e0 l<strong>a formation des professionnels de la sant\u00e9 pour prodiguer des soins aux patients de haute qualit\u00e9 et avec compassion<\/strong>. L&#8217;Universit\u00e9 s&#8217;engage \u00e0 faire progresser les connaissances m\u00e9dicales, \u00e0 am\u00e9liorer les r\u00e9sultats pour les patients et \u00e0 promouvoir la sant\u00e9 publique. Son objectif est d&#8217;offrir un programme complet qui pr\u00e9pare les \u00e9tudiants \u00e0 relever les d\u00e9fis de la pratique m\u00e9dicale, couvrant un large \u00e9ventail de sujets, notamment l&#8217;anatomie, la physiologie, la pharmacologie, la pathologie et les soins aux patients. L&#8217;Universit\u00e9 met<strong> l&#8217;accent sur l&#8217;apprentissage pratique \u00e0 travers des stages cliniques et des projets de recherche,<\/strong> offrant une exp\u00e9rience pratique pour d\u00e9velopper les comp\u00e9tences et les connaissances cliniques n\u00e9cessaires \u00e0 une carri\u00e8re m\u00e9dicale r\u00e9ussie.<\/p>\n<p>L&#8217;\u00c9cole europ\u00e9enne de m\u00e9decine s&#8217;engage \u00e0 <strong>faire progresser les connaissances m\u00e9dicales gr\u00e2ce \u00e0 la recherche et \u00e0 l&#8217;innovation<\/strong>, en se concentrant sur des domaines tels que la g\u00e9n\u00e9tique, les neurosciences et la sant\u00e9 publique, et \u00e0 appliquer ces r\u00e9sultats dans la pratique clinique pour am\u00e9liorer les r\u00e9sultats pour les patients. L&#8217;\u00c9cole favorise les partenariats avec les leaders de l&#8217;industrie et les \u00e9tablissements universitaires pour encourager la collaboration et l&#8217;innovation dans la recherche m\u00e9dicale. Il se passionne pour l\u2019\u00e9ducation des \u00e9tudiants sur les d\u00e9terminants sociaux de la sant\u00e9 et l\u2019importance des soins pr\u00e9ventifs, sur la lutte contre les disparit\u00e9s en mati\u00e8re de sant\u00e9 et sur la promotion de l\u2019\u00e9quit\u00e9 en sant\u00e9 dans les communaut\u00e9s locales et mondiales. Les programmes d\u2019engagement communautaire et de sensibilisation sont prioritaires pour <strong>promouvoir la sant\u00e9 et le bien-\u00eatre publics.<\/strong><\/p>\n<p>L&#8217;\u00c9cole europ\u00e9enne de m\u00e9decine devient de plus en plus <strong>populaire parmi les \u00e9tudiants internationaux \u00e0 la recherche d&#8217;une \u00e9ducation de haute qualit\u00e9 \u00e0 un co\u00fbt abordable. <\/strong>L&#8217;Universit\u00e9 Internationale Europ\u00e9enne a une forte tradition d&#8217;enseignement m\u00e9dical et est r\u00e9put\u00e9e pour ses programmes acad\u00e9miques rigoureux et ses installations de pointe. L\u2019un des principaux avantages des \u00e9tudes de m\u00e9decine en Ukraine r\u00e9side dans les frais de scolarit\u00e9 inf\u00e9rieurs \u00e0 ceux de nombreux autres pays europ\u00e9ens. <strong>Les programmes sont enseign\u00e9s en anglais, <\/strong>ce qui permet aux \u00e9tudiants internationaux de poursuivre leurs objectifs acad\u00e9miques. L&#8217;\u00e9cole propose une formation compl\u00e8te combinant connaissances th\u00e9oriques et formation pratique, offrant un acc\u00e8s \u00e0 des laboratoires modernes, des centres de simulation et des installations cliniques.<\/p>\n<h2>\u00c0 propos de la facult\u00e9 de m\u00e9decine<\/h2>\n<p>L&#8217;\u00c9cole europ\u00e9enne de m\u00e9decine s&#8217;efforce de former des sp\u00e9cialistes hautement qualifi\u00e9s, capables d&#8217;aborder les probl\u00e8mes et d&#8217;effectuer des recherches en mati\u00e8re de sant\u00e9 publique, de pr\u00e9vention, de diagnostic et de traitement des maladies. Les \u00e9tudiants internationaux de l&#8217;Universit\u00e9 Internationale Europ\u00e9enne utilisent l&#8217;un des centres de simulation les plus avanc\u00e9s du pays pour leur formation pratique. L&#8217;Universit\u00e9 s&#8217;associe \u00e0 des institutions m\u00e9dicales renomm\u00e9es en Ukraine et \u00e0 l&#8217;\u00e9tranger pour am\u00e9liorer nos connaissances et notre expertise.<\/p>\n<p><strong>Niveau d&#8217;enseignement sup\u00e9rieur <\/strong>\u2013 premi\u00e8re (Licence) et deuxi\u00e8me (Master);<\/p>\n<p><strong>La dur\u00e9e des \u00e9tudes<\/strong> \u2013 4 \u00e0 6 ann\u00e9es d&#8217;\u00e9tudes \u00e0 temps plein (Licence), 2 \u00e0 3 ann\u00e9es d&#8217;\u00e9tudes \u00e0 temps plein (Master).<\/p>\n<p><strong>Langue d\u2019enseignement<\/strong> \u2013 \u200b\u200banglais.<\/p>\n<h2>Cours de degr\u00e9s disponibles<\/h2>\n<ul>\n<li><strong>Le degr\u00e9 de m\u00e9decine g\u00e9n\u00e9rale (MBBS)<\/strong> vise \u00e0 pr\u00e9parer des sp\u00e9cialistes de haut niveau capables de r\u00e9soudre des probl\u00e8mes m\u00e9dicaux complexes li\u00e9s \u00e0 la sant\u00e9 publique, \u00e0 la pr\u00e9vention, au diagnostic et au traitement des maladies.<\/li>\n<li><strong>Le degr\u00e9 en m\u00e9decine dentaire (DDS\/DMD) <\/strong>est un degr\u00e9 professionnel qui pr\u00e9pare les \u00e9tudiants \u00e0 une carri\u00e8re de dentiste.<\/li>\n<li><strong>Le degr\u00e9 en soins infirmiers (BSN\/MSN\/DNP) <\/strong>est un degr\u00e9 professionnel pr\u00e9parant les \u00e9tudiants \u00e0 des carri\u00e8res d&#8217;infirmi\u00e8res autoris\u00e9es, d&#8217;infirmi\u00e8res praticiennes ou d&#8217;infirmiers anesth\u00e9sistes.<\/li>\n<li><strong>Le degr\u00e9 de pharmacie (PharmD) <\/strong>est un degr\u00e9 professionnel qui pr\u00e9pare les \u00e9tudiants \u00e0 une carri\u00e8re de pharmacien.<\/li>\n<li><strong>La physioth\u00e9rapie (DPT)<\/strong> est un degr\u00e9 professionnel qui pr\u00e9pare les \u00e9tudiants \u00e0 des carri\u00e8res de physioth\u00e9rapeutes.<\/li>\n<li><strong>Le degr\u00e9 d&#8217;ergoth\u00e9rapie (MSOT\/DOT) <\/strong>est un degr\u00e9 professionnel qui pr\u00e9pare les \u00e9tudiants \u00e0 des carri\u00e8res d&#8217;ergoth\u00e9rapeutes.<\/li>\n<li><strong>Les degr\u00e9s en sant\u00e9 publique (MPH\/DrPH) <\/strong>pr\u00e9parent les \u00e9tudiants \u00e0 des carri\u00e8res en sant\u00e9 publique, notamment en \u00e9pid\u00e9miologie, biostatistique, politique de sant\u00e9 et sant\u00e9 environnementale.<\/li>\n<li><strong>Les degr\u00e9s en g\u00e9nie biom\u00e9dical (BME\/MS\/Ph.D.) <\/strong>pr\u00e9parent les \u00e9tudiants \u00e0 des carri\u00e8res dans le d\u00e9veloppement de dispositifs, d&#8217;\u00e9quipements et de technologies m\u00e9dicales.<\/li>\n<li><strong>Les degr\u00e9s en informatique de la sant\u00e9 (MS\/Ph.D.) <\/strong>pr\u00e9parent les \u00e9tudiants \u00e0 des carri\u00e8res dans la gestion et l&#8217;analyse des donn\u00e9es de sant\u00e9.<\/li>\n<li><strong>Les degr\u00e9s en administration des soins de sant\u00e9 (MHA\/MBA) <\/strong>pr\u00e9parent les \u00e9tudiants \u00e0 des carri\u00e8res dans la gestion des soins de sant\u00e9, notamment l&#8217;administration hospitali\u00e8re, la politique des soins de sant\u00e9 et le financement des soins de sant\u00e9.<\/li>\n<li><strong>Le degr\u00e9 de conseil g\u00e9n\u00e9tique (MS) <\/strong>pr\u00e9pare les \u00e9tudiants \u00e0 des carri\u00e8res dans le conseil g\u00e9n\u00e9tique, qui consiste \u00e0 fournir des conseils et un soutien aux patients et aux familles atteints de troubles g\u00e9n\u00e9tiques.<\/li>\n<li><strong>Les degr\u00e9s en nutrition (BS\/MS\/RD) <\/strong>pr\u00e9parent les \u00e9tudiants \u00e0 des carri\u00e8res dans le domaine de la nutrition, y compris \u00e0 des postes de di\u00e9t\u00e9tiste.<\/li>\n<li><strong>Les degr\u00e9s en psychologie (BS\/MS) <\/strong>pr\u00e9parent les \u00e9tudiants \u00e0 des carri\u00e8res en psychologie clinique ou en recherche li\u00e9e \u00e0 la sant\u00e9 mentale.<\/li>\n<li><strong>Les degr\u00e9s d&#8217;\u00e9ducation \u00e0 la sant\u00e9 (BS\/MS)<\/strong> pr\u00e9parent les \u00e9tudiants \u00e0 des carri\u00e8res dans l&#8217;\u00e9ducation et la promotion de la sant\u00e9, y compris la sensibilisation \u00e0 la sant\u00e9 communautaire et la planification de programmes d&#8217;\u00e9ducation \u00e0 la sant\u00e9.<\/li>\n<li><strong>Le degr\u00e9 en sciences de laboratoire m\u00e9dical (BS) <\/strong>pr\u00e9pare les \u00e9tudiants \u00e0 des carri\u00e8res dans les sciences de laboratoire m\u00e9dical, y compris les technologues de laboratoire clinique et les scientifiques de laboratoire m\u00e9dical.<\/li>\n<li><strong>Les degr\u00e9s en technologie radiologique (AS\/BS) <\/strong>pr\u00e9parent les \u00e9tudiants \u00e0 des carri\u00e8res de technologues en radiologie, qui utilisent la technologie d&#8217;imagerie m\u00e9dicale pour diagnostiquer et traiter les patients.<\/li>\n<li><strong>Les degr\u00e9s en gestion de l&#8217;information sur la sant\u00e9 (BS\/MS) <\/strong>pr\u00e9parent les \u00e9tudiants \u00e0 des carri\u00e8res dans la gestion des syst\u00e8mes d&#8217;information sur la sant\u00e9, y compris les dossiers de sant\u00e9 \u00e9lectroniques et les technologies de l&#8217;information sur la sant\u00e9.<\/li>\n<li><strong>Le degr\u00e9 en orthophonie (MS)<\/strong> pr\u00e9pare les \u00e9tudiants \u00e0 des carri\u00e8res d&#8217;orthophonistes, qui diagnostiquent et traitent les troubles de la parole et du langage.<\/li>\n<li><strong>Le degr\u00e9 professionnel en m\u00e9decine v\u00e9t\u00e9rinaire (DVM) <\/strong>pr\u00e9pare les \u00e9tudiants \u00e0 des carri\u00e8res de v\u00e9t\u00e9rinaire.<\/li>\n<\/ul>\n<h2>Stages cliniques<\/h2>\n<p>Les stages cliniques constituent un \u00e9l\u00e9ment crucial de la formation m\u00e9dicale \u00e0 l&#8217;\u00c9cole europ\u00e9enne de m\u00e9decine, offrant aux \u00e9tudiants <strong>une exp\u00e9rience pratique dans divers environnements m\u00e9dicaux.<\/strong> \u00c0 l&#8217;Universit\u00e9 Internationale Europ\u00e9enne, les \u00e9tudiants en m\u00e9decine internationaux b\u00e9n\u00e9ficient d&#8217;une opportunit\u00e9 unique d&#8217;acqu\u00e9rir une exp\u00e9rience pratique au sein d&#8217;un syst\u00e8me de sant\u00e9 dynamique et diversifi\u00e9. Le programme complet de formation m\u00e9dicale de l&#8217;universit\u00e9 comprend les stages cliniques comme \u00e9l\u00e9ment central. Pendant les stages, les \u00e9tudiants internationaux travaillent aux c\u00f4t\u00e9s de professionnels de la sant\u00e9 chevronn\u00e9s dans des milieux tels que des h\u00f4pitaux, des cliniques et des centres de sant\u00e9 communautaires.<\/p>\n<p>L&#8217;un <strong>des avantages les plus remarquables des stages cliniques \u00e0 l&#8217;Universit\u00e9 Internationale Europ\u00e9enne <\/strong>est la possibilit\u00e9 d&#8217;interagir avec une population de patients diversifi\u00e9e. L\u2019Ukraine attire des gens du monde entier et son syst\u00e8me de sant\u00e9 refl\u00e8te cette diversit\u00e9. Il permet aux \u00e9tudiants internationaux <strong>d&#8217;acqu\u00e9rir des connaissances pr\u00e9cieuses sur les d\u00e9fis et les opportunit\u00e9s<\/strong> li\u00e9s \u00e0 la prestation de soins de sant\u00e9 dans un contexte mondial en travaillant avec des patients issus de milieux culturels vari\u00e9s. Les stages cliniques sont con\u00e7us pour offrir un large \u00e9ventail d\u2019exp\u00e9riences dans diff\u00e9rentes sp\u00e9cialit\u00e9s m\u00e9dicales, notamment la m\u00e9decine d\u2019urgence, la chirurgie, la p\u00e9diatrie, l&#8217;obst\u00e9trique, la gyn\u00e9cologie et la m\u00e9decine interne, entre autres. L&#8217;exposition aide les \u00e9tudiants \u00e0 d\u00e9velopper une compr\u00e9hension globale du syst\u00e8me de sant\u00e9 et les pr\u00e9pare \u00e0 divers cheminements de carri\u00e8re.<\/p>\n<p>Les stages cliniques de la facult\u00e9 de m\u00e9decine offrent d\u2019importantes opportunit\u00e9s de d\u00e9veloppement professionnel. Les \u00e9tudiants <strong>travaillent avec des professionnels de la sant\u00e9 exp\u00e9riment\u00e9s,<\/strong> apprenant de leur expertise et perfectionnant leurs comp\u00e9tences. Ils ont la possibilit\u00e9 de r\u00e9seauter avec d\u2019autres professionnels de la sant\u00e9, favorisant ainsi des relations qui peuvent \u00eatre b\u00e9n\u00e9fiques tout au long de leur carri\u00e8re. Les stages sont structur\u00e9s pour garantir que les \u00e9tudiants internationaux <strong>re\u00e7oivent un soutien et des conseils suffisants, sous la supervision de prestataires de soins de sant\u00e9 exp\u00e9riment\u00e9s <\/strong>qui offrent des commentaires et un mentorat.<\/p>\n<p>Les \u00e9tudiants de l&#8217;\u00c9cole europ\u00e9enne de m\u00e9decine ont acc\u00e8s \u00e0 une vari\u00e9t\u00e9 de ressources, telles que des manuels, des revues et du mat\u00e9riel en ligne, pour soutenir leur apprentissage. Pour les \u00e9tudiants internationaux en m\u00e9decine de l&#8217;Universit\u00e9 Internationale Europ\u00e9enne, les stages cliniques offrent une exp\u00e9rience <strong>unique et enrichissante dans un environnement de soins de sant\u00e9 diversifi\u00e9 et dynamique en Europe et au-del\u00e0<\/strong>. Avec une exposition \u00e0 plusieurs sp\u00e9cialit\u00e9s, une d\u00e9mographie diversifi\u00e9e des patients et de nombreuses opportunit\u00e9s de d\u00e9veloppement professionnel, ces stages constituent une excellente base pour une carri\u00e8re r\u00e9ussie en m\u00e9decine.<\/p>\n","protected":false},"excerpt":{"rendered":"<p>\u00c9cole Europ\u00e9enne de M\u00e9decine L&#8217;\u00c9cole europ\u00e9enne de m\u00e9decine est un d\u00e9partement \u00e9ducatif de haut niveau de l&#8217;Universit\u00e9 Internationale Europ\u00e9enne d\u00e9di\u00e9 \u00e0 la formation des professionnels de la sant\u00e9 pour prodiguer des soins aux patients de haute qualit\u00e9 et avec compassion. L&#8217;Universit\u00e9 s&#8217;engage \u00e0 faire progresser les connaissances m\u00e9dicales, \u00e0 am\u00e9liorer les r\u00e9sultats pour les patients [&hellip;]<\/p>\n","protected":false},"author":1,"featured_media":4056,"parent":0,"menu_order":0,"comment_status":"closed","ping_status":"closed","template":"","meta":{"ngg_post_thumbnail":0,"footnotes":""},"class_list":["post-1078","page","type-page","status-publish","has-post-thumbnail","hentry"],"acf":[],"yoast_head":"<!-- This site is optimized with the Yoast SEO plugin v20.8 - https:\/\/yoast.com\/wordpress\/plugins\/seo\/ -->\n<title>EUROPEAN MEDICAL SCHOOL | STUDY MEDICINE IN UKRAINE | MEDICAL UNIVERSITIES IN UKRAINE | EDUCATION IN UKRAINE | MEDICAL EDUCATION IN EUROPE | EUROPEAN MEDICAL EDUCATION | AFFORDABLE MEDICAL DEGREE IN ENGLISH<\/title>\n<meta name=\"robots\" content=\"index, follow, max-snippet:-1, max-image-preview:large, max-video-preview:-1\" \/>\n<link rel=\"canonical\" href=\"http:\/\/ieu.university\/it\/european-medical-school-home\/\" \/>\n<meta property=\"og:locale\" content=\"en_US\" \/>\n<meta property=\"og:type\" content=\"article\" \/>\n<meta property=\"og:title\" content=\"EUROPEAN MEDICAL SCHOOL | STUDY MEDICINE IN UKRAINE | MEDICAL UNIVERSITIES IN UKRAINE | EDUCATION IN UKRAINE | MEDICAL EDUCATION IN EUROPE | EUROPEAN MEDICAL EDUCATION | AFFORDABLE MEDICAL DEGREE IN ENGLISH\" \/>\n<meta property=\"og:description\" content=\"\u00c9cole Europ\u00e9enne de M\u00e9decine L&#8217;\u00c9cole europ\u00e9enne de m\u00e9decine est un d\u00e9partement \u00e9ducatif de haut niveau de l&#8217;Universit\u00e9 Internationale Europ\u00e9enne d\u00e9di\u00e9 \u00e0 la formation des professionnels de la sant\u00e9 pour prodiguer des soins aux patients de haute qualit\u00e9 et avec compassion. L&#8217;Universit\u00e9 s&#8217;engage \u00e0 faire progresser les connaissances m\u00e9dicales, \u00e0 am\u00e9liorer les r\u00e9sultats pour les patients [&hellip;]\" \/>\n<meta property=\"og:url\" content=\"http:\/\/ieu.university\/fr\/european-medical-school-home\/\" \/>\n<meta property=\"og:site_name\" content=\"INTERNATIONAL EUROPEAN UNIVERSITY, UKRAINE | EUROPE | STUDY IN UKRAINE | STUDY IN EUROPE | MBBS | GENERAL MEDICINE | BUSINESS | ENGINEERING | IT | EUROPE\" \/>\n<meta property=\"article:modified_time\" content=\"2025-01-06T10:56:31+00:00\" \/>\n<meta property=\"og:image\" content=\"http:\/\/ieu.university\/wp-content\/uploads\/2024\/07\/European-Medical-School.png\" \/>\n\t<meta property=\"og:image:width\" content=\"1272\" \/>\n\t<meta property=\"og:image:height\" content=\"386\" \/>\n\t<meta property=\"og:image:type\" content=\"image\/png\" \/>\n<meta name=\"twitter:card\" content=\"summary_large_image\" \/>\n<meta name=\"twitter:label1\" content=\"Est. reading time\" \/>\n\t<meta name=\"twitter:data1\" content=\"7 minutes\" \/>\n<script type=\"application\/ld+json\" class=\"yoast-schema-graph\">{\"@context\":\"https:\/\/schema.org\",\"@graph\":[{\"@type\":\"WebPage\",\"@id\":\"http:\/\/ieu.university\/it\/european-medical-school-home\/\",\"url\":\"http:\/\/ieu.university\/it\/european-medical-school-home\/\",\"name\":\"EUROPEAN MEDICAL SCHOOL | STUDY MEDICINE IN UKRAINE | MEDICAL UNIVERSITIES IN UKRAINE | EDUCATION IN UKRAINE | MEDICAL EDUCATION IN EUROPE | EUROPEAN MEDICAL EDUCATION | AFFORDABLE MEDICAL DEGREE IN ENGLISH\",\"isPartOf\":{\"@id\":\"https:\/\/ieu.university\/#website\"},\"datePublished\":\"2022-10-04T06:41:58+00:00\",\"dateModified\":\"2025-01-06T10:56:31+00:00\",\"inLanguage\":\"en-US\",\"potentialAction\":[{\"@type\":\"ReadAction\",\"target\":[\"http:\/\/ieu.university\/it\/european-medical-school-home\/\"]}]},{\"@type\":\"WebSite\",\"@id\":\"https:\/\/ieu.university\/#website\",\"url\":\"https:\/\/ieu.university\/\",\"name\":\"INTERNATIONAL EUROPEAN UNIVERSITY, UKRAINE | EUROPE | STUDY IN UKRAINE | STUDY IN EUROPE | MBBS | GENERAL MEDICINE | BUSINESS | ENGINEERING | IT | EUROPE\",\"description\":\"INTERNATIONAL EUROPEAN UNIVERSITY, UKRAINE | EUROPE | STUDY IN UKRAINE | STUDY IN EUROPE | MBBS | GENERAL MEDICINE | BUSINESS | ENGINEERING | IT | EUROPE\",\"potentialAction\":[{\"@type\":\"SearchAction\",\"target\":{\"@type\":\"EntryPoint\",\"urlTemplate\":\"https:\/\/ieu.university\/?s={search_term_string}\"},\"query-input\":\"required name=search_term_string\"}],\"inLanguage\":\"en-US\"}]}<\/script>\n<!-- \/ Yoast SEO plugin. -->","yoast_head_json":{"title":"EUROPEAN MEDICAL SCHOOL | STUDY MEDICINE IN UKRAINE | MEDICAL UNIVERSITIES IN UKRAINE | EDUCATION IN UKRAINE | MEDICAL EDUCATION IN EUROPE | EUROPEAN MEDICAL EDUCATION | AFFORDABLE MEDICAL DEGREE IN ENGLISH","robots":{"index":"index","follow":"follow","max-snippet":"max-snippet:-1","max-image-preview":"max-image-preview:large","max-video-preview":"max-video-preview:-1"},"canonical":"http:\/\/ieu.university\/it\/european-medical-school-home\/","og_locale":"en_US","og_type":"article","og_title":"EUROPEAN MEDICAL SCHOOL | STUDY MEDICINE IN UKRAINE | MEDICAL UNIVERSITIES IN UKRAINE | EDUCATION IN UKRAINE | MEDICAL EDUCATION IN EUROPE | EUROPEAN MEDICAL EDUCATION | AFFORDABLE MEDICAL DEGREE IN ENGLISH","og_description":"\u00c9cole Europ\u00e9enne de M\u00e9decine L&#8217;\u00c9cole europ\u00e9enne de m\u00e9decine est un d\u00e9partement \u00e9ducatif de haut niveau de l&#8217;Universit\u00e9 Internationale Europ\u00e9enne d\u00e9di\u00e9 \u00e0 la formation des professionnels de la sant\u00e9 pour prodiguer des soins aux patients de haute qualit\u00e9 et avec compassion. L&#8217;Universit\u00e9 s&#8217;engage \u00e0 faire progresser les connaissances m\u00e9dicales, \u00e0 am\u00e9liorer les r\u00e9sultats pour les patients [&hellip;]","og_url":"http:\/\/ieu.university\/fr\/european-medical-school-home\/","og_site_name":"INTERNATIONAL EUROPEAN UNIVERSITY, UKRAINE | EUROPE | STUDY IN UKRAINE | STUDY IN EUROPE | MBBS | GENERAL MEDICINE | BUSINESS | ENGINEERING | IT | EUROPE","article_modified_time":"2025-01-06T10:56:31+00:00","og_image":[{"width":1272,"height":386,"url":"http:\/\/ieu.university\/wp-content\/uploads\/2024\/07\/European-Medical-School.png","type":"image\/png"}],"twitter_card":"summary_large_image","twitter_misc":{"Est. reading time":"7 minutes"},"schema":{"@context":"https:\/\/schema.org","@graph":[{"@type":"WebPage","@id":"http:\/\/ieu.university\/it\/european-medical-school-home\/","url":"http:\/\/ieu.university\/it\/european-medical-school-home\/","name":"EUROPEAN MEDICAL SCHOOL | STUDY MEDICINE IN UKRAINE | MEDICAL UNIVERSITIES IN UKRAINE | EDUCATION IN UKRAINE | MEDICAL EDUCATION IN EUROPE | EUROPEAN MEDICAL EDUCATION | AFFORDABLE MEDICAL DEGREE IN ENGLISH","isPartOf":{"@id":"https:\/\/ieu.university\/#website"},"datePublished":"2022-10-04T06:41:58+00:00","dateModified":"2025-01-06T10:56:31+00:00","inLanguage":"en-US","potentialAction":[{"@type":"ReadAction","target":["http:\/\/ieu.university\/it\/european-medical-school-home\/"]}]},{"@type":"WebSite","@id":"https:\/\/ieu.university\/#website","url":"https:\/\/ieu.university\/","name":"INTERNATIONAL EUROPEAN UNIVERSITY, UKRAINE | EUROPE | STUDY IN UKRAINE | STUDY IN EUROPE | MBBS | GENERAL MEDICINE | BUSINESS | ENGINEERING | IT | EUROPE","description":"INTERNATIONAL EUROPEAN UNIVERSITY, UKRAINE | EUROPE | STUDY IN UKRAINE | STUDY IN EUROPE | MBBS | GENERAL MEDICINE | BUSINESS | ENGINEERING | IT | EUROPE","potentialAction":[{"@type":"SearchAction","target":{"@type":"EntryPoint","urlTemplate":"https:\/\/ieu.university\/?s={search_term_string}"},"query-input":"required name=search_term_string"}],"inLanguage":"en-US"}]}},"_links":{"self":[{"href":"http:\/\/ieu.university\/fr\/wp-json\/wp\/v2\/pages\/1078","targetHints":{"allow":["GET"]}}],"collection":[{"href":"http:\/\/ieu.university\/fr\/wp-json\/wp\/v2\/pages"}],"about":[{"href":"http:\/\/ieu.university\/fr\/wp-json\/wp\/v2\/types\/page"}],"author":[{"embeddable":true,"href":"http:\/\/ieu.university\/fr\/wp-json\/wp\/v2\/users\/1"}],"replies":[{"embeddable":true,"href":"http:\/\/ieu.university\/fr\/wp-json\/wp\/v2\/comments?post=1078"}],"version-history":[{"count":28,"href":"http:\/\/ieu.university\/fr\/wp-json\/wp\/v2\/pages\/1078\/revisions"}],"predecessor-version":[{"id":4563,"href":"http:\/\/ieu.university\/fr\/wp-json\/wp\/v2\/pages\/1078\/revisions\/4563"}],"wp:featuredmedia":[{"embeddable":true,"href":"http:\/\/ieu.university\/fr\/wp-json\/wp\/v2\/media\/4056"}],"wp:attachment":[{"href":"http:\/\/ieu.university\/fr\/wp-json\/wp\/v2\/media?parent=1078"}],"curies":[{"name":"wp","href":"https:\/\/api.w.org\/{rel}","templated":true}]}}