{"id":118,"date":"2022-09-22T23:15:47","date_gmt":"2022-09-22T20:15:47","guid":{"rendered":"http:\/\/ieu.university\/?page_id=118"},"modified":"2025-01-06T12:46:36","modified_gmt":"2025-01-06T09:46:36","slug":"faq","status":"publish","type":"page","link":"http:\/\/ieu.university\/fr\/faq\/","title":{"rendered":"FAQ"},"content":{"rendered":"<h2>1. O\u00f9 se trouve l\u2019Ukraine?<\/h2>\n<p>L&#8217;Ukraine est situ\u00e9e dans la partie sud-est de l&#8217;Europe. C&#8217;est le plus grand pays europ\u00e9en. Kyiv, capitale de l&#8217;Ukraine, est situ\u00e9e dans la partie nord du pays. Elle est entour\u00e9e de plusieurs pays : la Pologne, la Slovaquie et la Hongrie \u00e0 l&#8217;ouest ; la Roumanie et la Moldavie au sud-ouest ; la Bi\u00e9lorussie au nord ; La Russie \u00e0 l&#8217;est et au nord-est. L&#8217;Ukraine est entour\u00e9e par la mer d&#8217;Azov et la mer Noire. Gr\u00e2ce \u00e0 son emplacement confortable, il est facile et abordable de voyager en Europe le week-end ou de se rendre au bord de la mer \u00e0 Odesa.<\/p>\n<h2>2. Les degr\u00e9s IEU sont-ils reconnus dans le monde entier?<\/h2>\n<p>Oui, toutes les universit\u00e9s ukrainiennes sont reconnues \u00e0 l\u2019\u00e9chelle mondiale. Le degr\u00e9 que vous obtiendrez dans n\u2019importe quelle universit\u00e9 ukrainienne sera \u00e9galement accept\u00e9 dans le monde entier. Par cons\u00e9quent, les dipl\u00f4m\u00e9s peuvent soit travailler en Ukraine, soit se rendre dans n\u2019importe quel autre pays et y postuler pour un emploi qualifi\u00e9. Le dipl\u00f4me obtenu en Ukraine donne \u00e0 l&#8217;\u00e9tudiant d&#8217;excellentes chances de construire une carri\u00e8re dans n&#8217;importe quelle partie du monde, ce qui a d\u00e9j\u00e0 \u00e9t\u00e9 confirm\u00e9 par de nombreux anciens \u00e9l\u00e8ves. Les degr\u00e9s ukrainiens sont reconnus par l&#8217;OMS, l&#8217;UNESCO, le PLAB (Royaume-Uni), l&#8217;USMLE (\u00c9tats-Unis) et dans toute l&#8217;UE.<\/p>\n<h2>3. Tous les degr\u00e9s de m\u00e9decine obtenus en Ukraine sont-ils reconnus par les organisations et conseils m\u00e9dicaux?<\/h2>\n<p>L&#8217;IEU d\u00e9livre des degr\u00e9s reconnus dans le monde entier. Les programmes MBBS, en particulier, sont accr\u00e9dit\u00e9s par des organismes internationaux tels que l&#8217;Organisation mondiale de la sant\u00e9 (OMS), le PLAB, l&#8217;USMLE et des organisations similaires. De plus, ces dipl\u00f4mes re\u00e7oivent la reconnaissance officielle du Conseil m\u00e9dical de l&#8217;Inde (MCI).<\/p>\n<h2>4. Dois-je conna\u00eetre l\u2019ukrainien?<\/h2>\n<p>L&#8217;Ukraine compte une population poss\u00e9dant une ma\u00eetrise significative de l&#8217;anglais, ce qui permet aux \u00e9tudiants de pouvoir \u00e9tudier en anglais. L&#8217;IEU propose \u00e9galement des programmes pr\u00e9paratoires, permettant aux \u00e9tudiants de ma\u00eetriser la langue ukrainienne. Cela les pr\u00e9pare \u00e0 s\u2019int\u00e9grer parfaitement \u00e0 la soci\u00e9t\u00e9 locale et \u00e0 l\u2019environnement universitaire.<\/p>\n<h2>5. Quelles langues dois-je conna\u00eetre pour \u00e9tudier en Ukraine?<\/h2>\n<p>Les programmes de Licence et de Master sont disponibles en anglais. Si l\u2019\u00e9tudiant international pr\u00e9f\u00e8re \u00e9tudier dans la langue d\u2019enseignement ukrainienne, cela est \u00e9galement possible apr\u00e8s avoir termin\u00e9 une ann\u00e9e de cours pr\u00e9paratoire.<\/p>\n<h2>6. Comment puis-je couvrir mes frais de scolarit\u00e9 en Ukraine?<\/h2>\n<p>L&#8217;\u00e9tudiant doit couvrir la totalit\u00e9 des d\u00e9penses de la premi\u00e8re ann\u00e9e avant le d\u00e9but de l&#8217;ann\u00e9e universitaire. A partir de la 2\u00e8me ann\u00e9e, le paiement peut \u00eatre effectu\u00e9 par semestre.<\/p>\n<h2>7. Puis-je transf\u00e9rer de l&#8217;argent vers et depuis l&#8217;Ukraine par le biais d&#8217;une banque ou d&#8217;une banque en ligne?<\/h2>\n<p>Le syst\u00e8me bancaire ukrainien est consid\u00e9r\u00e9 comme le plus confortable et le plus rapide parmi les autres pays de l&#8217;UE. Tout ce que l&#8217;\u00e9tudiant doit faire est d&#8217;ouvrir un compte bancaire dans n&#8217;importe quelle banque en Ukraine, puis il pourra transf\u00e9rer ou recevoir de l&#8217;argent \u00e0 tout moment. Les \u00e9tudiants peuvent utiliser leur t\u00e9l\u00e9phone pour utiliser des applications bancaires en ligne.<\/p>\n<h2>8. Les r\u00e9sidences universitaires sont-elles proches des campus?<\/h2>\n<p>Les auberges de l\u2019IEU sont situ\u00e9es \u00e0 proximit\u00e9 de l&#8217;universit\u00e9. Habituellement, il faut 15 \u00e0 20 minutes \u00e0 pied pour se rendre sur les campus. Les \u00e9tudiants peuvent \u00e9galement utiliser les transports en commun. Le syst\u00e8me de transport en Ukraine est pratique, de sorte que l&#8217;\u00e9tudiant ne rencontre aucun probl\u00e8me en cours de route. De plus, de nombreux \u00e9tudiants obtiennent un titre de transport public qui donne droit \u00e0 une r\u00e9duction sur de nombreux moyens de transport.<\/p>\n<h2>9. Puis-je vivre hors campus?<\/h2>\n<p>Absolument, vivre hors campus est une option pour les \u00e9tudiants internationaux en Ukraine. Le pays offre un large \u00e9ventail de choix de logements confortables. Si vous souhaitez explorer la vie hors campus, n&#8217;h\u00e9sitez pas \u00e0 nous contacter pour obtenir des informations sur les logements abordables et les tarifs de location dans la ville de votre choix. A noter que les \u00e9tudiants de premi\u00e8re ann\u00e9e b\u00e9n\u00e9ficieront d&#8217;un s\u00e9jour en r\u00e9sidence universitaire pour leur premi\u00e8re ann\u00e9e d&#8217;\u00e9tudes !<\/p>\n<h2>10. Dois-je revenir dans mon pays d&#8217;origine apr\u00e8s avoir obtenu mon degr\u00e9 ou puis-je rester en Ukraine ?<\/h2>\n<p>Il n\u2019est pas obligatoire pour l\u2019\u00e9tudiant de quitter le pays apr\u00e8s l\u2019obtention de son dipl\u00f4me. Bien entendu, certains \u00e9tudiants retournent dans leur pays d\u2019origine. Cependant, beaucoup restent en Ukraine et trouvent de bons emplois avec des salaires d\u00e9cents. Un certain pourcentage d&#8217;anciens \u00e9l\u00e8ves partent dans d&#8217;autres pays \u00e0 des fins professionnelles. Cela d\u00e9pend enti\u00e8rement de la d\u00e9cision de l\u2019\u00e9tudiant.<\/p>\n<h2>11. L&#8217;enseignement sup\u00e9rieur est-il gratuit en Ukraine ?<\/h2>\n<p>Il n&#8217;y a pas d&#8217;\u00e9tudes gratuites ni de bourses disponibles pour les \u00e9tudiants \u00e9trangers en Ukraine.<\/p>\n<h2>12. Quelle est la dur\u00e9e des programmes acad\u00e9miques en Ukraine ?<\/h2>\n<p>La dur\u00e9e du programme de Licence est de 4 ans. Le programme de Master dure 2 ann\u00e9es suppl\u00e9mentaires. Les cours de m\u00e9decine en Ukraine durent de 4 \u00e0 8 ans.<\/p>\n<h2>13. Les \u00e9tudiants doivent-ils payer pour le mat\u00e9riel d&#8217;\u00e9tude (livres, cahiers de laboratoire, etc.) ?<\/h2>\n<p>Tout le mat\u00e9riel n\u00e9cessaire est fourni par l&#8217;universit\u00e9 et est inclus dans les frais de scolarit\u00e9. Il n&#8217;y a pas de d\u00e9penses suppl\u00e9mentaires pour les \u00e9tudiants internationaux.<\/p>\n<h2>14. Quels sont les frais de subsistance mensuels en Ukraine pour un \u00e9tudiant \u00e9tranger ?<\/h2>\n<p>Vivre en tant qu&#8217;\u00e9tudiant en Ukraine co\u00fbte beaucoup moins cher que dans d&#8217;autres pays europ\u00e9ens. Les d\u00e9penses mensuelles moyennes pour la nourriture sont d&#8217;environ 100 \u00e0 150 USD. Vous pouvez vivre confortablement en Ukraine en d\u00e9pensant environ 500 \u00e0 800 USD par mois (y compris la location d&#8217;un appartement, les voyages et la nourriture).<\/p>\n<h2>15. Qu&#8217;est-ce que le cours pr\u00e9paratoire ?<\/h2>\n<p>Le Cours Pr\u00e9paratoire (CP) est un programme \u00e9ducatif sp\u00e9cial d&#8217;une dur\u00e9e d&#8217;une ann\u00e9e universitaire. Au CP, les \u00e9tudiants \u00e9tudient la langue ukrainienne et les disciplines particuli\u00e8res requises en fonction de la future sp\u00e9cialit\u00e9 choisie (sciences, math\u00e9matiques, physique, chimie, biologie, informatique, etc.). L&#8217;\u00e9tudiant re\u00e7oit le Certificat du Cours Pr\u00e9paratoire apr\u00e8s son ach\u00e8vement. Apr\u00e8s avoir termin\u00e9 le PC, l&#8217;\u00e9tudiant peut rejoindre des programmes majeurs en ukrainien.<\/p>\n<h2>16. Pourquoi l\u2019Ukraine est-elle bonne pour \u00e9tudier ?<\/h2>\n<p>L&#8217;Ukraine est devenue l&#8217;une des principales destinations \u00e9tudiantes populaires car elle offre une \u00e9ducation de qualit\u00e9 \u00e0 un tarif abordable. Elle compte la plus grande population \u00e9tudiante internationale d&#8217;Europe, avec pr\u00e8s de 75 605 \u00e9tudiants \u00e9tudiant dans des universit\u00e9s ukrainiennes et provenant de diff\u00e9rentes parties du monde. Les universit\u00e9s ukrainiennes ont une atmosph\u00e8re multiculturelle avec des \u00e9tudiants fr\u00e9quentant des \u00e9tablissements d&#8217;enseignement du monde entier. Cela n\u00e9cessite que les \u00e9tudiants soient dispos\u00e9s \u00e0 comprendre et \u00e0 reconna\u00eetre la diversit\u00e9 et \u00e0 comprendre diff\u00e9rentes perspectives sans porter de jugement.<\/p>\n<h2>17. Une assurance maladie est-elle n\u00e9cessaire pour l&#8217;\u00e9tudiant ?<\/h2>\n<p>Oui. Tous les \u00e9tudiants doivent souscrire une assurance maladie avant d\u2019arriver en Ukraine. L&#8217;assurance maladie garantit que l&#8217;\u00e9tudiant re\u00e7oit l&#8217;aide m\u00e9dicale n\u00e9cessaire en cas de maladie conform\u00e9ment au programme de couverture d&#8217;assurance.<\/p>\n<h2>18. Quelle monnaie est utilis\u00e9e en Ukraine ?<\/h2>\n<p>\n  La monnaie utilis\u00e9e en Ukraine est la Hryvnia (UAH) et les pi\u00e8ces sont connues sous le nom de Kopiyka.<br \/>\n  Sur pr\u00e9avis : 1 USD=40 UAH. 1 euro = 42 UAH. 1 \u20b9 = 0,46 UAH.\n<\/p>\n<h2>19. Quelle langue est la plus parl\u00e9e en Ukraine ?<\/h2>\n<p>Les langues ukrainienne et anglaise sont les plus parl\u00e9es en Ukraine. Les \u00e9tudiants internationaux peuvent toujours parler aux locaux en cas de besoin, car la plupart des citoyens parlent anglais et parfois d&#8217;autres langues slaves.<\/p>\n<h2>20. Puis-je demander la r\u00e9sidence permanente et la citoyennet\u00e9 en Ukraine ?<\/h2>\n<p>Oui, il est possible de demander la r\u00e9sidence permanente et la citoyennet\u00e9. Cependant, cela peut \u00eatre fait apr\u00e8s 2 ans de s\u00e9jour r\u00e9gulier en Ukraine.<\/p>\n<h2>21. Quelle religion est populaire en Ukraine ?<\/h2>\n<p>72% de la population ukrainienne est chr\u00e9tienne orthodoxe. 9% de la population adh\u00e8re \u00e0 l&#8217;\u00c9glise catholique, dont 8% sont des catholiques grecs ukrainiens et 1% des catholiques latins, 1% professent l&#8217;islam et 10% sont ath\u00e9es.<\/p>\n<h2>22. Les \u00e9tudiants peuvent-ils voyager dans d&#8217;autres pays pendant leurs \u00e9tudes en Ukraine ?<\/h2>\n<p>Oui, l&#8217;\u00e9tudiant peut voyager dans d&#8217;autres pays pendant les vacances d&#8217;\u00e9t\u00e9 et d&#8217;hiver. Il existe un large \u00e9ventail d&#8217;endroits o\u00f9 les \u00e9tudiants peuvent aller \u2013 pays europ\u00e9ens et pays de la CEI.<\/p>\n<h2>23. Quand commencent les vacances d&#8217;\u00e9t\u00e9 et d&#8217;hiver en Ukraine ?<\/h2>\n<p>Les vacances d&#8217;\u00e9t\u00e9 durent 2 mois, du 1er juillet au 31 ao\u00fbt de chaque ann\u00e9e. Les vacances d&#8217;hiver durent chaque ann\u00e9e 2 semaines, de la derni\u00e8re semaine de janvier \u00e0 la premi\u00e8re semaine de f\u00e9vrier.<\/p>\n<h2>24. Si j\u2019ai d\u00e9j\u00e0 obtenu une Licence dans mon pays, puis-je obtenir un deuxi\u00e8me degr\u00e9 en Ukraine ?<\/h2>\n<p>Certes, si vous avez une Licence, vous pouvez poursuivre des \u00e9tudes de Master dans les universit\u00e9s ukrainiennes. Vous avez \u00e9galement la possibilit\u00e9 de choisir un domaine d&#8217;\u00e9tudes diff\u00e9rent pour votre master, m\u00eame s&#8217;il n&#8217;a aucun rapport avec votre pr\u00e9c\u00e9dent baccalaur\u00e9at.<\/p>\n<h2>25. Quelle quantit\u00e9 de bagages peut-on emporter ?<\/h2>\n<p>Bien qu&#8217;il n&#8217;y ait g\u00e9n\u00e9ralement pas de limites strictes quant au poids de vos bagages lorsque vous voyagez depuis votre pays d&#8217;origine vers l&#8217;Ukraine, il est important de noter que les compagnies a\u00e9riennes offrent g\u00e9n\u00e9ralement une franchise de bagages gratuite d&#8217;environ 20 \u00e0 25 kg. Un bagage suppl\u00e9mentaire au-del\u00e0 de cette franchise entra\u00eenera des frais suppl\u00e9mentaires bas\u00e9s sur le poids, ce qui peut \u00eatre co\u00fbteux. Par cons\u00e9quent, il est conseill\u00e9 d\u2019emballer uniquement les articles essentiels qui pourraient ne pas \u00eatre facilement disponibles en Ukraine, car la plupart des produits peuvent \u00eatre achet\u00e9s localement. Il est recommand\u00e9 d&#8217;inclure des v\u00eatements chauds comme un manteau, des bottes, un chapeau, des gants et une \u00e9charpe, ainsi que des produits d&#8217;hygi\u00e8ne personnelle. Si votre arriv\u00e9e est pr\u00e9vue en ao\u00fbt ou septembre, pensez \u00e0 emporter une veste l\u00e9g\u00e8re, un jean, des chaussettes et des chaussures de sport. Cependant, si vous pr\u00e9voyez un voyage pendant les mois d&#8217;hiver de d\u00e9cembre ou janvier, il est essentiel d&#8217;apporter un manteau chaud, un pull, un pantalon isolant, des bottes, un chapeau et des gants pour assurer votre confort par temps froid.<\/p>\n<h2>26. Puis-je trouver du travail pendant mes \u00e9tudes en Ukraine ?<\/h2>\n<p>Si vous \u00eates titulaire d&#8217;un visa \u00e9tudiant ou d&#8217;un permis de s\u00e9jour temporaire et que vous \u00eates inscrit comme \u00e9tudiant \u00e0 temps plein, il n&#8217;est pas n\u00e9cessaire d&#8217;obtenir un permis de travail distinct pour pouvoir travailler. Vous avez la possibilit\u00e9 de chercher un emploi \u00e0 condition que cela ne perturbe pas vos engagements acad\u00e9miques ni n&#8217;impacte vos notes. Il est important de noter que m\u00eame si nous ne fournissons pas d&#8217;aide \u00e0 la recherche d&#8217;emploi, les universit\u00e9s n&#8217;ont g\u00e9n\u00e9ralement aucune objection \u00e0 ce que les \u00e9tudiants recherchent un emploi.<\/p>\n","protected":false},"excerpt":{"rendered":"<p>1. O\u00f9 se trouve l\u2019Ukraine? L&#8217;Ukraine est situ\u00e9e dans la partie sud-est de l&#8217;Europe. C&#8217;est le plus grand pays europ\u00e9en. Kyiv, capitale de l&#8217;Ukraine, est situ\u00e9e dans la partie nord du pays. Elle est entour\u00e9e de plusieurs pays : la Pologne, la Slovaquie et la Hongrie \u00e0 l&#8217;ouest ; la Roumanie et la Moldavie au [&hellip;]<\/p>\n","protected":false},"author":1,"featured_media":3638,"parent":0,"menu_order":0,"comment_status":"closed","ping_status":"closed","template":"","meta":{"ngg_post_thumbnail":0,"footnotes":""},"class_list":["post-118","page","type-page","status-publish","has-post-thumbnail","hentry"],"acf":[],"yoast_head":"<!-- This site is optimized with the Yoast SEO plugin v20.8 - https:\/\/yoast.com\/wordpress\/plugins\/seo\/ -->\n<title>FAQ | FREQUENTLY ASKED QUESTIONS | EDUCATION IN EUROPE | STUDY MEDICINE IN UKRAINE | AFFORDABLE STUDIES ABROAD | STUDY MBBS IN EUROPE | WHY STUDY IN UKRAINE | ABOUT UKRAINE | HIGHER EDUCATION IN UKRAINE<\/title>\n<meta name=\"robots\" content=\"index, follow, max-snippet:-1, max-image-preview:large, max-video-preview:-1\" \/>\n<link rel=\"canonical\" href=\"https:\/\/ieu.university\/it\/faq\/\" \/>\n<meta property=\"og:locale\" content=\"en_US\" \/>\n<meta property=\"og:type\" content=\"article\" \/>\n<meta property=\"og:title\" content=\"FAQ | FREQUENTLY ASKED QUESTIONS | EDUCATION IN EUROPE | STUDY MEDICINE IN UKRAINE | AFFORDABLE STUDIES ABROAD | STUDY MBBS IN EUROPE | WHY STUDY IN UKRAINE | ABOUT UKRAINE | HIGHER EDUCATION IN UKRAINE\" \/>\n<meta property=\"og:description\" content=\"1. O\u00f9 se trouve l\u2019Ukraine? L&#8217;Ukraine est situ\u00e9e dans la partie sud-est de l&#8217;Europe. C&#8217;est le plus grand pays europ\u00e9en. Kyiv, capitale de l&#8217;Ukraine, est situ\u00e9e dans la partie nord du pays. Elle est entour\u00e9e de plusieurs pays : la Pologne, la Slovaquie et la Hongrie \u00e0 l&#8217;ouest ; la Roumanie et la Moldavie au [&hellip;]\" \/>\n<meta property=\"og:url\" content=\"http:\/\/ieu.university\/fr\/faq\/\" \/>\n<meta property=\"og:site_name\" content=\"INTERNATIONAL EUROPEAN UNIVERSITY, UKRAINE | EUROPE | STUDY IN UKRAINE | STUDY IN EUROPE | MBBS | GENERAL MEDICINE | BUSINESS | ENGINEERING | IT | EUROPE\" \/>\n<meta property=\"article:modified_time\" content=\"2025-01-06T09:46:36+00:00\" \/>\n<meta property=\"og:image\" content=\"https:\/\/ieu.university\/wp-content\/uploads\/2024\/07\/Courses.png\" \/>\n\t<meta property=\"og:image:width\" content=\"1272\" \/>\n\t<meta property=\"og:image:height\" content=\"386\" \/>\n\t<meta property=\"og:image:type\" content=\"image\/png\" \/>\n<meta name=\"twitter:card\" content=\"summary_large_image\" \/>\n<meta name=\"twitter:label1\" content=\"Est. reading time\" \/>\n\t<meta name=\"twitter:data1\" content=\"7 minutes\" \/>\n<script type=\"application\/ld+json\" class=\"yoast-schema-graph\">{\"@context\":\"https:\/\/schema.org\",\"@graph\":[{\"@type\":\"WebPage\",\"@id\":\"https:\/\/ieu.university\/it\/faq\/\",\"url\":\"https:\/\/ieu.university\/it\/faq\/\",\"name\":\"FAQ | FREQUENTLY ASKED QUESTIONS | EDUCATION IN EUROPE | STUDY MEDICINE IN UKRAINE | AFFORDABLE STUDIES ABROAD | STUDY MBBS IN EUROPE | WHY STUDY IN UKRAINE | ABOUT UKRAINE | HIGHER EDUCATION IN UKRAINE\",\"isPartOf\":{\"@id\":\"https:\/\/ieu.university\/#website\"},\"datePublished\":\"2022-09-22T20:15:47+00:00\",\"dateModified\":\"2025-01-06T09:46:36+00:00\",\"inLanguage\":\"en-US\",\"potentialAction\":[{\"@type\":\"ReadAction\",\"target\":[\"https:\/\/ieu.university\/it\/faq\/\"]}]},{\"@type\":\"WebSite\",\"@id\":\"https:\/\/ieu.university\/#website\",\"url\":\"https:\/\/ieu.university\/\",\"name\":\"INTERNATIONAL EUROPEAN UNIVERSITY, UKRAINE | EUROPE | STUDY IN UKRAINE | STUDY IN EUROPE | MBBS | GENERAL MEDICINE | BUSINESS | ENGINEERING | IT | EUROPE\",\"description\":\"INTERNATIONAL EUROPEAN UNIVERSITY, UKRAINE | EUROPE | STUDY IN UKRAINE | STUDY IN EUROPE | MBBS | GENERAL MEDICINE | BUSINESS | ENGINEERING | IT | EUROPE\",\"potentialAction\":[{\"@type\":\"SearchAction\",\"target\":{\"@type\":\"EntryPoint\",\"urlTemplate\":\"https:\/\/ieu.university\/?s={search_term_string}\"},\"query-input\":\"required name=search_term_string\"}],\"inLanguage\":\"en-US\"}]}<\/script>\n<!-- \/ Yoast SEO plugin. -->","yoast_head_json":{"title":"FAQ | FREQUENTLY ASKED QUESTIONS | EDUCATION IN EUROPE | STUDY MEDICINE IN UKRAINE | AFFORDABLE STUDIES ABROAD | STUDY MBBS IN EUROPE | WHY STUDY IN UKRAINE | ABOUT UKRAINE | HIGHER EDUCATION IN UKRAINE","robots":{"index":"index","follow":"follow","max-snippet":"max-snippet:-1","max-image-preview":"max-image-preview:large","max-video-preview":"max-video-preview:-1"},"canonical":"https:\/\/ieu.university\/it\/faq\/","og_locale":"en_US","og_type":"article","og_title":"FAQ | FREQUENTLY ASKED QUESTIONS | EDUCATION IN EUROPE | STUDY MEDICINE IN UKRAINE | AFFORDABLE STUDIES ABROAD | STUDY MBBS IN EUROPE | WHY STUDY IN UKRAINE | ABOUT UKRAINE | HIGHER EDUCATION IN UKRAINE","og_description":"1. O\u00f9 se trouve l\u2019Ukraine? L&#8217;Ukraine est situ\u00e9e dans la partie sud-est de l&#8217;Europe. C&#8217;est le plus grand pays europ\u00e9en. Kyiv, capitale de l&#8217;Ukraine, est situ\u00e9e dans la partie nord du pays. Elle est entour\u00e9e de plusieurs pays : la Pologne, la Slovaquie et la Hongrie \u00e0 l&#8217;ouest ; la Roumanie et la Moldavie au [&hellip;]","og_url":"http:\/\/ieu.university\/fr\/faq\/","og_site_name":"INTERNATIONAL EUROPEAN UNIVERSITY, UKRAINE | EUROPE | STUDY IN UKRAINE | STUDY IN EUROPE | MBBS | GENERAL MEDICINE | BUSINESS | ENGINEERING | IT | EUROPE","article_modified_time":"2025-01-06T09:46:36+00:00","og_image":[{"width":1272,"height":386,"url":"https:\/\/ieu.university\/wp-content\/uploads\/2024\/07\/Courses.png","type":"image\/png"}],"twitter_card":"summary_large_image","twitter_misc":{"Est. reading time":"7 minutes"},"schema":{"@context":"https:\/\/schema.org","@graph":[{"@type":"WebPage","@id":"https:\/\/ieu.university\/it\/faq\/","url":"https:\/\/ieu.university\/it\/faq\/","name":"FAQ | FREQUENTLY ASKED QUESTIONS | EDUCATION IN EUROPE | STUDY MEDICINE IN UKRAINE | AFFORDABLE STUDIES ABROAD | STUDY MBBS IN EUROPE | WHY STUDY IN UKRAINE | ABOUT UKRAINE | HIGHER EDUCATION IN UKRAINE","isPartOf":{"@id":"https:\/\/ieu.university\/#website"},"datePublished":"2022-09-22T20:15:47+00:00","dateModified":"2025-01-06T09:46:36+00:00","inLanguage":"en-US","potentialAction":[{"@type":"ReadAction","target":["https:\/\/ieu.university\/it\/faq\/"]}]},{"@type":"WebSite","@id":"https:\/\/ieu.university\/#website","url":"https:\/\/ieu.university\/","name":"INTERNATIONAL EUROPEAN UNIVERSITY, UKRAINE | EUROPE | STUDY IN UKRAINE | STUDY IN EUROPE | MBBS | GENERAL MEDICINE | BUSINESS | ENGINEERING | IT | EUROPE","description":"INTERNATIONAL EUROPEAN UNIVERSITY, UKRAINE | EUROPE | STUDY IN UKRAINE | STUDY IN EUROPE | MBBS | GENERAL MEDICINE | BUSINESS | ENGINEERING | IT | EUROPE","potentialAction":[{"@type":"SearchAction","target":{"@type":"EntryPoint","urlTemplate":"https:\/\/ieu.university\/?s={search_term_string}"},"query-input":"required name=search_term_string"}],"inLanguage":"en-US"}]}},"_links":{"self":[{"href":"http:\/\/ieu.university\/fr\/wp-json\/wp\/v2\/pages\/118","targetHints":{"allow":["GET"]}}],"collection":[{"href":"http:\/\/ieu.university\/fr\/wp-json\/wp\/v2\/pages"}],"about":[{"href":"http:\/\/ieu.university\/fr\/wp-json\/wp\/v2\/types\/page"}],"author":[{"embeddable":true,"href":"http:\/\/ieu.university\/fr\/wp-json\/wp\/v2\/users\/1"}],"replies":[{"embeddable":true,"href":"http:\/\/ieu.university\/fr\/wp-json\/wp\/v2\/comments?post=118"}],"version-history":[{"count":21,"href":"http:\/\/ieu.university\/fr\/wp-json\/wp\/v2\/pages\/118\/revisions"}],"predecessor-version":[{"id":4487,"href":"http:\/\/ieu.university\/fr\/wp-json\/wp\/v2\/pages\/118\/revisions\/4487"}],"wp:featuredmedia":[{"embeddable":true,"href":"http:\/\/ieu.university\/fr\/wp-json\/wp\/v2\/media\/3638"}],"wp:attachment":[{"href":"http:\/\/ieu.university\/fr\/wp-json\/wp\/v2\/media?parent=118"}],"curies":[{"name":"wp","href":"https:\/\/api.w.org\/{rel}","templated":true}]}}