{"id":172,"date":"2022-09-23T15:57:26","date_gmt":"2022-09-23T12:57:26","guid":{"rendered":"http:\/\/ieu.university\/?page_id=172"},"modified":"2025-01-06T12:33:15","modified_gmt":"2025-01-06T09:33:15","slug":"admission-process","status":"publish","type":"page","link":"http:\/\/ieu.university\/fr\/admission-process\/","title":{"rendered":"Processus d&#8217;admission"},"content":{"rendered":"<h2>\u00c9TAPE 1: ENVOYER LES DOCUMENTS<\/h2>\n<p>D\u00e8s que les \u00e9tudiants re\u00e7oivent des informations compl\u00e8tes sur les frais de scolarit\u00e9 et les cours d&#8217;\u00e9tudes, ils sont libres de commencer leur processus d&#8217;admission. Les \u00e9tudiants peuvent envoyer les documents <strong>par e-mail ou remplir un formulaire<\/strong> de candidature en ligne sur le site Web de l&#8217;Universit\u00e9 Internationale Europ\u00e9enne.<\/p>\n<p>Les documents requis:<\/p>\n<ul>\n<li>Copie du passeport international ou de la carte d&#8217;identit\u00e9 (doit \u00eatre valable au moins 2 ans) ;<\/li>\n<li>Copie du certificat d&#8217;\u00e9tudes secondaires (du dipl\u00f4me de baccalaur\u00e9at) avec relev\u00e9 de notes ;<\/li>\n<li>Copie de Licence avec relev\u00e9 de notes (pour les candidats au Master uniquement) ;<\/li>\n<li>Formulaire de candidature rempli.<\/li>\n<\/ul>\n<p>D\u00e8s que l&#8217;\u00e9tudiant est accept\u00e9, nous lui enverrons une lettre de confirmation d&#8217;admission dans un jour ouvrable.<\/p>\n<h2>\u00c9TAPE 2: OBTENIR UNE LETTRE D&#8217;INVITATION<\/h2>\n<p>Afin d&#8217;obtenir <strong>la lettre d&#8217;invitation<\/strong> de l&#8217;universit\u00e9 europ\u00e9enne internationale, les \u00e9tudiants doivent couvrir les frais de la lettre d&#8217;invitation. Une fois les frais de la lettre d&#8217;invitation re\u00e7us, les documents des \u00e9tudiants seront soumis au <strong>minist\u00e8re de l&#8217;\u00c9ducation et des Sciences de l&#8217;Ukraine<\/strong> pour \u00e9mettre une lettre d&#8217;invitation. Il faut environ 7 \u00e0 10 jours ouvrables pour recevoir la lettre d&#8217;invitation. Veuillez noter que les frais de messagerie sont inclus dans <strong>les frais de la lettre d&#8217;invitation.<\/strong> Le service des admissions tiendra les \u00e9tudiants inform\u00e9s de l&#8217;ensemble du processus et r\u00e9pondra \u00e0 toutes leurs questions pendant la p\u00e9riode d&#8217;attente.<\/p>\n<p>Les documents requis:<\/p>\n<ul>\n<li>Formulaire de candidature rempli ;<\/li>\n<li>Copie du passeport international ;<\/li>\n<li>Copie du certificat de scolarit\u00e9 (de dipl\u00f4me de baccalaur\u00e9at) ;<\/li>\n<li>Ch\u00e8que de paiement de la lettre d&#8217;invitation, des frais de messagerie et des frais de scolarit\u00e9 complets de premi\u00e8re ann\u00e9e.<\/li>\n<\/ul>\n<h2>\u00c9TAPE 3: OBTENIR UN VISA<\/h2>\n<p>Apr\u00e8s avoir re\u00e7u une lettre d&#8217;invitation de l&#8217;IEU, les \u00e9tudiants doivent contacter l&#8217;ambassade ukrainienne la plus proche de leur pays.<\/p>\n<p>Mentionnez que l&#8217;\u00e9quipe d&#8217;admission de l&#8217;IEU rendra le processus de visa rapide et confortable pour les \u00e9tudiants afin qu&#8217;ils n&#8217;aient pas \u00e0 craindre de manquer quoi que ce soit. Nous vous aiderons \u00e0 rassembler tous les documents n\u00e9cessaires afin que les \u00e9tudiants puissent obtenir leur visa le plus rapidement possible!<\/p>\n<h2>\u00c9TAPE 4: ARRIVER EN UKRAINE<\/h2>\n<p>Nous informons toujours les \u00e9tudiants sur les billets les plus abordables pour l&#8217;Ukraine, leur fournissons des informations sur les meilleurs vols et les meilleurs fournisseurs de vols et les aidons \u00e0 r\u00e9server le vol appropri\u00e9.<\/p>\n<p>Les \u00e9tudiants doivent fournir \u00e0 notre repr\u00e9sentant toutes les informations sur les d\u00e9tails de leur arriv\u00e9e : le num\u00e9ro de vol, la date, l&#8217;heure et le port d&#8217;arriv\u00e9e <strong>au moins une semaine avant leur arriv\u00e9e<\/strong> d\u00e8s qu&#8217;ils ach\u00e8tent des billets. Le repr\u00e9sentant de l&#8217;universit\u00e9 accueille l&#8217;\u00e9tudiant \u00e0 l&#8217;a\u00e9roport \u00e0 son arriv\u00e9e.<\/p>\n<h2>\u00c9TAPE 5: COMMENCER LES COURS<\/h2>\n<p>D\u00e8s que l&#8217;\u00e9tudiant arrive en Ukraine, le personnel de l&#8217;IEU termine le processus d&#8217;inscription en 1 \u00e0 3 jours ouvrables pour que les \u00e9tudiants puissent commencer les cours juste apr\u00e8s!<\/p>\n<p><strong><i>* Veuillez noter qu&#8217;il existe de l\u00e9g\u00e8res diff\u00e9rences dans le processus d&#8217;admission pour chaque pays, qui seront discut\u00e9es individuellement lors de l&#8217;admission de chaque \u00e9tudiant.<\/i><\/strong><\/p>\n","protected":false},"excerpt":{"rendered":"<p>\u00c9TAPE 1: ENVOYER LES DOCUMENTS D\u00e8s que les \u00e9tudiants re\u00e7oivent des informations compl\u00e8tes sur les frais de scolarit\u00e9 et les cours d&#8217;\u00e9tudes, ils sont libres de commencer leur processus d&#8217;admission. Les \u00e9tudiants peuvent envoyer les documents par e-mail ou remplir un formulaire de candidature en ligne sur le site Web de l&#8217;Universit\u00e9 Internationale Europ\u00e9enne. Les [&hellip;]<\/p>\n","protected":false},"author":1,"featured_media":3628,"parent":0,"menu_order":0,"comment_status":"closed","ping_status":"closed","template":"","meta":{"ngg_post_thumbnail":0,"footnotes":""},"class_list":["post-172","page","type-page","status-publish","has-post-thumbnail","hentry"],"acf":[],"yoast_head":"<!-- This site is optimized with the Yoast SEO plugin v20.8 - https:\/\/yoast.com\/wordpress\/plugins\/seo\/ -->\n<title>ADMISSION PROCESS OF INTERNATIONAL EUROPEAN UNIVERSITY | ADMISSION PROCESS IN EUROPE | ADMISSION PROCESS IN UKRAINE | UNIVERSITY IN EUROPE | ADMISSION PROCESS FOR UNIVERSITY IN UKRAINE | EDUCATION IN EUROPE<\/title>\n<meta name=\"robots\" content=\"index, follow, max-snippet:-1, max-image-preview:large, max-video-preview:-1\" \/>\n<link rel=\"canonical\" href=\"http:\/\/ieu.university\/it\/admission-process\/\" \/>\n<meta property=\"og:locale\" content=\"en_US\" \/>\n<meta property=\"og:type\" content=\"article\" \/>\n<meta property=\"og:title\" content=\"ADMISSION PROCESS OF INTERNATIONAL EUROPEAN UNIVERSITY | ADMISSION PROCESS IN EUROPE | ADMISSION PROCESS IN UKRAINE | UNIVERSITY IN EUROPE | ADMISSION PROCESS FOR UNIVERSITY IN UKRAINE | EDUCATION IN EUROPE\" \/>\n<meta property=\"og:description\" content=\"\u00c9TAPE 1: ENVOYER LES DOCUMENTS D\u00e8s que les \u00e9tudiants re\u00e7oivent des informations compl\u00e8tes sur les frais de scolarit\u00e9 et les cours d&#8217;\u00e9tudes, ils sont libres de commencer leur processus d&#8217;admission. Les \u00e9tudiants peuvent envoyer les documents par e-mail ou remplir un formulaire de candidature en ligne sur le site Web de l&#8217;Universit\u00e9 Internationale Europ\u00e9enne. Les [&hellip;]\" \/>\n<meta property=\"og:url\" content=\"http:\/\/ieu.university\/fr\/admission-process\/\" \/>\n<meta property=\"og:site_name\" content=\"INTERNATIONAL EUROPEAN UNIVERSITY, UKRAINE | EUROPE | STUDY IN UKRAINE | STUDY IN EUROPE | MBBS | GENERAL MEDICINE | BUSINESS | ENGINEERING | IT | EUROPE\" \/>\n<meta property=\"article:modified_time\" content=\"2025-01-06T09:33:15+00:00\" \/>\n<meta property=\"og:image\" content=\"http:\/\/ieu.university\/wp-content\/uploads\/2024\/07\/Admission-Process.png\" \/>\n\t<meta property=\"og:image:width\" content=\"1272\" \/>\n\t<meta property=\"og:image:height\" content=\"386\" \/>\n\t<meta property=\"og:image:type\" content=\"image\/png\" \/>\n<meta name=\"twitter:card\" content=\"summary_large_image\" \/>\n<meta name=\"twitter:label1\" content=\"Est. reading time\" \/>\n\t<meta name=\"twitter:data1\" content=\"2 minutes\" \/>\n<script type=\"application\/ld+json\" class=\"yoast-schema-graph\">{\"@context\":\"https:\/\/schema.org\",\"@graph\":[{\"@type\":\"WebPage\",\"@id\":\"http:\/\/ieu.university\/it\/admission-process\/\",\"url\":\"http:\/\/ieu.university\/it\/admission-process\/\",\"name\":\"ADMISSION PROCESS OF INTERNATIONAL EUROPEAN UNIVERSITY | ADMISSION PROCESS IN EUROPE | ADMISSION PROCESS IN UKRAINE | UNIVERSITY IN EUROPE | ADMISSION PROCESS FOR UNIVERSITY IN UKRAINE | EDUCATION IN EUROPE\",\"isPartOf\":{\"@id\":\"https:\/\/ieu.university\/#website\"},\"datePublished\":\"2022-09-23T12:57:26+00:00\",\"dateModified\":\"2025-01-06T09:33:15+00:00\",\"inLanguage\":\"en-US\",\"potentialAction\":[{\"@type\":\"ReadAction\",\"target\":[\"http:\/\/ieu.university\/it\/admission-process\/\"]}]},{\"@type\":\"WebSite\",\"@id\":\"https:\/\/ieu.university\/#website\",\"url\":\"https:\/\/ieu.university\/\",\"name\":\"INTERNATIONAL EUROPEAN UNIVERSITY, UKRAINE | EUROPE | STUDY IN UKRAINE | STUDY IN EUROPE | MBBS | GENERAL MEDICINE | BUSINESS | ENGINEERING | IT | EUROPE\",\"description\":\"INTERNATIONAL EUROPEAN UNIVERSITY, UKRAINE | EUROPE | STUDY IN UKRAINE | STUDY IN EUROPE | MBBS | GENERAL MEDICINE | BUSINESS | ENGINEERING | IT | EUROPE\",\"potentialAction\":[{\"@type\":\"SearchAction\",\"target\":{\"@type\":\"EntryPoint\",\"urlTemplate\":\"https:\/\/ieu.university\/?s={search_term_string}\"},\"query-input\":\"required name=search_term_string\"}],\"inLanguage\":\"en-US\"}]}<\/script>\n<!-- \/ Yoast SEO plugin. -->","yoast_head_json":{"title":"ADMISSION PROCESS OF INTERNATIONAL EUROPEAN UNIVERSITY | ADMISSION PROCESS IN EUROPE | ADMISSION PROCESS IN UKRAINE | UNIVERSITY IN EUROPE | ADMISSION PROCESS FOR UNIVERSITY IN UKRAINE | EDUCATION IN EUROPE","robots":{"index":"index","follow":"follow","max-snippet":"max-snippet:-1","max-image-preview":"max-image-preview:large","max-video-preview":"max-video-preview:-1"},"canonical":"http:\/\/ieu.university\/it\/admission-process\/","og_locale":"en_US","og_type":"article","og_title":"ADMISSION PROCESS OF INTERNATIONAL EUROPEAN UNIVERSITY | ADMISSION PROCESS IN EUROPE | ADMISSION PROCESS IN UKRAINE | UNIVERSITY IN EUROPE | ADMISSION PROCESS FOR UNIVERSITY IN UKRAINE | EDUCATION IN EUROPE","og_description":"\u00c9TAPE 1: ENVOYER LES DOCUMENTS D\u00e8s que les \u00e9tudiants re\u00e7oivent des informations compl\u00e8tes sur les frais de scolarit\u00e9 et les cours d&#8217;\u00e9tudes, ils sont libres de commencer leur processus d&#8217;admission. Les \u00e9tudiants peuvent envoyer les documents par e-mail ou remplir un formulaire de candidature en ligne sur le site Web de l&#8217;Universit\u00e9 Internationale Europ\u00e9enne. Les [&hellip;]","og_url":"http:\/\/ieu.university\/fr\/admission-process\/","og_site_name":"INTERNATIONAL EUROPEAN UNIVERSITY, UKRAINE | EUROPE | STUDY IN UKRAINE | STUDY IN EUROPE | MBBS | GENERAL MEDICINE | BUSINESS | ENGINEERING | IT | EUROPE","article_modified_time":"2025-01-06T09:33:15+00:00","og_image":[{"width":1272,"height":386,"url":"http:\/\/ieu.university\/wp-content\/uploads\/2024\/07\/Admission-Process.png","type":"image\/png"}],"twitter_card":"summary_large_image","twitter_misc":{"Est. reading time":"2 minutes"},"schema":{"@context":"https:\/\/schema.org","@graph":[{"@type":"WebPage","@id":"http:\/\/ieu.university\/it\/admission-process\/","url":"http:\/\/ieu.university\/it\/admission-process\/","name":"ADMISSION PROCESS OF INTERNATIONAL EUROPEAN UNIVERSITY | ADMISSION PROCESS IN EUROPE | ADMISSION PROCESS IN UKRAINE | UNIVERSITY IN EUROPE | ADMISSION PROCESS FOR UNIVERSITY IN UKRAINE | EDUCATION IN EUROPE","isPartOf":{"@id":"https:\/\/ieu.university\/#website"},"datePublished":"2022-09-23T12:57:26+00:00","dateModified":"2025-01-06T09:33:15+00:00","inLanguage":"en-US","potentialAction":[{"@type":"ReadAction","target":["http:\/\/ieu.university\/it\/admission-process\/"]}]},{"@type":"WebSite","@id":"https:\/\/ieu.university\/#website","url":"https:\/\/ieu.university\/","name":"INTERNATIONAL EUROPEAN UNIVERSITY, UKRAINE | EUROPE | STUDY IN UKRAINE | STUDY IN EUROPE | MBBS | GENERAL MEDICINE | BUSINESS | ENGINEERING | IT | EUROPE","description":"INTERNATIONAL EUROPEAN UNIVERSITY, UKRAINE | EUROPE | STUDY IN UKRAINE | STUDY IN EUROPE | MBBS | GENERAL MEDICINE | BUSINESS | ENGINEERING | IT | EUROPE","potentialAction":[{"@type":"SearchAction","target":{"@type":"EntryPoint","urlTemplate":"https:\/\/ieu.university\/?s={search_term_string}"},"query-input":"required name=search_term_string"}],"inLanguage":"en-US"}]}},"_links":{"self":[{"href":"http:\/\/ieu.university\/fr\/wp-json\/wp\/v2\/pages\/172","targetHints":{"allow":["GET"]}}],"collection":[{"href":"http:\/\/ieu.university\/fr\/wp-json\/wp\/v2\/pages"}],"about":[{"href":"http:\/\/ieu.university\/fr\/wp-json\/wp\/v2\/types\/page"}],"author":[{"embeddable":true,"href":"http:\/\/ieu.university\/fr\/wp-json\/wp\/v2\/users\/1"}],"replies":[{"embeddable":true,"href":"http:\/\/ieu.university\/fr\/wp-json\/wp\/v2\/comments?post=172"}],"version-history":[{"count":28,"href":"http:\/\/ieu.university\/fr\/wp-json\/wp\/v2\/pages\/172\/revisions"}],"predecessor-version":[{"id":4419,"href":"http:\/\/ieu.university\/fr\/wp-json\/wp\/v2\/pages\/172\/revisions\/4419"}],"wp:featuredmedia":[{"embeddable":true,"href":"http:\/\/ieu.university\/fr\/wp-json\/wp\/v2\/media\/3628"}],"wp:attachment":[{"href":"http:\/\/ieu.university\/fr\/wp-json\/wp\/v2\/media?parent=172"}],"curies":[{"name":"wp","href":"https:\/\/api.w.org\/{rel}","templated":true}]}}