{"id":174,"date":"2022-09-23T15:59:31","date_gmt":"2022-09-23T12:59:31","guid":{"rendered":"http:\/\/ieu.university\/?page_id=174"},"modified":"2025-10-27T13:38:12","modified_gmt":"2025-10-27T10:38:12","slug":"tuition-fees-campus","status":"publish","type":"page","link":"http:\/\/ieu.university\/fr\/tuition-fees-campus\/","title":{"rendered":"Frais de scolarit\u00e9"},"content":{"rendered":"<div class=\"info-block\">\n<div class=\" new-tuition\">\n<div id=\"medical\" class=\"none\">&nbsp;<\/div>\n<h2 class=\"info-submain-title\">\u00c9cole Europ\u00e9enne de M\u00e9decine<\/h2>\n<h3>Programmes de Degr\u00e9 en M\u00e9decine<\/h3>\n<p>*Veuillez noter que les frais de scolarit\u00e9 sont mentionn\u00e9s par ann\u00e9e<\/p>\n<div class=\"table-and-btn\">\n<table>\n<tbody>\n<tr>\n<th>Cours<\/th>\n<th>Dur\u00e9e<\/th>\n<th>Langue d&#8217;enseignement<\/th>\n<th>Frais de scolarit\u00e9 (USD)<\/th>\n<\/tr>\n<tr>\n<td>M\u00e9decine G\u00e9n\u00e9rale<\/td>\n<td>6 ans<\/td>\n<td>Anglais<\/td>\n<td>4 300<\/td>\n<\/tr>\n<tr>\n<td>Dentisterie<\/td>\n<td>5 ans<\/td>\n<td>Anglais<\/td>\n<td>4 300<\/td>\n<\/tr>\n<tr>\n<td>Pharmacie<\/td>\n<td>5 ans<\/td>\n<td>Anglais<\/td>\n<td>4 300<\/td>\n<\/tr>\n<tr>\n<td>Infirmier<\/td>\n<td>4 ans<\/td>\n<td>Anglais&nbsp;<\/td>\n<td>4 300<\/td>\n<\/tr>\n<tr>\n<td>Sciences de Laboratoire M\u00e9dical&nbsp;<\/td>\n<td>5 ans<\/td>\n<td>Anglais&nbsp;<\/td>\n<td>4 300<\/td>\n<\/tr>\n<tr>\n<td>Sant\u00e9 Publique<\/td>\n<td>4 ans<\/td>\n<td>Anglais&nbsp;<\/td>\n<td>4 300<\/td>\n<\/tr>\n<tr>\n<td>Biom\u00e9decine<\/td>\n<td>4 ans<\/td>\n<td>Anglais&nbsp;<\/td>\n<td>4 300<\/td>\n<\/tr>\n<tr>\n<td>Physioth\u00e9rapie<\/td>\n<td>4 ans<\/td>\n<td>Anglais&nbsp;<\/td>\n<td>4 300<\/td>\n<\/tr>\n<\/tbody>\n<\/table>\n<\/div>\n<h3>Autres D\u00e9penses<\/h3>\n<p>Assurance m\u00e9dicale: <strong>100 EUR<\/strong> par an (paiement unique, selon la dur\u00e9e de cours);<\/p>\n<p>Permis de s\u00e9jour temporaire et l\u2019examen m\u00e9dicale: <strong>200 EUR<\/strong> (paiement unique);<\/p>\n<p>H\u00e9bergement: <strong>1 200 EUR<\/strong> (par an) ;<\/p>\n<p>Frais administratifs, frais d\u2019admission, frais d\u2019inscription, frais d\u2019accueil \u00e0 l\u2019a\u00e9roport, frais d\u2019immigration, frais de soci\u00e9t\u00e9 interm\u00e9diaire, etc.: <strong>1 800 EUR<\/strong> UNIQUEMENT POUR LA PREMI\u00c8RE ANN\u00c9E.<\/p>\n<h3>Programmes M\u00e9dicaux Postuniversitaires<\/h3>\n<p>*Veuillez noter que les frais de scolarit\u00e9 sont mentionn\u00e9s par ann\u00e9e<\/p>\n<div class=\"table-and-btn\">\n<table>\n<tbody>\n<tr>\n<th>Cours<\/th>\n<th>Dur\u00e9e&nbsp;<\/th>\n<th>Langue d&#8217;enseignement<\/th>\n<th>Frais de scolarit\u00e9 (USD)<\/th>\n<\/tr>\n<tr>\n<td>Programmes de M\u00e9decine Postuniversitaires (diff\u00e9rentes sp\u00e9cialisations)<\/td>\n<td>1-3 ans<\/td>\n<td>Anglais&nbsp;<\/td>\n<td>6 500<\/td>\n<\/tr>\n<tr>\n<td>Master en Dentisterie<\/td>\n<td>2 ans<\/td>\n<td>Anglais&nbsp;<\/td>\n<td>6 500<\/td>\n<\/tr>\n<tr>\n<td>Master en Soins Infirmiers<\/td>\n<td>2 ans<\/td>\n<td>Anglais&nbsp;<\/td>\n<td>6 500<\/td>\n<\/tr>\n<tr>\n<td>Master en Pharmacie<\/td>\n<td>2 ans<\/td>\n<td>Anglais&nbsp;<\/td>\n<td>6 500<\/td>\n<\/tr>\n<tr>\n<td>Master en Sciences de Laboratoire M\u00e9dical<\/td>\n<td>2 ans<\/td>\n<td>Anglais&nbsp;<\/td>\n<td>6 500<\/td>\n<\/tr>\n<tr>\n<td>Master en Sant\u00e9 Publique<\/td>\n<td>2 ans<\/td>\n<td>Anglais&nbsp;<\/td>\n<td>6 500<\/td>\n<\/tr>\n<tr>\n<td>Master en Physioth\u00e9rapie<\/td>\n<td>2 ans<\/td>\n<td>Anglais<\/td>\n<td>6 500<\/td>\n<\/tr>\n<\/tbody>\n<\/table>\n<\/div>\n<h3>Autres D\u00e9penses<\/h3>\n<p>Assurance m\u00e9dicale: <strong>100 EUR<\/strong> par an (paiement unique, selon la dur\u00e9e de cours);<\/p>\n<p>Permis de s\u00e9jour temporaire et l\u2019examen m\u00e9dicale: <strong>200 EUR<\/strong> (paiement unique);<\/p>\n<p>H\u00e9bergement: <strong>1 200 EUR<\/strong> (par an) ;<\/p>\n<p>Frais administratifs, frais d\u2019admission, frais d\u2019inscription, frais d\u2019accueil \u00e0 l\u2019a\u00e9roport, frais d\u2019immigration, frais de soci\u00e9t\u00e9 interm\u00e9diaire, etc.: <strong>1 800 EUR<\/strong> UNIQUEMENT POUR LA PREMI\u00c8RE ANN\u00c9E.<\/p>\n<p>+ En cas de Master: Frais de certification et d&#8217;\u00e9galisation: <strong>1 000 EUR<\/strong> (paiement unique)<\/p>\n<div class=\" new-tuition\">\n<div id=\"business\" class=\"none\">&nbsp;<\/div>\n<h2 class=\"info-submain-title solo\">\u00c9cole Europ\u00e9enne de Commerce<\/h2>\n<p>*Veuillez noter que les frais de scolarit\u00e9 sont mentionn\u00e9s par ann\u00e9e<\/p>\n<div class=\"table-and-btn\">\n<table>\n<tbody>\n<tr>\n<th>Niveau d&#8217;\u00c9ducation<\/th>\n<th>Dur\u00e9e<\/th>\n<th>Langue d&#8217;enseignement<\/th>\n<th>Frais de scolarit\u00e9 (USD)<\/th>\n<\/tr>\n<tr>\n<td>Licence<\/td>\n<td>4 ans<\/td>\n<td>Anglais<\/td>\n<td>2 000<\/td>\n<\/tr>\n<tr>\n<td>Masters<\/td>\n<td>2 ans<\/td>\n<td>Anglais<\/td>\n<td>2 000<\/td>\n<\/tr>\n<\/tbody>\n<\/table>\n<\/div>\n<h3>Autres D\u00e9penses<\/h3>\n<p>Assurance m\u00e9dicale: <strong>100 EUR<\/strong> par an (paiement unique, selon la dur\u00e9e de cours);<\/p>\n<p>Permis de s\u00e9jour temporaire et l\u2019examen m\u00e9dicale: <strong>200 EUR<\/strong> (paiement unique);<\/p>\n<p>H\u00e9bergement: <strong>1 200 EUR<\/strong> (par an) ;<\/p>\n<p>Frais administratifs, frais d\u2019admission, frais d\u2019inscription, frais d\u2019accueil \u00e0 l\u2019a\u00e9roport, frais d\u2019immigration, frais de soci\u00e9t\u00e9 interm\u00e9diaire, etc.: <strong>1 800 EUR<\/strong> UNIQUEMENT POUR LA PREMI\u00c8RE ANN\u00c9E.<\/p>\n<p>+ En cas de Master: Frais de certification et d&#8217;\u00e9galisation: <strong>1 000 EUR<\/strong> (paiement unique)<\/p>\n<div class=\" new-tuition\">\n<div id=\"business\" class=\"none\">&nbsp;<\/div>\n<h2 class=\"info-submain-title solo\">\u00c9cole Europ\u00e9enne d\u2019Architecture et d\u2019Ing\u00e9nierie<\/h2>\n<p>*Veuillez noter que les frais de scolarit\u00e9 sont mentionn\u00e9s par ann\u00e9e<\/p>\n<div class=\"table-and-btn\">\n<table>\n<tbody>\n<tr>\n<th>Niveau d&#8217;\u00c9ducation<\/th>\n<th>Dur\u00e9e<\/th>\n<th>Langue d&#8217;enseignement<\/th>\n<th>Frais de scolarit\u00e9 (USD)<\/th>\n<\/tr>\n<tr>\n<td>Licence<\/td>\n<td>4 ans<\/td>\n<td>Anglais<\/td>\n<td>2 000<\/td>\n<\/tr>\n<tr>\n<td>Masters<\/td>\n<td>2 ans<\/td>\n<td>Anglais<\/td>\n<td>2 000<\/td>\n<\/tr>\n<\/tbody>\n<\/table>\n<\/div>\n<h3>Autres D\u00e9penses<\/h3>\n<p>Assurance m\u00e9dicale: <strong>100 EUR<\/strong> par an (paiement unique, selon la dur\u00e9e de cours);<\/p>\n<p>Permis de s\u00e9jour temporaire et l\u2019examen m\u00e9dicale: <strong>200 EUR<\/strong> (paiement unique);<\/p>\n<p>H\u00e9bergement: <strong>1 200 EUR<\/strong> (par an) ;<\/p>\n<p>Frais administratifs, frais d\u2019admission, frais d\u2019inscription, frais d\u2019accueil \u00e0 l\u2019a\u00e9roport, frais d\u2019immigration, frais de soci\u00e9t\u00e9 interm\u00e9diaire, etc.: <strong>1 800 EUR<\/strong> UNIQUEMENT POUR LA PREMI\u00c8RE ANN\u00c9E.<\/p>\n<p>+ En cas de Master: Frais de certification et d&#8217;\u00e9galisation: <strong>1 000 EUR<\/strong> (paiement unique)<\/p>\n<div class=\" new-tuition\">\n<div id=\"business\" class=\"none\">&nbsp;<\/div>\n<h2 class=\"info-submain-title solo\">\u00c9cole Europ\u00e9enne de Langues \/ D\u00e9partements pr\u00e9paratoires pr\u00e9-m\u00e9dicaux \/ pr\u00e9-ing\u00e9nierie<\/h2>\n<p>*Veuillez noter que les frais de scolarit\u00e9 sont mentionn\u00e9s par ann\u00e9e<\/p>\n<div class=\"table-and-btn\">\n<table>\n<tbody>\n<tr>\n<th>Niveau d&#8217;\u00c9ducation<\/th>\n<th>Dur\u00e9e<\/th>\n<th>Langue d&#8217;enseignement<\/th>\n<th>Frais de scolarit\u00e9 (USD)<\/th>\n<\/tr>\n<tr>\n<td>Cours pr\u00e9paratoire<\/td>\n<td>1 ann\u00e9e<\/td>\n<td>Anglais<\/td>\n<td>1 500<\/td>\n<\/tr>\n<\/tbody>\n<\/table>\n<\/div>\n<h3>Autres D\u00e9penses<\/h3>\n<p>Assurance m\u00e9dicale: <strong>100 EUR<\/strong> par an (paiement unique, selon la dur\u00e9e de cours);<\/p>\n<p>Permis de s\u00e9jour temporaire et l\u2019examen m\u00e9dicale: <strong>200 EUR<\/strong> (paiement unique);<\/p>\n<p>H\u00e9bergement: <strong>1 200 EUR<\/strong> (par an) ;<\/p>\n<p>Frais administratifs, frais d\u2019admission, frais d\u2019inscription, frais d\u2019accueil \u00e0 l\u2019a\u00e9roport, frais d\u2019immigration, frais de soci\u00e9t\u00e9 interm\u00e9diaire, etc.: <strong>1 800 EUR<\/strong> UNIQUEMENT POUR LA PREMI\u00c8RE ANN\u00c9E.<\/p>\n<p>+ En cas de Master: Frais de certification et d&#8217;\u00e9galisation: <strong>1 000 EUR<\/strong> (paiement unique)<\/p>\n<div class=\" new-tuition\">\n<div id=\"business\" class=\"none\">&nbsp;<\/div>\n<h2 class=\"info-submain-title solo\">\u00c9cole Europ\u00e9enne des Technologies de l\u2019Information<\/h2>\n<p>*Veuillez noter que les frais de scolarit\u00e9 sont mentionn\u00e9s par ann\u00e9e<\/p>\n<div class=\"table-and-btn\">\n<table>\n<tbody>\n<tr>\n<th>Niveau d&#8217;\u00c9ducation<\/th>\n<th>Dur\u00e9e<\/th>\n<th>Langue d&#8217;enseignement<\/th>\n<th>Frais de scolarit\u00e9 (USD)<\/th>\n<\/tr>\n<tr>\n<td>Licence<\/td>\n<td>4 ans<\/td>\n<td>Anglais<\/td>\n<td>2 000<\/td>\n<\/tr>\n<tr>\n<td>Masters<\/td>\n<td>2 ans<\/td>\n<td>Anglais<\/td>\n<td>2 000<\/td>\n<\/tr>\n<\/tbody>\n<\/table>\n<\/div>\n<h3>Autres D\u00e9penses<\/h3>\n<p>Assurance m\u00e9dicale: <strong>100 EUR<\/strong> par an (paiement unique, selon la dur\u00e9e de cours);<\/p>\n<p>Permis de s\u00e9jour temporaire et l\u2019examen m\u00e9dicale: <strong>200 EUR<\/strong> (paiement unique);<\/p>\n<p>H\u00e9bergement: <strong>1 200 EUR<\/strong> (par an) ;<\/p>\n<p>Frais administratifs, frais d\u2019admission, frais d\u2019inscription, frais d\u2019accueil \u00e0 l\u2019a\u00e9roport, frais d\u2019immigration, frais de soci\u00e9t\u00e9 interm\u00e9diaire, etc.: <strong>1 800 EUR<\/strong> UNIQUEMENT POUR LA PREMI\u00c8RE ANN\u00c9E.<\/p>\n<p>+ En cas de Master: Frais de certification et d&#8217;\u00e9galisation: <strong>1 000 EUR<\/strong> (paiement unique)<\/p>\n<div class=\" new-tuition\">\n<div id=\"business\" class=\"none\">&nbsp;<\/div>\n<h2 class=\"info-submain-title solo\">\u00c9cole Europ\u00e9enne de Droit<\/h2>\n<p>*Veuillez noter que les frais de scolarit\u00e9 sont mentionn\u00e9s par ann\u00e9e<\/p>\n<div class=\"table-and-btn\">\n<table>\n<tbody>\n<tr>\n<th>Niveau d&#8217;\u00c9ducation<\/th>\n<th>Dur\u00e9e<\/th>\n<th>Langue d&#8217;enseignement<\/th>\n<th>Frais de scolarit\u00e9 (USD)<\/th>\n<\/tr>\n<tr>\n<td>Licence<\/td>\n<td>4 ans<\/td>\n<td>Anglais<\/td>\n<td>2 000<\/td>\n<\/tr>\n<tr>\n<td>Masters<\/td>\n<td>2 ans<\/td>\n<td>Anglais<\/td>\n<td>2 000<\/td>\n<\/tr>\n<\/tbody>\n<\/table>\n<\/div>\n<h3>Autres D\u00e9penses<\/h3>\n<p>Assurance m\u00e9dicale: <strong>100 EUR<\/strong> par an (paiement unique, selon la dur\u00e9e de cours);<\/p>\n<p>Permis de s\u00e9jour temporaire et l\u2019examen m\u00e9dicale: <strong>200 EUR<\/strong> (paiement unique);<\/p>\n<p>H\u00e9bergement: <strong>1 200 EUR<\/strong> (par an) ;<\/p>\n<p>Frais administratifs, frais d\u2019admission, frais d\u2019inscription, frais d\u2019accueil \u00e0 l\u2019a\u00e9roport, frais d\u2019immigration, frais de soci\u00e9t\u00e9 interm\u00e9diaire, etc.: <strong>1 800 EUR<\/strong> UNIQUEMENT POUR LA PREMI\u00c8RE ANN\u00c9E.<\/p>\n<p>+ En cas de Master: Frais de certification et d&#8217;\u00e9galisation: <strong>1 000 EUR<\/strong> (paiement unique)<\/p>\n<div class=\" new-tuition\">\n<div id=\"business\" class=\"none\">&nbsp;<\/div>\n<h2 class=\"info-submain-title solo\">\u00c9cole Europ\u00e9enne des Sciences Humaines<\/h2>\n<p>*Veuillez noter que les frais de scolarit\u00e9 sont mentionn\u00e9s par ann\u00e9e<\/p>\n<div class=\"table-and-btn\">\n<table>\n<tbody>\n<tr>\n<th>Niveau d&#8217;\u00c9ducation<\/th>\n<th>Dur\u00e9e<\/th>\n<th>Langue d&#8217;enseignement<\/th>\n<th>Frais de scolarit\u00e9 (USD)<\/th>\n<\/tr>\n<tr>\n<td>Licence<\/td>\n<td>4 ans<\/td>\n<td>Anglais<\/td>\n<td>2 000<\/td>\n<\/tr>\n<tr>\n<td>Masters<\/td>\n<td>2 ans<\/td>\n<td>Anglais<\/td>\n<td>2 000<\/td>\n<\/tr>\n<\/tbody>\n<\/table>\n<\/div>\n<h3>Autres D\u00e9penses<\/h3>\n<p>Assurance m\u00e9dicale: <strong>100 EUR<\/strong> par an (paiement unique, selon la dur\u00e9e de cours);<\/p>\n<p>Permis de s\u00e9jour temporaire et l\u2019examen m\u00e9dicale: <strong>200 EUR<\/strong> (paiement unique);<\/p>\n<p>H\u00e9bergement: <strong>1 200 EUR<\/strong> (par an) ;<\/p>\n<p>Frais administratifs, frais d\u2019admission, frais d\u2019inscription, frais d\u2019accueil \u00e0 l\u2019a\u00e9roport, frais d\u2019immigration, frais de soci\u00e9t\u00e9 interm\u00e9diaire, etc.: <strong>1 800 EUR<\/strong> UNIQUEMENT POUR LA PREMI\u00c8RE ANN\u00c9E.<\/p>\n<p>+ En cas de Master: Frais de certification et d&#8217;\u00e9galisation: <strong>1 000 EUR<\/strong> (paiement unique)<\/p>\n<div class=\" new-tuition\">\n<div id=\"business\" class=\"none\">&nbsp;<\/div>\n<h2 class=\"info-submain-title solo\">\u00c9cole Europ\u00e9enne des Sciences de la Vie<\/h2>\n<p>*Veuillez noter que les frais de scolarit\u00e9 sont mentionn\u00e9s par ann\u00e9e<\/p>\n<div class=\"table-and-btn\">\n<table>\n<tbody>\n<tr>\n<th>Niveau d&#8217;\u00c9ducation<\/th>\n<th>Dur\u00e9e<\/th>\n<th>Langue d&#8217;enseignement<\/th>\n<th>Frais de scolarit\u00e9 (USD)<\/th>\n<\/tr>\n<tr>\n<td>Licence<\/td>\n<td>4 ans<\/td>\n<td>Anglais<\/td>\n<td>2 000<\/td>\n<\/tr>\n<tr>\n<td>Masters<\/td>\n<td>2 ans<\/td>\n<td>Anglais<\/td>\n<td>2 000<\/td>\n<\/tr>\n<\/tbody>\n<\/table>\n<\/div>\n<h3>Autres D\u00e9penses<\/h3>\n<p>Assurance m\u00e9dicale: <strong>100 EUR<\/strong> par an (paiement unique, selon la dur\u00e9e de cours);<\/p>\n<p>Permis de s\u00e9jour temporaire et l\u2019examen m\u00e9dicale: <strong>200 EUR<\/strong> (paiement unique);<\/p>\n<p>H\u00e9bergement: <strong>1 200 EUR<\/strong> (par an) ;<\/p>\n<p>Frais administratifs, frais d\u2019admission, frais d\u2019inscription, frais d\u2019accueil \u00e0 l\u2019a\u00e9roport, frais d\u2019immigration, frais de soci\u00e9t\u00e9 interm\u00e9diaire, etc.: <strong>1 800 EUR<\/strong> UNIQUEMENT POUR LA PREMI\u00c8RE ANN\u00c9E.<\/p>\n<p>+ En cas de Master: Frais de certification et d&#8217;\u00e9galisation: <strong>1 000 EUR<\/strong> (paiement unique)<\/p>\n<\/div>\n<\/div>\n","protected":false},"excerpt":{"rendered":"<p>&nbsp; \u00c9cole Europ\u00e9enne de M\u00e9decine Programmes de Degr\u00e9 en M\u00e9decine *Veuillez noter que les frais de scolarit\u00e9 sont mentionn\u00e9s par ann\u00e9e Cours Dur\u00e9e Langue d&#8217;enseignement Frais de scolarit\u00e9 (USD) M\u00e9decine G\u00e9n\u00e9rale 6 ans Anglais 4 300 Dentisterie 5 ans Anglais 4 300 Pharmacie 5 ans Anglais 4 300 Infirmier 4 ans Anglais&nbsp; 4 300 Sciences [&hellip;]<\/p>\n","protected":false},"author":1,"featured_media":2834,"parent":0,"menu_order":0,"comment_status":"closed","ping_status":"closed","template":"","meta":{"ngg_post_thumbnail":0,"footnotes":""},"class_list":["post-174","page","type-page","status-publish","has-post-thumbnail","hentry"],"acf":[],"yoast_head":"<!-- This site is optimized with the Yoast SEO plugin v20.8 - https:\/\/yoast.com\/wordpress\/plugins\/seo\/ -->\n<title>TUITION FEES IN IEU | TUITION FEES FOR EUROPEAN UNIVERSITY | UKRAINE UNIVERSITY TUITION FEES | INTERNATIONAL EUROPEAN UNIVERSITY TUITION FEES | AFFORDABLE EDUCATION IN EUROPE<\/title>\n<meta name=\"robots\" content=\"index, follow, max-snippet:-1, max-image-preview:large, max-video-preview:-1\" \/>\n<link rel=\"canonical\" href=\"http:\/\/ieu.university\/de\/tuition-fees-campus\/\" \/>\n<meta property=\"og:locale\" content=\"en_US\" \/>\n<meta property=\"og:type\" content=\"article\" \/>\n<meta property=\"og:title\" content=\"TUITION FEES IN IEU | TUITION FEES FOR EUROPEAN UNIVERSITY | UKRAINE UNIVERSITY TUITION FEES | INTERNATIONAL EUROPEAN UNIVERSITY TUITION FEES | AFFORDABLE EDUCATION IN EUROPE\" \/>\n<meta property=\"og:description\" content=\"&nbsp; \u00c9cole Europ\u00e9enne de M\u00e9decine Programmes de Degr\u00e9 en M\u00e9decine *Veuillez noter que les frais de scolarit\u00e9 sont mentionn\u00e9s par ann\u00e9e Cours Dur\u00e9e Langue d&#8217;enseignement Frais de scolarit\u00e9 (USD) M\u00e9decine G\u00e9n\u00e9rale 6 ans Anglais 4 300 Dentisterie 5 ans Anglais 4 300 Pharmacie 5 ans Anglais 4 300 Infirmier 4 ans Anglais&nbsp; 4 300 Sciences [&hellip;]\" \/>\n<meta property=\"og:url\" content=\"http:\/\/ieu.university\/fr\/tuition-fees-campus\/\" \/>\n<meta property=\"og:site_name\" content=\"INTERNATIONAL EUROPEAN UNIVERSITY, UKRAINE | EUROPE | STUDY IN UKRAINE | STUDY IN EUROPE | MBBS | GENERAL MEDICINE | BUSINESS | ENGINEERING | IT | EUROPE\" \/>\n<meta property=\"article:modified_time\" content=\"2025-10-27T10:38:12+00:00\" \/>\n<meta property=\"og:image\" content=\"http:\/\/ieu.university\/wp-content\/uploads\/2023\/08\/Tuition-Fees.png\" \/>\n\t<meta property=\"og:image:width\" content=\"2544\" \/>\n\t<meta property=\"og:image:height\" content=\"772\" \/>\n\t<meta property=\"og:image:type\" content=\"image\/png\" \/>\n<meta name=\"twitter:card\" content=\"summary_large_image\" \/>\n<meta name=\"twitter:label1\" content=\"Est. reading time\" \/>\n\t<meta name=\"twitter:data1\" content=\"5 minutes\" \/>\n<script type=\"application\/ld+json\" class=\"yoast-schema-graph\">{\"@context\":\"https:\/\/schema.org\",\"@graph\":[{\"@type\":\"WebPage\",\"@id\":\"http:\/\/ieu.university\/de\/tuition-fees-campus\/\",\"url\":\"http:\/\/ieu.university\/de\/tuition-fees-campus\/\",\"name\":\"TUITION FEES IN IEU | TUITION FEES FOR EUROPEAN UNIVERSITY | UKRAINE UNIVERSITY TUITION FEES | INTERNATIONAL EUROPEAN UNIVERSITY TUITION FEES | AFFORDABLE EDUCATION IN EUROPE\",\"isPartOf\":{\"@id\":\"https:\/\/ieu.university\/#website\"},\"datePublished\":\"2022-09-23T12:59:31+00:00\",\"dateModified\":\"2025-10-27T10:38:12+00:00\",\"inLanguage\":\"en-US\",\"potentialAction\":[{\"@type\":\"ReadAction\",\"target\":[\"http:\/\/ieu.university\/de\/tuition-fees-campus\/\"]}]},{\"@type\":\"WebSite\",\"@id\":\"https:\/\/ieu.university\/#website\",\"url\":\"https:\/\/ieu.university\/\",\"name\":\"INTERNATIONAL EUROPEAN UNIVERSITY, UKRAINE | EUROPE | STUDY IN UKRAINE | STUDY IN EUROPE | MBBS | GENERAL MEDICINE | BUSINESS | ENGINEERING | IT | EUROPE\",\"description\":\"INTERNATIONAL EUROPEAN UNIVERSITY, UKRAINE | EUROPE | STUDY IN UKRAINE | STUDY IN EUROPE | MBBS | GENERAL MEDICINE | BUSINESS | ENGINEERING | IT | EUROPE\",\"potentialAction\":[{\"@type\":\"SearchAction\",\"target\":{\"@type\":\"EntryPoint\",\"urlTemplate\":\"https:\/\/ieu.university\/?s={search_term_string}\"},\"query-input\":\"required name=search_term_string\"}],\"inLanguage\":\"en-US\"}]}<\/script>\n<!-- \/ Yoast SEO plugin. -->","yoast_head_json":{"title":"TUITION FEES IN IEU | TUITION FEES FOR EUROPEAN UNIVERSITY | UKRAINE UNIVERSITY TUITION FEES | INTERNATIONAL EUROPEAN UNIVERSITY TUITION FEES | AFFORDABLE EDUCATION IN EUROPE","robots":{"index":"index","follow":"follow","max-snippet":"max-snippet:-1","max-image-preview":"max-image-preview:large","max-video-preview":"max-video-preview:-1"},"canonical":"http:\/\/ieu.university\/de\/tuition-fees-campus\/","og_locale":"en_US","og_type":"article","og_title":"TUITION FEES IN IEU | TUITION FEES FOR EUROPEAN UNIVERSITY | UKRAINE UNIVERSITY TUITION FEES | INTERNATIONAL EUROPEAN UNIVERSITY TUITION FEES | AFFORDABLE EDUCATION IN EUROPE","og_description":"&nbsp; \u00c9cole Europ\u00e9enne de M\u00e9decine Programmes de Degr\u00e9 en M\u00e9decine *Veuillez noter que les frais de scolarit\u00e9 sont mentionn\u00e9s par ann\u00e9e Cours Dur\u00e9e Langue d&#8217;enseignement Frais de scolarit\u00e9 (USD) M\u00e9decine G\u00e9n\u00e9rale 6 ans Anglais 4 300 Dentisterie 5 ans Anglais 4 300 Pharmacie 5 ans Anglais 4 300 Infirmier 4 ans Anglais&nbsp; 4 300 Sciences [&hellip;]","og_url":"http:\/\/ieu.university\/fr\/tuition-fees-campus\/","og_site_name":"INTERNATIONAL EUROPEAN UNIVERSITY, UKRAINE | EUROPE | STUDY IN UKRAINE | STUDY IN EUROPE | MBBS | GENERAL MEDICINE | BUSINESS | ENGINEERING | IT | EUROPE","article_modified_time":"2025-10-27T10:38:12+00:00","og_image":[{"width":2544,"height":772,"url":"http:\/\/ieu.university\/wp-content\/uploads\/2023\/08\/Tuition-Fees.png","type":"image\/png"}],"twitter_card":"summary_large_image","twitter_misc":{"Est. reading time":"5 minutes"},"schema":{"@context":"https:\/\/schema.org","@graph":[{"@type":"WebPage","@id":"http:\/\/ieu.university\/de\/tuition-fees-campus\/","url":"http:\/\/ieu.university\/de\/tuition-fees-campus\/","name":"TUITION FEES IN IEU | TUITION FEES FOR EUROPEAN UNIVERSITY | UKRAINE UNIVERSITY TUITION FEES | INTERNATIONAL EUROPEAN UNIVERSITY TUITION FEES | AFFORDABLE EDUCATION IN EUROPE","isPartOf":{"@id":"https:\/\/ieu.university\/#website"},"datePublished":"2022-09-23T12:59:31+00:00","dateModified":"2025-10-27T10:38:12+00:00","inLanguage":"en-US","potentialAction":[{"@type":"ReadAction","target":["http:\/\/ieu.university\/de\/tuition-fees-campus\/"]}]},{"@type":"WebSite","@id":"https:\/\/ieu.university\/#website","url":"https:\/\/ieu.university\/","name":"INTERNATIONAL EUROPEAN UNIVERSITY, UKRAINE | EUROPE | STUDY IN UKRAINE | STUDY IN EUROPE | MBBS | GENERAL MEDICINE | BUSINESS | ENGINEERING | IT | EUROPE","description":"INTERNATIONAL EUROPEAN UNIVERSITY, UKRAINE | EUROPE | STUDY IN UKRAINE | STUDY IN EUROPE | MBBS | GENERAL MEDICINE | BUSINESS | ENGINEERING | IT | EUROPE","potentialAction":[{"@type":"SearchAction","target":{"@type":"EntryPoint","urlTemplate":"https:\/\/ieu.university\/?s={search_term_string}"},"query-input":"required name=search_term_string"}],"inLanguage":"en-US"}]}},"_links":{"self":[{"href":"http:\/\/ieu.university\/fr\/wp-json\/wp\/v2\/pages\/174","targetHints":{"allow":["GET"]}}],"collection":[{"href":"http:\/\/ieu.university\/fr\/wp-json\/wp\/v2\/pages"}],"about":[{"href":"http:\/\/ieu.university\/fr\/wp-json\/wp\/v2\/types\/page"}],"author":[{"embeddable":true,"href":"http:\/\/ieu.university\/fr\/wp-json\/wp\/v2\/users\/1"}],"replies":[{"embeddable":true,"href":"http:\/\/ieu.university\/fr\/wp-json\/wp\/v2\/comments?post=174"}],"version-history":[{"count":122,"href":"http:\/\/ieu.university\/fr\/wp-json\/wp\/v2\/pages\/174\/revisions"}],"predecessor-version":[{"id":4801,"href":"http:\/\/ieu.university\/fr\/wp-json\/wp\/v2\/pages\/174\/revisions\/4801"}],"wp:featuredmedia":[{"embeddable":true,"href":"http:\/\/ieu.university\/fr\/wp-json\/wp\/v2\/media\/2834"}],"wp:attachment":[{"href":"http:\/\/ieu.university\/fr\/wp-json\/wp\/v2\/media?parent=174"}],"curies":[{"name":"wp","href":"https:\/\/api.w.org\/{rel}","templated":true}]}}