{"id":1990,"date":"2023-01-03T13:36:12","date_gmt":"2023-01-03T10:36:12","guid":{"rendered":"https:\/\/ieu.university\/?page_id=1990"},"modified":"2025-01-06T12:34:11","modified_gmt":"2025-01-06T09:34:11","slug":"arrival-and-airport","status":"publish","type":"page","link":"http:\/\/ieu.university\/fr\/arrival-and-airport\/","title":{"rendered":"Arriv\u00e9e et Acceuil \u00e0 l&#8217;a\u00e9roport"},"content":{"rendered":"<h2>Arriv\u00e9e et Acceuil \u00e0 l&#8217;a\u00e9roport<\/h2>\n<p>Les \u00e9tudiants internationaux sont tenus de donner un <strong>pr\u00e9avis d\u2019une semaine<\/strong> avant leur arriv\u00e9e. Pour assurer une transition en douceur, le repr\u00e9sentant de l&#8217;IEU rencontrera les \u00e9tudiants \u00e0 l&#8217;a\u00e9roport et assurera le transport jusqu&#8217;\u00e0 leur logement et leur universit\u00e9. \u00c0 leur arriv\u00e9e en Ukraine, nous demandons aux \u00e9tudiants internationaux de pr\u00e9senter des documents complets et une preuve de paiement de l&#8217;int\u00e9gralit\u00e9 des frais de scolarit\u00e9 de premi\u00e8re ann\u00e9e, comme sp\u00e9cifi\u00e9 dans la lettre de confirmation d&#8217;admission. Le service d&#8217;admission aide les \u00e9tudiants \u00e0 parcourir le processus d&#8217;inscription, notamment \u00e0 remplir les conditions d&#8217;admission, \u00e0 s&#8217;inscrire dans les r\u00e9sidences universitaires, \u00e0 organiser les examens m\u00e9dicaux, \u00e0 prolonger les visas, \u00e0 s&#8217;inscrire aupr\u00e8s du service de l&#8217;immigration, \u00e0 l\u00e9galiser les documents, \u00e0 ouvrir des comptes bancaires locaux et \u00e0 obtenir des cartes SIM.<\/p>\n<p><strong>Ne passez pas le contr\u00f4le aux fronti\u00e8res sans le repr\u00e9sentant<\/strong> ! L\u2019IEU informe les autorit\u00e9s comp\u00e9tentes de l\u2019arriv\u00e9e de l\u2019\u00e9tudiant afin d\u2019\u00e9viter tout probl\u00e8me li\u00e9 \u00e0 l\u2019immigration. Lors du contr\u00f4le des passeports, le Service des Fronti\u00e8res v\u00e9rifiera que la personne rencontrant l&#8217;\u00e9tudiant correspond au repr\u00e9sentant autoris\u00e9 dans la lettre officielle. \u00c0 leur arriv\u00e9e en Ukraine, il est conseill\u00e9 aux \u00e9tudiants internationaux d&#8217;avoir suffisamment d&#8217;argent liquide en euros ou en USD. \u200b\u200bIl est impossible ou tr\u00e8s difficile de changer votre monnaie nationale ou m\u00eame d&#8217;utiliser vos cartes de cr\u00e9dit locales ici en Ukraine. Le repr\u00e9sentant de l&#8217;IEU aidera les \u00e9tudiants \u00e0<strong> ouvrir un compte bancaire dans une banque locale apr\u00e8s leur arriv\u00e9e. <\/strong>Les \u00e9tudiants peuvent commencer leurs cours dans le court laps de temps n\u00e9cessaire pour terminer le processus d&#8217;inscription apr\u00e8s leur arriv\u00e9e.<\/p>\n<h2>POUR LES PARENTS!<\/h2>\n<p>Veuillez INFORMER les \u00e9tudiants de <strong>conserver TOUS leurs documents et leur argent dans un bagage<\/strong> \u00e0 main sur une planche pour \u00e9viter leur perte pendant leur voyage en Ukraine. Il est essentiel d&#8217;apporter les documents originaux envoy\u00e9s par courrier \u00e9lectronique, notamment les passeports ou toute pi\u00e8ce d&#8217;identit\u00e9 disponible, les certificats scolaires, la Licence\/ le Master avec relev\u00e9s de notes (pour les \u00e9tudiants de troisi\u00e8me cycle), les formulaires de candidature remplis, un document prouvant le Master de l&#8217;anglais (pour les \u00e9tudiants de pays o\u00f9 l&#8217;anglais n&#8217;est pas une langue nationale), et une preuve de paiement de l&#8217;int\u00e9gralit\u00e9 des frais de scolarit\u00e9 de premi\u00e8re ann\u00e9e.<\/p>\n","protected":false},"excerpt":{"rendered":"<p>Arriv\u00e9e et Acceuil \u00e0 l&#8217;a\u00e9roport Les \u00e9tudiants internationaux sont tenus de donner un pr\u00e9avis d\u2019une semaine avant leur arriv\u00e9e. Pour assurer une transition en douceur, le repr\u00e9sentant de l&#8217;IEU rencontrera les \u00e9tudiants \u00e0 l&#8217;a\u00e9roport et assurera le transport jusqu&#8217;\u00e0 leur logement et leur universit\u00e9. \u00c0 leur arriv\u00e9e en Ukraine, nous demandons aux \u00e9tudiants internationaux de [&hellip;]<\/p>\n","protected":false},"author":1,"featured_media":3634,"parent":0,"menu_order":0,"comment_status":"closed","ping_status":"closed","template":"","meta":{"ngg_post_thumbnail":0,"footnotes":""},"class_list":["post-1990","page","type-page","status-publish","has-post-thumbnail","hentry"],"acf":[],"yoast_head":"<!-- This site is optimized with the Yoast SEO plugin v20.8 - https:\/\/yoast.com\/wordpress\/plugins\/seo\/ -->\n<title>ARRIVAL AND AIRPORT PICKUP AT INTERNATIONAL EUROPEAN UNIVERSITY | STUDENT&#039;S ARRIVAL TO UKRAINE | EDUCATION IN EUROPE | ARRIVAL TO UKRAINE | HOW TO GET TO UKRAINE | STUDY IN EUROPE<\/title>\n<meta name=\"robots\" content=\"index, follow, max-snippet:-1, max-image-preview:large, max-video-preview:-1\" \/>\n<link rel=\"canonical\" href=\"https:\/\/ieu.university\/de\/arrival-and-airport\/\" \/>\n<meta property=\"og:locale\" content=\"en_US\" \/>\n<meta property=\"og:type\" content=\"article\" \/>\n<meta property=\"og:title\" content=\"ARRIVAL AND AIRPORT PICKUP AT INTERNATIONAL EUROPEAN UNIVERSITY | STUDENT&#039;S ARRIVAL TO UKRAINE | EDUCATION IN EUROPE | ARRIVAL TO UKRAINE | HOW TO GET TO UKRAINE | STUDY IN EUROPE\" \/>\n<meta property=\"og:description\" content=\"Arriv\u00e9e et Acceuil \u00e0 l&#8217;a\u00e9roport Les \u00e9tudiants internationaux sont tenus de donner un pr\u00e9avis d\u2019une semaine avant leur arriv\u00e9e. Pour assurer une transition en douceur, le repr\u00e9sentant de l&#8217;IEU rencontrera les \u00e9tudiants \u00e0 l&#8217;a\u00e9roport et assurera le transport jusqu&#8217;\u00e0 leur logement et leur universit\u00e9. \u00c0 leur arriv\u00e9e en Ukraine, nous demandons aux \u00e9tudiants internationaux de [&hellip;]\" \/>\n<meta property=\"og:url\" content=\"http:\/\/ieu.university\/fr\/arrival-and-airport\/\" \/>\n<meta property=\"og:site_name\" content=\"INTERNATIONAL EUROPEAN UNIVERSITY, UKRAINE | EUROPE | STUDY IN UKRAINE | STUDY IN EUROPE | MBBS | GENERAL MEDICINE | BUSINESS | ENGINEERING | IT | EUROPE\" \/>\n<meta property=\"article:modified_time\" content=\"2025-01-06T09:34:11+00:00\" \/>\n<meta property=\"og:image\" content=\"https:\/\/ieu.university\/wp-content\/uploads\/2024\/07\/Arrival-and-Airport-Pickup.png\" \/>\n\t<meta property=\"og:image:width\" content=\"1272\" \/>\n\t<meta property=\"og:image:height\" content=\"386\" \/>\n\t<meta property=\"og:image:type\" content=\"image\/png\" \/>\n<meta name=\"twitter:card\" content=\"summary_large_image\" \/>\n<meta name=\"twitter:label1\" content=\"Est. reading time\" \/>\n\t<meta name=\"twitter:data1\" content=\"2 minutes\" \/>\n<script type=\"application\/ld+json\" class=\"yoast-schema-graph\">{\"@context\":\"https:\/\/schema.org\",\"@graph\":[{\"@type\":\"WebPage\",\"@id\":\"https:\/\/ieu.university\/de\/arrival-and-airport\/\",\"url\":\"https:\/\/ieu.university\/de\/arrival-and-airport\/\",\"name\":\"ARRIVAL AND AIRPORT PICKUP AT INTERNATIONAL EUROPEAN UNIVERSITY | STUDENT'S ARRIVAL TO UKRAINE | EDUCATION IN EUROPE | ARRIVAL TO UKRAINE | HOW TO GET TO UKRAINE | STUDY IN EUROPE\",\"isPartOf\":{\"@id\":\"http:\/\/ieu.university\/ru\/#website\"},\"datePublished\":\"2023-01-03T10:36:12+00:00\",\"dateModified\":\"2025-01-06T09:34:11+00:00\",\"inLanguage\":\"en-US\",\"potentialAction\":[{\"@type\":\"ReadAction\",\"target\":[\"https:\/\/ieu.university\/de\/arrival-and-airport\/\"]}]},{\"@type\":\"WebSite\",\"@id\":\"http:\/\/ieu.university\/ru\/#website\",\"url\":\"http:\/\/ieu.university\/ru\/\",\"name\":\"INTERNATIONAL EUROPEAN UNIVERSITY, UKRAINE | EUROPE | STUDY IN UKRAINE | STUDY IN EUROPE | MBBS | GENERAL MEDICINE | BUSINESS | ENGINEERING | IT | EUROPE\",\"description\":\"INTERNATIONAL EUROPEAN UNIVERSITY, UKRAINE | EUROPE | STUDY IN UKRAINE | STUDY IN EUROPE | MBBS | GENERAL MEDICINE | BUSINESS | ENGINEERING | IT | EUROPE\",\"potentialAction\":[{\"@type\":\"SearchAction\",\"target\":{\"@type\":\"EntryPoint\",\"urlTemplate\":\"http:\/\/ieu.university\/ru\/?s={search_term_string}\"},\"query-input\":\"required name=search_term_string\"}],\"inLanguage\":\"en-US\"}]}<\/script>\n<!-- \/ Yoast SEO plugin. -->","yoast_head_json":{"title":"ARRIVAL AND AIRPORT PICKUP AT INTERNATIONAL EUROPEAN UNIVERSITY | STUDENT'S ARRIVAL TO UKRAINE | EDUCATION IN EUROPE | ARRIVAL TO UKRAINE | HOW TO GET TO UKRAINE | STUDY IN EUROPE","robots":{"index":"index","follow":"follow","max-snippet":"max-snippet:-1","max-image-preview":"max-image-preview:large","max-video-preview":"max-video-preview:-1"},"canonical":"https:\/\/ieu.university\/de\/arrival-and-airport\/","og_locale":"en_US","og_type":"article","og_title":"ARRIVAL AND AIRPORT PICKUP AT INTERNATIONAL EUROPEAN UNIVERSITY | STUDENT'S ARRIVAL TO UKRAINE | EDUCATION IN EUROPE | ARRIVAL TO UKRAINE | HOW TO GET TO UKRAINE | STUDY IN EUROPE","og_description":"Arriv\u00e9e et Acceuil \u00e0 l&#8217;a\u00e9roport Les \u00e9tudiants internationaux sont tenus de donner un pr\u00e9avis d\u2019une semaine avant leur arriv\u00e9e. Pour assurer une transition en douceur, le repr\u00e9sentant de l&#8217;IEU rencontrera les \u00e9tudiants \u00e0 l&#8217;a\u00e9roport et assurera le transport jusqu&#8217;\u00e0 leur logement et leur universit\u00e9. \u00c0 leur arriv\u00e9e en Ukraine, nous demandons aux \u00e9tudiants internationaux de [&hellip;]","og_url":"http:\/\/ieu.university\/fr\/arrival-and-airport\/","og_site_name":"INTERNATIONAL EUROPEAN UNIVERSITY, UKRAINE | EUROPE | STUDY IN UKRAINE | STUDY IN EUROPE | MBBS | GENERAL MEDICINE | BUSINESS | ENGINEERING | IT | EUROPE","article_modified_time":"2025-01-06T09:34:11+00:00","og_image":[{"width":1272,"height":386,"url":"https:\/\/ieu.university\/wp-content\/uploads\/2024\/07\/Arrival-and-Airport-Pickup.png","type":"image\/png"}],"twitter_card":"summary_large_image","twitter_misc":{"Est. reading time":"2 minutes"},"schema":{"@context":"https:\/\/schema.org","@graph":[{"@type":"WebPage","@id":"https:\/\/ieu.university\/de\/arrival-and-airport\/","url":"https:\/\/ieu.university\/de\/arrival-and-airport\/","name":"ARRIVAL AND AIRPORT PICKUP AT INTERNATIONAL EUROPEAN UNIVERSITY | STUDENT'S ARRIVAL TO UKRAINE | EDUCATION IN EUROPE | ARRIVAL TO UKRAINE | HOW TO GET TO UKRAINE | STUDY IN EUROPE","isPartOf":{"@id":"http:\/\/ieu.university\/ru\/#website"},"datePublished":"2023-01-03T10:36:12+00:00","dateModified":"2025-01-06T09:34:11+00:00","inLanguage":"en-US","potentialAction":[{"@type":"ReadAction","target":["https:\/\/ieu.university\/de\/arrival-and-airport\/"]}]},{"@type":"WebSite","@id":"http:\/\/ieu.university\/ru\/#website","url":"http:\/\/ieu.university\/ru\/","name":"INTERNATIONAL EUROPEAN UNIVERSITY, UKRAINE | EUROPE | STUDY IN UKRAINE | STUDY IN EUROPE | MBBS | GENERAL MEDICINE | BUSINESS | ENGINEERING | IT | EUROPE","description":"INTERNATIONAL EUROPEAN UNIVERSITY, UKRAINE | EUROPE | STUDY IN UKRAINE | STUDY IN EUROPE | MBBS | GENERAL MEDICINE | BUSINESS | ENGINEERING | IT | EUROPE","potentialAction":[{"@type":"SearchAction","target":{"@type":"EntryPoint","urlTemplate":"http:\/\/ieu.university\/ru\/?s={search_term_string}"},"query-input":"required name=search_term_string"}],"inLanguage":"en-US"}]}},"_links":{"self":[{"href":"http:\/\/ieu.university\/fr\/wp-json\/wp\/v2\/pages\/1990","targetHints":{"allow":["GET"]}}],"collection":[{"href":"http:\/\/ieu.university\/fr\/wp-json\/wp\/v2\/pages"}],"about":[{"href":"http:\/\/ieu.university\/fr\/wp-json\/wp\/v2\/types\/page"}],"author":[{"embeddable":true,"href":"http:\/\/ieu.university\/fr\/wp-json\/wp\/v2\/users\/1"}],"replies":[{"embeddable":true,"href":"http:\/\/ieu.university\/fr\/wp-json\/wp\/v2\/comments?post=1990"}],"version-history":[{"count":26,"href":"http:\/\/ieu.university\/fr\/wp-json\/wp\/v2\/pages\/1990\/revisions"}],"predecessor-version":[{"id":4424,"href":"http:\/\/ieu.university\/fr\/wp-json\/wp\/v2\/pages\/1990\/revisions\/4424"}],"wp:featuredmedia":[{"embeddable":true,"href":"http:\/\/ieu.university\/fr\/wp-json\/wp\/v2\/media\/3634"}],"wp:attachment":[{"href":"http:\/\/ieu.university\/fr\/wp-json\/wp\/v2\/media?parent=1990"}],"curies":[{"name":"wp","href":"https:\/\/api.w.org\/{rel}","templated":true}]}}