{"id":2142,"date":"2023-04-07T15:15:06","date_gmt":"2023-04-07T12:15:06","guid":{"rendered":"https:\/\/ieu.university\/?page_id=2142"},"modified":"2025-10-27T13:41:55","modified_gmt":"2025-10-27T10:41:55","slug":"tuition-fees-online","status":"publish","type":"page","link":"http:\/\/ieu.university\/fr\/tuition-fees-online\/","title":{"rendered":"Frais de scolarit\u00e9 (en ligne)"},"content":{"rendered":"<div class=\"info-block\">\n<div class=\"info-block-other new-tuition\">\n<div id=\"medical\" class=\"none\">&nbsp;<\/div>\n<h2 class=\"info-submain-title\">\u00c9cole Europ\u00e9enne de M\u00e9decine<\/h2>\n<h3>*Veuillez noter que les frais de scolarit\u00e9 (EUR) sont indiqu\u00e9s par an<\/h3>\n<table>\n<tbody>\n<tr>\n<th class=\"first-cell\">Fili\u00e8re<\/th>\n<th class=\"first-second\">Dur\u00e9e<\/th>\n<th class=\"first-third\">Langue<\/th>\n<th class=\"first-fourth\">Frais de scolarit\u00e9 (USD)<\/th>\n<\/tr>\n<tr>\n<td>M\u00e9decine G\u00e9n\u00e9rale<\/td>\n<td>6 ans<\/td>\n<td>Anglais<\/td>\n<td>4 300<\/td>\n<\/tr>\n<tr>\n<td>Dentisterie<\/td>\n<td>5 ans<\/td>\n<td>Anglais<\/td>\n<td>4 300<\/td>\n<\/tr>\n<tr>\n<td>Pharmacie<\/td>\n<td>5 ans<\/td>\n<td>Anglais<\/td>\n<td>4 300<\/td>\n<\/tr>\n<tr>\n<td>Soins Infirmiers<\/td>\n<td>4 ans<\/td>\n<td>Anglais<\/td>\n<td>4 300<\/td>\n<\/tr>\n<tr>\n<td>Sciences de Laboratoire M\u00e9dical<\/td>\n<td>5 ans<\/td>\n<td>Anglais<\/td>\n<td>4 300<\/td>\n<\/tr>\n<tr>\n<td>Sant\u00e9 Publique<\/td>\n<td>4 ans<\/td>\n<td>Anglais<\/td>\n<td>4 300<\/td>\n<\/tr>\n<tr>\n<td>Biom\u00e9decine<\/td>\n<td>4 ans<\/td>\n<td>Anglais<\/td>\n<td>4 300<\/td>\n<\/tr>\n<tr>\n<td>Kin\u00e9sith\u00e9rapie<\/td>\n<td>4 ans<\/td>\n<td>Anglais<\/td>\n<td>4 300<\/td>\n<\/tr>\n<\/tbody>\n<\/table>\n<h3>Autres frais :<\/h3>\n<div class=\"expensess-info\">\n<p>Frais administratifs, frais d&#8217;admission, frais d&#8217;inscription, etc.: <strong>1 400 EUR<\/strong> (premi\u00e8re ann\u00e9e uniquement)<\/p>\n<p>+ En cas de Master: Frais de certification et d&#8217;\u00e9galisation: <strong>1 000 EUR<\/strong> (paiement unique)<\/p>\n<\/p><\/div>\n<\/p><\/div>\n<div class=\"info-block-other new-tuition\">\n<div id=\"business\" class=\"none\">&nbsp;<\/div>\n<h2 class=\"info-submain-title\">\u00c9cole Europ\u00e9enne de Commerce<\/h2>\n<h3>*Veuillez noter que les frais de scolarit\u00e9 (EUR) sont indiqu\u00e9s par an<\/h3>\n<table>\n<tbody>\n<tr>\n<th class=\"first-cell\">Niveau d\u2019\u00e9tudes<\/th>\n<th class=\"first-second\">Dur\u00e9e<\/th>\n<th class=\"first-third\">Langue<\/th>\n<th class=\"first-fourth\">Frais de scolarit\u00e9 (USD)<\/th>\n<\/tr>\n<tr>\n<td>Bachelor<\/td>\n<td>4 ans<\/td>\n<td>Anglais<\/td>\n<td>2 000<\/td>\n<\/tr>\n<tr>\n<td>Master<\/td>\n<td>2 ans<\/td>\n<td>Anglais<\/td>\n<td>2 000<\/td>\n<\/tr>\n<\/tbody>\n<\/table>\n<h3>Autres frais :<\/h3>\n<div class=\"expensess-info\">\n<p>Frais administratifs, frais d&#8217;admission, frais d&#8217;inscription, etc.: <strong>1 400 EUR<\/strong> (premi\u00e8re ann\u00e9e uniquement)<\/p>\n<p>+ En cas de Master: Frais de certification et d&#8217;\u00e9galisation: <strong>1 000 EUR<\/strong> (paiement unique)<\/p>\n<\/p><\/div>\n<\/p><\/div>\n<div class=\"info-block-other new-tuition\">\n<div id=\"architect\" class=\"none\">&nbsp;<\/div>\n<h2 class=\"info-submain-title\">\u00c9cole Europ\u00e9enne d\u2019Architecture et d\u2019Ing\u00e9nierie<\/h2>\n<h3>*Veuillez noter que les frais de scolarit\u00e9 (EUR) sont indiqu\u00e9s par an<\/h3>\n<table>\n<tbody>\n<tr>\n<th class=\"first-cell\">Niveau d\u2019\u00e9tudes<\/th>\n<th class=\"first-second\">Dur\u00e9e<\/th>\n<th class=\"first-third\">Langue<\/th>\n<th class=\"first-fourth\">Frais de scolarit\u00e9 (USD)<\/th>\n<\/tr>\n<tr>\n<td>Bachelor<\/td>\n<td>4 ans<\/td>\n<td>Anglais<\/td>\n<td>2 000<\/td>\n<\/tr>\n<tr>\n<td>Master<\/td>\n<td>2 ans<\/td>\n<td>Anglais<\/td>\n<td>2 000<\/td>\n<\/tr>\n<\/tbody>\n<\/table>\n<h3>Autres frais :<\/h3>\n<div class=\"expensess-info\">\n<p>Frais administratifs, frais d&#8217;admission, frais d&#8217;inscription, etc.: <strong>1 400 EUR<\/strong> (premi\u00e8re ann\u00e9e uniquement)<\/p>\n<p>+ En cas de Master: Frais de certification et d&#8217;\u00e9galisation: <strong>1 000 EUR<\/strong> (paiement unique)<\/p>\n<\/p><\/div>\n<\/div>\n<div class=\"info-block-other new-tuition\">\n<div id=\"language\" class=\"none\">&nbsp;<\/div>\n<h2 class=\"info-submain-title\">\u00c9cole Europ\u00e9enne de Langues \/ D\u00e9partements Pr\u00e9-m\u00e9dical \/ Pr\u00e9-ing\u00e9nierie<\/h2>\n<h3>*Veuillez noter que les frais de scolarit\u00e9 sont indiqu\u00e9s par an<\/h3>\n<table>\n<tbody>\n<tr>\n<th class=\"first-cell\">Niveau d\u2019\u00e9tudes<\/th>\n<th class=\"first-second\">Dur\u00e9e<\/th>\n<th class=\"first-third\">Langue<\/th>\n<th class=\"first-fourth\">Frais de scolarit\u00e9 (USD)<\/th>\n<\/tr>\n<tr>\n<td>Niveau d&#8217;\u00e9ducation pr\u00e9paratoire<\/td>\n<td>1 an<\/td>\n<td>Anglais<\/td>\n<td>1 500<\/td>\n<\/tr>\n<\/tbody>\n<\/table>\n<h3>Autres frais :<\/h3>\n<div class=\"expensess-info\">\n<p>Frais administratifs, frais d&#8217;admission, frais d&#8217;inscription, etc.: <strong>1 400 EUR<\/strong> (premi\u00e8re ann\u00e9e uniquement)<\/p>\n<p>+ En cas de Master: Frais de certification et d&#8217;\u00e9galisation: <strong>1 000 EUR<\/strong> (paiement unique)<\/p>\n<\/p><\/div>\n<\/div>\n<div class=\"info-block-other new-tuition\">\n<div id=\"it\" class=\"none\">&nbsp;<\/div>\n<h2 class=\"info-submain-title\">\u00c9cole Europ\u00e9enne d\u2019Informatique<\/h2>\n<h3>*Veuillez noter que les frais de scolarit\u00e9 sont indiqu\u00e9s par an<\/h3>\n<table>\n<tbody>\n<tr>\n<th class=\"first-cell\">Niveau d\u2019\u00e9tudes<\/th>\n<th class=\"first-second\">Dur\u00e9e<\/th>\n<th class=\"first-third\">Langue<\/th>\n<th class=\"first-fourth\">Frais de scolarit\u00e9 (USD)<\/th>\n<\/tr>\n<tr>\n<td>Bachelor<\/td>\n<td>4 ans<\/td>\n<td>Anglais<\/td>\n<td>2 000<\/td>\n<\/tr>\n<tr>\n<td>Master<\/td>\n<td>2 ans<\/td>\n<td>Anglais<\/td>\n<td>2 000<\/td>\n<\/tr>\n<\/tbody>\n<\/table>\n<h3>Autres frais :<\/h3>\n<div class=\"expensess-info\">\n<p>Frais administratifs, frais d&#8217;admission, frais d&#8217;inscription, etc.: <strong>1 400 EUR<\/strong> (premi\u00e8re ann\u00e9e uniquement)<\/p>\n<p>+ En cas de Master: Frais de certification et d&#8217;\u00e9galisation: <strong>1 000 EUR<\/strong> (paiement unique)<\/p>\n<\/p><\/div>\n<\/div>\n<div class=\"info-block-other new-tuition\">\n<div id=\"law\" class=\"none\">&nbsp;<\/div>\n<h2 class=\"info-submain-title\">\u00c9cole Europ\u00e9enne de Droit<\/h2>\n<h3>*Veuillez noter que les frais de scolarit\u00e9 sont indiqu\u00e9s par an<\/h3>\n<table>\n<tbody>\n<tr>\n<th class=\"first-cell\">Niveau d\u2019\u00e9tudes<\/th>\n<th class=\"first-second\">Dur\u00e9e<\/th>\n<th class=\"first-third\">Langue<\/th>\n<th class=\"first-fourth\">Frais de scolarit\u00e9 (USD)<\/th>\n<\/tr>\n<tr>\n<td>Bachelor<\/td>\n<td>4 ans<\/td>\n<td>Anglais<\/td>\n<td>2 000<\/td>\n<\/tr>\n<tr>\n<td>Master<\/td>\n<td>2 ans<\/td>\n<td>Anglais<\/td>\n<td>2 000<\/td>\n<\/tr>\n<\/tbody>\n<\/table>\n<h3>Autres frais :<\/h3>\n<div class=\"expensess-info\">\n<p>Frais administratifs, frais d&#8217;admission, frais d&#8217;inscription, etc.: <strong>1 400 EUR<\/strong> (premi\u00e8re ann\u00e9e uniquement)<\/p>\n<p>+ En cas de Master: Frais de certification et d&#8217;\u00e9galisation: <strong>1 000 EUR<\/strong> (paiement unique)<\/p>\n<\/p><\/div>\n<\/div>\n<div class=\"info-block-other new-tuition\">\n<div id=\"humanities\" class=\"none\">&nbsp;<\/div>\n<h2 class=\"info-submain-title\">\u00c9cole Europ\u00e9enne des Sciences Humaines<\/h2>\n<h3>*Veuillez noter que les frais de scolarit\u00e9 sont indiqu\u00e9s par an<\/h3>\n<table>\n<tbody>\n<tr>\n<th class=\"first-cell\">Niveau d\u2019\u00e9tudes<\/th>\n<th class=\"first-second\">Dur\u00e9e<\/th>\n<th class=\"first-third\">Langue<\/th>\n<th class=\"first-fourth\">Frais de scolarit\u00e9 (USD)<\/th>\n<\/tr>\n<tr>\n<td>Bachelor<\/td>\n<td>4 ans<\/td>\n<td>Anglais<\/td>\n<td>2 000<\/td>\n<\/tr>\n<tr>\n<td>Master<\/td>\n<td>2 ans<\/td>\n<td>Anglais<\/td>\n<td>2 000<\/td>\n<\/tr>\n<\/tbody>\n<\/table>\n<h3>Autres frais :<\/h3>\n<div class=\"expensess-info\">\n<p>Frais administratifs, frais d&#8217;admission, frais d&#8217;inscription, etc.: <strong>1 400 EUR<\/strong> (premi\u00e8re ann\u00e9e uniquement)<\/p>\n<p>+ En cas de Master: Frais de certification et d&#8217;\u00e9galisation: <strong>1 000 EUR<\/strong> (paiement unique)<\/p>\n<\/p><\/div>\n<\/div>\n<div class=\"info-block-other new-tuition\">\n<div id=\"science\" class=\"none\">&nbsp;<\/div>\n<h2 class=\"info-submain-title\">\u00c9cole Europ\u00e9enne des Sciences de la Vie<\/h2>\n<h3>*Veuillez noter que les frais de scolarit\u00e9 sont indiqu\u00e9s par an<\/h3>\n<table>\n<tbody>\n<tr>\n<th class=\"first-cell\">Niveau d\u2019\u00e9tudes<\/th>\n<th class=\"first-second\">Dur\u00e9e<\/th>\n<th class=\"first-third\">Langue<\/th>\n<th class=\"first-fourth\">Frais de scolarit\u00e9 (USD)<\/th>\n<\/tr>\n<tr>\n<td>Bachelor<\/td>\n<td>4 ans<\/td>\n<td>Anglais<\/td>\n<td>2 000<\/td>\n<\/tr>\n<tr>\n<td>Master<\/td>\n<td>2 ans<\/td>\n<td>Anglais<\/td>\n<td>2 000<\/td>\n<\/tr>\n<\/tbody>\n<\/table>\n<h3>Autres frais :<\/h3>\n<div class=\"expensess-info\">\n<p>Frais administratifs, frais d&#8217;admission, frais d&#8217;inscription, etc.: <strong>1 400 EUR<\/strong> (premi\u00e8re ann\u00e9e uniquement)<\/p>\n<p>+ En cas de Master: Frais de certification et d&#8217;\u00e9galisation: <strong>1 000 EUR<\/strong> (paiement unique)<\/p>\n<\/p><\/div>\n<\/div>\n<\/div>\n","protected":false},"excerpt":{"rendered":"<p>&nbsp; \u00c9cole Europ\u00e9enne de M\u00e9decine *Veuillez noter que les frais de scolarit\u00e9 (EUR) sont indiqu\u00e9s par an Fili\u00e8re Dur\u00e9e Langue Frais de scolarit\u00e9 (USD) M\u00e9decine G\u00e9n\u00e9rale 6 ans Anglais 4 300 Dentisterie 5 ans Anglais 4 300 Pharmacie 5 ans Anglais 4 300 Soins Infirmiers 4 ans Anglais 4 300 Sciences de Laboratoire M\u00e9dical 5 [&hellip;]<\/p>\n","protected":false},"author":1,"featured_media":2834,"parent":0,"menu_order":0,"comment_status":"closed","ping_status":"closed","template":"","meta":{"ngg_post_thumbnail":0,"footnotes":""},"class_list":["post-2142","page","type-page","status-publish","has-post-thumbnail","hentry"],"acf":[],"yoast_head":"<!-- This site is optimized with the Yoast SEO plugin v20.8 - https:\/\/yoast.com\/wordpress\/plugins\/seo\/ -->\n<title>ONLINE TUITION FEES IN IEU | INTERNATIONAL EUROPEAN UNIVERSITY TUITION FEES | EUROPEAN UNIVERSITIES&#039; TUITION FEES | TUITION FEES FOR EUROPEAN UNIVERSITY | AFFORDABLE EDUCATION IN EUROPE | HIGH-QUALITY AFFORDABLE EDUCATION<\/title>\n<meta name=\"robots\" content=\"index, follow, max-snippet:-1, max-image-preview:large, max-video-preview:-1\" \/>\n<link rel=\"canonical\" href=\"http:\/\/ieu.university\/fr\/tuition-fees-online\/\" \/>\n<meta property=\"og:locale\" content=\"en_US\" \/>\n<meta property=\"og:type\" content=\"article\" \/>\n<meta property=\"og:title\" content=\"ONLINE TUITION FEES IN IEU | INTERNATIONAL EUROPEAN UNIVERSITY TUITION FEES | EUROPEAN UNIVERSITIES&#039; TUITION FEES | TUITION FEES FOR EUROPEAN UNIVERSITY | AFFORDABLE EDUCATION IN EUROPE | HIGH-QUALITY AFFORDABLE EDUCATION\" \/>\n<meta property=\"og:description\" content=\"&nbsp; \u00c9cole Europ\u00e9enne de M\u00e9decine *Veuillez noter que les frais de scolarit\u00e9 (EUR) sont indiqu\u00e9s par an Fili\u00e8re Dur\u00e9e Langue Frais de scolarit\u00e9 (USD) M\u00e9decine G\u00e9n\u00e9rale 6 ans Anglais 4 300 Dentisterie 5 ans Anglais 4 300 Pharmacie 5 ans Anglais 4 300 Soins Infirmiers 4 ans Anglais 4 300 Sciences de Laboratoire M\u00e9dical 5 [&hellip;]\" \/>\n<meta property=\"og:url\" content=\"http:\/\/ieu.university\/fr\/tuition-fees-online\/\" \/>\n<meta property=\"og:site_name\" content=\"INTERNATIONAL EUROPEAN UNIVERSITY, UKRAINE | EUROPE | STUDY IN UKRAINE | STUDY IN EUROPE | MBBS | GENERAL MEDICINE | BUSINESS | ENGINEERING | IT | EUROPE\" \/>\n<meta property=\"article:modified_time\" content=\"2025-10-27T10:41:55+00:00\" \/>\n<meta property=\"og:image\" content=\"http:\/\/ieu.university\/wp-content\/uploads\/2023\/08\/Tuition-Fees.png\" \/>\n\t<meta property=\"og:image:width\" content=\"2544\" \/>\n\t<meta property=\"og:image:height\" content=\"772\" \/>\n\t<meta property=\"og:image:type\" content=\"image\/png\" \/>\n<meta name=\"twitter:card\" content=\"summary_large_image\" \/>\n<meta name=\"twitter:label1\" content=\"Est. reading time\" \/>\n\t<meta name=\"twitter:data1\" content=\"3 minutes\" \/>\n<script type=\"application\/ld+json\" class=\"yoast-schema-graph\">{\"@context\":\"https:\/\/schema.org\",\"@graph\":[{\"@type\":\"WebPage\",\"@id\":\"http:\/\/ieu.university\/fr\/tuition-fees-online\/\",\"url\":\"http:\/\/ieu.university\/fr\/tuition-fees-online\/\",\"name\":\"ONLINE TUITION FEES IN IEU | INTERNATIONAL EUROPEAN UNIVERSITY TUITION FEES | EUROPEAN UNIVERSITIES' TUITION FEES | TUITION FEES FOR EUROPEAN UNIVERSITY | AFFORDABLE EDUCATION IN EUROPE | HIGH-QUALITY AFFORDABLE EDUCATION\",\"isPartOf\":{\"@id\":\"https:\/\/ieu.university\/#website\"},\"datePublished\":\"2023-04-07T12:15:06+00:00\",\"dateModified\":\"2025-10-27T10:41:55+00:00\",\"inLanguage\":\"en-US\",\"potentialAction\":[{\"@type\":\"ReadAction\",\"target\":[\"http:\/\/ieu.university\/fr\/tuition-fees-online\/\"]}]},{\"@type\":\"WebSite\",\"@id\":\"https:\/\/ieu.university\/#website\",\"url\":\"https:\/\/ieu.university\/\",\"name\":\"INTERNATIONAL EUROPEAN UNIVERSITY, UKRAINE | EUROPE | STUDY IN UKRAINE | STUDY IN EUROPE | MBBS | GENERAL MEDICINE | BUSINESS | ENGINEERING | IT | EUROPE\",\"description\":\"INTERNATIONAL EUROPEAN UNIVERSITY, UKRAINE | EUROPE | STUDY IN UKRAINE | STUDY IN EUROPE | MBBS | GENERAL MEDICINE | BUSINESS | ENGINEERING | IT | EUROPE\",\"potentialAction\":[{\"@type\":\"SearchAction\",\"target\":{\"@type\":\"EntryPoint\",\"urlTemplate\":\"https:\/\/ieu.university\/?s={search_term_string}\"},\"query-input\":\"required name=search_term_string\"}],\"inLanguage\":\"en-US\"}]}<\/script>\n<!-- \/ Yoast SEO plugin. -->","yoast_head_json":{"title":"ONLINE TUITION FEES IN IEU | INTERNATIONAL EUROPEAN UNIVERSITY TUITION FEES | EUROPEAN UNIVERSITIES' TUITION FEES | TUITION FEES FOR EUROPEAN UNIVERSITY | AFFORDABLE EDUCATION IN EUROPE | HIGH-QUALITY AFFORDABLE EDUCATION","robots":{"index":"index","follow":"follow","max-snippet":"max-snippet:-1","max-image-preview":"max-image-preview:large","max-video-preview":"max-video-preview:-1"},"canonical":"http:\/\/ieu.university\/fr\/tuition-fees-online\/","og_locale":"en_US","og_type":"article","og_title":"ONLINE TUITION FEES IN IEU | INTERNATIONAL EUROPEAN UNIVERSITY TUITION FEES | EUROPEAN UNIVERSITIES' TUITION FEES | TUITION FEES FOR EUROPEAN UNIVERSITY | AFFORDABLE EDUCATION IN EUROPE | HIGH-QUALITY AFFORDABLE EDUCATION","og_description":"&nbsp; \u00c9cole Europ\u00e9enne de M\u00e9decine *Veuillez noter que les frais de scolarit\u00e9 (EUR) sont indiqu\u00e9s par an Fili\u00e8re Dur\u00e9e Langue Frais de scolarit\u00e9 (USD) M\u00e9decine G\u00e9n\u00e9rale 6 ans Anglais 4 300 Dentisterie 5 ans Anglais 4 300 Pharmacie 5 ans Anglais 4 300 Soins Infirmiers 4 ans Anglais 4 300 Sciences de Laboratoire M\u00e9dical 5 [&hellip;]","og_url":"http:\/\/ieu.university\/fr\/tuition-fees-online\/","og_site_name":"INTERNATIONAL EUROPEAN UNIVERSITY, UKRAINE | EUROPE | STUDY IN UKRAINE | STUDY IN EUROPE | MBBS | GENERAL MEDICINE | BUSINESS | ENGINEERING | IT | EUROPE","article_modified_time":"2025-10-27T10:41:55+00:00","og_image":[{"width":2544,"height":772,"url":"http:\/\/ieu.university\/wp-content\/uploads\/2023\/08\/Tuition-Fees.png","type":"image\/png"}],"twitter_card":"summary_large_image","twitter_misc":{"Est. reading time":"3 minutes"},"schema":{"@context":"https:\/\/schema.org","@graph":[{"@type":"WebPage","@id":"http:\/\/ieu.university\/fr\/tuition-fees-online\/","url":"http:\/\/ieu.university\/fr\/tuition-fees-online\/","name":"ONLINE TUITION FEES IN IEU | INTERNATIONAL EUROPEAN UNIVERSITY TUITION FEES | EUROPEAN UNIVERSITIES' TUITION FEES | TUITION FEES FOR EUROPEAN UNIVERSITY | AFFORDABLE EDUCATION IN EUROPE | HIGH-QUALITY AFFORDABLE EDUCATION","isPartOf":{"@id":"https:\/\/ieu.university\/#website"},"datePublished":"2023-04-07T12:15:06+00:00","dateModified":"2025-10-27T10:41:55+00:00","inLanguage":"en-US","potentialAction":[{"@type":"ReadAction","target":["http:\/\/ieu.university\/fr\/tuition-fees-online\/"]}]},{"@type":"WebSite","@id":"https:\/\/ieu.university\/#website","url":"https:\/\/ieu.university\/","name":"INTERNATIONAL EUROPEAN UNIVERSITY, UKRAINE | EUROPE | STUDY IN UKRAINE | STUDY IN EUROPE | MBBS | GENERAL MEDICINE | BUSINESS | ENGINEERING | IT | EUROPE","description":"INTERNATIONAL EUROPEAN UNIVERSITY, UKRAINE | EUROPE | STUDY IN UKRAINE | STUDY IN EUROPE | MBBS | GENERAL MEDICINE | BUSINESS | ENGINEERING | IT | EUROPE","potentialAction":[{"@type":"SearchAction","target":{"@type":"EntryPoint","urlTemplate":"https:\/\/ieu.university\/?s={search_term_string}"},"query-input":"required name=search_term_string"}],"inLanguage":"en-US"}]}},"_links":{"self":[{"href":"http:\/\/ieu.university\/fr\/wp-json\/wp\/v2\/pages\/2142","targetHints":{"allow":["GET"]}}],"collection":[{"href":"http:\/\/ieu.university\/fr\/wp-json\/wp\/v2\/pages"}],"about":[{"href":"http:\/\/ieu.university\/fr\/wp-json\/wp\/v2\/types\/page"}],"author":[{"embeddable":true,"href":"http:\/\/ieu.university\/fr\/wp-json\/wp\/v2\/users\/1"}],"replies":[{"embeddable":true,"href":"http:\/\/ieu.university\/fr\/wp-json\/wp\/v2\/comments?post=2142"}],"version-history":[{"count":138,"href":"http:\/\/ieu.university\/fr\/wp-json\/wp\/v2\/pages\/2142\/revisions"}],"predecessor-version":[{"id":4807,"href":"http:\/\/ieu.university\/fr\/wp-json\/wp\/v2\/pages\/2142\/revisions\/4807"}],"wp:featuredmedia":[{"embeddable":true,"href":"http:\/\/ieu.university\/fr\/wp-json\/wp\/v2\/media\/2834"}],"wp:attachment":[{"href":"http:\/\/ieu.university\/fr\/wp-json\/wp\/v2\/media?parent=2142"}],"curies":[{"name":"wp","href":"https:\/\/api.w.org\/{rel}","templated":true}]}}