{"id":217,"date":"2022-09-23T17:02:10","date_gmt":"2022-09-23T14:02:10","guid":{"rendered":"http:\/\/ieu.university\/?page_id=217"},"modified":"2025-05-26T13:02:36","modified_gmt":"2025-05-26T10:02:36","slug":"hostel-and-accommodation","status":"publish","type":"page","link":"http:\/\/ieu.university\/fr\/hostel-and-accommodation\/","title":{"rendered":"H\u00e9bergement et auberge"},"content":{"rendered":"<h2>Auberge pour \u00e9tudiants<\/h2>\n<p><strong>L\u2019auberge \u00e9tudiante de l&#8217;Universit\u00e9 Internationale Europ\u00e9enne<\/strong> est destin\u00e9e \u00e0 accueillir les \u00e9tudiants pendant la p\u00e9riode d&#8217;\u00e9tudes. L&#8217;auberge est situ\u00e9e \u00e0 proximit\u00e9 de l&#8217;Universit\u00e9 Internationale Europ\u00e9enne, dans un magnifique parc, vous pourrez donc vous rendre \u00e0 vos cours sans aucun probl\u00e8me. C&#8217;est un endroit agr\u00e9able pour d\u00e9tendre l&#8217;esprit et prendre une bouff\u00e9e d&#8217;air frais pendant votre temps libre. L&#8217;infrastructure du quartier est d\u00e9velopp\u00e9e, et juste \u00e0 c\u00f4t\u00e9 de l&#8217;auberge de l&#8217;Universit\u00e9 Internationale Europ\u00e9enne, se trouve <strong>une \u00e9picerie avec tout ce qui peut r\u00e9pondre aux besoins quotidiens des \u00e9tudiants.<\/strong><\/p>\n<p>L&#8217;\u00e9tat de l&#8217;auberge correspond aux <strong>R\u00e8gles et Normes Sanitaires en vigueur <\/strong>: des locaux sanitaires, techniques et domestiques sont pr\u00e9vus pour le bon fonctionnement de l&#8217;auberge. Il y a aussi une cuisine \u00e9quip\u00e9e de cuisini\u00e8res \u00e0 gaz \u00e0 chaque \u00e9tage. Le type d&#8217;am\u00e9nagement des dortoirs est en blocs : chaque bloc dispose de toilettes et d&#8217;un cabinet de toilette. L\u2019acc\u00e8s aux gestes d\u2019hygi\u00e8ne est donc gratuit m\u00eame le matin. Chaque chambre dispose <strong>de lits, d&#8217;armoires, de tables et de chaises<\/strong> ; chaque lit est \u00e9quip\u00e9 d<strong>&#8216;un oreiller, d&#8217;une couverture et d&#8217;un ensemble de linge <\/strong>(chang\u00e9 deux fois par mois).<\/p>\n<p>Les dortoirs de l&#8217;auberge de l&#8217;Universit\u00e9 Internationale Europ\u00e9enne sont enti\u00e8rement r\u00e9nov\u00e9s et peuvent accueillir 2 \u00e0 3 \u00e9tudiants dans une chambre. Chaque personne a suffisamment d\u2019intimit\u00e9 et de communication sinc\u00e8re. Les \u00e9tudiants peuvent utiliser <strong>une salle de lecture spacieuse.<\/strong> Si vous souhaitez vous d\u00e9tendre en bonne compagnie, bienvenue dans la zone lounge. Vous pouvez utiliser des machines \u00e0 laver et Internet haut d\u00e9bit illimit\u00e9 dans l\u2019auberge de l\u2019Universit\u00e9 Internationale Europ\u00e9enne. Sur le territoire de l&#8217;auberge, vous pouvez vous sentir en s\u00e9curit\u00e9 &#8211; <strong>le Campus Universitaire dispose d&#8217;un syst\u00e8me de s\u00e9curit\u00e9 24h\/24 et 7j\/7<\/strong>, d&#8217;un syst\u00e8me de pass (tourniquet) et d&#8217;une vid\u00e9osurveillance. Le territoire de l&#8217;Universit\u00e9 et les principaux itin\u00e9raires des \u00e9tudiants depuis les foyers jusqu&#8217;aux b\u00e2timents d&#8217;enseignement sont prot\u00e9g\u00e9s et patrouill\u00e9s par des agents du service de garde.<\/p>\n<p><strong>Les b\u00e2timents et les chambres du campus <\/strong>de l\u2019Universit\u00e9 Internationale Europ\u00e9enne <strong>sont enti\u00e8rement accessibles aux \u00e9tudiants.<\/strong> Toutes les chambres de l&#8217;auberge sont enti\u00e8rement meubl\u00e9es et varient en taille et en nombre de commodit\u00e9s. Toutes les chambres sont \u00e9quip\u00e9es de lits, matelas, oreillers, couvertures, bureaux, chaises, radiateurs, chauffe-eau et d&#8217;un \u00e9clairage adapt\u00e9 \u00e0 l&#8217;\u00e9tude et \u00e0 la d\u00e9tente. Il existe des espaces communs o\u00f9 les \u00e9tudiants peuvent jouer et se m\u00ealer. A l&#8217;arriv\u00e9e des \u00e9tudiants sur le Campus de l&#8217;Universit\u00e9 Internationale Europ\u00e9enne, des logements sp\u00e9cifiques sont attribu\u00e9s \u00e0 chaque \u00e9tudiant et chacun sera h\u00e9berg\u00e9 dans la chambre qui lui est attribu\u00e9e.<\/p>\n<p><strong>Un logement hors campus<\/strong> peut \u00eatre obtenu dans des appartements \u00e0 proximit\u00e9. Les appartements et maisons disponibles sont meubl\u00e9s et varient en taille, en co\u00fbt et en nombre de commodit\u00e9s. Dans l&#8217;auberge de l&#8217;Universit\u00e9 Internationale Europ\u00e9enne, chaque chambre est rattach\u00e9e \u00e0 la cuisine, ce qui permet aux \u00e9tudiants de cuisiner des plats \u00e0 leur go\u00fbt. Les \u00e9tudiants peuvent choisir entre <strong>des plats faits maison, des plats pr\u00e9par\u00e9s en \u00e9picerie ou des plats de restaurant.<\/strong> Ils ont la possibilit\u00e9 d&#8217;acheter des repas dans diff\u00e9rents points de vente \u00e0 Kyiv. Toutes les chambres sont \u00e9quip\u00e9es de radiateurs. Nos auberges disposent d&#8217;un acc\u00e8s 24 heures sur 24 aux services de s\u00e9curit\u00e9 et d&#8217;urgence, ce qui vous permet d&#8217;obtenir facilement de l&#8217;aide lorsque vous en avez besoin. En tant que r\u00e9sident du campus, vous avez \u00e9galement acc\u00e8s \u00e0 tous les services de soutien de l&#8217;Universit\u00e9 Internationale Europ\u00e9enne, tels que les services de s\u00e9curit\u00e9 du campus, <strong>les services de conseil et les services de sant\u00e9.<\/strong><\/p>\n<h2>Location d&#8217;appartement<\/h2>\n<p><strong>Vivre dans des appartements dans des villes comme Kyiv <\/strong>peut \u00eatre plus cher que dans une auberge pour \u00e9tudiants de l&#8217;Universit\u00e9 Internationale Europ\u00e9enne, mais cela offre \u00e9galement une plus grande ind\u00e9pendance et responsabilit\u00e9. Kyiv offre une gamme vari\u00e9e d&#8217;h\u00e9bergements, des immeubles modernes \u00e0 plusieurs logements aux maisons historiques, r\u00e9pondant \u00e0 <strong>diff\u00e9rentes pr\u00e9f\u00e9rences et budgets.<\/strong> Lorsqu\u2019ils choisissent de vivre en appartement, les \u00e9tudiants disposent de plusieurs possibilit\u00e9s pour trouver un logement adapt\u00e9. Les journaux locaux, les panneaux d&#8217;affichage et les agences de location annoncent fr\u00e9quemment des appartements vacants. Il offre aux \u00e9tudiants des options allant du studio aux unit\u00e9s plus grandes adapt\u00e9es au partage entre amis ou colocataires.<\/p>\n<p>La budg\u00e9tisation devient cruciale lorsqu&#8217;on envisage un appartement, car les \u00e9tudiants doivent <strong>g\u00e9rer les d\u00e9penses telles que le loyer, les services publics, l&#8217;\u00e9picerie et le transport.<\/strong> Une planification minutieuse garantit que les ressources financi\u00e8res sont allou\u00e9es efficacement pour couvrir tous les frais de subsistance. Choisir de r\u00e9sider dans un appartement offre des avantages distincts, notamment l&#8217;intimit\u00e9, la possibilit\u00e9 de <strong>cr\u00e9er un espace de vie personnalis\u00e9<\/strong> et <strong>la flexibilit\u00e9 d&#8217;accueillir des invit\u00e9s ou d&#8217;\u00e9tudier sans les contraintes d&#8217;un dortoir.<\/strong> Cependant, cela oblige \u00e9galement les \u00e9tudiants \u00e0 assumer des responsabilit\u00e9s telles que l&#8217;entretien de la propri\u00e9t\u00e9, le paiement des factures \u00e0 temps et le respect des r\u00e9glementations locales.<\/p>\n<h2>\u0421out de la vie<\/h2>\n<p>Une vie confortable \u00e0 Kyiv n\u00e9cessite de pr\u00e9voir environ <strong>300 $ par mois<\/strong> pour les frais de subsistance, au-del\u00e0 des frais de scolarit\u00e9. Le co\u00fbt de la vie \u00e0 Kyiv est <strong>g\u00e9n\u00e9ralement inf\u00e9rieur \u00e0 celui de nombreuses autres villes europ\u00e9ennes<\/strong>, bien que le montant puisse varier en fonction du mode de vie de chaque \u00e9tudiant. Tous les \u00e9tudiants de l&#8217;Universit\u00e9 europ\u00e9enne internationale peuvent recevoir des conseils de conseillers financiers sur la meilleure fa\u00e7on de g\u00e9rer leur argent. Il est important de noter que vous devez disposer d&#8217;un peu d&#8217;argent liquide pour les frais imm\u00e9diats (par exemple les frais d&#8217;a\u00e9roport ou de transport). Les \u00e9tudiants internationaux peuvent trouver des bureaux d&#8217;\u00e9change partout en Ukraine.<\/p>\n<p>Pour des raisons de s\u00e9curit\u00e9, il est <strong>d\u00e9conseill\u00e9 de transporter de grosses sommes d&#8217;argent liquide ou de laisser de l&#8217;argent sans surveillance dans votre logement<\/strong>. Tous les \u00e9tudiants doivent ouvrir un compte bancaire peu apr\u00e8s leur arriv\u00e9e. Il existe 4 banques avec des succursales \u00e0 proximit\u00e9 du campus de l&#8217;Universit\u00e9 internationale europ\u00e9enne et des distributeurs automatiques sont disponibles 24h\/24 et 7j\/7 pour les retraits d&#8217;esp\u00e8ces. Pour transf\u00e9rer des sommes d\u2019argent importantes, les virements \u00e9lectroniques constituent la m\u00e9thode la plus efficace. Des options comme <strong>Western Union et MoneyGram<\/strong> facilitent \u00e9galement les paiements internationaux. Cependant, les ch\u00e8ques \u00e9trangers connaissent des retards de compensation et ne sont g\u00e9n\u00e9ralement pas recommand\u00e9s pour les transactions financi\u00e8res en Ukraine.<\/p>\n","protected":false},"excerpt":{"rendered":"<p>Auberge pour \u00e9tudiants L\u2019auberge \u00e9tudiante de l&#8217;Universit\u00e9 Internationale Europ\u00e9enne est destin\u00e9e \u00e0 accueillir les \u00e9tudiants pendant la p\u00e9riode d&#8217;\u00e9tudes. L&#8217;auberge est situ\u00e9e \u00e0 proximit\u00e9 de l&#8217;Universit\u00e9 Internationale Europ\u00e9enne, dans un magnifique parc, vous pourrez donc vous rendre \u00e0 vos cours sans aucun probl\u00e8me. C&#8217;est un endroit agr\u00e9able pour d\u00e9tendre l&#8217;esprit et prendre une bouff\u00e9e d&#8217;air [&hellip;]<\/p>\n","protected":false},"author":1,"featured_media":494,"parent":0,"menu_order":0,"comment_status":"closed","ping_status":"closed","template":"","meta":{"ngg_post_thumbnail":0,"footnotes":""},"class_list":["post-217","page","type-page","status-publish","has-post-thumbnail","hentry"],"acf":[],"yoast_head":"<!-- This site is optimized with the Yoast SEO plugin v20.8 - https:\/\/yoast.com\/wordpress\/plugins\/seo\/ -->\n<title>AUBERGE D&#039;\u00c9TUDIANTS EN UKRAINE | DORTOIR \u00c9TUDIANT EN UKRAINE | \u00c9TUDIER EN UKRAINE | ENSEIGNEMENT SUP\u00c9RIEUR | AUBERGE UNIVERSITAIRE INTERNATIONALE EUROP\u00c9ENNE<\/title>\n<meta name=\"robots\" content=\"index, follow, max-snippet:-1, max-image-preview:large, max-video-preview:-1\" \/>\n<link rel=\"canonical\" href=\"http:\/\/ieu.university\/fr\/hostel-and-accommodation\/\" \/>\n<meta property=\"og:locale\" content=\"en_US\" \/>\n<meta property=\"og:type\" content=\"article\" \/>\n<meta property=\"og:title\" content=\"AUBERGE D&#039;\u00c9TUDIANTS EN UKRAINE | DORTOIR \u00c9TUDIANT EN UKRAINE | \u00c9TUDIER EN UKRAINE | ENSEIGNEMENT SUP\u00c9RIEUR | AUBERGE UNIVERSITAIRE INTERNATIONALE EUROP\u00c9ENNE\" \/>\n<meta property=\"og:description\" content=\"Auberge pour \u00e9tudiants L\u2019auberge \u00e9tudiante de l&#8217;Universit\u00e9 Internationale Europ\u00e9enne est destin\u00e9e \u00e0 accueillir les \u00e9tudiants pendant la p\u00e9riode d&#8217;\u00e9tudes. L&#8217;auberge est situ\u00e9e \u00e0 proximit\u00e9 de l&#8217;Universit\u00e9 Internationale Europ\u00e9enne, dans un magnifique parc, vous pourrez donc vous rendre \u00e0 vos cours sans aucun probl\u00e8me. C&#8217;est un endroit agr\u00e9able pour d\u00e9tendre l&#8217;esprit et prendre une bouff\u00e9e d&#8217;air [&hellip;]\" \/>\n<meta property=\"og:url\" content=\"http:\/\/ieu.university\/fr\/hostel-and-accommodation\/\" \/>\n<meta property=\"og:site_name\" content=\"INTERNATIONAL EUROPEAN UNIVERSITY, UKRAINE | EUROPE | STUDY IN UKRAINE | STUDY IN EUROPE | MBBS | GENERAL MEDICINE | BUSINESS | ENGINEERING | IT | EUROPE\" \/>\n<meta property=\"article:modified_time\" content=\"2025-05-26T10:02:36+00:00\" \/>\n<meta property=\"og:image\" content=\"http:\/\/ieu.university\/wp-content\/uploads\/2022\/09\/Accommodation-Hostel-1.png\" \/>\n\t<meta property=\"og:image:width\" content=\"1272\" \/>\n\t<meta property=\"og:image:height\" content=\"386\" \/>\n\t<meta property=\"og:image:type\" content=\"image\/png\" \/>\n<meta name=\"twitter:card\" content=\"summary_large_image\" \/>\n<meta name=\"twitter:label1\" content=\"Est. reading time\" \/>\n\t<meta name=\"twitter:data1\" content=\"5 minutes\" \/>\n<script type=\"application\/ld+json\" class=\"yoast-schema-graph\">{\"@context\":\"https:\/\/schema.org\",\"@graph\":[{\"@type\":\"WebPage\",\"@id\":\"http:\/\/ieu.university\/fr\/hostel-and-accommodation\/\",\"url\":\"http:\/\/ieu.university\/fr\/hostel-and-accommodation\/\",\"name\":\"AUBERGE D'\u00c9TUDIANTS EN UKRAINE | DORTOIR \u00c9TUDIANT EN UKRAINE | \u00c9TUDIER EN UKRAINE | ENSEIGNEMENT SUP\u00c9RIEUR | AUBERGE UNIVERSITAIRE INTERNATIONALE EUROP\u00c9ENNE\",\"isPartOf\":{\"@id\":\"https:\/\/ieu.university\/#website\"},\"datePublished\":\"2022-09-23T14:02:10+00:00\",\"dateModified\":\"2025-05-26T10:02:36+00:00\",\"inLanguage\":\"en-US\",\"potentialAction\":[{\"@type\":\"ReadAction\",\"target\":[\"http:\/\/ieu.university\/fr\/hostel-and-accommodation\/\"]}]},{\"@type\":\"WebSite\",\"@id\":\"https:\/\/ieu.university\/#website\",\"url\":\"https:\/\/ieu.university\/\",\"name\":\"INTERNATIONAL EUROPEAN UNIVERSITY, UKRAINE | EUROPE | STUDY IN UKRAINE | STUDY IN EUROPE | MBBS | GENERAL MEDICINE | BUSINESS | ENGINEERING | IT | EUROPE\",\"description\":\"INTERNATIONAL EUROPEAN UNIVERSITY, UKRAINE | EUROPE | STUDY IN UKRAINE | STUDY IN EUROPE | MBBS | GENERAL MEDICINE | BUSINESS | ENGINEERING | IT | EUROPE\",\"potentialAction\":[{\"@type\":\"SearchAction\",\"target\":{\"@type\":\"EntryPoint\",\"urlTemplate\":\"https:\/\/ieu.university\/?s={search_term_string}\"},\"query-input\":\"required name=search_term_string\"}],\"inLanguage\":\"en-US\"}]}<\/script>\n<!-- \/ Yoast SEO plugin. -->","yoast_head_json":{"title":"AUBERGE D'\u00c9TUDIANTS EN UKRAINE | DORTOIR \u00c9TUDIANT EN UKRAINE | \u00c9TUDIER EN UKRAINE | ENSEIGNEMENT SUP\u00c9RIEUR | AUBERGE UNIVERSITAIRE INTERNATIONALE EUROP\u00c9ENNE","robots":{"index":"index","follow":"follow","max-snippet":"max-snippet:-1","max-image-preview":"max-image-preview:large","max-video-preview":"max-video-preview:-1"},"canonical":"http:\/\/ieu.university\/fr\/hostel-and-accommodation\/","og_locale":"en_US","og_type":"article","og_title":"AUBERGE D'\u00c9TUDIANTS EN UKRAINE | DORTOIR \u00c9TUDIANT EN UKRAINE | \u00c9TUDIER EN UKRAINE | ENSEIGNEMENT SUP\u00c9RIEUR | AUBERGE UNIVERSITAIRE INTERNATIONALE EUROP\u00c9ENNE","og_description":"Auberge pour \u00e9tudiants L\u2019auberge \u00e9tudiante de l&#8217;Universit\u00e9 Internationale Europ\u00e9enne est destin\u00e9e \u00e0 accueillir les \u00e9tudiants pendant la p\u00e9riode d&#8217;\u00e9tudes. L&#8217;auberge est situ\u00e9e \u00e0 proximit\u00e9 de l&#8217;Universit\u00e9 Internationale Europ\u00e9enne, dans un magnifique parc, vous pourrez donc vous rendre \u00e0 vos cours sans aucun probl\u00e8me. C&#8217;est un endroit agr\u00e9able pour d\u00e9tendre l&#8217;esprit et prendre une bouff\u00e9e d&#8217;air [&hellip;]","og_url":"http:\/\/ieu.university\/fr\/hostel-and-accommodation\/","og_site_name":"INTERNATIONAL EUROPEAN UNIVERSITY, UKRAINE | EUROPE | STUDY IN UKRAINE | STUDY IN EUROPE | MBBS | GENERAL MEDICINE | BUSINESS | ENGINEERING | IT | EUROPE","article_modified_time":"2025-05-26T10:02:36+00:00","og_image":[{"width":1272,"height":386,"url":"http:\/\/ieu.university\/wp-content\/uploads\/2022\/09\/Accommodation-Hostel-1.png","type":"image\/png"}],"twitter_card":"summary_large_image","twitter_misc":{"Est. reading time":"5 minutes"},"schema":{"@context":"https:\/\/schema.org","@graph":[{"@type":"WebPage","@id":"http:\/\/ieu.university\/fr\/hostel-and-accommodation\/","url":"http:\/\/ieu.university\/fr\/hostel-and-accommodation\/","name":"AUBERGE D'\u00c9TUDIANTS EN UKRAINE | DORTOIR \u00c9TUDIANT EN UKRAINE | \u00c9TUDIER EN UKRAINE | ENSEIGNEMENT SUP\u00c9RIEUR | AUBERGE UNIVERSITAIRE INTERNATIONALE EUROP\u00c9ENNE","isPartOf":{"@id":"https:\/\/ieu.university\/#website"},"datePublished":"2022-09-23T14:02:10+00:00","dateModified":"2025-05-26T10:02:36+00:00","inLanguage":"en-US","potentialAction":[{"@type":"ReadAction","target":["http:\/\/ieu.university\/fr\/hostel-and-accommodation\/"]}]},{"@type":"WebSite","@id":"https:\/\/ieu.university\/#website","url":"https:\/\/ieu.university\/","name":"INTERNATIONAL EUROPEAN UNIVERSITY, UKRAINE | EUROPE | STUDY IN UKRAINE | STUDY IN EUROPE | MBBS | GENERAL MEDICINE | BUSINESS | ENGINEERING | IT | EUROPE","description":"INTERNATIONAL EUROPEAN UNIVERSITY, UKRAINE | EUROPE | STUDY IN UKRAINE | STUDY IN EUROPE | MBBS | GENERAL MEDICINE | BUSINESS | ENGINEERING | IT | EUROPE","potentialAction":[{"@type":"SearchAction","target":{"@type":"EntryPoint","urlTemplate":"https:\/\/ieu.university\/?s={search_term_string}"},"query-input":"required name=search_term_string"}],"inLanguage":"en-US"}]}},"_links":{"self":[{"href":"http:\/\/ieu.university\/fr\/wp-json\/wp\/v2\/pages\/217","targetHints":{"allow":["GET"]}}],"collection":[{"href":"http:\/\/ieu.university\/fr\/wp-json\/wp\/v2\/pages"}],"about":[{"href":"http:\/\/ieu.university\/fr\/wp-json\/wp\/v2\/types\/page"}],"author":[{"embeddable":true,"href":"http:\/\/ieu.university\/fr\/wp-json\/wp\/v2\/users\/1"}],"replies":[{"embeddable":true,"href":"http:\/\/ieu.university\/fr\/wp-json\/wp\/v2\/comments?post=217"}],"version-history":[{"count":23,"href":"http:\/\/ieu.university\/fr\/wp-json\/wp\/v2\/pages\/217\/revisions"}],"predecessor-version":[{"id":4693,"href":"http:\/\/ieu.university\/fr\/wp-json\/wp\/v2\/pages\/217\/revisions\/4693"}],"wp:featuredmedia":[{"embeddable":true,"href":"http:\/\/ieu.university\/fr\/wp-json\/wp\/v2\/media\/494"}],"wp:attachment":[{"href":"http:\/\/ieu.university\/fr\/wp-json\/wp\/v2\/media?parent=217"}],"curies":[{"name":"wp","href":"https:\/\/api.w.org\/{rel}","templated":true}]}}