{"id":239,"date":"2022-09-23T17:28:51","date_gmt":"2022-09-23T14:28:51","guid":{"rendered":"http:\/\/ieu.university\/?page_id=239"},"modified":"2025-09-24T13:53:02","modified_gmt":"2025-09-24T10:53:02","slug":"overseas-representatives","status":"publish","type":"page","link":"http:\/\/ieu.university\/fr\/overseas-representatives\/","title":{"rendered":"Repr\u00e9sentants \u00e0 l&#8217;\u00e9tranger"},"content":{"rendered":"<div class=\"info-block\">\n<h1 class=\"title\">L&#8217;IEU accueille des repr\u00e9sentants du monde entier<\/h1>\n<h3 class=\"info-h3 small-margin\">Pour la coop\u00e9ration:<\/h3>\n<ul class=\"normal-list\">\n<li>E-mail:<span class=\"info-bold\">agents@ieu.com.ua<\/span><\/li>\n<li>Num\u00e9ro de t\u00e9l\u00e9phone\/WhatsApp:<span class=\"info-bold\">+380 93 211 4397<\/span><\/li>\n<\/ul>\n<p class=\"p-margin\">Le bureau international de l\u2019Universit\u00e9 Internationale Europ\u00e9enne (IEU) travaille en \u00e9troite collaboration avec nos repr\u00e9sentants \u00e0 l\u2019\u00e9tranger. Les agences ou personnalit\u00e9s suivantes sont les repr\u00e9sentants autoris\u00e9s d\u00e9sign\u00e9s dans leur pays pour les diff\u00e9rents campus de l&#8217;Universit\u00e9 Internationale Europ\u00e9enne (IEU). Les \u00e9tudiants sont pri\u00e9s de les contacter pour plus d&#8217;informations sur les questions universitaires et de visa.<\/p>\n<\/div>\n<div class=\"partners\">\n<div class=\"partners-item\">\n    <img decoding=\"async\" class=\"partners-item-img\" src=\"http:\/\/ieu.university\/wp-content\/uploads\/2025\/01\/edumed-partner.png\" alt=\"partner\"><\/p>\n<div class=\"partners-item-content\">\n<h4 class=\"partners-item-title\">Official Representative in India<\/h4>\n<p class=\"partners-item-text\"><strong>Edumed Overseas,<\/strong><\/p>\n<p class=\"partners-item-text\">Address:\u00a07, Upper Ground Floor, Mercantile House, 15, Kasturba Gandhi Marg, Connaught Place, New Delhi &#8211; 110001<\/p>\n<p class=\"partners-item-text\">Phone: <strong>+91-981 10 33 122<\/strong><\/p>\n<p class=\"partners-item-text\">Email: <strong>edumed.study@gmail.com<\/strong><\/p>\n<p class=\"partners-item-text\">Contact Person: <strong>Mr. Anjul Goel<\/strong><\/p>\n<\/p><\/div>\n<\/p><\/div>\n<p>    <!-- \n\n<div class=\"block-partners\">\n\t\t\t<img decoding=\"async\" class=\"img-partners\" src=\"<?php echo get_template_directory_uri();?>\/icons\/pvt-partner.png\" alt=\"partner img\">\n\t\t\t\n\n<div class=\"block-partners__text\">\n\t\t\t\t\n\n<h4 class=\"block-partners__title\">Official Representative in Pakistan<\/h4>\n\n\n\t\t\t\t\n\n<p class=\"block-partners__text-text\"><strong>Twelve Consultants Pvt Limited,<\/strong><\/p>\n\n\n\t\t\t\t\n\n<p class=\"block-partners__text-text\">Web-site:<strong> 12Consultants.com<\/strong><\/p>\n\n\n\t\t\t\t\n\n<p class=\"block-partners__text-text office\"> <strong>For Europe Zone<\/strong><\/p>\n\n\n\t\t\t\t\n\n<p class=\"block-partners__text-text\">Ph\/WhatsApp: <strong>+48-880-309-321<\/strong>  |  Ph\/WhatsApp: <strong>+36-30-272-5857<\/strong><\/p>\n\n\n                \n\n<p class=\"block-partners__text-text office\"> <strong>Islamabad Office<\/strong><\/p>\n\n\n\t\t\t\t\n\n<p class=\"block-partners__text-text\">Ph\/WhatsApp: <strong>0335-911-1212 <\/strong>  |  Ph\/WhatsApp: <strong>0333-131-1212<\/strong><\/p>\n\n\n                \n\n<p class=\"block-partners__text-text\">Address: <strong>OFFICE NO: 1, 2 &3, 4TH FLOOR, HOTEL DE PLAZZO, E-11\/3 MARKAZ, ISLAMABAD<\/strong> <\/p>\n\n\n                \n\n<p class=\"block-partners__text-text office\"> <strong>Lahore Office<\/strong><\/p>\n\n\n\t\t\t\t\n\n<p class=\"block-partners__text-text\">Ph\/WhatsApp: <strong>0304-803-1212 <\/strong>  |  Ph\/WhatsApp: <strong>0308-803-1212<\/strong><\/p>\n\n\n                \n\n<p class=\"block-partners__text-text\">Address: <strong> OFFICE NO. 3 & 4, IBRAHIM TRADE CENTRE, BARKAT MARKET, AIBAK BLOCK GARDEN TOWN, LAHORE<\/strong> <\/p>\n\n\n\t\t\t<\/div>\n\n\n\t\t<\/div>\n\n --><br \/>\n        <!-- \n\n<div class=\"block-partners\">\n\t\t\t<img decoding=\"async\" class=\"img-partners\" src=\"<?php echo get_template_directory_uri();?>\/icons\/er-partner.png\" alt=\"partner img\">\n\t\t\t\n\n<div class=\"block-partners__text\">\n\t\t\t\t\n\n<h4 class=\"block-partners__title big-title\">Exclusive Representative in India for states: Karnataka, Telangana, Andra Pradesh, Tamil Nadu, Kerala, Maharashtra<\/h4>\n\n\n\t\t\t\t\n\n<p class=\"block-partners__text-text\"><strong>Euromed Overseas,<\/strong><\/p>\n\n\n\t\t\t\t\n\n<p class=\"block-partners__text-text\">Address:<strong> Bangalore<\/strong><\/p>\n\n\n\t\t\t\t\n\n<p class=\"block-partners__text-text\">WhatsApp number:<strong>+35679546589<\/strong><\/p>\n\n\n\t\t\t\t\n\n<p class=\"block-partners__text-text\">Email: <strong>ieuindiadocuments@gmail.com<\/strong><\/p>\n\n\n\t\t\t<\/div>\n\n\n\t\t<\/div>\n\n --><br \/>\n\t\t<!-- \n\n<div class=\"block-partners \">\n\t\t\t<img decoding=\"async\" class=\"img-partners \" src=\"<?php echo get_template_directory_uri();?>\/img\/shri-lanka.png\" alt=\"partner img\">\n\t\t\t\n\n<div class=\"block-partners__text\">\n\t\t\t\t\n\n<h4 class=\"block-partners__title \">Exclusive Representative in Sri Lanka<\/h4>\n\n\n\t\t\t\t\n\n<p class=\"block-partners__text-text\"><strong> Dr.Andradige Thusitha Anuradha<\/strong><\/p>\n\n\n\t\t\t\t\n\n<p class=\"block-partners__text-text\"><strong> \"(MBBS)(MD) Representative of International European<\/strong><\/p>\n\n\n\t\t\t\t\n\n<p class=\"block-partners__text-text\"><strong> \"University in Sri Lanka\"<\/strong><\/p>\n\n\n\t\t\t\t\n\n<p class=\"block-partners__text-text\">WhatsApp number:<strong>+94(11) 287 8650, +94707184043, +94773184043<\/strong> <\/p>\n\n\n\t\t\t\t\n\n<p class=\"block-partners__text-text\">Email: <strong>drthusithanuradha@gmail.com<\/strong><\/p>\n\n\n\t\t\t<\/div>\n\n\n\t\t<\/div>\n\n --><\/p>\n<div class=\"partners-item\">\n\t\t\t<img decoding=\"async\" class=\"partners-item-img\" src=\"http:\/\/ieu.university\/wp-content\/uploads\/2025\/01\/italy.png\" alt=\"partner img\"><\/p>\n<div class=\"partners-item-content\">\n<h4 class=\"partners-item-title\">Representative in Italy<\/h4>\n<p class=\"partners-item-text\"><strong>&#8220;DEA CORSI EUROPEI BY DR. ANDREA FAE&#8221;<\/strong><\/p>\n<p class=\"partners-item-text\">Address:<strong>Via Monte Santo 8a, 37124 Verona (VR) Italy<\/strong><\/p>\n<p class=\"partners-item-text\">P. Iva:<strong>04930790235<\/strong><\/p>\n<p class=\"partners-item-text\">Phone number: <strong>+393470688623, +393884017339<\/strong> <\/p>\n<p class=\"partners-item-text\">Email: <strong>info@deacorsieuropei.com<\/strong><\/p>\n<p class=\"partners-item-text\">Website: <strong>www.deacorsieuropei.com<\/strong><\/p>\n<\/p><\/div>\n<\/p><\/div>\n<p>\t\t<!-- \n\n<div class=\"block-partners \">\n\t\t\t<img decoding=\"async\" class=\"img-partners vertical\" src=\"<?php echo get_template_directory_uri();?>\/img\/hippop.png\" alt=\"partner img\">\n\t\t\t\n\n<div class=\"block-partners__text\">\n\t\t\t\t\n\n<h4 class=\"block-partners__title \"> Official representative for the following regions in Italy:\n\t\t\t\tSicily, Calabria, Basilicata, Apulia, Campania, Molise, Abruzzo, Lazio and Lombardy<\/h4>\n\n\n\t\t\t\t\n\n<p class=\"block-partners__text-text\"><strong> HIPPOCRATE UNIVERSITY<\/strong><\/p>\n\n\n\t\t\t\t\n\n<p class=\"block-partners__text-text\"><strong> BY ASSOCIAZIONE<\/strong><\/p>\n\n\n\t\t\t\t\n\n<p class=\"block-partners__text-text\"><strong> MEDITERRANEA ASSOFORM<\/strong><\/p>\n\n\n\t\t\t\t\n\n<p class=\"block-partners__text-text\">Address:<strong>Via Taranto, 487064 Corigliano Rossano \u2013 CS Italy<\/strong><\/p>\n\n\n\t\t\t\t\n\n<p class=\"block-partners__text-text\">Phone number:<strong>  0039 983 196 0771, +393501128946<\/strong> <\/p>\n\n\n\t\t\t\t\n\n<p class=\"block-partners__text-text\">Email: <strong> info@hippocrateuniversity.it<\/strong><\/p>\n\n\n\t\t\t\t\n\n<p class=\"block-partners__text-text\">Pec:<strong>mediterraneassoform@pec.it<\/strong><\/p>\n\n\n\t\t\t<\/div>\n\n\n\t\t<\/div>\n\n --><br \/>\n\t\t<!-- \n\n<div class=\"block-partners \">\n\t\t\t<img decoding=\"async\" class=\"img-partners vertical\" src=\"<?php echo get_template_directory_uri();?>\/img\/batur.png\" alt=\"partner img\">\n\t\t\t\n\n<div class=\"block-partners__text\">\n\t\t\t\t\n\n<h4 class=\"block-partners__title\">Official Representative Representative in Turkey and Iran<\/h4>\n\n\n\t\t\t\t\n\n<p class=\"block-partners__text-text\"><strong>BATUR EDUCATION,<\/strong><\/p>\n\n\n\t\t\t\t\n\n<p class=\"block-partners__text-text\">Web-site:<strong> baturedu.com.tr<\/strong><\/p>\n\n\n\t\t\t\t\n\n<p class=\"block-partners__text-text office\"> <strong>MSc. Ali Murat BATUR<\/strong><\/p>\n\n\n\t\t\t\t\n\n<p class=\"block-partners__text-text\">Ph\/WhatsApp: <strong> + 90 312 223 33 18 <\/strong>  |  Ph\/WhatsApp: <strong>+ 90 537 647 08 64<\/strong>  |  Ph\/WhatsApp: <strong>+ 421 919 453 111<\/strong><\/p>\n\n\n\t\t\t\t\n\n<p class=\"block-partners__text-text\">Email: <strong>info@baturedu.com.tr<\/strong><\/p>\n\n\n\t\t\t\t\n\n<p class=\"block-partners__text-text\">Address: <strong> Me\u015frutiyet Mahallesi, Konur Sokak, No: 9\/15 \u00c7ankaya\/Ankara\/T\u00dcRK\u0130YE\/strong><\/p>\n\n\n                \n\n<p class=\"block-partners__text-text office\"> <strong>Ms. Derya, Management Secretary<\/strong><\/p>\n\n\n\t\t\t\t\n\n<p class=\"block-partners__text-text\">Ph\/WhatsApp: <strong>+ 90 312 223 33 18  <\/strong>  |  Ph\/WhatsApp: <strong> + 90 537 647 08 64<\/strong> |  Ph\/WhatsApp: <strong>  + 421 919 453 111<\/strong><\/p>\n\n\n\t\t\t\t\n\n<p class=\"block-partners__text-text\">Email: <strong>info@baturedu.com.tr<\/strong><\/p>\n\n\n                \n\n<p class=\"block-partners__text-text\">Address: <strong>Me\u015frutiyet Mahallesi, Konur Sokak, No: 9\/15 \u00c7ankaya\/Ankara\/T\u00dcRK\u0130YE<\/strong> <\/p>\n\n\n\t\t\t<\/div>\n\n\n\t\t<\/div>\n\n -->\n<\/div>\n","protected":false},"excerpt":{"rendered":"<p>L&#8217;IEU accueille des repr\u00e9sentants du monde entier Pour la coop\u00e9ration: E-mail:agents@ieu.com.ua Num\u00e9ro de t\u00e9l\u00e9phone\/WhatsApp:+380 93 211 4397 Le bureau international de l\u2019Universit\u00e9 Internationale Europ\u00e9enne (IEU) travaille en \u00e9troite collaboration avec nos repr\u00e9sentants \u00e0 l\u2019\u00e9tranger. Les agences ou personnalit\u00e9s suivantes sont les repr\u00e9sentants autoris\u00e9s d\u00e9sign\u00e9s dans leur pays pour les diff\u00e9rents campus de l&#8217;Universit\u00e9 Internationale Europ\u00e9enne [&hellip;]<\/p>\n","protected":false},"author":1,"featured_media":3648,"parent":0,"menu_order":0,"comment_status":"closed","ping_status":"closed","template":"","meta":{"ngg_post_thumbnail":0,"footnotes":""},"class_list":["post-239","page","type-page","status-publish","has-post-thumbnail","hentry"],"acf":[],"yoast_head":"<!-- This site is optimized with the Yoast SEO plugin v20.8 - https:\/\/yoast.com\/wordpress\/plugins\/seo\/ -->\n<title>REPRESENTATIVES AGENTS OF INTERNATIONAL EUROPEAN UNIVERSITY IN UKRAINE | AFFORDABLE HIGHER EDUCATION IN EUROPE | INTERNATIONALLY RECOGNIZED EDUCATION IN ENGLISH | HIGH-QUALITY MEDICAL DEGREE IN EUROPE<\/title>\n<meta name=\"robots\" content=\"index, follow, max-snippet:-1, max-image-preview:large, max-video-preview:-1\" \/>\n<link rel=\"canonical\" href=\"http:\/\/ieu.university\/de\/overseas-representatives\/\" \/>\n<meta property=\"og:locale\" content=\"en_US\" \/>\n<meta property=\"og:type\" content=\"article\" \/>\n<meta property=\"og:title\" content=\"REPRESENTATIVES AGENTS OF INTERNATIONAL EUROPEAN UNIVERSITY IN UKRAINE | AFFORDABLE HIGHER EDUCATION IN EUROPE | INTERNATIONALLY RECOGNIZED EDUCATION IN ENGLISH | HIGH-QUALITY MEDICAL DEGREE IN EUROPE\" \/>\n<meta property=\"og:description\" content=\"L&#8217;IEU accueille des repr\u00e9sentants du monde entier Pour la coop\u00e9ration: E-mail:agents@ieu.com.ua Num\u00e9ro de t\u00e9l\u00e9phone\/WhatsApp:+380 93 211 4397 Le bureau international de l\u2019Universit\u00e9 Internationale Europ\u00e9enne (IEU) travaille en \u00e9troite collaboration avec nos repr\u00e9sentants \u00e0 l\u2019\u00e9tranger. Les agences ou personnalit\u00e9s suivantes sont les repr\u00e9sentants autoris\u00e9s d\u00e9sign\u00e9s dans leur pays pour les diff\u00e9rents campus de l&#8217;Universit\u00e9 Internationale Europ\u00e9enne [&hellip;]\" \/>\n<meta property=\"og:url\" content=\"http:\/\/ieu.university\/fr\/overseas-representatives\/\" \/>\n<meta property=\"og:site_name\" content=\"INTERNATIONAL EUROPEAN UNIVERSITY, UKRAINE | EUROPE | STUDY IN UKRAINE | STUDY IN EUROPE | MBBS | GENERAL MEDICINE | BUSINESS | ENGINEERING | IT | EUROPE\" \/>\n<meta property=\"article:modified_time\" content=\"2025-09-24T10:53:02+00:00\" \/>\n<meta property=\"og:image\" content=\"http:\/\/ieu.university\/wp-content\/uploads\/2024\/07\/Overseas-Representatives.png\" \/>\n\t<meta property=\"og:image:width\" content=\"1272\" \/>\n\t<meta property=\"og:image:height\" content=\"386\" \/>\n\t<meta property=\"og:image:type\" content=\"image\/png\" \/>\n<meta name=\"twitter:card\" content=\"summary_large_image\" \/>\n<meta name=\"twitter:label1\" content=\"Est. reading time\" \/>\n\t<meta name=\"twitter:data1\" content=\"4 minutes\" \/>\n<script type=\"application\/ld+json\" class=\"yoast-schema-graph\">{\"@context\":\"https:\/\/schema.org\",\"@graph\":[{\"@type\":\"WebPage\",\"@id\":\"http:\/\/ieu.university\/de\/overseas-representatives\/\",\"url\":\"http:\/\/ieu.university\/de\/overseas-representatives\/\",\"name\":\"REPRESENTATIVES AGENTS OF INTERNATIONAL EUROPEAN UNIVERSITY IN UKRAINE | AFFORDABLE HIGHER EDUCATION IN EUROPE | INTERNATIONALLY RECOGNIZED EDUCATION IN ENGLISH | HIGH-QUALITY MEDICAL DEGREE IN EUROPE\",\"isPartOf\":{\"@id\":\"http:\/\/ieu.university\/ru\/#website\"},\"datePublished\":\"2022-09-23T14:28:51+00:00\",\"dateModified\":\"2025-09-24T10:53:02+00:00\",\"inLanguage\":\"en-US\",\"potentialAction\":[{\"@type\":\"ReadAction\",\"target\":[\"http:\/\/ieu.university\/de\/overseas-representatives\/\"]}]},{\"@type\":\"WebSite\",\"@id\":\"http:\/\/ieu.university\/ru\/#website\",\"url\":\"http:\/\/ieu.university\/ru\/\",\"name\":\"INTERNATIONAL EUROPEAN UNIVERSITY, UKRAINE | EUROPE | STUDY IN UKRAINE | STUDY IN EUROPE | MBBS | GENERAL MEDICINE | BUSINESS | ENGINEERING | IT | EUROPE\",\"description\":\"INTERNATIONAL EUROPEAN UNIVERSITY, UKRAINE | EUROPE | STUDY IN UKRAINE | STUDY IN EUROPE | MBBS | GENERAL MEDICINE | BUSINESS | ENGINEERING | IT | EUROPE\",\"potentialAction\":[{\"@type\":\"SearchAction\",\"target\":{\"@type\":\"EntryPoint\",\"urlTemplate\":\"http:\/\/ieu.university\/ru\/?s={search_term_string}\"},\"query-input\":\"required name=search_term_string\"}],\"inLanguage\":\"en-US\"}]}<\/script>\n<!-- \/ Yoast SEO plugin. -->","yoast_head_json":{"title":"REPRESENTATIVES AGENTS OF INTERNATIONAL EUROPEAN UNIVERSITY IN UKRAINE | AFFORDABLE HIGHER EDUCATION IN EUROPE | INTERNATIONALLY RECOGNIZED EDUCATION IN ENGLISH | HIGH-QUALITY MEDICAL DEGREE IN EUROPE","robots":{"index":"index","follow":"follow","max-snippet":"max-snippet:-1","max-image-preview":"max-image-preview:large","max-video-preview":"max-video-preview:-1"},"canonical":"http:\/\/ieu.university\/de\/overseas-representatives\/","og_locale":"en_US","og_type":"article","og_title":"REPRESENTATIVES AGENTS OF INTERNATIONAL EUROPEAN UNIVERSITY IN UKRAINE | AFFORDABLE HIGHER EDUCATION IN EUROPE | INTERNATIONALLY RECOGNIZED EDUCATION IN ENGLISH | HIGH-QUALITY MEDICAL DEGREE IN EUROPE","og_description":"L&#8217;IEU accueille des repr\u00e9sentants du monde entier Pour la coop\u00e9ration: E-mail:agents@ieu.com.ua Num\u00e9ro de t\u00e9l\u00e9phone\/WhatsApp:+380 93 211 4397 Le bureau international de l\u2019Universit\u00e9 Internationale Europ\u00e9enne (IEU) travaille en \u00e9troite collaboration avec nos repr\u00e9sentants \u00e0 l\u2019\u00e9tranger. Les agences ou personnalit\u00e9s suivantes sont les repr\u00e9sentants autoris\u00e9s d\u00e9sign\u00e9s dans leur pays pour les diff\u00e9rents campus de l&#8217;Universit\u00e9 Internationale Europ\u00e9enne [&hellip;]","og_url":"http:\/\/ieu.university\/fr\/overseas-representatives\/","og_site_name":"INTERNATIONAL EUROPEAN UNIVERSITY, UKRAINE | EUROPE | STUDY IN UKRAINE | STUDY IN EUROPE | MBBS | GENERAL MEDICINE | BUSINESS | ENGINEERING | IT | EUROPE","article_modified_time":"2025-09-24T10:53:02+00:00","og_image":[{"width":1272,"height":386,"url":"http:\/\/ieu.university\/wp-content\/uploads\/2024\/07\/Overseas-Representatives.png","type":"image\/png"}],"twitter_card":"summary_large_image","twitter_misc":{"Est. reading time":"4 minutes"},"schema":{"@context":"https:\/\/schema.org","@graph":[{"@type":"WebPage","@id":"http:\/\/ieu.university\/de\/overseas-representatives\/","url":"http:\/\/ieu.university\/de\/overseas-representatives\/","name":"REPRESENTATIVES AGENTS OF INTERNATIONAL EUROPEAN UNIVERSITY IN UKRAINE | AFFORDABLE HIGHER EDUCATION IN EUROPE | INTERNATIONALLY RECOGNIZED EDUCATION IN ENGLISH | HIGH-QUALITY MEDICAL DEGREE IN EUROPE","isPartOf":{"@id":"http:\/\/ieu.university\/ru\/#website"},"datePublished":"2022-09-23T14:28:51+00:00","dateModified":"2025-09-24T10:53:02+00:00","inLanguage":"en-US","potentialAction":[{"@type":"ReadAction","target":["http:\/\/ieu.university\/de\/overseas-representatives\/"]}]},{"@type":"WebSite","@id":"http:\/\/ieu.university\/ru\/#website","url":"http:\/\/ieu.university\/ru\/","name":"INTERNATIONAL EUROPEAN UNIVERSITY, UKRAINE | EUROPE | STUDY IN UKRAINE | STUDY IN EUROPE | MBBS | GENERAL MEDICINE | BUSINESS | ENGINEERING | IT | EUROPE","description":"INTERNATIONAL EUROPEAN UNIVERSITY, UKRAINE | EUROPE | STUDY IN UKRAINE | STUDY IN EUROPE | MBBS | GENERAL MEDICINE | BUSINESS | ENGINEERING | IT | EUROPE","potentialAction":[{"@type":"SearchAction","target":{"@type":"EntryPoint","urlTemplate":"http:\/\/ieu.university\/ru\/?s={search_term_string}"},"query-input":"required name=search_term_string"}],"inLanguage":"en-US"}]}},"_links":{"self":[{"href":"http:\/\/ieu.university\/fr\/wp-json\/wp\/v2\/pages\/239","targetHints":{"allow":["GET"]}}],"collection":[{"href":"http:\/\/ieu.university\/fr\/wp-json\/wp\/v2\/pages"}],"about":[{"href":"http:\/\/ieu.university\/fr\/wp-json\/wp\/v2\/types\/page"}],"author":[{"embeddable":true,"href":"http:\/\/ieu.university\/fr\/wp-json\/wp\/v2\/users\/1"}],"replies":[{"embeddable":true,"href":"http:\/\/ieu.university\/fr\/wp-json\/wp\/v2\/comments?post=239"}],"version-history":[{"count":65,"href":"http:\/\/ieu.university\/fr\/wp-json\/wp\/v2\/pages\/239\/revisions"}],"predecessor-version":[{"id":4740,"href":"http:\/\/ieu.university\/fr\/wp-json\/wp\/v2\/pages\/239\/revisions\/4740"}],"wp:featuredmedia":[{"embeddable":true,"href":"http:\/\/ieu.university\/fr\/wp-json\/wp\/v2\/media\/3648"}],"wp:attachment":[{"href":"http:\/\/ieu.university\/fr\/wp-json\/wp\/v2\/media?parent=239"}],"curies":[{"name":"wp","href":"https:\/\/api.w.org\/{rel}","templated":true}]}}