{"id":3049,"date":"2023-11-10T15:52:56","date_gmt":"2023-11-10T12:52:56","guid":{"rendered":"https:\/\/ieu.university\/?page_id=3049"},"modified":"2025-01-06T13:09:14","modified_gmt":"2025-01-06T10:09:14","slug":"academic-record-policy","status":"publish","type":"page","link":"http:\/\/ieu.university\/fr\/academic-record-policy\/","title":{"rendered":"Politique en mati\u00e8re de dossier acad\u00e9mique"},"content":{"rendered":"<h2>Politique en mati\u00e8re de dossier acad\u00e9mique<\/h2>\n<p>Conform\u00e9ment \u00e0 <strong>la politique en mati\u00e8re de dossier acad\u00e9mique<\/strong> de l&#8217;Universit\u00e9 Internationale Europ\u00e9enne, chaque \u00e9tudiant doit recevoir un dossier acad\u00e9mique, \u00e9galement connu sous le nom de <strong>rapport de<\/strong> <strong>progr\u00e8s acad\u00e9mique<\/strong>, \u00e0 la fin de chaque semestre.<strong> Le rapport de progr\u00e8s acad\u00e9mique<\/strong> comprend les notes obtenues par l&#8217;\u00e9tudiant dans chaque mati\u00e8re, sans inclure les informations sur les cr\u00e9dits. Le rapport de progr\u00e8s acad\u00e9mique sert de repr\u00e9sentation compl\u00e8te des performances de l&#8217;\u00e9tudiant tout au long du semestre. Il s&#8217;agit d&#8217;un document officiel qui \u00e9value clairement <strong>les acquis de l&#8217;\u00e9tudiant<\/strong>, mettant en \u00e9vidence ses points forts et ses axes d&#8217;am\u00e9lioration. Il sert de moyen d&#8217;\u00e9valuer les progr\u00e8s acad\u00e9miques et de r\u00e9f\u00e9rence importante pour les futurs efforts acad\u00e9miques de l&#8217;\u00e9tudiant.<\/p>\n<p><strong>L&#8217;Universit\u00e9 Internationale Europ\u00e9enne<\/strong> met grandement l&#8217;accent sur l&#8217;exactitude et l&#8217;actualit\u00e9 des rapports acad\u00e9miques. Toutes les erreurs ou divergences d\u00e9couvertes sont rapidement rectifi\u00e9es, garantissant que les rapports de progr\u00e8s acad\u00e9miques fournis aux \u00e9tudiants <strong>refl\u00e8tent <\/strong>fid\u00e8lement<strong> leurs r\u00e9sultats acad\u00e9miques.<\/strong> L&#8217;universit\u00e9 s&#8217;engage \u00e0 fournir aux \u00e9tudiants une repr\u00e9sentation de haute qualit\u00e9, pr\u00e9cise et compl\u00e8te de leurs r\u00e9sultats acad\u00e9miques, \u00e0 promouvoir la transparence et \u00e0 soutenir leur parcours \u00e9ducatif ! <strong>Les rapports de progr\u00e8s acad\u00e9miques<\/strong> sont accessibles \u00e0 tous les \u00e9tudiants \u00e0 la fin de chaque semestre. Les \u00e9tudiants peuvent obtenir leurs rapports de progression en acc\u00e9dant au lien suivant:<\/p>\n<p><a href=\"https:\/\/docs.google.com\/forms\/d\/e\/1FAIpQLSdAFnpIF07kpYf4d3OJKpJrF_uFljh6pvksRVyMtivHBpOj_A\/viewform\">link<\/a><\/p>\n<p>Veuillez noter que le lien ne sera accessible qu&#8217;apr\u00e8s la fin de la semaine d&#8217;examens finaux \u00e0 la fin de chaque semestre. Nous vous demandons donc d\u2019attendre la fin de la semaine d\u2019examens pour acc\u00e9der \u00e0 votre rapport de progression!<\/p>\n<p>Notez que selon<strong> la politique de dossier acad\u00e9mique<\/strong> de l&#8217;Universit\u00e9 Internationale Europ\u00e9enne, les \u00e9tudiants ne peuvent obtenir un relev\u00e9 de notes de l&#8217;universit\u00e9 que s&#8217;ils se retirent officiellement de leurs \u00e9tudes. La politique adh\u00e8re aux lois et r\u00e9glementations en vigueur pour <strong>prot\u00e9ger la vie priv\u00e9e et les dossiers acad\u00e9miques <\/strong>des \u00e9tudiants. L&#8217;universit\u00e9 reconna\u00eet que les relev\u00e9s de notes contiennent des informations confidentielles concernant les r\u00e9sultats et les dossiers acad\u00e9miques d&#8217;un \u00e9tudiant. Afin de prot\u00e9ger les donn\u00e9es sensibles des \u00e9tudiants, la politique stipule que les relev\u00e9s de notes ne seront fournis qu&#8217;aux \u00e9tudiants qui ont <strong>officiellement termin\u00e9 le processus d&#8217;exclusion.<\/strong> Cela signifie que les relev\u00e9s de notes seront exclusivement fournis uniquement aux \u00e9tudiants <strong>officiellement exclus<\/strong> de l&#8217;Universit\u00e9 Internationale Europ\u00e9enne. La mesure est prise pour garantir que les informations sensibles soient prot\u00e9g\u00e9es et restent accessibles uniquement \u00e0 ceux qui sont autoris\u00e9s \u00e0 les recevoir.<\/p>\n<p>La politique garantit que l&#8217;universit\u00e9 maintient un <strong>contr\u00f4le strict <\/strong>sur la diffusion des dossiers acad\u00e9miques, conform\u00e9ment aux <strong>exigences l\u00e9gales de l&#8217;Ukraine<\/strong>. En autorisant l&#8217;acc\u00e8s aux relev\u00e9s de notes exclusivement aux \u00e9tudiants qui se retirent, l&#8217;universit\u00e9 <strong>respecte le droit \u00e0 la vie priv\u00e9e de tous ses \u00e9tudiants<\/strong>. Les \u00e9tudiants doivent comprendre que la politique est en place pour <strong>prot\u00e9ger leurs informations acad\u00e9miques <\/strong>et respecter les principes de confidentialit\u00e9 des donn\u00e9es. Seul un \u00e9tudiant qui choisit d&#8217;abandonner ses \u00e9tudes peut demander un relev\u00e9 de notes \u00e0 l&#8217;universit\u00e9 dans le cadre de sa documentation officielle. Notez que l&#8217;Universit\u00e9 europ\u00e9enne internationale fonctionne dans le cadre de la loi pour garantir la confidentialit\u00e9 et la s\u00e9curit\u00e9 des informations acad\u00e9miques!<\/p>\n<h2>Comment obtenir un relev\u00e9 de notes officiel<\/h2>\n<p>L&#8217;obtention de votre <strong>relev\u00e9 de notes<\/strong> aupr\u00e8s de l&#8217;Universit\u00e9 Internationale Europ\u00e9enne est une \u00e9tape n\u00e9cessaire lors du retrait de votre programme. Dans ce guide complet, nous pr\u00e9senterons les proc\u00e9dures officielles pour obtenir votre relev\u00e9 de notes de l&#8217;Universit\u00e9 Internationale Europ\u00e9enne. Veuillez noter que ces \u00e9tapes s&#8217;appliquent uniquement aux \u00e9tudiants qui <strong>se retirent de l&#8217;universit\u00e9<\/strong>. Suivez ces directives pour garantir un r\u00e9sultat r\u00e9ussi!<\/p>\n<p><strong>\u00c9tape 1 : T\u00e9l\u00e9chargez et remplissez le formulaire de demande d&#8217;exclusion officielle<\/strong><\/p>\n<p>Pour commencer le processus de retrait de l&#8217;Universit\u00e9 Internationale Europ\u00e9enne, un \u00e9tudiant doit t\u00e9l\u00e9charger et remplir le formulaire de demande d&#8217;exclusion officielle. Nous avons commod\u00e9ment fournit un exemple du formulaire sur cette page, auquel vous pouvez facilement acc\u00e9der et utiliser comme r\u00e9f\u00e9rence. Assurez-vous de remplir soigneusement le formulaire avec des informations pr\u00e9cises et compl\u00e8tes pour \u00e9viter tout retard dans le traitement. Une fois que vous avez rempli le formulaire, vous devez le soumettre pour lancer le processus d&#8217;exclusion.<\/p>\n<p><strong>\u00c9tape 2 : Effectuer le paiement des frais de scolarit\u00e9<\/strong><\/p>\n<p>Avant d\u2019entamer la proc\u00e9dure d\u2019exclusion, il est important que les \u00e9tudiants s\u2019assurent que leurs frais de scolarit\u00e9 <strong>ont \u00e9t\u00e9 enti\u00e8rement couverts.<\/strong> Les \u00e9tudiants qui ont des soldes de frais de scolarit\u00e9 impay\u00e9s ne pourront pas lancer le processus d&#8217;exclusion tant que leurs <strong>frais de scolarit\u00e9 ne seront pas compl\u00e8tement r\u00e9gl\u00e9s.<\/strong> En assurant le paiement int\u00e9gral des frais de scolarit\u00e9 et de <strong>tout autre frais exig\u00e9 <\/strong>par l&#8217;universit\u00e9, les \u00e9tudiants peuvent proc\u00e9der aux d\u00e9marches n\u00e9cessaires au processus d&#8217;exclusion sans aucune barri\u00e8re financi\u00e8re.<\/p>\n<p><strong>\u00c9tape 3 : Suivre la proc\u00e9dure d&#8217;exclusion officielle<\/strong><\/p>\n<p>Afin de proc\u00e9der sans probl\u00e8me \u00e0 la demande de relev\u00e9 de notes, chaque \u00e9tudiant doit se soumettre au <strong>processus d&#8217;exclusion officiel<\/strong> de l&#8217;Universit\u00e9 Internationale Europ\u00e9enne. Les d\u00e9tails et les \u00e9tapes concernant la proc\u00e9dure d&#8217;exclusion seront fournis exclusivement \u00e0 chaque \u00e9tudiant. Cela garantit que vous connaissez les exigences et les directives sp\u00e9cifiques pour mener \u00e0 bien le processus. Assurez-vous de suivre les instructions fournies et de suivre toutes les \u00e9tapes n\u00e9cessaires pour finaliser votre exclusion de l&#8217;Universit\u00e9 Internationale Europ\u00e9enne.<\/p>\n<p><strong>\u00c9tape 4 : Fournissez une note de demande de relev\u00e9 de notes officiel<\/strong><\/p>\n<p>Apr\u00e8s avoir termin\u00e9 le processus officiel d&#8217;exclusion de l&#8217;Universit\u00e9 Internationale Europ\u00e9enne, l&#8217;\u00e9tape suivante consiste \u00e0 fournir \u00e0 l&#8217;universit\u00e9 <strong>une note officielle demandant votre relev\u00e9 de notes. <\/strong>La note doit clairement indiquer votre demande de relev\u00e9 de notes et fournir tous les d\u00e9tails n\u00e9cessaires, tels que votre carte d&#8217;\u00e9tudiant et l&#8217;adresse \u00e0 laquelle le relev\u00e9 de notes doit \u00eatre envoy\u00e9. Pour vous aider \u00e0 cr\u00e9er la note, nous avons fourni un <strong>exemple sur cette page que vous pouvez t\u00e9l\u00e9charger.<\/strong> L&#8217;\u00e9chantillon servira de guide utile pour garantir que votre note de demande comprend toutes les informations essentielles. Prenez le temps de personnaliser la note en fonction de votre situation et de vos exigences sp\u00e9cifiques avant de la soumettre.<\/p>\n<p><strong>\u00c9tape 5 : Couvrir les frais de relev\u00e9 de notes<\/strong><\/p>\n<p>Apr\u00e8s avoir demand\u00e9 votre relev\u00e9 de notes, vous devrez payer les frais associ\u00e9s. Les frais pour l&#8217;obtention d&#8217;un relev\u00e9 de notes sont de <strong>200 euros<\/strong>. Familiarisez-vous avec les modes de paiement accept\u00e9s et prenez les dispositions n\u00e9cessaires pour acqu\u00e9rir le montant requis.<\/p>\n<p><strong>\u00c9tape 6 : Soumettez les documents requis et les frais<\/strong><\/p>\n<p>Soumettez le dossier complet des documents suivants afin d&#8217;obtenir le relev\u00e9 de notes officiel de l&#8217;Universit\u00e9 Internationale Europ\u00e9enne:<\/p>\n<ul>\n<li>Note de demande d&#8217;exclusion officielle ;<\/li>\n<li>Certificat d&#8217;acquittement des frais de scolarit\u00e9 ;<\/li>\n<li>La note de demande de relev\u00e9 de notes officiel ;<\/li>\n<li>Le re\u00e7u des frais de transcription.<\/li>\n<\/ul>\n<p>Conservez des copies de tous les documents pour vos dossiers personnels. Notez que les d\u00e9lais de traitement peuvent varier, mais l\u2019Universit\u00e9 Internationale Europ\u00e9enne vise g\u00e9n\u00e9ralement \u00e0 fournir les relev\u00e9s de notes <strong>dans un d\u00e9lai d\u2019une semaine<\/strong>!<\/p>\n<p>Une fois que votre relev\u00e9 de notes est pr\u00eat \u00e0 \u00eatre r\u00e9cup\u00e9r\u00e9, vous recevrez une notification de l&#8217;Universit\u00e9 Internationale Europ\u00e9enne. Si vous avez des questions ou avez besoin d&#8217;aide concernant votre demande de relev\u00e9 de notes ou votre paiement, n&#8217;h\u00e9sitez pas \u00e0 nous contacter. Nous sommes l\u00e0 pour vous aider avec tout ce dont vous avez besoin!<\/p>\n","protected":false},"excerpt":{"rendered":"<p>Politique en mati\u00e8re de dossier acad\u00e9mique Conform\u00e9ment \u00e0 la politique en mati\u00e8re de dossier acad\u00e9mique de l&#8217;Universit\u00e9 Internationale Europ\u00e9enne, chaque \u00e9tudiant doit recevoir un dossier acad\u00e9mique, \u00e9galement connu sous le nom de rapport de progr\u00e8s acad\u00e9mique, \u00e0 la fin de chaque semestre. Le rapport de progr\u00e8s acad\u00e9mique comprend les notes obtenues par l&#8217;\u00e9tudiant dans chaque [&hellip;]<\/p>\n","protected":false},"author":1,"featured_media":3624,"parent":0,"menu_order":0,"comment_status":"closed","ping_status":"closed","template":"","meta":{"ngg_post_thumbnail":0,"footnotes":""},"class_list":["post-3049","page","type-page","status-publish","has-post-thumbnail","hentry"],"acf":[],"yoast_head":"<!-- This site is optimized with the Yoast SEO plugin v20.8 - https:\/\/yoast.com\/wordpress\/plugins\/seo\/ -->\n<title>ACADEMIC RECORD POLICY AT THE INTERNATIONAL EUROPEAN UNIVERSITY | ACADEMIC PROGRESS REPORTS AT IEU | HIGH-QUALITY EDUCATION IN EUROPE | STUDY IN UKRAINE | ACADEMIC PROGRAMS IN ENGLISH<\/title>\n<meta name=\"robots\" content=\"index, follow, max-snippet:-1, max-image-preview:large, max-video-preview:-1\" \/>\n<link rel=\"canonical\" href=\"http:\/\/ieu.university\/fr\/academic-record-policy\/\" \/>\n<meta property=\"og:locale\" content=\"en_US\" \/>\n<meta property=\"og:type\" content=\"article\" \/>\n<meta property=\"og:title\" content=\"ACADEMIC RECORD POLICY AT THE INTERNATIONAL EUROPEAN UNIVERSITY | ACADEMIC PROGRESS REPORTS AT IEU | HIGH-QUALITY EDUCATION IN EUROPE | STUDY IN UKRAINE | ACADEMIC PROGRAMS IN ENGLISH\" \/>\n<meta property=\"og:description\" content=\"Politique en mati\u00e8re de dossier acad\u00e9mique Conform\u00e9ment \u00e0 la politique en mati\u00e8re de dossier acad\u00e9mique de l&#8217;Universit\u00e9 Internationale Europ\u00e9enne, chaque \u00e9tudiant doit recevoir un dossier acad\u00e9mique, \u00e9galement connu sous le nom de rapport de progr\u00e8s acad\u00e9mique, \u00e0 la fin de chaque semestre. Le rapport de progr\u00e8s acad\u00e9mique comprend les notes obtenues par l&#8217;\u00e9tudiant dans chaque [&hellip;]\" \/>\n<meta property=\"og:url\" content=\"http:\/\/ieu.university\/fr\/academic-record-policy\/\" \/>\n<meta property=\"og:site_name\" content=\"INTERNATIONAL EUROPEAN UNIVERSITY, UKRAINE | EUROPE | STUDY IN UKRAINE | STUDY IN EUROPE | MBBS | GENERAL MEDICINE | BUSINESS | ENGINEERING | IT | EUROPE\" \/>\n<meta property=\"article:modified_time\" content=\"2025-01-06T10:09:14+00:00\" \/>\n<meta property=\"og:image\" content=\"http:\/\/ieu.university\/wp-content\/uploads\/2024\/07\/Academic-Record-Policy.png\" \/>\n\t<meta property=\"og:image:width\" content=\"1272\" \/>\n\t<meta property=\"og:image:height\" content=\"386\" \/>\n\t<meta property=\"og:image:type\" content=\"image\/png\" \/>\n<meta name=\"twitter:card\" content=\"summary_large_image\" \/>\n<meta name=\"twitter:label1\" content=\"Est. reading time\" \/>\n\t<meta name=\"twitter:data1\" content=\"4 minutes\" \/>\n<script type=\"application\/ld+json\" class=\"yoast-schema-graph\">{\"@context\":\"https:\/\/schema.org\",\"@graph\":[{\"@type\":\"WebPage\",\"@id\":\"http:\/\/ieu.university\/fr\/academic-record-policy\/\",\"url\":\"http:\/\/ieu.university\/fr\/academic-record-policy\/\",\"name\":\"ACADEMIC RECORD POLICY AT THE INTERNATIONAL EUROPEAN UNIVERSITY | ACADEMIC PROGRESS REPORTS AT IEU | HIGH-QUALITY EDUCATION IN EUROPE | STUDY IN UKRAINE | ACADEMIC PROGRAMS IN ENGLISH\",\"isPartOf\":{\"@id\":\"https:\/\/ieu.university\/#website\"},\"datePublished\":\"2023-11-10T12:52:56+00:00\",\"dateModified\":\"2025-01-06T10:09:14+00:00\",\"inLanguage\":\"en-US\",\"potentialAction\":[{\"@type\":\"ReadAction\",\"target\":[\"http:\/\/ieu.university\/fr\/academic-record-policy\/\"]}]},{\"@type\":\"WebSite\",\"@id\":\"https:\/\/ieu.university\/#website\",\"url\":\"https:\/\/ieu.university\/\",\"name\":\"INTERNATIONAL EUROPEAN UNIVERSITY, UKRAINE | EUROPE | STUDY IN UKRAINE | STUDY IN EUROPE | MBBS | GENERAL MEDICINE | BUSINESS | ENGINEERING | IT | EUROPE\",\"description\":\"INTERNATIONAL EUROPEAN UNIVERSITY, UKRAINE | EUROPE | STUDY IN UKRAINE | STUDY IN EUROPE | MBBS | GENERAL MEDICINE | BUSINESS | ENGINEERING | IT | EUROPE\",\"potentialAction\":[{\"@type\":\"SearchAction\",\"target\":{\"@type\":\"EntryPoint\",\"urlTemplate\":\"https:\/\/ieu.university\/?s={search_term_string}\"},\"query-input\":\"required name=search_term_string\"}],\"inLanguage\":\"en-US\"}]}<\/script>\n<!-- \/ Yoast SEO plugin. -->","yoast_head_json":{"title":"ACADEMIC RECORD POLICY AT THE INTERNATIONAL EUROPEAN UNIVERSITY | ACADEMIC PROGRESS REPORTS AT IEU | HIGH-QUALITY EDUCATION IN EUROPE | STUDY IN UKRAINE | ACADEMIC PROGRAMS IN ENGLISH","robots":{"index":"index","follow":"follow","max-snippet":"max-snippet:-1","max-image-preview":"max-image-preview:large","max-video-preview":"max-video-preview:-1"},"canonical":"http:\/\/ieu.university\/fr\/academic-record-policy\/","og_locale":"en_US","og_type":"article","og_title":"ACADEMIC RECORD POLICY AT THE INTERNATIONAL EUROPEAN UNIVERSITY | ACADEMIC PROGRESS REPORTS AT IEU | HIGH-QUALITY EDUCATION IN EUROPE | STUDY IN UKRAINE | ACADEMIC PROGRAMS IN ENGLISH","og_description":"Politique en mati\u00e8re de dossier acad\u00e9mique Conform\u00e9ment \u00e0 la politique en mati\u00e8re de dossier acad\u00e9mique de l&#8217;Universit\u00e9 Internationale Europ\u00e9enne, chaque \u00e9tudiant doit recevoir un dossier acad\u00e9mique, \u00e9galement connu sous le nom de rapport de progr\u00e8s acad\u00e9mique, \u00e0 la fin de chaque semestre. Le rapport de progr\u00e8s acad\u00e9mique comprend les notes obtenues par l&#8217;\u00e9tudiant dans chaque [&hellip;]","og_url":"http:\/\/ieu.university\/fr\/academic-record-policy\/","og_site_name":"INTERNATIONAL EUROPEAN UNIVERSITY, UKRAINE | EUROPE | STUDY IN UKRAINE | STUDY IN EUROPE | MBBS | GENERAL MEDICINE | BUSINESS | ENGINEERING | IT | EUROPE","article_modified_time":"2025-01-06T10:09:14+00:00","og_image":[{"width":1272,"height":386,"url":"http:\/\/ieu.university\/wp-content\/uploads\/2024\/07\/Academic-Record-Policy.png","type":"image\/png"}],"twitter_card":"summary_large_image","twitter_misc":{"Est. reading time":"4 minutes"},"schema":{"@context":"https:\/\/schema.org","@graph":[{"@type":"WebPage","@id":"http:\/\/ieu.university\/fr\/academic-record-policy\/","url":"http:\/\/ieu.university\/fr\/academic-record-policy\/","name":"ACADEMIC RECORD POLICY AT THE INTERNATIONAL EUROPEAN UNIVERSITY | ACADEMIC PROGRESS REPORTS AT IEU | HIGH-QUALITY EDUCATION IN EUROPE | STUDY IN UKRAINE | ACADEMIC PROGRAMS IN ENGLISH","isPartOf":{"@id":"https:\/\/ieu.university\/#website"},"datePublished":"2023-11-10T12:52:56+00:00","dateModified":"2025-01-06T10:09:14+00:00","inLanguage":"en-US","potentialAction":[{"@type":"ReadAction","target":["http:\/\/ieu.university\/fr\/academic-record-policy\/"]}]},{"@type":"WebSite","@id":"https:\/\/ieu.university\/#website","url":"https:\/\/ieu.university\/","name":"INTERNATIONAL EUROPEAN UNIVERSITY, UKRAINE | EUROPE | STUDY IN UKRAINE | STUDY IN EUROPE | MBBS | GENERAL MEDICINE | BUSINESS | ENGINEERING | IT | EUROPE","description":"INTERNATIONAL EUROPEAN UNIVERSITY, UKRAINE | EUROPE | STUDY IN UKRAINE | STUDY IN EUROPE | MBBS | GENERAL MEDICINE | BUSINESS | ENGINEERING | IT | EUROPE","potentialAction":[{"@type":"SearchAction","target":{"@type":"EntryPoint","urlTemplate":"https:\/\/ieu.university\/?s={search_term_string}"},"query-input":"required name=search_term_string"}],"inLanguage":"en-US"}]}},"_links":{"self":[{"href":"http:\/\/ieu.university\/fr\/wp-json\/wp\/v2\/pages\/3049","targetHints":{"allow":["GET"]}}],"collection":[{"href":"http:\/\/ieu.university\/fr\/wp-json\/wp\/v2\/pages"}],"about":[{"href":"http:\/\/ieu.university\/fr\/wp-json\/wp\/v2\/types\/page"}],"author":[{"embeddable":true,"href":"http:\/\/ieu.university\/fr\/wp-json\/wp\/v2\/users\/1"}],"replies":[{"embeddable":true,"href":"http:\/\/ieu.university\/fr\/wp-json\/wp\/v2\/comments?post=3049"}],"version-history":[{"count":38,"href":"http:\/\/ieu.university\/fr\/wp-json\/wp\/v2\/pages\/3049\/revisions"}],"predecessor-version":[{"id":4551,"href":"http:\/\/ieu.university\/fr\/wp-json\/wp\/v2\/pages\/3049\/revisions\/4551"}],"wp:featuredmedia":[{"embeddable":true,"href":"http:\/\/ieu.university\/fr\/wp-json\/wp\/v2\/media\/3624"}],"wp:attachment":[{"href":"http:\/\/ieu.university\/fr\/wp-json\/wp\/v2\/media?parent=3049"}],"curies":[{"name":"wp","href":"https:\/\/api.w.org\/{rel}","templated":true}]}}